{"id":2206,"date":"2022-11-22T08:26:08","date_gmt":"2022-11-22T07:26:08","guid":{"rendered":"https:\/\/ugwp.cfolks.pl\/bwb\/?post_type=product&#038;p=2206"},"modified":"2023-10-03T17:22:44","modified_gmt":"2023-10-03T15:22:44","slug":"odplyw-podlogowy-kraso-akcesoria","status":"publish","type":"product","link":"https:\/\/ugwp.cfolks.pl\/bwb\/produkt\/odplyw-podlogowy-kraso-akcesoria\/","title":{"rendered":"Odp\u0142yw Pod\u0142ogowy KRASO\u00ae &#8211; Akcesoria"},"content":{"rendered":"","protected":false},"excerpt":{"rendered":"<table class=\"table table-hover table-bordered\">\n<thead>\n<tr>\n<td width=\"35%\"><strong>Nazwa <\/strong><\/td>\n<td width=\"65%\"><strong>Opis<\/strong><\/td>\n<\/tr>\n<\/thead>\n<tbody>\n<tr>\n<td><strong>Przed\u0142u\u017cenie ramy 140<\/strong><\/td>\n<td>przed\u0142u\u017cenie do odp\u0142ywu pod\u0142ogowego o d\u0142ugo\u015bci ok. 140mm<\/td>\n<\/tr>\n<tr>\n<td><strong>Przed\u0142u\u017cenie ramy z fragmentem izolacji <\/strong><\/td>\n<td>przed\u0142u\u017cenie ramy z ko\u0142nierzem foliowym o d\u0142ugo\u015bci ok. 140mm, d=ok. 50cm<\/td>\n<\/tr>\n<tr>\n<td><strong>Przed\u0142u\u017cenie ramy 15-120<\/strong><\/td>\n<td>przed\u0142u\u017cenie z bezstopniow\u0105 regulacj\u0105 wysoko\u015bci w zakresie 15-120 mm, widoczne elementy ze stali nierdzewnej, kratka ze stali nierdzewnej masywna, mocowana za pomoc\u0105 \u015brub, 150&#215;150 mm, wytrzyma\u0142a na obci\u0105\u017cenie pojazdami do 1,5 t, L 15<\/td>\n<\/tr>\n<tr>\n<td><strong>Rama<\/strong><\/td>\n<td>wszystkie widoczne elementy ze stali nierdzewnej<\/td>\n<\/tr>\n<tr>\n<td><strong>Rama z za\u015blepk\u0105 zabezpieczaj\u0105c\u0105<br \/>\n<\/strong><\/td>\n<td>produkt pomocny podczas budowy do pod\u0142\u00f3g przemys\u0142owych zacieranych<\/td>\n<\/tr>\n<tr>\n<td><strong>Element podwy\u017cszaj\u0105cy do zaprawy cienkowarstwowej<\/strong><\/td>\n<td>podwy\u017cszenie wysoko\u015bci nadbudowy z jastrychu 25-130mm<\/td>\n<\/tr>\n<tr>\n<td><strong>Kratka ze stali nierdzewnej<\/strong><\/td>\n<td>klasa K3<\/td>\n<\/tr>\n<tr>\n<td><strong>Kratka ze stali niedrzewnej \u2013 mocowana \u015brubami<\/strong><\/td>\n<td>kratka ze stali nierdzewnej, mocowana \u015brubami wraz z ram\u0105 i gwintowanymi tulejkami<\/td>\n<\/tr>\n<tr>\n<td><strong>Zestaw cz\u0119\u015bci zapasowych<\/strong><\/td>\n<td>zestaw sk\u0142adaj\u0105cy si\u0119 z uszczelki zabezpieczaj\u0105cej przed cofaniem si\u0119 wody, klosza blokuj\u0105cego zapachy, sita do wy\u0142apywania szlamu, ramy i kratki z tworzywa sztucznego<\/td>\n<\/tr>\n<tr>\n<td><strong>Rama przed\u0142u\u017caj\u0105ca 46 &#8211; 130<\/strong><\/td>\n<td>Regulacja wysoko\u015bci od 46 mm do 130 mm. Dedykowana do spustu piwnicznego KRASO<sup>\u00ae<\/sup>, spustu piwnicznego KRASO\u00ae typ 12,5. Nadaje si\u0119 r\u00f3wnie\u017c do odp\u0142ywu parkingowego KRASO<sup>\u00ae<\/sup> typ 1,5 z kratk\u0105 ze stali nierdzewnej.<\/td>\n<\/tr>\n<tr>\n<td><strong>Rama przed\u0142u\u017caj\u0105ca 25 &#8211; 130<\/strong><\/td>\n<td>Regulowana wysoko\u015b\u0107 od 25 mm do 130 mm. Dedykowana do odp\u0142ywu parkingowego KRASO<sup>\u00ae<\/sup> typ 1,5.<\/td>\n<\/tr>\n<\/tbody>\n<\/table>\n","protected":false},"featured_media":2207,"template":"","meta":{"_acf_changed":false},"product_cat":[135],"product_tag":[],"class_list":{"0":"post-2206","1":"product","2":"type-product","3":"status-publish","4":"has-post-thumbnail","6":"product_cat-odplywy-powierzchniowe","8":"first","9":"instock","10":"shipping-taxable","11":"product-type-simple"},"acf":[],"yoast_head":"<!-- This site is optimized with the Yoast SEO plugin v27.3 - https:\/\/yoast.com\/product\/yoast-seo-wordpress\/ -->\n<title>Odp\u0142yw Pod\u0142ogowy KRASO\u00ae - Akcesoria<\/title>\n<meta name=\"description\" content=\"Odp\u0142yw Pod\u0142ogowy KRASO\u00ae - Akcesoria - element instalacji sanitarnych, kt\u00f3ry s\u0142u\u017cy do odprowadzania wody z powierzchni pod\u0142ogi.\" \/>\n<meta name=\"robots\" content=\"noindex, follow, max-snippet:-1, max-image-preview:large, max-video-preview:-1\" \/>\n<meta property=\"og:locale\" content=\"pl_PL\" \/>\n<meta property=\"og:type\" content=\"article\" \/>\n<meta property=\"og:title\" content=\"Odp\u0142yw Pod\u0142ogowy KRASO\u00ae - Akcesoria\" \/>\n<meta property=\"og:description\" content=\"Odp\u0142yw Pod\u0142ogowy KRASO\u00ae - Akcesoria - element instalacji sanitarnych, kt\u00f3ry s\u0142u\u017cy do odprowadzania wody z powierzchni pod\u0142ogi.\" \/>\n<meta property=\"og:url\" content=\"https:\/\/ugwp.cfolks.pl\/bwb\/produkt\/odplyw-podlogowy-kraso-akcesoria\/\" \/>\n<meta property=\"og:site_name\" content=\"BWB technology\" \/>\n<meta property=\"article:modified_time\" content=\"2023-10-03T15:22:44+00:00\" \/>\n<meta property=\"og:image\" content=\"https:\/\/ugwp.cfolks.pl\/bwb\/wp-content\/uploads\/Przedluzenie-ramy-140-mm.jpg\" \/>\n\t<meta property=\"og:image:width\" content=\"1100\" \/>\n\t<meta property=\"og:image:height\" content=\"810\" \/>\n\t<meta property=\"og:image:type\" content=\"image\/jpeg\" \/>\n<meta name=\"twitter:card\" content=\"summary_large_image\" \/>\n<script type=\"application\/ld+json\" class=\"yoast-schema-graph\">{\"@context\":\"https:\\\/\\\/schema.org\",\"@graph\":[{\"@type\":\"WebPage\",\"@id\":\"https:\\\/\\\/ugwp.cfolks.pl\\\/bwb\\\/produkt\\\/odplyw-podlogowy-kraso-akcesoria\\\/\",\"url\":\"https:\\\/\\\/ugwp.cfolks.pl\\\/bwb\\\/produkt\\\/odplyw-podlogowy-kraso-akcesoria\\\/\",\"name\":\"Odp\u0142yw Pod\u0142ogowy KRASO\u00ae - Akcesoria\",\"isPartOf\":{\"@id\":\"https:\\\/\\\/ugwp.cfolks.pl\\\/bwb\\\/#website\"},\"primaryImageOfPage\":{\"@id\":\"https:\\\/\\\/ugwp.cfolks.pl\\\/bwb\\\/produkt\\\/odplyw-podlogowy-kraso-akcesoria\\\/#primaryimage\"},\"image\":{\"@id\":\"https:\\\/\\\/ugwp.cfolks.pl\\\/bwb\\\/produkt\\\/odplyw-podlogowy-kraso-akcesoria\\\/#primaryimage\"},\"thumbnailUrl\":\"https:\\\/\\\/ugwp.cfolks.pl\\\/bwb\\\/wp-content\\\/uploads\\\/Przedluzenie-ramy-140-mm.jpg\",\"datePublished\":\"2022-11-22T07:26:08+00:00\",\"dateModified\":\"2023-10-03T15:22:44+00:00\",\"description\":\"Odp\u0142yw Pod\u0142ogowy KRASO\u00ae - Akcesoria - element instalacji sanitarnych, kt\u00f3ry s\u0142u\u017cy do odprowadzania wody z powierzchni pod\u0142ogi.\",\"breadcrumb\":{\"@id\":\"https:\\\/\\\/ugwp.cfolks.pl\\\/bwb\\\/produkt\\\/odplyw-podlogowy-kraso-akcesoria\\\/#breadcrumb\"},\"inLanguage\":\"pl-PL\",\"potentialAction\":[{\"@type\":\"ReadAction\",\"target\":[\"https:\\\/\\\/ugwp.cfolks.pl\\\/bwb\\\/produkt\\\/odplyw-podlogowy-kraso-akcesoria\\\/\"]}]},{\"@type\":\"ImageObject\",\"inLanguage\":\"pl-PL\",\"@id\":\"https:\\\/\\\/ugwp.cfolks.pl\\\/bwb\\\/produkt\\\/odplyw-podlogowy-kraso-akcesoria\\\/#primaryimage\",\"url\":\"https:\\\/\\\/ugwp.cfolks.pl\\\/bwb\\\/wp-content\\\/uploads\\\/Przedluzenie-ramy-140-mm.jpg\",\"contentUrl\":\"https:\\\/\\\/ugwp.cfolks.pl\\\/bwb\\\/wp-content\\\/uploads\\\/Przedluzenie-ramy-140-mm.jpg\",\"width\":1100,\"height\":810,\"caption\":\"Przed\u0142u\u017cenie ramy 140 mm\"},{\"@type\":\"BreadcrumbList\",\"@id\":\"https:\\\/\\\/ugwp.cfolks.pl\\\/bwb\\\/produkt\\\/odplyw-podlogowy-kraso-akcesoria\\\/#breadcrumb\",\"itemListElement\":[{\"@type\":\"ListItem\",\"position\":1,\"name\":\"Strona g\u0142\u00f3wna\",\"item\":\"https:\\\/\\\/ugwp.cfolks.pl\\\/bwb\\\/\"},{\"@type\":\"ListItem\",\"position\":2,\"name\":\"Wodoszczelne Przej\u015bcia Instalacyjne\",\"item\":\"https:\\\/\\\/ugwp.cfolks.pl\\\/bwb\\\/kategoria\\\/wodoszczelne-przejscia-instalacyjne\\\/\"},{\"@type\":\"ListItem\",\"position\":3,\"name\":\"Odp\u0142ywy Powierzchniowe\",\"item\":\"https:\\\/\\\/ugwp.cfolks.pl\\\/bwb\\\/kategoria\\\/wodoszczelne-przejscia-instalacyjne\\\/odplywy-powierzchniowe\\\/\"},{\"@type\":\"ListItem\",\"position\":4,\"name\":\"Odp\u0142yw Pod\u0142ogowy KRASO\u00ae &#8211; Akcesoria\"}]},{\"@type\":\"WebSite\",\"@id\":\"https:\\\/\\\/ugwp.cfolks.pl\\\/bwb\\\/#website\",\"url\":\"https:\\\/\\\/ugwp.cfolks.pl\\\/bwb\\\/\",\"name\":\"BWB technology\",\"description\":\"Kolejna witryna oparta na WordPressie\",\"potentialAction\":[{\"@type\":\"SearchAction\",\"target\":{\"@type\":\"EntryPoint\",\"urlTemplate\":\"https:\\\/\\\/ugwp.cfolks.pl\\\/bwb\\\/?s={search_term_string}\"},\"query-input\":{\"@type\":\"PropertyValueSpecification\",\"valueRequired\":true,\"valueName\":\"search_term_string\"}}],\"inLanguage\":\"pl-PL\"}]}<\/script>\n<!-- \/ Yoast SEO plugin. -->","yoast_head_json":{"title":"Odp\u0142yw Pod\u0142ogowy KRASO\u00ae - Akcesoria","description":"Odp\u0142yw Pod\u0142ogowy KRASO\u00ae - Akcesoria - element instalacji sanitarnych, kt\u00f3ry s\u0142u\u017cy do odprowadzania wody z powierzchni pod\u0142ogi.","robots":{"index":"noindex","follow":"follow","max-snippet":"max-snippet:-1","max-image-preview":"max-image-preview:large","max-video-preview":"max-video-preview:-1"},"og_locale":"pl_PL","og_type":"article","og_title":"Odp\u0142yw Pod\u0142ogowy KRASO\u00ae - Akcesoria","og_description":"Odp\u0142yw Pod\u0142ogowy KRASO\u00ae - Akcesoria - element instalacji sanitarnych, kt\u00f3ry s\u0142u\u017cy do odprowadzania wody z powierzchni pod\u0142ogi.","og_url":"https:\/\/ugwp.cfolks.pl\/bwb\/produkt\/odplyw-podlogowy-kraso-akcesoria\/","og_site_name":"BWB technology","article_modified_time":"2023-10-03T15:22:44+00:00","og_image":[{"width":1100,"height":810,"url":"https:\/\/ugwp.cfolks.pl\/bwb\/wp-content\/uploads\/Przedluzenie-ramy-140-mm.jpg","type":"image\/jpeg"}],"twitter_card":"summary_large_image","schema":{"@context":"https:\/\/schema.org","@graph":[{"@type":"WebPage","@id":"https:\/\/ugwp.cfolks.pl\/bwb\/produkt\/odplyw-podlogowy-kraso-akcesoria\/","url":"https:\/\/ugwp.cfolks.pl\/bwb\/produkt\/odplyw-podlogowy-kraso-akcesoria\/","name":"Odp\u0142yw Pod\u0142ogowy KRASO\u00ae - Akcesoria","isPartOf":{"@id":"https:\/\/ugwp.cfolks.pl\/bwb\/#website"},"primaryImageOfPage":{"@id":"https:\/\/ugwp.cfolks.pl\/bwb\/produkt\/odplyw-podlogowy-kraso-akcesoria\/#primaryimage"},"image":{"@id":"https:\/\/ugwp.cfolks.pl\/bwb\/produkt\/odplyw-podlogowy-kraso-akcesoria\/#primaryimage"},"thumbnailUrl":"https:\/\/ugwp.cfolks.pl\/bwb\/wp-content\/uploads\/Przedluzenie-ramy-140-mm.jpg","datePublished":"2022-11-22T07:26:08+00:00","dateModified":"2023-10-03T15:22:44+00:00","description":"Odp\u0142yw Pod\u0142ogowy KRASO\u00ae - Akcesoria - element instalacji sanitarnych, kt\u00f3ry s\u0142u\u017cy do odprowadzania wody z powierzchni pod\u0142ogi.","breadcrumb":{"@id":"https:\/\/ugwp.cfolks.pl\/bwb\/produkt\/odplyw-podlogowy-kraso-akcesoria\/#breadcrumb"},"inLanguage":"pl-PL","potentialAction":[{"@type":"ReadAction","target":["https:\/\/ugwp.cfolks.pl\/bwb\/produkt\/odplyw-podlogowy-kraso-akcesoria\/"]}]},{"@type":"ImageObject","inLanguage":"pl-PL","@id":"https:\/\/ugwp.cfolks.pl\/bwb\/produkt\/odplyw-podlogowy-kraso-akcesoria\/#primaryimage","url":"https:\/\/ugwp.cfolks.pl\/bwb\/wp-content\/uploads\/Przedluzenie-ramy-140-mm.jpg","contentUrl":"https:\/\/ugwp.cfolks.pl\/bwb\/wp-content\/uploads\/Przedluzenie-ramy-140-mm.jpg","width":1100,"height":810,"caption":"Przed\u0142u\u017cenie ramy 140 mm"},{"@type":"BreadcrumbList","@id":"https:\/\/ugwp.cfolks.pl\/bwb\/produkt\/odplyw-podlogowy-kraso-akcesoria\/#breadcrumb","itemListElement":[{"@type":"ListItem","position":1,"name":"Strona g\u0142\u00f3wna","item":"https:\/\/ugwp.cfolks.pl\/bwb\/"},{"@type":"ListItem","position":2,"name":"Wodoszczelne Przej\u015bcia Instalacyjne","item":"https:\/\/ugwp.cfolks.pl\/bwb\/kategoria\/wodoszczelne-przejscia-instalacyjne\/"},{"@type":"ListItem","position":3,"name":"Odp\u0142ywy Powierzchniowe","item":"https:\/\/ugwp.cfolks.pl\/bwb\/kategoria\/wodoszczelne-przejscia-instalacyjne\/odplywy-powierzchniowe\/"},{"@type":"ListItem","position":4,"name":"Odp\u0142yw Pod\u0142ogowy KRASO\u00ae &#8211; Akcesoria"}]},{"@type":"WebSite","@id":"https:\/\/ugwp.cfolks.pl\/bwb\/#website","url":"https:\/\/ugwp.cfolks.pl\/bwb\/","name":"BWB technology","description":"Kolejna witryna oparta na WordPressie","potentialAction":[{"@type":"SearchAction","target":{"@type":"EntryPoint","urlTemplate":"https:\/\/ugwp.cfolks.pl\/bwb\/?s={search_term_string}"},"query-input":{"@type":"PropertyValueSpecification","valueRequired":true,"valueName":"search_term_string"}}],"inLanguage":"pl-PL"}]}},"_links":{"self":[{"href":"https:\/\/ugwp.cfolks.pl\/bwb\/wp-json\/wp\/v2\/product\/2206","targetHints":{"allow":["GET"]}}],"collection":[{"href":"https:\/\/ugwp.cfolks.pl\/bwb\/wp-json\/wp\/v2\/product"}],"about":[{"href":"https:\/\/ugwp.cfolks.pl\/bwb\/wp-json\/wp\/v2\/types\/product"}],"wp:featuredmedia":[{"embeddable":true,"href":"https:\/\/ugwp.cfolks.pl\/bwb\/wp-json\/wp\/v2\/media\/2207"}],"wp:attachment":[{"href":"https:\/\/ugwp.cfolks.pl\/bwb\/wp-json\/wp\/v2\/media?parent=2206"}],"wp:term":[{"taxonomy":"product_cat","embeddable":true,"href":"https:\/\/ugwp.cfolks.pl\/bwb\/wp-json\/wp\/v2\/product_cat?post=2206"},{"taxonomy":"product_tag","embeddable":true,"href":"https:\/\/ugwp.cfolks.pl\/bwb\/wp-json\/wp\/v2\/product_tag?post=2206"}],"curies":[{"name":"wp","href":"https:\/\/api.w.org\/{rel}","templated":true}]}}