{"id":2144,"date":"2022-11-14T10:40:51","date_gmt":"2022-11-14T09:40:51","guid":{"rendered":"https:\/\/ugwp.cfolks.pl\/bwb\/?post_type=product&#038;p=2144"},"modified":"2023-02-20T21:26:35","modified_gmt":"2023-02-20T20:26:35","slug":"odplyw-parkingowy-kraso","status":"publish","type":"product","link":"https:\/\/ugwp.cfolks.pl\/bwb\/produkt\/odplyw-parkingowy-kraso\/","title":{"rendered":"Odp\u0142yw Parkingowy KRASO\u00ae"},"content":{"rendered":"","protected":false},"excerpt":{"rendered":"<p>Odp\u0142yw parkingowy KRASO<sup>\u00ae<\/sup> przeznaczony jest do monta\u017cu w obszarach o du\u017cym nat\u0119\u017ceniu ruchu pojazd\u00f3w. Wydajno\u015b\u0107 odp\u0142ywu: 4,3 l\/s zgodnie z norm\u0105 DIN EN 1253. Dzi\u0119ki obwodowej, po\u0142\u0105czonej termicznie z odp\u0142ywem parkingowym uszczelce cztero\u017cebrowej KRASO<sup>\u00ae<\/sup> uzyskujemy wodoszczelno\u015b\u0107 do 10 bar\u00f3w.<\/p>\n<p>Cztero\u017cebrowa uszczelka KRASO<sup>\u00ae<\/sup> zabezpiecza r\u00f3wnie\u017c przed przenikaniem naturalnie wyst\u0119puj\u0105cego w postaci gazu szlachetnego radonu, a tym samym zapobiega koncentracji radioaktywnego gazu w pomieszczeniach.<\/p>\n<p>Dost\u0119pne s\u0105 dla klasy obci\u0105\u017cenia A do 1,5t lub klasy obci\u0105\u017cenia B do 12,5t. Opcjonalnie dost\u0119pne z ko\u0142nierzem foliowym lub z ko\u0142nierzem z rowkiem typu jask\u00f3\u0142czy ogon do po\u0142\u0105czenia z izolacj\u0105 na budowie. Do monta\u017cu ko\u0142nierza foliowego polecamy nasz materia\u0142 klej\u0105co-uszczelniaj\u0105cy KRASO<sup>\u00ae<\/sup> PU 50. Odp\u0142yw parkingowy KRASO<sup>\u00ae<\/sup> posiadaj\u0105 barier\u0119 zapachow\u0105 i wyjmowany kosz na piasek.<\/p>\n","protected":false},"featured_media":2170,"template":"","meta":{"_acf_changed":false},"product_cat":[135],"product_tag":[],"class_list":{"0":"post-2144","1":"product","2":"type-product","3":"status-publish","4":"has-post-thumbnail","6":"product_cat-odplywy-powierzchniowe","8":"first","9":"instock","10":"shipping-taxable","11":"product-type-simple"},"acf":[],"yoast_head":"<!-- This site is optimized with the Yoast SEO plugin v27.3 - https:\/\/yoast.com\/product\/yoast-seo-wordpress\/ -->\n<title>Odp\u0142yw Parkingowy KRASO\u00ae Szczelne Odp\u0142ywy Powierzchniowe<\/title>\n<meta name=\"description\" content=\"Odp\u0142yw parkingowy KRASO\u00ae przeznaczony jest do monta\u017cu w obszarach o du\u017cym nat\u0119\u017ceniu ruchu pojazd\u00f3w. Wydajno\u015b\u0107 odp\u0142ywu: 4,3 l\/s zgodnie z norm\u0105 DIN EN 1253.\" \/>\n<meta name=\"robots\" content=\"noindex, follow, max-snippet:-1, max-image-preview:large, max-video-preview:-1\" \/>\n<meta property=\"og:locale\" content=\"pl_PL\" \/>\n<meta property=\"og:type\" content=\"article\" \/>\n<meta property=\"og:title\" content=\"Odp\u0142yw Parkingowy KRASO\u00ae Szczelne Odp\u0142ywy Powierzchniowe\" \/>\n<meta property=\"og:description\" content=\"Odp\u0142yw parkingowy KRASO\u00ae przeznaczony jest do monta\u017cu w obszarach o du\u017cym nat\u0119\u017ceniu ruchu pojazd\u00f3w. Wydajno\u015b\u0107 odp\u0142ywu: 4,3 l\/s zgodnie z norm\u0105 DIN EN 1253.\" \/>\n<meta property=\"og:url\" content=\"https:\/\/ugwp.cfolks.pl\/bwb\/produkt\/odplyw-parkingowy-kraso\/\" \/>\n<meta property=\"og:site_name\" content=\"BWB technology\" \/>\n<meta property=\"article:modified_time\" content=\"2023-02-20T20:26:35+00:00\" \/>\n<meta property=\"og:image\" content=\"https:\/\/ugwp.cfolks.pl\/bwb\/wp-content\/uploads\/Odplyw-parkingowy-KRASO\u00ae.jpg\" \/>\n\t<meta property=\"og:image:width\" content=\"1100\" \/>\n\t<meta property=\"og:image:height\" content=\"810\" \/>\n\t<meta property=\"og:image:type\" content=\"image\/jpeg\" \/>\n<meta name=\"twitter:card\" content=\"summary_large_image\" \/>\n<script type=\"application\/ld+json\" class=\"yoast-schema-graph\">{\"@context\":\"https:\\\/\\\/schema.org\",\"@graph\":[{\"@type\":\"WebPage\",\"@id\":\"https:\\\/\\\/ugwp.cfolks.pl\\\/bwb\\\/produkt\\\/odplyw-parkingowy-kraso\\\/\",\"url\":\"https:\\\/\\\/ugwp.cfolks.pl\\\/bwb\\\/produkt\\\/odplyw-parkingowy-kraso\\\/\",\"name\":\"Odp\u0142yw Parkingowy KRASO\u00ae Szczelne Odp\u0142ywy Powierzchniowe\",\"isPartOf\":{\"@id\":\"https:\\\/\\\/ugwp.cfolks.pl\\\/bwb\\\/#website\"},\"primaryImageOfPage\":{\"@id\":\"https:\\\/\\\/ugwp.cfolks.pl\\\/bwb\\\/produkt\\\/odplyw-parkingowy-kraso\\\/#primaryimage\"},\"image\":{\"@id\":\"https:\\\/\\\/ugwp.cfolks.pl\\\/bwb\\\/produkt\\\/odplyw-parkingowy-kraso\\\/#primaryimage\"},\"thumbnailUrl\":\"https:\\\/\\\/ugwp.cfolks.pl\\\/bwb\\\/wp-content\\\/uploads\\\/Odplyw-parkingowy-KRASO\u00ae.jpg\",\"datePublished\":\"2022-11-14T09:40:51+00:00\",\"dateModified\":\"2023-02-20T20:26:35+00:00\",\"description\":\"Odp\u0142yw parkingowy KRASO\u00ae przeznaczony jest do monta\u017cu w obszarach o du\u017cym nat\u0119\u017ceniu ruchu pojazd\u00f3w. Wydajno\u015b\u0107 odp\u0142ywu: 4,3 l\\\/s zgodnie z norm\u0105 DIN EN 1253.\",\"breadcrumb\":{\"@id\":\"https:\\\/\\\/ugwp.cfolks.pl\\\/bwb\\\/produkt\\\/odplyw-parkingowy-kraso\\\/#breadcrumb\"},\"inLanguage\":\"pl-PL\",\"potentialAction\":[{\"@type\":\"ReadAction\",\"target\":[\"https:\\\/\\\/ugwp.cfolks.pl\\\/bwb\\\/produkt\\\/odplyw-parkingowy-kraso\\\/\"]}]},{\"@type\":\"ImageObject\",\"inLanguage\":\"pl-PL\",\"@id\":\"https:\\\/\\\/ugwp.cfolks.pl\\\/bwb\\\/produkt\\\/odplyw-parkingowy-kraso\\\/#primaryimage\",\"url\":\"https:\\\/\\\/ugwp.cfolks.pl\\\/bwb\\\/wp-content\\\/uploads\\\/Odplyw-parkingowy-KRASO\u00ae.jpg\",\"contentUrl\":\"https:\\\/\\\/ugwp.cfolks.pl\\\/bwb\\\/wp-content\\\/uploads\\\/Odplyw-parkingowy-KRASO\u00ae.jpg\",\"width\":1100,\"height\":810,\"caption\":\"Odp\u0142yw parkingowy KRASO\u00ae\"},{\"@type\":\"BreadcrumbList\",\"@id\":\"https:\\\/\\\/ugwp.cfolks.pl\\\/bwb\\\/produkt\\\/odplyw-parkingowy-kraso\\\/#breadcrumb\",\"itemListElement\":[{\"@type\":\"ListItem\",\"position\":1,\"name\":\"Strona g\u0142\u00f3wna\",\"item\":\"https:\\\/\\\/ugwp.cfolks.pl\\\/bwb\\\/\"},{\"@type\":\"ListItem\",\"position\":2,\"name\":\"Wodoszczelne Przej\u015bcia Instalacyjne\",\"item\":\"https:\\\/\\\/ugwp.cfolks.pl\\\/bwb\\\/kategoria\\\/wodoszczelne-przejscia-instalacyjne\\\/\"},{\"@type\":\"ListItem\",\"position\":3,\"name\":\"Odp\u0142ywy Powierzchniowe\",\"item\":\"https:\\\/\\\/ugwp.cfolks.pl\\\/bwb\\\/kategoria\\\/wodoszczelne-przejscia-instalacyjne\\\/odplywy-powierzchniowe\\\/\"},{\"@type\":\"ListItem\",\"position\":4,\"name\":\"Odp\u0142yw Parkingowy KRASO\u00ae\"}]},{\"@type\":\"WebSite\",\"@id\":\"https:\\\/\\\/ugwp.cfolks.pl\\\/bwb\\\/#website\",\"url\":\"https:\\\/\\\/ugwp.cfolks.pl\\\/bwb\\\/\",\"name\":\"BWB technology\",\"description\":\"Kolejna witryna oparta na WordPressie\",\"potentialAction\":[{\"@type\":\"SearchAction\",\"target\":{\"@type\":\"EntryPoint\",\"urlTemplate\":\"https:\\\/\\\/ugwp.cfolks.pl\\\/bwb\\\/?s={search_term_string}\"},\"query-input\":{\"@type\":\"PropertyValueSpecification\",\"valueRequired\":true,\"valueName\":\"search_term_string\"}}],\"inLanguage\":\"pl-PL\"}]}<\/script>\n<!-- \/ Yoast SEO plugin. -->","yoast_head_json":{"title":"Odp\u0142yw Parkingowy KRASO\u00ae Szczelne Odp\u0142ywy Powierzchniowe","description":"Odp\u0142yw parkingowy KRASO\u00ae przeznaczony jest do monta\u017cu w obszarach o du\u017cym nat\u0119\u017ceniu ruchu pojazd\u00f3w. Wydajno\u015b\u0107 odp\u0142ywu: 4,3 l\/s zgodnie z norm\u0105 DIN EN 1253.","robots":{"index":"noindex","follow":"follow","max-snippet":"max-snippet:-1","max-image-preview":"max-image-preview:large","max-video-preview":"max-video-preview:-1"},"og_locale":"pl_PL","og_type":"article","og_title":"Odp\u0142yw Parkingowy KRASO\u00ae Szczelne Odp\u0142ywy Powierzchniowe","og_description":"Odp\u0142yw parkingowy KRASO\u00ae przeznaczony jest do monta\u017cu w obszarach o du\u017cym nat\u0119\u017ceniu ruchu pojazd\u00f3w. Wydajno\u015b\u0107 odp\u0142ywu: 4,3 l\/s zgodnie z norm\u0105 DIN EN 1253.","og_url":"https:\/\/ugwp.cfolks.pl\/bwb\/produkt\/odplyw-parkingowy-kraso\/","og_site_name":"BWB technology","article_modified_time":"2023-02-20T20:26:35+00:00","og_image":[{"width":1100,"height":810,"url":"https:\/\/ugwp.cfolks.pl\/bwb\/wp-content\/uploads\/Odplyw-parkingowy-KRASO\u00ae.jpg","type":"image\/jpeg"}],"twitter_card":"summary_large_image","schema":{"@context":"https:\/\/schema.org","@graph":[{"@type":"WebPage","@id":"https:\/\/ugwp.cfolks.pl\/bwb\/produkt\/odplyw-parkingowy-kraso\/","url":"https:\/\/ugwp.cfolks.pl\/bwb\/produkt\/odplyw-parkingowy-kraso\/","name":"Odp\u0142yw Parkingowy KRASO\u00ae Szczelne Odp\u0142ywy Powierzchniowe","isPartOf":{"@id":"https:\/\/ugwp.cfolks.pl\/bwb\/#website"},"primaryImageOfPage":{"@id":"https:\/\/ugwp.cfolks.pl\/bwb\/produkt\/odplyw-parkingowy-kraso\/#primaryimage"},"image":{"@id":"https:\/\/ugwp.cfolks.pl\/bwb\/produkt\/odplyw-parkingowy-kraso\/#primaryimage"},"thumbnailUrl":"https:\/\/ugwp.cfolks.pl\/bwb\/wp-content\/uploads\/Odplyw-parkingowy-KRASO\u00ae.jpg","datePublished":"2022-11-14T09:40:51+00:00","dateModified":"2023-02-20T20:26:35+00:00","description":"Odp\u0142yw parkingowy KRASO\u00ae przeznaczony jest do monta\u017cu w obszarach o du\u017cym nat\u0119\u017ceniu ruchu pojazd\u00f3w. Wydajno\u015b\u0107 odp\u0142ywu: 4,3 l\/s zgodnie z norm\u0105 DIN EN 1253.","breadcrumb":{"@id":"https:\/\/ugwp.cfolks.pl\/bwb\/produkt\/odplyw-parkingowy-kraso\/#breadcrumb"},"inLanguage":"pl-PL","potentialAction":[{"@type":"ReadAction","target":["https:\/\/ugwp.cfolks.pl\/bwb\/produkt\/odplyw-parkingowy-kraso\/"]}]},{"@type":"ImageObject","inLanguage":"pl-PL","@id":"https:\/\/ugwp.cfolks.pl\/bwb\/produkt\/odplyw-parkingowy-kraso\/#primaryimage","url":"https:\/\/ugwp.cfolks.pl\/bwb\/wp-content\/uploads\/Odplyw-parkingowy-KRASO\u00ae.jpg","contentUrl":"https:\/\/ugwp.cfolks.pl\/bwb\/wp-content\/uploads\/Odplyw-parkingowy-KRASO\u00ae.jpg","width":1100,"height":810,"caption":"Odp\u0142yw parkingowy KRASO\u00ae"},{"@type":"BreadcrumbList","@id":"https:\/\/ugwp.cfolks.pl\/bwb\/produkt\/odplyw-parkingowy-kraso\/#breadcrumb","itemListElement":[{"@type":"ListItem","position":1,"name":"Strona g\u0142\u00f3wna","item":"https:\/\/ugwp.cfolks.pl\/bwb\/"},{"@type":"ListItem","position":2,"name":"Wodoszczelne Przej\u015bcia Instalacyjne","item":"https:\/\/ugwp.cfolks.pl\/bwb\/kategoria\/wodoszczelne-przejscia-instalacyjne\/"},{"@type":"ListItem","position":3,"name":"Odp\u0142ywy Powierzchniowe","item":"https:\/\/ugwp.cfolks.pl\/bwb\/kategoria\/wodoszczelne-przejscia-instalacyjne\/odplywy-powierzchniowe\/"},{"@type":"ListItem","position":4,"name":"Odp\u0142yw Parkingowy KRASO\u00ae"}]},{"@type":"WebSite","@id":"https:\/\/ugwp.cfolks.pl\/bwb\/#website","url":"https:\/\/ugwp.cfolks.pl\/bwb\/","name":"BWB technology","description":"Kolejna witryna oparta na WordPressie","potentialAction":[{"@type":"SearchAction","target":{"@type":"EntryPoint","urlTemplate":"https:\/\/ugwp.cfolks.pl\/bwb\/?s={search_term_string}"},"query-input":{"@type":"PropertyValueSpecification","valueRequired":true,"valueName":"search_term_string"}}],"inLanguage":"pl-PL"}]}},"_links":{"self":[{"href":"https:\/\/ugwp.cfolks.pl\/bwb\/wp-json\/wp\/v2\/product\/2144","targetHints":{"allow":["GET"]}}],"collection":[{"href":"https:\/\/ugwp.cfolks.pl\/bwb\/wp-json\/wp\/v2\/product"}],"about":[{"href":"https:\/\/ugwp.cfolks.pl\/bwb\/wp-json\/wp\/v2\/types\/product"}],"wp:featuredmedia":[{"embeddable":true,"href":"https:\/\/ugwp.cfolks.pl\/bwb\/wp-json\/wp\/v2\/media\/2170"}],"wp:attachment":[{"href":"https:\/\/ugwp.cfolks.pl\/bwb\/wp-json\/wp\/v2\/media?parent=2144"}],"wp:term":[{"taxonomy":"product_cat","embeddable":true,"href":"https:\/\/ugwp.cfolks.pl\/bwb\/wp-json\/wp\/v2\/product_cat?post=2144"},{"taxonomy":"product_tag","embeddable":true,"href":"https:\/\/ugwp.cfolks.pl\/bwb\/wp-json\/wp\/v2\/product_tag?post=2144"}],"curies":[{"name":"wp","href":"https:\/\/api.w.org\/{rel}","templated":true}]}}