{"id":2141,"date":"2022-11-14T10:40:19","date_gmt":"2022-11-14T09:40:19","guid":{"rendered":"https:\/\/ugwp.cfolks.pl\/bwb\/?post_type=product&#038;p=2141"},"modified":"2023-02-20T21:24:11","modified_gmt":"2023-02-20T20:24:11","slug":"odplyw-podlogowy-kraso-typ-fs-rs-mrozoodporny-zabezpieczajacy-przed-cofaniem-sie-wody","status":"publish","type":"product","link":"https:\/\/ugwp.cfolks.pl\/bwb\/produkt\/odplyw-podlogowy-kraso-typ-fs-rs-mrozoodporny-zabezpieczajacy-przed-cofaniem-sie-wody\/","title":{"rendered":"Odp\u0142yw Pod\u0142ogowy KRASO\u00ae typ FS &#8211; RS Mrozoodporny"},"content":{"rendered":"","protected":false},"excerpt":{"rendered":"<p>Odp\u0142yw pod\u0142ogowy KRASO<sup>\u00ae<\/sup> typ FS &#8211; RS &#8211; mrozoodporny \u2013 zabezpieczaj\u0105cy przed cofaniem si\u0119 wody przeznaczony jest do monta\u017cu na zewn\u0105trz budynku na obszarach bez ruchu pojazd\u00f3w i odprowadzania wody szarej. Wykonany jest w wersji KG 2000 z polipropylenu o g\u0142adkiej powierzchni wzmocnionej minera\u0142ami. Wydajno\u015b\u0107 odp\u0142ywu: 0,4 l\/s.<\/p>\n<p>Dzi\u0119ki obwodowej, po\u0142\u0105czonej termicznie z odp\u0142ywem pod\u0142ogowym uszczelce cztero\u017cebrowej KRASO<sup>\u00ae<\/sup> uzyskujemy wodoszczelno\u015b\u0107 do 10 bar\u00f3w. Cztero\u017cebrowa uszczelka KRASO\u00ae zabezpiecza r\u00f3wnie\u017c przed przenikaniem naturalnie wyst\u0119puj\u0105cego w postaci gazu szlachetnego radonu, a tym samym zapobiega koncentracji radioaktywnego gazu w pomieszczeniach. Odp\u0142yw pod\u0142ogowy KRASO<sup>\u00ae<\/sup> typ FS &#8211; RS &#8211; mrozoodporny \u2013 zabezpieczaj\u0105cy przed cofaniem si\u0119 wody dost\u0119pny r\u00f3wnie\u017c jest z ko\u0142nierzem foliowym KRASO\u00ae, odpornym na olej i bitumy (d = ok. 50 cm).<\/p>\n<p>Do monta\u017cu ko\u0142nierza foliowego polecamy nasz materia\u0142 klej\u0105co-uszczelniaj\u0105cy KRASO<sup>\u00ae<\/sup> PU 50.Odp\u0142yw pod\u0142ogowy KRASO\u00ae typ FS \u2013 RS sk\u0142ada si\u0119 z przykr\u0119canej kratki ze stali nierdzewnej klasy K3, mrozoodpornego, podw\u00f3jnego zamkni\u0119cie przed cofaniem wody, 2 klap automatycznych, z kt\u00f3rych jedn\u0105 mo\u017cna r\u00f3wnie\u017c zablokowa\u0107 r\u0119cznie jako zamek awaryjny, sitka osadnika i pokrywy ochronnej na czas budowy.<\/p>\n","protected":false},"featured_media":2159,"template":"","meta":{"_acf_changed":false},"product_cat":[135],"product_tag":[],"class_list":{"0":"post-2141","1":"product","2":"type-product","3":"status-publish","4":"has-post-thumbnail","6":"product_cat-odplywy-powierzchniowe","8":"first","9":"instock","10":"shipping-taxable","11":"product-type-simple"},"acf":[],"yoast_head":"<!-- This site is optimized with the Yoast SEO plugin v27.3 - https:\/\/yoast.com\/product\/yoast-seo-wordpress\/ -->\n<title>Odp\u0142yw Pod\u0142ogowy KRASO\u00ae typ FS - RS Mrozoodporny<\/title>\n<meta name=\"description\" content=\"Odp\u0142yw pod\u0142ogowy KRASO\u00ae typ FS \u2013 RS. Mrozoodporny. Zabezpieczaj\u0105cy przed cofaniem si\u0119 wody.\" \/>\n<meta name=\"robots\" content=\"noindex, follow, max-snippet:-1, max-image-preview:large, max-video-preview:-1\" \/>\n<meta property=\"og:locale\" content=\"pl_PL\" \/>\n<meta property=\"og:type\" content=\"article\" \/>\n<meta property=\"og:title\" content=\"Odp\u0142yw Pod\u0142ogowy KRASO\u00ae typ FS - RS Mrozoodporny\" \/>\n<meta property=\"og:description\" content=\"Odp\u0142yw pod\u0142ogowy KRASO\u00ae typ FS \u2013 RS. Mrozoodporny. Zabezpieczaj\u0105cy przed cofaniem si\u0119 wody.\" \/>\n<meta property=\"og:url\" content=\"https:\/\/ugwp.cfolks.pl\/bwb\/produkt\/odplyw-podlogowy-kraso-typ-fs-rs-mrozoodporny-zabezpieczajacy-przed-cofaniem-sie-wody\/\" \/>\n<meta property=\"og:site_name\" content=\"BWB technology\" \/>\n<meta property=\"article:modified_time\" content=\"2023-02-20T20:24:11+00:00\" \/>\n<meta property=\"og:image\" content=\"https:\/\/ugwp.cfolks.pl\/bwb\/wp-content\/uploads\/Odplyw-podlogowy-KRASO\u00ae-typ-FS-RS-mrozoodporny-\u2013-zabezpieczajacy-przed-cofaniem-sie-wody.jpg\" \/>\n\t<meta property=\"og:image:width\" content=\"1100\" \/>\n\t<meta property=\"og:image:height\" content=\"810\" \/>\n\t<meta property=\"og:image:type\" content=\"image\/jpeg\" \/>\n<meta name=\"twitter:card\" content=\"summary_large_image\" \/>\n<script type=\"application\/ld+json\" class=\"yoast-schema-graph\">{\"@context\":\"https:\\\/\\\/schema.org\",\"@graph\":[{\"@type\":\"WebPage\",\"@id\":\"https:\\\/\\\/ugwp.cfolks.pl\\\/bwb\\\/produkt\\\/odplyw-podlogowy-kraso-typ-fs-rs-mrozoodporny-zabezpieczajacy-przed-cofaniem-sie-wody\\\/\",\"url\":\"https:\\\/\\\/ugwp.cfolks.pl\\\/bwb\\\/produkt\\\/odplyw-podlogowy-kraso-typ-fs-rs-mrozoodporny-zabezpieczajacy-przed-cofaniem-sie-wody\\\/\",\"name\":\"Odp\u0142yw Pod\u0142ogowy KRASO\u00ae typ FS - RS Mrozoodporny\",\"isPartOf\":{\"@id\":\"https:\\\/\\\/ugwp.cfolks.pl\\\/bwb\\\/#website\"},\"primaryImageOfPage\":{\"@id\":\"https:\\\/\\\/ugwp.cfolks.pl\\\/bwb\\\/produkt\\\/odplyw-podlogowy-kraso-typ-fs-rs-mrozoodporny-zabezpieczajacy-przed-cofaniem-sie-wody\\\/#primaryimage\"},\"image\":{\"@id\":\"https:\\\/\\\/ugwp.cfolks.pl\\\/bwb\\\/produkt\\\/odplyw-podlogowy-kraso-typ-fs-rs-mrozoodporny-zabezpieczajacy-przed-cofaniem-sie-wody\\\/#primaryimage\"},\"thumbnailUrl\":\"https:\\\/\\\/ugwp.cfolks.pl\\\/bwb\\\/wp-content\\\/uploads\\\/Odplyw-podlogowy-KRASO\u00ae-typ-FS-RS-mrozoodporny-\u2013-zabezpieczajacy-przed-cofaniem-sie-wody.jpg\",\"datePublished\":\"2022-11-14T09:40:19+00:00\",\"dateModified\":\"2023-02-20T20:24:11+00:00\",\"description\":\"Odp\u0142yw pod\u0142ogowy KRASO\u00ae typ FS \u2013 RS. Mrozoodporny. Zabezpieczaj\u0105cy przed cofaniem si\u0119 wody.\",\"breadcrumb\":{\"@id\":\"https:\\\/\\\/ugwp.cfolks.pl\\\/bwb\\\/produkt\\\/odplyw-podlogowy-kraso-typ-fs-rs-mrozoodporny-zabezpieczajacy-przed-cofaniem-sie-wody\\\/#breadcrumb\"},\"inLanguage\":\"pl-PL\",\"potentialAction\":[{\"@type\":\"ReadAction\",\"target\":[\"https:\\\/\\\/ugwp.cfolks.pl\\\/bwb\\\/produkt\\\/odplyw-podlogowy-kraso-typ-fs-rs-mrozoodporny-zabezpieczajacy-przed-cofaniem-sie-wody\\\/\"]}]},{\"@type\":\"ImageObject\",\"inLanguage\":\"pl-PL\",\"@id\":\"https:\\\/\\\/ugwp.cfolks.pl\\\/bwb\\\/produkt\\\/odplyw-podlogowy-kraso-typ-fs-rs-mrozoodporny-zabezpieczajacy-przed-cofaniem-sie-wody\\\/#primaryimage\",\"url\":\"https:\\\/\\\/ugwp.cfolks.pl\\\/bwb\\\/wp-content\\\/uploads\\\/Odplyw-podlogowy-KRASO\u00ae-typ-FS-RS-mrozoodporny-\u2013-zabezpieczajacy-przed-cofaniem-sie-wody.jpg\",\"contentUrl\":\"https:\\\/\\\/ugwp.cfolks.pl\\\/bwb\\\/wp-content\\\/uploads\\\/Odplyw-podlogowy-KRASO\u00ae-typ-FS-RS-mrozoodporny-\u2013-zabezpieczajacy-przed-cofaniem-sie-wody.jpg\",\"width\":1100,\"height\":810,\"caption\":\"Odp\u0142yw pod\u0142ogowy KRASO\u00ae typ FS - RS - mrozoodporny \u2013 zabezpieczaj\u0105cy przed cofaniem si\u0119 wody\"},{\"@type\":\"BreadcrumbList\",\"@id\":\"https:\\\/\\\/ugwp.cfolks.pl\\\/bwb\\\/produkt\\\/odplyw-podlogowy-kraso-typ-fs-rs-mrozoodporny-zabezpieczajacy-przed-cofaniem-sie-wody\\\/#breadcrumb\",\"itemListElement\":[{\"@type\":\"ListItem\",\"position\":1,\"name\":\"Strona g\u0142\u00f3wna\",\"item\":\"https:\\\/\\\/ugwp.cfolks.pl\\\/bwb\\\/\"},{\"@type\":\"ListItem\",\"position\":2,\"name\":\"Wodoszczelne Przej\u015bcia Instalacyjne\",\"item\":\"https:\\\/\\\/ugwp.cfolks.pl\\\/bwb\\\/kategoria\\\/wodoszczelne-przejscia-instalacyjne\\\/\"},{\"@type\":\"ListItem\",\"position\":3,\"name\":\"Odp\u0142ywy Powierzchniowe\",\"item\":\"https:\\\/\\\/ugwp.cfolks.pl\\\/bwb\\\/kategoria\\\/wodoszczelne-przejscia-instalacyjne\\\/odplywy-powierzchniowe\\\/\"},{\"@type\":\"ListItem\",\"position\":4,\"name\":\"Odp\u0142yw Pod\u0142ogowy KRASO\u00ae typ FS &#8211; RS Mrozoodporny\"}]},{\"@type\":\"WebSite\",\"@id\":\"https:\\\/\\\/ugwp.cfolks.pl\\\/bwb\\\/#website\",\"url\":\"https:\\\/\\\/ugwp.cfolks.pl\\\/bwb\\\/\",\"name\":\"BWB technology\",\"description\":\"Kolejna witryna oparta na WordPressie\",\"potentialAction\":[{\"@type\":\"SearchAction\",\"target\":{\"@type\":\"EntryPoint\",\"urlTemplate\":\"https:\\\/\\\/ugwp.cfolks.pl\\\/bwb\\\/?s={search_term_string}\"},\"query-input\":{\"@type\":\"PropertyValueSpecification\",\"valueRequired\":true,\"valueName\":\"search_term_string\"}}],\"inLanguage\":\"pl-PL\"}]}<\/script>\n<!-- \/ Yoast SEO plugin. -->","yoast_head_json":{"title":"Odp\u0142yw Pod\u0142ogowy KRASO\u00ae typ FS - RS Mrozoodporny","description":"Odp\u0142yw pod\u0142ogowy KRASO\u00ae typ FS \u2013 RS. Mrozoodporny. Zabezpieczaj\u0105cy przed cofaniem si\u0119 wody.","robots":{"index":"noindex","follow":"follow","max-snippet":"max-snippet:-1","max-image-preview":"max-image-preview:large","max-video-preview":"max-video-preview:-1"},"og_locale":"pl_PL","og_type":"article","og_title":"Odp\u0142yw Pod\u0142ogowy KRASO\u00ae typ FS - RS Mrozoodporny","og_description":"Odp\u0142yw pod\u0142ogowy KRASO\u00ae typ FS \u2013 RS. Mrozoodporny. Zabezpieczaj\u0105cy przed cofaniem si\u0119 wody.","og_url":"https:\/\/ugwp.cfolks.pl\/bwb\/produkt\/odplyw-podlogowy-kraso-typ-fs-rs-mrozoodporny-zabezpieczajacy-przed-cofaniem-sie-wody\/","og_site_name":"BWB technology","article_modified_time":"2023-02-20T20:24:11+00:00","og_image":[{"width":1100,"height":810,"url":"https:\/\/ugwp.cfolks.pl\/bwb\/wp-content\/uploads\/Odplyw-podlogowy-KRASO\u00ae-typ-FS-RS-mrozoodporny-\u2013-zabezpieczajacy-przed-cofaniem-sie-wody.jpg","type":"image\/jpeg"}],"twitter_card":"summary_large_image","schema":{"@context":"https:\/\/schema.org","@graph":[{"@type":"WebPage","@id":"https:\/\/ugwp.cfolks.pl\/bwb\/produkt\/odplyw-podlogowy-kraso-typ-fs-rs-mrozoodporny-zabezpieczajacy-przed-cofaniem-sie-wody\/","url":"https:\/\/ugwp.cfolks.pl\/bwb\/produkt\/odplyw-podlogowy-kraso-typ-fs-rs-mrozoodporny-zabezpieczajacy-przed-cofaniem-sie-wody\/","name":"Odp\u0142yw Pod\u0142ogowy KRASO\u00ae typ FS - RS Mrozoodporny","isPartOf":{"@id":"https:\/\/ugwp.cfolks.pl\/bwb\/#website"},"primaryImageOfPage":{"@id":"https:\/\/ugwp.cfolks.pl\/bwb\/produkt\/odplyw-podlogowy-kraso-typ-fs-rs-mrozoodporny-zabezpieczajacy-przed-cofaniem-sie-wody\/#primaryimage"},"image":{"@id":"https:\/\/ugwp.cfolks.pl\/bwb\/produkt\/odplyw-podlogowy-kraso-typ-fs-rs-mrozoodporny-zabezpieczajacy-przed-cofaniem-sie-wody\/#primaryimage"},"thumbnailUrl":"https:\/\/ugwp.cfolks.pl\/bwb\/wp-content\/uploads\/Odplyw-podlogowy-KRASO\u00ae-typ-FS-RS-mrozoodporny-\u2013-zabezpieczajacy-przed-cofaniem-sie-wody.jpg","datePublished":"2022-11-14T09:40:19+00:00","dateModified":"2023-02-20T20:24:11+00:00","description":"Odp\u0142yw pod\u0142ogowy KRASO\u00ae typ FS \u2013 RS. Mrozoodporny. Zabezpieczaj\u0105cy przed cofaniem si\u0119 wody.","breadcrumb":{"@id":"https:\/\/ugwp.cfolks.pl\/bwb\/produkt\/odplyw-podlogowy-kraso-typ-fs-rs-mrozoodporny-zabezpieczajacy-przed-cofaniem-sie-wody\/#breadcrumb"},"inLanguage":"pl-PL","potentialAction":[{"@type":"ReadAction","target":["https:\/\/ugwp.cfolks.pl\/bwb\/produkt\/odplyw-podlogowy-kraso-typ-fs-rs-mrozoodporny-zabezpieczajacy-przed-cofaniem-sie-wody\/"]}]},{"@type":"ImageObject","inLanguage":"pl-PL","@id":"https:\/\/ugwp.cfolks.pl\/bwb\/produkt\/odplyw-podlogowy-kraso-typ-fs-rs-mrozoodporny-zabezpieczajacy-przed-cofaniem-sie-wody\/#primaryimage","url":"https:\/\/ugwp.cfolks.pl\/bwb\/wp-content\/uploads\/Odplyw-podlogowy-KRASO\u00ae-typ-FS-RS-mrozoodporny-\u2013-zabezpieczajacy-przed-cofaniem-sie-wody.jpg","contentUrl":"https:\/\/ugwp.cfolks.pl\/bwb\/wp-content\/uploads\/Odplyw-podlogowy-KRASO\u00ae-typ-FS-RS-mrozoodporny-\u2013-zabezpieczajacy-przed-cofaniem-sie-wody.jpg","width":1100,"height":810,"caption":"Odp\u0142yw pod\u0142ogowy KRASO\u00ae typ FS - RS - mrozoodporny \u2013 zabezpieczaj\u0105cy przed cofaniem si\u0119 wody"},{"@type":"BreadcrumbList","@id":"https:\/\/ugwp.cfolks.pl\/bwb\/produkt\/odplyw-podlogowy-kraso-typ-fs-rs-mrozoodporny-zabezpieczajacy-przed-cofaniem-sie-wody\/#breadcrumb","itemListElement":[{"@type":"ListItem","position":1,"name":"Strona g\u0142\u00f3wna","item":"https:\/\/ugwp.cfolks.pl\/bwb\/"},{"@type":"ListItem","position":2,"name":"Wodoszczelne Przej\u015bcia Instalacyjne","item":"https:\/\/ugwp.cfolks.pl\/bwb\/kategoria\/wodoszczelne-przejscia-instalacyjne\/"},{"@type":"ListItem","position":3,"name":"Odp\u0142ywy Powierzchniowe","item":"https:\/\/ugwp.cfolks.pl\/bwb\/kategoria\/wodoszczelne-przejscia-instalacyjne\/odplywy-powierzchniowe\/"},{"@type":"ListItem","position":4,"name":"Odp\u0142yw Pod\u0142ogowy KRASO\u00ae typ FS &#8211; RS Mrozoodporny"}]},{"@type":"WebSite","@id":"https:\/\/ugwp.cfolks.pl\/bwb\/#website","url":"https:\/\/ugwp.cfolks.pl\/bwb\/","name":"BWB technology","description":"Kolejna witryna oparta na WordPressie","potentialAction":[{"@type":"SearchAction","target":{"@type":"EntryPoint","urlTemplate":"https:\/\/ugwp.cfolks.pl\/bwb\/?s={search_term_string}"},"query-input":{"@type":"PropertyValueSpecification","valueRequired":true,"valueName":"search_term_string"}}],"inLanguage":"pl-PL"}]}},"_links":{"self":[{"href":"https:\/\/ugwp.cfolks.pl\/bwb\/wp-json\/wp\/v2\/product\/2141","targetHints":{"allow":["GET"]}}],"collection":[{"href":"https:\/\/ugwp.cfolks.pl\/bwb\/wp-json\/wp\/v2\/product"}],"about":[{"href":"https:\/\/ugwp.cfolks.pl\/bwb\/wp-json\/wp\/v2\/types\/product"}],"wp:featuredmedia":[{"embeddable":true,"href":"https:\/\/ugwp.cfolks.pl\/bwb\/wp-json\/wp\/v2\/media\/2159"}],"wp:attachment":[{"href":"https:\/\/ugwp.cfolks.pl\/bwb\/wp-json\/wp\/v2\/media?parent=2141"}],"wp:term":[{"taxonomy":"product_cat","embeddable":true,"href":"https:\/\/ugwp.cfolks.pl\/bwb\/wp-json\/wp\/v2\/product_cat?post=2141"},{"taxonomy":"product_tag","embeddable":true,"href":"https:\/\/ugwp.cfolks.pl\/bwb\/wp-json\/wp\/v2\/product_tag?post=2141"}],"curies":[{"name":"wp","href":"https:\/\/api.w.org\/{rel}","templated":true}]}}