{"id":2017,"date":"2022-10-13T13:00:32","date_gmt":"2022-10-13T11:00:32","guid":{"rendered":"https:\/\/ugwp.cfolks.pl\/bwb\/?post_type=product&#038;p=2017"},"modified":"2023-09-09T20:57:29","modified_gmt":"2023-09-09T18:57:29","slug":"labedzia-szyja-kraso","status":"publish","type":"product","link":"https:\/\/ugwp.cfolks.pl\/bwb\/produkt\/labedzia-szyja-kraso\/","title":{"rendered":"\u0141ab\u0119dzia szyja KRASO\u00ae"},"content":{"rendered":"","protected":false},"excerpt":{"rendered":"<p>Przepust do dach\u00f3w p\u0142askich, montowany na ko\u0142ki, do przeprowadzania kabli za pomoc\u0105 wymiennych wk\u0142ad\u00f3w uszczelniaj\u0105cych KRASO<sup>\u00ae<\/sup> &#8211; dzielonych &#8211; (nie wchodz\u0105 w zakres dostawy), obr\u00f3t o 360\u00b0, monta\u017c do fragmentu izolacji powierzchniowej dachu za pomoc\u0105 dociskowego ko\u0142nierza izolacyjnego KRASO<sup>\u00ae<\/sup> typ FKF, odpornego na oleje i bitumu, nakr\u0119tka kontroluj\u0105ca moment obrotowy KRASO<sup>\u00ae<\/sup> DKM. Ochrona przed promieniowaniem UV dzi\u0119ki obwodowemu okapnikowi od strony spodniej, zabezpieczenie przed obracaniem, uszczelnienie otworu dachowego za pomoc\u0105 uszczelki EPDM. Mo\u017cliwo\u015b\u0107 dobrania rodzaju materia\u0142\u00f3w izolacyjnych(uszczelniaj\u0105cych): np. Thermofol U15, FPO,RESITRIX<sup>\u00ae<\/sup> , PP, PE, KRASO<sup>\u00ae<\/sup>&#8211; Fol, PYE-PV 200 S5 i wiele innych.<\/p>\n","protected":false},"featured_media":3826,"template":"","meta":{"_acf_changed":false},"product_cat":[138],"product_tag":[],"class_list":{"0":"post-2017","1":"product","2":"type-product","3":"status-publish","4":"has-post-thumbnail","6":"product_cat-przepusty-kablowe","8":"first","9":"instock","10":"shipping-taxable","11":"product-type-simple"},"acf":[],"yoast_head":"<!-- This site is optimized with the Yoast SEO plugin v27.3 - https:\/\/yoast.com\/product\/yoast-seo-wordpress\/ -->\n<title>\u0141ab\u0119dzia Szyja KRASO\u00ae Przepust Do Dach\u00f3w P\u0142askich<\/title>\n<meta name=\"description\" content=\"Przepust do dach\u00f3w p\u0142askich montowany na ko\u0142ki do przeprowadzania kabli za pomoc\u0105 wymiennych wk\u0142ad\u00f3w uszczelniaj\u0105cych KRASO\u00ae\" \/>\n<meta name=\"robots\" content=\"noindex, follow, max-snippet:-1, max-image-preview:large, max-video-preview:-1\" \/>\n<meta property=\"og:locale\" content=\"pl_PL\" \/>\n<meta property=\"og:type\" content=\"article\" \/>\n<meta property=\"og:title\" content=\"\u0141ab\u0119dzia Szyja KRASO\u00ae Przepust Do Dach\u00f3w P\u0142askich\" \/>\n<meta property=\"og:description\" content=\"Przepust do dach\u00f3w p\u0142askich montowany na ko\u0142ki do przeprowadzania kabli za pomoc\u0105 wymiennych wk\u0142ad\u00f3w uszczelniaj\u0105cych KRASO\u00ae\" \/>\n<meta property=\"og:url\" content=\"https:\/\/ugwp.cfolks.pl\/bwb\/produkt\/labedzia-szyja-kraso\/\" \/>\n<meta property=\"og:site_name\" content=\"BWB technology\" \/>\n<meta property=\"article:modified_time\" content=\"2023-09-09T18:57:29+00:00\" \/>\n<meta property=\"og:image\" content=\"https:\/\/ugwp.cfolks.pl\/bwb\/wp-content\/uploads\/Labedzia-szyja-KRASO\u00ae-1.jpg\" \/>\n\t<meta property=\"og:image:width\" content=\"1100\" \/>\n\t<meta property=\"og:image:height\" content=\"810\" \/>\n\t<meta property=\"og:image:type\" content=\"image\/jpeg\" \/>\n<meta name=\"twitter:card\" content=\"summary_large_image\" \/>\n<script type=\"application\/ld+json\" class=\"yoast-schema-graph\">{\"@context\":\"https:\\\/\\\/schema.org\",\"@graph\":[{\"@type\":\"WebPage\",\"@id\":\"https:\\\/\\\/ugwp.cfolks.pl\\\/bwb\\\/produkt\\\/labedzia-szyja-kraso\\\/\",\"url\":\"https:\\\/\\\/ugwp.cfolks.pl\\\/bwb\\\/produkt\\\/labedzia-szyja-kraso\\\/\",\"name\":\"\u0141ab\u0119dzia Szyja KRASO\u00ae Przepust Do Dach\u00f3w P\u0142askich\",\"isPartOf\":{\"@id\":\"https:\\\/\\\/ugwp.cfolks.pl\\\/bwb\\\/#website\"},\"primaryImageOfPage\":{\"@id\":\"https:\\\/\\\/ugwp.cfolks.pl\\\/bwb\\\/produkt\\\/labedzia-szyja-kraso\\\/#primaryimage\"},\"image\":{\"@id\":\"https:\\\/\\\/ugwp.cfolks.pl\\\/bwb\\\/produkt\\\/labedzia-szyja-kraso\\\/#primaryimage\"},\"thumbnailUrl\":\"https:\\\/\\\/ugwp.cfolks.pl\\\/bwb\\\/wp-content\\\/uploads\\\/Labedzia-szyja-KRASO\u00ae-1.jpg\",\"datePublished\":\"2022-10-13T11:00:32+00:00\",\"dateModified\":\"2023-09-09T18:57:29+00:00\",\"description\":\"Przepust do dach\u00f3w p\u0142askich montowany na ko\u0142ki do przeprowadzania kabli za pomoc\u0105 wymiennych wk\u0142ad\u00f3w uszczelniaj\u0105cych KRASO\u00ae\",\"breadcrumb\":{\"@id\":\"https:\\\/\\\/ugwp.cfolks.pl\\\/bwb\\\/produkt\\\/labedzia-szyja-kraso\\\/#breadcrumb\"},\"inLanguage\":\"pl-PL\",\"potentialAction\":[{\"@type\":\"ReadAction\",\"target\":[\"https:\\\/\\\/ugwp.cfolks.pl\\\/bwb\\\/produkt\\\/labedzia-szyja-kraso\\\/\"]}]},{\"@type\":\"ImageObject\",\"inLanguage\":\"pl-PL\",\"@id\":\"https:\\\/\\\/ugwp.cfolks.pl\\\/bwb\\\/produkt\\\/labedzia-szyja-kraso\\\/#primaryimage\",\"url\":\"https:\\\/\\\/ugwp.cfolks.pl\\\/bwb\\\/wp-content\\\/uploads\\\/Labedzia-szyja-KRASO\u00ae-1.jpg\",\"contentUrl\":\"https:\\\/\\\/ugwp.cfolks.pl\\\/bwb\\\/wp-content\\\/uploads\\\/Labedzia-szyja-KRASO\u00ae-1.jpg\",\"width\":1100,\"height\":810,\"caption\":\"\u0141ab\u0119dzia szyja KRASO\u00ae\"},{\"@type\":\"BreadcrumbList\",\"@id\":\"https:\\\/\\\/ugwp.cfolks.pl\\\/bwb\\\/produkt\\\/labedzia-szyja-kraso\\\/#breadcrumb\",\"itemListElement\":[{\"@type\":\"ListItem\",\"position\":1,\"name\":\"Strona g\u0142\u00f3wna\",\"item\":\"https:\\\/\\\/ugwp.cfolks.pl\\\/bwb\\\/\"},{\"@type\":\"ListItem\",\"position\":2,\"name\":\"Wodoszczelne Przej\u015bcia Instalacyjne\",\"item\":\"https:\\\/\\\/ugwp.cfolks.pl\\\/bwb\\\/kategoria\\\/wodoszczelne-przejscia-instalacyjne\\\/\"},{\"@type\":\"ListItem\",\"position\":3,\"name\":\"Przepusty kablowe\",\"item\":\"https:\\\/\\\/ugwp.cfolks.pl\\\/bwb\\\/kategoria\\\/wodoszczelne-przejscia-instalacyjne\\\/przepusty-kablowe\\\/\"},{\"@type\":\"ListItem\",\"position\":4,\"name\":\"\u0141ab\u0119dzia szyja KRASO\u00ae\"}]},{\"@type\":\"WebSite\",\"@id\":\"https:\\\/\\\/ugwp.cfolks.pl\\\/bwb\\\/#website\",\"url\":\"https:\\\/\\\/ugwp.cfolks.pl\\\/bwb\\\/\",\"name\":\"BWB technology\",\"description\":\"Kolejna witryna oparta na WordPressie\",\"potentialAction\":[{\"@type\":\"SearchAction\",\"target\":{\"@type\":\"EntryPoint\",\"urlTemplate\":\"https:\\\/\\\/ugwp.cfolks.pl\\\/bwb\\\/?s={search_term_string}\"},\"query-input\":{\"@type\":\"PropertyValueSpecification\",\"valueRequired\":true,\"valueName\":\"search_term_string\"}}],\"inLanguage\":\"pl-PL\"}]}<\/script>\n<!-- \/ Yoast SEO plugin. -->","yoast_head_json":{"title":"\u0141ab\u0119dzia Szyja KRASO\u00ae Przepust Do Dach\u00f3w P\u0142askich","description":"Przepust do dach\u00f3w p\u0142askich montowany na ko\u0142ki do przeprowadzania kabli za pomoc\u0105 wymiennych wk\u0142ad\u00f3w uszczelniaj\u0105cych KRASO\u00ae","robots":{"index":"noindex","follow":"follow","max-snippet":"max-snippet:-1","max-image-preview":"max-image-preview:large","max-video-preview":"max-video-preview:-1"},"og_locale":"pl_PL","og_type":"article","og_title":"\u0141ab\u0119dzia Szyja KRASO\u00ae Przepust Do Dach\u00f3w P\u0142askich","og_description":"Przepust do dach\u00f3w p\u0142askich montowany na ko\u0142ki do przeprowadzania kabli za pomoc\u0105 wymiennych wk\u0142ad\u00f3w uszczelniaj\u0105cych KRASO\u00ae","og_url":"https:\/\/ugwp.cfolks.pl\/bwb\/produkt\/labedzia-szyja-kraso\/","og_site_name":"BWB technology","article_modified_time":"2023-09-09T18:57:29+00:00","og_image":[{"width":1100,"height":810,"url":"https:\/\/ugwp.cfolks.pl\/bwb\/wp-content\/uploads\/Labedzia-szyja-KRASO\u00ae-1.jpg","type":"image\/jpeg"}],"twitter_card":"summary_large_image","schema":{"@context":"https:\/\/schema.org","@graph":[{"@type":"WebPage","@id":"https:\/\/ugwp.cfolks.pl\/bwb\/produkt\/labedzia-szyja-kraso\/","url":"https:\/\/ugwp.cfolks.pl\/bwb\/produkt\/labedzia-szyja-kraso\/","name":"\u0141ab\u0119dzia Szyja KRASO\u00ae Przepust Do Dach\u00f3w P\u0142askich","isPartOf":{"@id":"https:\/\/ugwp.cfolks.pl\/bwb\/#website"},"primaryImageOfPage":{"@id":"https:\/\/ugwp.cfolks.pl\/bwb\/produkt\/labedzia-szyja-kraso\/#primaryimage"},"image":{"@id":"https:\/\/ugwp.cfolks.pl\/bwb\/produkt\/labedzia-szyja-kraso\/#primaryimage"},"thumbnailUrl":"https:\/\/ugwp.cfolks.pl\/bwb\/wp-content\/uploads\/Labedzia-szyja-KRASO\u00ae-1.jpg","datePublished":"2022-10-13T11:00:32+00:00","dateModified":"2023-09-09T18:57:29+00:00","description":"Przepust do dach\u00f3w p\u0142askich montowany na ko\u0142ki do przeprowadzania kabli za pomoc\u0105 wymiennych wk\u0142ad\u00f3w uszczelniaj\u0105cych KRASO\u00ae","breadcrumb":{"@id":"https:\/\/ugwp.cfolks.pl\/bwb\/produkt\/labedzia-szyja-kraso\/#breadcrumb"},"inLanguage":"pl-PL","potentialAction":[{"@type":"ReadAction","target":["https:\/\/ugwp.cfolks.pl\/bwb\/produkt\/labedzia-szyja-kraso\/"]}]},{"@type":"ImageObject","inLanguage":"pl-PL","@id":"https:\/\/ugwp.cfolks.pl\/bwb\/produkt\/labedzia-szyja-kraso\/#primaryimage","url":"https:\/\/ugwp.cfolks.pl\/bwb\/wp-content\/uploads\/Labedzia-szyja-KRASO\u00ae-1.jpg","contentUrl":"https:\/\/ugwp.cfolks.pl\/bwb\/wp-content\/uploads\/Labedzia-szyja-KRASO\u00ae-1.jpg","width":1100,"height":810,"caption":"\u0141ab\u0119dzia szyja KRASO\u00ae"},{"@type":"BreadcrumbList","@id":"https:\/\/ugwp.cfolks.pl\/bwb\/produkt\/labedzia-szyja-kraso\/#breadcrumb","itemListElement":[{"@type":"ListItem","position":1,"name":"Strona g\u0142\u00f3wna","item":"https:\/\/ugwp.cfolks.pl\/bwb\/"},{"@type":"ListItem","position":2,"name":"Wodoszczelne Przej\u015bcia Instalacyjne","item":"https:\/\/ugwp.cfolks.pl\/bwb\/kategoria\/wodoszczelne-przejscia-instalacyjne\/"},{"@type":"ListItem","position":3,"name":"Przepusty kablowe","item":"https:\/\/ugwp.cfolks.pl\/bwb\/kategoria\/wodoszczelne-przejscia-instalacyjne\/przepusty-kablowe\/"},{"@type":"ListItem","position":4,"name":"\u0141ab\u0119dzia szyja KRASO\u00ae"}]},{"@type":"WebSite","@id":"https:\/\/ugwp.cfolks.pl\/bwb\/#website","url":"https:\/\/ugwp.cfolks.pl\/bwb\/","name":"BWB technology","description":"Kolejna witryna oparta na WordPressie","potentialAction":[{"@type":"SearchAction","target":{"@type":"EntryPoint","urlTemplate":"https:\/\/ugwp.cfolks.pl\/bwb\/?s={search_term_string}"},"query-input":{"@type":"PropertyValueSpecification","valueRequired":true,"valueName":"search_term_string"}}],"inLanguage":"pl-PL"}]}},"_links":{"self":[{"href":"https:\/\/ugwp.cfolks.pl\/bwb\/wp-json\/wp\/v2\/product\/2017","targetHints":{"allow":["GET"]}}],"collection":[{"href":"https:\/\/ugwp.cfolks.pl\/bwb\/wp-json\/wp\/v2\/product"}],"about":[{"href":"https:\/\/ugwp.cfolks.pl\/bwb\/wp-json\/wp\/v2\/types\/product"}],"wp:featuredmedia":[{"embeddable":true,"href":"https:\/\/ugwp.cfolks.pl\/bwb\/wp-json\/wp\/v2\/media\/3826"}],"wp:attachment":[{"href":"https:\/\/ugwp.cfolks.pl\/bwb\/wp-json\/wp\/v2\/media?parent=2017"}],"wp:term":[{"taxonomy":"product_cat","embeddable":true,"href":"https:\/\/ugwp.cfolks.pl\/bwb\/wp-json\/wp\/v2\/product_cat?post=2017"},{"taxonomy":"product_tag","embeddable":true,"href":"https:\/\/ugwp.cfolks.pl\/bwb\/wp-json\/wp\/v2\/product_tag?post=2017"}],"curies":[{"name":"wp","href":"https:\/\/api.w.org\/{rel}","templated":true}]}}