{"id":2013,"date":"2022-10-13T14:52:30","date_gmt":"2022-10-13T12:52:30","guid":{"rendered":"https:\/\/ugwp.cfolks.pl\/bwb\/?post_type=product&#038;p=2013"},"modified":"2023-02-07T09:09:50","modified_gmt":"2023-02-07T08:09:50","slug":"waz-termokurczliwy-kraso-kds-90-1-czesciowy","status":"publish","type":"product","link":"https:\/\/ugwp.cfolks.pl\/bwb\/produkt\/waz-termokurczliwy-kraso-kds-90-1-czesciowy\/","title":{"rendered":"W\u0105\u017c Termokurczliwy KRASO\u00ae KDS 90 &#8211; 1-cz\u0119\u015bciowy"},"content":{"rendered":"","protected":false},"excerpt":{"rendered":"<p>W\u0105\u017c termokurczliwy do przy\u0142\u0105czenia wszystkich rur i kabli o \u015brednicy \u00d8 25-75mm do \u00a0przepust\u00f3w kablowych KRASO<sup>\u00ae<\/sup> KDS 90 za pomoc\u0105 KRASO<sup>\u00ae<\/sup> adaptera systemowego 90 (w zakresie dostawy).<\/p>\n","protected":false},"featured_media":2076,"template":"","meta":{"_acf_changed":false},"product_cat":[138],"product_tag":[],"class_list":{"0":"post-2013","1":"product","2":"type-product","3":"status-publish","4":"has-post-thumbnail","6":"product_cat-przepusty-kablowe","8":"first","9":"instock","10":"shipping-taxable","11":"product-type-simple"},"acf":[],"yoast_head":"<!-- This site is optimized with the Yoast SEO plugin v27.3 - https:\/\/yoast.com\/product\/yoast-seo-wordpress\/ -->\n<title>W\u0105\u017c Termokurczliwy KRASO\u00ae KDS 90 - 1-cz\u0119\u015bciowy Do Rur Kabli<\/title>\n<meta name=\"description\" content=\"W\u0105\u017c termokurczliwy do przy\u0142\u0105czenia wszystkich rur i kabli o \u015brednicy \u00d8 25-75mm do przepust\u00f3w kablowych KRASO\u00ae KDS 90 za pomoc\u0105 KRASO\u00ae adaptera systemowego 90.\" \/>\n<meta name=\"robots\" content=\"noindex, follow, max-snippet:-1, max-image-preview:large, max-video-preview:-1\" \/>\n<meta property=\"og:locale\" content=\"pl_PL\" \/>\n<meta property=\"og:type\" content=\"article\" \/>\n<meta property=\"og:title\" content=\"W\u0105\u017c Termokurczliwy KRASO\u00ae KDS 90 - 1-cz\u0119\u015bciowy Do Rur Kabli\" \/>\n<meta property=\"og:description\" content=\"W\u0105\u017c termokurczliwy do przy\u0142\u0105czenia wszystkich rur i kabli o \u015brednicy \u00d8 25-75mm do przepust\u00f3w kablowych KRASO\u00ae KDS 90 za pomoc\u0105 KRASO\u00ae adaptera systemowego 90.\" \/>\n<meta property=\"og:url\" content=\"https:\/\/ugwp.cfolks.pl\/bwb\/produkt\/waz-termokurczliwy-kraso-kds-90-1-czesciowy\/\" \/>\n<meta property=\"og:site_name\" content=\"BWB technology\" \/>\n<meta property=\"article:modified_time\" content=\"2023-02-07T08:09:50+00:00\" \/>\n<meta property=\"og:image\" content=\"https:\/\/ugwp.cfolks.pl\/bwb\/wp-content\/uploads\/Waz-termokurczliwy-KRASO\u00ae-KDS-90-1-czesciowy.jpg\" \/>\n\t<meta property=\"og:image:width\" content=\"1100\" \/>\n\t<meta property=\"og:image:height\" content=\"810\" \/>\n\t<meta property=\"og:image:type\" content=\"image\/jpeg\" \/>\n<meta name=\"twitter:card\" content=\"summary_large_image\" \/>\n<script type=\"application\/ld+json\" class=\"yoast-schema-graph\">{\"@context\":\"https:\\\/\\\/schema.org\",\"@graph\":[{\"@type\":\"WebPage\",\"@id\":\"https:\\\/\\\/ugwp.cfolks.pl\\\/bwb\\\/produkt\\\/waz-termokurczliwy-kraso-kds-90-1-czesciowy\\\/\",\"url\":\"https:\\\/\\\/ugwp.cfolks.pl\\\/bwb\\\/produkt\\\/waz-termokurczliwy-kraso-kds-90-1-czesciowy\\\/\",\"name\":\"W\u0105\u017c Termokurczliwy KRASO\u00ae KDS 90 - 1-cz\u0119\u015bciowy Do Rur Kabli\",\"isPartOf\":{\"@id\":\"https:\\\/\\\/ugwp.cfolks.pl\\\/bwb\\\/#website\"},\"primaryImageOfPage\":{\"@id\":\"https:\\\/\\\/ugwp.cfolks.pl\\\/bwb\\\/produkt\\\/waz-termokurczliwy-kraso-kds-90-1-czesciowy\\\/#primaryimage\"},\"image\":{\"@id\":\"https:\\\/\\\/ugwp.cfolks.pl\\\/bwb\\\/produkt\\\/waz-termokurczliwy-kraso-kds-90-1-czesciowy\\\/#primaryimage\"},\"thumbnailUrl\":\"https:\\\/\\\/ugwp.cfolks.pl\\\/bwb\\\/wp-content\\\/uploads\\\/Waz-termokurczliwy-KRASO\u00ae-KDS-90-1-czesciowy.jpg\",\"datePublished\":\"2022-10-13T12:52:30+00:00\",\"dateModified\":\"2023-02-07T08:09:50+00:00\",\"description\":\"W\u0105\u017c termokurczliwy do przy\u0142\u0105czenia wszystkich rur i kabli o \u015brednicy \u00d8 25-75mm do przepust\u00f3w kablowych KRASO\u00ae KDS 90 za pomoc\u0105 KRASO\u00ae adaptera systemowego 90.\",\"breadcrumb\":{\"@id\":\"https:\\\/\\\/ugwp.cfolks.pl\\\/bwb\\\/produkt\\\/waz-termokurczliwy-kraso-kds-90-1-czesciowy\\\/#breadcrumb\"},\"inLanguage\":\"pl-PL\",\"potentialAction\":[{\"@type\":\"ReadAction\",\"target\":[\"https:\\\/\\\/ugwp.cfolks.pl\\\/bwb\\\/produkt\\\/waz-termokurczliwy-kraso-kds-90-1-czesciowy\\\/\"]}]},{\"@type\":\"ImageObject\",\"inLanguage\":\"pl-PL\",\"@id\":\"https:\\\/\\\/ugwp.cfolks.pl\\\/bwb\\\/produkt\\\/waz-termokurczliwy-kraso-kds-90-1-czesciowy\\\/#primaryimage\",\"url\":\"https:\\\/\\\/ugwp.cfolks.pl\\\/bwb\\\/wp-content\\\/uploads\\\/Waz-termokurczliwy-KRASO\u00ae-KDS-90-1-czesciowy.jpg\",\"contentUrl\":\"https:\\\/\\\/ugwp.cfolks.pl\\\/bwb\\\/wp-content\\\/uploads\\\/Waz-termokurczliwy-KRASO\u00ae-KDS-90-1-czesciowy.jpg\",\"width\":1100,\"height\":810,\"caption\":\"W\u0105\u017c termokurczliwy KRASO\u00ae KDS 90 - 1-cz\u0119\u015bciowy\"},{\"@type\":\"BreadcrumbList\",\"@id\":\"https:\\\/\\\/ugwp.cfolks.pl\\\/bwb\\\/produkt\\\/waz-termokurczliwy-kraso-kds-90-1-czesciowy\\\/#breadcrumb\",\"itemListElement\":[{\"@type\":\"ListItem\",\"position\":1,\"name\":\"Strona g\u0142\u00f3wna\",\"item\":\"https:\\\/\\\/ugwp.cfolks.pl\\\/bwb\\\/\"},{\"@type\":\"ListItem\",\"position\":2,\"name\":\"Wodoszczelne Przej\u015bcia Instalacyjne\",\"item\":\"https:\\\/\\\/ugwp.cfolks.pl\\\/bwb\\\/kategoria\\\/wodoszczelne-przejscia-instalacyjne\\\/\"},{\"@type\":\"ListItem\",\"position\":3,\"name\":\"Przepusty kablowe\",\"item\":\"https:\\\/\\\/ugwp.cfolks.pl\\\/bwb\\\/kategoria\\\/wodoszczelne-przejscia-instalacyjne\\\/przepusty-kablowe\\\/\"},{\"@type\":\"ListItem\",\"position\":4,\"name\":\"W\u0105\u017c Termokurczliwy KRASO\u00ae KDS 90 &#8211; 1-cz\u0119\u015bciowy\"}]},{\"@type\":\"WebSite\",\"@id\":\"https:\\\/\\\/ugwp.cfolks.pl\\\/bwb\\\/#website\",\"url\":\"https:\\\/\\\/ugwp.cfolks.pl\\\/bwb\\\/\",\"name\":\"BWB technology\",\"description\":\"Kolejna witryna oparta na WordPressie\",\"potentialAction\":[{\"@type\":\"SearchAction\",\"target\":{\"@type\":\"EntryPoint\",\"urlTemplate\":\"https:\\\/\\\/ugwp.cfolks.pl\\\/bwb\\\/?s={search_term_string}\"},\"query-input\":{\"@type\":\"PropertyValueSpecification\",\"valueRequired\":true,\"valueName\":\"search_term_string\"}}],\"inLanguage\":\"pl-PL\"}]}<\/script>\n<!-- \/ Yoast SEO plugin. -->","yoast_head_json":{"title":"W\u0105\u017c Termokurczliwy KRASO\u00ae KDS 90 - 1-cz\u0119\u015bciowy Do Rur Kabli","description":"W\u0105\u017c termokurczliwy do przy\u0142\u0105czenia wszystkich rur i kabli o \u015brednicy \u00d8 25-75mm do przepust\u00f3w kablowych KRASO\u00ae KDS 90 za pomoc\u0105 KRASO\u00ae adaptera systemowego 90.","robots":{"index":"noindex","follow":"follow","max-snippet":"max-snippet:-1","max-image-preview":"max-image-preview:large","max-video-preview":"max-video-preview:-1"},"og_locale":"pl_PL","og_type":"article","og_title":"W\u0105\u017c Termokurczliwy KRASO\u00ae KDS 90 - 1-cz\u0119\u015bciowy Do Rur Kabli","og_description":"W\u0105\u017c termokurczliwy do przy\u0142\u0105czenia wszystkich rur i kabli o \u015brednicy \u00d8 25-75mm do przepust\u00f3w kablowych KRASO\u00ae KDS 90 za pomoc\u0105 KRASO\u00ae adaptera systemowego 90.","og_url":"https:\/\/ugwp.cfolks.pl\/bwb\/produkt\/waz-termokurczliwy-kraso-kds-90-1-czesciowy\/","og_site_name":"BWB technology","article_modified_time":"2023-02-07T08:09:50+00:00","og_image":[{"width":1100,"height":810,"url":"https:\/\/ugwp.cfolks.pl\/bwb\/wp-content\/uploads\/Waz-termokurczliwy-KRASO\u00ae-KDS-90-1-czesciowy.jpg","type":"image\/jpeg"}],"twitter_card":"summary_large_image","schema":{"@context":"https:\/\/schema.org","@graph":[{"@type":"WebPage","@id":"https:\/\/ugwp.cfolks.pl\/bwb\/produkt\/waz-termokurczliwy-kraso-kds-90-1-czesciowy\/","url":"https:\/\/ugwp.cfolks.pl\/bwb\/produkt\/waz-termokurczliwy-kraso-kds-90-1-czesciowy\/","name":"W\u0105\u017c Termokurczliwy KRASO\u00ae KDS 90 - 1-cz\u0119\u015bciowy Do Rur Kabli","isPartOf":{"@id":"https:\/\/ugwp.cfolks.pl\/bwb\/#website"},"primaryImageOfPage":{"@id":"https:\/\/ugwp.cfolks.pl\/bwb\/produkt\/waz-termokurczliwy-kraso-kds-90-1-czesciowy\/#primaryimage"},"image":{"@id":"https:\/\/ugwp.cfolks.pl\/bwb\/produkt\/waz-termokurczliwy-kraso-kds-90-1-czesciowy\/#primaryimage"},"thumbnailUrl":"https:\/\/ugwp.cfolks.pl\/bwb\/wp-content\/uploads\/Waz-termokurczliwy-KRASO\u00ae-KDS-90-1-czesciowy.jpg","datePublished":"2022-10-13T12:52:30+00:00","dateModified":"2023-02-07T08:09:50+00:00","description":"W\u0105\u017c termokurczliwy do przy\u0142\u0105czenia wszystkich rur i kabli o \u015brednicy \u00d8 25-75mm do przepust\u00f3w kablowych KRASO\u00ae KDS 90 za pomoc\u0105 KRASO\u00ae adaptera systemowego 90.","breadcrumb":{"@id":"https:\/\/ugwp.cfolks.pl\/bwb\/produkt\/waz-termokurczliwy-kraso-kds-90-1-czesciowy\/#breadcrumb"},"inLanguage":"pl-PL","potentialAction":[{"@type":"ReadAction","target":["https:\/\/ugwp.cfolks.pl\/bwb\/produkt\/waz-termokurczliwy-kraso-kds-90-1-czesciowy\/"]}]},{"@type":"ImageObject","inLanguage":"pl-PL","@id":"https:\/\/ugwp.cfolks.pl\/bwb\/produkt\/waz-termokurczliwy-kraso-kds-90-1-czesciowy\/#primaryimage","url":"https:\/\/ugwp.cfolks.pl\/bwb\/wp-content\/uploads\/Waz-termokurczliwy-KRASO\u00ae-KDS-90-1-czesciowy.jpg","contentUrl":"https:\/\/ugwp.cfolks.pl\/bwb\/wp-content\/uploads\/Waz-termokurczliwy-KRASO\u00ae-KDS-90-1-czesciowy.jpg","width":1100,"height":810,"caption":"W\u0105\u017c termokurczliwy KRASO\u00ae KDS 90 - 1-cz\u0119\u015bciowy"},{"@type":"BreadcrumbList","@id":"https:\/\/ugwp.cfolks.pl\/bwb\/produkt\/waz-termokurczliwy-kraso-kds-90-1-czesciowy\/#breadcrumb","itemListElement":[{"@type":"ListItem","position":1,"name":"Strona g\u0142\u00f3wna","item":"https:\/\/ugwp.cfolks.pl\/bwb\/"},{"@type":"ListItem","position":2,"name":"Wodoszczelne Przej\u015bcia Instalacyjne","item":"https:\/\/ugwp.cfolks.pl\/bwb\/kategoria\/wodoszczelne-przejscia-instalacyjne\/"},{"@type":"ListItem","position":3,"name":"Przepusty kablowe","item":"https:\/\/ugwp.cfolks.pl\/bwb\/kategoria\/wodoszczelne-przejscia-instalacyjne\/przepusty-kablowe\/"},{"@type":"ListItem","position":4,"name":"W\u0105\u017c Termokurczliwy KRASO\u00ae KDS 90 &#8211; 1-cz\u0119\u015bciowy"}]},{"@type":"WebSite","@id":"https:\/\/ugwp.cfolks.pl\/bwb\/#website","url":"https:\/\/ugwp.cfolks.pl\/bwb\/","name":"BWB technology","description":"Kolejna witryna oparta na WordPressie","potentialAction":[{"@type":"SearchAction","target":{"@type":"EntryPoint","urlTemplate":"https:\/\/ugwp.cfolks.pl\/bwb\/?s={search_term_string}"},"query-input":{"@type":"PropertyValueSpecification","valueRequired":true,"valueName":"search_term_string"}}],"inLanguage":"pl-PL"}]}},"_links":{"self":[{"href":"https:\/\/ugwp.cfolks.pl\/bwb\/wp-json\/wp\/v2\/product\/2013","targetHints":{"allow":["GET"]}}],"collection":[{"href":"https:\/\/ugwp.cfolks.pl\/bwb\/wp-json\/wp\/v2\/product"}],"about":[{"href":"https:\/\/ugwp.cfolks.pl\/bwb\/wp-json\/wp\/v2\/types\/product"}],"wp:featuredmedia":[{"embeddable":true,"href":"https:\/\/ugwp.cfolks.pl\/bwb\/wp-json\/wp\/v2\/media\/2076"}],"wp:attachment":[{"href":"https:\/\/ugwp.cfolks.pl\/bwb\/wp-json\/wp\/v2\/media?parent=2013"}],"wp:term":[{"taxonomy":"product_cat","embeddable":true,"href":"https:\/\/ugwp.cfolks.pl\/bwb\/wp-json\/wp\/v2\/product_cat?post=2013"},{"taxonomy":"product_tag","embeddable":true,"href":"https:\/\/ugwp.cfolks.pl\/bwb\/wp-json\/wp\/v2\/product_tag?post=2013"}],"curies":[{"name":"wp","href":"https:\/\/api.w.org\/{rel}","templated":true}]}}