{"id":2008,"date":"2022-10-13T14:20:31","date_gmt":"2022-10-13T12:20:31","guid":{"rendered":"https:\/\/ugwp.cfolks.pl\/bwb\/?post_type=product&#038;p=2008"},"modified":"2023-09-09T15:37:55","modified_gmt":"2023-09-09T13:37:55","slug":"adapter-systemowy-kraso-kds-150-technologia-termokurczliwa","status":"publish","type":"product","link":"https:\/\/ugwp.cfolks.pl\/bwb\/produkt\/adapter-systemowy-kraso-kds-150-technologia-termokurczliwa\/","title":{"rendered":"Adapter systemowy KRASO\u00ae KDS 150 &#8211; technologia termokurczliwa"},"content":{"rendered":"","protected":false},"excerpt":{"rendered":"<p>Adapter systemowy KRASO<sup>\u00ae<\/sup> KDS 150 &#8211; technologia termokurczliwa wraz z po\u0142\u0105czeniem bagnetowym oraz nakr\u0119tk\u0105 z\u0142\u0105czkow\u0105 z zabezpieczeniem przed przekr\u0119ceniem, z 1, 3 lub 7 gniazdami do przy\u0142\u0105czenia rur lub kabli, w zestawie rurki termokurczliwe (d\u0142ugo\u015b\u0107 ok. 20 cm) do \u0142\u0105czenia w technologii termokurczliwej. Fabrycznie zamontowana wodoszczelna za\u015blepka zamykaj\u0105ca KRASO<sup>\u00ae<\/sup> KDS 150-technologia termokurczliwa &#8211; dost\u0119pna wersja z 3 i 7 gniazdami.<\/p>\n","protected":false},"featured_media":3806,"template":"","meta":{"_acf_changed":false},"product_cat":[138],"product_tag":[],"class_list":{"0":"post-2008","1":"product","2":"type-product","3":"status-publish","4":"has-post-thumbnail","6":"product_cat-przepusty-kablowe","8":"first","9":"instock","10":"shipping-taxable","11":"product-type-simple"},"acf":[],"yoast_head":"<!-- This site is optimized with the Yoast SEO plugin v27.3 - https:\/\/yoast.com\/product\/yoast-seo-wordpress\/ -->\n<title>Adapter Systemowy KRASO\u00ae KDS 150 - Tech. Termokurczliwa<\/title>\n<meta name=\"description\" content=\"Adapter systemowy KRASO\u00ae KDS 150 \u2013 technologia termokurczliwa wraz z po\u0142\u0105czeniem bagnetowym oraz nakr\u0119tk\u0105 z\u0142\u0105czkow\u0105 z zabezpieczeniem przed przekr\u0119ceniem.\" \/>\n<meta name=\"robots\" content=\"noindex, follow, max-snippet:-1, max-image-preview:large, max-video-preview:-1\" \/>\n<meta property=\"og:locale\" content=\"pl_PL\" \/>\n<meta property=\"og:type\" content=\"article\" \/>\n<meta property=\"og:title\" content=\"Adapter Systemowy KRASO\u00ae KDS 150 - Tech. Termokurczliwa\" \/>\n<meta property=\"og:description\" content=\"Adapter systemowy KRASO\u00ae KDS 150 \u2013 technologia termokurczliwa wraz z po\u0142\u0105czeniem bagnetowym oraz nakr\u0119tk\u0105 z\u0142\u0105czkow\u0105 z zabezpieczeniem przed przekr\u0119ceniem.\" \/>\n<meta property=\"og:url\" content=\"https:\/\/ugwp.cfolks.pl\/bwb\/produkt\/adapter-systemowy-kraso-kds-150-technologia-termokurczliwa\/\" \/>\n<meta property=\"og:site_name\" content=\"BWB technology\" \/>\n<meta property=\"article:modified_time\" content=\"2023-09-09T13:37:55+00:00\" \/>\n<meta property=\"og:image\" content=\"https:\/\/ugwp.cfolks.pl\/bwb\/wp-content\/uploads\/Adapter-systemowy-KRASO\u00ae-KDS-150-technologia-termokurczliwa.jpg\" \/>\n\t<meta property=\"og:image:width\" content=\"1100\" \/>\n\t<meta property=\"og:image:height\" content=\"810\" \/>\n\t<meta property=\"og:image:type\" content=\"image\/jpeg\" \/>\n<meta name=\"twitter:card\" content=\"summary_large_image\" \/>\n<script type=\"application\/ld+json\" class=\"yoast-schema-graph\">{\"@context\":\"https:\\\/\\\/schema.org\",\"@graph\":[{\"@type\":\"WebPage\",\"@id\":\"https:\\\/\\\/ugwp.cfolks.pl\\\/bwb\\\/produkt\\\/adapter-systemowy-kraso-kds-150-technologia-termokurczliwa\\\/\",\"url\":\"https:\\\/\\\/ugwp.cfolks.pl\\\/bwb\\\/produkt\\\/adapter-systemowy-kraso-kds-150-technologia-termokurczliwa\\\/\",\"name\":\"Adapter Systemowy KRASO\u00ae KDS 150 - Tech. Termokurczliwa\",\"isPartOf\":{\"@id\":\"https:\\\/\\\/ugwp.cfolks.pl\\\/bwb\\\/#website\"},\"primaryImageOfPage\":{\"@id\":\"https:\\\/\\\/ugwp.cfolks.pl\\\/bwb\\\/produkt\\\/adapter-systemowy-kraso-kds-150-technologia-termokurczliwa\\\/#primaryimage\"},\"image\":{\"@id\":\"https:\\\/\\\/ugwp.cfolks.pl\\\/bwb\\\/produkt\\\/adapter-systemowy-kraso-kds-150-technologia-termokurczliwa\\\/#primaryimage\"},\"thumbnailUrl\":\"https:\\\/\\\/ugwp.cfolks.pl\\\/bwb\\\/wp-content\\\/uploads\\\/Adapter-systemowy-KRASO\u00ae-KDS-150-technologia-termokurczliwa.jpg\",\"datePublished\":\"2022-10-13T12:20:31+00:00\",\"dateModified\":\"2023-09-09T13:37:55+00:00\",\"description\":\"Adapter systemowy KRASO\u00ae KDS 150 \u2013 technologia termokurczliwa wraz z po\u0142\u0105czeniem bagnetowym oraz nakr\u0119tk\u0105 z\u0142\u0105czkow\u0105 z zabezpieczeniem przed przekr\u0119ceniem.\",\"breadcrumb\":{\"@id\":\"https:\\\/\\\/ugwp.cfolks.pl\\\/bwb\\\/produkt\\\/adapter-systemowy-kraso-kds-150-technologia-termokurczliwa\\\/#breadcrumb\"},\"inLanguage\":\"pl-PL\",\"potentialAction\":[{\"@type\":\"ReadAction\",\"target\":[\"https:\\\/\\\/ugwp.cfolks.pl\\\/bwb\\\/produkt\\\/adapter-systemowy-kraso-kds-150-technologia-termokurczliwa\\\/\"]}]},{\"@type\":\"ImageObject\",\"inLanguage\":\"pl-PL\",\"@id\":\"https:\\\/\\\/ugwp.cfolks.pl\\\/bwb\\\/produkt\\\/adapter-systemowy-kraso-kds-150-technologia-termokurczliwa\\\/#primaryimage\",\"url\":\"https:\\\/\\\/ugwp.cfolks.pl\\\/bwb\\\/wp-content\\\/uploads\\\/Adapter-systemowy-KRASO\u00ae-KDS-150-technologia-termokurczliwa.jpg\",\"contentUrl\":\"https:\\\/\\\/ugwp.cfolks.pl\\\/bwb\\\/wp-content\\\/uploads\\\/Adapter-systemowy-KRASO\u00ae-KDS-150-technologia-termokurczliwa.jpg\",\"width\":1100,\"height\":810,\"caption\":\"Adapter systemowy KRASO\u00ae KDS 150 - technologia termokurczliwa\"},{\"@type\":\"BreadcrumbList\",\"@id\":\"https:\\\/\\\/ugwp.cfolks.pl\\\/bwb\\\/produkt\\\/adapter-systemowy-kraso-kds-150-technologia-termokurczliwa\\\/#breadcrumb\",\"itemListElement\":[{\"@type\":\"ListItem\",\"position\":1,\"name\":\"Strona g\u0142\u00f3wna\",\"item\":\"https:\\\/\\\/ugwp.cfolks.pl\\\/bwb\\\/\"},{\"@type\":\"ListItem\",\"position\":2,\"name\":\"Wodoszczelne Przej\u015bcia Instalacyjne\",\"item\":\"https:\\\/\\\/ugwp.cfolks.pl\\\/bwb\\\/kategoria\\\/wodoszczelne-przejscia-instalacyjne\\\/\"},{\"@type\":\"ListItem\",\"position\":3,\"name\":\"Przepusty kablowe\",\"item\":\"https:\\\/\\\/ugwp.cfolks.pl\\\/bwb\\\/kategoria\\\/wodoszczelne-przejscia-instalacyjne\\\/przepusty-kablowe\\\/\"},{\"@type\":\"ListItem\",\"position\":4,\"name\":\"Adapter systemowy KRASO\u00ae KDS 150 &#8211; technologia termokurczliwa\"}]},{\"@type\":\"WebSite\",\"@id\":\"https:\\\/\\\/ugwp.cfolks.pl\\\/bwb\\\/#website\",\"url\":\"https:\\\/\\\/ugwp.cfolks.pl\\\/bwb\\\/\",\"name\":\"BWB technology\",\"description\":\"Kolejna witryna oparta na WordPressie\",\"potentialAction\":[{\"@type\":\"SearchAction\",\"target\":{\"@type\":\"EntryPoint\",\"urlTemplate\":\"https:\\\/\\\/ugwp.cfolks.pl\\\/bwb\\\/?s={search_term_string}\"},\"query-input\":{\"@type\":\"PropertyValueSpecification\",\"valueRequired\":true,\"valueName\":\"search_term_string\"}}],\"inLanguage\":\"pl-PL\"}]}<\/script>\n<!-- \/ Yoast SEO plugin. -->","yoast_head_json":{"title":"Adapter Systemowy KRASO\u00ae KDS 150 - Tech. Termokurczliwa","description":"Adapter systemowy KRASO\u00ae KDS 150 \u2013 technologia termokurczliwa wraz z po\u0142\u0105czeniem bagnetowym oraz nakr\u0119tk\u0105 z\u0142\u0105czkow\u0105 z zabezpieczeniem przed przekr\u0119ceniem.","robots":{"index":"noindex","follow":"follow","max-snippet":"max-snippet:-1","max-image-preview":"max-image-preview:large","max-video-preview":"max-video-preview:-1"},"og_locale":"pl_PL","og_type":"article","og_title":"Adapter Systemowy KRASO\u00ae KDS 150 - Tech. Termokurczliwa","og_description":"Adapter systemowy KRASO\u00ae KDS 150 \u2013 technologia termokurczliwa wraz z po\u0142\u0105czeniem bagnetowym oraz nakr\u0119tk\u0105 z\u0142\u0105czkow\u0105 z zabezpieczeniem przed przekr\u0119ceniem.","og_url":"https:\/\/ugwp.cfolks.pl\/bwb\/produkt\/adapter-systemowy-kraso-kds-150-technologia-termokurczliwa\/","og_site_name":"BWB technology","article_modified_time":"2023-09-09T13:37:55+00:00","og_image":[{"width":1100,"height":810,"url":"https:\/\/ugwp.cfolks.pl\/bwb\/wp-content\/uploads\/Adapter-systemowy-KRASO\u00ae-KDS-150-technologia-termokurczliwa.jpg","type":"image\/jpeg"}],"twitter_card":"summary_large_image","schema":{"@context":"https:\/\/schema.org","@graph":[{"@type":"WebPage","@id":"https:\/\/ugwp.cfolks.pl\/bwb\/produkt\/adapter-systemowy-kraso-kds-150-technologia-termokurczliwa\/","url":"https:\/\/ugwp.cfolks.pl\/bwb\/produkt\/adapter-systemowy-kraso-kds-150-technologia-termokurczliwa\/","name":"Adapter Systemowy KRASO\u00ae KDS 150 - Tech. Termokurczliwa","isPartOf":{"@id":"https:\/\/ugwp.cfolks.pl\/bwb\/#website"},"primaryImageOfPage":{"@id":"https:\/\/ugwp.cfolks.pl\/bwb\/produkt\/adapter-systemowy-kraso-kds-150-technologia-termokurczliwa\/#primaryimage"},"image":{"@id":"https:\/\/ugwp.cfolks.pl\/bwb\/produkt\/adapter-systemowy-kraso-kds-150-technologia-termokurczliwa\/#primaryimage"},"thumbnailUrl":"https:\/\/ugwp.cfolks.pl\/bwb\/wp-content\/uploads\/Adapter-systemowy-KRASO\u00ae-KDS-150-technologia-termokurczliwa.jpg","datePublished":"2022-10-13T12:20:31+00:00","dateModified":"2023-09-09T13:37:55+00:00","description":"Adapter systemowy KRASO\u00ae KDS 150 \u2013 technologia termokurczliwa wraz z po\u0142\u0105czeniem bagnetowym oraz nakr\u0119tk\u0105 z\u0142\u0105czkow\u0105 z zabezpieczeniem przed przekr\u0119ceniem.","breadcrumb":{"@id":"https:\/\/ugwp.cfolks.pl\/bwb\/produkt\/adapter-systemowy-kraso-kds-150-technologia-termokurczliwa\/#breadcrumb"},"inLanguage":"pl-PL","potentialAction":[{"@type":"ReadAction","target":["https:\/\/ugwp.cfolks.pl\/bwb\/produkt\/adapter-systemowy-kraso-kds-150-technologia-termokurczliwa\/"]}]},{"@type":"ImageObject","inLanguage":"pl-PL","@id":"https:\/\/ugwp.cfolks.pl\/bwb\/produkt\/adapter-systemowy-kraso-kds-150-technologia-termokurczliwa\/#primaryimage","url":"https:\/\/ugwp.cfolks.pl\/bwb\/wp-content\/uploads\/Adapter-systemowy-KRASO\u00ae-KDS-150-technologia-termokurczliwa.jpg","contentUrl":"https:\/\/ugwp.cfolks.pl\/bwb\/wp-content\/uploads\/Adapter-systemowy-KRASO\u00ae-KDS-150-technologia-termokurczliwa.jpg","width":1100,"height":810,"caption":"Adapter systemowy KRASO\u00ae KDS 150 - technologia termokurczliwa"},{"@type":"BreadcrumbList","@id":"https:\/\/ugwp.cfolks.pl\/bwb\/produkt\/adapter-systemowy-kraso-kds-150-technologia-termokurczliwa\/#breadcrumb","itemListElement":[{"@type":"ListItem","position":1,"name":"Strona g\u0142\u00f3wna","item":"https:\/\/ugwp.cfolks.pl\/bwb\/"},{"@type":"ListItem","position":2,"name":"Wodoszczelne Przej\u015bcia Instalacyjne","item":"https:\/\/ugwp.cfolks.pl\/bwb\/kategoria\/wodoszczelne-przejscia-instalacyjne\/"},{"@type":"ListItem","position":3,"name":"Przepusty kablowe","item":"https:\/\/ugwp.cfolks.pl\/bwb\/kategoria\/wodoszczelne-przejscia-instalacyjne\/przepusty-kablowe\/"},{"@type":"ListItem","position":4,"name":"Adapter systemowy KRASO\u00ae KDS 150 &#8211; technologia termokurczliwa"}]},{"@type":"WebSite","@id":"https:\/\/ugwp.cfolks.pl\/bwb\/#website","url":"https:\/\/ugwp.cfolks.pl\/bwb\/","name":"BWB technology","description":"Kolejna witryna oparta na WordPressie","potentialAction":[{"@type":"SearchAction","target":{"@type":"EntryPoint","urlTemplate":"https:\/\/ugwp.cfolks.pl\/bwb\/?s={search_term_string}"},"query-input":{"@type":"PropertyValueSpecification","valueRequired":true,"valueName":"search_term_string"}}],"inLanguage":"pl-PL"}]}},"_links":{"self":[{"href":"https:\/\/ugwp.cfolks.pl\/bwb\/wp-json\/wp\/v2\/product\/2008","targetHints":{"allow":["GET"]}}],"collection":[{"href":"https:\/\/ugwp.cfolks.pl\/bwb\/wp-json\/wp\/v2\/product"}],"about":[{"href":"https:\/\/ugwp.cfolks.pl\/bwb\/wp-json\/wp\/v2\/types\/product"}],"wp:featuredmedia":[{"embeddable":true,"href":"https:\/\/ugwp.cfolks.pl\/bwb\/wp-json\/wp\/v2\/media\/3806"}],"wp:attachment":[{"href":"https:\/\/ugwp.cfolks.pl\/bwb\/wp-json\/wp\/v2\/media?parent=2008"}],"wp:term":[{"taxonomy":"product_cat","embeddable":true,"href":"https:\/\/ugwp.cfolks.pl\/bwb\/wp-json\/wp\/v2\/product_cat?post=2008"},{"taxonomy":"product_tag","embeddable":true,"href":"https:\/\/ugwp.cfolks.pl\/bwb\/wp-json\/wp\/v2\/product_tag?post=2008"}],"curies":[{"name":"wp","href":"https:\/\/api.w.org\/{rel}","templated":true}]}}