{"id":2004,"date":"2022-10-13T14:40:03","date_gmt":"2022-10-13T12:40:03","guid":{"rendered":"https:\/\/ugwp.cfolks.pl\/bwb\/?post_type=product&#038;p=2004"},"modified":"2023-09-10T08:52:31","modified_gmt":"2023-09-10T06:52:31","slug":"systemowy-wklad-uszczelniajacy-kraso-kds-150","status":"publish","type":"product","link":"https:\/\/ugwp.cfolks.pl\/bwb\/produkt\/systemowy-wklad-uszczelniajacy-kraso-kds-150\/","title":{"rendered":"Systemowy wk\u0142ad uszczelniaj\u0105cy KRASO\u00ae KDS 150"},"content":{"rendered":"","protected":false},"excerpt":{"rendered":"<p>Systemowy wk\u0142ad uszczelniaj\u0105cy KRASO<sup>\u00ae<\/sup> przeznaczony jest specjalnie do stosowania w przepustach kablowych KRASO<sup>\u00ae<\/sup> KDS 150, odporny na wod\u0119 pod ci\u015bnieniem do 2,5 bara, uszczelka grubo\u015bci 30 mm wykonana ze specjalnej mieszanki gumowej, nakr\u0119tki kontroluj\u0105ce moment obrotowy KRASO<sup>\u00ae<\/sup> DKM u\u0142atwiaj\u0105 monta\u017c bez klucza dynamometrycznego, p\u0142yty dociskowe o grubo\u015bci 5 mm wykonane s\u0105 ze stali nierdzewnej V2A.<\/p>\n","protected":false},"featured_media":3831,"template":"","meta":{"_acf_changed":false},"product_cat":[138],"product_tag":[],"class_list":{"0":"post-2004","1":"product","2":"type-product","3":"status-publish","4":"has-post-thumbnail","6":"product_cat-przepusty-kablowe","8":"first","9":"instock","10":"shipping-taxable","11":"product-type-simple"},"acf":[],"yoast_head":"<!-- This site is optimized with the Yoast SEO plugin v27.3 - https:\/\/yoast.com\/product\/yoast-seo-wordpress\/ -->\n<title>Systemowy Wk\u0142ad Uszczelniaj\u0105cy KRASO\u00ae KDS 150<\/title>\n<meta name=\"description\" content=\"Systemowy Wk\u0142ad Uszczelniaj\u0105cy KRASO\u00ae przeznaczony specjalnie do stosowania w przepustach kablowych KRASO\u00ae KDS 150 - odporny na wod\u0119\" \/>\n<meta name=\"robots\" content=\"noindex, follow, max-snippet:-1, max-image-preview:large, max-video-preview:-1\" \/>\n<meta property=\"og:locale\" content=\"pl_PL\" \/>\n<meta property=\"og:type\" content=\"article\" \/>\n<meta property=\"og:title\" content=\"Systemowy Wk\u0142ad Uszczelniaj\u0105cy KRASO\u00ae KDS 150\" \/>\n<meta property=\"og:description\" content=\"Systemowy Wk\u0142ad Uszczelniaj\u0105cy KRASO\u00ae przeznaczony specjalnie do stosowania w przepustach kablowych KRASO\u00ae KDS 150 - odporny na wod\u0119\" \/>\n<meta property=\"og:url\" content=\"https:\/\/ugwp.cfolks.pl\/bwb\/produkt\/systemowy-wklad-uszczelniajacy-kraso-kds-150\/\" \/>\n<meta property=\"og:site_name\" content=\"BWB technology\" \/>\n<meta property=\"article:modified_time\" content=\"2023-09-10T06:52:31+00:00\" \/>\n<meta property=\"og:image\" content=\"https:\/\/ugwp.cfolks.pl\/bwb\/wp-content\/uploads\/Systemowy-wklad-uszczelniajacy-KRASO\u00ae-KDS-150-pojedynczy-dzielony-1.jpg\" \/>\n\t<meta property=\"og:image:width\" content=\"1100\" \/>\n\t<meta property=\"og:image:height\" content=\"810\" \/>\n\t<meta property=\"og:image:type\" content=\"image\/jpeg\" \/>\n<meta name=\"twitter:card\" content=\"summary_large_image\" \/>\n<script type=\"application\/ld+json\" class=\"yoast-schema-graph\">{\"@context\":\"https:\\\/\\\/schema.org\",\"@graph\":[{\"@type\":\"WebPage\",\"@id\":\"https:\\\/\\\/ugwp.cfolks.pl\\\/bwb\\\/produkt\\\/systemowy-wklad-uszczelniajacy-kraso-kds-150\\\/\",\"url\":\"https:\\\/\\\/ugwp.cfolks.pl\\\/bwb\\\/produkt\\\/systemowy-wklad-uszczelniajacy-kraso-kds-150\\\/\",\"name\":\"Systemowy Wk\u0142ad Uszczelniaj\u0105cy KRASO\u00ae KDS 150\",\"isPartOf\":{\"@id\":\"https:\\\/\\\/ugwp.cfolks.pl\\\/bwb\\\/#website\"},\"primaryImageOfPage\":{\"@id\":\"https:\\\/\\\/ugwp.cfolks.pl\\\/bwb\\\/produkt\\\/systemowy-wklad-uszczelniajacy-kraso-kds-150\\\/#primaryimage\"},\"image\":{\"@id\":\"https:\\\/\\\/ugwp.cfolks.pl\\\/bwb\\\/produkt\\\/systemowy-wklad-uszczelniajacy-kraso-kds-150\\\/#primaryimage\"},\"thumbnailUrl\":\"https:\\\/\\\/ugwp.cfolks.pl\\\/bwb\\\/wp-content\\\/uploads\\\/Systemowy-wklad-uszczelniajacy-KRASO\u00ae-KDS-150-pojedynczy-dzielony-1.jpg\",\"datePublished\":\"2022-10-13T12:40:03+00:00\",\"dateModified\":\"2023-09-10T06:52:31+00:00\",\"description\":\"Systemowy Wk\u0142ad Uszczelniaj\u0105cy KRASO\u00ae przeznaczony specjalnie do stosowania w przepustach kablowych KRASO\u00ae KDS 150 - odporny na wod\u0119\",\"breadcrumb\":{\"@id\":\"https:\\\/\\\/ugwp.cfolks.pl\\\/bwb\\\/produkt\\\/systemowy-wklad-uszczelniajacy-kraso-kds-150\\\/#breadcrumb\"},\"inLanguage\":\"pl-PL\",\"potentialAction\":[{\"@type\":\"ReadAction\",\"target\":[\"https:\\\/\\\/ugwp.cfolks.pl\\\/bwb\\\/produkt\\\/systemowy-wklad-uszczelniajacy-kraso-kds-150\\\/\"]}]},{\"@type\":\"ImageObject\",\"inLanguage\":\"pl-PL\",\"@id\":\"https:\\\/\\\/ugwp.cfolks.pl\\\/bwb\\\/produkt\\\/systemowy-wklad-uszczelniajacy-kraso-kds-150\\\/#primaryimage\",\"url\":\"https:\\\/\\\/ugwp.cfolks.pl\\\/bwb\\\/wp-content\\\/uploads\\\/Systemowy-wklad-uszczelniajacy-KRASO\u00ae-KDS-150-pojedynczy-dzielony-1.jpg\",\"contentUrl\":\"https:\\\/\\\/ugwp.cfolks.pl\\\/bwb\\\/wp-content\\\/uploads\\\/Systemowy-wklad-uszczelniajacy-KRASO\u00ae-KDS-150-pojedynczy-dzielony-1.jpg\",\"width\":1100,\"height\":810,\"caption\":\"Systemowy wk\u0142ad uszczelniaj\u0105cy KRASO\u00ae KDS 150 - pojedynczy - dzielony\"},{\"@type\":\"BreadcrumbList\",\"@id\":\"https:\\\/\\\/ugwp.cfolks.pl\\\/bwb\\\/produkt\\\/systemowy-wklad-uszczelniajacy-kraso-kds-150\\\/#breadcrumb\",\"itemListElement\":[{\"@type\":\"ListItem\",\"position\":1,\"name\":\"Strona g\u0142\u00f3wna\",\"item\":\"https:\\\/\\\/ugwp.cfolks.pl\\\/bwb\\\/\"},{\"@type\":\"ListItem\",\"position\":2,\"name\":\"Wodoszczelne Przej\u015bcia Instalacyjne\",\"item\":\"https:\\\/\\\/ugwp.cfolks.pl\\\/bwb\\\/kategoria\\\/wodoszczelne-przejscia-instalacyjne\\\/\"},{\"@type\":\"ListItem\",\"position\":3,\"name\":\"Przepusty kablowe\",\"item\":\"https:\\\/\\\/ugwp.cfolks.pl\\\/bwb\\\/kategoria\\\/wodoszczelne-przejscia-instalacyjne\\\/przepusty-kablowe\\\/\"},{\"@type\":\"ListItem\",\"position\":4,\"name\":\"Systemowy wk\u0142ad uszczelniaj\u0105cy KRASO\u00ae KDS 150\"}]},{\"@type\":\"WebSite\",\"@id\":\"https:\\\/\\\/ugwp.cfolks.pl\\\/bwb\\\/#website\",\"url\":\"https:\\\/\\\/ugwp.cfolks.pl\\\/bwb\\\/\",\"name\":\"BWB technology\",\"description\":\"Kolejna witryna oparta na WordPressie\",\"potentialAction\":[{\"@type\":\"SearchAction\",\"target\":{\"@type\":\"EntryPoint\",\"urlTemplate\":\"https:\\\/\\\/ugwp.cfolks.pl\\\/bwb\\\/?s={search_term_string}\"},\"query-input\":{\"@type\":\"PropertyValueSpecification\",\"valueRequired\":true,\"valueName\":\"search_term_string\"}}],\"inLanguage\":\"pl-PL\"}]}<\/script>\n<!-- \/ Yoast SEO plugin. -->","yoast_head_json":{"title":"Systemowy Wk\u0142ad Uszczelniaj\u0105cy KRASO\u00ae KDS 150","description":"Systemowy Wk\u0142ad Uszczelniaj\u0105cy KRASO\u00ae przeznaczony specjalnie do stosowania w przepustach kablowych KRASO\u00ae KDS 150 - odporny na wod\u0119","robots":{"index":"noindex","follow":"follow","max-snippet":"max-snippet:-1","max-image-preview":"max-image-preview:large","max-video-preview":"max-video-preview:-1"},"og_locale":"pl_PL","og_type":"article","og_title":"Systemowy Wk\u0142ad Uszczelniaj\u0105cy KRASO\u00ae KDS 150","og_description":"Systemowy Wk\u0142ad Uszczelniaj\u0105cy KRASO\u00ae przeznaczony specjalnie do stosowania w przepustach kablowych KRASO\u00ae KDS 150 - odporny na wod\u0119","og_url":"https:\/\/ugwp.cfolks.pl\/bwb\/produkt\/systemowy-wklad-uszczelniajacy-kraso-kds-150\/","og_site_name":"BWB technology","article_modified_time":"2023-09-10T06:52:31+00:00","og_image":[{"width":1100,"height":810,"url":"https:\/\/ugwp.cfolks.pl\/bwb\/wp-content\/uploads\/Systemowy-wklad-uszczelniajacy-KRASO\u00ae-KDS-150-pojedynczy-dzielony-1.jpg","type":"image\/jpeg"}],"twitter_card":"summary_large_image","schema":{"@context":"https:\/\/schema.org","@graph":[{"@type":"WebPage","@id":"https:\/\/ugwp.cfolks.pl\/bwb\/produkt\/systemowy-wklad-uszczelniajacy-kraso-kds-150\/","url":"https:\/\/ugwp.cfolks.pl\/bwb\/produkt\/systemowy-wklad-uszczelniajacy-kraso-kds-150\/","name":"Systemowy Wk\u0142ad Uszczelniaj\u0105cy KRASO\u00ae KDS 150","isPartOf":{"@id":"https:\/\/ugwp.cfolks.pl\/bwb\/#website"},"primaryImageOfPage":{"@id":"https:\/\/ugwp.cfolks.pl\/bwb\/produkt\/systemowy-wklad-uszczelniajacy-kraso-kds-150\/#primaryimage"},"image":{"@id":"https:\/\/ugwp.cfolks.pl\/bwb\/produkt\/systemowy-wklad-uszczelniajacy-kraso-kds-150\/#primaryimage"},"thumbnailUrl":"https:\/\/ugwp.cfolks.pl\/bwb\/wp-content\/uploads\/Systemowy-wklad-uszczelniajacy-KRASO\u00ae-KDS-150-pojedynczy-dzielony-1.jpg","datePublished":"2022-10-13T12:40:03+00:00","dateModified":"2023-09-10T06:52:31+00:00","description":"Systemowy Wk\u0142ad Uszczelniaj\u0105cy KRASO\u00ae przeznaczony specjalnie do stosowania w przepustach kablowych KRASO\u00ae KDS 150 - odporny na wod\u0119","breadcrumb":{"@id":"https:\/\/ugwp.cfolks.pl\/bwb\/produkt\/systemowy-wklad-uszczelniajacy-kraso-kds-150\/#breadcrumb"},"inLanguage":"pl-PL","potentialAction":[{"@type":"ReadAction","target":["https:\/\/ugwp.cfolks.pl\/bwb\/produkt\/systemowy-wklad-uszczelniajacy-kraso-kds-150\/"]}]},{"@type":"ImageObject","inLanguage":"pl-PL","@id":"https:\/\/ugwp.cfolks.pl\/bwb\/produkt\/systemowy-wklad-uszczelniajacy-kraso-kds-150\/#primaryimage","url":"https:\/\/ugwp.cfolks.pl\/bwb\/wp-content\/uploads\/Systemowy-wklad-uszczelniajacy-KRASO\u00ae-KDS-150-pojedynczy-dzielony-1.jpg","contentUrl":"https:\/\/ugwp.cfolks.pl\/bwb\/wp-content\/uploads\/Systemowy-wklad-uszczelniajacy-KRASO\u00ae-KDS-150-pojedynczy-dzielony-1.jpg","width":1100,"height":810,"caption":"Systemowy wk\u0142ad uszczelniaj\u0105cy KRASO\u00ae KDS 150 - pojedynczy - dzielony"},{"@type":"BreadcrumbList","@id":"https:\/\/ugwp.cfolks.pl\/bwb\/produkt\/systemowy-wklad-uszczelniajacy-kraso-kds-150\/#breadcrumb","itemListElement":[{"@type":"ListItem","position":1,"name":"Strona g\u0142\u00f3wna","item":"https:\/\/ugwp.cfolks.pl\/bwb\/"},{"@type":"ListItem","position":2,"name":"Wodoszczelne Przej\u015bcia Instalacyjne","item":"https:\/\/ugwp.cfolks.pl\/bwb\/kategoria\/wodoszczelne-przejscia-instalacyjne\/"},{"@type":"ListItem","position":3,"name":"Przepusty kablowe","item":"https:\/\/ugwp.cfolks.pl\/bwb\/kategoria\/wodoszczelne-przejscia-instalacyjne\/przepusty-kablowe\/"},{"@type":"ListItem","position":4,"name":"Systemowy wk\u0142ad uszczelniaj\u0105cy KRASO\u00ae KDS 150"}]},{"@type":"WebSite","@id":"https:\/\/ugwp.cfolks.pl\/bwb\/#website","url":"https:\/\/ugwp.cfolks.pl\/bwb\/","name":"BWB technology","description":"Kolejna witryna oparta na WordPressie","potentialAction":[{"@type":"SearchAction","target":{"@type":"EntryPoint","urlTemplate":"https:\/\/ugwp.cfolks.pl\/bwb\/?s={search_term_string}"},"query-input":{"@type":"PropertyValueSpecification","valueRequired":true,"valueName":"search_term_string"}}],"inLanguage":"pl-PL"}]}},"_links":{"self":[{"href":"https:\/\/ugwp.cfolks.pl\/bwb\/wp-json\/wp\/v2\/product\/2004","targetHints":{"allow":["GET"]}}],"collection":[{"href":"https:\/\/ugwp.cfolks.pl\/bwb\/wp-json\/wp\/v2\/product"}],"about":[{"href":"https:\/\/ugwp.cfolks.pl\/bwb\/wp-json\/wp\/v2\/types\/product"}],"wp:featuredmedia":[{"embeddable":true,"href":"https:\/\/ugwp.cfolks.pl\/bwb\/wp-json\/wp\/v2\/media\/3831"}],"wp:attachment":[{"href":"https:\/\/ugwp.cfolks.pl\/bwb\/wp-json\/wp\/v2\/media?parent=2004"}],"wp:term":[{"taxonomy":"product_cat","embeddable":true,"href":"https:\/\/ugwp.cfolks.pl\/bwb\/wp-json\/wp\/v2\/product_cat?post=2004"},{"taxonomy":"product_tag","embeddable":true,"href":"https:\/\/ugwp.cfolks.pl\/bwb\/wp-json\/wp\/v2\/product_tag?post=2004"}],"curies":[{"name":"wp","href":"https:\/\/api.w.org\/{rel}","templated":true}]}}