{"id":2000,"date":"2022-10-13T14:30:07","date_gmt":"2022-10-13T12:30:07","guid":{"rendered":"https:\/\/ugwp.cfolks.pl\/bwb\/?post_type=product&#038;p=2000"},"modified":"2023-02-07T09:06:33","modified_gmt":"2023-02-07T08:06:33","slug":"zlaczka-zamykajaca-kraso-do-rur-fls","status":"publish","type":"product","link":"https:\/\/ugwp.cfolks.pl\/bwb\/produkt\/zlaczka-zamykajaca-kraso-do-rur-fls\/","title":{"rendered":"Z\u0142\u0105czka Zamykaj\u0105ca KRASO\u00ae Do Rur FLS"},"content":{"rendered":"","protected":false},"excerpt":{"rendered":"<p>Z\u0142\u0105czka zamykaj\u0105ca KRASO<sup>\u00ae<\/sup> do rur FLS przeznaczona do zamykania pustych rur instalacyjnych KRASO<sup>\u00ae<\/sup> FLS w celu zapobiegania dostawania si\u0119 do nich piasku.<\/p>\n","protected":false},"featured_media":2053,"template":"","meta":{"_acf_changed":false},"product_cat":[138],"product_tag":[],"class_list":{"0":"post-2000","1":"product","2":"type-product","3":"status-publish","4":"has-post-thumbnail","6":"product_cat-przepusty-kablowe","8":"first","9":"instock","10":"shipping-taxable","11":"product-type-simple"},"acf":[],"yoast_head":"<!-- This site is optimized with the Yoast SEO plugin v27.3 - https:\/\/yoast.com\/product\/yoast-seo-wordpress\/ -->\n<title>Z\u0142\u0105czka Zamykaj\u0105ca KRASO\u00ae Do Rur FLS Przeciwpiaskowa<\/title>\n<meta name=\"description\" content=\"Z\u0142\u0105czka zamykaj\u0105ca KRASO\u00ae do rur FLS przeznaczona do zamykania pustych rur instalacyjnych KRASO\u00ae FLS w celu zapobiegania dostawania si\u0119 do nich piasku.\" \/>\n<meta name=\"robots\" content=\"noindex, follow, max-snippet:-1, max-image-preview:large, max-video-preview:-1\" \/>\n<meta property=\"og:locale\" content=\"pl_PL\" \/>\n<meta property=\"og:type\" content=\"article\" \/>\n<meta property=\"og:title\" content=\"Z\u0142\u0105czka Zamykaj\u0105ca KRASO\u00ae Do Rur FLS Przeciwpiaskowa\" \/>\n<meta property=\"og:description\" content=\"Z\u0142\u0105czka zamykaj\u0105ca KRASO\u00ae do rur FLS przeznaczona do zamykania pustych rur instalacyjnych KRASO\u00ae FLS w celu zapobiegania dostawania si\u0119 do nich piasku.\" \/>\n<meta property=\"og:url\" content=\"https:\/\/ugwp.cfolks.pl\/bwb\/produkt\/zlaczka-zamykajaca-kraso-do-rur-fls\/\" \/>\n<meta property=\"og:site_name\" content=\"BWB technology\" \/>\n<meta property=\"article:modified_time\" content=\"2023-02-07T08:06:33+00:00\" \/>\n<meta property=\"og:image\" content=\"https:\/\/ugwp.cfolks.pl\/bwb\/wp-content\/uploads\/Zlaczka-zamykajaca-KRASO\u00ae-do-rur-FLS.jpg\" \/>\n\t<meta property=\"og:image:width\" content=\"1100\" \/>\n\t<meta property=\"og:image:height\" content=\"810\" \/>\n\t<meta property=\"og:image:type\" content=\"image\/jpeg\" \/>\n<meta name=\"twitter:card\" content=\"summary_large_image\" \/>\n<script type=\"application\/ld+json\" class=\"yoast-schema-graph\">{\"@context\":\"https:\\\/\\\/schema.org\",\"@graph\":[{\"@type\":\"WebPage\",\"@id\":\"https:\\\/\\\/ugwp.cfolks.pl\\\/bwb\\\/produkt\\\/zlaczka-zamykajaca-kraso-do-rur-fls\\\/\",\"url\":\"https:\\\/\\\/ugwp.cfolks.pl\\\/bwb\\\/produkt\\\/zlaczka-zamykajaca-kraso-do-rur-fls\\\/\",\"name\":\"Z\u0142\u0105czka Zamykaj\u0105ca KRASO\u00ae Do Rur FLS Przeciwpiaskowa\",\"isPartOf\":{\"@id\":\"https:\\\/\\\/ugwp.cfolks.pl\\\/bwb\\\/#website\"},\"primaryImageOfPage\":{\"@id\":\"https:\\\/\\\/ugwp.cfolks.pl\\\/bwb\\\/produkt\\\/zlaczka-zamykajaca-kraso-do-rur-fls\\\/#primaryimage\"},\"image\":{\"@id\":\"https:\\\/\\\/ugwp.cfolks.pl\\\/bwb\\\/produkt\\\/zlaczka-zamykajaca-kraso-do-rur-fls\\\/#primaryimage\"},\"thumbnailUrl\":\"https:\\\/\\\/ugwp.cfolks.pl\\\/bwb\\\/wp-content\\\/uploads\\\/Zlaczka-zamykajaca-KRASO\u00ae-do-rur-FLS.jpg\",\"datePublished\":\"2022-10-13T12:30:07+00:00\",\"dateModified\":\"2023-02-07T08:06:33+00:00\",\"description\":\"Z\u0142\u0105czka zamykaj\u0105ca KRASO\u00ae do rur FLS przeznaczona do zamykania pustych rur instalacyjnych KRASO\u00ae FLS w celu zapobiegania dostawania si\u0119 do nich piasku.\",\"breadcrumb\":{\"@id\":\"https:\\\/\\\/ugwp.cfolks.pl\\\/bwb\\\/produkt\\\/zlaczka-zamykajaca-kraso-do-rur-fls\\\/#breadcrumb\"},\"inLanguage\":\"pl-PL\",\"potentialAction\":[{\"@type\":\"ReadAction\",\"target\":[\"https:\\\/\\\/ugwp.cfolks.pl\\\/bwb\\\/produkt\\\/zlaczka-zamykajaca-kraso-do-rur-fls\\\/\"]}]},{\"@type\":\"ImageObject\",\"inLanguage\":\"pl-PL\",\"@id\":\"https:\\\/\\\/ugwp.cfolks.pl\\\/bwb\\\/produkt\\\/zlaczka-zamykajaca-kraso-do-rur-fls\\\/#primaryimage\",\"url\":\"https:\\\/\\\/ugwp.cfolks.pl\\\/bwb\\\/wp-content\\\/uploads\\\/Zlaczka-zamykajaca-KRASO\u00ae-do-rur-FLS.jpg\",\"contentUrl\":\"https:\\\/\\\/ugwp.cfolks.pl\\\/bwb\\\/wp-content\\\/uploads\\\/Zlaczka-zamykajaca-KRASO\u00ae-do-rur-FLS.jpg\",\"width\":1100,\"height\":810,\"caption\":\"Z\u0142\u0105czka zamykaj\u0105ca KRASO\u00ae do rur FLS\"},{\"@type\":\"BreadcrumbList\",\"@id\":\"https:\\\/\\\/ugwp.cfolks.pl\\\/bwb\\\/produkt\\\/zlaczka-zamykajaca-kraso-do-rur-fls\\\/#breadcrumb\",\"itemListElement\":[{\"@type\":\"ListItem\",\"position\":1,\"name\":\"Strona g\u0142\u00f3wna\",\"item\":\"https:\\\/\\\/ugwp.cfolks.pl\\\/bwb\\\/\"},{\"@type\":\"ListItem\",\"position\":2,\"name\":\"Wodoszczelne Przej\u015bcia Instalacyjne\",\"item\":\"https:\\\/\\\/ugwp.cfolks.pl\\\/bwb\\\/kategoria\\\/wodoszczelne-przejscia-instalacyjne\\\/\"},{\"@type\":\"ListItem\",\"position\":3,\"name\":\"Przepusty kablowe\",\"item\":\"https:\\\/\\\/ugwp.cfolks.pl\\\/bwb\\\/kategoria\\\/wodoszczelne-przejscia-instalacyjne\\\/przepusty-kablowe\\\/\"},{\"@type\":\"ListItem\",\"position\":4,\"name\":\"Z\u0142\u0105czka Zamykaj\u0105ca KRASO\u00ae Do Rur FLS\"}]},{\"@type\":\"WebSite\",\"@id\":\"https:\\\/\\\/ugwp.cfolks.pl\\\/bwb\\\/#website\",\"url\":\"https:\\\/\\\/ugwp.cfolks.pl\\\/bwb\\\/\",\"name\":\"BWB technology\",\"description\":\"Kolejna witryna oparta na WordPressie\",\"potentialAction\":[{\"@type\":\"SearchAction\",\"target\":{\"@type\":\"EntryPoint\",\"urlTemplate\":\"https:\\\/\\\/ugwp.cfolks.pl\\\/bwb\\\/?s={search_term_string}\"},\"query-input\":{\"@type\":\"PropertyValueSpecification\",\"valueRequired\":true,\"valueName\":\"search_term_string\"}}],\"inLanguage\":\"pl-PL\"}]}<\/script>\n<!-- \/ Yoast SEO plugin. -->","yoast_head_json":{"title":"Z\u0142\u0105czka Zamykaj\u0105ca KRASO\u00ae Do Rur FLS Przeciwpiaskowa","description":"Z\u0142\u0105czka zamykaj\u0105ca KRASO\u00ae do rur FLS przeznaczona do zamykania pustych rur instalacyjnych KRASO\u00ae FLS w celu zapobiegania dostawania si\u0119 do nich piasku.","robots":{"index":"noindex","follow":"follow","max-snippet":"max-snippet:-1","max-image-preview":"max-image-preview:large","max-video-preview":"max-video-preview:-1"},"og_locale":"pl_PL","og_type":"article","og_title":"Z\u0142\u0105czka Zamykaj\u0105ca KRASO\u00ae Do Rur FLS Przeciwpiaskowa","og_description":"Z\u0142\u0105czka zamykaj\u0105ca KRASO\u00ae do rur FLS przeznaczona do zamykania pustych rur instalacyjnych KRASO\u00ae FLS w celu zapobiegania dostawania si\u0119 do nich piasku.","og_url":"https:\/\/ugwp.cfolks.pl\/bwb\/produkt\/zlaczka-zamykajaca-kraso-do-rur-fls\/","og_site_name":"BWB technology","article_modified_time":"2023-02-07T08:06:33+00:00","og_image":[{"width":1100,"height":810,"url":"https:\/\/ugwp.cfolks.pl\/bwb\/wp-content\/uploads\/Zlaczka-zamykajaca-KRASO\u00ae-do-rur-FLS.jpg","type":"image\/jpeg"}],"twitter_card":"summary_large_image","schema":{"@context":"https:\/\/schema.org","@graph":[{"@type":"WebPage","@id":"https:\/\/ugwp.cfolks.pl\/bwb\/produkt\/zlaczka-zamykajaca-kraso-do-rur-fls\/","url":"https:\/\/ugwp.cfolks.pl\/bwb\/produkt\/zlaczka-zamykajaca-kraso-do-rur-fls\/","name":"Z\u0142\u0105czka Zamykaj\u0105ca KRASO\u00ae Do Rur FLS Przeciwpiaskowa","isPartOf":{"@id":"https:\/\/ugwp.cfolks.pl\/bwb\/#website"},"primaryImageOfPage":{"@id":"https:\/\/ugwp.cfolks.pl\/bwb\/produkt\/zlaczka-zamykajaca-kraso-do-rur-fls\/#primaryimage"},"image":{"@id":"https:\/\/ugwp.cfolks.pl\/bwb\/produkt\/zlaczka-zamykajaca-kraso-do-rur-fls\/#primaryimage"},"thumbnailUrl":"https:\/\/ugwp.cfolks.pl\/bwb\/wp-content\/uploads\/Zlaczka-zamykajaca-KRASO\u00ae-do-rur-FLS.jpg","datePublished":"2022-10-13T12:30:07+00:00","dateModified":"2023-02-07T08:06:33+00:00","description":"Z\u0142\u0105czka zamykaj\u0105ca KRASO\u00ae do rur FLS przeznaczona do zamykania pustych rur instalacyjnych KRASO\u00ae FLS w celu zapobiegania dostawania si\u0119 do nich piasku.","breadcrumb":{"@id":"https:\/\/ugwp.cfolks.pl\/bwb\/produkt\/zlaczka-zamykajaca-kraso-do-rur-fls\/#breadcrumb"},"inLanguage":"pl-PL","potentialAction":[{"@type":"ReadAction","target":["https:\/\/ugwp.cfolks.pl\/bwb\/produkt\/zlaczka-zamykajaca-kraso-do-rur-fls\/"]}]},{"@type":"ImageObject","inLanguage":"pl-PL","@id":"https:\/\/ugwp.cfolks.pl\/bwb\/produkt\/zlaczka-zamykajaca-kraso-do-rur-fls\/#primaryimage","url":"https:\/\/ugwp.cfolks.pl\/bwb\/wp-content\/uploads\/Zlaczka-zamykajaca-KRASO\u00ae-do-rur-FLS.jpg","contentUrl":"https:\/\/ugwp.cfolks.pl\/bwb\/wp-content\/uploads\/Zlaczka-zamykajaca-KRASO\u00ae-do-rur-FLS.jpg","width":1100,"height":810,"caption":"Z\u0142\u0105czka zamykaj\u0105ca KRASO\u00ae do rur FLS"},{"@type":"BreadcrumbList","@id":"https:\/\/ugwp.cfolks.pl\/bwb\/produkt\/zlaczka-zamykajaca-kraso-do-rur-fls\/#breadcrumb","itemListElement":[{"@type":"ListItem","position":1,"name":"Strona g\u0142\u00f3wna","item":"https:\/\/ugwp.cfolks.pl\/bwb\/"},{"@type":"ListItem","position":2,"name":"Wodoszczelne Przej\u015bcia Instalacyjne","item":"https:\/\/ugwp.cfolks.pl\/bwb\/kategoria\/wodoszczelne-przejscia-instalacyjne\/"},{"@type":"ListItem","position":3,"name":"Przepusty kablowe","item":"https:\/\/ugwp.cfolks.pl\/bwb\/kategoria\/wodoszczelne-przejscia-instalacyjne\/przepusty-kablowe\/"},{"@type":"ListItem","position":4,"name":"Z\u0142\u0105czka Zamykaj\u0105ca KRASO\u00ae Do Rur FLS"}]},{"@type":"WebSite","@id":"https:\/\/ugwp.cfolks.pl\/bwb\/#website","url":"https:\/\/ugwp.cfolks.pl\/bwb\/","name":"BWB technology","description":"Kolejna witryna oparta na WordPressie","potentialAction":[{"@type":"SearchAction","target":{"@type":"EntryPoint","urlTemplate":"https:\/\/ugwp.cfolks.pl\/bwb\/?s={search_term_string}"},"query-input":{"@type":"PropertyValueSpecification","valueRequired":true,"valueName":"search_term_string"}}],"inLanguage":"pl-PL"}]}},"_links":{"self":[{"href":"https:\/\/ugwp.cfolks.pl\/bwb\/wp-json\/wp\/v2\/product\/2000","targetHints":{"allow":["GET"]}}],"collection":[{"href":"https:\/\/ugwp.cfolks.pl\/bwb\/wp-json\/wp\/v2\/product"}],"about":[{"href":"https:\/\/ugwp.cfolks.pl\/bwb\/wp-json\/wp\/v2\/types\/product"}],"wp:featuredmedia":[{"embeddable":true,"href":"https:\/\/ugwp.cfolks.pl\/bwb\/wp-json\/wp\/v2\/media\/2053"}],"wp:attachment":[{"href":"https:\/\/ugwp.cfolks.pl\/bwb\/wp-json\/wp\/v2\/media?parent=2000"}],"wp:term":[{"taxonomy":"product_cat","embeddable":true,"href":"https:\/\/ugwp.cfolks.pl\/bwb\/wp-json\/wp\/v2\/product_cat?post=2000"},{"taxonomy":"product_tag","embeddable":true,"href":"https:\/\/ugwp.cfolks.pl\/bwb\/wp-json\/wp\/v2\/product_tag?post=2000"}],"curies":[{"name":"wp","href":"https:\/\/api.w.org\/{rel}","templated":true}]}}