{"id":1998,"date":"2022-10-13T12:51:29","date_gmt":"2022-10-13T10:51:29","guid":{"rendered":"https:\/\/ugwp.cfolks.pl\/bwb\/?post_type=product&#038;p=1998"},"modified":"2023-09-10T08:57:00","modified_gmt":"2023-09-10T06:57:00","slug":"systemy-przylaczy-do-budynkow-kraso-kds-150","status":"publish","type":"product","link":"https:\/\/ugwp.cfolks.pl\/bwb\/produkt\/systemy-przylaczy-do-budynkow-kraso-kds-150\/","title":{"rendered":"Systemy przy\u0142\u0105czy do budynk\u00f3w KRASO\u00ae KDS 150"},"content":{"rendered":"","protected":false},"excerpt":{"rendered":"<p>System przy\u0142\u0105czy do budynk\u00f3w KRASO<sup>\u00ae<\/sup> KDS 150 w bezpieczny i niezawodny spos\u00f3b prowadzi kable i rury do budynku , jednocze\u015bnie jest elastyczny i daje mo\u017cliwo\u015b\u0107 tworzenia r\u00f3\u017cnych kombinacji. Promie\u0144 650 mm lub 1000 mm pozwala na pod\u0142\u0105czenie do niepodpiwniczonych budynk\u00f3w przy\u0142\u0105czy g\u0142\u00f3wnych i rur os\u0142onowych pod k\u0105tem 90\u00b0. System przy\u0142\u0105czy do budynk\u00f3w KRASO\u00ae KDS 150 dzi\u0119ki systemowi wtykowemu mo\u017ce by\u0107 dowolnie powi\u0119kszony w zale\u017cno\u015bci od potrzeb. Do przeprowadzenia instalacji takich jak woda, pr\u0105d, kable teletechniczne itp. w budynkach niepodpiwniczonych (produkt nie jest dopuszczony do stosowania przewod\u00f3w gazowych zgodnie z wytycznymi DVGW (Niemiecki Zwi\u0105zek Bran\u017cy Gazowej i Wodnej). Uszczelnienie w p\u0142ycie fundamentowej dzi\u0119ki odpornej na wod\u0119 pod ci\u015bnieniem, obwodowej uszczelce cztero\u017cebrowej KRASO<sup>\u00ae<\/sup>. Elastyczne mo\u017cliwo\u015bci pod\u0142\u0105czenia na zewn\u0105trz dzi\u0119ki systemowi przepust\u00f3w kablowych KRASO<sup>\u00ae<\/sup> KDS 150.Dodatkowe uszczelnienie rur instalacyjnych od strony wewn\u0119trznej za pomoc\u0105 wk\u0142ad\u00f3w uszczelniaj\u0105cych KRASO\u00ae. System zawiera nak\u0142adk\u0119 elastycznej pustej rury instalacyjnej KRASO<sup>\u00ae<\/sup> KDS 150 z przy\u0142\u0105czem bagnetowym do konstrukcji pod\u0142o\u017ca z ogrzewaniem pod\u0142ogowym, izolacj\u0105 i jastrychem. W ofercie mamy r\u00f3wnie\u017c akcesoria uzupe\u0142niaj\u0105ce mo\u017cliwo\u015bci przepustu kablowego.<\/p>\n","protected":false},"featured_media":3834,"template":"","meta":{"_acf_changed":false},"product_cat":[138],"product_tag":[],"class_list":{"0":"post-1998","1":"product","2":"type-product","3":"status-publish","4":"has-post-thumbnail","6":"product_cat-przepusty-kablowe","8":"first","9":"instock","10":"shipping-taxable","11":"product-type-simple"},"acf":[],"yoast_head":"<!-- This site is optimized with the Yoast SEO plugin v27.3 - https:\/\/yoast.com\/product\/yoast-seo-wordpress\/ -->\n<title>Systemy Przy\u0142\u0105czy Do Budynk\u00f3w KRASO\u00ae KDS 150 Elastyczny<\/title>\n<meta name=\"description\" content=\"System przy\u0142\u0105czy do budynk\u00f3w KRASO\u00ae KDS 150 w niezawodny spos\u00f3b prowadzi kable i rury do budynku. Dzi\u0119ki elastyczno\u015bci daje mo\u017cliwo\u015b\u0107 r\u00f3\u017cnych kombinacji.\" \/>\n<meta name=\"robots\" content=\"noindex, follow, max-snippet:-1, max-image-preview:large, max-video-preview:-1\" \/>\n<meta property=\"og:locale\" content=\"pl_PL\" \/>\n<meta property=\"og:type\" content=\"article\" \/>\n<meta property=\"og:title\" content=\"Systemy Przy\u0142\u0105czy Do Budynk\u00f3w KRASO\u00ae KDS 150 Elastyczny\" \/>\n<meta property=\"og:description\" content=\"System przy\u0142\u0105czy do budynk\u00f3w KRASO\u00ae KDS 150 w niezawodny spos\u00f3b prowadzi kable i rury do budynku. Dzi\u0119ki elastyczno\u015bci daje mo\u017cliwo\u015b\u0107 r\u00f3\u017cnych kombinacji.\" \/>\n<meta property=\"og:url\" content=\"https:\/\/ugwp.cfolks.pl\/bwb\/produkt\/systemy-przylaczy-do-budynkow-kraso-kds-150\/\" \/>\n<meta property=\"og:site_name\" content=\"BWB technology\" \/>\n<meta property=\"article:modified_time\" content=\"2023-09-10T06:57:00+00:00\" \/>\n<meta property=\"og:image\" content=\"https:\/\/ugwp.cfolks.pl\/bwb\/wp-content\/uploads\/Systemy-przylaczy-do-budynkow-KRASO\u00ae-KDS-150-1.jpg\" \/>\n\t<meta property=\"og:image:width\" content=\"1100\" \/>\n\t<meta property=\"og:image:height\" content=\"810\" \/>\n\t<meta property=\"og:image:type\" content=\"image\/jpeg\" \/>\n<meta name=\"twitter:card\" content=\"summary_large_image\" \/>\n<script type=\"application\/ld+json\" class=\"yoast-schema-graph\">{\"@context\":\"https:\\\/\\\/schema.org\",\"@graph\":[{\"@type\":\"WebPage\",\"@id\":\"https:\\\/\\\/ugwp.cfolks.pl\\\/bwb\\\/produkt\\\/systemy-przylaczy-do-budynkow-kraso-kds-150\\\/\",\"url\":\"https:\\\/\\\/ugwp.cfolks.pl\\\/bwb\\\/produkt\\\/systemy-przylaczy-do-budynkow-kraso-kds-150\\\/\",\"name\":\"Systemy Przy\u0142\u0105czy Do Budynk\u00f3w KRASO\u00ae KDS 150 Elastyczny\",\"isPartOf\":{\"@id\":\"https:\\\/\\\/ugwp.cfolks.pl\\\/bwb\\\/#website\"},\"primaryImageOfPage\":{\"@id\":\"https:\\\/\\\/ugwp.cfolks.pl\\\/bwb\\\/produkt\\\/systemy-przylaczy-do-budynkow-kraso-kds-150\\\/#primaryimage\"},\"image\":{\"@id\":\"https:\\\/\\\/ugwp.cfolks.pl\\\/bwb\\\/produkt\\\/systemy-przylaczy-do-budynkow-kraso-kds-150\\\/#primaryimage\"},\"thumbnailUrl\":\"https:\\\/\\\/ugwp.cfolks.pl\\\/bwb\\\/wp-content\\\/uploads\\\/Systemy-przylaczy-do-budynkow-KRASO\u00ae-KDS-150-1.jpg\",\"datePublished\":\"2022-10-13T10:51:29+00:00\",\"dateModified\":\"2023-09-10T06:57:00+00:00\",\"description\":\"System przy\u0142\u0105czy do budynk\u00f3w KRASO\u00ae KDS 150 w niezawodny spos\u00f3b prowadzi kable i rury do budynku. Dzi\u0119ki elastyczno\u015bci daje mo\u017cliwo\u015b\u0107 r\u00f3\u017cnych kombinacji.\",\"breadcrumb\":{\"@id\":\"https:\\\/\\\/ugwp.cfolks.pl\\\/bwb\\\/produkt\\\/systemy-przylaczy-do-budynkow-kraso-kds-150\\\/#breadcrumb\"},\"inLanguage\":\"pl-PL\",\"potentialAction\":[{\"@type\":\"ReadAction\",\"target\":[\"https:\\\/\\\/ugwp.cfolks.pl\\\/bwb\\\/produkt\\\/systemy-przylaczy-do-budynkow-kraso-kds-150\\\/\"]}]},{\"@type\":\"ImageObject\",\"inLanguage\":\"pl-PL\",\"@id\":\"https:\\\/\\\/ugwp.cfolks.pl\\\/bwb\\\/produkt\\\/systemy-przylaczy-do-budynkow-kraso-kds-150\\\/#primaryimage\",\"url\":\"https:\\\/\\\/ugwp.cfolks.pl\\\/bwb\\\/wp-content\\\/uploads\\\/Systemy-przylaczy-do-budynkow-KRASO\u00ae-KDS-150-1.jpg\",\"contentUrl\":\"https:\\\/\\\/ugwp.cfolks.pl\\\/bwb\\\/wp-content\\\/uploads\\\/Systemy-przylaczy-do-budynkow-KRASO\u00ae-KDS-150-1.jpg\",\"width\":1100,\"height\":810,\"caption\":\"Systemy przy\u0142\u0105czy do budynk\u00f3w KRASO\u00ae KDS 150\"},{\"@type\":\"BreadcrumbList\",\"@id\":\"https:\\\/\\\/ugwp.cfolks.pl\\\/bwb\\\/produkt\\\/systemy-przylaczy-do-budynkow-kraso-kds-150\\\/#breadcrumb\",\"itemListElement\":[{\"@type\":\"ListItem\",\"position\":1,\"name\":\"Strona g\u0142\u00f3wna\",\"item\":\"https:\\\/\\\/ugwp.cfolks.pl\\\/bwb\\\/\"},{\"@type\":\"ListItem\",\"position\":2,\"name\":\"Wodoszczelne Przej\u015bcia Instalacyjne\",\"item\":\"https:\\\/\\\/ugwp.cfolks.pl\\\/bwb\\\/kategoria\\\/wodoszczelne-przejscia-instalacyjne\\\/\"},{\"@type\":\"ListItem\",\"position\":3,\"name\":\"Przepusty kablowe\",\"item\":\"https:\\\/\\\/ugwp.cfolks.pl\\\/bwb\\\/kategoria\\\/wodoszczelne-przejscia-instalacyjne\\\/przepusty-kablowe\\\/\"},{\"@type\":\"ListItem\",\"position\":4,\"name\":\"Systemy przy\u0142\u0105czy do budynk\u00f3w KRASO\u00ae KDS 150\"}]},{\"@type\":\"WebSite\",\"@id\":\"https:\\\/\\\/ugwp.cfolks.pl\\\/bwb\\\/#website\",\"url\":\"https:\\\/\\\/ugwp.cfolks.pl\\\/bwb\\\/\",\"name\":\"BWB technology\",\"description\":\"Kolejna witryna oparta na WordPressie\",\"potentialAction\":[{\"@type\":\"SearchAction\",\"target\":{\"@type\":\"EntryPoint\",\"urlTemplate\":\"https:\\\/\\\/ugwp.cfolks.pl\\\/bwb\\\/?s={search_term_string}\"},\"query-input\":{\"@type\":\"PropertyValueSpecification\",\"valueRequired\":true,\"valueName\":\"search_term_string\"}}],\"inLanguage\":\"pl-PL\"}]}<\/script>\n<!-- \/ Yoast SEO plugin. -->","yoast_head_json":{"title":"Systemy Przy\u0142\u0105czy Do Budynk\u00f3w KRASO\u00ae KDS 150 Elastyczny","description":"System przy\u0142\u0105czy do budynk\u00f3w KRASO\u00ae KDS 150 w niezawodny spos\u00f3b prowadzi kable i rury do budynku. Dzi\u0119ki elastyczno\u015bci daje mo\u017cliwo\u015b\u0107 r\u00f3\u017cnych kombinacji.","robots":{"index":"noindex","follow":"follow","max-snippet":"max-snippet:-1","max-image-preview":"max-image-preview:large","max-video-preview":"max-video-preview:-1"},"og_locale":"pl_PL","og_type":"article","og_title":"Systemy Przy\u0142\u0105czy Do Budynk\u00f3w KRASO\u00ae KDS 150 Elastyczny","og_description":"System przy\u0142\u0105czy do budynk\u00f3w KRASO\u00ae KDS 150 w niezawodny spos\u00f3b prowadzi kable i rury do budynku. Dzi\u0119ki elastyczno\u015bci daje mo\u017cliwo\u015b\u0107 r\u00f3\u017cnych kombinacji.","og_url":"https:\/\/ugwp.cfolks.pl\/bwb\/produkt\/systemy-przylaczy-do-budynkow-kraso-kds-150\/","og_site_name":"BWB technology","article_modified_time":"2023-09-10T06:57:00+00:00","og_image":[{"width":1100,"height":810,"url":"https:\/\/ugwp.cfolks.pl\/bwb\/wp-content\/uploads\/Systemy-przylaczy-do-budynkow-KRASO\u00ae-KDS-150-1.jpg","type":"image\/jpeg"}],"twitter_card":"summary_large_image","schema":{"@context":"https:\/\/schema.org","@graph":[{"@type":"WebPage","@id":"https:\/\/ugwp.cfolks.pl\/bwb\/produkt\/systemy-przylaczy-do-budynkow-kraso-kds-150\/","url":"https:\/\/ugwp.cfolks.pl\/bwb\/produkt\/systemy-przylaczy-do-budynkow-kraso-kds-150\/","name":"Systemy Przy\u0142\u0105czy Do Budynk\u00f3w KRASO\u00ae KDS 150 Elastyczny","isPartOf":{"@id":"https:\/\/ugwp.cfolks.pl\/bwb\/#website"},"primaryImageOfPage":{"@id":"https:\/\/ugwp.cfolks.pl\/bwb\/produkt\/systemy-przylaczy-do-budynkow-kraso-kds-150\/#primaryimage"},"image":{"@id":"https:\/\/ugwp.cfolks.pl\/bwb\/produkt\/systemy-przylaczy-do-budynkow-kraso-kds-150\/#primaryimage"},"thumbnailUrl":"https:\/\/ugwp.cfolks.pl\/bwb\/wp-content\/uploads\/Systemy-przylaczy-do-budynkow-KRASO\u00ae-KDS-150-1.jpg","datePublished":"2022-10-13T10:51:29+00:00","dateModified":"2023-09-10T06:57:00+00:00","description":"System przy\u0142\u0105czy do budynk\u00f3w KRASO\u00ae KDS 150 w niezawodny spos\u00f3b prowadzi kable i rury do budynku. Dzi\u0119ki elastyczno\u015bci daje mo\u017cliwo\u015b\u0107 r\u00f3\u017cnych kombinacji.","breadcrumb":{"@id":"https:\/\/ugwp.cfolks.pl\/bwb\/produkt\/systemy-przylaczy-do-budynkow-kraso-kds-150\/#breadcrumb"},"inLanguage":"pl-PL","potentialAction":[{"@type":"ReadAction","target":["https:\/\/ugwp.cfolks.pl\/bwb\/produkt\/systemy-przylaczy-do-budynkow-kraso-kds-150\/"]}]},{"@type":"ImageObject","inLanguage":"pl-PL","@id":"https:\/\/ugwp.cfolks.pl\/bwb\/produkt\/systemy-przylaczy-do-budynkow-kraso-kds-150\/#primaryimage","url":"https:\/\/ugwp.cfolks.pl\/bwb\/wp-content\/uploads\/Systemy-przylaczy-do-budynkow-KRASO\u00ae-KDS-150-1.jpg","contentUrl":"https:\/\/ugwp.cfolks.pl\/bwb\/wp-content\/uploads\/Systemy-przylaczy-do-budynkow-KRASO\u00ae-KDS-150-1.jpg","width":1100,"height":810,"caption":"Systemy przy\u0142\u0105czy do budynk\u00f3w KRASO\u00ae KDS 150"},{"@type":"BreadcrumbList","@id":"https:\/\/ugwp.cfolks.pl\/bwb\/produkt\/systemy-przylaczy-do-budynkow-kraso-kds-150\/#breadcrumb","itemListElement":[{"@type":"ListItem","position":1,"name":"Strona g\u0142\u00f3wna","item":"https:\/\/ugwp.cfolks.pl\/bwb\/"},{"@type":"ListItem","position":2,"name":"Wodoszczelne Przej\u015bcia Instalacyjne","item":"https:\/\/ugwp.cfolks.pl\/bwb\/kategoria\/wodoszczelne-przejscia-instalacyjne\/"},{"@type":"ListItem","position":3,"name":"Przepusty kablowe","item":"https:\/\/ugwp.cfolks.pl\/bwb\/kategoria\/wodoszczelne-przejscia-instalacyjne\/przepusty-kablowe\/"},{"@type":"ListItem","position":4,"name":"Systemy przy\u0142\u0105czy do budynk\u00f3w KRASO\u00ae KDS 150"}]},{"@type":"WebSite","@id":"https:\/\/ugwp.cfolks.pl\/bwb\/#website","url":"https:\/\/ugwp.cfolks.pl\/bwb\/","name":"BWB technology","description":"Kolejna witryna oparta na WordPressie","potentialAction":[{"@type":"SearchAction","target":{"@type":"EntryPoint","urlTemplate":"https:\/\/ugwp.cfolks.pl\/bwb\/?s={search_term_string}"},"query-input":{"@type":"PropertyValueSpecification","valueRequired":true,"valueName":"search_term_string"}}],"inLanguage":"pl-PL"}]}},"_links":{"self":[{"href":"https:\/\/ugwp.cfolks.pl\/bwb\/wp-json\/wp\/v2\/product\/1998","targetHints":{"allow":["GET"]}}],"collection":[{"href":"https:\/\/ugwp.cfolks.pl\/bwb\/wp-json\/wp\/v2\/product"}],"about":[{"href":"https:\/\/ugwp.cfolks.pl\/bwb\/wp-json\/wp\/v2\/types\/product"}],"wp:featuredmedia":[{"embeddable":true,"href":"https:\/\/ugwp.cfolks.pl\/bwb\/wp-json\/wp\/v2\/media\/3834"}],"wp:attachment":[{"href":"https:\/\/ugwp.cfolks.pl\/bwb\/wp-json\/wp\/v2\/media?parent=1998"}],"wp:term":[{"taxonomy":"product_cat","embeddable":true,"href":"https:\/\/ugwp.cfolks.pl\/bwb\/wp-json\/wp\/v2\/product_cat?post=1998"},{"taxonomy":"product_tag","embeddable":true,"href":"https:\/\/ugwp.cfolks.pl\/bwb\/wp-json\/wp\/v2\/product_tag?post=1998"}],"curies":[{"name":"wp","href":"https:\/\/api.w.org\/{rel}","templated":true}]}}