{"id":1996,"date":"2022-10-13T12:49:52","date_gmt":"2022-10-13T10:49:52","guid":{"rendered":"https:\/\/ugwp.cfolks.pl\/bwb\/?post_type=product&#038;p=1996"},"modified":"2023-09-09T20:13:36","modified_gmt":"2023-09-09T18:13:36","slug":"kolnierz-przylaczeniowy-kraso-fds-150","status":"publish","type":"product","link":"https:\/\/ugwp.cfolks.pl\/bwb\/produkt\/kolnierz-przylaczeniowy-kraso-fds-150\/","title":{"rendered":"Ko\u0142nierz przy\u0142\u0105czeniowy KRASO\u00ae FDS 150"},"content":{"rendered":"","protected":false},"excerpt":{"rendered":"<p>Ko\u0142nierz przy\u0142\u0105czeniowy wykonany jest z tworzywa sztucznego wzmocnionego stal\u0105 nierdzewn\u0105, mocowany do otworu za pomoc\u0105 dybli. Do pod\u0142\u0105czenia systemu dekli KRASO\u00ae 150 z adapterem w\u0119\u017ca do rur instalacyjnych KRASO<sup>\u00ae<\/sup> FLS i systemu wk\u0142ad\u00f3w uszczelniaj\u0105cych KRASO<sup>\u00ae<\/sup> KDS 150. W ofercie mamy r\u00f3wnie\u017c akcesoria uzupe\u0142niaj\u0105ce mo\u017cliwo\u015bci ko\u0142nierz przy\u0142\u0105czeniowego KRASO<sup>\u00ae<\/sup> FDS 150.<\/p>\n","protected":false},"featured_media":3816,"template":"","meta":{"_acf_changed":false},"product_cat":[138],"product_tag":[],"class_list":{"0":"post-1996","1":"product","2":"type-product","3":"status-publish","4":"has-post-thumbnail","6":"product_cat-przepusty-kablowe","8":"first","9":"instock","10":"shipping-taxable","11":"product-type-simple"},"acf":[],"yoast_head":"<!-- This site is optimized with the Yoast SEO plugin v27.3 - https:\/\/yoast.com\/product\/yoast-seo-wordpress\/ -->\n<title>Ko\u0142nierz Przy\u0142\u0105czeniowy KRASO\u00ae FDS 150 Stal Nierdzewna<\/title>\n<meta name=\"description\" content=\"Ko\u0142nierz przy\u0142\u0105czeniowy wykonany z tworzywa sztucznego wzmocnionego stal\u0105 nierdzewn\u0105, mocowany do otworu za pomoc\u0105 dybli.\" \/>\n<meta name=\"robots\" content=\"noindex, follow, max-snippet:-1, max-image-preview:large, max-video-preview:-1\" \/>\n<meta property=\"og:locale\" content=\"pl_PL\" \/>\n<meta property=\"og:type\" content=\"article\" \/>\n<meta property=\"og:title\" content=\"Ko\u0142nierz Przy\u0142\u0105czeniowy KRASO\u00ae FDS 150 Stal Nierdzewna\" \/>\n<meta property=\"og:description\" content=\"Ko\u0142nierz przy\u0142\u0105czeniowy wykonany z tworzywa sztucznego wzmocnionego stal\u0105 nierdzewn\u0105, mocowany do otworu za pomoc\u0105 dybli.\" \/>\n<meta property=\"og:url\" content=\"https:\/\/ugwp.cfolks.pl\/bwb\/produkt\/kolnierz-przylaczeniowy-kraso-fds-150\/\" \/>\n<meta property=\"og:site_name\" content=\"BWB technology\" \/>\n<meta property=\"article:modified_time\" content=\"2023-09-09T18:13:36+00:00\" \/>\n<meta property=\"og:image\" content=\"https:\/\/ugwp.cfolks.pl\/bwb\/wp-content\/uploads\/Kolnierz-przylaczeniowy-KRASO\u00ae-FDS-150-1-1.jpg\" \/>\n\t<meta property=\"og:image:width\" content=\"1100\" \/>\n\t<meta property=\"og:image:height\" content=\"810\" \/>\n\t<meta property=\"og:image:type\" content=\"image\/jpeg\" \/>\n<meta name=\"twitter:card\" content=\"summary_large_image\" \/>\n<script type=\"application\/ld+json\" class=\"yoast-schema-graph\">{\"@context\":\"https:\\\/\\\/schema.org\",\"@graph\":[{\"@type\":\"WebPage\",\"@id\":\"https:\\\/\\\/ugwp.cfolks.pl\\\/bwb\\\/produkt\\\/kolnierz-przylaczeniowy-kraso-fds-150\\\/\",\"url\":\"https:\\\/\\\/ugwp.cfolks.pl\\\/bwb\\\/produkt\\\/kolnierz-przylaczeniowy-kraso-fds-150\\\/\",\"name\":\"Ko\u0142nierz Przy\u0142\u0105czeniowy KRASO\u00ae FDS 150 Stal Nierdzewna\",\"isPartOf\":{\"@id\":\"https:\\\/\\\/ugwp.cfolks.pl\\\/bwb\\\/#website\"},\"primaryImageOfPage\":{\"@id\":\"https:\\\/\\\/ugwp.cfolks.pl\\\/bwb\\\/produkt\\\/kolnierz-przylaczeniowy-kraso-fds-150\\\/#primaryimage\"},\"image\":{\"@id\":\"https:\\\/\\\/ugwp.cfolks.pl\\\/bwb\\\/produkt\\\/kolnierz-przylaczeniowy-kraso-fds-150\\\/#primaryimage\"},\"thumbnailUrl\":\"https:\\\/\\\/ugwp.cfolks.pl\\\/bwb\\\/wp-content\\\/uploads\\\/Kolnierz-przylaczeniowy-KRASO\u00ae-FDS-150-1-1.jpg\",\"datePublished\":\"2022-10-13T10:49:52+00:00\",\"dateModified\":\"2023-09-09T18:13:36+00:00\",\"description\":\"Ko\u0142nierz przy\u0142\u0105czeniowy wykonany z tworzywa sztucznego wzmocnionego stal\u0105 nierdzewn\u0105, mocowany do otworu za pomoc\u0105 dybli.\",\"breadcrumb\":{\"@id\":\"https:\\\/\\\/ugwp.cfolks.pl\\\/bwb\\\/produkt\\\/kolnierz-przylaczeniowy-kraso-fds-150\\\/#breadcrumb\"},\"inLanguage\":\"pl-PL\",\"potentialAction\":[{\"@type\":\"ReadAction\",\"target\":[\"https:\\\/\\\/ugwp.cfolks.pl\\\/bwb\\\/produkt\\\/kolnierz-przylaczeniowy-kraso-fds-150\\\/\"]}]},{\"@type\":\"ImageObject\",\"inLanguage\":\"pl-PL\",\"@id\":\"https:\\\/\\\/ugwp.cfolks.pl\\\/bwb\\\/produkt\\\/kolnierz-przylaczeniowy-kraso-fds-150\\\/#primaryimage\",\"url\":\"https:\\\/\\\/ugwp.cfolks.pl\\\/bwb\\\/wp-content\\\/uploads\\\/Kolnierz-przylaczeniowy-KRASO\u00ae-FDS-150-1-1.jpg\",\"contentUrl\":\"https:\\\/\\\/ugwp.cfolks.pl\\\/bwb\\\/wp-content\\\/uploads\\\/Kolnierz-przylaczeniowy-KRASO\u00ae-FDS-150-1-1.jpg\",\"width\":1100,\"height\":810,\"caption\":\"Ko\u0142nierz przy\u0142\u0105czeniowy KRASO\u00ae FDS 150\"},{\"@type\":\"BreadcrumbList\",\"@id\":\"https:\\\/\\\/ugwp.cfolks.pl\\\/bwb\\\/produkt\\\/kolnierz-przylaczeniowy-kraso-fds-150\\\/#breadcrumb\",\"itemListElement\":[{\"@type\":\"ListItem\",\"position\":1,\"name\":\"Strona g\u0142\u00f3wna\",\"item\":\"https:\\\/\\\/ugwp.cfolks.pl\\\/bwb\\\/\"},{\"@type\":\"ListItem\",\"position\":2,\"name\":\"Wodoszczelne Przej\u015bcia Instalacyjne\",\"item\":\"https:\\\/\\\/ugwp.cfolks.pl\\\/bwb\\\/kategoria\\\/wodoszczelne-przejscia-instalacyjne\\\/\"},{\"@type\":\"ListItem\",\"position\":3,\"name\":\"Przepusty kablowe\",\"item\":\"https:\\\/\\\/ugwp.cfolks.pl\\\/bwb\\\/kategoria\\\/wodoszczelne-przejscia-instalacyjne\\\/przepusty-kablowe\\\/\"},{\"@type\":\"ListItem\",\"position\":4,\"name\":\"Ko\u0142nierz przy\u0142\u0105czeniowy KRASO\u00ae FDS 150\"}]},{\"@type\":\"WebSite\",\"@id\":\"https:\\\/\\\/ugwp.cfolks.pl\\\/bwb\\\/#website\",\"url\":\"https:\\\/\\\/ugwp.cfolks.pl\\\/bwb\\\/\",\"name\":\"BWB technology\",\"description\":\"Kolejna witryna oparta na WordPressie\",\"potentialAction\":[{\"@type\":\"SearchAction\",\"target\":{\"@type\":\"EntryPoint\",\"urlTemplate\":\"https:\\\/\\\/ugwp.cfolks.pl\\\/bwb\\\/?s={search_term_string}\"},\"query-input\":{\"@type\":\"PropertyValueSpecification\",\"valueRequired\":true,\"valueName\":\"search_term_string\"}}],\"inLanguage\":\"pl-PL\"}]}<\/script>\n<!-- \/ Yoast SEO plugin. -->","yoast_head_json":{"title":"Ko\u0142nierz Przy\u0142\u0105czeniowy KRASO\u00ae FDS 150 Stal Nierdzewna","description":"Ko\u0142nierz przy\u0142\u0105czeniowy wykonany z tworzywa sztucznego wzmocnionego stal\u0105 nierdzewn\u0105, mocowany do otworu za pomoc\u0105 dybli.","robots":{"index":"noindex","follow":"follow","max-snippet":"max-snippet:-1","max-image-preview":"max-image-preview:large","max-video-preview":"max-video-preview:-1"},"og_locale":"pl_PL","og_type":"article","og_title":"Ko\u0142nierz Przy\u0142\u0105czeniowy KRASO\u00ae FDS 150 Stal Nierdzewna","og_description":"Ko\u0142nierz przy\u0142\u0105czeniowy wykonany z tworzywa sztucznego wzmocnionego stal\u0105 nierdzewn\u0105, mocowany do otworu za pomoc\u0105 dybli.","og_url":"https:\/\/ugwp.cfolks.pl\/bwb\/produkt\/kolnierz-przylaczeniowy-kraso-fds-150\/","og_site_name":"BWB technology","article_modified_time":"2023-09-09T18:13:36+00:00","og_image":[{"width":1100,"height":810,"url":"https:\/\/ugwp.cfolks.pl\/bwb\/wp-content\/uploads\/Kolnierz-przylaczeniowy-KRASO\u00ae-FDS-150-1-1.jpg","type":"image\/jpeg"}],"twitter_card":"summary_large_image","schema":{"@context":"https:\/\/schema.org","@graph":[{"@type":"WebPage","@id":"https:\/\/ugwp.cfolks.pl\/bwb\/produkt\/kolnierz-przylaczeniowy-kraso-fds-150\/","url":"https:\/\/ugwp.cfolks.pl\/bwb\/produkt\/kolnierz-przylaczeniowy-kraso-fds-150\/","name":"Ko\u0142nierz Przy\u0142\u0105czeniowy KRASO\u00ae FDS 150 Stal Nierdzewna","isPartOf":{"@id":"https:\/\/ugwp.cfolks.pl\/bwb\/#website"},"primaryImageOfPage":{"@id":"https:\/\/ugwp.cfolks.pl\/bwb\/produkt\/kolnierz-przylaczeniowy-kraso-fds-150\/#primaryimage"},"image":{"@id":"https:\/\/ugwp.cfolks.pl\/bwb\/produkt\/kolnierz-przylaczeniowy-kraso-fds-150\/#primaryimage"},"thumbnailUrl":"https:\/\/ugwp.cfolks.pl\/bwb\/wp-content\/uploads\/Kolnierz-przylaczeniowy-KRASO\u00ae-FDS-150-1-1.jpg","datePublished":"2022-10-13T10:49:52+00:00","dateModified":"2023-09-09T18:13:36+00:00","description":"Ko\u0142nierz przy\u0142\u0105czeniowy wykonany z tworzywa sztucznego wzmocnionego stal\u0105 nierdzewn\u0105, mocowany do otworu za pomoc\u0105 dybli.","breadcrumb":{"@id":"https:\/\/ugwp.cfolks.pl\/bwb\/produkt\/kolnierz-przylaczeniowy-kraso-fds-150\/#breadcrumb"},"inLanguage":"pl-PL","potentialAction":[{"@type":"ReadAction","target":["https:\/\/ugwp.cfolks.pl\/bwb\/produkt\/kolnierz-przylaczeniowy-kraso-fds-150\/"]}]},{"@type":"ImageObject","inLanguage":"pl-PL","@id":"https:\/\/ugwp.cfolks.pl\/bwb\/produkt\/kolnierz-przylaczeniowy-kraso-fds-150\/#primaryimage","url":"https:\/\/ugwp.cfolks.pl\/bwb\/wp-content\/uploads\/Kolnierz-przylaczeniowy-KRASO\u00ae-FDS-150-1-1.jpg","contentUrl":"https:\/\/ugwp.cfolks.pl\/bwb\/wp-content\/uploads\/Kolnierz-przylaczeniowy-KRASO\u00ae-FDS-150-1-1.jpg","width":1100,"height":810,"caption":"Ko\u0142nierz przy\u0142\u0105czeniowy KRASO\u00ae FDS 150"},{"@type":"BreadcrumbList","@id":"https:\/\/ugwp.cfolks.pl\/bwb\/produkt\/kolnierz-przylaczeniowy-kraso-fds-150\/#breadcrumb","itemListElement":[{"@type":"ListItem","position":1,"name":"Strona g\u0142\u00f3wna","item":"https:\/\/ugwp.cfolks.pl\/bwb\/"},{"@type":"ListItem","position":2,"name":"Wodoszczelne Przej\u015bcia Instalacyjne","item":"https:\/\/ugwp.cfolks.pl\/bwb\/kategoria\/wodoszczelne-przejscia-instalacyjne\/"},{"@type":"ListItem","position":3,"name":"Przepusty kablowe","item":"https:\/\/ugwp.cfolks.pl\/bwb\/kategoria\/wodoszczelne-przejscia-instalacyjne\/przepusty-kablowe\/"},{"@type":"ListItem","position":4,"name":"Ko\u0142nierz przy\u0142\u0105czeniowy KRASO\u00ae FDS 150"}]},{"@type":"WebSite","@id":"https:\/\/ugwp.cfolks.pl\/bwb\/#website","url":"https:\/\/ugwp.cfolks.pl\/bwb\/","name":"BWB technology","description":"Kolejna witryna oparta na WordPressie","potentialAction":[{"@type":"SearchAction","target":{"@type":"EntryPoint","urlTemplate":"https:\/\/ugwp.cfolks.pl\/bwb\/?s={search_term_string}"},"query-input":{"@type":"PropertyValueSpecification","valueRequired":true,"valueName":"search_term_string"}}],"inLanguage":"pl-PL"}]}},"_links":{"self":[{"href":"https:\/\/ugwp.cfolks.pl\/bwb\/wp-json\/wp\/v2\/product\/1996","targetHints":{"allow":["GET"]}}],"collection":[{"href":"https:\/\/ugwp.cfolks.pl\/bwb\/wp-json\/wp\/v2\/product"}],"about":[{"href":"https:\/\/ugwp.cfolks.pl\/bwb\/wp-json\/wp\/v2\/types\/product"}],"wp:featuredmedia":[{"embeddable":true,"href":"https:\/\/ugwp.cfolks.pl\/bwb\/wp-json\/wp\/v2\/media\/3816"}],"wp:attachment":[{"href":"https:\/\/ugwp.cfolks.pl\/bwb\/wp-json\/wp\/v2\/media?parent=1996"}],"wp:term":[{"taxonomy":"product_cat","embeddable":true,"href":"https:\/\/ugwp.cfolks.pl\/bwb\/wp-json\/wp\/v2\/product_cat?post=1996"},{"taxonomy":"product_tag","embeddable":true,"href":"https:\/\/ugwp.cfolks.pl\/bwb\/wp-json\/wp\/v2\/product_tag?post=1996"}],"curies":[{"name":"wp","href":"https:\/\/api.w.org\/{rel}","templated":true}]}}