{"id":1995,"date":"2022-10-13T12:49:10","date_gmt":"2022-10-13T10:49:10","guid":{"rendered":"https:\/\/ugwp.cfolks.pl\/bwb\/?post_type=product&#038;p=1995"},"modified":"2023-09-09T20:52:48","modified_gmt":"2023-09-09T18:52:48","slug":"przepust-kablowy-kraso-kds-150-fl-ze-podwojne-uszczelnienie","status":"publish","type":"product","link":"https:\/\/ugwp.cfolks.pl\/bwb\/produkt\/przepust-kablowy-kraso-kds-150-fl-ze-podwojne-uszczelnienie\/","title":{"rendered":"Przepust kablowy KRASO\u00ae KDS 150 FL \/ ZE \u2013 podw\u00f3jne uszczelnienie"},"content":{"rendered":"","protected":false},"excerpt":{"rendered":"<p>Przepust kablowy KDS 150 FL \/ ZE do zastosowania jako podw\u00f3jne uszczelnienie z ko\u0142nierzem sta\u0142o-przesuwnym oraz ko\u0142nierzem przy\u0142\u0105czeniowym FDS 150 na zewn\u0105trz. Do zabetonowania i p\u00f3\u017aniejszego wprowadzenia kabli i rur za pomoc\u0105 wk\u0142ad\u00f3w uszczelniaj\u0105cych systemu KRASO<sup>\u00ae<\/sup> (nie wchodz\u0105 w zakres dostawy) lub do \u0142\u0105czenia akcesori\u00f3w KRASO<sup>\u00ae<\/sup> KDS 150 (np. adapter\u00f3w systemowych) z mocowaniem bagnetowym. Wykonany ze stali nierdzewnej V2A,opcjonalnie ze specjaln\u0105 pow\u0142ok\u0105. Z jednostronn\u0105 wodoszczeln\u0105 obwodow\u0105 uszczelk\u0105 dwu\u017cebrow\u0105 KRASO<sup>\u00ae<\/sup>. Do budynk\u00f3w z uszczelnieniem powierzchniowym w systemie tzw. \u201eczarnej wanny\u201d przeciw napieraj\u0105cej i nie napieraj\u0105cej wodzie z ci\u015bnieniem wg normy DIN 18533. W ofercie mamy r\u00f3wnie\u017c akcesoria uzupe\u0142niaj\u0105ce mo\u017cliwo\u015bci przepustu kablowego.<\/p>\n","protected":false},"featured_media":3825,"template":"","meta":{"_acf_changed":false},"product_cat":[138],"product_tag":[],"class_list":{"0":"post-1995","1":"product","2":"type-product","3":"status-publish","4":"has-post-thumbnail","6":"product_cat-przepusty-kablowe","8":"first","9":"instock","10":"shipping-taxable","11":"product-type-simple"},"acf":[],"yoast_head":"<!-- This site is optimized with the Yoast SEO plugin v27.3 - https:\/\/yoast.com\/product\/yoast-seo-wordpress\/ -->\n<title>Przepust Kablowy KRASO\u00ae KDS 150 FL \/ ZE \u2013 Uszczelnienie<\/title>\n<meta name=\"description\" content=\"Przepust kablowy KDS 150 FL \/ ZE do zastosowania jako podw\u00f3jne uszczelnienie z ko\u0142nierzem sta\u0142o-przesuwnym oraz ko\u0142nierzem przy\u0142\u0105czeniowym FDS 150.\" \/>\n<meta name=\"robots\" content=\"noindex, follow, max-snippet:-1, max-image-preview:large, max-video-preview:-1\" \/>\n<meta property=\"og:locale\" content=\"pl_PL\" \/>\n<meta property=\"og:type\" content=\"article\" \/>\n<meta property=\"og:title\" content=\"Przepust Kablowy KRASO\u00ae KDS 150 FL \/ ZE \u2013 Uszczelnienie\" \/>\n<meta property=\"og:description\" content=\"Przepust kablowy KDS 150 FL \/ ZE do zastosowania jako podw\u00f3jne uszczelnienie z ko\u0142nierzem sta\u0142o-przesuwnym oraz ko\u0142nierzem przy\u0142\u0105czeniowym FDS 150.\" \/>\n<meta property=\"og:url\" content=\"https:\/\/ugwp.cfolks.pl\/bwb\/produkt\/przepust-kablowy-kraso-kds-150-fl-ze-podwojne-uszczelnienie\/\" \/>\n<meta property=\"og:site_name\" content=\"BWB technology\" \/>\n<meta property=\"article:modified_time\" content=\"2023-09-09T18:52:48+00:00\" \/>\n<meta property=\"og:image\" content=\"https:\/\/ugwp.cfolks.pl\/bwb\/wp-content\/uploads\/Przepust-kablowy-KRASO\u00ae-KDS-150-FL-ZE-\u2013-podwojne-uszczelnienie-1.jpg\" \/>\n\t<meta property=\"og:image:width\" content=\"1100\" \/>\n\t<meta property=\"og:image:height\" content=\"810\" \/>\n\t<meta property=\"og:image:type\" content=\"image\/jpeg\" \/>\n<meta name=\"twitter:card\" content=\"summary_large_image\" \/>\n<script type=\"application\/ld+json\" class=\"yoast-schema-graph\">{\"@context\":\"https:\\\/\\\/schema.org\",\"@graph\":[{\"@type\":\"WebPage\",\"@id\":\"https:\\\/\\\/ugwp.cfolks.pl\\\/bwb\\\/produkt\\\/przepust-kablowy-kraso-kds-150-fl-ze-podwojne-uszczelnienie\\\/\",\"url\":\"https:\\\/\\\/ugwp.cfolks.pl\\\/bwb\\\/produkt\\\/przepust-kablowy-kraso-kds-150-fl-ze-podwojne-uszczelnienie\\\/\",\"name\":\"Przepust Kablowy KRASO\u00ae KDS 150 FL \\\/ ZE \u2013 Uszczelnienie\",\"isPartOf\":{\"@id\":\"https:\\\/\\\/ugwp.cfolks.pl\\\/bwb\\\/#website\"},\"primaryImageOfPage\":{\"@id\":\"https:\\\/\\\/ugwp.cfolks.pl\\\/bwb\\\/produkt\\\/przepust-kablowy-kraso-kds-150-fl-ze-podwojne-uszczelnienie\\\/#primaryimage\"},\"image\":{\"@id\":\"https:\\\/\\\/ugwp.cfolks.pl\\\/bwb\\\/produkt\\\/przepust-kablowy-kraso-kds-150-fl-ze-podwojne-uszczelnienie\\\/#primaryimage\"},\"thumbnailUrl\":\"https:\\\/\\\/ugwp.cfolks.pl\\\/bwb\\\/wp-content\\\/uploads\\\/Przepust-kablowy-KRASO\u00ae-KDS-150-FL-ZE-\u2013-podwojne-uszczelnienie-1.jpg\",\"datePublished\":\"2022-10-13T10:49:10+00:00\",\"dateModified\":\"2023-09-09T18:52:48+00:00\",\"description\":\"Przepust kablowy KDS 150 FL \\\/ ZE do zastosowania jako podw\u00f3jne uszczelnienie z ko\u0142nierzem sta\u0142o-przesuwnym oraz ko\u0142nierzem przy\u0142\u0105czeniowym FDS 150.\",\"breadcrumb\":{\"@id\":\"https:\\\/\\\/ugwp.cfolks.pl\\\/bwb\\\/produkt\\\/przepust-kablowy-kraso-kds-150-fl-ze-podwojne-uszczelnienie\\\/#breadcrumb\"},\"inLanguage\":\"pl-PL\",\"potentialAction\":[{\"@type\":\"ReadAction\",\"target\":[\"https:\\\/\\\/ugwp.cfolks.pl\\\/bwb\\\/produkt\\\/przepust-kablowy-kraso-kds-150-fl-ze-podwojne-uszczelnienie\\\/\"]}]},{\"@type\":\"ImageObject\",\"inLanguage\":\"pl-PL\",\"@id\":\"https:\\\/\\\/ugwp.cfolks.pl\\\/bwb\\\/produkt\\\/przepust-kablowy-kraso-kds-150-fl-ze-podwojne-uszczelnienie\\\/#primaryimage\",\"url\":\"https:\\\/\\\/ugwp.cfolks.pl\\\/bwb\\\/wp-content\\\/uploads\\\/Przepust-kablowy-KRASO\u00ae-KDS-150-FL-ZE-\u2013-podwojne-uszczelnienie-1.jpg\",\"contentUrl\":\"https:\\\/\\\/ugwp.cfolks.pl\\\/bwb\\\/wp-content\\\/uploads\\\/Przepust-kablowy-KRASO\u00ae-KDS-150-FL-ZE-\u2013-podwojne-uszczelnienie-1.jpg\",\"width\":1100,\"height\":810,\"caption\":\"Przepust kablowy KRASO\u00ae KDS 150 FL \\\/ ZE \u2013 podw\u00f3jne uszczelnienie\"},{\"@type\":\"BreadcrumbList\",\"@id\":\"https:\\\/\\\/ugwp.cfolks.pl\\\/bwb\\\/produkt\\\/przepust-kablowy-kraso-kds-150-fl-ze-podwojne-uszczelnienie\\\/#breadcrumb\",\"itemListElement\":[{\"@type\":\"ListItem\",\"position\":1,\"name\":\"Strona g\u0142\u00f3wna\",\"item\":\"https:\\\/\\\/ugwp.cfolks.pl\\\/bwb\\\/\"},{\"@type\":\"ListItem\",\"position\":2,\"name\":\"Wodoszczelne Przej\u015bcia Instalacyjne\",\"item\":\"https:\\\/\\\/ugwp.cfolks.pl\\\/bwb\\\/kategoria\\\/wodoszczelne-przejscia-instalacyjne\\\/\"},{\"@type\":\"ListItem\",\"position\":3,\"name\":\"Przepusty kablowe\",\"item\":\"https:\\\/\\\/ugwp.cfolks.pl\\\/bwb\\\/kategoria\\\/wodoszczelne-przejscia-instalacyjne\\\/przepusty-kablowe\\\/\"},{\"@type\":\"ListItem\",\"position\":4,\"name\":\"Przepust kablowy KRASO\u00ae KDS 150 FL \\\/ ZE \u2013 podw\u00f3jne uszczelnienie\"}]},{\"@type\":\"WebSite\",\"@id\":\"https:\\\/\\\/ugwp.cfolks.pl\\\/bwb\\\/#website\",\"url\":\"https:\\\/\\\/ugwp.cfolks.pl\\\/bwb\\\/\",\"name\":\"BWB technology\",\"description\":\"Kolejna witryna oparta na WordPressie\",\"potentialAction\":[{\"@type\":\"SearchAction\",\"target\":{\"@type\":\"EntryPoint\",\"urlTemplate\":\"https:\\\/\\\/ugwp.cfolks.pl\\\/bwb\\\/?s={search_term_string}\"},\"query-input\":{\"@type\":\"PropertyValueSpecification\",\"valueRequired\":true,\"valueName\":\"search_term_string\"}}],\"inLanguage\":\"pl-PL\"}]}<\/script>\n<!-- \/ Yoast SEO plugin. -->","yoast_head_json":{"title":"Przepust Kablowy KRASO\u00ae KDS 150 FL \/ ZE \u2013 Uszczelnienie","description":"Przepust kablowy KDS 150 FL \/ ZE do zastosowania jako podw\u00f3jne uszczelnienie z ko\u0142nierzem sta\u0142o-przesuwnym oraz ko\u0142nierzem przy\u0142\u0105czeniowym FDS 150.","robots":{"index":"noindex","follow":"follow","max-snippet":"max-snippet:-1","max-image-preview":"max-image-preview:large","max-video-preview":"max-video-preview:-1"},"og_locale":"pl_PL","og_type":"article","og_title":"Przepust Kablowy KRASO\u00ae KDS 150 FL \/ ZE \u2013 Uszczelnienie","og_description":"Przepust kablowy KDS 150 FL \/ ZE do zastosowania jako podw\u00f3jne uszczelnienie z ko\u0142nierzem sta\u0142o-przesuwnym oraz ko\u0142nierzem przy\u0142\u0105czeniowym FDS 150.","og_url":"https:\/\/ugwp.cfolks.pl\/bwb\/produkt\/przepust-kablowy-kraso-kds-150-fl-ze-podwojne-uszczelnienie\/","og_site_name":"BWB technology","article_modified_time":"2023-09-09T18:52:48+00:00","og_image":[{"width":1100,"height":810,"url":"https:\/\/ugwp.cfolks.pl\/bwb\/wp-content\/uploads\/Przepust-kablowy-KRASO\u00ae-KDS-150-FL-ZE-\u2013-podwojne-uszczelnienie-1.jpg","type":"image\/jpeg"}],"twitter_card":"summary_large_image","schema":{"@context":"https:\/\/schema.org","@graph":[{"@type":"WebPage","@id":"https:\/\/ugwp.cfolks.pl\/bwb\/produkt\/przepust-kablowy-kraso-kds-150-fl-ze-podwojne-uszczelnienie\/","url":"https:\/\/ugwp.cfolks.pl\/bwb\/produkt\/przepust-kablowy-kraso-kds-150-fl-ze-podwojne-uszczelnienie\/","name":"Przepust Kablowy KRASO\u00ae KDS 150 FL \/ ZE \u2013 Uszczelnienie","isPartOf":{"@id":"https:\/\/ugwp.cfolks.pl\/bwb\/#website"},"primaryImageOfPage":{"@id":"https:\/\/ugwp.cfolks.pl\/bwb\/produkt\/przepust-kablowy-kraso-kds-150-fl-ze-podwojne-uszczelnienie\/#primaryimage"},"image":{"@id":"https:\/\/ugwp.cfolks.pl\/bwb\/produkt\/przepust-kablowy-kraso-kds-150-fl-ze-podwojne-uszczelnienie\/#primaryimage"},"thumbnailUrl":"https:\/\/ugwp.cfolks.pl\/bwb\/wp-content\/uploads\/Przepust-kablowy-KRASO\u00ae-KDS-150-FL-ZE-\u2013-podwojne-uszczelnienie-1.jpg","datePublished":"2022-10-13T10:49:10+00:00","dateModified":"2023-09-09T18:52:48+00:00","description":"Przepust kablowy KDS 150 FL \/ ZE do zastosowania jako podw\u00f3jne uszczelnienie z ko\u0142nierzem sta\u0142o-przesuwnym oraz ko\u0142nierzem przy\u0142\u0105czeniowym FDS 150.","breadcrumb":{"@id":"https:\/\/ugwp.cfolks.pl\/bwb\/produkt\/przepust-kablowy-kraso-kds-150-fl-ze-podwojne-uszczelnienie\/#breadcrumb"},"inLanguage":"pl-PL","potentialAction":[{"@type":"ReadAction","target":["https:\/\/ugwp.cfolks.pl\/bwb\/produkt\/przepust-kablowy-kraso-kds-150-fl-ze-podwojne-uszczelnienie\/"]}]},{"@type":"ImageObject","inLanguage":"pl-PL","@id":"https:\/\/ugwp.cfolks.pl\/bwb\/produkt\/przepust-kablowy-kraso-kds-150-fl-ze-podwojne-uszczelnienie\/#primaryimage","url":"https:\/\/ugwp.cfolks.pl\/bwb\/wp-content\/uploads\/Przepust-kablowy-KRASO\u00ae-KDS-150-FL-ZE-\u2013-podwojne-uszczelnienie-1.jpg","contentUrl":"https:\/\/ugwp.cfolks.pl\/bwb\/wp-content\/uploads\/Przepust-kablowy-KRASO\u00ae-KDS-150-FL-ZE-\u2013-podwojne-uszczelnienie-1.jpg","width":1100,"height":810,"caption":"Przepust kablowy KRASO\u00ae KDS 150 FL \/ ZE \u2013 podw\u00f3jne uszczelnienie"},{"@type":"BreadcrumbList","@id":"https:\/\/ugwp.cfolks.pl\/bwb\/produkt\/przepust-kablowy-kraso-kds-150-fl-ze-podwojne-uszczelnienie\/#breadcrumb","itemListElement":[{"@type":"ListItem","position":1,"name":"Strona g\u0142\u00f3wna","item":"https:\/\/ugwp.cfolks.pl\/bwb\/"},{"@type":"ListItem","position":2,"name":"Wodoszczelne Przej\u015bcia Instalacyjne","item":"https:\/\/ugwp.cfolks.pl\/bwb\/kategoria\/wodoszczelne-przejscia-instalacyjne\/"},{"@type":"ListItem","position":3,"name":"Przepusty kablowe","item":"https:\/\/ugwp.cfolks.pl\/bwb\/kategoria\/wodoszczelne-przejscia-instalacyjne\/przepusty-kablowe\/"},{"@type":"ListItem","position":4,"name":"Przepust kablowy KRASO\u00ae KDS 150 FL \/ ZE \u2013 podw\u00f3jne uszczelnienie"}]},{"@type":"WebSite","@id":"https:\/\/ugwp.cfolks.pl\/bwb\/#website","url":"https:\/\/ugwp.cfolks.pl\/bwb\/","name":"BWB technology","description":"Kolejna witryna oparta na WordPressie","potentialAction":[{"@type":"SearchAction","target":{"@type":"EntryPoint","urlTemplate":"https:\/\/ugwp.cfolks.pl\/bwb\/?s={search_term_string}"},"query-input":{"@type":"PropertyValueSpecification","valueRequired":true,"valueName":"search_term_string"}}],"inLanguage":"pl-PL"}]}},"_links":{"self":[{"href":"https:\/\/ugwp.cfolks.pl\/bwb\/wp-json\/wp\/v2\/product\/1995","targetHints":{"allow":["GET"]}}],"collection":[{"href":"https:\/\/ugwp.cfolks.pl\/bwb\/wp-json\/wp\/v2\/product"}],"about":[{"href":"https:\/\/ugwp.cfolks.pl\/bwb\/wp-json\/wp\/v2\/types\/product"}],"wp:featuredmedia":[{"embeddable":true,"href":"https:\/\/ugwp.cfolks.pl\/bwb\/wp-json\/wp\/v2\/media\/3825"}],"wp:attachment":[{"href":"https:\/\/ugwp.cfolks.pl\/bwb\/wp-json\/wp\/v2\/media?parent=1995"}],"wp:term":[{"taxonomy":"product_cat","embeddable":true,"href":"https:\/\/ugwp.cfolks.pl\/bwb\/wp-json\/wp\/v2\/product_cat?post=1995"},{"taxonomy":"product_tag","embeddable":true,"href":"https:\/\/ugwp.cfolks.pl\/bwb\/wp-json\/wp\/v2\/product_tag?post=1995"}],"curies":[{"name":"wp","href":"https:\/\/api.w.org\/{rel}","templated":true}]}}