{"id":1994,"date":"2022-10-13T12:48:34","date_gmt":"2022-10-13T10:48:34","guid":{"rendered":"https:\/\/ugwp.cfolks.pl\/bwb\/?post_type=product&#038;p=1994"},"modified":"2023-09-09T20:32:40","modified_gmt":"2023-09-09T18:32:40","slug":"przepust-kablowy-kraso-kds-150-z-kolnierzem-szpachlowym","status":"publish","type":"product","link":"https:\/\/ugwp.cfolks.pl\/bwb\/produkt\/przepust-kablowy-kraso-kds-150-z-kolnierzem-szpachlowym\/","title":{"rendered":"Przepust kablowy KRASO\u00ae KDS 150 z ko\u0142nierzem szpachlowym"},"content":{"rendered":"","protected":false},"excerpt":{"rendered":"<p>Systemowy przepust kablowy KDS 150 z ko\u0142nierzem szpachlowym do trwa\u0142ego po\u0142\u0105czenia z grubowarstwow\u0105 pow\u0142ok\u0105 bitumiczn\u0105 (np. KMB), chropowaty lub powlekany tkanin\u0105. Ko\u0142nierz szeroko\u015bci ok. 7 cm z wodoszczeln\u0105, obwodow\u0105 uszczelk\u0105 cztero\u017cebrow\u0105 KRASO<sup>\u00ae<\/sup>. W ofercie mamy r\u00f3wnie\u017c akcesoria uzupe\u0142niaj\u0105ce mo\u017cliwo\u015bci przepustu kablowego.<\/p>\n","protected":false},"featured_media":3821,"template":"","meta":{"_acf_changed":false},"product_cat":[138],"product_tag":[],"class_list":{"0":"post-1994","1":"product","2":"type-product","3":"status-publish","4":"has-post-thumbnail","6":"product_cat-przepusty-kablowe","8":"first","9":"instock","10":"shipping-taxable","11":"product-type-simple"},"acf":[],"yoast_head":"<!-- This site is optimized with the Yoast SEO plugin v27.3 - https:\/\/yoast.com\/product\/yoast-seo-wordpress\/ -->\n<title>Przepust Kablowy KRASO\u00ae KDS 150 Z Ko\u0142nierzem Szpachlowym<\/title>\n<meta name=\"description\" content=\"Systemowy przepust kablowy KDS 150 z ko\u0142nierzem szpachlowym do trwa\u0142ego po\u0142\u0105czenia z grubowarstwow\u0105 pow\u0142ok\u0105 bitumiczn\u0105 - chropowaty lub powlekany tkanin\u0105.\" \/>\n<meta name=\"robots\" content=\"noindex, follow, max-snippet:-1, max-image-preview:large, max-video-preview:-1\" \/>\n<meta property=\"og:locale\" content=\"pl_PL\" \/>\n<meta property=\"og:type\" content=\"article\" \/>\n<meta property=\"og:title\" content=\"Przepust Kablowy KRASO\u00ae KDS 150 Z Ko\u0142nierzem Szpachlowym\" \/>\n<meta property=\"og:description\" content=\"Systemowy przepust kablowy KDS 150 z ko\u0142nierzem szpachlowym do trwa\u0142ego po\u0142\u0105czenia z grubowarstwow\u0105 pow\u0142ok\u0105 bitumiczn\u0105 - chropowaty lub powlekany tkanin\u0105.\" \/>\n<meta property=\"og:url\" content=\"https:\/\/ugwp.cfolks.pl\/bwb\/produkt\/przepust-kablowy-kraso-kds-150-z-kolnierzem-szpachlowym\/\" \/>\n<meta property=\"og:site_name\" content=\"BWB technology\" \/>\n<meta property=\"article:modified_time\" content=\"2023-09-09T18:32:40+00:00\" \/>\n<meta property=\"og:image\" content=\"https:\/\/ugwp.cfolks.pl\/bwb\/wp-content\/uploads\/Przepust-kablowy-KRASO\u00ae-KDS-150-z-kolnierzem-szpachlowym-G.jpg\" \/>\n\t<meta property=\"og:image:width\" content=\"1100\" \/>\n\t<meta property=\"og:image:height\" content=\"810\" \/>\n\t<meta property=\"og:image:type\" content=\"image\/jpeg\" \/>\n<meta name=\"twitter:card\" content=\"summary_large_image\" \/>\n<script type=\"application\/ld+json\" class=\"yoast-schema-graph\">{\"@context\":\"https:\\\/\\\/schema.org\",\"@graph\":[{\"@type\":\"WebPage\",\"@id\":\"https:\\\/\\\/ugwp.cfolks.pl\\\/bwb\\\/produkt\\\/przepust-kablowy-kraso-kds-150-z-kolnierzem-szpachlowym\\\/\",\"url\":\"https:\\\/\\\/ugwp.cfolks.pl\\\/bwb\\\/produkt\\\/przepust-kablowy-kraso-kds-150-z-kolnierzem-szpachlowym\\\/\",\"name\":\"Przepust Kablowy KRASO\u00ae KDS 150 Z Ko\u0142nierzem Szpachlowym\",\"isPartOf\":{\"@id\":\"https:\\\/\\\/ugwp.cfolks.pl\\\/bwb\\\/#website\"},\"primaryImageOfPage\":{\"@id\":\"https:\\\/\\\/ugwp.cfolks.pl\\\/bwb\\\/produkt\\\/przepust-kablowy-kraso-kds-150-z-kolnierzem-szpachlowym\\\/#primaryimage\"},\"image\":{\"@id\":\"https:\\\/\\\/ugwp.cfolks.pl\\\/bwb\\\/produkt\\\/przepust-kablowy-kraso-kds-150-z-kolnierzem-szpachlowym\\\/#primaryimage\"},\"thumbnailUrl\":\"https:\\\/\\\/ugwp.cfolks.pl\\\/bwb\\\/wp-content\\\/uploads\\\/Przepust-kablowy-KRASO\u00ae-KDS-150-z-kolnierzem-szpachlowym-G.jpg\",\"datePublished\":\"2022-10-13T10:48:34+00:00\",\"dateModified\":\"2023-09-09T18:32:40+00:00\",\"description\":\"Systemowy przepust kablowy KDS 150 z ko\u0142nierzem szpachlowym do trwa\u0142ego po\u0142\u0105czenia z grubowarstwow\u0105 pow\u0142ok\u0105 bitumiczn\u0105 - chropowaty lub powlekany tkanin\u0105.\",\"breadcrumb\":{\"@id\":\"https:\\\/\\\/ugwp.cfolks.pl\\\/bwb\\\/produkt\\\/przepust-kablowy-kraso-kds-150-z-kolnierzem-szpachlowym\\\/#breadcrumb\"},\"inLanguage\":\"pl-PL\",\"potentialAction\":[{\"@type\":\"ReadAction\",\"target\":[\"https:\\\/\\\/ugwp.cfolks.pl\\\/bwb\\\/produkt\\\/przepust-kablowy-kraso-kds-150-z-kolnierzem-szpachlowym\\\/\"]}]},{\"@type\":\"ImageObject\",\"inLanguage\":\"pl-PL\",\"@id\":\"https:\\\/\\\/ugwp.cfolks.pl\\\/bwb\\\/produkt\\\/przepust-kablowy-kraso-kds-150-z-kolnierzem-szpachlowym\\\/#primaryimage\",\"url\":\"https:\\\/\\\/ugwp.cfolks.pl\\\/bwb\\\/wp-content\\\/uploads\\\/Przepust-kablowy-KRASO\u00ae-KDS-150-z-kolnierzem-szpachlowym-G.jpg\",\"contentUrl\":\"https:\\\/\\\/ugwp.cfolks.pl\\\/bwb\\\/wp-content\\\/uploads\\\/Przepust-kablowy-KRASO\u00ae-KDS-150-z-kolnierzem-szpachlowym-G.jpg\",\"width\":1100,\"height\":810,\"caption\":\"Przepust kablowy KRASO\u00ae KDS 150 z ko\u0142nierzem szpachlowym G\"},{\"@type\":\"BreadcrumbList\",\"@id\":\"https:\\\/\\\/ugwp.cfolks.pl\\\/bwb\\\/produkt\\\/przepust-kablowy-kraso-kds-150-z-kolnierzem-szpachlowym\\\/#breadcrumb\",\"itemListElement\":[{\"@type\":\"ListItem\",\"position\":1,\"name\":\"Strona g\u0142\u00f3wna\",\"item\":\"https:\\\/\\\/ugwp.cfolks.pl\\\/bwb\\\/\"},{\"@type\":\"ListItem\",\"position\":2,\"name\":\"Wodoszczelne Przej\u015bcia Instalacyjne\",\"item\":\"https:\\\/\\\/ugwp.cfolks.pl\\\/bwb\\\/kategoria\\\/wodoszczelne-przejscia-instalacyjne\\\/\"},{\"@type\":\"ListItem\",\"position\":3,\"name\":\"Przepusty kablowe\",\"item\":\"https:\\\/\\\/ugwp.cfolks.pl\\\/bwb\\\/kategoria\\\/wodoszczelne-przejscia-instalacyjne\\\/przepusty-kablowe\\\/\"},{\"@type\":\"ListItem\",\"position\":4,\"name\":\"Przepust kablowy KRASO\u00ae KDS 150 z ko\u0142nierzem szpachlowym\"}]},{\"@type\":\"WebSite\",\"@id\":\"https:\\\/\\\/ugwp.cfolks.pl\\\/bwb\\\/#website\",\"url\":\"https:\\\/\\\/ugwp.cfolks.pl\\\/bwb\\\/\",\"name\":\"BWB technology\",\"description\":\"Kolejna witryna oparta na WordPressie\",\"potentialAction\":[{\"@type\":\"SearchAction\",\"target\":{\"@type\":\"EntryPoint\",\"urlTemplate\":\"https:\\\/\\\/ugwp.cfolks.pl\\\/bwb\\\/?s={search_term_string}\"},\"query-input\":{\"@type\":\"PropertyValueSpecification\",\"valueRequired\":true,\"valueName\":\"search_term_string\"}}],\"inLanguage\":\"pl-PL\"}]}<\/script>\n<!-- \/ Yoast SEO plugin. -->","yoast_head_json":{"title":"Przepust Kablowy KRASO\u00ae KDS 150 Z Ko\u0142nierzem Szpachlowym","description":"Systemowy przepust kablowy KDS 150 z ko\u0142nierzem szpachlowym do trwa\u0142ego po\u0142\u0105czenia z grubowarstwow\u0105 pow\u0142ok\u0105 bitumiczn\u0105 - chropowaty lub powlekany tkanin\u0105.","robots":{"index":"noindex","follow":"follow","max-snippet":"max-snippet:-1","max-image-preview":"max-image-preview:large","max-video-preview":"max-video-preview:-1"},"og_locale":"pl_PL","og_type":"article","og_title":"Przepust Kablowy KRASO\u00ae KDS 150 Z Ko\u0142nierzem Szpachlowym","og_description":"Systemowy przepust kablowy KDS 150 z ko\u0142nierzem szpachlowym do trwa\u0142ego po\u0142\u0105czenia z grubowarstwow\u0105 pow\u0142ok\u0105 bitumiczn\u0105 - chropowaty lub powlekany tkanin\u0105.","og_url":"https:\/\/ugwp.cfolks.pl\/bwb\/produkt\/przepust-kablowy-kraso-kds-150-z-kolnierzem-szpachlowym\/","og_site_name":"BWB technology","article_modified_time":"2023-09-09T18:32:40+00:00","og_image":[{"width":1100,"height":810,"url":"https:\/\/ugwp.cfolks.pl\/bwb\/wp-content\/uploads\/Przepust-kablowy-KRASO\u00ae-KDS-150-z-kolnierzem-szpachlowym-G.jpg","type":"image\/jpeg"}],"twitter_card":"summary_large_image","schema":{"@context":"https:\/\/schema.org","@graph":[{"@type":"WebPage","@id":"https:\/\/ugwp.cfolks.pl\/bwb\/produkt\/przepust-kablowy-kraso-kds-150-z-kolnierzem-szpachlowym\/","url":"https:\/\/ugwp.cfolks.pl\/bwb\/produkt\/przepust-kablowy-kraso-kds-150-z-kolnierzem-szpachlowym\/","name":"Przepust Kablowy KRASO\u00ae KDS 150 Z Ko\u0142nierzem Szpachlowym","isPartOf":{"@id":"https:\/\/ugwp.cfolks.pl\/bwb\/#website"},"primaryImageOfPage":{"@id":"https:\/\/ugwp.cfolks.pl\/bwb\/produkt\/przepust-kablowy-kraso-kds-150-z-kolnierzem-szpachlowym\/#primaryimage"},"image":{"@id":"https:\/\/ugwp.cfolks.pl\/bwb\/produkt\/przepust-kablowy-kraso-kds-150-z-kolnierzem-szpachlowym\/#primaryimage"},"thumbnailUrl":"https:\/\/ugwp.cfolks.pl\/bwb\/wp-content\/uploads\/Przepust-kablowy-KRASO\u00ae-KDS-150-z-kolnierzem-szpachlowym-G.jpg","datePublished":"2022-10-13T10:48:34+00:00","dateModified":"2023-09-09T18:32:40+00:00","description":"Systemowy przepust kablowy KDS 150 z ko\u0142nierzem szpachlowym do trwa\u0142ego po\u0142\u0105czenia z grubowarstwow\u0105 pow\u0142ok\u0105 bitumiczn\u0105 - chropowaty lub powlekany tkanin\u0105.","breadcrumb":{"@id":"https:\/\/ugwp.cfolks.pl\/bwb\/produkt\/przepust-kablowy-kraso-kds-150-z-kolnierzem-szpachlowym\/#breadcrumb"},"inLanguage":"pl-PL","potentialAction":[{"@type":"ReadAction","target":["https:\/\/ugwp.cfolks.pl\/bwb\/produkt\/przepust-kablowy-kraso-kds-150-z-kolnierzem-szpachlowym\/"]}]},{"@type":"ImageObject","inLanguage":"pl-PL","@id":"https:\/\/ugwp.cfolks.pl\/bwb\/produkt\/przepust-kablowy-kraso-kds-150-z-kolnierzem-szpachlowym\/#primaryimage","url":"https:\/\/ugwp.cfolks.pl\/bwb\/wp-content\/uploads\/Przepust-kablowy-KRASO\u00ae-KDS-150-z-kolnierzem-szpachlowym-G.jpg","contentUrl":"https:\/\/ugwp.cfolks.pl\/bwb\/wp-content\/uploads\/Przepust-kablowy-KRASO\u00ae-KDS-150-z-kolnierzem-szpachlowym-G.jpg","width":1100,"height":810,"caption":"Przepust kablowy KRASO\u00ae KDS 150 z ko\u0142nierzem szpachlowym G"},{"@type":"BreadcrumbList","@id":"https:\/\/ugwp.cfolks.pl\/bwb\/produkt\/przepust-kablowy-kraso-kds-150-z-kolnierzem-szpachlowym\/#breadcrumb","itemListElement":[{"@type":"ListItem","position":1,"name":"Strona g\u0142\u00f3wna","item":"https:\/\/ugwp.cfolks.pl\/bwb\/"},{"@type":"ListItem","position":2,"name":"Wodoszczelne Przej\u015bcia Instalacyjne","item":"https:\/\/ugwp.cfolks.pl\/bwb\/kategoria\/wodoszczelne-przejscia-instalacyjne\/"},{"@type":"ListItem","position":3,"name":"Przepusty kablowe","item":"https:\/\/ugwp.cfolks.pl\/bwb\/kategoria\/wodoszczelne-przejscia-instalacyjne\/przepusty-kablowe\/"},{"@type":"ListItem","position":4,"name":"Przepust kablowy KRASO\u00ae KDS 150 z ko\u0142nierzem szpachlowym"}]},{"@type":"WebSite","@id":"https:\/\/ugwp.cfolks.pl\/bwb\/#website","url":"https:\/\/ugwp.cfolks.pl\/bwb\/","name":"BWB technology","description":"Kolejna witryna oparta na WordPressie","potentialAction":[{"@type":"SearchAction","target":{"@type":"EntryPoint","urlTemplate":"https:\/\/ugwp.cfolks.pl\/bwb\/?s={search_term_string}"},"query-input":{"@type":"PropertyValueSpecification","valueRequired":true,"valueName":"search_term_string"}}],"inLanguage":"pl-PL"}]}},"_links":{"self":[{"href":"https:\/\/ugwp.cfolks.pl\/bwb\/wp-json\/wp\/v2\/product\/1994","targetHints":{"allow":["GET"]}}],"collection":[{"href":"https:\/\/ugwp.cfolks.pl\/bwb\/wp-json\/wp\/v2\/product"}],"about":[{"href":"https:\/\/ugwp.cfolks.pl\/bwb\/wp-json\/wp\/v2\/types\/product"}],"wp:featuredmedia":[{"embeddable":true,"href":"https:\/\/ugwp.cfolks.pl\/bwb\/wp-json\/wp\/v2\/media\/3821"}],"wp:attachment":[{"href":"https:\/\/ugwp.cfolks.pl\/bwb\/wp-json\/wp\/v2\/media?parent=1994"}],"wp:term":[{"taxonomy":"product_cat","embeddable":true,"href":"https:\/\/ugwp.cfolks.pl\/bwb\/wp-json\/wp\/v2\/product_cat?post=1994"},{"taxonomy":"product_tag","embeddable":true,"href":"https:\/\/ugwp.cfolks.pl\/bwb\/wp-json\/wp\/v2\/product_tag?post=1994"}],"curies":[{"name":"wp","href":"https:\/\/api.w.org\/{rel}","templated":true}]}}