{"id":1993,"date":"2022-10-13T12:47:43","date_gmt":"2022-10-13T10:47:43","guid":{"rendered":"https:\/\/ugwp.cfolks.pl\/bwb\/?post_type=product&#038;p=1993"},"modified":"2023-09-10T10:01:26","modified_gmt":"2023-09-10T08:01:26","slug":"przepust-kablowy-kraso-kds-150-ze-zlaczka-wtykowa-z-jednej-strony","status":"publish","type":"product","link":"https:\/\/ugwp.cfolks.pl\/bwb\/produkt\/przepust-kablowy-kraso-kds-150-ze-zlaczka-wtykowa-z-jednej-strony\/","title":{"rendered":"Przepust kablowy KRASO\u00ae KDS 150 ze z\u0142\u0105czk\u0105 wtykow\u0105"},"content":{"rendered":"","protected":false},"excerpt":{"rendered":"<p>Do p\u00f3\u017aniejszego przeprowadzenia rur lub kabli za pomoc\u0105 systemowych wk\u0142ad\u00f3w uszczelniaj\u0105cych KRASO<sup>\u00ae<\/sup> KDS 150 (nie wchodz\u0105 w zakres dostawy) lub adaptera systemowego KRASO<sup>\u00ae<\/sup> KDS 150 (nie wchodzi w zakres dostawy), z wodoszczeln\u0105 i gazoszczeln\u0105, obwodow\u0105 uszczelk\u0105 cztero\u017cebrow\u0105 KRASO<sup>\u00ae<\/sup> oraz za\u015blepk\u0105 zamykaj\u0105c\u0105 KDS, jednostronnie \u0142\u0105czony w celu ewentualnego tworzenia zestawu przepust\u00f3w z kielichem do pod\u0142\u0105czenia KG, HT lub KG 2000 &#8211; rury DN 160. W ofercie mamy r\u00f3wnie\u017c akcesoria uzupe\u0142niaj\u0105ce mo\u017cliwo\u015bci przepustu kablowego.<\/p>\n","protected":false},"featured_media":3842,"template":"","meta":{"_acf_changed":false},"product_cat":[138],"product_tag":[],"class_list":{"0":"post-1993","1":"product","2":"type-product","3":"status-publish","4":"has-post-thumbnail","6":"product_cat-przepusty-kablowe","8":"first","9":"instock","10":"shipping-taxable","11":"product-type-simple"},"acf":[],"yoast_head":"<!-- This site is optimized with the Yoast SEO plugin v27.3 - https:\/\/yoast.com\/product\/yoast-seo-wordpress\/ -->\n<title>Przepust Kablowy KRASO\u00ae KDS 150 Ze Z\u0142\u0105czk\u0105 Wtykow\u0105 Do Rur<\/title>\n<meta name=\"description\" content=\"Do p\u00f3\u017aniejszego przeprowadzenia rur lub kabli za pomoc\u0105 systemowych wk\u0142ad\u00f3w uszczelniaj\u0105cych KRASO\u00ae KDS 150 lub adaptera systemowego KRASO\u00ae KDS 150.\" \/>\n<meta name=\"robots\" content=\"noindex, follow, max-snippet:-1, max-image-preview:large, max-video-preview:-1\" \/>\n<meta property=\"og:locale\" content=\"pl_PL\" \/>\n<meta property=\"og:type\" content=\"article\" \/>\n<meta property=\"og:title\" content=\"Przepust Kablowy KRASO\u00ae KDS 150 Ze Z\u0142\u0105czk\u0105 Wtykow\u0105 Do Rur\" \/>\n<meta property=\"og:description\" content=\"Do p\u00f3\u017aniejszego przeprowadzenia rur lub kabli za pomoc\u0105 systemowych wk\u0142ad\u00f3w uszczelniaj\u0105cych KRASO\u00ae KDS 150 lub adaptera systemowego KRASO\u00ae KDS 150.\" \/>\n<meta property=\"og:url\" content=\"https:\/\/ugwp.cfolks.pl\/bwb\/produkt\/przepust-kablowy-kraso-kds-150-ze-zlaczka-wtykowa-z-jednej-strony\/\" \/>\n<meta property=\"og:site_name\" content=\"BWB technology\" \/>\n<meta property=\"article:modified_time\" content=\"2023-09-10T08:01:26+00:00\" \/>\n<meta property=\"og:image\" content=\"https:\/\/ugwp.cfolks.pl\/bwb\/wp-content\/uploads\/Przepust-kablowy-KRASO\u00ae-KDS-150-ze-zlaczka-wtykowa-z-jednej-strony-1.jpg\" \/>\n\t<meta property=\"og:image:width\" content=\"1100\" \/>\n\t<meta property=\"og:image:height\" content=\"810\" \/>\n\t<meta property=\"og:image:type\" content=\"image\/jpeg\" \/>\n<meta name=\"twitter:card\" content=\"summary_large_image\" \/>\n<script type=\"application\/ld+json\" class=\"yoast-schema-graph\">{\"@context\":\"https:\\\/\\\/schema.org\",\"@graph\":[{\"@type\":\"WebPage\",\"@id\":\"https:\\\/\\\/ugwp.cfolks.pl\\\/bwb\\\/produkt\\\/przepust-kablowy-kraso-kds-150-ze-zlaczka-wtykowa-z-jednej-strony\\\/\",\"url\":\"https:\\\/\\\/ugwp.cfolks.pl\\\/bwb\\\/produkt\\\/przepust-kablowy-kraso-kds-150-ze-zlaczka-wtykowa-z-jednej-strony\\\/\",\"name\":\"Przepust Kablowy KRASO\u00ae KDS 150 Ze Z\u0142\u0105czk\u0105 Wtykow\u0105 Do Rur\",\"isPartOf\":{\"@id\":\"https:\\\/\\\/ugwp.cfolks.pl\\\/bwb\\\/#website\"},\"primaryImageOfPage\":{\"@id\":\"https:\\\/\\\/ugwp.cfolks.pl\\\/bwb\\\/produkt\\\/przepust-kablowy-kraso-kds-150-ze-zlaczka-wtykowa-z-jednej-strony\\\/#primaryimage\"},\"image\":{\"@id\":\"https:\\\/\\\/ugwp.cfolks.pl\\\/bwb\\\/produkt\\\/przepust-kablowy-kraso-kds-150-ze-zlaczka-wtykowa-z-jednej-strony\\\/#primaryimage\"},\"thumbnailUrl\":\"https:\\\/\\\/ugwp.cfolks.pl\\\/bwb\\\/wp-content\\\/uploads\\\/Przepust-kablowy-KRASO\u00ae-KDS-150-ze-zlaczka-wtykowa-z-jednej-strony-1.jpg\",\"datePublished\":\"2022-10-13T10:47:43+00:00\",\"dateModified\":\"2023-09-10T08:01:26+00:00\",\"description\":\"Do p\u00f3\u017aniejszego przeprowadzenia rur lub kabli za pomoc\u0105 systemowych wk\u0142ad\u00f3w uszczelniaj\u0105cych KRASO\u00ae KDS 150 lub adaptera systemowego KRASO\u00ae KDS 150.\",\"breadcrumb\":{\"@id\":\"https:\\\/\\\/ugwp.cfolks.pl\\\/bwb\\\/produkt\\\/przepust-kablowy-kraso-kds-150-ze-zlaczka-wtykowa-z-jednej-strony\\\/#breadcrumb\"},\"inLanguage\":\"pl-PL\",\"potentialAction\":[{\"@type\":\"ReadAction\",\"target\":[\"https:\\\/\\\/ugwp.cfolks.pl\\\/bwb\\\/produkt\\\/przepust-kablowy-kraso-kds-150-ze-zlaczka-wtykowa-z-jednej-strony\\\/\"]}]},{\"@type\":\"ImageObject\",\"inLanguage\":\"pl-PL\",\"@id\":\"https:\\\/\\\/ugwp.cfolks.pl\\\/bwb\\\/produkt\\\/przepust-kablowy-kraso-kds-150-ze-zlaczka-wtykowa-z-jednej-strony\\\/#primaryimage\",\"url\":\"https:\\\/\\\/ugwp.cfolks.pl\\\/bwb\\\/wp-content\\\/uploads\\\/Przepust-kablowy-KRASO\u00ae-KDS-150-ze-zlaczka-wtykowa-z-jednej-strony-1.jpg\",\"contentUrl\":\"https:\\\/\\\/ugwp.cfolks.pl\\\/bwb\\\/wp-content\\\/uploads\\\/Przepust-kablowy-KRASO\u00ae-KDS-150-ze-zlaczka-wtykowa-z-jednej-strony-1.jpg\",\"width\":1100,\"height\":810,\"caption\":\"Przepust kablowy KRASO\u00ae KDS 150 ze z\u0142\u0105czk\u0105 wtykow\u0105 z jednej strony\"},{\"@type\":\"BreadcrumbList\",\"@id\":\"https:\\\/\\\/ugwp.cfolks.pl\\\/bwb\\\/produkt\\\/przepust-kablowy-kraso-kds-150-ze-zlaczka-wtykowa-z-jednej-strony\\\/#breadcrumb\",\"itemListElement\":[{\"@type\":\"ListItem\",\"position\":1,\"name\":\"Strona g\u0142\u00f3wna\",\"item\":\"https:\\\/\\\/ugwp.cfolks.pl\\\/bwb\\\/\"},{\"@type\":\"ListItem\",\"position\":2,\"name\":\"Wodoszczelne Przej\u015bcia Instalacyjne\",\"item\":\"https:\\\/\\\/ugwp.cfolks.pl\\\/bwb\\\/kategoria\\\/wodoszczelne-przejscia-instalacyjne\\\/\"},{\"@type\":\"ListItem\",\"position\":3,\"name\":\"Przepusty kablowe\",\"item\":\"https:\\\/\\\/ugwp.cfolks.pl\\\/bwb\\\/kategoria\\\/wodoszczelne-przejscia-instalacyjne\\\/przepusty-kablowe\\\/\"},{\"@type\":\"ListItem\",\"position\":4,\"name\":\"Przepust kablowy KRASO\u00ae KDS 150 ze z\u0142\u0105czk\u0105 wtykow\u0105\"}]},{\"@type\":\"WebSite\",\"@id\":\"https:\\\/\\\/ugwp.cfolks.pl\\\/bwb\\\/#website\",\"url\":\"https:\\\/\\\/ugwp.cfolks.pl\\\/bwb\\\/\",\"name\":\"BWB technology\",\"description\":\"Kolejna witryna oparta na WordPressie\",\"potentialAction\":[{\"@type\":\"SearchAction\",\"target\":{\"@type\":\"EntryPoint\",\"urlTemplate\":\"https:\\\/\\\/ugwp.cfolks.pl\\\/bwb\\\/?s={search_term_string}\"},\"query-input\":{\"@type\":\"PropertyValueSpecification\",\"valueRequired\":true,\"valueName\":\"search_term_string\"}}],\"inLanguage\":\"pl-PL\"}]}<\/script>\n<!-- \/ Yoast SEO plugin. -->","yoast_head_json":{"title":"Przepust Kablowy KRASO\u00ae KDS 150 Ze Z\u0142\u0105czk\u0105 Wtykow\u0105 Do Rur","description":"Do p\u00f3\u017aniejszego przeprowadzenia rur lub kabli za pomoc\u0105 systemowych wk\u0142ad\u00f3w uszczelniaj\u0105cych KRASO\u00ae KDS 150 lub adaptera systemowego KRASO\u00ae KDS 150.","robots":{"index":"noindex","follow":"follow","max-snippet":"max-snippet:-1","max-image-preview":"max-image-preview:large","max-video-preview":"max-video-preview:-1"},"og_locale":"pl_PL","og_type":"article","og_title":"Przepust Kablowy KRASO\u00ae KDS 150 Ze Z\u0142\u0105czk\u0105 Wtykow\u0105 Do Rur","og_description":"Do p\u00f3\u017aniejszego przeprowadzenia rur lub kabli za pomoc\u0105 systemowych wk\u0142ad\u00f3w uszczelniaj\u0105cych KRASO\u00ae KDS 150 lub adaptera systemowego KRASO\u00ae KDS 150.","og_url":"https:\/\/ugwp.cfolks.pl\/bwb\/produkt\/przepust-kablowy-kraso-kds-150-ze-zlaczka-wtykowa-z-jednej-strony\/","og_site_name":"BWB technology","article_modified_time":"2023-09-10T08:01:26+00:00","og_image":[{"width":1100,"height":810,"url":"https:\/\/ugwp.cfolks.pl\/bwb\/wp-content\/uploads\/Przepust-kablowy-KRASO\u00ae-KDS-150-ze-zlaczka-wtykowa-z-jednej-strony-1.jpg","type":"image\/jpeg"}],"twitter_card":"summary_large_image","schema":{"@context":"https:\/\/schema.org","@graph":[{"@type":"WebPage","@id":"https:\/\/ugwp.cfolks.pl\/bwb\/produkt\/przepust-kablowy-kraso-kds-150-ze-zlaczka-wtykowa-z-jednej-strony\/","url":"https:\/\/ugwp.cfolks.pl\/bwb\/produkt\/przepust-kablowy-kraso-kds-150-ze-zlaczka-wtykowa-z-jednej-strony\/","name":"Przepust Kablowy KRASO\u00ae KDS 150 Ze Z\u0142\u0105czk\u0105 Wtykow\u0105 Do Rur","isPartOf":{"@id":"https:\/\/ugwp.cfolks.pl\/bwb\/#website"},"primaryImageOfPage":{"@id":"https:\/\/ugwp.cfolks.pl\/bwb\/produkt\/przepust-kablowy-kraso-kds-150-ze-zlaczka-wtykowa-z-jednej-strony\/#primaryimage"},"image":{"@id":"https:\/\/ugwp.cfolks.pl\/bwb\/produkt\/przepust-kablowy-kraso-kds-150-ze-zlaczka-wtykowa-z-jednej-strony\/#primaryimage"},"thumbnailUrl":"https:\/\/ugwp.cfolks.pl\/bwb\/wp-content\/uploads\/Przepust-kablowy-KRASO\u00ae-KDS-150-ze-zlaczka-wtykowa-z-jednej-strony-1.jpg","datePublished":"2022-10-13T10:47:43+00:00","dateModified":"2023-09-10T08:01:26+00:00","description":"Do p\u00f3\u017aniejszego przeprowadzenia rur lub kabli za pomoc\u0105 systemowych wk\u0142ad\u00f3w uszczelniaj\u0105cych KRASO\u00ae KDS 150 lub adaptera systemowego KRASO\u00ae KDS 150.","breadcrumb":{"@id":"https:\/\/ugwp.cfolks.pl\/bwb\/produkt\/przepust-kablowy-kraso-kds-150-ze-zlaczka-wtykowa-z-jednej-strony\/#breadcrumb"},"inLanguage":"pl-PL","potentialAction":[{"@type":"ReadAction","target":["https:\/\/ugwp.cfolks.pl\/bwb\/produkt\/przepust-kablowy-kraso-kds-150-ze-zlaczka-wtykowa-z-jednej-strony\/"]}]},{"@type":"ImageObject","inLanguage":"pl-PL","@id":"https:\/\/ugwp.cfolks.pl\/bwb\/produkt\/przepust-kablowy-kraso-kds-150-ze-zlaczka-wtykowa-z-jednej-strony\/#primaryimage","url":"https:\/\/ugwp.cfolks.pl\/bwb\/wp-content\/uploads\/Przepust-kablowy-KRASO\u00ae-KDS-150-ze-zlaczka-wtykowa-z-jednej-strony-1.jpg","contentUrl":"https:\/\/ugwp.cfolks.pl\/bwb\/wp-content\/uploads\/Przepust-kablowy-KRASO\u00ae-KDS-150-ze-zlaczka-wtykowa-z-jednej-strony-1.jpg","width":1100,"height":810,"caption":"Przepust kablowy KRASO\u00ae KDS 150 ze z\u0142\u0105czk\u0105 wtykow\u0105 z jednej strony"},{"@type":"BreadcrumbList","@id":"https:\/\/ugwp.cfolks.pl\/bwb\/produkt\/przepust-kablowy-kraso-kds-150-ze-zlaczka-wtykowa-z-jednej-strony\/#breadcrumb","itemListElement":[{"@type":"ListItem","position":1,"name":"Strona g\u0142\u00f3wna","item":"https:\/\/ugwp.cfolks.pl\/bwb\/"},{"@type":"ListItem","position":2,"name":"Wodoszczelne Przej\u015bcia Instalacyjne","item":"https:\/\/ugwp.cfolks.pl\/bwb\/kategoria\/wodoszczelne-przejscia-instalacyjne\/"},{"@type":"ListItem","position":3,"name":"Przepusty kablowe","item":"https:\/\/ugwp.cfolks.pl\/bwb\/kategoria\/wodoszczelne-przejscia-instalacyjne\/przepusty-kablowe\/"},{"@type":"ListItem","position":4,"name":"Przepust kablowy KRASO\u00ae KDS 150 ze z\u0142\u0105czk\u0105 wtykow\u0105"}]},{"@type":"WebSite","@id":"https:\/\/ugwp.cfolks.pl\/bwb\/#website","url":"https:\/\/ugwp.cfolks.pl\/bwb\/","name":"BWB technology","description":"Kolejna witryna oparta na WordPressie","potentialAction":[{"@type":"SearchAction","target":{"@type":"EntryPoint","urlTemplate":"https:\/\/ugwp.cfolks.pl\/bwb\/?s={search_term_string}"},"query-input":{"@type":"PropertyValueSpecification","valueRequired":true,"valueName":"search_term_string"}}],"inLanguage":"pl-PL"}]}},"_links":{"self":[{"href":"https:\/\/ugwp.cfolks.pl\/bwb\/wp-json\/wp\/v2\/product\/1993","targetHints":{"allow":["GET"]}}],"collection":[{"href":"https:\/\/ugwp.cfolks.pl\/bwb\/wp-json\/wp\/v2\/product"}],"about":[{"href":"https:\/\/ugwp.cfolks.pl\/bwb\/wp-json\/wp\/v2\/types\/product"}],"wp:featuredmedia":[{"embeddable":true,"href":"https:\/\/ugwp.cfolks.pl\/bwb\/wp-json\/wp\/v2\/media\/3842"}],"wp:attachment":[{"href":"https:\/\/ugwp.cfolks.pl\/bwb\/wp-json\/wp\/v2\/media?parent=1993"}],"wp:term":[{"taxonomy":"product_cat","embeddable":true,"href":"https:\/\/ugwp.cfolks.pl\/bwb\/wp-json\/wp\/v2\/product_cat?post=1993"},{"taxonomy":"product_tag","embeddable":true,"href":"https:\/\/ugwp.cfolks.pl\/bwb\/wp-json\/wp\/v2\/product_tag?post=1993"}],"curies":[{"name":"wp","href":"https:\/\/api.w.org\/{rel}","templated":true}]}}