{"id":1989,"date":"2022-10-12T14:37:53","date_gmt":"2022-10-12T12:37:53","guid":{"rendered":"https:\/\/ugwp.cfolks.pl\/bwb\/?post_type=product&#038;p=1989"},"modified":"2023-09-09T20:18:01","modified_gmt":"2023-09-09T18:18:01","slug":"przepust-kablowy-kraso-kds-jednostronny","status":"publish","type":"product","link":"https:\/\/ugwp.cfolks.pl\/bwb\/produkt\/przepust-kablowy-kraso-kds-jednostronny\/","title":{"rendered":"Przepust kablowy KRASO\u00ae KDS \u2013 jednostronny"},"content":{"rendered":"","protected":false},"excerpt":{"rendered":"<p>Systemowy przepust kablowy do zabetonowania, z wodoszczeln\u0105 i gazoszczeln\u0105, obwodow\u0105 uszczelk\u0105 cztero\u017cebrow\u0105 KRASO\u00ae oraz za\u015blepk\u0105 zamykaj\u0105c\u0105 KDS. Wyst\u0119puje w dw\u00f3ch wersjach: KDS 150 i KDS 90. Jednostronnie \u0142\u0105czony w celu ewentualnego tworzenia zestawu przepust\u00f3w, do p\u00f3\u017aniejszego przeprowadzenia kabli i rur za pomoc\u0105 wk\u0142ad\u00f3w uszczelniaj\u0105cych systemu KRASO\u00ae (nie wchodz\u0105 w zakres dostawy) lub do pod\u0142\u0105czenia pustych rur instalacyjnych za pomoc\u0105 adapter\u00f3w systemowych KRASO\u00ae (nie wchodz\u0105 w zakres dostawy). Opcjonalnie dost\u0119pny jednostronny dystans wodoszczelny KRASO\u00ae szeroko\u015bci 40 mm w celu osiowego zwi\u0119kszenia rozstawu przepust\u00f3w z 210 mm do 250 mm. W ofercie mamy r\u00f3wnie\u017c akcesoria uzupe\u0142niaj\u0105ce mo\u017cliwo\u015bci przepustu kablowego.<\/p>\n","protected":false},"featured_media":3817,"template":"","meta":{"_acf_changed":false},"product_cat":[138],"product_tag":[],"class_list":{"0":"post-1989","1":"product","2":"type-product","3":"status-publish","4":"has-post-thumbnail","6":"product_cat-przepusty-kablowe","8":"first","9":"instock","10":"shipping-taxable","11":"product-type-simple"},"acf":[],"yoast_head":"<!-- This site is optimized with the Yoast SEO plugin v27.3 - https:\/\/yoast.com\/product\/yoast-seo-wordpress\/ -->\n<title>Przepust Kablowy KRASO\u00ae KDS \u2013 Jednostronny Wodoszczelny<\/title>\n<meta name=\"description\" content=\"Systemowy przepust kablowy do zabetonowania z wodoszczeln\u0105 i gazoszczeln\u0105 obwodow\u0105 uszczelk\u0105 cztero\u017cebrow\u0105 KRASO\u00ae oraz za\u015blepk\u0105 zamykaj\u0105c\u0105 KDS.\" \/>\n<meta name=\"robots\" content=\"noindex, follow, max-snippet:-1, max-image-preview:large, max-video-preview:-1\" \/>\n<meta property=\"og:locale\" content=\"pl_PL\" \/>\n<meta property=\"og:type\" content=\"article\" \/>\n<meta property=\"og:title\" content=\"Przepust Kablowy KRASO\u00ae KDS \u2013 Jednostronny Wodoszczelny\" \/>\n<meta property=\"og:description\" content=\"Systemowy przepust kablowy do zabetonowania z wodoszczeln\u0105 i gazoszczeln\u0105 obwodow\u0105 uszczelk\u0105 cztero\u017cebrow\u0105 KRASO\u00ae oraz za\u015blepk\u0105 zamykaj\u0105c\u0105 KDS.\" \/>\n<meta property=\"og:url\" content=\"https:\/\/ugwp.cfolks.pl\/bwb\/produkt\/przepust-kablowy-kraso-kds-jednostronny\/\" \/>\n<meta property=\"og:site_name\" content=\"BWB technology\" \/>\n<meta property=\"article:modified_time\" content=\"2023-09-09T18:18:01+00:00\" \/>\n<meta property=\"og:image\" content=\"https:\/\/ugwp.cfolks.pl\/bwb\/wp-content\/uploads\/Przepust-kablowy-KRASO\u00ae-KDS-\u2013-jednostronny.jpg\" \/>\n\t<meta property=\"og:image:width\" content=\"1100\" \/>\n\t<meta property=\"og:image:height\" content=\"810\" \/>\n\t<meta property=\"og:image:type\" content=\"image\/jpeg\" \/>\n<meta name=\"twitter:card\" content=\"summary_large_image\" \/>\n<script type=\"application\/ld+json\" class=\"yoast-schema-graph\">{\"@context\":\"https:\\\/\\\/schema.org\",\"@graph\":[{\"@type\":\"WebPage\",\"@id\":\"https:\\\/\\\/ugwp.cfolks.pl\\\/bwb\\\/produkt\\\/przepust-kablowy-kraso-kds-jednostronny\\\/\",\"url\":\"https:\\\/\\\/ugwp.cfolks.pl\\\/bwb\\\/produkt\\\/przepust-kablowy-kraso-kds-jednostronny\\\/\",\"name\":\"Przepust Kablowy KRASO\u00ae KDS \u2013 Jednostronny Wodoszczelny\",\"isPartOf\":{\"@id\":\"https:\\\/\\\/ugwp.cfolks.pl\\\/bwb\\\/#website\"},\"primaryImageOfPage\":{\"@id\":\"https:\\\/\\\/ugwp.cfolks.pl\\\/bwb\\\/produkt\\\/przepust-kablowy-kraso-kds-jednostronny\\\/#primaryimage\"},\"image\":{\"@id\":\"https:\\\/\\\/ugwp.cfolks.pl\\\/bwb\\\/produkt\\\/przepust-kablowy-kraso-kds-jednostronny\\\/#primaryimage\"},\"thumbnailUrl\":\"https:\\\/\\\/ugwp.cfolks.pl\\\/bwb\\\/wp-content\\\/uploads\\\/Przepust-kablowy-KRASO\u00ae-KDS-\u2013-jednostronny.jpg\",\"datePublished\":\"2022-10-12T12:37:53+00:00\",\"dateModified\":\"2023-09-09T18:18:01+00:00\",\"description\":\"Systemowy przepust kablowy do zabetonowania z wodoszczeln\u0105 i gazoszczeln\u0105 obwodow\u0105 uszczelk\u0105 cztero\u017cebrow\u0105 KRASO\u00ae oraz za\u015blepk\u0105 zamykaj\u0105c\u0105 KDS.\",\"breadcrumb\":{\"@id\":\"https:\\\/\\\/ugwp.cfolks.pl\\\/bwb\\\/produkt\\\/przepust-kablowy-kraso-kds-jednostronny\\\/#breadcrumb\"},\"inLanguage\":\"pl-PL\",\"potentialAction\":[{\"@type\":\"ReadAction\",\"target\":[\"https:\\\/\\\/ugwp.cfolks.pl\\\/bwb\\\/produkt\\\/przepust-kablowy-kraso-kds-jednostronny\\\/\"]}]},{\"@type\":\"ImageObject\",\"inLanguage\":\"pl-PL\",\"@id\":\"https:\\\/\\\/ugwp.cfolks.pl\\\/bwb\\\/produkt\\\/przepust-kablowy-kraso-kds-jednostronny\\\/#primaryimage\",\"url\":\"https:\\\/\\\/ugwp.cfolks.pl\\\/bwb\\\/wp-content\\\/uploads\\\/Przepust-kablowy-KRASO\u00ae-KDS-\u2013-jednostronny.jpg\",\"contentUrl\":\"https:\\\/\\\/ugwp.cfolks.pl\\\/bwb\\\/wp-content\\\/uploads\\\/Przepust-kablowy-KRASO\u00ae-KDS-\u2013-jednostronny.jpg\",\"width\":1100,\"height\":810,\"caption\":\"Przepust kablowy KRASO\u00ae KDS \u2013 jednostronny\"},{\"@type\":\"BreadcrumbList\",\"@id\":\"https:\\\/\\\/ugwp.cfolks.pl\\\/bwb\\\/produkt\\\/przepust-kablowy-kraso-kds-jednostronny\\\/#breadcrumb\",\"itemListElement\":[{\"@type\":\"ListItem\",\"position\":1,\"name\":\"Strona g\u0142\u00f3wna\",\"item\":\"https:\\\/\\\/ugwp.cfolks.pl\\\/bwb\\\/\"},{\"@type\":\"ListItem\",\"position\":2,\"name\":\"Wodoszczelne Przej\u015bcia Instalacyjne\",\"item\":\"https:\\\/\\\/ugwp.cfolks.pl\\\/bwb\\\/kategoria\\\/wodoszczelne-przejscia-instalacyjne\\\/\"},{\"@type\":\"ListItem\",\"position\":3,\"name\":\"Przepusty kablowe\",\"item\":\"https:\\\/\\\/ugwp.cfolks.pl\\\/bwb\\\/kategoria\\\/wodoszczelne-przejscia-instalacyjne\\\/przepusty-kablowe\\\/\"},{\"@type\":\"ListItem\",\"position\":4,\"name\":\"Przepust kablowy KRASO\u00ae KDS \u2013 jednostronny\"}]},{\"@type\":\"WebSite\",\"@id\":\"https:\\\/\\\/ugwp.cfolks.pl\\\/bwb\\\/#website\",\"url\":\"https:\\\/\\\/ugwp.cfolks.pl\\\/bwb\\\/\",\"name\":\"BWB technology\",\"description\":\"Kolejna witryna oparta na WordPressie\",\"potentialAction\":[{\"@type\":\"SearchAction\",\"target\":{\"@type\":\"EntryPoint\",\"urlTemplate\":\"https:\\\/\\\/ugwp.cfolks.pl\\\/bwb\\\/?s={search_term_string}\"},\"query-input\":{\"@type\":\"PropertyValueSpecification\",\"valueRequired\":true,\"valueName\":\"search_term_string\"}}],\"inLanguage\":\"pl-PL\"}]}<\/script>\n<!-- \/ Yoast SEO plugin. -->","yoast_head_json":{"title":"Przepust Kablowy KRASO\u00ae KDS \u2013 Jednostronny Wodoszczelny","description":"Systemowy przepust kablowy do zabetonowania z wodoszczeln\u0105 i gazoszczeln\u0105 obwodow\u0105 uszczelk\u0105 cztero\u017cebrow\u0105 KRASO\u00ae oraz za\u015blepk\u0105 zamykaj\u0105c\u0105 KDS.","robots":{"index":"noindex","follow":"follow","max-snippet":"max-snippet:-1","max-image-preview":"max-image-preview:large","max-video-preview":"max-video-preview:-1"},"og_locale":"pl_PL","og_type":"article","og_title":"Przepust Kablowy KRASO\u00ae KDS \u2013 Jednostronny Wodoszczelny","og_description":"Systemowy przepust kablowy do zabetonowania z wodoszczeln\u0105 i gazoszczeln\u0105 obwodow\u0105 uszczelk\u0105 cztero\u017cebrow\u0105 KRASO\u00ae oraz za\u015blepk\u0105 zamykaj\u0105c\u0105 KDS.","og_url":"https:\/\/ugwp.cfolks.pl\/bwb\/produkt\/przepust-kablowy-kraso-kds-jednostronny\/","og_site_name":"BWB technology","article_modified_time":"2023-09-09T18:18:01+00:00","og_image":[{"width":1100,"height":810,"url":"https:\/\/ugwp.cfolks.pl\/bwb\/wp-content\/uploads\/Przepust-kablowy-KRASO\u00ae-KDS-\u2013-jednostronny.jpg","type":"image\/jpeg"}],"twitter_card":"summary_large_image","schema":{"@context":"https:\/\/schema.org","@graph":[{"@type":"WebPage","@id":"https:\/\/ugwp.cfolks.pl\/bwb\/produkt\/przepust-kablowy-kraso-kds-jednostronny\/","url":"https:\/\/ugwp.cfolks.pl\/bwb\/produkt\/przepust-kablowy-kraso-kds-jednostronny\/","name":"Przepust Kablowy KRASO\u00ae KDS \u2013 Jednostronny Wodoszczelny","isPartOf":{"@id":"https:\/\/ugwp.cfolks.pl\/bwb\/#website"},"primaryImageOfPage":{"@id":"https:\/\/ugwp.cfolks.pl\/bwb\/produkt\/przepust-kablowy-kraso-kds-jednostronny\/#primaryimage"},"image":{"@id":"https:\/\/ugwp.cfolks.pl\/bwb\/produkt\/przepust-kablowy-kraso-kds-jednostronny\/#primaryimage"},"thumbnailUrl":"https:\/\/ugwp.cfolks.pl\/bwb\/wp-content\/uploads\/Przepust-kablowy-KRASO\u00ae-KDS-\u2013-jednostronny.jpg","datePublished":"2022-10-12T12:37:53+00:00","dateModified":"2023-09-09T18:18:01+00:00","description":"Systemowy przepust kablowy do zabetonowania z wodoszczeln\u0105 i gazoszczeln\u0105 obwodow\u0105 uszczelk\u0105 cztero\u017cebrow\u0105 KRASO\u00ae oraz za\u015blepk\u0105 zamykaj\u0105c\u0105 KDS.","breadcrumb":{"@id":"https:\/\/ugwp.cfolks.pl\/bwb\/produkt\/przepust-kablowy-kraso-kds-jednostronny\/#breadcrumb"},"inLanguage":"pl-PL","potentialAction":[{"@type":"ReadAction","target":["https:\/\/ugwp.cfolks.pl\/bwb\/produkt\/przepust-kablowy-kraso-kds-jednostronny\/"]}]},{"@type":"ImageObject","inLanguage":"pl-PL","@id":"https:\/\/ugwp.cfolks.pl\/bwb\/produkt\/przepust-kablowy-kraso-kds-jednostronny\/#primaryimage","url":"https:\/\/ugwp.cfolks.pl\/bwb\/wp-content\/uploads\/Przepust-kablowy-KRASO\u00ae-KDS-\u2013-jednostronny.jpg","contentUrl":"https:\/\/ugwp.cfolks.pl\/bwb\/wp-content\/uploads\/Przepust-kablowy-KRASO\u00ae-KDS-\u2013-jednostronny.jpg","width":1100,"height":810,"caption":"Przepust kablowy KRASO\u00ae KDS \u2013 jednostronny"},{"@type":"BreadcrumbList","@id":"https:\/\/ugwp.cfolks.pl\/bwb\/produkt\/przepust-kablowy-kraso-kds-jednostronny\/#breadcrumb","itemListElement":[{"@type":"ListItem","position":1,"name":"Strona g\u0142\u00f3wna","item":"https:\/\/ugwp.cfolks.pl\/bwb\/"},{"@type":"ListItem","position":2,"name":"Wodoszczelne Przej\u015bcia Instalacyjne","item":"https:\/\/ugwp.cfolks.pl\/bwb\/kategoria\/wodoszczelne-przejscia-instalacyjne\/"},{"@type":"ListItem","position":3,"name":"Przepusty kablowe","item":"https:\/\/ugwp.cfolks.pl\/bwb\/kategoria\/wodoszczelne-przejscia-instalacyjne\/przepusty-kablowe\/"},{"@type":"ListItem","position":4,"name":"Przepust kablowy KRASO\u00ae KDS \u2013 jednostronny"}]},{"@type":"WebSite","@id":"https:\/\/ugwp.cfolks.pl\/bwb\/#website","url":"https:\/\/ugwp.cfolks.pl\/bwb\/","name":"BWB technology","description":"Kolejna witryna oparta na WordPressie","potentialAction":[{"@type":"SearchAction","target":{"@type":"EntryPoint","urlTemplate":"https:\/\/ugwp.cfolks.pl\/bwb\/?s={search_term_string}"},"query-input":{"@type":"PropertyValueSpecification","valueRequired":true,"valueName":"search_term_string"}}],"inLanguage":"pl-PL"}]}},"_links":{"self":[{"href":"https:\/\/ugwp.cfolks.pl\/bwb\/wp-json\/wp\/v2\/product\/1989","targetHints":{"allow":["GET"]}}],"collection":[{"href":"https:\/\/ugwp.cfolks.pl\/bwb\/wp-json\/wp\/v2\/product"}],"about":[{"href":"https:\/\/ugwp.cfolks.pl\/bwb\/wp-json\/wp\/v2\/types\/product"}],"wp:featuredmedia":[{"embeddable":true,"href":"https:\/\/ugwp.cfolks.pl\/bwb\/wp-json\/wp\/v2\/media\/3817"}],"wp:attachment":[{"href":"https:\/\/ugwp.cfolks.pl\/bwb\/wp-json\/wp\/v2\/media?parent=1989"}],"wp:term":[{"taxonomy":"product_cat","embeddable":true,"href":"https:\/\/ugwp.cfolks.pl\/bwb\/wp-json\/wp\/v2\/product_cat?post=1989"},{"taxonomy":"product_tag","embeddable":true,"href":"https:\/\/ugwp.cfolks.pl\/bwb\/wp-json\/wp\/v2\/product_tag?post=1989"}],"curies":[{"name":"wp","href":"https:\/\/api.w.org\/{rel}","templated":true}]}}