{"id":1454,"date":"2022-03-23T02:10:38","date_gmt":"2022-03-23T01:10:38","guid":{"rendered":"https:\/\/ugwp.cfolks.pl\/bwb\/?post_type=product&#038;p=1454"},"modified":"2024-10-04T00:00:59","modified_gmt":"2024-10-03T22:00:59","slug":"przepust-kablowy-kraso-kds-dwustronny","status":"publish","type":"product","link":"https:\/\/ugwp.cfolks.pl\/bwb\/produkt\/przepust-kablowy-kraso-kds-dwustronny\/","title":{"rendered":"Przepust kablowy KRASO\u00ae KDS &#8211; dwustronny"},"content":{"rendered":"","protected":false},"excerpt":{"rendered":"<p>Systemowy przepust kablowy do zabetonowania, z wodoszczeln\u0105 i gazoszczeln\u0105, obwodow\u0105 uszczelk\u0105 cztero\u017cebrow\u0105 KRASO<sup>\u00ae<\/sup> oraz dwoma za\u015blepkami zamykaj\u0105cymi KDS. Wyst\u0119puje w dw\u00f3ch wersjach: KDS 150 i KDS 90. Obustronnie \u0142\u0105czony w celu ewentualnego tworzenia zestawu przepust\u00f3w, do p\u00f3\u017aniejszego przeprowadzenia kabli i rur za pomoc\u0105 wk\u0142ad\u00f3w uszczelniaj\u0105cych systemu KRASO<sup>\u00ae<\/sup> (nie wchodz\u0105 w zakres dostawy) lub do pod\u0142\u0105czenia pustych rur instalacyjnych za pomoc\u0105 adapter\u00f3w systemowych KRASO<sup>\u00ae<\/sup> (nie wchodz\u0105 w zakres dostawy).<\/p>\n<p>Opcjonalnie dost\u0119pny dwustronny dystans wodoszczelny KRASO<sup>\u00ae<\/sup> szeroko\u015bci 40 mm w celu osiowego zwi\u0119kszenia rozstawu przepust\u00f3w z 210 mm do 250 mm. Kompatybilny ze wszystkimi popularnymi systemami. Pewny dzi\u0119ki odpornym na p\u0119kni\u0119cia \u015bciankom z litego materia\u0142u. Inteligentny, kompleksowy i elastyczny system przeprowadzi kable do nowo wznoszonych budynk\u00f3w, budynk\u00f3w u\u017cyteczno\u015bci publicznej, klinik, obiekt\u00f3w techniczno-naukowych i przemys\u0142owych.<\/p>\n<p>Niemal nieograniczone mo\u017cliwo\u015bci \u0142\u0105czenia w poziomie i w pionie oraz z mo\u017cliwo\u015bci\u0105 zastosowania w \u015bcianach prefabrykowanych lub do po\u0142\u0105czenia z uszczelnieniem powierzchniowym. Liczne rozwi\u0105zania i akcesoria pomocnicze sprawiaj\u0105, \u017ce system przepust\u00f3w kablowych KRASO\u00ae jest kompletny, jako zestaw uniwersalny.<\/p>\n<p>W ofercie mamy r\u00f3wnie\u017c akcesoria uzupe\u0142niaj\u0105ce mo\u017cliwo\u015bci przepustu kablowego.<\/p>\n","protected":false},"featured_media":3839,"template":"","meta":{"_acf_changed":false},"product_cat":[138],"product_tag":[],"class_list":{"0":"post-1454","1":"product","2":"type-product","3":"status-publish","4":"has-post-thumbnail","6":"product_cat-przepusty-kablowe","8":"first","9":"instock","10":"shipping-taxable","11":"product-type-simple"},"acf":[],"yoast_head":"<!-- This site is optimized with the Yoast SEO plugin v27.3 - https:\/\/yoast.com\/product\/yoast-seo-wordpress\/ -->\n<title>Przepust kablowy KRASO\u00ae KDS - dwustronny - Wodo i Gazoszczelny<\/title>\n<meta name=\"description\" content=\"Systemowy przepust kablowy do zabetonowania z wodoszczeln\u0105 i gazoszczeln\u0105 obwodow\u0105 uszczelk\u0105 cztero\u017cebrow\u0105 KRASO\u00ae. Wodoszczelne przej\u015bcia Instalacyjne.\" \/>\n<meta name=\"robots\" content=\"noindex, follow, max-snippet:-1, max-image-preview:large, max-video-preview:-1\" \/>\n<meta property=\"og:locale\" content=\"pl_PL\" \/>\n<meta property=\"og:type\" content=\"article\" \/>\n<meta property=\"og:title\" content=\"Przepust kablowy KRASO\u00ae KDS - dwustronny - Wodo i Gazoszczelny\" \/>\n<meta property=\"og:description\" content=\"Systemowy przepust kablowy do zabetonowania z wodoszczeln\u0105 i gazoszczeln\u0105 obwodow\u0105 uszczelk\u0105 cztero\u017cebrow\u0105 KRASO\u00ae. Wodoszczelne przej\u015bcia Instalacyjne.\" \/>\n<meta property=\"og:url\" content=\"https:\/\/ugwp.cfolks.pl\/bwb\/produkt\/przepust-kablowy-kraso-kds-dwustronny\/\" \/>\n<meta property=\"og:site_name\" content=\"BWB technology\" \/>\n<meta property=\"article:modified_time\" content=\"2024-10-03T22:00:59+00:00\" \/>\n<meta property=\"og:image\" content=\"https:\/\/ugwp.cfolks.pl\/bwb\/wp-content\/uploads\/Przepust-kablowy-KRASO\u00ae-KDS-150-dwustronny-1.jpg\" \/>\n\t<meta property=\"og:image:width\" content=\"1100\" \/>\n\t<meta property=\"og:image:height\" content=\"810\" \/>\n\t<meta property=\"og:image:type\" content=\"image\/jpeg\" \/>\n<meta name=\"twitter:card\" content=\"summary_large_image\" \/>\n<meta name=\"twitter:label1\" content=\"Szacowany czas czytania\" \/>\n\t<meta name=\"twitter:data1\" content=\"1 minuta\" \/>\n<script type=\"application\/ld+json\" class=\"yoast-schema-graph\">{\"@context\":\"https:\\\/\\\/schema.org\",\"@graph\":[{\"@type\":\"WebPage\",\"@id\":\"https:\\\/\\\/ugwp.cfolks.pl\\\/bwb\\\/produkt\\\/przepust-kablowy-kraso-kds-dwustronny\\\/\",\"url\":\"https:\\\/\\\/ugwp.cfolks.pl\\\/bwb\\\/produkt\\\/przepust-kablowy-kraso-kds-dwustronny\\\/\",\"name\":\"Przepust kablowy KRASO\u00ae KDS - dwustronny - Wodo i Gazoszczelny\",\"isPartOf\":{\"@id\":\"https:\\\/\\\/ugwp.cfolks.pl\\\/bwb\\\/#website\"},\"primaryImageOfPage\":{\"@id\":\"https:\\\/\\\/ugwp.cfolks.pl\\\/bwb\\\/produkt\\\/przepust-kablowy-kraso-kds-dwustronny\\\/#primaryimage\"},\"image\":{\"@id\":\"https:\\\/\\\/ugwp.cfolks.pl\\\/bwb\\\/produkt\\\/przepust-kablowy-kraso-kds-dwustronny\\\/#primaryimage\"},\"thumbnailUrl\":\"https:\\\/\\\/ugwp.cfolks.pl\\\/bwb\\\/wp-content\\\/uploads\\\/Przepust-kablowy-KRASO\u00ae-KDS-150-dwustronny-1.jpg\",\"datePublished\":\"2022-03-23T01:10:38+00:00\",\"dateModified\":\"2024-10-03T22:00:59+00:00\",\"description\":\"Systemowy przepust kablowy do zabetonowania z wodoszczeln\u0105 i gazoszczeln\u0105 obwodow\u0105 uszczelk\u0105 cztero\u017cebrow\u0105 KRASO\u00ae. Wodoszczelne przej\u015bcia Instalacyjne.\",\"breadcrumb\":{\"@id\":\"https:\\\/\\\/ugwp.cfolks.pl\\\/bwb\\\/produkt\\\/przepust-kablowy-kraso-kds-dwustronny\\\/#breadcrumb\"},\"inLanguage\":\"pl-PL\",\"potentialAction\":[{\"@type\":\"ReadAction\",\"target\":[\"https:\\\/\\\/ugwp.cfolks.pl\\\/bwb\\\/produkt\\\/przepust-kablowy-kraso-kds-dwustronny\\\/\"]}]},{\"@type\":\"ImageObject\",\"inLanguage\":\"pl-PL\",\"@id\":\"https:\\\/\\\/ugwp.cfolks.pl\\\/bwb\\\/produkt\\\/przepust-kablowy-kraso-kds-dwustronny\\\/#primaryimage\",\"url\":\"https:\\\/\\\/ugwp.cfolks.pl\\\/bwb\\\/wp-content\\\/uploads\\\/Przepust-kablowy-KRASO\u00ae-KDS-150-dwustronny-1.jpg\",\"contentUrl\":\"https:\\\/\\\/ugwp.cfolks.pl\\\/bwb\\\/wp-content\\\/uploads\\\/Przepust-kablowy-KRASO\u00ae-KDS-150-dwustronny-1.jpg\",\"width\":1100,\"height\":810,\"caption\":\"Przepust kablowy KRASO\u00ae KDS 150 - dwustronny\"},{\"@type\":\"BreadcrumbList\",\"@id\":\"https:\\\/\\\/ugwp.cfolks.pl\\\/bwb\\\/produkt\\\/przepust-kablowy-kraso-kds-dwustronny\\\/#breadcrumb\",\"itemListElement\":[{\"@type\":\"ListItem\",\"position\":1,\"name\":\"Strona g\u0142\u00f3wna\",\"item\":\"https:\\\/\\\/ugwp.cfolks.pl\\\/bwb\\\/\"},{\"@type\":\"ListItem\",\"position\":2,\"name\":\"Wodoszczelne Przej\u015bcia Instalacyjne\",\"item\":\"https:\\\/\\\/ugwp.cfolks.pl\\\/bwb\\\/kategoria\\\/wodoszczelne-przejscia-instalacyjne\\\/\"},{\"@type\":\"ListItem\",\"position\":3,\"name\":\"Przepusty kablowe\",\"item\":\"https:\\\/\\\/ugwp.cfolks.pl\\\/bwb\\\/kategoria\\\/wodoszczelne-przejscia-instalacyjne\\\/przepusty-kablowe\\\/\"},{\"@type\":\"ListItem\",\"position\":4,\"name\":\"Przepust kablowy KRASO\u00ae KDS &#8211; dwustronny\"}]},{\"@type\":\"WebSite\",\"@id\":\"https:\\\/\\\/ugwp.cfolks.pl\\\/bwb\\\/#website\",\"url\":\"https:\\\/\\\/ugwp.cfolks.pl\\\/bwb\\\/\",\"name\":\"BWB technology\",\"description\":\"Kolejna witryna oparta na WordPressie\",\"potentialAction\":[{\"@type\":\"SearchAction\",\"target\":{\"@type\":\"EntryPoint\",\"urlTemplate\":\"https:\\\/\\\/ugwp.cfolks.pl\\\/bwb\\\/?s={search_term_string}\"},\"query-input\":{\"@type\":\"PropertyValueSpecification\",\"valueRequired\":true,\"valueName\":\"search_term_string\"}}],\"inLanguage\":\"pl-PL\"}]}<\/script>\n<!-- \/ Yoast SEO plugin. -->","yoast_head_json":{"title":"Przepust kablowy KRASO\u00ae KDS - dwustronny - Wodo i Gazoszczelny","description":"Systemowy przepust kablowy do zabetonowania z wodoszczeln\u0105 i gazoszczeln\u0105 obwodow\u0105 uszczelk\u0105 cztero\u017cebrow\u0105 KRASO\u00ae. Wodoszczelne przej\u015bcia Instalacyjne.","robots":{"index":"noindex","follow":"follow","max-snippet":"max-snippet:-1","max-image-preview":"max-image-preview:large","max-video-preview":"max-video-preview:-1"},"og_locale":"pl_PL","og_type":"article","og_title":"Przepust kablowy KRASO\u00ae KDS - dwustronny - Wodo i Gazoszczelny","og_description":"Systemowy przepust kablowy do zabetonowania z wodoszczeln\u0105 i gazoszczeln\u0105 obwodow\u0105 uszczelk\u0105 cztero\u017cebrow\u0105 KRASO\u00ae. Wodoszczelne przej\u015bcia Instalacyjne.","og_url":"https:\/\/ugwp.cfolks.pl\/bwb\/produkt\/przepust-kablowy-kraso-kds-dwustronny\/","og_site_name":"BWB technology","article_modified_time":"2024-10-03T22:00:59+00:00","og_image":[{"width":1100,"height":810,"url":"https:\/\/ugwp.cfolks.pl\/bwb\/wp-content\/uploads\/Przepust-kablowy-KRASO\u00ae-KDS-150-dwustronny-1.jpg","type":"image\/jpeg"}],"twitter_card":"summary_large_image","twitter_misc":{"Szacowany czas czytania":"1 minuta"},"schema":{"@context":"https:\/\/schema.org","@graph":[{"@type":"WebPage","@id":"https:\/\/ugwp.cfolks.pl\/bwb\/produkt\/przepust-kablowy-kraso-kds-dwustronny\/","url":"https:\/\/ugwp.cfolks.pl\/bwb\/produkt\/przepust-kablowy-kraso-kds-dwustronny\/","name":"Przepust kablowy KRASO\u00ae KDS - dwustronny - Wodo i Gazoszczelny","isPartOf":{"@id":"https:\/\/ugwp.cfolks.pl\/bwb\/#website"},"primaryImageOfPage":{"@id":"https:\/\/ugwp.cfolks.pl\/bwb\/produkt\/przepust-kablowy-kraso-kds-dwustronny\/#primaryimage"},"image":{"@id":"https:\/\/ugwp.cfolks.pl\/bwb\/produkt\/przepust-kablowy-kraso-kds-dwustronny\/#primaryimage"},"thumbnailUrl":"https:\/\/ugwp.cfolks.pl\/bwb\/wp-content\/uploads\/Przepust-kablowy-KRASO\u00ae-KDS-150-dwustronny-1.jpg","datePublished":"2022-03-23T01:10:38+00:00","dateModified":"2024-10-03T22:00:59+00:00","description":"Systemowy przepust kablowy do zabetonowania z wodoszczeln\u0105 i gazoszczeln\u0105 obwodow\u0105 uszczelk\u0105 cztero\u017cebrow\u0105 KRASO\u00ae. Wodoszczelne przej\u015bcia Instalacyjne.","breadcrumb":{"@id":"https:\/\/ugwp.cfolks.pl\/bwb\/produkt\/przepust-kablowy-kraso-kds-dwustronny\/#breadcrumb"},"inLanguage":"pl-PL","potentialAction":[{"@type":"ReadAction","target":["https:\/\/ugwp.cfolks.pl\/bwb\/produkt\/przepust-kablowy-kraso-kds-dwustronny\/"]}]},{"@type":"ImageObject","inLanguage":"pl-PL","@id":"https:\/\/ugwp.cfolks.pl\/bwb\/produkt\/przepust-kablowy-kraso-kds-dwustronny\/#primaryimage","url":"https:\/\/ugwp.cfolks.pl\/bwb\/wp-content\/uploads\/Przepust-kablowy-KRASO\u00ae-KDS-150-dwustronny-1.jpg","contentUrl":"https:\/\/ugwp.cfolks.pl\/bwb\/wp-content\/uploads\/Przepust-kablowy-KRASO\u00ae-KDS-150-dwustronny-1.jpg","width":1100,"height":810,"caption":"Przepust kablowy KRASO\u00ae KDS 150 - dwustronny"},{"@type":"BreadcrumbList","@id":"https:\/\/ugwp.cfolks.pl\/bwb\/produkt\/przepust-kablowy-kraso-kds-dwustronny\/#breadcrumb","itemListElement":[{"@type":"ListItem","position":1,"name":"Strona g\u0142\u00f3wna","item":"https:\/\/ugwp.cfolks.pl\/bwb\/"},{"@type":"ListItem","position":2,"name":"Wodoszczelne Przej\u015bcia Instalacyjne","item":"https:\/\/ugwp.cfolks.pl\/bwb\/kategoria\/wodoszczelne-przejscia-instalacyjne\/"},{"@type":"ListItem","position":3,"name":"Przepusty kablowe","item":"https:\/\/ugwp.cfolks.pl\/bwb\/kategoria\/wodoszczelne-przejscia-instalacyjne\/przepusty-kablowe\/"},{"@type":"ListItem","position":4,"name":"Przepust kablowy KRASO\u00ae KDS &#8211; dwustronny"}]},{"@type":"WebSite","@id":"https:\/\/ugwp.cfolks.pl\/bwb\/#website","url":"https:\/\/ugwp.cfolks.pl\/bwb\/","name":"BWB technology","description":"Kolejna witryna oparta na WordPressie","potentialAction":[{"@type":"SearchAction","target":{"@type":"EntryPoint","urlTemplate":"https:\/\/ugwp.cfolks.pl\/bwb\/?s={search_term_string}"},"query-input":{"@type":"PropertyValueSpecification","valueRequired":true,"valueName":"search_term_string"}}],"inLanguage":"pl-PL"}]}},"_links":{"self":[{"href":"https:\/\/ugwp.cfolks.pl\/bwb\/wp-json\/wp\/v2\/product\/1454","targetHints":{"allow":["GET"]}}],"collection":[{"href":"https:\/\/ugwp.cfolks.pl\/bwb\/wp-json\/wp\/v2\/product"}],"about":[{"href":"https:\/\/ugwp.cfolks.pl\/bwb\/wp-json\/wp\/v2\/types\/product"}],"wp:featuredmedia":[{"embeddable":true,"href":"https:\/\/ugwp.cfolks.pl\/bwb\/wp-json\/wp\/v2\/media\/3839"}],"wp:attachment":[{"href":"https:\/\/ugwp.cfolks.pl\/bwb\/wp-json\/wp\/v2\/media?parent=1454"}],"wp:term":[{"taxonomy":"product_cat","embeddable":true,"href":"https:\/\/ugwp.cfolks.pl\/bwb\/wp-json\/wp\/v2\/product_cat?post=1454"},{"taxonomy":"product_tag","embeddable":true,"href":"https:\/\/ugwp.cfolks.pl\/bwb\/wp-json\/wp\/v2\/product_tag?post=1454"}],"curies":[{"name":"wp","href":"https:\/\/api.w.org\/{rel}","templated":true}]}}