{"id":7182,"date":"2025-04-23T15:27:43","date_gmt":"2025-04-23T13:27:43","guid":{"rendered":"https:\/\/ugwp.cfolks.pl\/bwb\/?page_id=7182"},"modified":"2025-04-24T13:39:51","modified_gmt":"2025-04-24T11:39:51","slug":"tasmy-do-przerw-dylatacyjnych","status":"publish","type":"page","link":"https:\/\/ugwp.cfolks.pl\/bwb\/tasmy-uszczelniajace\/tasmy-do-przerw-dylatacyjnych\/","title":{"rendered":"Ta\u015bmy do przerw dylatacyjnych"},"content":{"rendered":"<div class=\"row kategoria-produktow\">\n<div class=\"col-lg-3\"><a href=\"https:\/\/ugwp.cfolks.pl\/bwb\/produkt\/tasma-wewnetrzna-besaflex-typ-d\/\"><img src=\"https:\/\/ugwp.cfolks.pl\/bwb\/wp-content\/uploads\/Tasma-wewnetrzna-Besaflex-Typ-D-240.jpg\" alt=\"Ta\u015bma wewn\u0119trzna Besaflex Typ D\" decoding=\"async\" loading=\"lazy\"\/><\/p>\n<h2>Ta\u015bma wewn\u0119trzna Besaflex Typ D<\/h2>\n<p><\/a><\/div>\n<div class=\"col-lg-3\"><a href=\"https:\/\/ugwp.cfolks.pl\/bwb\/produkt\/tasma-wewnetrzna-nitriflex-typ-d\/\"><img src=\"https:\/\/ugwp.cfolks.pl\/bwb\/wp-content\/uploads\/Tasma-wewnetrzna-Nitriflex-Typ-D-240.jpg\" alt=\"Ta\u015bma wewn\u0119trzna Nitriflex Typ D\" decoding=\"async\" loading=\"lazy\"\/><\/p>\n<h2>Ta\u015bma wewn\u0119trzna Nitriflex Typ D<\/h2>\n<p><\/a><\/div>\n<div class=\"col-lg-3\"><a href=\"https:\/\/ugwp.cfolks.pl\/bwb\/produkt\/tasma-wewnetrzna-elastoflex-typ-fm\/\"><img src=\"https:\/\/ugwp.cfolks.pl\/bwb\/wp-content\/uploads\/Tasma-wewnetrzna-Elastoflex-Typ-FM-250.jpg\" alt=\"Ta\u015bma wewn\u0119trzna Elastoflex Typ FM\" decoding=\"async\" loading=\"lazy\"\/><\/p>\n<h2>Ta\u015bma wewn\u0119trzna Elastoflex Typ FM<\/h2>\n<p><\/a><\/div>\n<div class=\"col-lg-3\"><a href=\"https:\/\/ugwp.cfolks.pl\/bwb\/produkt\/tasma-wewnetrzna-polyflex-typ-dp\/\"><img src=\"https:\/\/ugwp.cfolks.pl\/bwb\/wp-content\/uploads\/Tasma-wewnetrzna-Polyflex-Typ-DP-240.jpg\" alt=\"Ta\u015bma wewn\u0119trzna Polyflex Typ DP\" decoding=\"async\" loading=\"lazy\"\/><\/p>\n<h2>Ta\u015bma wewn\u0119trzna Polyflex Typ DP<\/h2>\n<p><\/a><\/div>\n<div class=\"col-lg-3\"><a href=\"https:\/\/ugwp.cfolks.pl\/bwb\/produkt\/tasma-wewnetrzna-british-standard-typ-ce\/\"><img src=\"https:\/\/ugwp.cfolks.pl\/bwb\/wp-content\/uploads\/Tasma-wewnetrzna-British-standard-Typ-CE.jpg\" alt=\"Ta\u015bma wewn\u0119trzna British standard Typ CE\" decoding=\"async\" loading=\"lazy\"\/><\/p>\n<h2>Ta\u015bma wewn\u0119trzna British standard Typ CE<\/h2>\n<p><\/a><\/div>\n<div class=\"col-lg-3\"><a href=\"https:\/\/ugwp.cfolks.pl\/bwb\/produkt\/tasma-wewnetrzna-nitriflex-typ-d-dbs\/\"><img src=\"https:\/\/ugwp.cfolks.pl\/bwb\/wp-content\/uploads\/Tasma-wewnetrzna-Nitriflex-Typ-D-260-DBS.jpg\" alt=\"Ta\u015bma wewn\u0119trzna Nitriflex Typ D DBS\" decoding=\"async\" loading=\"lazy\"\/><\/p>\n<h2>Ta\u015bma wewn\u0119trzna Nitriflex Typ D DBS<\/h2>\n<p><\/a><\/div>\n<div class=\"col-lg-3\"><a href=\"https:\/\/ugwp.cfolks.pl\/bwb\/produkt\/tasma-wewnetrzna-elastoflex-typ-fms\/\"><img src=\"https:\/\/ugwp.cfolks.pl\/bwb\/wp-content\/uploads\/Tasma-wewnetrzna-Elastoflex-Typ-FMS-350.jpg\" alt=\"Ta\u015bma wewn\u0119trzna Elastoflex Typ FMS\" decoding=\"async\" loading=\"lazy\"\/><\/p>\n<h2>Ta\u015bma wewn\u0119trzna Elastoflex Typ FMS<\/h2>\n<p><\/a><\/div>\n<div class=\"col-lg-3\"><a href=\"https:\/\/ugwp.cfolks.pl\/bwb\/produkt\/tasma-zewnetrzna-besaflex-typ-ad\/\"><img src=\"https:\/\/ugwp.cfolks.pl\/bwb\/wp-content\/uploads\/Tasma-zewnetrzna-Besaflex-Typ-AD-250.jpg\" alt=\"Ta\u015bma zewn\u0119trzna Besaflex Typ AD\" decoding=\"async\" loading=\"lazy\"\/><\/p>\n<h2>Ta\u015bma zewn\u0119trzna Besaflex Typ AD<\/h2>\n<p><\/a><\/div>\n<div class=\"col-lg-3\"><a href=\"https:\/\/ugwp.cfolks.pl\/bwb\/produkt\/tasma-zewnetrzna-nitriflex-typ-da\/\"><img src=\"https:\/\/ugwp.cfolks.pl\/bwb\/wp-content\/uploads\/Tasma-zewnetrzna-Nitriflex-Typ-DA-240-25.jpg\" alt=\"Ta\u015bma zewn\u0119trzna Nitriflex Typ DA\" decoding=\"async\" loading=\"lazy\"\/><\/p>\n<h2>Ta\u015bma zewn\u0119trzna Nitriflex Typ DA<\/h2>\n<p><\/a><\/div>\n<div class=\"col-lg-3\"><a href=\"https:\/\/ugwp.cfolks.pl\/bwb\/produkt\/tasma-zewnetrzna-elastoflex-typ-am\/\"><img src=\"https:\/\/ugwp.cfolks.pl\/bwb\/wp-content\/uploads\/Tasma-zewnetrzna-Elastoflex-Typ-AM-250.jpg\" alt=\"Ta\u015bma zewn\u0119trzna Elastoflex Typ AM\" decoding=\"async\" loading=\"lazy\"\/><\/p>\n<h2>Ta\u015bma zewn\u0119trzna Elastoflex Typ AM<\/h2>\n<p><\/a><\/div>\n<div class=\"col-lg-3\"><a href=\"https:\/\/ugwp.cfolks.pl\/bwb\/produkt\/tasma-zewnetrzna-polyflex-typ-adp\/\"><img src=\"https:\/\/ugwp.cfolks.pl\/bwb\/wp-content\/uploads\/Tasma-zewnetrzna-Polyflex-Typ-ADP-240.jpg\" alt=\"Ta\u015bma zewn\u0119trzna Polyflex Typ ADP\" decoding=\"async\" loading=\"lazy\"\/><\/p>\n<h2>Ta\u015bma zewn\u0119trzna Polyflex Typ ADP<\/h2>\n<p><\/a><\/div>\n<div class=\"col-lg-3\"><a href=\"https:\/\/ugwp.cfolks.pl\/bwb\/produkt\/tasma-zewnetrzna-british-standard-typ-ee\/\"><img src=\"https:\/\/ugwp.cfolks.pl\/bwb\/wp-content\/uploads\/Tasma-zewnetrzna-British-standard-Typ-EE-150.jpg\" alt=\"Ta\u015bma zewn\u0119trzna British standard Typ EE\" decoding=\"async\" loading=\"lazy\"\/><\/p>\n<h2>Ta\u015bma zewn\u0119trzna British standard Typ EE<\/h2>\n<p><\/a><\/div>\n<div class=\"col-lg-3\"><a href=\"https:\/\/ugwp.cfolks.pl\/bwb\/produkt\/tasma-narozna-besaflex-typ-ad-ea-ew\/\"><img src=\"https:\/\/ugwp.cfolks.pl\/bwb\/wp-content\/uploads\/Tasma-narozna-Besaflex-Typ-AD-320-EA.jpg\" alt=\"Ta\u015bma naro\u017cna Besaflex Typ AD (EA EW)\" decoding=\"async\" loading=\"lazy\"\/><\/p>\n<h2>Ta\u015bma naro\u017cna Besaflex Typ AD (EA EW)<\/h2>\n<p><\/a><\/div>\n<div class=\"col-lg-3\"><a href=\"https:\/\/ugwp.cfolks.pl\/bwb\/produkt\/tasma-narozna-nitriflex-typ-da-ea-ew\/\"><img src=\"https:\/\/ugwp.cfolks.pl\/bwb\/wp-content\/uploads\/Tasma-narozna-Nitriflex-Typ-DA-500-EW.jpg\" alt=\"Ta\u015bma naro\u017cna Nitriflex Typ DA (EA EW)\" decoding=\"async\" loading=\"lazy\"\/><\/p>\n<h2>Ta\u015bma naro\u017cna Nitriflex Typ DA (EA EW)<\/h2>\n<p><\/a><\/div>\n<div class=\"col-lg-3\"><a href=\"https:\/\/ugwp.cfolks.pl\/bwb\/produkt\/tasma-narozna-british-standard-typ-ee-ea-ew\/\"><img src=\"https:\/\/ugwp.cfolks.pl\/bwb\/wp-content\/uploads\/Tasma-narozna-British-Standard-Typ-EE-240-EA.jpg\" alt=\"Ta\u015bma naro\u017cna British Standard Typ EE (EA EW)\" decoding=\"async\" loading=\"lazy\"\/><\/p>\n<h2>Ta\u015bma naro\u017cna British Standard Typ EE (EA EW)<\/h2>\n<p><\/a><\/div>\n","protected":false},"excerpt":{"rendered":"<p>Ta\u015bma wewn\u0119trzna Besaflex Typ D Ta\u015bma wewn\u0119trzna Nitriflex Typ D Ta\u015bma wewn\u0119trzna Elastoflex Typ FM Ta\u015bma wewn\u0119trzna Polyflex Typ DP Ta\u015bma wewn\u0119trzna British standard Typ CE Ta\u015bma wewn\u0119trzna Nitriflex Typ D DBS Ta\u015bma wewn\u0119trzna Elastoflex Typ FMS Ta\u015bma zewn\u0119trzna Besaflex Typ AD Ta\u015bma zewn\u0119trzna Nitriflex Typ DA Ta\u015bma zewn\u0119trzna Elastoflex Typ AM Ta\u015bma zewn\u0119trzna Polyflex [&hellip;]<\/p>\n","protected":false},"author":1,"featured_media":0,"parent":3481,"menu_order":0,"comment_status":"closed","ping_status":"closed","template":"","meta":{"_acf_changed":false,"footnotes":""},"class_list":["post-7182","page","type-page","status-publish","hentry"],"acf":[],"yoast_head":"<!-- This site is optimized with the Yoast SEO plugin v27.3 - https:\/\/yoast.com\/product\/yoast-seo-wordpress\/ -->\n<title>Ta\u015bmy do przerw dylatacyjnych - BWB technology<\/title>\n<meta name=\"robots\" content=\"noindex, follow, max-snippet:-1, max-image-preview:large, max-video-preview:-1\" \/>\n<meta property=\"og:locale\" content=\"pl_PL\" \/>\n<meta property=\"og:type\" content=\"article\" \/>\n<meta property=\"og:title\" content=\"Ta\u015bmy do przerw dylatacyjnych - BWB technology\" \/>\n<meta property=\"og:description\" content=\"Ta\u015bma wewn\u0119trzna Besaflex Typ D Ta\u015bma wewn\u0119trzna Nitriflex Typ D Ta\u015bma wewn\u0119trzna Elastoflex Typ FM Ta\u015bma wewn\u0119trzna Polyflex Typ DP Ta\u015bma wewn\u0119trzna British standard Typ CE Ta\u015bma wewn\u0119trzna Nitriflex Typ D DBS Ta\u015bma wewn\u0119trzna Elastoflex Typ FMS Ta\u015bma zewn\u0119trzna Besaflex Typ AD Ta\u015bma zewn\u0119trzna Nitriflex Typ DA Ta\u015bma zewn\u0119trzna Elastoflex Typ AM Ta\u015bma zewn\u0119trzna Polyflex [&hellip;]\" \/>\n<meta property=\"og:url\" content=\"https:\/\/ugwp.cfolks.pl\/bwb\/tasmy-uszczelniajace\/tasmy-do-przerw-dylatacyjnych\/\" \/>\n<meta property=\"og:site_name\" content=\"BWB technology\" \/>\n<meta property=\"article:modified_time\" content=\"2025-04-24T11:39:51+00:00\" \/>\n<meta property=\"og:image\" content=\"https:\/\/ugwp.cfolks.pl\/bwb\/wp-content\/uploads\/Tasma-wewnetrzna-Besaflex-Typ-D-240.jpg\" \/>\n<meta name=\"twitter:card\" content=\"summary_large_image\" \/>\n<meta name=\"twitter:label1\" content=\"Szacowany czas czytania\" \/>\n\t<meta name=\"twitter:data1\" content=\"4 minuty\" \/>\n<script type=\"application\/ld+json\" class=\"yoast-schema-graph\">{\"@context\":\"https:\\\/\\\/schema.org\",\"@graph\":[{\"@type\":\"WebPage\",\"@id\":\"https:\\\/\\\/ugwp.cfolks.pl\\\/bwb\\\/tasmy-uszczelniajace\\\/tasmy-do-przerw-dylatacyjnych\\\/\",\"url\":\"https:\\\/\\\/ugwp.cfolks.pl\\\/bwb\\\/tasmy-uszczelniajace\\\/tasmy-do-przerw-dylatacyjnych\\\/\",\"name\":\"Ta\u015bmy do przerw dylatacyjnych - BWB technology\",\"isPartOf\":{\"@id\":\"https:\\\/\\\/ugwp.cfolks.pl\\\/bwb\\\/#website\"},\"primaryImageOfPage\":{\"@id\":\"https:\\\/\\\/ugwp.cfolks.pl\\\/bwb\\\/tasmy-uszczelniajace\\\/tasmy-do-przerw-dylatacyjnych\\\/#primaryimage\"},\"image\":{\"@id\":\"https:\\\/\\\/ugwp.cfolks.pl\\\/bwb\\\/tasmy-uszczelniajace\\\/tasmy-do-przerw-dylatacyjnych\\\/#primaryimage\"},\"thumbnailUrl\":\"https:\\\/\\\/ugwp.cfolks.pl\\\/bwb\\\/wp-content\\\/uploads\\\/Tasma-wewnetrzna-Besaflex-Typ-D-240.jpg\",\"datePublished\":\"2025-04-23T13:27:43+00:00\",\"dateModified\":\"2025-04-24T11:39:51+00:00\",\"breadcrumb\":{\"@id\":\"https:\\\/\\\/ugwp.cfolks.pl\\\/bwb\\\/tasmy-uszczelniajace\\\/tasmy-do-przerw-dylatacyjnych\\\/#breadcrumb\"},\"inLanguage\":\"pl-PL\",\"potentialAction\":[{\"@type\":\"ReadAction\",\"target\":[\"https:\\\/\\\/ugwp.cfolks.pl\\\/bwb\\\/tasmy-uszczelniajace\\\/tasmy-do-przerw-dylatacyjnych\\\/\"]}]},{\"@type\":\"ImageObject\",\"inLanguage\":\"pl-PL\",\"@id\":\"https:\\\/\\\/ugwp.cfolks.pl\\\/bwb\\\/tasmy-uszczelniajace\\\/tasmy-do-przerw-dylatacyjnych\\\/#primaryimage\",\"url\":\"https:\\\/\\\/ugwp.cfolks.pl\\\/bwb\\\/wp-content\\\/uploads\\\/Tasma-wewnetrzna-Besaflex-Typ-D-240.jpg\",\"contentUrl\":\"https:\\\/\\\/ugwp.cfolks.pl\\\/bwb\\\/wp-content\\\/uploads\\\/Tasma-wewnetrzna-Besaflex-Typ-D-240.jpg\",\"width\":1100,\"height\":810,\"caption\":\"Ta\u015bma wewn\u0119trzna Besaflex Typ D 240\"},{\"@type\":\"BreadcrumbList\",\"@id\":\"https:\\\/\\\/ugwp.cfolks.pl\\\/bwb\\\/tasmy-uszczelniajace\\\/tasmy-do-przerw-dylatacyjnych\\\/#breadcrumb\",\"itemListElement\":[{\"@type\":\"ListItem\",\"position\":1,\"name\":\"Strona g\u0142\u00f3wna\",\"item\":\"https:\\\/\\\/ugwp.cfolks.pl\\\/bwb\\\/\"},{\"@type\":\"ListItem\",\"position\":2,\"name\":\"Ta\u015bmy Uszczelniaj\u0105ce\",\"item\":\"https:\\\/\\\/ugwp.cfolks.pl\\\/bwb\\\/tasmy-uszczelniajace\\\/\"},{\"@type\":\"ListItem\",\"position\":3,\"name\":\"Ta\u015bmy do przerw dylatacyjnych\"}]},{\"@type\":\"WebSite\",\"@id\":\"https:\\\/\\\/ugwp.cfolks.pl\\\/bwb\\\/#website\",\"url\":\"https:\\\/\\\/ugwp.cfolks.pl\\\/bwb\\\/\",\"name\":\"BWB technology\",\"description\":\"Kolejna witryna oparta na WordPressie\",\"potentialAction\":[{\"@type\":\"SearchAction\",\"target\":{\"@type\":\"EntryPoint\",\"urlTemplate\":\"https:\\\/\\\/ugwp.cfolks.pl\\\/bwb\\\/?s={search_term_string}\"},\"query-input\":{\"@type\":\"PropertyValueSpecification\",\"valueRequired\":true,\"valueName\":\"search_term_string\"}}],\"inLanguage\":\"pl-PL\"}]}<\/script>\n<!-- \/ Yoast SEO plugin. -->","yoast_head_json":{"title":"Ta\u015bmy do przerw dylatacyjnych - BWB technology","robots":{"index":"noindex","follow":"follow","max-snippet":"max-snippet:-1","max-image-preview":"max-image-preview:large","max-video-preview":"max-video-preview:-1"},"og_locale":"pl_PL","og_type":"article","og_title":"Ta\u015bmy do przerw dylatacyjnych - BWB technology","og_description":"Ta\u015bma wewn\u0119trzna Besaflex Typ D Ta\u015bma wewn\u0119trzna Nitriflex Typ D Ta\u015bma wewn\u0119trzna Elastoflex Typ FM Ta\u015bma wewn\u0119trzna Polyflex Typ DP Ta\u015bma wewn\u0119trzna British standard Typ CE Ta\u015bma wewn\u0119trzna Nitriflex Typ D DBS Ta\u015bma wewn\u0119trzna Elastoflex Typ FMS Ta\u015bma zewn\u0119trzna Besaflex Typ AD Ta\u015bma zewn\u0119trzna Nitriflex Typ DA Ta\u015bma zewn\u0119trzna Elastoflex Typ AM Ta\u015bma zewn\u0119trzna Polyflex [&hellip;]","og_url":"https:\/\/ugwp.cfolks.pl\/bwb\/tasmy-uszczelniajace\/tasmy-do-przerw-dylatacyjnych\/","og_site_name":"BWB technology","article_modified_time":"2025-04-24T11:39:51+00:00","og_image":[{"url":"https:\/\/ugwp.cfolks.pl\/bwb\/wp-content\/uploads\/Tasma-wewnetrzna-Besaflex-Typ-D-240.jpg","type":"","width":"","height":""}],"twitter_card":"summary_large_image","twitter_misc":{"Szacowany czas czytania":"4 minuty"},"schema":{"@context":"https:\/\/schema.org","@graph":[{"@type":"WebPage","@id":"https:\/\/ugwp.cfolks.pl\/bwb\/tasmy-uszczelniajace\/tasmy-do-przerw-dylatacyjnych\/","url":"https:\/\/ugwp.cfolks.pl\/bwb\/tasmy-uszczelniajace\/tasmy-do-przerw-dylatacyjnych\/","name":"Ta\u015bmy do przerw dylatacyjnych - BWB technology","isPartOf":{"@id":"https:\/\/ugwp.cfolks.pl\/bwb\/#website"},"primaryImageOfPage":{"@id":"https:\/\/ugwp.cfolks.pl\/bwb\/tasmy-uszczelniajace\/tasmy-do-przerw-dylatacyjnych\/#primaryimage"},"image":{"@id":"https:\/\/ugwp.cfolks.pl\/bwb\/tasmy-uszczelniajace\/tasmy-do-przerw-dylatacyjnych\/#primaryimage"},"thumbnailUrl":"https:\/\/ugwp.cfolks.pl\/bwb\/wp-content\/uploads\/Tasma-wewnetrzna-Besaflex-Typ-D-240.jpg","datePublished":"2025-04-23T13:27:43+00:00","dateModified":"2025-04-24T11:39:51+00:00","breadcrumb":{"@id":"https:\/\/ugwp.cfolks.pl\/bwb\/tasmy-uszczelniajace\/tasmy-do-przerw-dylatacyjnych\/#breadcrumb"},"inLanguage":"pl-PL","potentialAction":[{"@type":"ReadAction","target":["https:\/\/ugwp.cfolks.pl\/bwb\/tasmy-uszczelniajace\/tasmy-do-przerw-dylatacyjnych\/"]}]},{"@type":"ImageObject","inLanguage":"pl-PL","@id":"https:\/\/ugwp.cfolks.pl\/bwb\/tasmy-uszczelniajace\/tasmy-do-przerw-dylatacyjnych\/#primaryimage","url":"https:\/\/ugwp.cfolks.pl\/bwb\/wp-content\/uploads\/Tasma-wewnetrzna-Besaflex-Typ-D-240.jpg","contentUrl":"https:\/\/ugwp.cfolks.pl\/bwb\/wp-content\/uploads\/Tasma-wewnetrzna-Besaflex-Typ-D-240.jpg","width":1100,"height":810,"caption":"Ta\u015bma wewn\u0119trzna Besaflex Typ D 240"},{"@type":"BreadcrumbList","@id":"https:\/\/ugwp.cfolks.pl\/bwb\/tasmy-uszczelniajace\/tasmy-do-przerw-dylatacyjnych\/#breadcrumb","itemListElement":[{"@type":"ListItem","position":1,"name":"Strona g\u0142\u00f3wna","item":"https:\/\/ugwp.cfolks.pl\/bwb\/"},{"@type":"ListItem","position":2,"name":"Ta\u015bmy Uszczelniaj\u0105ce","item":"https:\/\/ugwp.cfolks.pl\/bwb\/tasmy-uszczelniajace\/"},{"@type":"ListItem","position":3,"name":"Ta\u015bmy do przerw dylatacyjnych"}]},{"@type":"WebSite","@id":"https:\/\/ugwp.cfolks.pl\/bwb\/#website","url":"https:\/\/ugwp.cfolks.pl\/bwb\/","name":"BWB technology","description":"Kolejna witryna oparta na WordPressie","potentialAction":[{"@type":"SearchAction","target":{"@type":"EntryPoint","urlTemplate":"https:\/\/ugwp.cfolks.pl\/bwb\/?s={search_term_string}"},"query-input":{"@type":"PropertyValueSpecification","valueRequired":true,"valueName":"search_term_string"}}],"inLanguage":"pl-PL"}]}},"_links":{"self":[{"href":"https:\/\/ugwp.cfolks.pl\/bwb\/wp-json\/wp\/v2\/pages\/7182","targetHints":{"allow":["GET"]}}],"collection":[{"href":"https:\/\/ugwp.cfolks.pl\/bwb\/wp-json\/wp\/v2\/pages"}],"about":[{"href":"https:\/\/ugwp.cfolks.pl\/bwb\/wp-json\/wp\/v2\/types\/page"}],"author":[{"embeddable":true,"href":"https:\/\/ugwp.cfolks.pl\/bwb\/wp-json\/wp\/v2\/users\/1"}],"replies":[{"embeddable":true,"href":"https:\/\/ugwp.cfolks.pl\/bwb\/wp-json\/wp\/v2\/comments?post=7182"}],"version-history":[{"count":7,"href":"https:\/\/ugwp.cfolks.pl\/bwb\/wp-json\/wp\/v2\/pages\/7182\/revisions"}],"predecessor-version":[{"id":7216,"href":"https:\/\/ugwp.cfolks.pl\/bwb\/wp-json\/wp\/v2\/pages\/7182\/revisions\/7216"}],"up":[{"embeddable":true,"href":"https:\/\/ugwp.cfolks.pl\/bwb\/wp-json\/wp\/v2\/pages\/3481"}],"wp:attachment":[{"href":"https:\/\/ugwp.cfolks.pl\/bwb\/wp-json\/wp\/v2\/media?parent=7182"}],"curies":[{"name":"wp","href":"https:\/\/api.w.org\/{rel}","templated":true}]}}