{"id":6867,"date":"2024-10-03T22:02:58","date_gmt":"2024-10-03T20:02:58","guid":{"rendered":"https:\/\/ugwp.cfolks.pl\/bwb\/?page_id=6867"},"modified":"2025-04-15T16:54:39","modified_gmt":"2025-04-15T14:54:39","slug":"tasmy-do-przerw-roboczych","status":"publish","type":"page","link":"https:\/\/ugwp.cfolks.pl\/bwb\/tasmy-uszczelniajace\/tasmy-do-przerw-roboczych\/","title":{"rendered":"Ta\u015bmy do przerw roboczych"},"content":{"rendered":"<div class=\"row kategoria-produktow\">\n<div class=\"col-lg-3\"><a href=\"https:\/\/ugwp.cfolks.pl\/bwb\/produkt\/tasma-wewnetrzna-besaflex-typ-a\/\"><img src=\"https:\/\/ugwp.cfolks.pl\/bwb\/wp-content\/uploads\/Tasma-wewnetrzna-Besaflex-Typ-A.jpg\" alt=\"Ta\u015bma wewn\u0119trzna Besaflex Typ A\" decoding=\"async\" loading=\"lazy\"\/><\/p>\n<h2>Ta\u015bma wewn\u0119trzna Besaflex Typ A<\/h2>\n<p><\/a><\/div>\n<div class=\"col-lg-3\"><a href=\"https:\/\/ugwp.cfolks.pl\/bwb\/produkt\/tasma-wewnetrzna-nitriflex-typ-a\/\"><img src=\"https:\/\/ugwp.cfolks.pl\/bwb\/wp-content\/uploads\/Tasma-wewnetrzna-Nitriflex-Typ-A.jpg\" alt=\"Ta\u015bma wewn\u0119trzna Nitriflex Typ A\" decoding=\"async\" loading=\"lazy\"\/><\/p>\n<h2>Ta\u015bma wewn\u0119trzna Nitriflex Typ A<\/h2>\n<p><\/a><\/div>\n<div class=\"col-lg-3\"><a href=\"https:\/\/ugwp.cfolks.pl\/bwb\/produkt\/tasma-wewnetrzna-elastoflex-typ-f\/\"><img src=\"https:\/\/ugwp.cfolks.pl\/bwb\/wp-content\/uploads\/Tasma-wewnetrzna-Elastoflex-Typ-F.jpg\" alt=\"Ta\u015bma wewn\u0119trzna Elastoflex Typ F\" decoding=\"async\" loading=\"lazy\"\/><\/p>\n<h2>Ta\u015bma wewn\u0119trzna Elastoflex Typ F<\/h2>\n<p><\/a><\/div>\n<div class=\"col-lg-3\"><a href=\"https:\/\/ugwp.cfolks.pl\/bwb\/produkt\/tasma-wewnetrzna-polyflex-typ-ap\/\"><img src=\"https:\/\/ugwp.cfolks.pl\/bwb\/wp-content\/uploads\/Tasma-wewnetrzna-Polyflex-Typ-AP.jpg\" alt=\"Ta\u015bma wewn\u0119trzna Elastoflex Typ F\" decoding=\"async\" loading=\"lazy\"\/><\/p>\n<h2>Ta\u015bma wewn\u0119trzna Polyflex Typ AP<\/h2>\n<p><\/a><\/div>\n<div class=\"col-lg-3\"><a href=\"https:\/\/ugwp.cfolks.pl\/bwb\/produkt\/tasma-wewnetrzna-british-standard-typ-cc\/\"><img src=\"https:\/\/ugwp.cfolks.pl\/bwb\/wp-content\/uploads\/Tasma-wewnetrzna-British-standard-Typ-CC.jpg\" alt=\"Ta\u015bma wewn\u0119trzna British Standard Typ CC\" decoding=\"async\" loading=\"lazy\"\/><\/p>\n<h2>Ta\u015bma wewn\u0119trzna British Standard Typ CC<\/h2>\n<p><\/a><\/div>\n<div class=\"col-lg-3\"><a href=\"https:\/\/ugwp.cfolks.pl\/bwb\/produkt\/tasma-wewnetrzna-besaflex-typ-asi\/\"><img src=\"https:\/\/ugwp.cfolks.pl\/bwb\/wp-content\/uploads\/Tasma-wewnetrzna-Besaflex-Typ-ASI.jpg\" alt=\"Ta\u015bma wewn\u0119trzna Besaflex Typ ASI\" decoding=\"async\" loading=\"lazy\"\/><\/p>\n<h2>Ta\u015bma wewn\u0119trzna Besaflex Typ ASI<\/h2>\n<p><\/a><\/div>\n<div class=\"col-lg-3\"><a href=\"https:\/\/ugwp.cfolks.pl\/bwb\/produkt\/tasma-wewnetrzna-besaflex-typ-asi-d\/\"><img src=\"https:\/\/ugwp.cfolks.pl\/bwb\/wp-content\/uploads\/Tasma-wewnetrzna-Besaflex-Typ-ASI-D.jpg\" alt=\"Ta\u015bma wewn\u0119trzna Nitriflex Typ ASI D\" decoding=\"async\" loading=\"lazy\"\/><\/p>\n<h2>Ta\u015bma wewn\u0119trzna Nitriflex Typ ASI D<\/h2>\n<p><\/a><\/div>\n<div class=\"col-lg-3\"><a href=\"https:\/\/ugwp.cfolks.pl\/bwb\/produkt\/tasma-wewnetrzna-besaflex-typ-as\/\"><img src=\"https:\/\/ugwp.cfolks.pl\/bwb\/wp-content\/uploads\/Tasma-wewnetrzna-Besaflex-Typ-AS.jpg\" alt=\"Ta\u015bma wewn\u0119trzna Besaflex Typ AS\" decoding=\"async\" loading=\"lazy\"\/><\/p>\n<h2>Ta\u015bma wewn\u0119trzna Besaflex Typ AS<\/h2>\n<p><\/a><\/div>\n<div class=\"col-lg-3\"><a href=\"https:\/\/ugwp.cfolks.pl\/bwb\/produkt\/tasma-wewnetrzna-nitriflex-typ-as-d\/\"><img src=\"https:\/\/ugwp.cfolks.pl\/bwb\/wp-content\/uploads\/Tasma-wewnetrzna-Nitriflex-Typ-AS-D.jpg\" alt=\"Ta\u015bma wewn\u0119trzna Nitriflex Typ AS D\" decoding=\"async\" loading=\"lazy\"\/><\/p>\n<h2>Ta\u015bma wewn\u0119trzna Nitriflex Typ AS D<\/h2>\n<p><\/a><\/div>\n<div class=\"col-lg-3\"><a href=\"https:\/\/ugwp.cfolks.pl\/bwb\/produkt\/tasma-wewnetrzna-nitriflex-typ-a-dbs\/\"><img src=\"https:\/\/ugwp.cfolks.pl\/bwb\/wp-content\/uploads\/Tasma-wewnetrzna-Nitriflex-Typ-A-DBS.jpg\" alt=\"Ta\u015bma wewn\u0119trzna Nitriflex Typ A DBS\" decoding=\"async\" loading=\"lazy\"\/><\/p>\n<h2>Ta\u015bma wewn\u0119trzna Nitriflex Typ A DBS<\/h2>\n<p><\/a><\/div>\n<div class=\"col-lg-3\"><a href=\"https:\/\/ugwp.cfolks.pl\/bwb\/produkt\/tasma-wewnetrzna-elastoflex-typ-fs\/\"><img src=\"https:\/\/ugwp.cfolks.pl\/bwb\/wp-content\/uploads\/Tasma-wewnetrzna-Elastoflex-Typ-FS.jpg\" alt=\"Ta\u015bma wewn\u0119trzna Elastoflex Typ FS\" decoding=\"async\" loading=\"lazy\"\/><\/p>\n<h2>Ta\u015bma wewn\u0119trzna Elastoflex Typ FS<\/h2>\n<p><\/a><\/div>\n<div class=\"col-lg-3\"><a href=\"https:\/\/ugwp.cfolks.pl\/bwb\/produkt\/tasma-zewnetrzna-besaflex-typ-aa\/\"><img src=\"https:\/\/ugwp.cfolks.pl\/bwb\/wp-content\/uploads\/Tasma-zewnetrzna-Besaflex-Typ-AA-250.jpg\" alt=\"Ta\u015bma zewn\u0119trzna Besaflex Typ AA\" decoding=\"async\" loading=\"lazy\"\/><\/p>\n<h2>Ta\u015bma zewn\u0119trzna Besaflex Typ AA<\/h2>\n<p><\/a><\/div>\n<div class=\"col-lg-3\"><a href=\"https:\/\/ugwp.cfolks.pl\/bwb\/produkt\/tasma-zewnetrzna-nitriflex-typ-aa\/\"><img src=\"https:\/\/ugwp.cfolks.pl\/bwb\/wp-content\/uploads\/Tasma-zewnetrzna-Nitriflex-Typ-AA-240.jpg\" alt=\"Ta\u015bma zewn\u0119trzna Nitriflex Typ AA\" decoding=\"async\" loading=\"lazy\"\/><\/p>\n<h2>Ta\u015bma zewn\u0119trzna Nitriflex Typ AA<\/h2>\n<p><\/a><\/div>\n<div class=\"col-lg-3\"><a href=\"https:\/\/ugwp.cfolks.pl\/bwb\/produkt\/tasma-zewnetrzna-elastoflex-typ-a\/\"><img src=\"https:\/\/ugwp.cfolks.pl\/bwb\/wp-content\/uploads\/Tasma-zewnetrzna-Elastoflex-Typ-A-250.jpg\" alt=\"Ta\u015bma zewn\u0119trzna Elastoflex Typ A\" decoding=\"async\" loading=\"lazy\"\/><\/p>\n<h2>Ta\u015bma zewn\u0119trzna Elastoflex Typ A<\/h2>\n<p><\/a><\/div>\n<div class=\"col-lg-3\"><a href=\"https:\/\/ugwp.cfolks.pl\/bwb\/produkt\/tasma-zewnetrzna-polyflex-typ-aap\/\"><img src=\"https:\/\/ugwp.cfolks.pl\/bwb\/wp-content\/uploads\/Tasma-zewnetrzna-Polyflex-Typ-AAP-240.jpg\" alt=\"Ta\u015bma zewn\u0119trzna Polyflex Typ AAP\" decoding=\"async\" loading=\"lazy\"\/><\/p>\n<h2>Ta\u015bma zewn\u0119trzna Polyflex Typ AAP<\/h2>\n<p><\/a><\/div>\n<div class=\"col-lg-3\"><a href=\"https:\/\/ugwp.cfolks.pl\/bwb\/produkt\/tasma-zewnetrzna-british-standard-typ-ec\/\"><img src=\"https:\/\/ugwp.cfolks.pl\/bwb\/wp-content\/uploads\/Tasma-zewnetrzna-British-standard-Typ-EC-150.jpg\" alt=\"Ta\u015bma zewn\u0119trzna British standard Typ EC\" decoding=\"async\" loading=\"lazy\"\/><\/p>\n<h2>Ta\u015bma zewn\u0119trzna British standard Typ EC<\/h2>\n<p><\/a><\/div>\n<div class=\"col-lg-3\"><a href=\"https:\/\/ugwp.cfolks.pl\/bwb\/produkt\/tasma-narozna-besaflex-typ-aa-ea-ew-ei\/\"><img src=\"https:\/\/ugwp.cfolks.pl\/bwb\/wp-content\/uploads\/Tasma-narozna-Besaflex-Typ-AA-320-EA.jpg\" alt=\"Ta\u015bma naro\u017cna Besaflex Typ AA (EA EW EI)\" decoding=\"async\" loading=\"lazy\"\/><\/p>\n<h2>Ta\u015bma naro\u017cna Besaflex Typ AA (EA EW EI)<\/h2>\n<p><\/a><\/div>\n<div class=\"col-lg-3\"><a href=\"https:\/\/ugwp.cfolks.pl\/bwb\/produkt\/tasma-narozna-nitriflex-typ-aa-ea-ew-ei\/\"><img src=\"https:\/\/ugwp.cfolks.pl\/bwb\/wp-content\/uploads\/Tasma-narozna-Nitriflex-Typ-AA-320-EA.jpg\" alt=\"Ta\u015bma naro\u017cna Nitriflex Typ AA (EA EW EI)\" decoding=\"async\" loading=\"lazy\"\/><\/p>\n<h2>Ta\u015bma naro\u017cna Nitriflex Typ AA (EA EW EI)<\/h2>\n<p><\/a><\/div>\n<div class=\"col-lg-3\"><a href=\"https:\/\/ugwp.cfolks.pl\/bwb\/produkt\/tasma-narozna-british-standard-typ-ec-ea-ew\/\"><img src=\"https:\/\/ugwp.cfolks.pl\/bwb\/wp-content\/uploads\/Tasma-narozna-British-Standard-Typ-EC-240-EW.jpg\" alt=\"Ta\u015bma wewn\u0119trzna British standard Typ EC (EA EW)\" decoding=\"async\" loading=\"lazy\"\/><\/p>\n<h2>Ta\u015bma wewn\u0119trzna British standard Typ EC (EA EW)<\/h2>\n<p><\/a><\/div>\n<div class=\"col-lg-3\"><a href=\"https:\/\/ugwp.cfolks.pl\/bwb\/produkt\/tasma-wewnetrzna-besaflex-typ-kab\/\"><img src=\"https:\/\/ugwp.cfolks.pl\/bwb\/wp-content\/uploads\/Tasma-wewnetrzna-Besaflex-Typ-KAB.jpg\" alt=\"Ta\u015bma wewn\u0119trzna Besaflex Typ KAB\" decoding=\"async\" loading=\"lazy\"\/><\/p>\n<h2>Ta\u015bma wewn\u0119trzna Besaflex Typ KAB<\/h2>\n<p><\/a><\/div>\n<div class=\"col-lg-3\"><a href=\"https:\/\/ugwp.cfolks.pl\/bwb\/produkt\/tasma-wewnetrzna-polyflex-typ-apr\/\"><img src=\"https:\/\/ugwp.cfolks.pl\/bwb\/wp-content\/uploads\/Tasma-wewnetrzna-Polyflex-Typ-APR.jpg\" alt=\"Ta\u015bma wewn\u0119trzna Polyflex Typ APR\" decoding=\"async\" loading=\"lazy\"\/><\/p>\n<h2>Ta\u015bma wewn\u0119trzna Polyflex Typ APR<\/h2>\n<p><\/a><\/div>\n<div class=\"col-lg-3\"><a href=\"https:\/\/ugwp.cfolks.pl\/bwb\/produkt\/tasma-wewnetrzna-besaflex-typ-visio\/\"><img src=\"https:\/\/ugwp.cfolks.pl\/bwb\/wp-content\/uploads\/Tasma-wewnetrzna-Besaflex-Typ-VISIO.jpg\" alt=\"Ta\u015bma wewn\u0119trzna Besaflex Typ VISIO\" decoding=\"async\" loading=\"lazy\"\/><\/p>\n<h2>Ta\u015bma wewn\u0119trzna Besaflex Typ VISIO<\/h2>\n<p><\/a><\/div>\n<div class=\"col-lg-3\"><a href=\"https:\/\/ugwp.cfolks.pl\/bwb\/produkt\/tasma-wewnetrzna-typ-besafix\/\"><img src=\"https:\/\/ugwp.cfolks.pl\/bwb\/wp-content\/uploads\/Tasma-wewnetrzna-Typ-BESAFIX.jpg\" alt=\"Ta\u015bma wewn\u0119trzna Typ BESAFIX\" decoding=\"async\" loading=\"lazy\"\/><\/p>\n<h2>Ta\u015bma wewn\u0119trzna Typ BESAFIX<\/h2>\n<p><\/a><\/div>\n","protected":false},"excerpt":{"rendered":"<p>Ta\u015bma wewn\u0119trzna Besaflex Typ A Ta\u015bma wewn\u0119trzna Nitriflex Typ A Ta\u015bma wewn\u0119trzna Elastoflex Typ F Ta\u015bma wewn\u0119trzna Polyflex Typ AP Ta\u015bma wewn\u0119trzna British Standard Typ CC Ta\u015bma wewn\u0119trzna Besaflex Typ ASI Ta\u015bma wewn\u0119trzna Nitriflex Typ ASI D Ta\u015bma wewn\u0119trzna Besaflex Typ AS Ta\u015bma wewn\u0119trzna Nitriflex Typ AS D Ta\u015bma wewn\u0119trzna Nitriflex Typ A DBS Ta\u015bma [&hellip;]<\/p>\n","protected":false},"author":1,"featured_media":0,"parent":3481,"menu_order":0,"comment_status":"closed","ping_status":"closed","template":"","meta":{"_acf_changed":false,"footnotes":""},"class_list":["post-6867","page","type-page","status-publish","hentry"],"acf":[],"yoast_head":"<!-- This site is optimized with the Yoast SEO plugin v27.3 - https:\/\/yoast.com\/product\/yoast-seo-wordpress\/ -->\n<title>Ta\u015bmy do przerw roboczych - BWB technology<\/title>\n<meta name=\"robots\" content=\"noindex, follow, max-snippet:-1, max-image-preview:large, max-video-preview:-1\" \/>\n<meta property=\"og:locale\" content=\"pl_PL\" \/>\n<meta property=\"og:type\" content=\"article\" \/>\n<meta property=\"og:title\" content=\"Ta\u015bmy do przerw roboczych - BWB technology\" \/>\n<meta property=\"og:description\" content=\"Ta\u015bma wewn\u0119trzna Besaflex Typ A Ta\u015bma wewn\u0119trzna Nitriflex Typ A Ta\u015bma wewn\u0119trzna Elastoflex Typ F Ta\u015bma wewn\u0119trzna Polyflex Typ AP Ta\u015bma wewn\u0119trzna British Standard Typ CC Ta\u015bma wewn\u0119trzna Besaflex Typ ASI Ta\u015bma wewn\u0119trzna Nitriflex Typ ASI D Ta\u015bma wewn\u0119trzna Besaflex Typ AS Ta\u015bma wewn\u0119trzna Nitriflex Typ AS D Ta\u015bma wewn\u0119trzna Nitriflex Typ A DBS Ta\u015bma [&hellip;]\" \/>\n<meta property=\"og:url\" content=\"https:\/\/ugwp.cfolks.pl\/bwb\/tasmy-uszczelniajace\/tasmy-do-przerw-roboczych\/\" \/>\n<meta property=\"og:site_name\" content=\"BWB technology\" \/>\n<meta property=\"article:modified_time\" content=\"2025-04-15T14:54:39+00:00\" \/>\n<meta property=\"og:image\" content=\"https:\/\/ugwp.cfolks.pl\/bwb\/wp-content\/uploads\/Tasma-wewnetrzna-Besaflex-Typ-A.jpg\" \/>\n<meta name=\"twitter:card\" content=\"summary_large_image\" \/>\n<meta name=\"twitter:label1\" content=\"Szacowany czas czytania\" \/>\n\t<meta name=\"twitter:data1\" content=\"6 minut\" \/>\n<script type=\"application\/ld+json\" class=\"yoast-schema-graph\">{\"@context\":\"https:\\\/\\\/schema.org\",\"@graph\":[{\"@type\":\"WebPage\",\"@id\":\"https:\\\/\\\/ugwp.cfolks.pl\\\/bwb\\\/tasmy-uszczelniajace\\\/tasmy-do-przerw-roboczych\\\/\",\"url\":\"https:\\\/\\\/ugwp.cfolks.pl\\\/bwb\\\/tasmy-uszczelniajace\\\/tasmy-do-przerw-roboczych\\\/\",\"name\":\"Ta\u015bmy do przerw roboczych - BWB technology\",\"isPartOf\":{\"@id\":\"https:\\\/\\\/ugwp.cfolks.pl\\\/bwb\\\/#website\"},\"primaryImageOfPage\":{\"@id\":\"https:\\\/\\\/ugwp.cfolks.pl\\\/bwb\\\/tasmy-uszczelniajace\\\/tasmy-do-przerw-roboczych\\\/#primaryimage\"},\"image\":{\"@id\":\"https:\\\/\\\/ugwp.cfolks.pl\\\/bwb\\\/tasmy-uszczelniajace\\\/tasmy-do-przerw-roboczych\\\/#primaryimage\"},\"thumbnailUrl\":\"https:\\\/\\\/ugwp.cfolks.pl\\\/bwb\\\/wp-content\\\/uploads\\\/Tasma-wewnetrzna-Besaflex-Typ-A.jpg\",\"datePublished\":\"2024-10-03T20:02:58+00:00\",\"dateModified\":\"2025-04-15T14:54:39+00:00\",\"breadcrumb\":{\"@id\":\"https:\\\/\\\/ugwp.cfolks.pl\\\/bwb\\\/tasmy-uszczelniajace\\\/tasmy-do-przerw-roboczych\\\/#breadcrumb\"},\"inLanguage\":\"pl-PL\",\"potentialAction\":[{\"@type\":\"ReadAction\",\"target\":[\"https:\\\/\\\/ugwp.cfolks.pl\\\/bwb\\\/tasmy-uszczelniajace\\\/tasmy-do-przerw-roboczych\\\/\"]}]},{\"@type\":\"ImageObject\",\"inLanguage\":\"pl-PL\",\"@id\":\"https:\\\/\\\/ugwp.cfolks.pl\\\/bwb\\\/tasmy-uszczelniajace\\\/tasmy-do-przerw-roboczych\\\/#primaryimage\",\"url\":\"https:\\\/\\\/ugwp.cfolks.pl\\\/bwb\\\/wp-content\\\/uploads\\\/Tasma-wewnetrzna-Besaflex-Typ-A.jpg\",\"contentUrl\":\"https:\\\/\\\/ugwp.cfolks.pl\\\/bwb\\\/wp-content\\\/uploads\\\/Tasma-wewnetrzna-Besaflex-Typ-A.jpg\",\"width\":1100,\"height\":810,\"caption\":\"Ta\u015bma wewn\u0119trzna Besaflex Typ A\"},{\"@type\":\"BreadcrumbList\",\"@id\":\"https:\\\/\\\/ugwp.cfolks.pl\\\/bwb\\\/tasmy-uszczelniajace\\\/tasmy-do-przerw-roboczych\\\/#breadcrumb\",\"itemListElement\":[{\"@type\":\"ListItem\",\"position\":1,\"name\":\"Strona g\u0142\u00f3wna\",\"item\":\"https:\\\/\\\/ugwp.cfolks.pl\\\/bwb\\\/\"},{\"@type\":\"ListItem\",\"position\":2,\"name\":\"Ta\u015bmy Uszczelniaj\u0105ce\",\"item\":\"https:\\\/\\\/ugwp.cfolks.pl\\\/bwb\\\/tasmy-uszczelniajace\\\/\"},{\"@type\":\"ListItem\",\"position\":3,\"name\":\"Ta\u015bmy do przerw roboczych\"}]},{\"@type\":\"WebSite\",\"@id\":\"https:\\\/\\\/ugwp.cfolks.pl\\\/bwb\\\/#website\",\"url\":\"https:\\\/\\\/ugwp.cfolks.pl\\\/bwb\\\/\",\"name\":\"BWB technology\",\"description\":\"Kolejna witryna oparta na WordPressie\",\"potentialAction\":[{\"@type\":\"SearchAction\",\"target\":{\"@type\":\"EntryPoint\",\"urlTemplate\":\"https:\\\/\\\/ugwp.cfolks.pl\\\/bwb\\\/?s={search_term_string}\"},\"query-input\":{\"@type\":\"PropertyValueSpecification\",\"valueRequired\":true,\"valueName\":\"search_term_string\"}}],\"inLanguage\":\"pl-PL\"}]}<\/script>\n<!-- \/ Yoast SEO plugin. -->","yoast_head_json":{"title":"Ta\u015bmy do przerw roboczych - BWB technology","robots":{"index":"noindex","follow":"follow","max-snippet":"max-snippet:-1","max-image-preview":"max-image-preview:large","max-video-preview":"max-video-preview:-1"},"og_locale":"pl_PL","og_type":"article","og_title":"Ta\u015bmy do przerw roboczych - BWB technology","og_description":"Ta\u015bma wewn\u0119trzna Besaflex Typ A Ta\u015bma wewn\u0119trzna Nitriflex Typ A Ta\u015bma wewn\u0119trzna Elastoflex Typ F Ta\u015bma wewn\u0119trzna Polyflex Typ AP Ta\u015bma wewn\u0119trzna British Standard Typ CC Ta\u015bma wewn\u0119trzna Besaflex Typ ASI Ta\u015bma wewn\u0119trzna Nitriflex Typ ASI D Ta\u015bma wewn\u0119trzna Besaflex Typ AS Ta\u015bma wewn\u0119trzna Nitriflex Typ AS D Ta\u015bma wewn\u0119trzna Nitriflex Typ A DBS Ta\u015bma [&hellip;]","og_url":"https:\/\/ugwp.cfolks.pl\/bwb\/tasmy-uszczelniajace\/tasmy-do-przerw-roboczych\/","og_site_name":"BWB technology","article_modified_time":"2025-04-15T14:54:39+00:00","og_image":[{"url":"https:\/\/ugwp.cfolks.pl\/bwb\/wp-content\/uploads\/Tasma-wewnetrzna-Besaflex-Typ-A.jpg","type":"","width":"","height":""}],"twitter_card":"summary_large_image","twitter_misc":{"Szacowany czas czytania":"6 minut"},"schema":{"@context":"https:\/\/schema.org","@graph":[{"@type":"WebPage","@id":"https:\/\/ugwp.cfolks.pl\/bwb\/tasmy-uszczelniajace\/tasmy-do-przerw-roboczych\/","url":"https:\/\/ugwp.cfolks.pl\/bwb\/tasmy-uszczelniajace\/tasmy-do-przerw-roboczych\/","name":"Ta\u015bmy do przerw roboczych - BWB technology","isPartOf":{"@id":"https:\/\/ugwp.cfolks.pl\/bwb\/#website"},"primaryImageOfPage":{"@id":"https:\/\/ugwp.cfolks.pl\/bwb\/tasmy-uszczelniajace\/tasmy-do-przerw-roboczych\/#primaryimage"},"image":{"@id":"https:\/\/ugwp.cfolks.pl\/bwb\/tasmy-uszczelniajace\/tasmy-do-przerw-roboczych\/#primaryimage"},"thumbnailUrl":"https:\/\/ugwp.cfolks.pl\/bwb\/wp-content\/uploads\/Tasma-wewnetrzna-Besaflex-Typ-A.jpg","datePublished":"2024-10-03T20:02:58+00:00","dateModified":"2025-04-15T14:54:39+00:00","breadcrumb":{"@id":"https:\/\/ugwp.cfolks.pl\/bwb\/tasmy-uszczelniajace\/tasmy-do-przerw-roboczych\/#breadcrumb"},"inLanguage":"pl-PL","potentialAction":[{"@type":"ReadAction","target":["https:\/\/ugwp.cfolks.pl\/bwb\/tasmy-uszczelniajace\/tasmy-do-przerw-roboczych\/"]}]},{"@type":"ImageObject","inLanguage":"pl-PL","@id":"https:\/\/ugwp.cfolks.pl\/bwb\/tasmy-uszczelniajace\/tasmy-do-przerw-roboczych\/#primaryimage","url":"https:\/\/ugwp.cfolks.pl\/bwb\/wp-content\/uploads\/Tasma-wewnetrzna-Besaflex-Typ-A.jpg","contentUrl":"https:\/\/ugwp.cfolks.pl\/bwb\/wp-content\/uploads\/Tasma-wewnetrzna-Besaflex-Typ-A.jpg","width":1100,"height":810,"caption":"Ta\u015bma wewn\u0119trzna Besaflex Typ A"},{"@type":"BreadcrumbList","@id":"https:\/\/ugwp.cfolks.pl\/bwb\/tasmy-uszczelniajace\/tasmy-do-przerw-roboczych\/#breadcrumb","itemListElement":[{"@type":"ListItem","position":1,"name":"Strona g\u0142\u00f3wna","item":"https:\/\/ugwp.cfolks.pl\/bwb\/"},{"@type":"ListItem","position":2,"name":"Ta\u015bmy Uszczelniaj\u0105ce","item":"https:\/\/ugwp.cfolks.pl\/bwb\/tasmy-uszczelniajace\/"},{"@type":"ListItem","position":3,"name":"Ta\u015bmy do przerw roboczych"}]},{"@type":"WebSite","@id":"https:\/\/ugwp.cfolks.pl\/bwb\/#website","url":"https:\/\/ugwp.cfolks.pl\/bwb\/","name":"BWB technology","description":"Kolejna witryna oparta na WordPressie","potentialAction":[{"@type":"SearchAction","target":{"@type":"EntryPoint","urlTemplate":"https:\/\/ugwp.cfolks.pl\/bwb\/?s={search_term_string}"},"query-input":{"@type":"PropertyValueSpecification","valueRequired":true,"valueName":"search_term_string"}}],"inLanguage":"pl-PL"}]}},"_links":{"self":[{"href":"https:\/\/ugwp.cfolks.pl\/bwb\/wp-json\/wp\/v2\/pages\/6867","targetHints":{"allow":["GET"]}}],"collection":[{"href":"https:\/\/ugwp.cfolks.pl\/bwb\/wp-json\/wp\/v2\/pages"}],"about":[{"href":"https:\/\/ugwp.cfolks.pl\/bwb\/wp-json\/wp\/v2\/types\/page"}],"author":[{"embeddable":true,"href":"https:\/\/ugwp.cfolks.pl\/bwb\/wp-json\/wp\/v2\/users\/1"}],"replies":[{"embeddable":true,"href":"https:\/\/ugwp.cfolks.pl\/bwb\/wp-json\/wp\/v2\/comments?post=6867"}],"version-history":[{"count":17,"href":"https:\/\/ugwp.cfolks.pl\/bwb\/wp-json\/wp\/v2\/pages\/6867\/revisions"}],"predecessor-version":[{"id":7123,"href":"https:\/\/ugwp.cfolks.pl\/bwb\/wp-json\/wp\/v2\/pages\/6867\/revisions\/7123"}],"up":[{"embeddable":true,"href":"https:\/\/ugwp.cfolks.pl\/bwb\/wp-json\/wp\/v2\/pages\/3481"}],"wp:attachment":[{"href":"https:\/\/ugwp.cfolks.pl\/bwb\/wp-json\/wp\/v2\/media?parent=6867"}],"curies":[{"name":"wp","href":"https:\/\/api.w.org\/{rel}","templated":true}]}}