{"id":4607,"date":"2023-11-12T06:09:22","date_gmt":"2023-11-12T05:09:22","guid":{"rendered":"https:\/\/ugwp.cfolks.pl\/bwb\/?page_id=4607"},"modified":"2026-02-04T15:59:34","modified_gmt":"2026-02-04T14:59:34","slug":"profile-scienne-i-sufitowe","status":"publish","type":"page","link":"https:\/\/ugwp.cfolks.pl\/bwb\/profile-dylatacyjne\/profile-scienne-i-sufitowe\/","title":{"rendered":"Profile \u015bcienne i sufitowe"},"content":{"rendered":"<div class=\"row kategoria-produktow\">\n<div class=\"col-lg-3\"><a href=\"https:\/\/ugwp.cfolks.pl\/bwb\/produkt\/deflex-398\/\"><img width=\"100%\" height=\"auto\" src=\"https:\/\/ugwp.cfolks.pl\/bwb\/wp-content\/uploads\/DEFLEX-398.jpg\"  alt=\"DEFLEX 398\" decoding=\"async\" loading=\"lazy\" \/><\/p>\n<h2 >DEFLEX 398<\/h2>\n<p><\/a><\/div>\n<div class=\"col-lg-3\"><a href=\"https:\/\/ugwp.cfolks.pl\/bwb\/produkt\/deflex-397\/\"><img decoding=\"async\" width=\"100%\" height=\"auto\" src=\"https:\/\/ugwp.cfolks.pl\/bwb\/wp-content\/uploads\/DEFLEX-397-1.jpg\" alt=\"DEFLEX 397\" loading=\"lazy\"\/><\/p>\n<h2 >DEFLEX 397<\/h2>\n<p><\/a><\/div>\n<div class=\"col-lg-3\"><a href=\"https:\/\/ugwp.cfolks.pl\/bwb\/produkt\/deflex-353\/\"><img decoding=\"async\" width=\"100%\" height=\"auto\" src=\"https:\/\/ugwp.cfolks.pl\/bwb\/wp-content\/uploads\/DEFLEX-353-1.jpg\" alt=\"DEFLEX 353\" loading=\"lazy\"\/><\/p>\n<h2>DEFLEX 353<\/h2>\n<p><\/a><\/div>\n<div class=\"col-lg-3\"><a href=\"https:\/\/ugwp.cfolks.pl\/bwb\/produkt\/deflex-326\/\"><img decoding=\"async\" width=\"100%\" height=\"auto\" src=\"https:\/\/ugwp.cfolks.pl\/bwb\/wp-content\/uploads\/DEFLEX-326.jpg\" alt=\"DEFLEX 326\" loading=\"lazy\"\/><\/p>\n<h2>DEFLEX 326<\/h2>\n<p><\/a><\/div>\n<div class=\"col-lg-3\"><a href=\"https:\/\/ugwp.cfolks.pl\/bwb\/produkt\/deflex-318\/\"><img decoding=\"async\" width=\"100%\" height=\"auto\" src=\"https:\/\/ugwp.cfolks.pl\/bwb\/wp-content\/uploads\/DEFLEX-318.jpg\" alt=\"DEFLEX 318\" loading=\"lazy\"\/><\/p>\n<h2>DEFLEX 318<\/h2>\n<p><\/a><\/div>\n<div class=\"col-lg-3\"><a href=\"https:\/\/ugwp.cfolks.pl\/bwb\/produkt\/deflex-324\/\"><img decoding=\"async\" width=\"100%\" height=\"auto\" src=\"https:\/\/ugwp.cfolks.pl\/bwb\/wp-content\/uploads\/DEFLEX-324.jpg\" alt=\"DEFLEX 324\" loading=\"lazy\"\/><\/p>\n<h2>DEFLEX 324<\/h2>\n<p><\/a><\/div>\n<div class=\"col-lg-3\"><a href=\"https:\/\/ugwp.cfolks.pl\/bwb\/produkt\/deflex-322\/\"><img decoding=\"async\" width=\"100%\" height=\"auto\" src=\"https:\/\/ugwp.cfolks.pl\/bwb\/wp-content\/uploads\/DEFLEX-322-2.jpg\" alt=\"DEFLEX 322\" loading=\"lazy\"\/><\/p>\n<h2>DEFLEX 322<\/h2>\n<p><\/a><\/div>\n<div class=\"col-lg-3\"><a href=\"https:\/\/ugwp.cfolks.pl\/bwb\/produkt\/deflex-321\/\"><img decoding=\"async\" width=\"100%\" height=\"auto\" src=\"https:\/\/ugwp.cfolks.pl\/bwb\/wp-content\/uploads\/DEFLEX-321.jpg\" alt=\"DEFLEX 321\" loading=\"lazy\"\/><\/p>\n<h2>DEFLEX 321<\/h2>\n<p><\/a><\/div>\n<div class=\"col-lg-3\"><a href=\"https:\/\/ugwp.cfolks.pl\/bwb\/produkt\/deflex-320\/\"><img decoding=\"async\" width=\"100%\" height=\"auto\" src=\"https:\/\/ugwp.cfolks.pl\/bwb\/wp-content\/uploads\/DEFLEX-320.jpg\" alt=\"DEFLEX 320\" loading=\"lazy\"\/><\/p>\n<h2>DEFLEX 320<\/h2>\n<p><\/a><\/div>\n<div class=\"col-lg-3\"><a href=\"https:\/\/ugwp.cfolks.pl\/bwb\/produkt\/deflex-319\/\"><img decoding=\"async\" width=\"100%\" height=\"auto\" src=\"https:\/\/ugwp.cfolks.pl\/bwb\/wp-content\/uploads\/DEFLEX-319.jpg\" alt=\"DEFLEX 319\" loading=\"lazy\"\/><\/p>\n<h2>DEFLEX 319<\/h2>\n<p><\/a><\/div>\n<div class=\"col-lg-3\"><a href=\"https:\/\/ugwp.cfolks.pl\/bwb\/produkt\/deflex-323\/\"><img decoding=\"async\" width=\"100%\" height=\"auto\" src=\"https:\/\/ugwp.cfolks.pl\/bwb\/wp-content\/uploads\/DEFLEX-323.jpg\" alt=\"DEFLEX 323\" loading=\"lazy\"\/><\/p>\n<h2>DEFLEX 323<\/h2>\n<p><\/a><\/div>\n<div class=\"col-lg-3\"><a href=\"https:\/\/ugwp.cfolks.pl\/bwb\/produkt\/deflex-399\/\"><img width=\"100%\" height=\"auto\" src=\"https:\/\/ugwp.cfolks.pl\/bwb\/wp-content\/uploads\/DEFLEX-399.jpg\"  alt=\"\" decoding=\"async\" loading=\"lazy\" alt=\"DEFLEX 399\" \/><\/p>\n<h2 >DEFLEX 399<\/h2>\n<p><\/a><\/div>\n<div class=\"col-lg-3\"><a href=\"https:\/\/ugwp.cfolks.pl\/bwb\/produkt\/deflex-360\/\"><img width=\"100%\" height=\"auto\" src=\"https:\/\/ugwp.cfolks.pl\/bwb\/wp-content\/uploads\/DEFLEX-360-1.jpg\"  alt=\"DEFLEX 360\" decoding=\"async\" loading=\"lazy\" \/><\/p>\n<h2 >DEFLEX 360<\/h2>\n<p><\/a><\/div>\n<div class=\"col-lg-3\"><a href=\"https:\/\/ugwp.cfolks.pl\/bwb\/produkt\/deflex-23-w\/\"><img decoding=\"async\" width=\"100%\" height=\"auto\" src=\"https:\/\/ugwp.cfolks.pl\/bwb\/wp-content\/uploads\/DEFLEX-23W.jpg\" alt=\"DEFLEX 23\/W\" loading=\"lazy\"\/><\/p>\n<h2>DEFLEX 23\/W<\/h2>\n<p><\/a><\/div>\n<div class=\"col-lg-3\"><a href=\"https:\/\/ugwp.cfolks.pl\/bwb\/produkt\/deflex-22-p\/\"><img decoding=\"async\" width=\"100%\" height=\"auto\" src=\"https:\/\/ugwp.cfolks.pl\/bwb\/wp-content\/uploads\/DEFLEX-22P.jpg\" alt=\"DEFLEX 22\/P\" loading=\"lazy\"\/><\/p>\n<h2>DEFLEX 22\/P<\/h2>\n<p><\/a><\/div>\n<div class=\"col-lg-3\"><a href=\"https:\/\/ugwp.cfolks.pl\/bwb\/produkt\/deflex-21-p\/\"><img decoding=\"async\" width=\"100%\" height=\"auto\" src=\"https:\/\/ugwp.cfolks.pl\/bwb\/wp-content\/uploads\/DEFLEX-21P.jpg\" alt=\"DEFLEX 21\/P\" loading=\"lazy\"\/><\/p>\n<h2>DEFLEX 21\/P<\/h2>\n<p><\/a><\/div>\n<div class=\"col-lg-3\"><a href=\"https:\/\/ugwp.cfolks.pl\/bwb\/produkt\/deflex-21-n\/\"><img decoding=\"async\" width=\"100%\" height=\"auto\" src=\"https:\/\/ugwp.cfolks.pl\/bwb\/wp-content\/uploads\/DEFLEX-21N.jpg\" alt=\"DEFLEX 21\/N \"loading=\"lazy\"\/><\/p>\n<h2>DEFLEX 21\/N<\/h2>\n<p><\/a><\/div>\n<\/div>\n","protected":false},"excerpt":{"rendered":"<p>DEFLEX 398 DEFLEX 397 DEFLEX 353 DEFLEX 326 DEFLEX 318 DEFLEX 324 DEFLEX 322 DEFLEX 321 DEFLEX 320 DEFLEX 319 DEFLEX 323 DEFLEX 399 DEFLEX 360 DEFLEX 23\/W DEFLEX 22\/P DEFLEX 21\/P DEFLEX 21\/N<\/p>\n","protected":false},"author":1,"featured_media":0,"parent":3483,"menu_order":0,"comment_status":"closed","ping_status":"closed","template":"page-kategoria-produktow.php","meta":{"_acf_changed":false,"footnotes":""},"class_list":["post-4607","page","type-page","status-publish","hentry"],"acf":[],"yoast_head":"<!-- This site is optimized with the Yoast SEO plugin v27.3 - https:\/\/yoast.com\/product\/yoast-seo-wordpress\/ -->\n<title>Pod\u0105\u017caj za Trendem Profile \u015acienne Sufitowe na Twoj\u0105 Przestrze\u0144!<\/title>\n<meta name=\"description\" content=\"Odkryj stylowe profile \u015bcienne i sufitowe, kt\u00f3re nadadz\u0105 przestrzeni wyj\u0105tkowy charakter. Poznaj najnowsze trendy!\" \/>\n<meta name=\"robots\" content=\"noindex, follow, max-snippet:-1, max-image-preview:large, max-video-preview:-1\" \/>\n<meta property=\"og:locale\" content=\"pl_PL\" \/>\n<meta property=\"og:type\" content=\"article\" \/>\n<meta property=\"og:title\" content=\"Pod\u0105\u017caj za Trendem Profile \u015acienne Sufitowe na Twoj\u0105 Przestrze\u0144!\" \/>\n<meta property=\"og:description\" content=\"Odkryj stylowe profile \u015bcienne i sufitowe, kt\u00f3re nadadz\u0105 przestrzeni wyj\u0105tkowy charakter. Poznaj najnowsze trendy!\" \/>\n<meta property=\"og:url\" content=\"https:\/\/ugwp.cfolks.pl\/bwb\/profile-dylatacyjne\/profile-scienne-i-sufitowe\/\" \/>\n<meta property=\"og:site_name\" content=\"BWB technology\" \/>\n<meta property=\"article:modified_time\" content=\"2026-02-04T14:59:34+00:00\" \/>\n<meta property=\"og:image\" content=\"https:\/\/ugwp.cfolks.pl\/bwb\/wp-content\/uploads\/DEFLEX-398.jpg\" \/>\n<meta name=\"twitter:card\" content=\"summary_large_image\" \/>\n<meta name=\"twitter:label1\" content=\"Szacowany czas czytania\" \/>\n\t<meta name=\"twitter:data1\" content=\"4 minuty\" \/>\n<script type=\"application\/ld+json\" class=\"yoast-schema-graph\">{\"@context\":\"https:\\\/\\\/schema.org\",\"@graph\":[{\"@type\":\"WebPage\",\"@id\":\"https:\\\/\\\/ugwp.cfolks.pl\\\/bwb\\\/profile-dylatacyjne\\\/profile-scienne-i-sufitowe\\\/\",\"url\":\"https:\\\/\\\/ugwp.cfolks.pl\\\/bwb\\\/profile-dylatacyjne\\\/profile-scienne-i-sufitowe\\\/\",\"name\":\"Pod\u0105\u017caj za Trendem Profile \u015acienne Sufitowe na Twoj\u0105 Przestrze\u0144!\",\"isPartOf\":{\"@id\":\"https:\\\/\\\/ugwp.cfolks.pl\\\/bwb\\\/#website\"},\"primaryImageOfPage\":{\"@id\":\"https:\\\/\\\/ugwp.cfolks.pl\\\/bwb\\\/profile-dylatacyjne\\\/profile-scienne-i-sufitowe\\\/#primaryimage\"},\"image\":{\"@id\":\"https:\\\/\\\/ugwp.cfolks.pl\\\/bwb\\\/profile-dylatacyjne\\\/profile-scienne-i-sufitowe\\\/#primaryimage\"},\"thumbnailUrl\":\"https:\\\/\\\/ugwp.cfolks.pl\\\/bwb\\\/wp-content\\\/uploads\\\/DEFLEX-398.jpg\",\"datePublished\":\"2023-11-12T05:09:22+00:00\",\"dateModified\":\"2026-02-04T14:59:34+00:00\",\"description\":\"Odkryj stylowe profile \u015bcienne i sufitowe, kt\u00f3re nadadz\u0105 przestrzeni wyj\u0105tkowy charakter. Poznaj najnowsze trendy!\",\"breadcrumb\":{\"@id\":\"https:\\\/\\\/ugwp.cfolks.pl\\\/bwb\\\/profile-dylatacyjne\\\/profile-scienne-i-sufitowe\\\/#breadcrumb\"},\"inLanguage\":\"pl-PL\",\"potentialAction\":[{\"@type\":\"ReadAction\",\"target\":[\"https:\\\/\\\/ugwp.cfolks.pl\\\/bwb\\\/profile-dylatacyjne\\\/profile-scienne-i-sufitowe\\\/\"]}]},{\"@type\":\"ImageObject\",\"inLanguage\":\"pl-PL\",\"@id\":\"https:\\\/\\\/ugwp.cfolks.pl\\\/bwb\\\/profile-dylatacyjne\\\/profile-scienne-i-sufitowe\\\/#primaryimage\",\"url\":\"https:\\\/\\\/ugwp.cfolks.pl\\\/bwb\\\/wp-content\\\/uploads\\\/DEFLEX-398.jpg\",\"contentUrl\":\"https:\\\/\\\/ugwp.cfolks.pl\\\/bwb\\\/wp-content\\\/uploads\\\/DEFLEX-398.jpg\",\"width\":1100,\"height\":810,\"caption\":\"Profil dylatacyjny DEFLEX 398\"},{\"@type\":\"BreadcrumbList\",\"@id\":\"https:\\\/\\\/ugwp.cfolks.pl\\\/bwb\\\/profile-dylatacyjne\\\/profile-scienne-i-sufitowe\\\/#breadcrumb\",\"itemListElement\":[{\"@type\":\"ListItem\",\"position\":1,\"name\":\"Strona g\u0142\u00f3wna\",\"item\":\"https:\\\/\\\/ugwp.cfolks.pl\\\/bwb\\\/\"},{\"@type\":\"ListItem\",\"position\":2,\"name\":\"Profile Dylatacyjne\",\"item\":\"https:\\\/\\\/ugwp.cfolks.pl\\\/bwb\\\/profile-dylatacyjne\\\/\"},{\"@type\":\"ListItem\",\"position\":3,\"name\":\"Profile \u015bcienne i sufitowe\"}]},{\"@type\":\"WebSite\",\"@id\":\"https:\\\/\\\/ugwp.cfolks.pl\\\/bwb\\\/#website\",\"url\":\"https:\\\/\\\/ugwp.cfolks.pl\\\/bwb\\\/\",\"name\":\"BWB technology\",\"description\":\"Kolejna witryna oparta na WordPressie\",\"potentialAction\":[{\"@type\":\"SearchAction\",\"target\":{\"@type\":\"EntryPoint\",\"urlTemplate\":\"https:\\\/\\\/ugwp.cfolks.pl\\\/bwb\\\/?s={search_term_string}\"},\"query-input\":{\"@type\":\"PropertyValueSpecification\",\"valueRequired\":true,\"valueName\":\"search_term_string\"}}],\"inLanguage\":\"pl-PL\"}]}<\/script>\n<!-- \/ Yoast SEO plugin. -->","yoast_head_json":{"title":"Pod\u0105\u017caj za Trendem Profile \u015acienne Sufitowe na Twoj\u0105 Przestrze\u0144!","description":"Odkryj stylowe profile \u015bcienne i sufitowe, kt\u00f3re nadadz\u0105 przestrzeni wyj\u0105tkowy charakter. Poznaj najnowsze trendy!","robots":{"index":"noindex","follow":"follow","max-snippet":"max-snippet:-1","max-image-preview":"max-image-preview:large","max-video-preview":"max-video-preview:-1"},"og_locale":"pl_PL","og_type":"article","og_title":"Pod\u0105\u017caj za Trendem Profile \u015acienne Sufitowe na Twoj\u0105 Przestrze\u0144!","og_description":"Odkryj stylowe profile \u015bcienne i sufitowe, kt\u00f3re nadadz\u0105 przestrzeni wyj\u0105tkowy charakter. Poznaj najnowsze trendy!","og_url":"https:\/\/ugwp.cfolks.pl\/bwb\/profile-dylatacyjne\/profile-scienne-i-sufitowe\/","og_site_name":"BWB technology","article_modified_time":"2026-02-04T14:59:34+00:00","og_image":[{"url":"https:\/\/ugwp.cfolks.pl\/bwb\/wp-content\/uploads\/DEFLEX-398.jpg","type":"","width":"","height":""}],"twitter_card":"summary_large_image","twitter_misc":{"Szacowany czas czytania":"4 minuty"},"schema":{"@context":"https:\/\/schema.org","@graph":[{"@type":"WebPage","@id":"https:\/\/ugwp.cfolks.pl\/bwb\/profile-dylatacyjne\/profile-scienne-i-sufitowe\/","url":"https:\/\/ugwp.cfolks.pl\/bwb\/profile-dylatacyjne\/profile-scienne-i-sufitowe\/","name":"Pod\u0105\u017caj za Trendem Profile \u015acienne Sufitowe na Twoj\u0105 Przestrze\u0144!","isPartOf":{"@id":"https:\/\/ugwp.cfolks.pl\/bwb\/#website"},"primaryImageOfPage":{"@id":"https:\/\/ugwp.cfolks.pl\/bwb\/profile-dylatacyjne\/profile-scienne-i-sufitowe\/#primaryimage"},"image":{"@id":"https:\/\/ugwp.cfolks.pl\/bwb\/profile-dylatacyjne\/profile-scienne-i-sufitowe\/#primaryimage"},"thumbnailUrl":"https:\/\/ugwp.cfolks.pl\/bwb\/wp-content\/uploads\/DEFLEX-398.jpg","datePublished":"2023-11-12T05:09:22+00:00","dateModified":"2026-02-04T14:59:34+00:00","description":"Odkryj stylowe profile \u015bcienne i sufitowe, kt\u00f3re nadadz\u0105 przestrzeni wyj\u0105tkowy charakter. Poznaj najnowsze trendy!","breadcrumb":{"@id":"https:\/\/ugwp.cfolks.pl\/bwb\/profile-dylatacyjne\/profile-scienne-i-sufitowe\/#breadcrumb"},"inLanguage":"pl-PL","potentialAction":[{"@type":"ReadAction","target":["https:\/\/ugwp.cfolks.pl\/bwb\/profile-dylatacyjne\/profile-scienne-i-sufitowe\/"]}]},{"@type":"ImageObject","inLanguage":"pl-PL","@id":"https:\/\/ugwp.cfolks.pl\/bwb\/profile-dylatacyjne\/profile-scienne-i-sufitowe\/#primaryimage","url":"https:\/\/ugwp.cfolks.pl\/bwb\/wp-content\/uploads\/DEFLEX-398.jpg","contentUrl":"https:\/\/ugwp.cfolks.pl\/bwb\/wp-content\/uploads\/DEFLEX-398.jpg","width":1100,"height":810,"caption":"Profil dylatacyjny DEFLEX 398"},{"@type":"BreadcrumbList","@id":"https:\/\/ugwp.cfolks.pl\/bwb\/profile-dylatacyjne\/profile-scienne-i-sufitowe\/#breadcrumb","itemListElement":[{"@type":"ListItem","position":1,"name":"Strona g\u0142\u00f3wna","item":"https:\/\/ugwp.cfolks.pl\/bwb\/"},{"@type":"ListItem","position":2,"name":"Profile Dylatacyjne","item":"https:\/\/ugwp.cfolks.pl\/bwb\/profile-dylatacyjne\/"},{"@type":"ListItem","position":3,"name":"Profile \u015bcienne i sufitowe"}]},{"@type":"WebSite","@id":"https:\/\/ugwp.cfolks.pl\/bwb\/#website","url":"https:\/\/ugwp.cfolks.pl\/bwb\/","name":"BWB technology","description":"Kolejna witryna oparta na WordPressie","potentialAction":[{"@type":"SearchAction","target":{"@type":"EntryPoint","urlTemplate":"https:\/\/ugwp.cfolks.pl\/bwb\/?s={search_term_string}"},"query-input":{"@type":"PropertyValueSpecification","valueRequired":true,"valueName":"search_term_string"}}],"inLanguage":"pl-PL"}]}},"_links":{"self":[{"href":"https:\/\/ugwp.cfolks.pl\/bwb\/wp-json\/wp\/v2\/pages\/4607","targetHints":{"allow":["GET"]}}],"collection":[{"href":"https:\/\/ugwp.cfolks.pl\/bwb\/wp-json\/wp\/v2\/pages"}],"about":[{"href":"https:\/\/ugwp.cfolks.pl\/bwb\/wp-json\/wp\/v2\/types\/page"}],"author":[{"embeddable":true,"href":"https:\/\/ugwp.cfolks.pl\/bwb\/wp-json\/wp\/v2\/users\/1"}],"replies":[{"embeddable":true,"href":"https:\/\/ugwp.cfolks.pl\/bwb\/wp-json\/wp\/v2\/comments?post=4607"}],"version-history":[{"count":8,"href":"https:\/\/ugwp.cfolks.pl\/bwb\/wp-json\/wp\/v2\/pages\/4607\/revisions"}],"predecessor-version":[{"id":7304,"href":"https:\/\/ugwp.cfolks.pl\/bwb\/wp-json\/wp\/v2\/pages\/4607\/revisions\/7304"}],"up":[{"embeddable":true,"href":"https:\/\/ugwp.cfolks.pl\/bwb\/wp-json\/wp\/v2\/pages\/3483"}],"wp:attachment":[{"href":"https:\/\/ugwp.cfolks.pl\/bwb\/wp-json\/wp\/v2\/media?parent=4607"}],"curies":[{"name":"wp","href":"https:\/\/api.w.org\/{rel}","templated":true}]}}