{"id":4603,"date":"2023-11-12T06:04:57","date_gmt":"2023-11-12T05:04:57","guid":{"rendered":"https:\/\/ugwp.cfolks.pl\/bwb\/?page_id=4603"},"modified":"2024-09-12T17:09:27","modified_gmt":"2024-09-12T15:09:27","slug":"profile-wodoszczelne","status":"publish","type":"page","link":"https:\/\/ugwp.cfolks.pl\/bwb\/profile-dylatacyjne\/profile-wodoszczelne\/","title":{"rendered":"Profile wodoszczelne"},"content":{"rendered":"<div class=\"row kategoria-produktow\">\n<div class=\"col-lg-3\"><a href=\"https:\/\/ugwp.cfolks.pl\/bwb\/produkt\/deflex-501-a\/\"><img decoding=\"async\" width=\"100%\" height=\"auto\" src=\"https:\/\/ugwp.cfolks.pl\/bwb\/wp-content\/uploads\/DEFLEX-501a.jpg\" alt=\"DEFLEX 501\/a\" loading=\"lazy\"\/><\/p>\n<h2>DEFLEX 501\/a<\/h2>\n<p><\/a><\/div>\n<div class=\"col-lg-3\"><a href=\"https:\/\/ugwp.cfolks.pl\/bwb\/produkt\/deflex-500-ek\/\"><img width=\"100%\" height=\"auto\" src=\"https:\/\/ugwp.cfolks.pl\/bwb\/wp-content\/uploads\/DEFLEX-500EK.jpg\"  alt=\"DEFLEX 500\/EK\" decoding=\"async\" loading=\"lazy\" https:\/\/ugwp.cfolks.pl\/bwb\/wp-content\/uploads\/BLANK.jpg 1200w\" sizes=\"auto, (max-width: 640px) 100vw, 640px\" \/><\/p>\n<h2 >DEFLEX 500\/EK<\/h2>\n<p><\/a><\/div>\n<div class=\"col-lg-3\"><a href=\"https:\/\/ugwp.cfolks.pl\/bwb\/produkt\/deflex-500-e\/\"><img width=\"100%\" height=\"auto\" src=\"https:\/\/ugwp.cfolks.pl\/bwb\/wp-content\/uploads\/DEFLEX-500E.jpg\"  alt=\"DEFLEX 500\/E\" decoding=\"async\" loading=\"lazy\" \/><\/p>\n<h2>DEFLEX 500\/E<\/h2>\n<p><\/a><\/div>\n<div class=\"col-lg-3\"><a href=\"https:\/\/ugwp.cfolks.pl\/bwb\/produkt\/deflex-500-ncl\/\"><img decoding=\"async\" width=\"100%\" height=\"auto\" src=\"https:\/\/ugwp.cfolks.pl\/bwb\/wp-content\/uploads\/DEFLEX-500NcL.jpg\" alt=\"DEFLEX 500\/NcL\" loading=\"lazy\"\/><\/p>\n<h2>DEFLEX 500\/NcL<\/h2>\n<p><\/a><\/div>\n<div class=\"col-lg-3\"><a href=\"https:\/\/ugwp.cfolks.pl\/bwb\/produkt\/deflex-500-nc\/\"><img decoding=\"async\" width=\"100%\" height=\"auto\" src=\"https:\/\/ugwp.cfolks.pl\/bwb\/wp-content\/uploads\/DEFLEX-500Nc.jpg\" alt=\"DEFLEX 500\/Nc\" loading=\"lazy\"\/><\/p>\n<h2>DEFLEX 500\/Nc<\/h2>\n<p><\/a><\/div>\n<div class=\"col-lg-3\"><a href=\"https:\/\/ugwp.cfolks.pl\/bwb\/produkt\/deflex-500-nbl\/\"><img decoding=\"async\" width=\"100%\" height=\"auto\" src=\"https:\/\/ugwp.cfolks.pl\/bwb\/wp-content\/uploads\/DEFLEX-500NbL.jpg\" alt=\"DEFLEX 500\/NbL\" loading=\"lazy\"\/><\/p>\n<h2>DEFLEX 500\/NbL<\/h2>\n<p><\/a><\/div>\n<div class=\"col-lg-3\"><a href=\"https:\/\/ugwp.cfolks.pl\/bwb\/produkt\/deflex-500-nb\/\"><img decoding=\"async\" width=\"100%\" height=\"auto\" src=\"https:\/\/ugwp.cfolks.pl\/bwb\/wp-content\/uploads\/DEFLEX-500Nb.jpg\" alt=\"DEFLEX 500\/Nb\" loading=\"lazy\"\/><\/p>\n<h2>DEFLEX 500\/Nb<\/h2>\n<p><\/a><\/div>\n<div class=\"col-lg-3\"><a href=\"https:\/\/ugwp.cfolks.pl\/bwb\/produkt\/deflex-500-nal\/\"><img decoding=\"async\" width=\"100%\" height=\"auto\" src=\"https:\/\/ugwp.cfolks.pl\/bwb\/wp-content\/uploads\/DEFLEX-500NaL.jpg\" alt=\"DEFLEX 500\/NaL\" loading=\"lazy\"\/><\/p>\n<h2>DEFLEX 500\/NaL<\/h2>\n<p><\/a><\/div>\n<div class=\"col-lg-3\"><a href=\"https:\/\/ugwp.cfolks.pl\/bwb\/produkt\/deflex-500-na\/\"><img decoding=\"async\" width=\"100%\" height=\"auto\" src=\"https:\/\/ugwp.cfolks.pl\/bwb\/wp-content\/uploads\/DEFLEX-500Na.jpg\" alt=\"DEFLEX 500\/Na\" loading=\"lazy\"\/><\/p>\n<h2>DEFLEX 500\/Na<\/h2>\n<p><\/a><\/div>\n<\/div>\n","protected":false},"excerpt":{"rendered":"<p>DEFLEX 501\/a<\/p>\n","protected":false},"author":1,"featured_media":0,"parent":3483,"menu_order":0,"comment_status":"closed","ping_status":"closed","template":"","meta":{"_acf_changed":false,"footnotes":""},"class_list":["post-4603","page","type-page","status-publish","hentry"],"acf":[],"yoast_head":"<!-- This site is optimized with the Yoast SEO plugin v27.3 - https:\/\/yoast.com\/product\/yoast-seo-wordpress\/ -->\n<title>Profile Wodoszczelne Ochrona i Elegancja w Jednym!<\/title>\n<meta name=\"description\" content=\"Wodoszczelne profile - estetyka i funkcjonalno\u015b\u0107. Niezawodna ochrona przed wilgoci\u0105. Zobacz, jak zabezpieczy\u0107 szczeliny i pod\u0142ogi!\" \/>\n<meta name=\"robots\" content=\"noindex, follow, max-snippet:-1, max-image-preview:large, max-video-preview:-1\" \/>\n<meta property=\"og:locale\" content=\"pl_PL\" \/>\n<meta property=\"og:type\" content=\"article\" \/>\n<meta property=\"og:title\" content=\"Profile Wodoszczelne Ochrona i Elegancja w Jednym!\" \/>\n<meta property=\"og:description\" content=\"Wodoszczelne profile - estetyka i funkcjonalno\u015b\u0107. Niezawodna ochrona przed wilgoci\u0105. Zobacz, jak zabezpieczy\u0107 szczeliny i pod\u0142ogi!\" \/>\n<meta property=\"og:url\" content=\"https:\/\/ugwp.cfolks.pl\/bwb\/profile-dylatacyjne\/profile-wodoszczelne\/\" \/>\n<meta property=\"og:site_name\" content=\"BWB technology\" \/>\n<meta property=\"article:modified_time\" content=\"2024-09-12T15:09:27+00:00\" \/>\n<meta property=\"og:image\" content=\"https:\/\/ugwp.cfolks.pl\/bwb\/wp-content\/uploads\/DEFLEX-501a.jpg\" \/>\n<meta name=\"twitter:card\" content=\"summary_large_image\" \/>\n<meta name=\"twitter:label1\" content=\"Szacowany czas czytania\" \/>\n\t<meta name=\"twitter:data1\" content=\"2 minuty\" \/>\n<script type=\"application\/ld+json\" class=\"yoast-schema-graph\">{\"@context\":\"https:\\\/\\\/schema.org\",\"@graph\":[{\"@type\":\"WebPage\",\"@id\":\"https:\\\/\\\/ugwp.cfolks.pl\\\/bwb\\\/profile-dylatacyjne\\\/profile-wodoszczelne\\\/\",\"url\":\"https:\\\/\\\/ugwp.cfolks.pl\\\/bwb\\\/profile-dylatacyjne\\\/profile-wodoszczelne\\\/\",\"name\":\"Profile Wodoszczelne Ochrona i Elegancja w Jednym!\",\"isPartOf\":{\"@id\":\"https:\\\/\\\/ugwp.cfolks.pl\\\/bwb\\\/#website\"},\"primaryImageOfPage\":{\"@id\":\"https:\\\/\\\/ugwp.cfolks.pl\\\/bwb\\\/profile-dylatacyjne\\\/profile-wodoszczelne\\\/#primaryimage\"},\"image\":{\"@id\":\"https:\\\/\\\/ugwp.cfolks.pl\\\/bwb\\\/profile-dylatacyjne\\\/profile-wodoszczelne\\\/#primaryimage\"},\"thumbnailUrl\":\"https:\\\/\\\/ugwp.cfolks.pl\\\/bwb\\\/wp-content\\\/uploads\\\/DEFLEX-501a.jpg\",\"datePublished\":\"2023-11-12T05:04:57+00:00\",\"dateModified\":\"2024-09-12T15:09:27+00:00\",\"description\":\"Wodoszczelne profile - estetyka i funkcjonalno\u015b\u0107. Niezawodna ochrona przed wilgoci\u0105. Zobacz, jak zabezpieczy\u0107 szczeliny i pod\u0142ogi!\",\"breadcrumb\":{\"@id\":\"https:\\\/\\\/ugwp.cfolks.pl\\\/bwb\\\/profile-dylatacyjne\\\/profile-wodoszczelne\\\/#breadcrumb\"},\"inLanguage\":\"pl-PL\",\"potentialAction\":[{\"@type\":\"ReadAction\",\"target\":[\"https:\\\/\\\/ugwp.cfolks.pl\\\/bwb\\\/profile-dylatacyjne\\\/profile-wodoszczelne\\\/\"]}]},{\"@type\":\"ImageObject\",\"inLanguage\":\"pl-PL\",\"@id\":\"https:\\\/\\\/ugwp.cfolks.pl\\\/bwb\\\/profile-dylatacyjne\\\/profile-wodoszczelne\\\/#primaryimage\",\"url\":\"https:\\\/\\\/ugwp.cfolks.pl\\\/bwb\\\/wp-content\\\/uploads\\\/DEFLEX-501a.jpg\",\"contentUrl\":\"https:\\\/\\\/ugwp.cfolks.pl\\\/bwb\\\/wp-content\\\/uploads\\\/DEFLEX-501a.jpg\",\"width\":1100,\"height\":810,\"caption\":\"Profil dylatacyjny DEFLEX 501\\\/a\"},{\"@type\":\"BreadcrumbList\",\"@id\":\"https:\\\/\\\/ugwp.cfolks.pl\\\/bwb\\\/profile-dylatacyjne\\\/profile-wodoszczelne\\\/#breadcrumb\",\"itemListElement\":[{\"@type\":\"ListItem\",\"position\":1,\"name\":\"Strona g\u0142\u00f3wna\",\"item\":\"https:\\\/\\\/ugwp.cfolks.pl\\\/bwb\\\/\"},{\"@type\":\"ListItem\",\"position\":2,\"name\":\"Profile Dylatacyjne\",\"item\":\"https:\\\/\\\/ugwp.cfolks.pl\\\/bwb\\\/profile-dylatacyjne\\\/\"},{\"@type\":\"ListItem\",\"position\":3,\"name\":\"Profile wodoszczelne\"}]},{\"@type\":\"WebSite\",\"@id\":\"https:\\\/\\\/ugwp.cfolks.pl\\\/bwb\\\/#website\",\"url\":\"https:\\\/\\\/ugwp.cfolks.pl\\\/bwb\\\/\",\"name\":\"BWB technology\",\"description\":\"Kolejna witryna oparta na WordPressie\",\"potentialAction\":[{\"@type\":\"SearchAction\",\"target\":{\"@type\":\"EntryPoint\",\"urlTemplate\":\"https:\\\/\\\/ugwp.cfolks.pl\\\/bwb\\\/?s={search_term_string}\"},\"query-input\":{\"@type\":\"PropertyValueSpecification\",\"valueRequired\":true,\"valueName\":\"search_term_string\"}}],\"inLanguage\":\"pl-PL\"}]}<\/script>\n<!-- \/ Yoast SEO plugin. -->","yoast_head_json":{"title":"Profile Wodoszczelne Ochrona i Elegancja w Jednym!","description":"Wodoszczelne profile - estetyka i funkcjonalno\u015b\u0107. Niezawodna ochrona przed wilgoci\u0105. Zobacz, jak zabezpieczy\u0107 szczeliny i pod\u0142ogi!","robots":{"index":"noindex","follow":"follow","max-snippet":"max-snippet:-1","max-image-preview":"max-image-preview:large","max-video-preview":"max-video-preview:-1"},"og_locale":"pl_PL","og_type":"article","og_title":"Profile Wodoszczelne Ochrona i Elegancja w Jednym!","og_description":"Wodoszczelne profile - estetyka i funkcjonalno\u015b\u0107. Niezawodna ochrona przed wilgoci\u0105. Zobacz, jak zabezpieczy\u0107 szczeliny i pod\u0142ogi!","og_url":"https:\/\/ugwp.cfolks.pl\/bwb\/profile-dylatacyjne\/profile-wodoszczelne\/","og_site_name":"BWB technology","article_modified_time":"2024-09-12T15:09:27+00:00","og_image":[{"url":"https:\/\/ugwp.cfolks.pl\/bwb\/wp-content\/uploads\/DEFLEX-501a.jpg","type":"","width":"","height":""}],"twitter_card":"summary_large_image","twitter_misc":{"Szacowany czas czytania":"2 minuty"},"schema":{"@context":"https:\/\/schema.org","@graph":[{"@type":"WebPage","@id":"https:\/\/ugwp.cfolks.pl\/bwb\/profile-dylatacyjne\/profile-wodoszczelne\/","url":"https:\/\/ugwp.cfolks.pl\/bwb\/profile-dylatacyjne\/profile-wodoszczelne\/","name":"Profile Wodoszczelne Ochrona i Elegancja w Jednym!","isPartOf":{"@id":"https:\/\/ugwp.cfolks.pl\/bwb\/#website"},"primaryImageOfPage":{"@id":"https:\/\/ugwp.cfolks.pl\/bwb\/profile-dylatacyjne\/profile-wodoszczelne\/#primaryimage"},"image":{"@id":"https:\/\/ugwp.cfolks.pl\/bwb\/profile-dylatacyjne\/profile-wodoszczelne\/#primaryimage"},"thumbnailUrl":"https:\/\/ugwp.cfolks.pl\/bwb\/wp-content\/uploads\/DEFLEX-501a.jpg","datePublished":"2023-11-12T05:04:57+00:00","dateModified":"2024-09-12T15:09:27+00:00","description":"Wodoszczelne profile - estetyka i funkcjonalno\u015b\u0107. Niezawodna ochrona przed wilgoci\u0105. Zobacz, jak zabezpieczy\u0107 szczeliny i pod\u0142ogi!","breadcrumb":{"@id":"https:\/\/ugwp.cfolks.pl\/bwb\/profile-dylatacyjne\/profile-wodoszczelne\/#breadcrumb"},"inLanguage":"pl-PL","potentialAction":[{"@type":"ReadAction","target":["https:\/\/ugwp.cfolks.pl\/bwb\/profile-dylatacyjne\/profile-wodoszczelne\/"]}]},{"@type":"ImageObject","inLanguage":"pl-PL","@id":"https:\/\/ugwp.cfolks.pl\/bwb\/profile-dylatacyjne\/profile-wodoszczelne\/#primaryimage","url":"https:\/\/ugwp.cfolks.pl\/bwb\/wp-content\/uploads\/DEFLEX-501a.jpg","contentUrl":"https:\/\/ugwp.cfolks.pl\/bwb\/wp-content\/uploads\/DEFLEX-501a.jpg","width":1100,"height":810,"caption":"Profil dylatacyjny DEFLEX 501\/a"},{"@type":"BreadcrumbList","@id":"https:\/\/ugwp.cfolks.pl\/bwb\/profile-dylatacyjne\/profile-wodoszczelne\/#breadcrumb","itemListElement":[{"@type":"ListItem","position":1,"name":"Strona g\u0142\u00f3wna","item":"https:\/\/ugwp.cfolks.pl\/bwb\/"},{"@type":"ListItem","position":2,"name":"Profile Dylatacyjne","item":"https:\/\/ugwp.cfolks.pl\/bwb\/profile-dylatacyjne\/"},{"@type":"ListItem","position":3,"name":"Profile wodoszczelne"}]},{"@type":"WebSite","@id":"https:\/\/ugwp.cfolks.pl\/bwb\/#website","url":"https:\/\/ugwp.cfolks.pl\/bwb\/","name":"BWB technology","description":"Kolejna witryna oparta na WordPressie","potentialAction":[{"@type":"SearchAction","target":{"@type":"EntryPoint","urlTemplate":"https:\/\/ugwp.cfolks.pl\/bwb\/?s={search_term_string}"},"query-input":{"@type":"PropertyValueSpecification","valueRequired":true,"valueName":"search_term_string"}}],"inLanguage":"pl-PL"}]}},"_links":{"self":[{"href":"https:\/\/ugwp.cfolks.pl\/bwb\/wp-json\/wp\/v2\/pages\/4603","targetHints":{"allow":["GET"]}}],"collection":[{"href":"https:\/\/ugwp.cfolks.pl\/bwb\/wp-json\/wp\/v2\/pages"}],"about":[{"href":"https:\/\/ugwp.cfolks.pl\/bwb\/wp-json\/wp\/v2\/types\/page"}],"author":[{"embeddable":true,"href":"https:\/\/ugwp.cfolks.pl\/bwb\/wp-json\/wp\/v2\/users\/1"}],"replies":[{"embeddable":true,"href":"https:\/\/ugwp.cfolks.pl\/bwb\/wp-json\/wp\/v2\/comments?post=4603"}],"version-history":[{"count":12,"href":"https:\/\/ugwp.cfolks.pl\/bwb\/wp-json\/wp\/v2\/pages\/4603\/revisions"}],"predecessor-version":[{"id":6617,"href":"https:\/\/ugwp.cfolks.pl\/bwb\/wp-json\/wp\/v2\/pages\/4603\/revisions\/6617"}],"up":[{"embeddable":true,"href":"https:\/\/ugwp.cfolks.pl\/bwb\/wp-json\/wp\/v2\/pages\/3483"}],"wp:attachment":[{"href":"https:\/\/ugwp.cfolks.pl\/bwb\/wp-json\/wp\/v2\/media?parent=4603"}],"curies":[{"name":"wp","href":"https:\/\/api.w.org\/{rel}","templated":true}]}}