{"id":4601,"date":"2023-11-12T06:03:12","date_gmt":"2023-11-12T05:03:12","guid":{"rendered":"https:\/\/ugwp.cfolks.pl\/bwb\/?page_id=4601"},"modified":"2024-09-06T11:37:30","modified_gmt":"2024-09-06T09:37:30","slug":"profile-sejsmoodporne","status":"publish","type":"page","link":"https:\/\/ugwp.cfolks.pl\/bwb\/profile-dylatacyjne\/profile-sejsmoodporne\/","title":{"rendered":"Profile sejsmoodporne"},"content":{"rendered":"<div class=\"row kategoria-produktow\">\n<div class=\"col-lg-3\"><a href=\"https:\/\/ugwp.cfolks.pl\/bwb\/produkt\/deflex-850\/\" ><img loading=\"lazy\" width=\"100%\" height=\"auto\" src=\"https:\/\/ugwp.cfolks.pl\/bwb\/wp-content\/uploads\/BLANK-640x471.jpg\" alt=\"Profil dylatacyjny pod\u0142ogowy typu DEFLEX 850\" decoding=\"async\"\/><\/p>\n<h2>DEFLEX 850<\/h2>\n<p><\/a><\/div>\n<div class=\"col-lg-3\"><a href=\"https:\/\/ugwp.cfolks.pl\/bwb\/produkt\/deflex-840\/\" ><img loading=\"lazy\" width=\"100%\" height=\"auto\" src=\"https:\/\/ugwp.cfolks.pl\/bwb\/wp-content\/uploads\/DEFLEX-840.jpg\" alt=\"Profil dylatacyjny pod\u0142ogowy typu DEFLEX 840\" decoding=\"async\"\/><\/p>\n<h2>DEFLEX 840<\/h2>\n<p><\/a><\/div>\n<div class=\"col-lg-3\"><a href=\"https:\/\/ugwp.cfolks.pl\/bwb\/produkt\/deflex-830\/\" ><img loading=\"lazy\" width=\"100%\" height=\"auto\" src=\"https:\/\/ugwp.cfolks.pl\/bwb\/wp-content\/uploads\/DEFLEX-830.jpg\" alt=\"Profil dylatacyjny pod\u0142ogowy typu DEFLEX 830\" decoding=\"async\"\/><\/p>\n<h2>DEFLEX 830<\/h2>\n<p><\/a><\/div>\n<div class=\"col-lg-3\"><a href=\"https:\/\/ugwp.cfolks.pl\/bwb\/produkt\/deflex-820-rs\/\" ><img loading=\"lazy\" width=\"100%\" height=\"auto\" src=\"https:\/\/ugwp.cfolks.pl\/bwb\/wp-content\/uploads\/BLANK-640x471.jpg\" alt=\"Profil dylatacyjny pod\u0142ogowy typu DEFLEX 820 RS\" decoding=\"async\"\/><\/p>\n<h2>DEFLEX 820 RS<\/h2>\n<p><\/a><\/div>\n<div class=\"col-lg-3\"><a href=\"https:\/\/ugwp.cfolks.pl\/bwb\/produkt\/deflex-820\/\" ><img loading=\"lazy\" width=\"100%\" height=\"auto\" src=\"https:\/\/ugwp.cfolks.pl\/bwb\/wp-content\/uploads\/DEFLEX-820.jpg\" alt=\"Profil dylatacyjny pod\u0142ogowy typu DEFLEX 820\" decoding=\"async\"\/><\/p>\n<h2>DEFLEX 820<\/h2>\n<p><\/a><\/div>\n<div class=\"col-lg-3\"><a href=\"https:\/\/ugwp.cfolks.pl\/bwb\/produkt\/deflex-810-rs\/\" ><img loading=\"lazy\" width=\"100%\" height=\"auto\" src=\"https:\/\/ugwp.cfolks.pl\/bwb\/wp-content\/uploads\/BLANK-640x471.jpg\" alt=\"Profil dylatacyjny pod\u0142ogowy typu DEFLEX 810 RS\" decoding=\"async\"\/><\/p>\n<h2>DEFLEX 810\/RS<\/h2>\n<p><\/a><\/div>\n<div class=\"col-lg-3\"><a href=\"https:\/\/ugwp.cfolks.pl\/bwb\/produkt\/deflex-810\/\" ><img loading=\"lazy\" width=\"100%\" height=\"auto\" src=\"https:\/\/ugwp.cfolks.pl\/bwb\/wp-content\/uploads\/DEFLEX-810.jpg\" alt=\"Profil dylatacyjny pod\u0142ogowy typu DEFLEX 810\" decoding=\"async\"\/><\/p>\n<h2>DEFLEX 810<\/h2>\n<p><\/a><\/div>\n<div class=\"col-lg-3\"><a href=\"https:\/\/ugwp.cfolks.pl\/bwb\/produkt\/deflex-800\/\" ><img loading=\"lazy\" width=\"100%\" height=\"auto\" src=\"https:\/\/ugwp.cfolks.pl\/bwb\/wp-content\/uploads\/DEFLEX-800.jpg\" alt=\"Profil dylatacyjny pod\u0142ogowy typu DEFLEX 800\" decoding=\"async\"\/><\/p>\n<h2>DEFLEX 800<\/h2>\n<p><\/a><\/div>\n<\/div>\n","protected":false},"excerpt":{"rendered":"<p>DEFLEX 850 DEFLEX 840 DEFLEX 830 DEFLEX 820 RS DEFLEX 820 DEFLEX 810\/RS DEFLEX 810 DEFLEX 800<\/p>\n","protected":false},"author":1,"featured_media":0,"parent":3483,"menu_order":0,"comment_status":"closed","ping_status":"closed","template":"page-kategoria-produktow.php","meta":{"_acf_changed":false,"footnotes":""},"class_list":["post-4601","page","type-page","status-publish","hentry"],"acf":[],"yoast_head":"<!-- This site is optimized with the Yoast SEO plugin v27.3 - https:\/\/yoast.com\/product\/yoast-seo-wordpress\/ -->\n<title>Profile Pod\u0142ogowe Sejsmoodporne Bezpiecze\u0144stwo w Jednym!<\/title>\n<meta name=\"description\" content=\"Odkryj innowacyjne profile pod\u0142ogowe sejsmoodporne. Odporno\u015b\u0107 na wstrz\u0105sy. Bezpiecze\u0144stwo i trwa\u0142o\u015b\u0107 w ka\u017cdym miejscu. Sprawd\u017a nasz\u0105 ofert\u0119!\" \/>\n<meta name=\"robots\" content=\"noindex, follow, max-snippet:-1, max-image-preview:large, max-video-preview:-1\" \/>\n<meta property=\"og:locale\" content=\"pl_PL\" \/>\n<meta property=\"og:type\" content=\"article\" \/>\n<meta property=\"og:title\" content=\"Profile Pod\u0142ogowe Sejsmoodporne Bezpiecze\u0144stwo w Jednym!\" \/>\n<meta property=\"og:description\" content=\"Odkryj innowacyjne profile pod\u0142ogowe sejsmoodporne. Odporno\u015b\u0107 na wstrz\u0105sy. Bezpiecze\u0144stwo i trwa\u0142o\u015b\u0107 w ka\u017cdym miejscu. Sprawd\u017a nasz\u0105 ofert\u0119!\" \/>\n<meta property=\"og:url\" content=\"https:\/\/ugwp.cfolks.pl\/bwb\/profile-dylatacyjne\/profile-sejsmoodporne\/\" \/>\n<meta property=\"og:site_name\" content=\"BWB technology\" \/>\n<meta property=\"article:modified_time\" content=\"2024-09-06T09:37:30+00:00\" \/>\n<meta property=\"og:image\" content=\"https:\/\/ugwp.cfolks.pl\/bwb\/wp-content\/uploads\/BLANK-640x471.jpg\" \/>\n<meta name=\"twitter:card\" content=\"summary_large_image\" \/>\n<meta name=\"twitter:label1\" content=\"Szacowany czas czytania\" \/>\n\t<meta name=\"twitter:data1\" content=\"2 minuty\" \/>\n<script type=\"application\/ld+json\" class=\"yoast-schema-graph\">{\"@context\":\"https:\\\/\\\/schema.org\",\"@graph\":[{\"@type\":\"WebPage\",\"@id\":\"https:\\\/\\\/ugwp.cfolks.pl\\\/bwb\\\/profile-dylatacyjne\\\/profile-sejsmoodporne\\\/\",\"url\":\"https:\\\/\\\/ugwp.cfolks.pl\\\/bwb\\\/profile-dylatacyjne\\\/profile-sejsmoodporne\\\/\",\"name\":\"Profile Pod\u0142ogowe Sejsmoodporne Bezpiecze\u0144stwo w Jednym!\",\"isPartOf\":{\"@id\":\"https:\\\/\\\/ugwp.cfolks.pl\\\/bwb\\\/#website\"},\"primaryImageOfPage\":{\"@id\":\"https:\\\/\\\/ugwp.cfolks.pl\\\/bwb\\\/profile-dylatacyjne\\\/profile-sejsmoodporne\\\/#primaryimage\"},\"image\":{\"@id\":\"https:\\\/\\\/ugwp.cfolks.pl\\\/bwb\\\/profile-dylatacyjne\\\/profile-sejsmoodporne\\\/#primaryimage\"},\"thumbnailUrl\":\"https:\\\/\\\/ugwp.cfolks.pl\\\/bwb\\\/wp-content\\\/uploads\\\/BLANK-640x471.jpg\",\"datePublished\":\"2023-11-12T05:03:12+00:00\",\"dateModified\":\"2024-09-06T09:37:30+00:00\",\"description\":\"Odkryj innowacyjne profile pod\u0142ogowe sejsmoodporne. Odporno\u015b\u0107 na wstrz\u0105sy. Bezpiecze\u0144stwo i trwa\u0142o\u015b\u0107 w ka\u017cdym miejscu. Sprawd\u017a nasz\u0105 ofert\u0119!\",\"breadcrumb\":{\"@id\":\"https:\\\/\\\/ugwp.cfolks.pl\\\/bwb\\\/profile-dylatacyjne\\\/profile-sejsmoodporne\\\/#breadcrumb\"},\"inLanguage\":\"pl-PL\",\"potentialAction\":[{\"@type\":\"ReadAction\",\"target\":[\"https:\\\/\\\/ugwp.cfolks.pl\\\/bwb\\\/profile-dylatacyjne\\\/profile-sejsmoodporne\\\/\"]}]},{\"@type\":\"ImageObject\",\"inLanguage\":\"pl-PL\",\"@id\":\"https:\\\/\\\/ugwp.cfolks.pl\\\/bwb\\\/profile-dylatacyjne\\\/profile-sejsmoodporne\\\/#primaryimage\",\"url\":\"https:\\\/\\\/ugwp.cfolks.pl\\\/bwb\\\/wp-content\\\/uploads\\\/BLANK.jpg\",\"contentUrl\":\"https:\\\/\\\/ugwp.cfolks.pl\\\/bwb\\\/wp-content\\\/uploads\\\/BLANK.jpg\",\"width\":1100,\"height\":810},{\"@type\":\"BreadcrumbList\",\"@id\":\"https:\\\/\\\/ugwp.cfolks.pl\\\/bwb\\\/profile-dylatacyjne\\\/profile-sejsmoodporne\\\/#breadcrumb\",\"itemListElement\":[{\"@type\":\"ListItem\",\"position\":1,\"name\":\"Strona g\u0142\u00f3wna\",\"item\":\"https:\\\/\\\/ugwp.cfolks.pl\\\/bwb\\\/\"},{\"@type\":\"ListItem\",\"position\":2,\"name\":\"Profile Dylatacyjne\",\"item\":\"https:\\\/\\\/ugwp.cfolks.pl\\\/bwb\\\/profile-dylatacyjne\\\/\"},{\"@type\":\"ListItem\",\"position\":3,\"name\":\"Profile sejsmoodporne\"}]},{\"@type\":\"WebSite\",\"@id\":\"https:\\\/\\\/ugwp.cfolks.pl\\\/bwb\\\/#website\",\"url\":\"https:\\\/\\\/ugwp.cfolks.pl\\\/bwb\\\/\",\"name\":\"BWB technology\",\"description\":\"Kolejna witryna oparta na WordPressie\",\"potentialAction\":[{\"@type\":\"SearchAction\",\"target\":{\"@type\":\"EntryPoint\",\"urlTemplate\":\"https:\\\/\\\/ugwp.cfolks.pl\\\/bwb\\\/?s={search_term_string}\"},\"query-input\":{\"@type\":\"PropertyValueSpecification\",\"valueRequired\":true,\"valueName\":\"search_term_string\"}}],\"inLanguage\":\"pl-PL\"}]}<\/script>\n<!-- \/ Yoast SEO plugin. -->","yoast_head_json":{"title":"Profile Pod\u0142ogowe Sejsmoodporne Bezpiecze\u0144stwo w Jednym!","description":"Odkryj innowacyjne profile pod\u0142ogowe sejsmoodporne. Odporno\u015b\u0107 na wstrz\u0105sy. Bezpiecze\u0144stwo i trwa\u0142o\u015b\u0107 w ka\u017cdym miejscu. Sprawd\u017a nasz\u0105 ofert\u0119!","robots":{"index":"noindex","follow":"follow","max-snippet":"max-snippet:-1","max-image-preview":"max-image-preview:large","max-video-preview":"max-video-preview:-1"},"og_locale":"pl_PL","og_type":"article","og_title":"Profile Pod\u0142ogowe Sejsmoodporne Bezpiecze\u0144stwo w Jednym!","og_description":"Odkryj innowacyjne profile pod\u0142ogowe sejsmoodporne. Odporno\u015b\u0107 na wstrz\u0105sy. Bezpiecze\u0144stwo i trwa\u0142o\u015b\u0107 w ka\u017cdym miejscu. Sprawd\u017a nasz\u0105 ofert\u0119!","og_url":"https:\/\/ugwp.cfolks.pl\/bwb\/profile-dylatacyjne\/profile-sejsmoodporne\/","og_site_name":"BWB technology","article_modified_time":"2024-09-06T09:37:30+00:00","og_image":[{"url":"https:\/\/ugwp.cfolks.pl\/bwb\/wp-content\/uploads\/BLANK-640x471.jpg","type":"","width":"","height":""}],"twitter_card":"summary_large_image","twitter_misc":{"Szacowany czas czytania":"2 minuty"},"schema":{"@context":"https:\/\/schema.org","@graph":[{"@type":"WebPage","@id":"https:\/\/ugwp.cfolks.pl\/bwb\/profile-dylatacyjne\/profile-sejsmoodporne\/","url":"https:\/\/ugwp.cfolks.pl\/bwb\/profile-dylatacyjne\/profile-sejsmoodporne\/","name":"Profile Pod\u0142ogowe Sejsmoodporne Bezpiecze\u0144stwo w Jednym!","isPartOf":{"@id":"https:\/\/ugwp.cfolks.pl\/bwb\/#website"},"primaryImageOfPage":{"@id":"https:\/\/ugwp.cfolks.pl\/bwb\/profile-dylatacyjne\/profile-sejsmoodporne\/#primaryimage"},"image":{"@id":"https:\/\/ugwp.cfolks.pl\/bwb\/profile-dylatacyjne\/profile-sejsmoodporne\/#primaryimage"},"thumbnailUrl":"https:\/\/ugwp.cfolks.pl\/bwb\/wp-content\/uploads\/BLANK-640x471.jpg","datePublished":"2023-11-12T05:03:12+00:00","dateModified":"2024-09-06T09:37:30+00:00","description":"Odkryj innowacyjne profile pod\u0142ogowe sejsmoodporne. Odporno\u015b\u0107 na wstrz\u0105sy. Bezpiecze\u0144stwo i trwa\u0142o\u015b\u0107 w ka\u017cdym miejscu. Sprawd\u017a nasz\u0105 ofert\u0119!","breadcrumb":{"@id":"https:\/\/ugwp.cfolks.pl\/bwb\/profile-dylatacyjne\/profile-sejsmoodporne\/#breadcrumb"},"inLanguage":"pl-PL","potentialAction":[{"@type":"ReadAction","target":["https:\/\/ugwp.cfolks.pl\/bwb\/profile-dylatacyjne\/profile-sejsmoodporne\/"]}]},{"@type":"ImageObject","inLanguage":"pl-PL","@id":"https:\/\/ugwp.cfolks.pl\/bwb\/profile-dylatacyjne\/profile-sejsmoodporne\/#primaryimage","url":"https:\/\/ugwp.cfolks.pl\/bwb\/wp-content\/uploads\/BLANK.jpg","contentUrl":"https:\/\/ugwp.cfolks.pl\/bwb\/wp-content\/uploads\/BLANK.jpg","width":1100,"height":810},{"@type":"BreadcrumbList","@id":"https:\/\/ugwp.cfolks.pl\/bwb\/profile-dylatacyjne\/profile-sejsmoodporne\/#breadcrumb","itemListElement":[{"@type":"ListItem","position":1,"name":"Strona g\u0142\u00f3wna","item":"https:\/\/ugwp.cfolks.pl\/bwb\/"},{"@type":"ListItem","position":2,"name":"Profile Dylatacyjne","item":"https:\/\/ugwp.cfolks.pl\/bwb\/profile-dylatacyjne\/"},{"@type":"ListItem","position":3,"name":"Profile sejsmoodporne"}]},{"@type":"WebSite","@id":"https:\/\/ugwp.cfolks.pl\/bwb\/#website","url":"https:\/\/ugwp.cfolks.pl\/bwb\/","name":"BWB technology","description":"Kolejna witryna oparta na WordPressie","potentialAction":[{"@type":"SearchAction","target":{"@type":"EntryPoint","urlTemplate":"https:\/\/ugwp.cfolks.pl\/bwb\/?s={search_term_string}"},"query-input":{"@type":"PropertyValueSpecification","valueRequired":true,"valueName":"search_term_string"}}],"inLanguage":"pl-PL"}]}},"_links":{"self":[{"href":"https:\/\/ugwp.cfolks.pl\/bwb\/wp-json\/wp\/v2\/pages\/4601","targetHints":{"allow":["GET"]}}],"collection":[{"href":"https:\/\/ugwp.cfolks.pl\/bwb\/wp-json\/wp\/v2\/pages"}],"about":[{"href":"https:\/\/ugwp.cfolks.pl\/bwb\/wp-json\/wp\/v2\/types\/page"}],"author":[{"embeddable":true,"href":"https:\/\/ugwp.cfolks.pl\/bwb\/wp-json\/wp\/v2\/users\/1"}],"replies":[{"embeddable":true,"href":"https:\/\/ugwp.cfolks.pl\/bwb\/wp-json\/wp\/v2\/comments?post=4601"}],"version-history":[{"count":19,"href":"https:\/\/ugwp.cfolks.pl\/bwb\/wp-json\/wp\/v2\/pages\/4601\/revisions"}],"predecessor-version":[{"id":6557,"href":"https:\/\/ugwp.cfolks.pl\/bwb\/wp-json\/wp\/v2\/pages\/4601\/revisions\/6557"}],"up":[{"embeddable":true,"href":"https:\/\/ugwp.cfolks.pl\/bwb\/wp-json\/wp\/v2\/pages\/3483"}],"wp:attachment":[{"href":"https:\/\/ugwp.cfolks.pl\/bwb\/wp-json\/wp\/v2\/media?parent=4601"}],"curies":[{"name":"wp","href":"https:\/\/api.w.org\/{rel}","templated":true}]}}