{"id":4599,"date":"2023-11-12T06:01:44","date_gmt":"2023-11-12T05:01:44","guid":{"rendered":"https:\/\/ugwp.cfolks.pl\/bwb\/?page_id=4599"},"modified":"2024-09-13T18:23:16","modified_gmt":"2024-09-13T16:23:16","slug":"profile-podlogowe-z-pelnego-metalu","status":"publish","type":"page","link":"https:\/\/ugwp.cfolks.pl\/bwb\/profile-dylatacyjne\/profile-podlogowe-z-pelnego-metalu\/","title":{"rendered":"Profile pod\u0142ogowe z pe\u0142nego metalu"},"content":{"rendered":"<div class=\"row kategoria-produktow\">\n<div class=\"col-lg-3\"><a href=\"https:\/\/ugwp.cfolks.pl\/bwb\/produkt\/deflex-stf-60\/\"><img width=\"100%\" height=\"auto\" src=\"https:\/\/ugwp.cfolks.pl\/bwb\/wp-content\/uploads\/DEFLEX-STF-60.jpg\"  alt=\"DEFLEX STF 60\" decoding=\"async\" loading=\"lazy\"\/><\/p>\n<h2>DEFLEX STF 60<\/h2>\n<p><\/a><\/div>\n<div class=\"col-lg-3\"><a href=\"https:\/\/ugwp.cfolks.pl\/bwb\/produkt\/deflex-420-spn\/\"><img width=\"100%\" height=\"auto\" src=\"https:\/\/ugwp.cfolks.pl\/bwb\/wp-content\/uploads\/DEFLEX-420SPN.jpg\"  alt=\"DEFLEX 420\/SPN\" decoding=\"async\" loading=\"lazy\"\/><\/p>\n<h2>DEFLEX 420\/SPN<\/h2>\n<p><\/a><\/div>\n<div class=\"col-lg-3\"><a href=\"https:\/\/ugwp.cfolks.pl\/bwb\/produkt\/deflex-420-sp\/\"><img width=\"100%\" height=\"auto\" src=\"https:\/\/ugwp.cfolks.pl\/bwb\/wp-content\/uploads\/DEFLEX-420SP.jpg\"  alt=\"DEFLEX 420\/SP\" decoding=\"async\" loading=\"lazy\"\/><\/p>\n<h2>DEFLEX 420\/SP<\/h2>\n<p><\/a><\/div>\n<div class=\"col-lg-3\"><a href=\"https:\/\/ugwp.cfolks.pl\/bwb\/produkt\/deflex-427-alrv-rs\/\"><img width=\"100%\" height=\"auto\" src=\"https:\/\/ugwp.cfolks.pl\/bwb\/wp-content\/uploads\/DEFLEX-427ALRV-%E2%80%93-RS.jpg\"  alt=\"DEFLEX 427\/ALRV \u2013 RS\" decoding=\"async\" loading=\"lazy\"\/><\/p>\n<h2>DEFLEX 427\/ALRV \u2013 RS<\/h2>\n<p><\/a><\/div>\n<div class=\"col-lg-3\"><a href=\"https:\/\/ugwp.cfolks.pl\/bwb\/produkt\/deflex-427-alrv\/\"><img width=\"100%\" height=\"auto\" src=\"https:\/\/ugwp.cfolks.pl\/bwb\/wp-content\/uploads\/DEFLEX-427ALRV.jpg\"  alt=\"DEFLEX 427\/ALRV\" decoding=\"async\" loading=\"lazy\"\/><\/p>\n<h2>DEFLEX 427\/ALRV<\/h2>\n<p><\/a><\/div>\n<div class=\"col-lg-3\"><a href=\"https:\/\/ugwp.cfolks.pl\/bwb\/produkt\/deflex-427-alr-rs\/\"><img width=\"100%\" height=\"auto\" src=\"https:\/\/ugwp.cfolks.pl\/bwb\/wp-content\/uploads\/DEFLEX-427ALR-%E2%80%93-RS.jpg\"  alt=\"DEFLEX 427\/ALR \u2013 RS\" decoding=\"async\" loading=\"lazy\"\/><\/p>\n<h2>DEFLEX 427\/ALR \u2013 RS<\/h2>\n<p><\/a><\/div>\n<div class=\"col-lg-3\"><a href=\"https:\/\/ugwp.cfolks.pl\/bwb\/produkt\/deflex-427-alr\/\"><img width=\"100%\" height=\"auto\" src=\"https:\/\/ugwp.cfolks.pl\/bwb\/wp-content\/uploads\/DEFLEX-427ALR.jpg\"  alt=\"DEFLEX 427\/ALR\" decoding=\"async\" loading=\"lazy\"\/><\/p>\n<h2>DEFLEX 427\/ALR<\/h2>\n<p><\/a><\/div>\n<div class=\"col-lg-3\"><a href=\"https:\/\/ugwp.cfolks.pl\/bwb\/produkt\/deflex-426-nalr-rs\/\"><img width=\"100%\" height=\"auto\" src=\"https:\/\/ugwp.cfolks.pl\/bwb\/wp-content\/uploads\/DEFLEX-426NALR-RS.jpg\"  alt=\"DEFLEX 426\/NALR \u2013 RS\" decoding=\"async\" loading=\"lazy\"\/><\/p>\n<h2>DEFLEX 426\/NALR \u2013 RS<\/h2>\n<p><\/a><\/div>\n<div class=\"col-lg-3\"><a href=\"https:\/\/ugwp.cfolks.pl\/bwb\/produkt\/deflex-426-nalr\/\"><img width=\"100%\" height=\"auto\" src=\"https:\/\/ugwp.cfolks.pl\/bwb\/wp-content\/uploads\/DEFLEX-426NALR.jpg\"  alt=\"DEFLEX 426\/NALR\" decoding=\"async\" loading=\"lazy\"\/><\/p>\n<h2>DEFLEX 426\/NALR<\/h2>\n<p><\/a><\/div>\n<div class=\"col-lg-3\"><a href=\"https:\/\/ugwp.cfolks.pl\/bwb\/produkt\/deflex-426-alrv-rs\/\"><img width=\"100%\" height=\"auto\" src=\"https:\/\/ugwp.cfolks.pl\/bwb\/wp-content\/uploads\/DEFLEX-426ALRV-%E2%80%93-RS.jpg\"  alt=\"DEFLEX 426\/ALRV \u2013 RS\" decoding=\"async\" loading=\"lazy\"\/><\/p>\n<h2>DEFLEX 426\/ALRV \u2013 RS<\/h2>\n<p><\/a><\/div>\n<div class=\"col-lg-3\"><a href=\"https:\/\/ugwp.cfolks.pl\/bwb\/produkt\/deflex-426-alrv\/\"><img width=\"100%\" height=\"auto\" src=\"https:\/\/ugwp.cfolks.pl\/bwb\/wp-content\/uploads\/DEFLEX-426ALRV.jpg\"  alt=\"DEFLEX 426\/ALRV\" decoding=\"async\" loading=\"lazy\"\/><\/p>\n<h2>DEFLEX 426\/ALRV<\/h2>\n<p><\/a><\/div>\n<div class=\"col-lg-3\"><a href=\"https:\/\/ugwp.cfolks.pl\/bwb\/produkt\/deflex-426-alr-rs\/\"><img width=\"100%\" height=\"auto\" src=\"https:\/\/ugwp.cfolks.pl\/bwb\/wp-content\/uploads\/DEFLEX-426ALR-%E2%80%93-RS.jpg\"  alt=\"DEFLEX 426\/ALR \u2013 RS\" decoding=\"async\" loading=\"lazy\"\/><\/p>\n<h2>DEFLEX 426\/ALR \u2013 RS<\/h2>\n<p><\/a><\/div>\n<div class=\"col-lg-3\"><a href=\"https:\/\/ugwp.cfolks.pl\/bwb\/produkt\/deflex-426-alr\/\"><img width=\"100%\" height=\"auto\" src=\"https:\/\/ugwp.cfolks.pl\/bwb\/wp-content\/uploads\/DEFLEX-426ALR.jpg\"  alt=\"DEFLEX 426\/ALR\" decoding=\"async\" loading=\"lazy\"\/><\/p>\n<h2>DEFLEX 426\/ALR<\/h2>\n<p><\/a><\/div>\n<div class=\"col-lg-3\"><a href=\"https:\/\/ugwp.cfolks.pl\/bwb\/produkt\/deflex-425-al\/\"><img width=\"100%\" height=\"auto\" src=\"https:\/\/ugwp.cfolks.pl\/bwb\/wp-content\/uploads\/DEFLEX-425AL.jpg\"  alt=\"DEFLEX 425\/AL\" decoding=\"async\" loading=\"lazy\"\/><\/p>\n<h2>DEFLEX 425\/AL<\/h2>\n<p><\/a><\/div>\n<div class=\"col-lg-3\"><a href=\"https:\/\/ugwp.cfolks.pl\/bwb\/produkt\/deflex-424-nalr\/\"><img width=\"100%\" height=\"auto\" src=\"https:\/\/ugwp.cfolks.pl\/bwb\/wp-content\/uploads\/DEFLEX-424NALR.jpg\"  alt=\"DEFLEX 424\/NALR\" decoding=\"async\" loading=\"lazy\"\/><\/p>\n<h2>DEFLEX 424\/NALR<\/h2>\n<p><\/a><\/div>\n<div class=\"col-lg-3\"><a href=\"https:\/\/ugwp.cfolks.pl\/bwb\/produkt\/deflex-423-nalr\/\"><img width=\"100%\" height=\"auto\" src=\"https:\/\/ugwp.cfolks.pl\/bwb\/wp-content\/uploads\/BLANK-640x471.jpg\"  alt=\"\" decoding=\"async\" loading=\"lazy\" srcset=\"https:\/\/ugwp.cfolks.pl\/bwb\/wp-content\/uploads\/BLANK-640x471.jpg 640w, https:\/\/ugwp.cfolks.pl\/bwb\/wp-content\/uploads\/BLANK-300x221.jpg 300w, https:\/\/ugwp.cfolks.pl\/bwb\/wp-content\/uploads\/BLANK.jpg 1024w, https:\/\/ugwp.cfolks.pl\/bwb\/wp-content\/uploads\/BLANK-150x110.jpg 150w, https:\/\/ugwp.cfolks.pl\/bwb\/wp-content\/uploads\/BLANK.jpg 768w, https:\/\/ugwp.cfolks.pl\/bwb\/wp-content\/uploads\/BLANK.jpg 1200w\" sizes=\"auto, (max-width: 640px) 100vw, 640px\" \/><\/p>\n<h2 >DEFLEX 423\/NALR<\/h2>\n<p><\/a><\/div>\n<div class=\"col-lg-3\"><a href=\"https:\/\/ugwp.cfolks.pl\/bwb\/produkt\/deflex-423-alr\/\"><img width=\"100%\" height=\"auto\" src=\"https:\/\/ugwp.cfolks.pl\/bwb\/wp-content\/uploads\/BLANK-640x471.jpg\"  alt=\"\" decoding=\"async\" loading=\"lazy\" srcset=\"https:\/\/ugwp.cfolks.pl\/bwb\/wp-content\/uploads\/BLANK-640x471.jpg 640w, https:\/\/ugwp.cfolks.pl\/bwb\/wp-content\/uploads\/BLANK-300x221.jpg 300w, https:\/\/ugwp.cfolks.pl\/bwb\/wp-content\/uploads\/BLANK.jpg 1024w, https:\/\/ugwp.cfolks.pl\/bwb\/wp-content\/uploads\/BLANK-150x110.jpg 150w, https:\/\/ugwp.cfolks.pl\/bwb\/wp-content\/uploads\/BLANK.jpg 768w, https:\/\/ugwp.cfolks.pl\/bwb\/wp-content\/uploads\/BLANK.jpg 1200w\" sizes=\"auto, (max-width: 640px) 100vw, 640px\" \/><\/p>\n<h2 >DEFLEX 423\/ALR<\/h2>\n<p><\/a><\/div>\n<div class=\"col-lg-3\"><a href=\"https:\/\/ugwp.cfolks.pl\/bwb\/produkt\/deflex-418-alr\/\"><img width=\"100%\" height=\"auto\" src=\"https:\/\/ugwp.cfolks.pl\/bwb\/wp-content\/uploads\/DEFLEX-418ALR.jpg\" alt=\"DEFLEX 418\/ALR\" decoding=\"async\" loading=\"lazy\"\/><\/p>\n<h2>DEFLEX 418\/ALR<\/h2>\n<p><\/a><\/div>\n<\/div>\n","protected":false},"excerpt":{"rendered":"<p>DEFLEX STF 60 DEFLEX 420\/SPN DEFLEX 420\/SP DEFLEX 427\/ALRV \u2013 RS DEFLEX 427\/ALRV DEFLEX 427\/ALR \u2013 RS DEFLEX 427\/ALR DEFLEX 426\/NALR \u2013 RS DEFLEX 426\/NALR DEFLEX 426\/ALRV \u2013 RS DEFLEX 426\/ALRV DEFLEX 426\/ALR \u2013 RS DEFLEX 426\/ALR DEFLEX 425\/AL DEFLEX 424\/NALR DEFLEX 423\/NALR DEFLEX 423\/ALR DEFLEX 418\/ALR<\/p>\n","protected":false},"author":1,"featured_media":0,"parent":3483,"menu_order":0,"comment_status":"closed","ping_status":"closed","template":"page-kategoria-produktow.php","meta":{"_acf_changed":false,"footnotes":""},"class_list":["post-4599","page","type-page","status-publish","hentry"],"acf":[],"yoast_head":"<!-- This site is optimized with the Yoast SEO plugin v27.3 - https:\/\/yoast.com\/product\/yoast-seo-wordpress\/ -->\n<title>Metalowa Elegancja Odkryj Profile Pod\u0142ogowe z Pe\u0142nego Metalu!<\/title>\n<meta name=\"description\" content=\"Odkryj niepowtarzalny design i wytrzyma\u0142o\u015b\u0107 z profilami pod\u0142ogowymi z pe\u0142nego metalu. Stworzone z my\u015bl\u0105 o nowoczesnych wn\u0119trzach!\" \/>\n<meta name=\"robots\" content=\"noindex, follow, max-snippet:-1, max-image-preview:large, max-video-preview:-1\" \/>\n<meta property=\"og:locale\" content=\"pl_PL\" \/>\n<meta property=\"og:type\" content=\"article\" \/>\n<meta property=\"og:title\" content=\"Metalowa Elegancja Odkryj Profile Pod\u0142ogowe z Pe\u0142nego Metalu!\" \/>\n<meta property=\"og:description\" content=\"Odkryj niepowtarzalny design i wytrzyma\u0142o\u015b\u0107 z profilami pod\u0142ogowymi z pe\u0142nego metalu. Stworzone z my\u015bl\u0105 o nowoczesnych wn\u0119trzach!\" \/>\n<meta property=\"og:url\" content=\"https:\/\/ugwp.cfolks.pl\/bwb\/profile-dylatacyjne\/profile-podlogowe-z-pelnego-metalu\/\" \/>\n<meta property=\"og:site_name\" content=\"BWB technology\" \/>\n<meta property=\"article:modified_time\" content=\"2024-09-13T16:23:16+00:00\" \/>\n<meta property=\"og:image\" content=\"https:\/\/ugwp.cfolks.pl\/bwb\/wp-content\/uploads\/DEFLEX-STF-60.jpg\" \/>\n<meta name=\"twitter:card\" content=\"summary_large_image\" \/>\n<meta name=\"twitter:label1\" content=\"Szacowany czas czytania\" \/>\n\t<meta name=\"twitter:data1\" content=\"4 minuty\" \/>\n<script type=\"application\/ld+json\" class=\"yoast-schema-graph\">{\"@context\":\"https:\\\/\\\/schema.org\",\"@graph\":[{\"@type\":\"WebPage\",\"@id\":\"https:\\\/\\\/ugwp.cfolks.pl\\\/bwb\\\/profile-dylatacyjne\\\/profile-podlogowe-z-pelnego-metalu\\\/\",\"url\":\"https:\\\/\\\/ugwp.cfolks.pl\\\/bwb\\\/profile-dylatacyjne\\\/profile-podlogowe-z-pelnego-metalu\\\/\",\"name\":\"Metalowa Elegancja Odkryj Profile Pod\u0142ogowe z Pe\u0142nego Metalu!\",\"isPartOf\":{\"@id\":\"https:\\\/\\\/ugwp.cfolks.pl\\\/bwb\\\/#website\"},\"primaryImageOfPage\":{\"@id\":\"https:\\\/\\\/ugwp.cfolks.pl\\\/bwb\\\/profile-dylatacyjne\\\/profile-podlogowe-z-pelnego-metalu\\\/#primaryimage\"},\"image\":{\"@id\":\"https:\\\/\\\/ugwp.cfolks.pl\\\/bwb\\\/profile-dylatacyjne\\\/profile-podlogowe-z-pelnego-metalu\\\/#primaryimage\"},\"thumbnailUrl\":\"https:\\\/\\\/ugwp.cfolks.pl\\\/bwb\\\/wp-content\\\/uploads\\\/DEFLEX-STF-60.jpg\",\"datePublished\":\"2023-11-12T05:01:44+00:00\",\"dateModified\":\"2024-09-13T16:23:16+00:00\",\"description\":\"Odkryj niepowtarzalny design i wytrzyma\u0142o\u015b\u0107 z profilami pod\u0142ogowymi z pe\u0142nego metalu. Stworzone z my\u015bl\u0105 o nowoczesnych wn\u0119trzach!\",\"breadcrumb\":{\"@id\":\"https:\\\/\\\/ugwp.cfolks.pl\\\/bwb\\\/profile-dylatacyjne\\\/profile-podlogowe-z-pelnego-metalu\\\/#breadcrumb\"},\"inLanguage\":\"pl-PL\",\"potentialAction\":[{\"@type\":\"ReadAction\",\"target\":[\"https:\\\/\\\/ugwp.cfolks.pl\\\/bwb\\\/profile-dylatacyjne\\\/profile-podlogowe-z-pelnego-metalu\\\/\"]}]},{\"@type\":\"ImageObject\",\"inLanguage\":\"pl-PL\",\"@id\":\"https:\\\/\\\/ugwp.cfolks.pl\\\/bwb\\\/profile-dylatacyjne\\\/profile-podlogowe-z-pelnego-metalu\\\/#primaryimage\",\"url\":\"https:\\\/\\\/ugwp.cfolks.pl\\\/bwb\\\/wp-content\\\/uploads\\\/DEFLEX-STF-60.jpg\",\"contentUrl\":\"https:\\\/\\\/ugwp.cfolks.pl\\\/bwb\\\/wp-content\\\/uploads\\\/DEFLEX-STF-60.jpg\",\"width\":1100,\"height\":810,\"caption\":\"Profil dylatacyjny DEFLEX STF 60\"},{\"@type\":\"BreadcrumbList\",\"@id\":\"https:\\\/\\\/ugwp.cfolks.pl\\\/bwb\\\/profile-dylatacyjne\\\/profile-podlogowe-z-pelnego-metalu\\\/#breadcrumb\",\"itemListElement\":[{\"@type\":\"ListItem\",\"position\":1,\"name\":\"Strona g\u0142\u00f3wna\",\"item\":\"https:\\\/\\\/ugwp.cfolks.pl\\\/bwb\\\/\"},{\"@type\":\"ListItem\",\"position\":2,\"name\":\"Profile Dylatacyjne\",\"item\":\"https:\\\/\\\/ugwp.cfolks.pl\\\/bwb\\\/profile-dylatacyjne\\\/\"},{\"@type\":\"ListItem\",\"position\":3,\"name\":\"Profile pod\u0142ogowe z pe\u0142nego metalu\"}]},{\"@type\":\"WebSite\",\"@id\":\"https:\\\/\\\/ugwp.cfolks.pl\\\/bwb\\\/#website\",\"url\":\"https:\\\/\\\/ugwp.cfolks.pl\\\/bwb\\\/\",\"name\":\"BWB technology\",\"description\":\"Kolejna witryna oparta na WordPressie\",\"potentialAction\":[{\"@type\":\"SearchAction\",\"target\":{\"@type\":\"EntryPoint\",\"urlTemplate\":\"https:\\\/\\\/ugwp.cfolks.pl\\\/bwb\\\/?s={search_term_string}\"},\"query-input\":{\"@type\":\"PropertyValueSpecification\",\"valueRequired\":true,\"valueName\":\"search_term_string\"}}],\"inLanguage\":\"pl-PL\"}]}<\/script>\n<!-- \/ Yoast SEO plugin. -->","yoast_head_json":{"title":"Metalowa Elegancja Odkryj Profile Pod\u0142ogowe z Pe\u0142nego Metalu!","description":"Odkryj niepowtarzalny design i wytrzyma\u0142o\u015b\u0107 z profilami pod\u0142ogowymi z pe\u0142nego metalu. Stworzone z my\u015bl\u0105 o nowoczesnych wn\u0119trzach!","robots":{"index":"noindex","follow":"follow","max-snippet":"max-snippet:-1","max-image-preview":"max-image-preview:large","max-video-preview":"max-video-preview:-1"},"og_locale":"pl_PL","og_type":"article","og_title":"Metalowa Elegancja Odkryj Profile Pod\u0142ogowe z Pe\u0142nego Metalu!","og_description":"Odkryj niepowtarzalny design i wytrzyma\u0142o\u015b\u0107 z profilami pod\u0142ogowymi z pe\u0142nego metalu. Stworzone z my\u015bl\u0105 o nowoczesnych wn\u0119trzach!","og_url":"https:\/\/ugwp.cfolks.pl\/bwb\/profile-dylatacyjne\/profile-podlogowe-z-pelnego-metalu\/","og_site_name":"BWB technology","article_modified_time":"2024-09-13T16:23:16+00:00","og_image":[{"url":"https:\/\/ugwp.cfolks.pl\/bwb\/wp-content\/uploads\/DEFLEX-STF-60.jpg","type":"","width":"","height":""}],"twitter_card":"summary_large_image","twitter_misc":{"Szacowany czas czytania":"4 minuty"},"schema":{"@context":"https:\/\/schema.org","@graph":[{"@type":"WebPage","@id":"https:\/\/ugwp.cfolks.pl\/bwb\/profile-dylatacyjne\/profile-podlogowe-z-pelnego-metalu\/","url":"https:\/\/ugwp.cfolks.pl\/bwb\/profile-dylatacyjne\/profile-podlogowe-z-pelnego-metalu\/","name":"Metalowa Elegancja Odkryj Profile Pod\u0142ogowe z Pe\u0142nego Metalu!","isPartOf":{"@id":"https:\/\/ugwp.cfolks.pl\/bwb\/#website"},"primaryImageOfPage":{"@id":"https:\/\/ugwp.cfolks.pl\/bwb\/profile-dylatacyjne\/profile-podlogowe-z-pelnego-metalu\/#primaryimage"},"image":{"@id":"https:\/\/ugwp.cfolks.pl\/bwb\/profile-dylatacyjne\/profile-podlogowe-z-pelnego-metalu\/#primaryimage"},"thumbnailUrl":"https:\/\/ugwp.cfolks.pl\/bwb\/wp-content\/uploads\/DEFLEX-STF-60.jpg","datePublished":"2023-11-12T05:01:44+00:00","dateModified":"2024-09-13T16:23:16+00:00","description":"Odkryj niepowtarzalny design i wytrzyma\u0142o\u015b\u0107 z profilami pod\u0142ogowymi z pe\u0142nego metalu. Stworzone z my\u015bl\u0105 o nowoczesnych wn\u0119trzach!","breadcrumb":{"@id":"https:\/\/ugwp.cfolks.pl\/bwb\/profile-dylatacyjne\/profile-podlogowe-z-pelnego-metalu\/#breadcrumb"},"inLanguage":"pl-PL","potentialAction":[{"@type":"ReadAction","target":["https:\/\/ugwp.cfolks.pl\/bwb\/profile-dylatacyjne\/profile-podlogowe-z-pelnego-metalu\/"]}]},{"@type":"ImageObject","inLanguage":"pl-PL","@id":"https:\/\/ugwp.cfolks.pl\/bwb\/profile-dylatacyjne\/profile-podlogowe-z-pelnego-metalu\/#primaryimage","url":"https:\/\/ugwp.cfolks.pl\/bwb\/wp-content\/uploads\/DEFLEX-STF-60.jpg","contentUrl":"https:\/\/ugwp.cfolks.pl\/bwb\/wp-content\/uploads\/DEFLEX-STF-60.jpg","width":1100,"height":810,"caption":"Profil dylatacyjny DEFLEX STF 60"},{"@type":"BreadcrumbList","@id":"https:\/\/ugwp.cfolks.pl\/bwb\/profile-dylatacyjne\/profile-podlogowe-z-pelnego-metalu\/#breadcrumb","itemListElement":[{"@type":"ListItem","position":1,"name":"Strona g\u0142\u00f3wna","item":"https:\/\/ugwp.cfolks.pl\/bwb\/"},{"@type":"ListItem","position":2,"name":"Profile Dylatacyjne","item":"https:\/\/ugwp.cfolks.pl\/bwb\/profile-dylatacyjne\/"},{"@type":"ListItem","position":3,"name":"Profile pod\u0142ogowe z pe\u0142nego metalu"}]},{"@type":"WebSite","@id":"https:\/\/ugwp.cfolks.pl\/bwb\/#website","url":"https:\/\/ugwp.cfolks.pl\/bwb\/","name":"BWB technology","description":"Kolejna witryna oparta na WordPressie","potentialAction":[{"@type":"SearchAction","target":{"@type":"EntryPoint","urlTemplate":"https:\/\/ugwp.cfolks.pl\/bwb\/?s={search_term_string}"},"query-input":{"@type":"PropertyValueSpecification","valueRequired":true,"valueName":"search_term_string"}}],"inLanguage":"pl-PL"}]}},"_links":{"self":[{"href":"https:\/\/ugwp.cfolks.pl\/bwb\/wp-json\/wp\/v2\/pages\/4599","targetHints":{"allow":["GET"]}}],"collection":[{"href":"https:\/\/ugwp.cfolks.pl\/bwb\/wp-json\/wp\/v2\/pages"}],"about":[{"href":"https:\/\/ugwp.cfolks.pl\/bwb\/wp-json\/wp\/v2\/types\/page"}],"author":[{"embeddable":true,"href":"https:\/\/ugwp.cfolks.pl\/bwb\/wp-json\/wp\/v2\/users\/1"}],"replies":[{"embeddable":true,"href":"https:\/\/ugwp.cfolks.pl\/bwb\/wp-json\/wp\/v2\/comments?post=4599"}],"version-history":[{"count":19,"href":"https:\/\/ugwp.cfolks.pl\/bwb\/wp-json\/wp\/v2\/pages\/4599\/revisions"}],"predecessor-version":[{"id":6631,"href":"https:\/\/ugwp.cfolks.pl\/bwb\/wp-json\/wp\/v2\/pages\/4599\/revisions\/6631"}],"up":[{"embeddable":true,"href":"https:\/\/ugwp.cfolks.pl\/bwb\/wp-json\/wp\/v2\/pages\/3483"}],"wp:attachment":[{"href":"https:\/\/ugwp.cfolks.pl\/bwb\/wp-json\/wp\/v2\/media?parent=4599"}],"curies":[{"name":"wp","href":"https:\/\/api.w.org\/{rel}","templated":true}]}}