{"id":3479,"date":"2023-02-26T20:45:07","date_gmt":"2023-02-26T19:45:07","guid":{"rendered":"https:\/\/ugwp.cfolks.pl\/bwb\/?page_id=3479"},"modified":"2024-08-30T14:14:21","modified_gmt":"2024-08-30T12:14:21","slug":"lozyska-mostowe","status":"publish","type":"page","link":"https:\/\/ugwp.cfolks.pl\/bwb\/lozyska-mostowe\/","title":{"rendered":"\u0141o\u017cyska mostowe"},"content":{"rendered":"<div class=\"col-12\"><a href=\"https:\/\/ugwp.cfolks.pl\/bwb\/kontakt\/\"><\/p>\n<h2>\u0141o\u017cyska elastomerowe<\/h2>\n<p><\/a><\/div>\n<div class=\"col-12 col-lg-6\"><a href=\"https:\/\/ugwp.cfolks.pl\/bwb\/kontakt\/\"><img decoding=\"async\" src=\"https:\/\/ugwp.cfolks.pl\/bwb\/wp-content\/uploads\/3-1.jpg\" alt=\"\u0141o\u017cyska elastomerowe\" width=\"100%\" height=\"auto\" \/><\/a><\/div>\n<div class=\"col-12 col-lg-6\">\n<p class=\"wstep\">\u0141o\u017cyska elastomerowe zbrojone produkowane s\u0105 zgodnie z norm\u0105 EN-1337-3. Wytwarzane s\u0105 ze specjalnej mieszanki kauczuku chloroprenowego a w procesie wulkanizacji wyposa\u017cone s\u0105 w blachy zbrojeniowe ze stali, kt\u00f3re odpowiadaj\u0105 za w\u0142a\u015bciw\u0105 sztywno\u015b\u0107 \u0142o\u017cyska.<\/p>\n<p>\u0141o\u017cyska elastomerowe zbrojone wyst\u0119puj\u0105 w kilu typach: Typ B(1), Typ B\/C (1\/2), Typ C (2), Typ C (5).\n<\/p>\n<p>\n\u0141o\u017cyska z mieszanki elastomerowej z CR (kauczuk chloroprenowy) cechuj\u0105 si\u0119 du\u017co lepszymi parametrami w stosunku do \u0142o\u017cysk z kauczuku naturalnego, s\u0105 ci\u0119\u017cko zapalne, a po zapaleniu samoistnie gasn\u0105.\n<\/p>\n<p>\n\u0141o\u017cyska elastomerowe zbrojone wyr\u00f3\u017cniaj\u0105 si\u0119 d\u0142ug\u0105 \u017cywotno\u015bci\u0105 i dowolno\u015bci\u0105 konstrukcji.\n<\/p>\n<p>\nOferta firmy Gumba obejmuje \u0142o\u017cyska dla obci\u0105\u017ce\u0144 od 0,10 do 12,00 MN w formatach od 100&#215;100 (\u00d8200) do 900&#215;900 (\u00d8900) mm.<\/p>\n<p><a class=\"zobacz-wiecej\" href=\"https:\/\/ugwp.cfolks.pl\/bwb\/kontakt\/\"><i class=\"fa-sharp fa-solid fa-angle-right\"><\/i> SKONTAKTUJ SI\u0118<\/a>\n<\/div>\n<div class=\"col-12\"><a href=\"https:\/\/ugwp.cfolks.pl\/bwb\/kontakt\/\"><\/p>\n<h2>\u0141o\u017cyska elastomerowe z p\u0142ytkami kotwi\u0105cymi<\/h2>\n<p><\/a><\/div>\n<div class=\"col-12 col-lg-6\">\n<p class=\"wstep\">Konstrukcje podtrzymuj\u0105ce s\u0105 komponentami stalowymi otaczaj\u0105cymi zbrojone \u0142o\u017cyska elastomerowe. S\u0142u\u017c\u0105 one do przenoszenia si\u0142 horyzontalnych pomi\u0119dzy cz\u0119\u015bci\u0105 przejazdow\u0105 mostu a konstrukcj\u0105 doln\u0105 mostu.<\/p>\n<p>Konstrukcje podtrzymuj\u0105ce sk\u0142adaj\u0105 si\u0119 z p\u0142yt stalowych i podp\u00f3r k\u0105towych i mog\u0105- w zale\u017cno\u015bci od rodzaju konstrukcji podtrzymuj\u0105cych- przejmowa\u0107 si\u0142y pod\u0142u\u017cne, poprzeczne oraz przesuwy.\n<\/p>\n<p>\nCech\u0105 charakterystyczn\u0105 konstrukcji podtrzymuj\u0105cych produkowanych przez firm\u0119 Gumba jest wysoka jako\u015b\u0107 ochrony antykorozyjnej wykonywanej zgodnie z EN 1337-9, kt\u00f3ra sk\u0142ada si\u0119 z 3 warstw: cynkowanie natryskowe (100 \u00b5m), warstwa po\u015brednia EP (80 \u00b5m), warstwa wierzchnia PUR (80 \u00b5m).<\/p>\n<p><a class=\"zobacz-wiecej\" href=\"https:\/\/ugwp.cfolks.pl\/bwb\/kontakt\/\"><i class=\"fa-sharp fa-solid fa-angle-right\"><\/i> SKONTAKTUJ SI\u0118<\/a><\/div>\n<div class=\"col-12 col-lg-6\"><a href=\"https:\/\/ugwp.cfolks.pl\/bwb\/kontakt\/\"><img decoding=\"async\" src=\"https:\/\/ugwp.cfolks.pl\/bwb\/wp-content\/uploads\/3-2.jpg\" alt=\"\u0141o\u017cyska elastomerowe z p\u0142ytkami kotwi\u0105cymi\" width=\"100%\" height=\"auto\" \/><\/a><\/div>\n<div class=\"col-12\"><a href=\"https:\/\/ugwp.cfolks.pl\/bwb\/kontakt\/\"><\/p>\n<h2>\u0141o\u017cyska elastomerowe \u015blizgowe<\/h2>\n<\/div>\n<div class=\"col-12 col-lg-6\"><a href=\"https:\/\/ugwp.cfolks.pl\/bwb\/kontakt\/\"><img decoding=\"async\" src=\"https:\/\/ugwp.cfolks.pl\/bwb\/wp-content\/uploads\/3-3.jpg\" alt=\"\u0141o\u017cyska elastomerowe \u015blizgowe\" width=\"100%\" height=\"auto\" \/><\/a><\/div>\n<div class=\"col-12 col-lg-6\">\n<p class=\"wstep\">\u0141o\u017cyska elastomerowo-\u015blizgowe Gumba rozszerzaj\u0105 mo\u017cliwo\u015bci \u0142o\u017cysk elastomerowych pod wzgl\u0119dem przejmowania przesuw\u00f3w horyzontalnych.<\/p>\n<p>\u0141o\u017cyska elastomerowo-\u015blizgowe sk\u0142adaj\u0105 si\u0119 ze zbrojonego \u0142o\u017cyska elastomerowego, urz\u0105dzenia \u015blizgowego i -je\u015bli zachodzi taka potrzeba- z konstrukcji do przenoszenia si\u0142 horyzontalnych.\n<\/p>\n<p>\nProdukcja tego typu \u0142o\u017cysk wymaga posiadania certyfikatu zgodno\u015bci EG, wydawanego przez notyfikowan\u0105 jednostk\u0119 badawcz\u0105, nadzorcz\u0105 oraz certyfikuj\u0105c\u0105. Firma Gumba posiada Certyfikat zgodno\u015bci EG o nr 0672-BPR-001.1.<\/p>\n<p><a class=\"zobacz-wiecej\" href=\"https:\/\/ugwp.cfolks.pl\/bwb\/kontakt\/\"><i class=\"fa-sharp fa-solid fa-angle-right\"><\/i>SKONTAKTUJ SI\u0118<\/a>\n<\/div>\n<div class=\"col-12\"><a href=\"https:\/\/ugwp.cfolks.pl\/bwb\/kontakt\/\"><\/p>\n<h2>\u0141o\u017cyska garnkowe<\/h2>\n<\/div>\n<div class=\"col-12 col-lg-6\">\n<p class=\"wstep\">\u0141o\u017cyska garnkowe Gumba obliczane i produkowane s\u0105 wed\u0142ug normy EN 1337-5 i oznaczone odpowiednim znakiem CE.<\/p>\n<p>Dzi\u0119ki kombinacji niezbrojonego elastomeru (kauczuk naturalny) w formie stalowej zamkni\u0119tej ze wszystkich stron (garnku), mo\u017cliwe jest przenoszenie wysokich si\u0142 wertykalnych na relatywnie ma\u0142ej powierzchni.\n<\/p>\n<p>\nCech\u0105 charakterystyczna \u0142o\u017cysk garnkowych Gumba jest trzystopniowy system uszczelniaj\u0105cy, kt\u00f3ry zapobiega dostawaniu si\u0119 kurzu i wilgoci oraz wydostaniu si\u0119 elastomeru pod wp\u0142ywem nacisku.\n<\/p>\n<p>\n\u0141o\u017cyska garnkowe Gumba, ze wzgl\u0119du na konstrukcje garnka, wyst\u0119puj\u0105 w kilku typach (wielokierunkowo \u015blizgowe, poprzecznie sta\u0142e, sta\u0142e), a je\u015bli chodzi o obci\u0105\u017cenia produkowane s\u0105 dla si\u0142 pionowych od 1000 do 20 000 kN.<\/p>\n<p><a class=\"zobacz-wiecej\" href=\"https:\/\/ugwp.cfolks.pl\/bwb\/kontakt\/\"><i class=\"fa-sharp fa-solid fa-angle-right\"><\/i>SKONTAKTUJ SI\u0118<\/a><\/div>\n<div class=\"col-12 col-lg-6\"><a href=\"https:\/\/ugwp.cfolks.pl\/bwb\/kontakt\/\"><img decoding=\"async\" src=\"https:\/\/ugwp.cfolks.pl\/bwb\/wp-content\/uploads\/3-4.jpg\" alt=\"\u0141o\u017cyska garnkowe\" width=\"100%\" height=\"auto\" \/><\/div>\n<div class=\"col-12\"><a href=\"https:\/\/ugwp.cfolks.pl\/bwb\/kontakt\/\"><\/p>\n<h2>\u0141o\u017cyska soczewkowe<\/h2>\n<\/div>\n<div class=\"col-12 col-lg-6\"><a href=\"https:\/\/ugwp.cfolks.pl\/bwb\/kontakt\/\"><img decoding=\"async\" src=\"https:\/\/ugwp.cfolks.pl\/bwb\/wp-content\/uploads\/3-5.jpg\" alt=\"\u0141o\u017cyska soczewkowe\" width=\"100%\" height=\"auto\" \/><\/a><\/div>\n<div class=\"col-12 col-lg-6\">\n<p class=\"wstep\">Ten rodzaj \u0142o\u017cysk wyr\u00f3\u017cnia si\u0119 relatywnie kompaktow\u0105 budow\u0105 oraz tym, \u017ce pod ci\u0119\u017carem nie wyst\u0119puje praktycznie \u017caden ruch w kierunku wertykalnym.<\/p>\n<p>\u0141o\u017cyska soczewkowe sk\u0142adaj\u0105 si\u0119 ze stalowego, chromowanego na twardo przekroju kuli, soczewki, kalotowego gniazda soczewki z wyoblan\u0105 cz\u0119\u015bci\u0105 kaloty oraz z urz\u0105dzenia \u015blizgowego po p\u0142askiej stronie.\n<\/p>\n<p>\n\u0141o\u017cyska soczewkowe Gumba obliczane i produkowane s\u0105 zgodnie z EN 1337-7 i s\u0105 znakowane odpowiednim znakiem CE.\n<\/p>\n<p>\nZe wzgl\u0119du na konstrukcje rozr\u00f3\u017cniamy \u0142o\u017cyska wielokierunkowo przesuwne KGa, jednokierunkowo przesuwne KGe oraz \u0142o\u017cyska sta\u0142e Kf, a je\u015bli chodzi o obci\u0105\u017cenia mo\u017cemy Pa\u0144stwu zaproponowa\u0107 rozwi\u0105zania dla si\u0142 pionowych od 1000 do 20 000 kN.<\/p>\n<p><a class=\"zobacz-wiecej\" href=\"https:\/\/ugwp.cfolks.pl\/bwb\/kontakt\/\"><i class=\"fa-sharp fa-solid fa-angle-right\"><\/i>SKONTAKTUJ SI\u0118<\/a>\n<\/div>\n<div class=\"col-12\">\n<h2>Dylatacje mostowe<\/h2>\n<\/div>\n<div class=\"col-12 col-lg-6\">\n<p class=\"wstep\">Blokowe dylatacje mostowe Gumba BJ oraz BJR przeznaczone s\u0105 do przejmowania ruch\u00f3w w osi pod\u0142u\u017cnej obiektu budowlanego od 50 do 165 mm na mostach, drogach oraz w nadziemnym budownictwie l\u0105dowym.<\/p>\n<p>Dylatacja Gumba BJ posiad profil \u015bcieralny, ryflowan\u0105 p\u0142yt\u0119 aluminiow\u0105, kt\u00f3ra chroni elastomer przed \u015bcieraniem na skutek ruch\u00f3w pojazd\u00f3w. Wbudowane profile stalowe podwy\u017cszaj\u0105 wytrzyma\u0142o\u015b\u0107 dylatacji.\n<\/p>\n<p>\nDylatacja Gumba BJR w odr\u00f3\u017cnieniu od typu BJ posiada na g\u00f3rnej powierzchni profilowan\u0105 warstw\u0119 elastomerow\u0105. Pod warstw\u0105 elastomeru wwulkanizowane s\u0105 blachy stalowe do zbrojenia elastomeru.<\/p>\n<p><a class=\"zobacz-wiecej\" href=\"https:\/\/ugwp.cfolks.pl\/bwb\/kontakt\/\"><i class=\"fa-sharp fa-solid fa-angle-right\"><\/i>SKONTAKTUJ SI\u0118<\/a><\/div>\n<div class=\"col-12 col-lg-6\"><a href=\"https:\/\/ugwp.cfolks.pl\/bwb\/kontakt\/\"><img decoding=\"async\" src=\"https:\/\/ugwp.cfolks.pl\/bwb\/wp-content\/uploads\/3-6.jpg\" alt=\"Dylatacje mostowe\" width=\"100%\" height=\"auto\" \/><\/div>\n<div class=\"col-12\">\n<h2>\u0141o\u017cyska prowadz\u0105ce oraz \u0142o\u017cyska na si\u0142y horyzontalne<\/h2>\n<\/div>\n<div class=\"col-12 col-lg-6\"><a href=\"https:\/\/ugwp.cfolks.pl\/bwb\/kontakt\/\"><img decoding=\"async\" src=\"https:\/\/ugwp.cfolks.pl\/bwb\/wp-content\/uploads\/3-7.jpg\" alt=\"\u0141o\u017cyska prowadz\u0105ce oraz \u0142o\u017cyska na si\u0142y horyzontalne\" width=\"100%\" height=\"auto\" \/><\/a><\/div>\n<div class=\"col-12 col-lg-6\">\n<p class=\"wstep\">Dzi\u0119ki konstrukcjom podtrzymuj\u0105cym mog\u0105 by\u0107 przenoszone z\u0142o\u017cone obci\u0105\u017cenia i si\u0142y horyzontalne.<br \/>\nW przypadku wyst\u0119powania du\u017cych si\u0142 horyzontalnych, cz\u0119sto korzystne jest przenoszenie si\u0142 horyzontalnych przez \u0142o\u017cyska na si\u0142y horyzontalne i \u0142o\u017cyska prowadz\u0105ce do cz\u0119\u015bci dolnej mostu.<\/p>\n<p>\u0141o\u017cyska na si\u0142y horyzontalne przenosz\u0105 si\u0142y pod\u0142u\u017cne oraz poprzeczne. \u0141o\u017cyska prowadz\u0105ce pozwalaj\u0105, opr\u00f3cz przenoszenia obci\u0105\u017ce\u0144 horyzontalnych w jednej osi, na przesuwy horyzontalne w drugiej osi.\n<\/p>\n<p>\nWa\u017cn\u0105 zalet\u0105 jest to, \u017ce \u0142o\u017cyska na si\u0142y horyzontalne tak\u017ce w przypadku zmiany \u0142o\u017cysk, przejmuj\u0105 si\u0142y horyzontalne i tym samym nie s\u0105 konieczne dodatkowe prace na obiekcie budowlanym.\n<\/p>\n<p>\n\u0141o\u017cyska prowadz\u0105ce oraz \u0142o\u017cyska na si\u0142y horyzontalne produkowane s\u0105 zgodnie z EN 1337-8.<\/p>\n<p><a class=\"zobacz-wiecej\" href=\"https:\/\/ugwp.cfolks.pl\/bwb\/kontakt\/\"><i class=\"fa-sharp fa-solid fa-angle-right\"><\/i>SKONTAKTUJ SI\u0118<\/a>\n<\/div>\n<div class=\"col-12\">\n<h2>\u0141o\u017cyska specjalne i konstrukcje specjalne<\/h2>\n<\/div>\n<div class=\"col-12 col-lg-6\">\n<p class=\"wstep\">Paleta produkt\u00f3w firmy Gumba, poza standardowymi typami \u0142o\u017cysk odkszta\u0142calnych, garnkowych oraz soczewkowych, obejmuje r\u00f3wnie\u017c skomplikowane modernizacje \u0142o\u017cysk oraz konstrukcje specjalne.<\/p>\n<p>Regulowane \u0142o\u017cyska odkszta\u0142ceniowe Gumba poszerzaj\u0105 granice funkcjonowania \u0142o\u017cysk elastomerowych pod wzgl\u0119dem przejmowania jednorazowych lub rzadko wyst\u0119puj\u0105cych du\u017cych przesuw\u00f3w horyzontalnych.\n<\/p>\n<p>\nInnym rodzajem \u0142o\u017cysk specjalnych s\u0105 \u0142o\u017cyska na si\u0142y odrywaj\u0105ce i si\u0142y nacisku, kt\u00f3re stosowane s\u0105 w celu znoszenia si\u0142 odrywaj\u0105cych. Stosuj\u0119 si\u0119 je w przypadku wyst\u0119powania ci\u0105g\u0142ych obci\u0105\u017ce\u0144 wywo\u0142anych wy\u017cej wymienionymi si\u0142ami.\n<\/p>\n<p>\n\u0141o\u017cyska wahad\u0142owe to kolejny przyk\u0142ad konstrukcji specjalnej \u0142o\u017cysk, kt\u00f3re efektywnie i trwale mog\u0105 redukowa\u0107 wahania np. spowodowane przez maszyny, \u0142o\u017cyskowania nieckowatych platform pod torowiskami itd.<\/p>\n<p><a class=\"zobacz-wiecej\" href=\"https:\/\/ugwp.cfolks.pl\/bwb\/kontakt\/\"><i class=\"fa-sharp fa-solid fa-angle-right\"><\/i>SKONTAKTUJ SI\u0118<\/a><\/div>\n<div class=\"col-12 col-lg-6\"><a href=\"https:\/\/ugwp.cfolks.pl\/bwb\/kontakt\/\"><img decoding=\"async\" src=\"https:\/\/ugwp.cfolks.pl\/bwb\/wp-content\/uploads\/3-8.jpg\" alt=\"\u0141o\u017cyska specjalne i konstrukcje specjalne\" width=\"100%\" height=\"auto\" \/><\/div>\n","protected":false},"excerpt":{"rendered":"<p>\u0141o\u017cyska elastomerowe \u0141o\u017cyska elastomerowe zbrojone produkowane s\u0105 zgodnie z norm\u0105 EN-1337-3. Wytwarzane s\u0105 ze specjalnej mieszanki kauczuku chloroprenowego a w procesie wulkanizacji wyposa\u017cone s\u0105 w blachy zbrojeniowe ze stali, kt\u00f3re odpowiadaj\u0105 za w\u0142a\u015bciw\u0105 sztywno\u015b\u0107 \u0142o\u017cyska. \u0141o\u017cyska elastomerowe zbrojone wyst\u0119puj\u0105 w kilu typach: Typ B(1), Typ B\/C (1\/2), Typ C (2), Typ C (5). \u0141o\u017cyska z [&hellip;]<\/p>\n","protected":false},"author":1,"featured_media":0,"parent":0,"menu_order":0,"comment_status":"closed","ping_status":"closed","template":"page-kategoria.php","meta":{"_acf_changed":false,"footnotes":""},"class_list":["post-3479","page","type-page","status-publish","hentry"],"acf":[],"yoast_head":"<!-- This site is optimized with the Yoast SEO plugin v27.3 - https:\/\/yoast.com\/product\/yoast-seo-wordpress\/ -->\n<title>\u0141o\u017cyska i Dylatacje Mostowe Innowacyjne Produkty BWB Technology<\/title>\n<meta name=\"description\" content=\"\u0141o\u017cyska Mostowe Elastomerowe z P\u0142ytkami Kotwi\u0105cymi \u015alizgowe Garnkowe Soczewkowe Prowadz\u0105ce Na Si\u0142y Horyzontalne Konstrukcje Specjalne Dylatacje Mostowe\" \/>\n<meta name=\"robots\" content=\"noindex, follow, max-snippet:-1, max-image-preview:large, max-video-preview:-1\" \/>\n<meta property=\"og:locale\" content=\"pl_PL\" \/>\n<meta property=\"og:type\" content=\"article\" \/>\n<meta property=\"og:title\" content=\"\u0141o\u017cyska i Dylatacje Mostowe Innowacyjne Produkty BWB Technology\" \/>\n<meta property=\"og:description\" content=\"\u0141o\u017cyska Mostowe Elastomerowe z P\u0142ytkami Kotwi\u0105cymi \u015alizgowe Garnkowe Soczewkowe Prowadz\u0105ce Na Si\u0142y Horyzontalne Konstrukcje Specjalne Dylatacje Mostowe\" \/>\n<meta property=\"og:url\" content=\"https:\/\/ugwp.cfolks.pl\/bwb\/lozyska-mostowe\/\" \/>\n<meta property=\"og:site_name\" content=\"BWB technology\" \/>\n<meta property=\"article:modified_time\" content=\"2024-08-30T12:14:21+00:00\" \/>\n<meta property=\"og:image\" content=\"https:\/\/ugwp.cfolks.pl\/bwb\/wp-content\/uploads\/3-1.jpg\" \/>\n<meta name=\"twitter:card\" content=\"summary_large_image\" \/>\n<meta name=\"twitter:label1\" content=\"Szacowany czas czytania\" \/>\n\t<meta name=\"twitter:data1\" content=\"7 minut\" \/>\n<script type=\"application\/ld+json\" class=\"yoast-schema-graph\">{\"@context\":\"https:\\\/\\\/schema.org\",\"@graph\":[{\"@type\":\"WebPage\",\"@id\":\"https:\\\/\\\/ugwp.cfolks.pl\\\/bwb\\\/lozyska-mostowe\\\/\",\"url\":\"https:\\\/\\\/ugwp.cfolks.pl\\\/bwb\\\/lozyska-mostowe\\\/\",\"name\":\"\u0141o\u017cyska i Dylatacje Mostowe Innowacyjne Produkty BWB Technology\",\"isPartOf\":{\"@id\":\"https:\\\/\\\/ugwp.cfolks.pl\\\/bwb\\\/#website\"},\"primaryImageOfPage\":{\"@id\":\"https:\\\/\\\/ugwp.cfolks.pl\\\/bwb\\\/lozyska-mostowe\\\/#primaryimage\"},\"image\":{\"@id\":\"https:\\\/\\\/ugwp.cfolks.pl\\\/bwb\\\/lozyska-mostowe\\\/#primaryimage\"},\"thumbnailUrl\":\"https:\\\/\\\/ugwp.cfolks.pl\\\/bwb\\\/wp-content\\\/uploads\\\/3-1.jpg\",\"datePublished\":\"2023-02-26T19:45:07+00:00\",\"dateModified\":\"2024-08-30T12:14:21+00:00\",\"description\":\"\u0141o\u017cyska Mostowe Elastomerowe z P\u0142ytkami Kotwi\u0105cymi \u015alizgowe Garnkowe Soczewkowe Prowadz\u0105ce Na Si\u0142y Horyzontalne Konstrukcje Specjalne Dylatacje Mostowe\",\"breadcrumb\":{\"@id\":\"https:\\\/\\\/ugwp.cfolks.pl\\\/bwb\\\/lozyska-mostowe\\\/#breadcrumb\"},\"inLanguage\":\"pl-PL\",\"potentialAction\":[{\"@type\":\"ReadAction\",\"target\":[\"https:\\\/\\\/ugwp.cfolks.pl\\\/bwb\\\/lozyska-mostowe\\\/\"]}]},{\"@type\":\"ImageObject\",\"inLanguage\":\"pl-PL\",\"@id\":\"https:\\\/\\\/ugwp.cfolks.pl\\\/bwb\\\/lozyska-mostowe\\\/#primaryimage\",\"url\":\"https:\\\/\\\/ugwp.cfolks.pl\\\/bwb\\\/wp-content\\\/uploads\\\/3-1.jpg\",\"contentUrl\":\"https:\\\/\\\/ugwp.cfolks.pl\\\/bwb\\\/wp-content\\\/uploads\\\/3-1.jpg\",\"width\":1100,\"height\":600},{\"@type\":\"BreadcrumbList\",\"@id\":\"https:\\\/\\\/ugwp.cfolks.pl\\\/bwb\\\/lozyska-mostowe\\\/#breadcrumb\",\"itemListElement\":[{\"@type\":\"ListItem\",\"position\":1,\"name\":\"Strona g\u0142\u00f3wna\",\"item\":\"https:\\\/\\\/ugwp.cfolks.pl\\\/bwb\\\/\"},{\"@type\":\"ListItem\",\"position\":2,\"name\":\"\u0141o\u017cyska mostowe\"}]},{\"@type\":\"WebSite\",\"@id\":\"https:\\\/\\\/ugwp.cfolks.pl\\\/bwb\\\/#website\",\"url\":\"https:\\\/\\\/ugwp.cfolks.pl\\\/bwb\\\/\",\"name\":\"BWB technology\",\"description\":\"Kolejna witryna oparta na WordPressie\",\"potentialAction\":[{\"@type\":\"SearchAction\",\"target\":{\"@type\":\"EntryPoint\",\"urlTemplate\":\"https:\\\/\\\/ugwp.cfolks.pl\\\/bwb\\\/?s={search_term_string}\"},\"query-input\":{\"@type\":\"PropertyValueSpecification\",\"valueRequired\":true,\"valueName\":\"search_term_string\"}}],\"inLanguage\":\"pl-PL\"}]}<\/script>\n<!-- \/ Yoast SEO plugin. -->","yoast_head_json":{"title":"\u0141o\u017cyska i Dylatacje Mostowe Innowacyjne Produkty BWB Technology","description":"\u0141o\u017cyska Mostowe Elastomerowe z P\u0142ytkami Kotwi\u0105cymi \u015alizgowe Garnkowe Soczewkowe Prowadz\u0105ce Na Si\u0142y Horyzontalne Konstrukcje Specjalne Dylatacje Mostowe","robots":{"index":"noindex","follow":"follow","max-snippet":"max-snippet:-1","max-image-preview":"max-image-preview:large","max-video-preview":"max-video-preview:-1"},"og_locale":"pl_PL","og_type":"article","og_title":"\u0141o\u017cyska i Dylatacje Mostowe Innowacyjne Produkty BWB Technology","og_description":"\u0141o\u017cyska Mostowe Elastomerowe z P\u0142ytkami Kotwi\u0105cymi \u015alizgowe Garnkowe Soczewkowe Prowadz\u0105ce Na Si\u0142y Horyzontalne Konstrukcje Specjalne Dylatacje Mostowe","og_url":"https:\/\/ugwp.cfolks.pl\/bwb\/lozyska-mostowe\/","og_site_name":"BWB technology","article_modified_time":"2024-08-30T12:14:21+00:00","og_image":[{"url":"https:\/\/ugwp.cfolks.pl\/bwb\/wp-content\/uploads\/3-1.jpg","type":"","width":"","height":""}],"twitter_card":"summary_large_image","twitter_misc":{"Szacowany czas czytania":"7 minut"},"schema":{"@context":"https:\/\/schema.org","@graph":[{"@type":"WebPage","@id":"https:\/\/ugwp.cfolks.pl\/bwb\/lozyska-mostowe\/","url":"https:\/\/ugwp.cfolks.pl\/bwb\/lozyska-mostowe\/","name":"\u0141o\u017cyska i Dylatacje Mostowe Innowacyjne Produkty BWB Technology","isPartOf":{"@id":"https:\/\/ugwp.cfolks.pl\/bwb\/#website"},"primaryImageOfPage":{"@id":"https:\/\/ugwp.cfolks.pl\/bwb\/lozyska-mostowe\/#primaryimage"},"image":{"@id":"https:\/\/ugwp.cfolks.pl\/bwb\/lozyska-mostowe\/#primaryimage"},"thumbnailUrl":"https:\/\/ugwp.cfolks.pl\/bwb\/wp-content\/uploads\/3-1.jpg","datePublished":"2023-02-26T19:45:07+00:00","dateModified":"2024-08-30T12:14:21+00:00","description":"\u0141o\u017cyska Mostowe Elastomerowe z P\u0142ytkami Kotwi\u0105cymi \u015alizgowe Garnkowe Soczewkowe Prowadz\u0105ce Na Si\u0142y Horyzontalne Konstrukcje Specjalne Dylatacje Mostowe","breadcrumb":{"@id":"https:\/\/ugwp.cfolks.pl\/bwb\/lozyska-mostowe\/#breadcrumb"},"inLanguage":"pl-PL","potentialAction":[{"@type":"ReadAction","target":["https:\/\/ugwp.cfolks.pl\/bwb\/lozyska-mostowe\/"]}]},{"@type":"ImageObject","inLanguage":"pl-PL","@id":"https:\/\/ugwp.cfolks.pl\/bwb\/lozyska-mostowe\/#primaryimage","url":"https:\/\/ugwp.cfolks.pl\/bwb\/wp-content\/uploads\/3-1.jpg","contentUrl":"https:\/\/ugwp.cfolks.pl\/bwb\/wp-content\/uploads\/3-1.jpg","width":1100,"height":600},{"@type":"BreadcrumbList","@id":"https:\/\/ugwp.cfolks.pl\/bwb\/lozyska-mostowe\/#breadcrumb","itemListElement":[{"@type":"ListItem","position":1,"name":"Strona g\u0142\u00f3wna","item":"https:\/\/ugwp.cfolks.pl\/bwb\/"},{"@type":"ListItem","position":2,"name":"\u0141o\u017cyska mostowe"}]},{"@type":"WebSite","@id":"https:\/\/ugwp.cfolks.pl\/bwb\/#website","url":"https:\/\/ugwp.cfolks.pl\/bwb\/","name":"BWB technology","description":"Kolejna witryna oparta na WordPressie","potentialAction":[{"@type":"SearchAction","target":{"@type":"EntryPoint","urlTemplate":"https:\/\/ugwp.cfolks.pl\/bwb\/?s={search_term_string}"},"query-input":{"@type":"PropertyValueSpecification","valueRequired":true,"valueName":"search_term_string"}}],"inLanguage":"pl-PL"}]}},"_links":{"self":[{"href":"https:\/\/ugwp.cfolks.pl\/bwb\/wp-json\/wp\/v2\/pages\/3479","targetHints":{"allow":["GET"]}}],"collection":[{"href":"https:\/\/ugwp.cfolks.pl\/bwb\/wp-json\/wp\/v2\/pages"}],"about":[{"href":"https:\/\/ugwp.cfolks.pl\/bwb\/wp-json\/wp\/v2\/types\/page"}],"author":[{"embeddable":true,"href":"https:\/\/ugwp.cfolks.pl\/bwb\/wp-json\/wp\/v2\/users\/1"}],"replies":[{"embeddable":true,"href":"https:\/\/ugwp.cfolks.pl\/bwb\/wp-json\/wp\/v2\/comments?post=3479"}],"version-history":[{"count":20,"href":"https:\/\/ugwp.cfolks.pl\/bwb\/wp-json\/wp\/v2\/pages\/3479\/revisions"}],"predecessor-version":[{"id":6399,"href":"https:\/\/ugwp.cfolks.pl\/bwb\/wp-json\/wp\/v2\/pages\/3479\/revisions\/6399"}],"wp:attachment":[{"href":"https:\/\/ugwp.cfolks.pl\/bwb\/wp-json\/wp\/v2\/media?parent=3479"}],"curies":[{"name":"wp","href":"https:\/\/api.w.org\/{rel}","templated":true}]}}