{"id":3475,"date":"2023-02-26T20:44:32","date_gmt":"2023-02-26T19:44:32","guid":{"rendered":"https:\/\/ugwp.cfolks.pl\/bwb\/?page_id=3475"},"modified":"2024-08-30T14:54:12","modified_gmt":"2024-08-30T12:54:12","slug":"materialy-peczniejace","status":"publish","type":"page","link":"https:\/\/ugwp.cfolks.pl\/bwb\/materialy-peczniejace\/","title":{"rendered":"Materia\u0142y p\u0119czniej\u0105ce"},"content":{"rendered":"<div class=\"col-12\"><a href=\"https:\/\/ugwp.cfolks.pl\/bwb\/kontakt\/\"><\/p>\n<h2>Ta\u015bmy p\u0119czniej\u0105ce &#8211; BENTOSIL<\/h2>\n<p><\/a><\/div>\n<div class=\"col-12 col-lg-6\"><a href=\"https:\/\/ugwp.cfolks.pl\/bwb\/kontakt\/\"><img decoding=\"async\" src=\"https:\/\/ugwp.cfolks.pl\/bwb\/wp-content\/uploads\/5-1.jpg\" alt=\"Ta\u015bmy p\u0119czniej\u0105ce - BENTOSIL\" width=\"100%\" height=\"auto\" \/><\/a><\/div>\n<div class=\"col-12 col-lg-6\">\n<p class=\"wstep\">BENTOSIL to kauczukowo-bentonitowa p\u0119czniej\u0105ca ta\u015bma uszczelniaj\u0105ca, zabezpieczaj\u0105ca przerwy technologiczne w betonowaniu przed penetruj\u0105c\u0105 wod\u0105.<\/p>\n<p>Ta\u015bma w kontakcie z wod\u0105 zwi\u0119ksza swoj\u0105 obj\u0119to\u015b\u0107, a wype\u0142niaj\u0105c drobne rysy i pory betonu tworzy aktywn\u0105 barier\u0119 wodoszczeln\u0105. BENTOSIL mo\u017ce stanowi\u0107 samodzielny system uszczelnie\u0144 konstrukcji lub by\u0107 jednym z jego element\u00f3w. Zabezpieczaj\u0105c przerwy technologiczne w betonowaniu, zauwa\u017calnie zwi\u0119ksza skuteczno\u015b\u0107 ca\u0142ej hydroizolacji obiektu.\n<\/p>\n<p>\nW wielu miejscach doskonale zast\u0119puje lub uzupe\u0142nia systemy uszczelniaj\u0105ce sk\u0142adaj\u0105ce si\u0119 np. z ta\u015bm uszczelniaj\u0105cych z PVC\/elastomeru czy w\u0119\u017cy iniekcyjnych.<\/p>\n<p>\nWodoszczelno\u015b\u0107 (brak przecieku przy ci\u015bnieniu) min. 0,2 MPa<\/p>\n<p>\nCi\u015bnienie p\u0119cznienia \u2265 540 +\/- 10% kPa<\/p>\n<p><a class=\"zobacz-wiecej\" href=\"https:\/\/ugwp.cfolks.pl\/bwb\/kontakt\/\"><i class=\"fa-sharp fa-solid fa-angle-right\"><\/i>SKONTAKTUJ SI\u0118<\/a>\n<\/div>\n<div class=\"col-12\"><a href=\"https:\/\/ugwp.cfolks.pl\/bwb\/kontakt\/\"><\/p>\n<h2>Ta\u015bmy i sznury p\u0119czniej\u0105ce &#8211; SWELLSIL<\/h2>\n<p><\/a><\/div>\n<div class=\"col-12 col-lg-6\">\n<p class=\"wstep\">SWELLSIL to p\u0119czniej\u0105ca ta\u015bma uszczelniaj\u0105ca, zabezpieczaj\u0105ca przerwy technologiczne w betonowaniu, wykonana z termoplastycznego elastomeru o w\u0142a\u015bciwo\u015bciach hydrofilowych.<\/p>\n<p>Ta\u015bma w kontakcie z wod\u0105 zwi\u0119ksza swoj\u0105 obj\u0119to\u015b\u0107, a wype\u0142niaj\u0105c drobne rysy i pory betonu, tworzy aktywn\u0105 barier\u0119 wodoszczeln\u0105. Proces p\u0119cznienia i kurczenia ta\u015bm jest odwracalny (bez zmian w\u0142a\u015bciwo\u015bci mechanicznych i stanu skupienia, nie \u017celuje, nie rozp\u0142ywa si\u0119), co umo\u017cliwia stosowanie ta\u015bmy do uszczelniania konstrukcji znajduj\u0105cych si\u0119 pod ci\u0105g\u0142ym lub okresowo wyst\u0119puj\u0105cym ci\u015bnieniem hydrostatycznym.\n<\/p>\n<p>\nTa\u015bmy SWELLSIL przeznaczone s\u0105 do stosowania z betonem konstrukcyjnym o wytrzyma\u0142o\u015bci na \u015bciskanie wynosz\u0105cej przynajmniej 20 N\/mm\u00b2.<\/p>\n<p><a class=\"zobacz-wiecej\" href=\"https:\/\/ugwp.cfolks.pl\/bwb\/kontakt\/\"><i class=\"fa-sharp fa-solid fa-angle-right\"><\/i> SKONTAKTUJ SI\u0118<\/a><\/div>\n<div class=\"col-12 col-lg-6\"><a href=\"https:\/\/ugwp.cfolks.pl\/bwb\/kontakt\/\"><img decoding=\"async\" src=\"https:\/\/ugwp.cfolks.pl\/bwb\/wp-content\/uploads\/5-2.jpg\" alt=\"Ta\u015bmy i sznury p\u0119czniej\u0105ce - SWELLSIL\" width=\"100%\" height=\"auto\" \/><\/a><\/div>\n<div class=\"col-12\"><a href=\"https:\/\/ugwp.cfolks.pl\/bwb\/kontakt\/\"><\/p>\n<h2>Korki p\u0119czniej\u0105ce &#8211; SWELLSIL<\/h2>\n<p><\/a><\/div>\n<div class=\"col-12 col-lg-6\"><a href=\"https:\/\/ugwp.cfolks.pl\/bwb\/kontakt\/\"><img decoding=\"async\" src=\"https:\/\/ugwp.cfolks.pl\/bwb\/wp-content\/uploads\/5-3.jpg\" alt=\"Korki p\u0119czniej\u0105ce - SWELLSIL\" width=\"100%\" height=\"auto\" \/><\/a><\/div>\n<div class=\"col-12 col-lg-6\">\n<p class=\"wstep\">Korki SWELLSIL wykonane s\u0105 z termoplastycznego elastomeru o w\u0142a\u015bciwo\u015bciach hydrofilowych. W kontakcie z wilgoci\u0105 p\u0119czniej\u0105, tworz\u0105c aktywn\u0105 barier\u0119 wodoszczeln\u0105, zauwa\u017calnie zwi\u0119kszaj\u0105c skuteczno\u015b\u0107 ca\u0142ej hydroizolacji obiektu.<\/p>\n<p>Korki SWELLSIL s\u0105 stosowane do uszczelniania plastikowych, betonowych i w\u0142\u00f3kno-betonowych os\u0142on \u015bci\u0105g\u00f3w (rozp\u00f3r) szalunkowych. Po umieszczeniu wewn\u0105trz rurki, w kontakcie z wod\u0105, korek znacznie wi\u0119ksza swoj\u0105 obj\u0119to\u015b\u0107, uszczelniaj\u0105c po\u0142\u0105czenie.\n<\/p>\n<p>\nProces p\u0119cznienia i kurczenia kork\u00f3w SWELLSIL jest odwracalny, co umo\u017cliwia ich stosowanie do uszczelnia konstrukcji znajduj\u0105cych si\u0119 pod ci\u0105g\u0142ym lub okresowo wyst\u0119puj\u0105cym ci\u015bnieniem hydrostatycznym.<\/p>\n<p><a class=\"zobacz-wiecej\" href=\"https:\/\/ugwp.cfolks.pl\/bwb\/kontakt\/\"><i class=\"fa-sharp fa-solid fa-angle-right\"><\/i>SKONTAKTUJ SI\u0118<\/a>\n<\/div>\n<div class=\"col-12\"><a href=\"https:\/\/ugwp.cfolks.pl\/bwb\/kontakt\/\"><\/p>\n<h2>Sznury uszczelniaj\u0105ce &#8211; SILBUT-UNI<\/h2>\n<p><\/a><\/div>\n<div class=\"col-12 col-lg-6\">\n<p class=\"wstep\">SILBUT-UNI to plastyczny sznur uszczelniaj\u0105cy do po\u0142\u0105cze\u0144, zar\u00f3wno w konstrukcjach betonowych jak i metalowych, drewnianych, kamiennych oraz z tworzyw sztucznych, przed penetracj\u0105 wody i \u015bciek\u00f3w.<\/p>\n<p>Dzi\u0119ki bardzo silnej adhezji materia\u0142 ten ma doskona\u0142\u0105 przyczepno\u015b\u0107 do szerokiej gamy materia\u0142\u00f3w, zachowuj\u0105c przy tym swoje w\u0142a\u015bciwo\u015bci. G\u0142\u00f3wnymi sk\u0142adnikami sznur\u00f3w SILBUT-UNI jest mieszanina kauczuk\u00f3w butylowych, nape\u0142niaczy i substancji uszlachetniaj\u0105cych, dzi\u0119ki kt\u00f3rym produkt ten jest plastyczny, a wykonane uszczelnienia s\u0105 natychmiastowe i trwa\u0142e.\n<\/p>\n<p>\nDzi\u0119ki odporno\u015bci na \u015bcieki komunalne, rozcie\u0144czone kwasy i \u0142ugi, doskonale sprawdza si\u0119 r\u00f3wnie\u017c do po\u0142\u0105cze\u0144 wewn\u0119trznych i zewn\u0119trznych instalacji sanitarnych.\n<\/p>\n<p>\nSILBUT-UNI przeszed\u0142 pomy\u015blnie testy uszczelnienia po\u0142\u0105cze\u0144 element\u00f3w przy odkszta\u0142ceniu ok. 80% i ci\u015bnieniu wody do 3,0 bar (sznur o wymiarach 20x20mm).<\/p>\n<p><a class=\"zobacz-wiecej\" href=\"https:\/\/ugwp.cfolks.pl\/bwb\/kontakt\/\"><i class=\"fa-sharp fa-solid fa-angle-right\"><\/i> SKONTAKTUJ SI\u0118<\/a><\/div>\n<div class=\"col-12 col-lg-6\"><a href=\"https:\/\/ugwp.cfolks.pl\/bwb\/kontakt\/\"><img decoding=\"async\" src=\"https:\/\/ugwp.cfolks.pl\/bwb\/wp-content\/uploads\/5-4.jpg\" alt=\"Sznury uszczelniaj\u0105ce - SILBUT-UNI\" width=\"100%\" height=\"auto\" \/><\/a><\/div>\n","protected":false},"excerpt":{"rendered":"<p>Ta\u015bmy p\u0119czniej\u0105ce &#8211; BENTOSIL BENTOSIL to kauczukowo-bentonitowa p\u0119czniej\u0105ca ta\u015bma uszczelniaj\u0105ca, zabezpieczaj\u0105ca przerwy technologiczne w betonowaniu przed penetruj\u0105c\u0105 wod\u0105. Ta\u015bma w kontakcie z wod\u0105 zwi\u0119ksza swoj\u0105 obj\u0119to\u015b\u0107, a wype\u0142niaj\u0105c drobne rysy i pory betonu tworzy aktywn\u0105 barier\u0119 wodoszczeln\u0105. BENTOSIL mo\u017ce stanowi\u0107 samodzielny system uszczelnie\u0144 konstrukcji lub by\u0107 jednym z jego element\u00f3w. Zabezpieczaj\u0105c przerwy technologiczne w betonowaniu, [&hellip;]<\/p>\n","protected":false},"author":1,"featured_media":0,"parent":0,"menu_order":0,"comment_status":"closed","ping_status":"closed","template":"page-kategoria.php","meta":{"_acf_changed":false,"footnotes":""},"class_list":["post-3475","page","type-page","status-publish","hentry"],"acf":[],"yoast_head":"<!-- This site is optimized with the Yoast SEO plugin v27.3 - https:\/\/yoast.com\/product\/yoast-seo-wordpress\/ -->\n<title>Uszczelniaj\u0105ce Materia\u0142y P\u0119czniej\u0105ce Innowacyjne Produkty<\/title>\n<meta name=\"description\" content=\"Materia\u0142y P\u0119czniej\u0105ce Zabezpieczaj\u0105ce Uszczelniaj\u0105ce Ta\u015bmy Kauczukowo Betonitowe Bentosil z Elastomeru Swellsil Korki Sznury Uszczelniaj\u0105ce Silibut-Uni\" \/>\n<meta name=\"robots\" content=\"noindex, follow, max-snippet:-1, max-image-preview:large, max-video-preview:-1\" \/>\n<meta property=\"og:locale\" content=\"pl_PL\" \/>\n<meta property=\"og:type\" content=\"article\" \/>\n<meta property=\"og:title\" content=\"Uszczelniaj\u0105ce Materia\u0142y P\u0119czniej\u0105ce Innowacyjne Produkty\" \/>\n<meta property=\"og:description\" content=\"Materia\u0142y P\u0119czniej\u0105ce Zabezpieczaj\u0105ce Uszczelniaj\u0105ce Ta\u015bmy Kauczukowo Betonitowe Bentosil z Elastomeru Swellsil Korki Sznury Uszczelniaj\u0105ce Silibut-Uni\" \/>\n<meta property=\"og:url\" content=\"https:\/\/ugwp.cfolks.pl\/bwb\/materialy-peczniejace\/\" \/>\n<meta property=\"og:site_name\" content=\"BWB technology\" \/>\n<meta property=\"article:modified_time\" content=\"2024-08-30T12:54:12+00:00\" \/>\n<meta property=\"og:image\" content=\"https:\/\/ugwp.cfolks.pl\/bwb\/wp-content\/uploads\/5-1.jpg\" \/>\n<meta name=\"twitter:card\" content=\"summary_large_image\" \/>\n<meta name=\"twitter:label1\" content=\"Szacowany czas czytania\" \/>\n\t<meta name=\"twitter:data1\" content=\"4 minuty\" \/>\n<script type=\"application\/ld+json\" class=\"yoast-schema-graph\">{\"@context\":\"https:\\\/\\\/schema.org\",\"@graph\":[{\"@type\":\"WebPage\",\"@id\":\"https:\\\/\\\/ugwp.cfolks.pl\\\/bwb\\\/materialy-peczniejace\\\/\",\"url\":\"https:\\\/\\\/ugwp.cfolks.pl\\\/bwb\\\/materialy-peczniejace\\\/\",\"name\":\"Uszczelniaj\u0105ce Materia\u0142y P\u0119czniej\u0105ce Innowacyjne Produkty\",\"isPartOf\":{\"@id\":\"https:\\\/\\\/ugwp.cfolks.pl\\\/bwb\\\/#website\"},\"primaryImageOfPage\":{\"@id\":\"https:\\\/\\\/ugwp.cfolks.pl\\\/bwb\\\/materialy-peczniejace\\\/#primaryimage\"},\"image\":{\"@id\":\"https:\\\/\\\/ugwp.cfolks.pl\\\/bwb\\\/materialy-peczniejace\\\/#primaryimage\"},\"thumbnailUrl\":\"https:\\\/\\\/ugwp.cfolks.pl\\\/bwb\\\/wp-content\\\/uploads\\\/5-1.jpg\",\"datePublished\":\"2023-02-26T19:44:32+00:00\",\"dateModified\":\"2024-08-30T12:54:12+00:00\",\"description\":\"Materia\u0142y P\u0119czniej\u0105ce Zabezpieczaj\u0105ce Uszczelniaj\u0105ce Ta\u015bmy Kauczukowo Betonitowe Bentosil z Elastomeru Swellsil Korki Sznury Uszczelniaj\u0105ce Silibut-Uni\",\"breadcrumb\":{\"@id\":\"https:\\\/\\\/ugwp.cfolks.pl\\\/bwb\\\/materialy-peczniejace\\\/#breadcrumb\"},\"inLanguage\":\"pl-PL\",\"potentialAction\":[{\"@type\":\"ReadAction\",\"target\":[\"https:\\\/\\\/ugwp.cfolks.pl\\\/bwb\\\/materialy-peczniejace\\\/\"]}]},{\"@type\":\"ImageObject\",\"inLanguage\":\"pl-PL\",\"@id\":\"https:\\\/\\\/ugwp.cfolks.pl\\\/bwb\\\/materialy-peczniejace\\\/#primaryimage\",\"url\":\"https:\\\/\\\/ugwp.cfolks.pl\\\/bwb\\\/wp-content\\\/uploads\\\/5-1.jpg\",\"contentUrl\":\"https:\\\/\\\/ugwp.cfolks.pl\\\/bwb\\\/wp-content\\\/uploads\\\/5-1.jpg\",\"width\":1100,\"height\":600},{\"@type\":\"BreadcrumbList\",\"@id\":\"https:\\\/\\\/ugwp.cfolks.pl\\\/bwb\\\/materialy-peczniejace\\\/#breadcrumb\",\"itemListElement\":[{\"@type\":\"ListItem\",\"position\":1,\"name\":\"Strona g\u0142\u00f3wna\",\"item\":\"https:\\\/\\\/ugwp.cfolks.pl\\\/bwb\\\/\"},{\"@type\":\"ListItem\",\"position\":2,\"name\":\"Materia\u0142y p\u0119czniej\u0105ce\"}]},{\"@type\":\"WebSite\",\"@id\":\"https:\\\/\\\/ugwp.cfolks.pl\\\/bwb\\\/#website\",\"url\":\"https:\\\/\\\/ugwp.cfolks.pl\\\/bwb\\\/\",\"name\":\"BWB technology\",\"description\":\"Kolejna witryna oparta na WordPressie\",\"potentialAction\":[{\"@type\":\"SearchAction\",\"target\":{\"@type\":\"EntryPoint\",\"urlTemplate\":\"https:\\\/\\\/ugwp.cfolks.pl\\\/bwb\\\/?s={search_term_string}\"},\"query-input\":{\"@type\":\"PropertyValueSpecification\",\"valueRequired\":true,\"valueName\":\"search_term_string\"}}],\"inLanguage\":\"pl-PL\"}]}<\/script>\n<!-- \/ Yoast SEO plugin. -->","yoast_head_json":{"title":"Uszczelniaj\u0105ce Materia\u0142y P\u0119czniej\u0105ce Innowacyjne Produkty","description":"Materia\u0142y P\u0119czniej\u0105ce Zabezpieczaj\u0105ce Uszczelniaj\u0105ce Ta\u015bmy Kauczukowo Betonitowe Bentosil z Elastomeru Swellsil Korki Sznury Uszczelniaj\u0105ce Silibut-Uni","robots":{"index":"noindex","follow":"follow","max-snippet":"max-snippet:-1","max-image-preview":"max-image-preview:large","max-video-preview":"max-video-preview:-1"},"og_locale":"pl_PL","og_type":"article","og_title":"Uszczelniaj\u0105ce Materia\u0142y P\u0119czniej\u0105ce Innowacyjne Produkty","og_description":"Materia\u0142y P\u0119czniej\u0105ce Zabezpieczaj\u0105ce Uszczelniaj\u0105ce Ta\u015bmy Kauczukowo Betonitowe Bentosil z Elastomeru Swellsil Korki Sznury Uszczelniaj\u0105ce Silibut-Uni","og_url":"https:\/\/ugwp.cfolks.pl\/bwb\/materialy-peczniejace\/","og_site_name":"BWB technology","article_modified_time":"2024-08-30T12:54:12+00:00","og_image":[{"url":"https:\/\/ugwp.cfolks.pl\/bwb\/wp-content\/uploads\/5-1.jpg","type":"","width":"","height":""}],"twitter_card":"summary_large_image","twitter_misc":{"Szacowany czas czytania":"4 minuty"},"schema":{"@context":"https:\/\/schema.org","@graph":[{"@type":"WebPage","@id":"https:\/\/ugwp.cfolks.pl\/bwb\/materialy-peczniejace\/","url":"https:\/\/ugwp.cfolks.pl\/bwb\/materialy-peczniejace\/","name":"Uszczelniaj\u0105ce Materia\u0142y P\u0119czniej\u0105ce Innowacyjne Produkty","isPartOf":{"@id":"https:\/\/ugwp.cfolks.pl\/bwb\/#website"},"primaryImageOfPage":{"@id":"https:\/\/ugwp.cfolks.pl\/bwb\/materialy-peczniejace\/#primaryimage"},"image":{"@id":"https:\/\/ugwp.cfolks.pl\/bwb\/materialy-peczniejace\/#primaryimage"},"thumbnailUrl":"https:\/\/ugwp.cfolks.pl\/bwb\/wp-content\/uploads\/5-1.jpg","datePublished":"2023-02-26T19:44:32+00:00","dateModified":"2024-08-30T12:54:12+00:00","description":"Materia\u0142y P\u0119czniej\u0105ce Zabezpieczaj\u0105ce Uszczelniaj\u0105ce Ta\u015bmy Kauczukowo Betonitowe Bentosil z Elastomeru Swellsil Korki Sznury Uszczelniaj\u0105ce Silibut-Uni","breadcrumb":{"@id":"https:\/\/ugwp.cfolks.pl\/bwb\/materialy-peczniejace\/#breadcrumb"},"inLanguage":"pl-PL","potentialAction":[{"@type":"ReadAction","target":["https:\/\/ugwp.cfolks.pl\/bwb\/materialy-peczniejace\/"]}]},{"@type":"ImageObject","inLanguage":"pl-PL","@id":"https:\/\/ugwp.cfolks.pl\/bwb\/materialy-peczniejace\/#primaryimage","url":"https:\/\/ugwp.cfolks.pl\/bwb\/wp-content\/uploads\/5-1.jpg","contentUrl":"https:\/\/ugwp.cfolks.pl\/bwb\/wp-content\/uploads\/5-1.jpg","width":1100,"height":600},{"@type":"BreadcrumbList","@id":"https:\/\/ugwp.cfolks.pl\/bwb\/materialy-peczniejace\/#breadcrumb","itemListElement":[{"@type":"ListItem","position":1,"name":"Strona g\u0142\u00f3wna","item":"https:\/\/ugwp.cfolks.pl\/bwb\/"},{"@type":"ListItem","position":2,"name":"Materia\u0142y p\u0119czniej\u0105ce"}]},{"@type":"WebSite","@id":"https:\/\/ugwp.cfolks.pl\/bwb\/#website","url":"https:\/\/ugwp.cfolks.pl\/bwb\/","name":"BWB technology","description":"Kolejna witryna oparta na WordPressie","potentialAction":[{"@type":"SearchAction","target":{"@type":"EntryPoint","urlTemplate":"https:\/\/ugwp.cfolks.pl\/bwb\/?s={search_term_string}"},"query-input":{"@type":"PropertyValueSpecification","valueRequired":true,"valueName":"search_term_string"}}],"inLanguage":"pl-PL"}]}},"_links":{"self":[{"href":"https:\/\/ugwp.cfolks.pl\/bwb\/wp-json\/wp\/v2\/pages\/3475","targetHints":{"allow":["GET"]}}],"collection":[{"href":"https:\/\/ugwp.cfolks.pl\/bwb\/wp-json\/wp\/v2\/pages"}],"about":[{"href":"https:\/\/ugwp.cfolks.pl\/bwb\/wp-json\/wp\/v2\/types\/page"}],"author":[{"embeddable":true,"href":"https:\/\/ugwp.cfolks.pl\/bwb\/wp-json\/wp\/v2\/users\/1"}],"replies":[{"embeddable":true,"href":"https:\/\/ugwp.cfolks.pl\/bwb\/wp-json\/wp\/v2\/comments?post=3475"}],"version-history":[{"count":11,"href":"https:\/\/ugwp.cfolks.pl\/bwb\/wp-json\/wp\/v2\/pages\/3475\/revisions"}],"predecessor-version":[{"id":6427,"href":"https:\/\/ugwp.cfolks.pl\/bwb\/wp-json\/wp\/v2\/pages\/3475\/revisions\/6427"}],"wp:attachment":[{"href":"https:\/\/ugwp.cfolks.pl\/bwb\/wp-json\/wp\/v2\/media?parent=3475"}],"curies":[{"name":"wp","href":"https:\/\/api.w.org\/{rel}","templated":true}]}}