{"id":3416,"date":"2023-02-21T20:20:44","date_gmt":"2023-02-21T19:20:44","guid":{"rendered":"https:\/\/ugwp.cfolks.pl\/bwb\/?page_id=3416"},"modified":"2023-03-05T23:08:45","modified_gmt":"2023-03-05T22:08:45","slug":"zbrojenie-odginane-dwurzedowe-niestandardowe","status":"publish","type":"page","link":"https:\/\/ugwp.cfolks.pl\/bwb\/systemy-zbrojenia-betonu\/zbrojenie-odginane-dwurzedowe-niestandardowe\/","title":{"rendered":"Zbrojenie odginane dwurz\u0119dowe niestandardowe"},"content":{"rendered":"<div class=\"row kategoria-produktow\">\n<div class=\"col-lg-3\"><a href=\"https:\/\/ugwp.cfolks.pl\/bwb\/produkt\/zbrojenie-odginane-dwurzedowe-typ-aa1-bwt\/\" ><img width=\"100%\" height=\"auto\" src=\"https:\/\/ugwp.cfolks.pl\/bwb\/wp-content\/uploads\/Zbrojenie-odginane-dwurzedowe-Typ-AA1-BWT-640x471.jpg\"  alt=\"Zbrojenie odginane dwurz\u0119dowe Typ AA1 - BWT\" decoding=\"async\" loading=\"lazy\" srcset=\"https:\/\/ugwp.cfolks.pl\/bwb\/wp-content\/uploads\/Zbrojenie-odginane-dwurzedowe-Typ-AA1-BWT-640x471.jpg 640w, https:\/\/ugwp.cfolks.pl\/bwb\/wp-content\/uploads\/Zbrojenie-odginane-dwurzedowe-Typ-AA1-BWT-300x221.jpg 300w, https:\/\/ugwp.cfolks.pl\/bwb\/wp-content\/uploads\/Zbrojenie-odginane-dwurzedowe-Typ-AA1-BWT-1024x754.jpg 1024w, https:\/\/ugwp.cfolks.pl\/bwb\/wp-content\/uploads\/Zbrojenie-odginane-dwurzedowe-Typ-AA1-BWT-150x110.jpg 150w, https:\/\/ugwp.cfolks.pl\/bwb\/wp-content\/uploads\/Zbrojenie-odginane-dwurzedowe-Typ-AA1-BWT-768x566.jpg 768w, https:\/\/ugwp.cfolks.pl\/bwb\/wp-content\/uploads\/Zbrojenie-odginane-dwurzedowe-Typ-AA1-BWT.jpg 1100w\" sizes=\"auto, (max-width: 640px) 100vw, 640px\" \/><\/p>\n<h2>Zbrojenie odginane dwurz\u0119dowe Typ AA1 &#8211; BWT<\/h2>\n<p><\/a><\/div>\n<div class=\"col-lg-3\"><a href=\"https:\/\/ugwp.cfolks.pl\/bwb\/produkt\/zbrojenie-odginane-dwurzedowe-typ-aa-bwt\/\" ><img width=\"100%\" height=\"auto\" src=\"https:\/\/ugwp.cfolks.pl\/bwb\/wp-content\/uploads\/Zbrojenie-odginane-dwurzedowe-Typ-AA-\u2013-BWT-640x471.jpg\"  alt=\"Zbrojenie odginane dwurz\u0119dowe Typ AA \u2013 BWT\" decoding=\"async\" loading=\"lazy\" srcset=\"https:\/\/ugwp.cfolks.pl\/bwb\/wp-content\/uploads\/Zbrojenie-odginane-dwurzedowe-Typ-AA-\u2013-BWT-640x471.jpg 640w, https:\/\/ugwp.cfolks.pl\/bwb\/wp-content\/uploads\/Zbrojenie-odginane-dwurzedowe-Typ-AA-\u2013-BWT-300x221.jpg 300w, https:\/\/ugwp.cfolks.pl\/bwb\/wp-content\/uploads\/Zbrojenie-odginane-dwurzedowe-Typ-AA-\u2013-BWT-1024x754.jpg 1024w, https:\/\/ugwp.cfolks.pl\/bwb\/wp-content\/uploads\/Zbrojenie-odginane-dwurzedowe-Typ-AA-\u2013-BWT-150x110.jpg 150w, https:\/\/ugwp.cfolks.pl\/bwb\/wp-content\/uploads\/Zbrojenie-odginane-dwurzedowe-Typ-AA-\u2013-BWT-768x566.jpg 768w, https:\/\/ugwp.cfolks.pl\/bwb\/wp-content\/uploads\/Zbrojenie-odginane-dwurzedowe-Typ-AA-\u2013-BWT.jpg 1100w\" sizes=\"auto, (max-width: 640px) 100vw, 640px\" \/><\/p>\n<h2>Zbrojenie odginane dwurz\u0119dowe Typ AA \u2013 BWT<\/h2>\n<p><\/a><\/div>\n<div class=\"col-lg-3\"><a href=\"https:\/\/ugwp.cfolks.pl\/bwb\/produkt\/zbrojenie-odginane-dwurzedowe-typ-ad-bwt\/\" ><img width=\"100%\" height=\"auto\" src=\"https:\/\/ugwp.cfolks.pl\/bwb\/wp-content\/uploads\/Zbrojenie-odginane-dwurzedowe-Typ-AD-\u2013-BWT-640x471.jpg\"  alt=\"Zbrojenie odginane dwurz\u0119dowe Typ AD \u2013 BWT\" decoding=\"async\" loading=\"lazy\" srcset=\"https:\/\/ugwp.cfolks.pl\/bwb\/wp-content\/uploads\/Zbrojenie-odginane-dwurzedowe-Typ-AD-\u2013-BWT-640x471.jpg 640w, https:\/\/ugwp.cfolks.pl\/bwb\/wp-content\/uploads\/Zbrojenie-odginane-dwurzedowe-Typ-AD-\u2013-BWT-300x221.jpg 300w, https:\/\/ugwp.cfolks.pl\/bwb\/wp-content\/uploads\/Zbrojenie-odginane-dwurzedowe-Typ-AD-\u2013-BWT-1024x754.jpg 1024w, https:\/\/ugwp.cfolks.pl\/bwb\/wp-content\/uploads\/Zbrojenie-odginane-dwurzedowe-Typ-AD-\u2013-BWT-150x110.jpg 150w, https:\/\/ugwp.cfolks.pl\/bwb\/wp-content\/uploads\/Zbrojenie-odginane-dwurzedowe-Typ-AD-\u2013-BWT-768x566.jpg 768w, https:\/\/ugwp.cfolks.pl\/bwb\/wp-content\/uploads\/Zbrojenie-odginane-dwurzedowe-Typ-AD-\u2013-BWT.jpg 1100w\" sizes=\"auto, (max-width: 640px) 100vw, 640px\" \/><\/p>\n<h2>Zbrojenie odginane dwurz\u0119dowe Typ AD &#8211; BWT<\/h2>\n<p><\/a><\/div>\n<div class=\"col-lg-3\"><a href=\"https:\/\/ugwp.cfolks.pl\/bwb\/produkt\/zbrojenie-odginane-dwurzedowe-typ-dd-bwt\/\" ><img width=\"100%\" height=\"auto\" src=\"https:\/\/ugwp.cfolks.pl\/bwb\/wp-content\/uploads\/Zbrojenie-odginane-dwurzedowe-Typ-DD-\u2013-BWT-640x471.jpg\"  alt=\"Zbrojenie odginane dwurz\u0119dowe Typ DD \u2013 BWT\" decoding=\"async\" loading=\"lazy\" srcset=\"https:\/\/ugwp.cfolks.pl\/bwb\/wp-content\/uploads\/Zbrojenie-odginane-dwurzedowe-Typ-DD-\u2013-BWT-640x471.jpg 640w, https:\/\/ugwp.cfolks.pl\/bwb\/wp-content\/uploads\/Zbrojenie-odginane-dwurzedowe-Typ-DD-\u2013-BWT-300x221.jpg 300w, https:\/\/ugwp.cfolks.pl\/bwb\/wp-content\/uploads\/Zbrojenie-odginane-dwurzedowe-Typ-DD-\u2013-BWT-1024x754.jpg 1024w, https:\/\/ugwp.cfolks.pl\/bwb\/wp-content\/uploads\/Zbrojenie-odginane-dwurzedowe-Typ-DD-\u2013-BWT-150x110.jpg 150w, https:\/\/ugwp.cfolks.pl\/bwb\/wp-content\/uploads\/Zbrojenie-odginane-dwurzedowe-Typ-DD-\u2013-BWT-768x566.jpg 768w, https:\/\/ugwp.cfolks.pl\/bwb\/wp-content\/uploads\/Zbrojenie-odginane-dwurzedowe-Typ-DD-\u2013-BWT.jpg 1100w\" sizes=\"auto, (max-width: 640px) 100vw, 640px\" \/><\/p>\n<h2>Zbrojenie odginane dwurz\u0119dowe Typ DD \u2013 BWT<\/h2>\n<p><\/a><\/div>\n<div class=\"col-lg-3\"><a href=\"https:\/\/ugwp.cfolks.pl\/bwb\/produkt\/zbrojenie-odginane-dwurzedowe-typ-e-bwt\/\" ><img width=\"100%\" height=\"auto\" src=\"https:\/\/ugwp.cfolks.pl\/bwb\/wp-content\/uploads\/Zbrojenie-odginane-dwurzedowe-Typ-E-\u2013-BWT-640x471.jpg\"  alt=\"Zbrojenie odginane dwurz\u0119dowe Typ E \u2013 BWT\" decoding=\"async\" loading=\"lazy\" srcset=\"https:\/\/ugwp.cfolks.pl\/bwb\/wp-content\/uploads\/Zbrojenie-odginane-dwurzedowe-Typ-E-\u2013-BWT-640x471.jpg 640w, https:\/\/ugwp.cfolks.pl\/bwb\/wp-content\/uploads\/Zbrojenie-odginane-dwurzedowe-Typ-E-\u2013-BWT-300x221.jpg 300w, https:\/\/ugwp.cfolks.pl\/bwb\/wp-content\/uploads\/Zbrojenie-odginane-dwurzedowe-Typ-E-\u2013-BWT-1024x754.jpg 1024w, https:\/\/ugwp.cfolks.pl\/bwb\/wp-content\/uploads\/Zbrojenie-odginane-dwurzedowe-Typ-E-\u2013-BWT-150x110.jpg 150w, https:\/\/ugwp.cfolks.pl\/bwb\/wp-content\/uploads\/Zbrojenie-odginane-dwurzedowe-Typ-E-\u2013-BWT-768x566.jpg 768w, https:\/\/ugwp.cfolks.pl\/bwb\/wp-content\/uploads\/Zbrojenie-odginane-dwurzedowe-Typ-E-\u2013-BWT.jpg 1100w\" sizes=\"auto, (max-width: 640px) 100vw, 640px\" \/><\/p>\n<h2>Zbrojenie odginane dwurz\u0119dowe Typ E \u2013 BWT<\/h2>\n<p><\/a><\/div>\n<div class=\"col-lg-3\"><a href=\"https:\/\/ugwp.cfolks.pl\/bwb\/produkt\/zbrojenie-odginane-dwurzedowe-typ-f-bwt\/\" ><img width=\"100%\" height=\"auto\" src=\"https:\/\/ugwp.cfolks.pl\/bwb\/wp-content\/uploads\/Zbrojenie-odginane-dwurzedowe-Typ-F-\u2013-BWT-640x471.jpg\"  alt=\"Zbrojenie odginane dwurz\u0119dowe Typ F \u2013 BWT\" decoding=\"async\" loading=\"lazy\" srcset=\"https:\/\/ugwp.cfolks.pl\/bwb\/wp-content\/uploads\/Zbrojenie-odginane-dwurzedowe-Typ-F-\u2013-BWT-640x471.jpg 640w, https:\/\/ugwp.cfolks.pl\/bwb\/wp-content\/uploads\/Zbrojenie-odginane-dwurzedowe-Typ-F-\u2013-BWT-300x221.jpg 300w, https:\/\/ugwp.cfolks.pl\/bwb\/wp-content\/uploads\/Zbrojenie-odginane-dwurzedowe-Typ-F-\u2013-BWT-1024x754.jpg 1024w, https:\/\/ugwp.cfolks.pl\/bwb\/wp-content\/uploads\/Zbrojenie-odginane-dwurzedowe-Typ-F-\u2013-BWT-150x110.jpg 150w, https:\/\/ugwp.cfolks.pl\/bwb\/wp-content\/uploads\/Zbrojenie-odginane-dwurzedowe-Typ-F-\u2013-BWT-768x566.jpg 768w, https:\/\/ugwp.cfolks.pl\/bwb\/wp-content\/uploads\/Zbrojenie-odginane-dwurzedowe-Typ-F-\u2013-BWT.jpg 1100w\" sizes=\"auto, (max-width: 640px) 100vw, 640px\" \/><\/p>\n<h2>Zbrojenie odginane dwurz\u0119dowe Typ F \u2013 BWT<\/h2>\n<p><\/a><\/div>\n<div class=\"col-lg-3\"><a href=\"https:\/\/ugwp.cfolks.pl\/bwb\/produkt\/zbrojenie-odginane-dwurzedowe-typ-g-bwt\/\" ><img width=\"100%\" height=\"auto\" src=\"https:\/\/ugwp.cfolks.pl\/bwb\/wp-content\/uploads\/Zbrojenie-odginane-dwurzedowe-Typ-G-\u2013-BWT-640x471.jpg\"  alt=\"Zbrojenie odginane dwurz\u0119dowe Typ G \u2013 BWT\" decoding=\"async\" loading=\"lazy\" srcset=\"https:\/\/ugwp.cfolks.pl\/bwb\/wp-content\/uploads\/Zbrojenie-odginane-dwurzedowe-Typ-G-\u2013-BWT-640x471.jpg 640w, https:\/\/ugwp.cfolks.pl\/bwb\/wp-content\/uploads\/Zbrojenie-odginane-dwurzedowe-Typ-G-\u2013-BWT-300x221.jpg 300w, https:\/\/ugwp.cfolks.pl\/bwb\/wp-content\/uploads\/Zbrojenie-odginane-dwurzedowe-Typ-G-\u2013-BWT-1024x754.jpg 1024w, https:\/\/ugwp.cfolks.pl\/bwb\/wp-content\/uploads\/Zbrojenie-odginane-dwurzedowe-Typ-G-\u2013-BWT-150x110.jpg 150w, https:\/\/ugwp.cfolks.pl\/bwb\/wp-content\/uploads\/Zbrojenie-odginane-dwurzedowe-Typ-G-\u2013-BWT-768x566.jpg 768w, https:\/\/ugwp.cfolks.pl\/bwb\/wp-content\/uploads\/Zbrojenie-odginane-dwurzedowe-Typ-G-\u2013-BWT.jpg 1100w\" sizes=\"auto, (max-width: 640px) 100vw, 640px\" \/><\/p>\n<h2>Zbrojenie odginane dwurz\u0119dowe Typ G \u2013 BWT<\/h2>\n<p><\/a><\/div>\n<div class=\"col-lg-3\"><a href=\"https:\/\/ugwp.cfolks.pl\/bwb\/produkt\/zbrojenie-odginane-dwurzedowe-typ-h-bwt\/\" ><img width=\"100%\" height=\"auto\" src=\"https:\/\/ugwp.cfolks.pl\/bwb\/wp-content\/uploads\/Zbrojenie-odginane-dwurzedowe-Typ-H-\u2013-BWT-640x471.jpg\"  alt=\"Zbrojenie odginane dwurz\u0119dowe Typ H \u2013 BWT\" decoding=\"async\" loading=\"lazy\" srcset=\"https:\/\/ugwp.cfolks.pl\/bwb\/wp-content\/uploads\/Zbrojenie-odginane-dwurzedowe-Typ-H-\u2013-BWT-640x471.jpg 640w, https:\/\/ugwp.cfolks.pl\/bwb\/wp-content\/uploads\/Zbrojenie-odginane-dwurzedowe-Typ-H-\u2013-BWT-300x221.jpg 300w, https:\/\/ugwp.cfolks.pl\/bwb\/wp-content\/uploads\/Zbrojenie-odginane-dwurzedowe-Typ-H-\u2013-BWT-1024x754.jpg 1024w, https:\/\/ugwp.cfolks.pl\/bwb\/wp-content\/uploads\/Zbrojenie-odginane-dwurzedowe-Typ-H-\u2013-BWT-150x110.jpg 150w, https:\/\/ugwp.cfolks.pl\/bwb\/wp-content\/uploads\/Zbrojenie-odginane-dwurzedowe-Typ-H-\u2013-BWT-768x566.jpg 768w, https:\/\/ugwp.cfolks.pl\/bwb\/wp-content\/uploads\/Zbrojenie-odginane-dwurzedowe-Typ-H-\u2013-BWT.jpg 1100w\" sizes=\"auto, (max-width: 640px) 100vw, 640px\" \/><\/p>\n<h2>Zbrojenie odginane dwurz\u0119dowe Typ H \u2013 BWT<\/h2>\n<p><\/a><\/div>\n<div class=\"col-lg-3\"><a href=\"https:\/\/ugwp.cfolks.pl\/bwb\/produkt\/zbrojenie-odginane-dwurzedowe-typ-ii-bwt\/\" ><img width=\"100%\" height=\"auto\" src=\"https:\/\/ugwp.cfolks.pl\/bwb\/wp-content\/uploads\/Zbrojenie-odginane-dwurzedowe-Typ-II-\u2013-BWT-640x471.jpg\"  alt=\"Zbrojenie odginane dwurz\u0119dowe Typ II \u2013 BWT\" decoding=\"async\" loading=\"lazy\" srcset=\"https:\/\/ugwp.cfolks.pl\/bwb\/wp-content\/uploads\/Zbrojenie-odginane-dwurzedowe-Typ-II-\u2013-BWT-640x471.jpg 640w, https:\/\/ugwp.cfolks.pl\/bwb\/wp-content\/uploads\/Zbrojenie-odginane-dwurzedowe-Typ-II-\u2013-BWT-300x221.jpg 300w, https:\/\/ugwp.cfolks.pl\/bwb\/wp-content\/uploads\/Zbrojenie-odginane-dwurzedowe-Typ-II-\u2013-BWT-1024x754.jpg 1024w, https:\/\/ugwp.cfolks.pl\/bwb\/wp-content\/uploads\/Zbrojenie-odginane-dwurzedowe-Typ-II-\u2013-BWT-150x110.jpg 150w, https:\/\/ugwp.cfolks.pl\/bwb\/wp-content\/uploads\/Zbrojenie-odginane-dwurzedowe-Typ-II-\u2013-BWT-768x566.jpg 768w, https:\/\/ugwp.cfolks.pl\/bwb\/wp-content\/uploads\/Zbrojenie-odginane-dwurzedowe-Typ-II-\u2013-BWT.jpg 1100w\" sizes=\"auto, (max-width: 640px) 100vw, 640px\" \/><\/p>\n<h2>Zbrojenie odginane dwurz\u0119dowe Typ II \u2013 BWT<\/h2>\n<p><\/a><\/div>\n<div class=\"col-lg-3\"><a href=\"https:\/\/ugwp.cfolks.pl\/bwb\/produkt\/zbrojenie-odginane-dwurzedowe-typ-k-bwt\/\" ><img width=\"100%\" height=\"auto\" src=\"https:\/\/ugwp.cfolks.pl\/bwb\/wp-content\/uploads\/Zbrojenie-odginane-dwurzedowe-Typ-K-\u2013-BWT-640x471.jpg\"  alt=\"Zbrojenie odginane dwurz\u0119dowe Typ K \u2013 BWT\" decoding=\"async\" loading=\"lazy\" srcset=\"https:\/\/ugwp.cfolks.pl\/bwb\/wp-content\/uploads\/Zbrojenie-odginane-dwurzedowe-Typ-K-\u2013-BWT-640x471.jpg 640w, https:\/\/ugwp.cfolks.pl\/bwb\/wp-content\/uploads\/Zbrojenie-odginane-dwurzedowe-Typ-K-\u2013-BWT-300x221.jpg 300w, https:\/\/ugwp.cfolks.pl\/bwb\/wp-content\/uploads\/Zbrojenie-odginane-dwurzedowe-Typ-K-\u2013-BWT-1024x754.jpg 1024w, https:\/\/ugwp.cfolks.pl\/bwb\/wp-content\/uploads\/Zbrojenie-odginane-dwurzedowe-Typ-K-\u2013-BWT-150x110.jpg 150w, https:\/\/ugwp.cfolks.pl\/bwb\/wp-content\/uploads\/Zbrojenie-odginane-dwurzedowe-Typ-K-\u2013-BWT-768x566.jpg 768w, https:\/\/ugwp.cfolks.pl\/bwb\/wp-content\/uploads\/Zbrojenie-odginane-dwurzedowe-Typ-K-\u2013-BWT.jpg 1100w\" sizes=\"auto, (max-width: 640px) 100vw, 640px\" \/><\/p>\n<h2>Zbrojenie odginane dwurz\u0119dowe Typ K &#8211; BWT<\/h2>\n<p><\/a><\/div>\n<div class=\"col-lg-3\"><a href=\"https:\/\/ugwp.cfolks.pl\/bwb\/produkt\/zbrojenie-odginane-dwurzedowe-typ-l-bwt\/\" ><img width=\"100%\" height=\"auto\" src=\"https:\/\/ugwp.cfolks.pl\/bwb\/wp-content\/uploads\/Zbrojenie-odginane-dwurzedowe-Typ-L-\u2013-BWT-640x471.jpg\"  alt=\"Zbrojenie odginane dwurz\u0119dowe Typ L \u2013 BWT\" decoding=\"async\" loading=\"lazy\" srcset=\"https:\/\/ugwp.cfolks.pl\/bwb\/wp-content\/uploads\/Zbrojenie-odginane-dwurzedowe-Typ-L-\u2013-BWT-640x471.jpg 640w, https:\/\/ugwp.cfolks.pl\/bwb\/wp-content\/uploads\/Zbrojenie-odginane-dwurzedowe-Typ-L-\u2013-BWT-300x221.jpg 300w, https:\/\/ugwp.cfolks.pl\/bwb\/wp-content\/uploads\/Zbrojenie-odginane-dwurzedowe-Typ-L-\u2013-BWT-1024x754.jpg 1024w, https:\/\/ugwp.cfolks.pl\/bwb\/wp-content\/uploads\/Zbrojenie-odginane-dwurzedowe-Typ-L-\u2013-BWT-150x110.jpg 150w, https:\/\/ugwp.cfolks.pl\/bwb\/wp-content\/uploads\/Zbrojenie-odginane-dwurzedowe-Typ-L-\u2013-BWT-768x566.jpg 768w, https:\/\/ugwp.cfolks.pl\/bwb\/wp-content\/uploads\/Zbrojenie-odginane-dwurzedowe-Typ-L-\u2013-BWT.jpg 1100w\" sizes=\"auto, (max-width: 640px) 100vw, 640px\" \/><\/p>\n<h2>Zbrojenie odginane dwurz\u0119dowe Typ L \u2013 BWT<\/h2>\n<p><\/a><\/div>\n<div class=\"col-lg-3\"><a href=\"https:\/\/ugwp.cfolks.pl\/bwb\/produkt\/zbrojenie-odginane-dwurzedowe-typ-m-bwt\/\" ><img width=\"100%\" height=\"auto\" src=\"https:\/\/ugwp.cfolks.pl\/bwb\/wp-content\/uploads\/Zbrojenie-odginane-dwurzedowe-Typ-M-\u2013-BWT-640x471.jpg\"  alt=\"Zbrojenie odginane dwurz\u0119dowe Typ M \u2013 BWT\" decoding=\"async\" loading=\"lazy\" srcset=\"https:\/\/ugwp.cfolks.pl\/bwb\/wp-content\/uploads\/Zbrojenie-odginane-dwurzedowe-Typ-M-\u2013-BWT-640x471.jpg 640w, https:\/\/ugwp.cfolks.pl\/bwb\/wp-content\/uploads\/Zbrojenie-odginane-dwurzedowe-Typ-M-\u2013-BWT-300x221.jpg 300w, https:\/\/ugwp.cfolks.pl\/bwb\/wp-content\/uploads\/Zbrojenie-odginane-dwurzedowe-Typ-M-\u2013-BWT-1024x754.jpg 1024w, https:\/\/ugwp.cfolks.pl\/bwb\/wp-content\/uploads\/Zbrojenie-odginane-dwurzedowe-Typ-M-\u2013-BWT-150x110.jpg 150w, https:\/\/ugwp.cfolks.pl\/bwb\/wp-content\/uploads\/Zbrojenie-odginane-dwurzedowe-Typ-M-\u2013-BWT-768x566.jpg 768w, https:\/\/ugwp.cfolks.pl\/bwb\/wp-content\/uploads\/Zbrojenie-odginane-dwurzedowe-Typ-M-\u2013-BWT.jpg 1100w\" sizes=\"auto, (max-width: 640px) 100vw, 640px\" \/><\/p>\n<h2>Zbrojenie odginane dwurz\u0119dowe Typ M \u2013 BWT<\/h2>\n<p><\/a><\/div>\n<div class=\"col-lg-3\"><a href=\"https:\/\/ugwp.cfolks.pl\/bwb\/produkt\/zbrojenie-odginane-dwurzedowe-typ-o-bwt\/\" ><img width=\"100%\" height=\"auto\" src=\"https:\/\/ugwp.cfolks.pl\/bwb\/wp-content\/uploads\/Zbrojenie-odginane-dwurzedowe-Typ-O-\u2013-BWT-640x471.jpg\"  alt=\"Zbrojenie odginane dwurz\u0119dowe Typ O \u2013 BWT\" decoding=\"async\" loading=\"lazy\" srcset=\"https:\/\/ugwp.cfolks.pl\/bwb\/wp-content\/uploads\/Zbrojenie-odginane-dwurzedowe-Typ-O-\u2013-BWT-640x471.jpg 640w, https:\/\/ugwp.cfolks.pl\/bwb\/wp-content\/uploads\/Zbrojenie-odginane-dwurzedowe-Typ-O-\u2013-BWT-300x221.jpg 300w, https:\/\/ugwp.cfolks.pl\/bwb\/wp-content\/uploads\/Zbrojenie-odginane-dwurzedowe-Typ-O-\u2013-BWT-1024x754.jpg 1024w, https:\/\/ugwp.cfolks.pl\/bwb\/wp-content\/uploads\/Zbrojenie-odginane-dwurzedowe-Typ-O-\u2013-BWT-150x110.jpg 150w, https:\/\/ugwp.cfolks.pl\/bwb\/wp-content\/uploads\/Zbrojenie-odginane-dwurzedowe-Typ-O-\u2013-BWT-768x566.jpg 768w, https:\/\/ugwp.cfolks.pl\/bwb\/wp-content\/uploads\/Zbrojenie-odginane-dwurzedowe-Typ-O-\u2013-BWT.jpg 1100w\" sizes=\"auto, (max-width: 640px) 100vw, 640px\" \/><\/p>\n<h2>Zbrojenie odginane dwurz\u0119dowe Typ O &#8211; BWT<\/h2>\n<p><\/a><\/div>\n<\/div>\n","protected":false},"excerpt":{"rendered":"<p>Zbrojenie odginane dwurz\u0119dowe Typ AA1 &#8211; BWT Zbrojenie odginane dwurz\u0119dowe Typ AA \u2013 BWT Zbrojenie odginane dwurz\u0119dowe Typ AD &#8211; BWT Zbrojenie odginane dwurz\u0119dowe Typ DD \u2013 BWT Zbrojenie odginane dwurz\u0119dowe Typ E \u2013 BWT Zbrojenie odginane dwurz\u0119dowe Typ F \u2013 BWT Zbrojenie odginane dwurz\u0119dowe Typ G \u2013 BWT Zbrojenie odginane dwurz\u0119dowe Typ H \u2013 [&hellip;]<\/p>\n","protected":false},"author":1,"featured_media":0,"parent":3407,"menu_order":0,"comment_status":"closed","ping_status":"closed","template":"page-kategoria-produktow.php","meta":{"_acf_changed":false,"footnotes":""},"class_list":["post-3416","page","type-page","status-publish","hentry"],"acf":[],"yoast_head":"<!-- This site is optimized with the Yoast SEO plugin v27.3 - https:\/\/yoast.com\/product\/yoast-seo-wordpress\/ -->\n<title>Innowacyjne Zbrojenia Odginane Dwurz\u0119dowe Niestandardowe<\/title>\n<meta name=\"description\" content=\"Uci\u0105glenie Zbrojenia Odginane Dwurz\u0119dowe Niestandardowe Do Po\u0142\u0105cze\u0144 \u017belbetowych Betonowanych Wyprofilowane Elementy z Blachy Stalowej Ocynkowanej\" \/>\n<meta name=\"robots\" content=\"noindex, follow, max-snippet:-1, max-image-preview:large, max-video-preview:-1\" \/>\n<meta property=\"og:locale\" content=\"pl_PL\" \/>\n<meta property=\"og:type\" content=\"article\" \/>\n<meta property=\"og:title\" content=\"Innowacyjne Zbrojenia Odginane Dwurz\u0119dowe Niestandardowe\" \/>\n<meta property=\"og:description\" content=\"Uci\u0105glenie Zbrojenia Odginane Dwurz\u0119dowe Niestandardowe Do Po\u0142\u0105cze\u0144 \u017belbetowych Betonowanych Wyprofilowane Elementy z Blachy Stalowej Ocynkowanej\" \/>\n<meta property=\"og:url\" content=\"https:\/\/ugwp.cfolks.pl\/bwb\/systemy-zbrojenia-betonu\/zbrojenie-odginane-dwurzedowe-niestandardowe\/\" \/>\n<meta property=\"og:site_name\" content=\"BWB technology\" \/>\n<meta property=\"article:modified_time\" content=\"2023-03-05T22:08:45+00:00\" \/>\n<meta property=\"og:image\" content=\"https:\/\/ugwp.cfolks.pl\/bwb\/wp-content\/uploads\/Zbrojenie-odginane-dwurzedowe-Typ-AA1-BWT-640x471.jpg\" \/>\n<meta name=\"twitter:card\" content=\"summary_large_image\" \/>\n<meta name=\"twitter:label1\" content=\"Szacowany czas czytania\" \/>\n\t<meta name=\"twitter:data1\" content=\"4 minuty\" \/>\n<script type=\"application\/ld+json\" class=\"yoast-schema-graph\">{\"@context\":\"https:\\\/\\\/schema.org\",\"@graph\":[{\"@type\":\"WebPage\",\"@id\":\"https:\\\/\\\/ugwp.cfolks.pl\\\/bwb\\\/systemy-zbrojenia-betonu\\\/zbrojenie-odginane-dwurzedowe-niestandardowe\\\/\",\"url\":\"https:\\\/\\\/ugwp.cfolks.pl\\\/bwb\\\/systemy-zbrojenia-betonu\\\/zbrojenie-odginane-dwurzedowe-niestandardowe\\\/\",\"name\":\"Innowacyjne Zbrojenia Odginane Dwurz\u0119dowe Niestandardowe\",\"isPartOf\":{\"@id\":\"https:\\\/\\\/ugwp.cfolks.pl\\\/bwb\\\/#website\"},\"primaryImageOfPage\":{\"@id\":\"https:\\\/\\\/ugwp.cfolks.pl\\\/bwb\\\/systemy-zbrojenia-betonu\\\/zbrojenie-odginane-dwurzedowe-niestandardowe\\\/#primaryimage\"},\"image\":{\"@id\":\"https:\\\/\\\/ugwp.cfolks.pl\\\/bwb\\\/systemy-zbrojenia-betonu\\\/zbrojenie-odginane-dwurzedowe-niestandardowe\\\/#primaryimage\"},\"thumbnailUrl\":\"https:\\\/\\\/ugwp.cfolks.pl\\\/bwb\\\/wp-content\\\/uploads\\\/Zbrojenie-odginane-dwurzedowe-Typ-AA1-BWT-640x471.jpg\",\"datePublished\":\"2023-02-21T19:20:44+00:00\",\"dateModified\":\"2023-03-05T22:08:45+00:00\",\"description\":\"Uci\u0105glenie Zbrojenia Odginane Dwurz\u0119dowe Niestandardowe Do Po\u0142\u0105cze\u0144 \u017belbetowych Betonowanych Wyprofilowane Elementy z Blachy Stalowej Ocynkowanej\",\"breadcrumb\":{\"@id\":\"https:\\\/\\\/ugwp.cfolks.pl\\\/bwb\\\/systemy-zbrojenia-betonu\\\/zbrojenie-odginane-dwurzedowe-niestandardowe\\\/#breadcrumb\"},\"inLanguage\":\"pl-PL\",\"potentialAction\":[{\"@type\":\"ReadAction\",\"target\":[\"https:\\\/\\\/ugwp.cfolks.pl\\\/bwb\\\/systemy-zbrojenia-betonu\\\/zbrojenie-odginane-dwurzedowe-niestandardowe\\\/\"]}]},{\"@type\":\"ImageObject\",\"inLanguage\":\"pl-PL\",\"@id\":\"https:\\\/\\\/ugwp.cfolks.pl\\\/bwb\\\/systemy-zbrojenia-betonu\\\/zbrojenie-odginane-dwurzedowe-niestandardowe\\\/#primaryimage\",\"url\":\"https:\\\/\\\/ugwp.cfolks.pl\\\/bwb\\\/wp-content\\\/uploads\\\/Zbrojenie-odginane-dwurzedowe-Typ-AA1-BWT.jpg\",\"contentUrl\":\"https:\\\/\\\/ugwp.cfolks.pl\\\/bwb\\\/wp-content\\\/uploads\\\/Zbrojenie-odginane-dwurzedowe-Typ-AA1-BWT.jpg\",\"width\":1100,\"height\":810,\"caption\":\"Zbrojenie odginane dwurz\u0119dowe Typ AA1 - BWT\"},{\"@type\":\"BreadcrumbList\",\"@id\":\"https:\\\/\\\/ugwp.cfolks.pl\\\/bwb\\\/systemy-zbrojenia-betonu\\\/zbrojenie-odginane-dwurzedowe-niestandardowe\\\/#breadcrumb\",\"itemListElement\":[{\"@type\":\"ListItem\",\"position\":1,\"name\":\"Strona g\u0142\u00f3wna\",\"item\":\"https:\\\/\\\/ugwp.cfolks.pl\\\/bwb\\\/\"},{\"@type\":\"ListItem\",\"position\":2,\"name\":\"Systemy zbrojenia betonu\",\"item\":\"https:\\\/\\\/ugwp.cfolks.pl\\\/bwb\\\/systemy-zbrojenia-betonu\\\/\"},{\"@type\":\"ListItem\",\"position\":3,\"name\":\"Zbrojenie odginane dwurz\u0119dowe niestandardowe\"}]},{\"@type\":\"WebSite\",\"@id\":\"https:\\\/\\\/ugwp.cfolks.pl\\\/bwb\\\/#website\",\"url\":\"https:\\\/\\\/ugwp.cfolks.pl\\\/bwb\\\/\",\"name\":\"BWB technology\",\"description\":\"Kolejna witryna oparta na WordPressie\",\"potentialAction\":[{\"@type\":\"SearchAction\",\"target\":{\"@type\":\"EntryPoint\",\"urlTemplate\":\"https:\\\/\\\/ugwp.cfolks.pl\\\/bwb\\\/?s={search_term_string}\"},\"query-input\":{\"@type\":\"PropertyValueSpecification\",\"valueRequired\":true,\"valueName\":\"search_term_string\"}}],\"inLanguage\":\"pl-PL\"}]}<\/script>\n<!-- \/ Yoast SEO plugin. -->","yoast_head_json":{"title":"Innowacyjne Zbrojenia Odginane Dwurz\u0119dowe Niestandardowe","description":"Uci\u0105glenie Zbrojenia Odginane Dwurz\u0119dowe Niestandardowe Do Po\u0142\u0105cze\u0144 \u017belbetowych Betonowanych Wyprofilowane Elementy z Blachy Stalowej Ocynkowanej","robots":{"index":"noindex","follow":"follow","max-snippet":"max-snippet:-1","max-image-preview":"max-image-preview:large","max-video-preview":"max-video-preview:-1"},"og_locale":"pl_PL","og_type":"article","og_title":"Innowacyjne Zbrojenia Odginane Dwurz\u0119dowe Niestandardowe","og_description":"Uci\u0105glenie Zbrojenia Odginane Dwurz\u0119dowe Niestandardowe Do Po\u0142\u0105cze\u0144 \u017belbetowych Betonowanych Wyprofilowane Elementy z Blachy Stalowej Ocynkowanej","og_url":"https:\/\/ugwp.cfolks.pl\/bwb\/systemy-zbrojenia-betonu\/zbrojenie-odginane-dwurzedowe-niestandardowe\/","og_site_name":"BWB technology","article_modified_time":"2023-03-05T22:08:45+00:00","og_image":[{"url":"https:\/\/ugwp.cfolks.pl\/bwb\/wp-content\/uploads\/Zbrojenie-odginane-dwurzedowe-Typ-AA1-BWT-640x471.jpg","type":"","width":"","height":""}],"twitter_card":"summary_large_image","twitter_misc":{"Szacowany czas czytania":"4 minuty"},"schema":{"@context":"https:\/\/schema.org","@graph":[{"@type":"WebPage","@id":"https:\/\/ugwp.cfolks.pl\/bwb\/systemy-zbrojenia-betonu\/zbrojenie-odginane-dwurzedowe-niestandardowe\/","url":"https:\/\/ugwp.cfolks.pl\/bwb\/systemy-zbrojenia-betonu\/zbrojenie-odginane-dwurzedowe-niestandardowe\/","name":"Innowacyjne Zbrojenia Odginane Dwurz\u0119dowe Niestandardowe","isPartOf":{"@id":"https:\/\/ugwp.cfolks.pl\/bwb\/#website"},"primaryImageOfPage":{"@id":"https:\/\/ugwp.cfolks.pl\/bwb\/systemy-zbrojenia-betonu\/zbrojenie-odginane-dwurzedowe-niestandardowe\/#primaryimage"},"image":{"@id":"https:\/\/ugwp.cfolks.pl\/bwb\/systemy-zbrojenia-betonu\/zbrojenie-odginane-dwurzedowe-niestandardowe\/#primaryimage"},"thumbnailUrl":"https:\/\/ugwp.cfolks.pl\/bwb\/wp-content\/uploads\/Zbrojenie-odginane-dwurzedowe-Typ-AA1-BWT-640x471.jpg","datePublished":"2023-02-21T19:20:44+00:00","dateModified":"2023-03-05T22:08:45+00:00","description":"Uci\u0105glenie Zbrojenia Odginane Dwurz\u0119dowe Niestandardowe Do Po\u0142\u0105cze\u0144 \u017belbetowych Betonowanych Wyprofilowane Elementy z Blachy Stalowej Ocynkowanej","breadcrumb":{"@id":"https:\/\/ugwp.cfolks.pl\/bwb\/systemy-zbrojenia-betonu\/zbrojenie-odginane-dwurzedowe-niestandardowe\/#breadcrumb"},"inLanguage":"pl-PL","potentialAction":[{"@type":"ReadAction","target":["https:\/\/ugwp.cfolks.pl\/bwb\/systemy-zbrojenia-betonu\/zbrojenie-odginane-dwurzedowe-niestandardowe\/"]}]},{"@type":"ImageObject","inLanguage":"pl-PL","@id":"https:\/\/ugwp.cfolks.pl\/bwb\/systemy-zbrojenia-betonu\/zbrojenie-odginane-dwurzedowe-niestandardowe\/#primaryimage","url":"https:\/\/ugwp.cfolks.pl\/bwb\/wp-content\/uploads\/Zbrojenie-odginane-dwurzedowe-Typ-AA1-BWT.jpg","contentUrl":"https:\/\/ugwp.cfolks.pl\/bwb\/wp-content\/uploads\/Zbrojenie-odginane-dwurzedowe-Typ-AA1-BWT.jpg","width":1100,"height":810,"caption":"Zbrojenie odginane dwurz\u0119dowe Typ AA1 - BWT"},{"@type":"BreadcrumbList","@id":"https:\/\/ugwp.cfolks.pl\/bwb\/systemy-zbrojenia-betonu\/zbrojenie-odginane-dwurzedowe-niestandardowe\/#breadcrumb","itemListElement":[{"@type":"ListItem","position":1,"name":"Strona g\u0142\u00f3wna","item":"https:\/\/ugwp.cfolks.pl\/bwb\/"},{"@type":"ListItem","position":2,"name":"Systemy zbrojenia betonu","item":"https:\/\/ugwp.cfolks.pl\/bwb\/systemy-zbrojenia-betonu\/"},{"@type":"ListItem","position":3,"name":"Zbrojenie odginane dwurz\u0119dowe niestandardowe"}]},{"@type":"WebSite","@id":"https:\/\/ugwp.cfolks.pl\/bwb\/#website","url":"https:\/\/ugwp.cfolks.pl\/bwb\/","name":"BWB technology","description":"Kolejna witryna oparta na WordPressie","potentialAction":[{"@type":"SearchAction","target":{"@type":"EntryPoint","urlTemplate":"https:\/\/ugwp.cfolks.pl\/bwb\/?s={search_term_string}"},"query-input":{"@type":"PropertyValueSpecification","valueRequired":true,"valueName":"search_term_string"}}],"inLanguage":"pl-PL"}]}},"_links":{"self":[{"href":"https:\/\/ugwp.cfolks.pl\/bwb\/wp-json\/wp\/v2\/pages\/3416","targetHints":{"allow":["GET"]}}],"collection":[{"href":"https:\/\/ugwp.cfolks.pl\/bwb\/wp-json\/wp\/v2\/pages"}],"about":[{"href":"https:\/\/ugwp.cfolks.pl\/bwb\/wp-json\/wp\/v2\/types\/page"}],"author":[{"embeddable":true,"href":"https:\/\/ugwp.cfolks.pl\/bwb\/wp-json\/wp\/v2\/users\/1"}],"replies":[{"embeddable":true,"href":"https:\/\/ugwp.cfolks.pl\/bwb\/wp-json\/wp\/v2\/comments?post=3416"}],"version-history":[{"count":0,"href":"https:\/\/ugwp.cfolks.pl\/bwb\/wp-json\/wp\/v2\/pages\/3416\/revisions"}],"up":[{"embeddable":true,"href":"https:\/\/ugwp.cfolks.pl\/bwb\/wp-json\/wp\/v2\/pages\/3407"}],"wp:attachment":[{"href":"https:\/\/ugwp.cfolks.pl\/bwb\/wp-json\/wp\/v2\/media?parent=3416"}],"curies":[{"name":"wp","href":"https:\/\/api.w.org\/{rel}","templated":true}]}}