{"id":3409,"date":"2023-02-21T20:09:50","date_gmt":"2023-02-21T19:09:50","guid":{"rendered":"https:\/\/ugwp.cfolks.pl\/bwb\/?page_id=3409"},"modified":"2023-03-05T23:13:10","modified_gmt":"2023-03-05T22:13:10","slug":"zbrojenie-odginane-jednorzedowe-standardowe","status":"publish","type":"page","link":"https:\/\/ugwp.cfolks.pl\/bwb\/systemy-zbrojenia-betonu\/zbrojenie-odginane-jednorzedowe-standardowe\/","title":{"rendered":"Zbrojenie odginane jednorz\u0119dowe standardowe"},"content":{"rendered":"<div class=\"row kategoria-produktow\">\n<div class=\"col-lg-3\"><a href=\"https:\/\/ugwp.cfolks.pl\/bwb\/produkt\/zbrojenie-odginane-jednorzedowe-typ-i-bwt-55\/\" ><img width=\"100%\" height=\"auto\" src=\"https:\/\/ugwp.cfolks.pl\/bwb\/wp-content\/uploads\/Zbrojenie-odginane-jednorzedowe-Typ-I-\u2013-BWT-55-640x471.jpg\"  alt=\"Zbrojenie odginane jednorz\u0119dowe Typ I \u2013 BWT 55\" decoding=\"async\" loading=\"lazy\" srcset=\"https:\/\/ugwp.cfolks.pl\/bwb\/wp-content\/uploads\/Zbrojenie-odginane-jednorzedowe-Typ-I-\u2013-BWT-55-640x471.jpg 640w, https:\/\/ugwp.cfolks.pl\/bwb\/wp-content\/uploads\/Zbrojenie-odginane-jednorzedowe-Typ-I-\u2013-BWT-55-300x221.jpg 300w, https:\/\/ugwp.cfolks.pl\/bwb\/wp-content\/uploads\/Zbrojenie-odginane-jednorzedowe-Typ-I-\u2013-BWT-55-1024x754.jpg 1024w, https:\/\/ugwp.cfolks.pl\/bwb\/wp-content\/uploads\/Zbrojenie-odginane-jednorzedowe-Typ-I-\u2013-BWT-55-150x110.jpg 150w, https:\/\/ugwp.cfolks.pl\/bwb\/wp-content\/uploads\/Zbrojenie-odginane-jednorzedowe-Typ-I-\u2013-BWT-55-768x566.jpg 768w, https:\/\/ugwp.cfolks.pl\/bwb\/wp-content\/uploads\/Zbrojenie-odginane-jednorzedowe-Typ-I-\u2013-BWT-55.jpg 1100w\" sizes=\"auto, (max-width: 640px) 100vw, 640px\" \/><\/p>\n<h2>Zbrojenie odginane jednorz\u0119dowe Typ I \u2013 BWT 55<\/h2>\n<p><\/a><\/div>\n<div class=\"col-lg-3\"><a href=\"https:\/\/ugwp.cfolks.pl\/bwb\/produkt\/zbrojenie-odginane-jednorzedowe-typ-i-bwt-85\/\" ><img width=\"100%\" height=\"auto\" src=\"https:\/\/ugwp.cfolks.pl\/bwb\/wp-content\/uploads\/Zbrojenie-odginane-jednorzedowe-Typ-I-\u2013-BWT-85-640x471.jpg\"  alt=\"Zbrojenie odginane jednorz\u0119dowe Typ I \u2013 BWT 85\" decoding=\"async\" loading=\"lazy\" srcset=\"https:\/\/ugwp.cfolks.pl\/bwb\/wp-content\/uploads\/Zbrojenie-odginane-jednorzedowe-Typ-I-\u2013-BWT-85-640x471.jpg 640w, https:\/\/ugwp.cfolks.pl\/bwb\/wp-content\/uploads\/Zbrojenie-odginane-jednorzedowe-Typ-I-\u2013-BWT-85-300x221.jpg 300w, https:\/\/ugwp.cfolks.pl\/bwb\/wp-content\/uploads\/Zbrojenie-odginane-jednorzedowe-Typ-I-\u2013-BWT-85-1024x754.jpg 1024w, https:\/\/ugwp.cfolks.pl\/bwb\/wp-content\/uploads\/Zbrojenie-odginane-jednorzedowe-Typ-I-\u2013-BWT-85-150x110.jpg 150w, https:\/\/ugwp.cfolks.pl\/bwb\/wp-content\/uploads\/Zbrojenie-odginane-jednorzedowe-Typ-I-\u2013-BWT-85-768x566.jpg 768w, https:\/\/ugwp.cfolks.pl\/bwb\/wp-content\/uploads\/Zbrojenie-odginane-jednorzedowe-Typ-I-\u2013-BWT-85.jpg 1100w\" sizes=\"auto, (max-width: 640px) 100vw, 640px\" \/><\/p>\n<h2>Zbrojenie odginane jednorz\u0119dowe Typ I \u2013 BWT 85<\/h2>\n<p><\/a><\/div>\n<div class=\"col-lg-3\"><a href=\"https:\/\/ugwp.cfolks.pl\/bwb\/produkt\/zbrojenie-odginane-jednorzedowe-typ-a-bwa-08\/\" ><img width=\"100%\" height=\"auto\" src=\"https:\/\/ugwp.cfolks.pl\/bwb\/wp-content\/uploads\/Zbrojenie-odginane-jednorzedowe-Typ-A-\u2013-BWA-08-640x471.jpg\"  alt=\"Zbrojenie odginane jednorz\u0119dowe Typ A \u2013 BWA 08\" decoding=\"async\" loading=\"lazy\" srcset=\"https:\/\/ugwp.cfolks.pl\/bwb\/wp-content\/uploads\/Zbrojenie-odginane-jednorzedowe-Typ-A-\u2013-BWA-08-640x471.jpg 640w, https:\/\/ugwp.cfolks.pl\/bwb\/wp-content\/uploads\/Zbrojenie-odginane-jednorzedowe-Typ-A-\u2013-BWA-08-300x221.jpg 300w, https:\/\/ugwp.cfolks.pl\/bwb\/wp-content\/uploads\/Zbrojenie-odginane-jednorzedowe-Typ-A-\u2013-BWA-08-1024x754.jpg 1024w, https:\/\/ugwp.cfolks.pl\/bwb\/wp-content\/uploads\/Zbrojenie-odginane-jednorzedowe-Typ-A-\u2013-BWA-08-150x110.jpg 150w, https:\/\/ugwp.cfolks.pl\/bwb\/wp-content\/uploads\/Zbrojenie-odginane-jednorzedowe-Typ-A-\u2013-BWA-08-768x566.jpg 768w, https:\/\/ugwp.cfolks.pl\/bwb\/wp-content\/uploads\/Zbrojenie-odginane-jednorzedowe-Typ-A-\u2013-BWA-08.jpg 1100w\" sizes=\"auto, (max-width: 640px) 100vw, 640px\" \/><\/p>\n<h2>Zbrojenie odginane jednorz\u0119dowe Typ A \u2013 BWA 08<\/h2>\n<p><\/a><\/div>\n<div class=\"col-lg-3\"><a href=\"https:\/\/ugwp.cfolks.pl\/bwb\/produkt\/zbrojenie-odginane-jednorzedowe-typ-a-bwa-10\/\" ><img width=\"100%\" height=\"auto\" src=\"https:\/\/ugwp.cfolks.pl\/bwb\/wp-content\/uploads\/Zbrojenie-odginane-jednorzedowe-Typ-A-\u2013-BWA-10-640x471.jpg\"  alt=\"Zbrojenie odginane jednorz\u0119dowe Typ A \u2013 BWA 10\" decoding=\"async\" loading=\"lazy\" srcset=\"https:\/\/ugwp.cfolks.pl\/bwb\/wp-content\/uploads\/Zbrojenie-odginane-jednorzedowe-Typ-A-\u2013-BWA-10-640x471.jpg 640w, https:\/\/ugwp.cfolks.pl\/bwb\/wp-content\/uploads\/Zbrojenie-odginane-jednorzedowe-Typ-A-\u2013-BWA-10-300x221.jpg 300w, https:\/\/ugwp.cfolks.pl\/bwb\/wp-content\/uploads\/Zbrojenie-odginane-jednorzedowe-Typ-A-\u2013-BWA-10-1024x754.jpg 1024w, https:\/\/ugwp.cfolks.pl\/bwb\/wp-content\/uploads\/Zbrojenie-odginane-jednorzedowe-Typ-A-\u2013-BWA-10-150x110.jpg 150w, https:\/\/ugwp.cfolks.pl\/bwb\/wp-content\/uploads\/Zbrojenie-odginane-jednorzedowe-Typ-A-\u2013-BWA-10-768x566.jpg 768w, https:\/\/ugwp.cfolks.pl\/bwb\/wp-content\/uploads\/Zbrojenie-odginane-jednorzedowe-Typ-A-\u2013-BWA-10.jpg 1100w\" sizes=\"auto, (max-width: 640px) 100vw, 640px\" \/><\/p>\n<h2>Zbrojenie odginane jednorz\u0119dowe Typ A \u2013 BWA 10<\/h2>\n<p><\/a><\/div>\n<div class=\"col-lg-3\"><a href=\"https:\/\/ugwp.cfolks.pl\/bwb\/produkt\/zbrojenie-odginane-jednorzedowe-typ-a-bwa-12\/\" ><img width=\"100%\" height=\"auto\" src=\"https:\/\/ugwp.cfolks.pl\/bwb\/wp-content\/uploads\/Zbrojenie-odginane-jednorzedowe-Typ-A-\u2013-BWA-12-640x471.jpg\"  alt=\"Zbrojenie odginane jednorz\u0119dowe Typ A \u2013 BWA 12\" decoding=\"async\" loading=\"lazy\" srcset=\"https:\/\/ugwp.cfolks.pl\/bwb\/wp-content\/uploads\/Zbrojenie-odginane-jednorzedowe-Typ-A-\u2013-BWA-12-640x471.jpg 640w, https:\/\/ugwp.cfolks.pl\/bwb\/wp-content\/uploads\/Zbrojenie-odginane-jednorzedowe-Typ-A-\u2013-BWA-12-300x221.jpg 300w, https:\/\/ugwp.cfolks.pl\/bwb\/wp-content\/uploads\/Zbrojenie-odginane-jednorzedowe-Typ-A-\u2013-BWA-12-1024x754.jpg 1024w, https:\/\/ugwp.cfolks.pl\/bwb\/wp-content\/uploads\/Zbrojenie-odginane-jednorzedowe-Typ-A-\u2013-BWA-12-150x110.jpg 150w, https:\/\/ugwp.cfolks.pl\/bwb\/wp-content\/uploads\/Zbrojenie-odginane-jednorzedowe-Typ-A-\u2013-BWA-12-768x566.jpg 768w, https:\/\/ugwp.cfolks.pl\/bwb\/wp-content\/uploads\/Zbrojenie-odginane-jednorzedowe-Typ-A-\u2013-BWA-12.jpg 1100w\" sizes=\"auto, (max-width: 640px) 100vw, 640px\" \/><\/p>\n<h2>Zbrojenie odginane jednorz\u0119dowe Typ A \u2013 BWA 12<\/h2>\n<p><\/a><\/div>\n<\/div>\n","protected":false},"excerpt":{"rendered":"<p>Zbrojenie odginane jednorz\u0119dowe Typ I \u2013 BWT 55 Zbrojenie odginane jednorz\u0119dowe Typ I \u2013 BWT 85 Zbrojenie odginane jednorz\u0119dowe Typ A \u2013 BWA 08 Zbrojenie odginane jednorz\u0119dowe Typ A \u2013 BWA 10 Zbrojenie odginane jednorz\u0119dowe Typ A \u2013 BWA 12<\/p>\n","protected":false},"author":1,"featured_media":0,"parent":3407,"menu_order":0,"comment_status":"closed","ping_status":"closed","template":"page-kategoria-produktow.php","meta":{"_acf_changed":false,"footnotes":""},"class_list":["post-3409","page","type-page","status-publish","hentry"],"acf":[],"yoast_head":"<!-- This site is optimized with the Yoast SEO plugin v27.3 - https:\/\/yoast.com\/product\/yoast-seo-wordpress\/ -->\n<title>Zbrojenia Odginane Jednorz\u0119dowe Standardowe Innowacyjne Produkty<\/title>\n<meta name=\"description\" content=\"Uci\u0105glenie Zbrojenia Odginane Jednorz\u0119dowe Stalowe Standardowe Do Po\u0142\u0105cze\u0144 \u017belbetowych Monolitycznych Betonowych Odcinkowo i Konstrukcji Prefabrykowanych\" \/>\n<meta name=\"robots\" content=\"noindex, follow, max-snippet:-1, max-image-preview:large, max-video-preview:-1\" \/>\n<meta property=\"og:locale\" content=\"pl_PL\" \/>\n<meta property=\"og:type\" content=\"article\" \/>\n<meta property=\"og:title\" content=\"Zbrojenia Odginane Jednorz\u0119dowe Standardowe Innowacyjne Produkty\" \/>\n<meta property=\"og:description\" content=\"Uci\u0105glenie Zbrojenia Odginane Jednorz\u0119dowe Stalowe Standardowe Do Po\u0142\u0105cze\u0144 \u017belbetowych Monolitycznych Betonowych Odcinkowo i Konstrukcji Prefabrykowanych\" \/>\n<meta property=\"og:url\" content=\"https:\/\/ugwp.cfolks.pl\/bwb\/systemy-zbrojenia-betonu\/zbrojenie-odginane-jednorzedowe-standardowe\/\" \/>\n<meta property=\"og:site_name\" content=\"BWB technology\" \/>\n<meta property=\"article:modified_time\" content=\"2023-03-05T22:13:10+00:00\" \/>\n<meta name=\"twitter:card\" content=\"summary_large_image\" \/>\n<meta name=\"twitter:label1\" content=\"Szacowany czas czytania\" \/>\n\t<meta name=\"twitter:data1\" content=\"2 minuty\" \/>\n<script type=\"application\/ld+json\" class=\"yoast-schema-graph\">{\"@context\":\"https:\\\/\\\/schema.org\",\"@graph\":[{\"@type\":\"WebPage\",\"@id\":\"https:\\\/\\\/ugwp.cfolks.pl\\\/bwb\\\/systemy-zbrojenia-betonu\\\/zbrojenie-odginane-jednorzedowe-standardowe\\\/\",\"url\":\"https:\\\/\\\/ugwp.cfolks.pl\\\/bwb\\\/systemy-zbrojenia-betonu\\\/zbrojenie-odginane-jednorzedowe-standardowe\\\/\",\"name\":\"Zbrojenia Odginane Jednorz\u0119dowe Standardowe Innowacyjne Produkty\",\"isPartOf\":{\"@id\":\"https:\\\/\\\/ugwp.cfolks.pl\\\/bwb\\\/#website\"},\"datePublished\":\"2023-02-21T19:09:50+00:00\",\"dateModified\":\"2023-03-05T22:13:10+00:00\",\"description\":\"Uci\u0105glenie Zbrojenia Odginane Jednorz\u0119dowe Stalowe Standardowe Do Po\u0142\u0105cze\u0144 \u017belbetowych Monolitycznych Betonowych Odcinkowo i Konstrukcji Prefabrykowanych\",\"breadcrumb\":{\"@id\":\"https:\\\/\\\/ugwp.cfolks.pl\\\/bwb\\\/systemy-zbrojenia-betonu\\\/zbrojenie-odginane-jednorzedowe-standardowe\\\/#breadcrumb\"},\"inLanguage\":\"pl-PL\",\"potentialAction\":[{\"@type\":\"ReadAction\",\"target\":[\"https:\\\/\\\/ugwp.cfolks.pl\\\/bwb\\\/systemy-zbrojenia-betonu\\\/zbrojenie-odginane-jednorzedowe-standardowe\\\/\"]}]},{\"@type\":\"BreadcrumbList\",\"@id\":\"https:\\\/\\\/ugwp.cfolks.pl\\\/bwb\\\/systemy-zbrojenia-betonu\\\/zbrojenie-odginane-jednorzedowe-standardowe\\\/#breadcrumb\",\"itemListElement\":[{\"@type\":\"ListItem\",\"position\":1,\"name\":\"Strona g\u0142\u00f3wna\",\"item\":\"https:\\\/\\\/ugwp.cfolks.pl\\\/bwb\\\/\"},{\"@type\":\"ListItem\",\"position\":2,\"name\":\"Systemy zbrojenia betonu\",\"item\":\"https:\\\/\\\/ugwp.cfolks.pl\\\/bwb\\\/systemy-zbrojenia-betonu\\\/\"},{\"@type\":\"ListItem\",\"position\":3,\"name\":\"Zbrojenie odginane jednorz\u0119dowe standardowe\"}]},{\"@type\":\"WebSite\",\"@id\":\"https:\\\/\\\/ugwp.cfolks.pl\\\/bwb\\\/#website\",\"url\":\"https:\\\/\\\/ugwp.cfolks.pl\\\/bwb\\\/\",\"name\":\"BWB technology\",\"description\":\"Kolejna witryna oparta na WordPressie\",\"potentialAction\":[{\"@type\":\"SearchAction\",\"target\":{\"@type\":\"EntryPoint\",\"urlTemplate\":\"https:\\\/\\\/ugwp.cfolks.pl\\\/bwb\\\/?s={search_term_string}\"},\"query-input\":{\"@type\":\"PropertyValueSpecification\",\"valueRequired\":true,\"valueName\":\"search_term_string\"}}],\"inLanguage\":\"pl-PL\"}]}<\/script>\n<!-- \/ Yoast SEO plugin. -->","yoast_head_json":{"title":"Zbrojenia Odginane Jednorz\u0119dowe Standardowe Innowacyjne Produkty","description":"Uci\u0105glenie Zbrojenia Odginane Jednorz\u0119dowe Stalowe Standardowe Do Po\u0142\u0105cze\u0144 \u017belbetowych Monolitycznych Betonowych Odcinkowo i Konstrukcji Prefabrykowanych","robots":{"index":"noindex","follow":"follow","max-snippet":"max-snippet:-1","max-image-preview":"max-image-preview:large","max-video-preview":"max-video-preview:-1"},"og_locale":"pl_PL","og_type":"article","og_title":"Zbrojenia Odginane Jednorz\u0119dowe Standardowe Innowacyjne Produkty","og_description":"Uci\u0105glenie Zbrojenia Odginane Jednorz\u0119dowe Stalowe Standardowe Do Po\u0142\u0105cze\u0144 \u017belbetowych Monolitycznych Betonowych Odcinkowo i Konstrukcji Prefabrykowanych","og_url":"https:\/\/ugwp.cfolks.pl\/bwb\/systemy-zbrojenia-betonu\/zbrojenie-odginane-jednorzedowe-standardowe\/","og_site_name":"BWB technology","article_modified_time":"2023-03-05T22:13:10+00:00","twitter_card":"summary_large_image","twitter_misc":{"Szacowany czas czytania":"2 minuty"},"schema":{"@context":"https:\/\/schema.org","@graph":[{"@type":"WebPage","@id":"https:\/\/ugwp.cfolks.pl\/bwb\/systemy-zbrojenia-betonu\/zbrojenie-odginane-jednorzedowe-standardowe\/","url":"https:\/\/ugwp.cfolks.pl\/bwb\/systemy-zbrojenia-betonu\/zbrojenie-odginane-jednorzedowe-standardowe\/","name":"Zbrojenia Odginane Jednorz\u0119dowe Standardowe Innowacyjne Produkty","isPartOf":{"@id":"https:\/\/ugwp.cfolks.pl\/bwb\/#website"},"datePublished":"2023-02-21T19:09:50+00:00","dateModified":"2023-03-05T22:13:10+00:00","description":"Uci\u0105glenie Zbrojenia Odginane Jednorz\u0119dowe Stalowe Standardowe Do Po\u0142\u0105cze\u0144 \u017belbetowych Monolitycznych Betonowych Odcinkowo i Konstrukcji Prefabrykowanych","breadcrumb":{"@id":"https:\/\/ugwp.cfolks.pl\/bwb\/systemy-zbrojenia-betonu\/zbrojenie-odginane-jednorzedowe-standardowe\/#breadcrumb"},"inLanguage":"pl-PL","potentialAction":[{"@type":"ReadAction","target":["https:\/\/ugwp.cfolks.pl\/bwb\/systemy-zbrojenia-betonu\/zbrojenie-odginane-jednorzedowe-standardowe\/"]}]},{"@type":"BreadcrumbList","@id":"https:\/\/ugwp.cfolks.pl\/bwb\/systemy-zbrojenia-betonu\/zbrojenie-odginane-jednorzedowe-standardowe\/#breadcrumb","itemListElement":[{"@type":"ListItem","position":1,"name":"Strona g\u0142\u00f3wna","item":"https:\/\/ugwp.cfolks.pl\/bwb\/"},{"@type":"ListItem","position":2,"name":"Systemy zbrojenia betonu","item":"https:\/\/ugwp.cfolks.pl\/bwb\/systemy-zbrojenia-betonu\/"},{"@type":"ListItem","position":3,"name":"Zbrojenie odginane jednorz\u0119dowe standardowe"}]},{"@type":"WebSite","@id":"https:\/\/ugwp.cfolks.pl\/bwb\/#website","url":"https:\/\/ugwp.cfolks.pl\/bwb\/","name":"BWB technology","description":"Kolejna witryna oparta na WordPressie","potentialAction":[{"@type":"SearchAction","target":{"@type":"EntryPoint","urlTemplate":"https:\/\/ugwp.cfolks.pl\/bwb\/?s={search_term_string}"},"query-input":{"@type":"PropertyValueSpecification","valueRequired":true,"valueName":"search_term_string"}}],"inLanguage":"pl-PL"}]}},"_links":{"self":[{"href":"https:\/\/ugwp.cfolks.pl\/bwb\/wp-json\/wp\/v2\/pages\/3409","targetHints":{"allow":["GET"]}}],"collection":[{"href":"https:\/\/ugwp.cfolks.pl\/bwb\/wp-json\/wp\/v2\/pages"}],"about":[{"href":"https:\/\/ugwp.cfolks.pl\/bwb\/wp-json\/wp\/v2\/types\/page"}],"author":[{"embeddable":true,"href":"https:\/\/ugwp.cfolks.pl\/bwb\/wp-json\/wp\/v2\/users\/1"}],"replies":[{"embeddable":true,"href":"https:\/\/ugwp.cfolks.pl\/bwb\/wp-json\/wp\/v2\/comments?post=3409"}],"version-history":[{"count":0,"href":"https:\/\/ugwp.cfolks.pl\/bwb\/wp-json\/wp\/v2\/pages\/3409\/revisions"}],"up":[{"embeddable":true,"href":"https:\/\/ugwp.cfolks.pl\/bwb\/wp-json\/wp\/v2\/pages\/3407"}],"wp:attachment":[{"href":"https:\/\/ugwp.cfolks.pl\/bwb\/wp-json\/wp\/v2\/media?parent=3409"}],"curies":[{"name":"wp","href":"https:\/\/api.w.org\/{rel}","templated":true}]}}