{"id":302,"date":"2021-03-11T18:00:34","date_gmt":"2021-03-11T17:00:34","guid":{"rendered":"https:\/\/ugwp.cfolks.pl\/bwb\/?page_id=302"},"modified":"2024-09-18T20:34:37","modified_gmt":"2024-09-18T18:34:37","slug":"kontakt","status":"publish","type":"page","link":"https:\/\/ugwp.cfolks.pl\/bwb\/kontakt\/","title":{"rendered":"Kontakt"},"content":{"rendered":"\t\t<div data-elementor-type=\"wp-page\" data-elementor-id=\"302\" class=\"elementor elementor-302\">\n\t\t\t\t\t\t<section class=\"elementor-section elementor-top-section elementor-element elementor-element-3995730 elementor-section-boxed elementor-section-height-default elementor-section-height-default\" data-id=\"3995730\" data-element_type=\"section\">\n\t\t\t\t\t\t<div class=\"elementor-container elementor-column-gap-default\">\n\t\t\t\t\t<div class=\"elementor-column elementor-col-100 elementor-top-column elementor-element elementor-element-c6e913e\" data-id=\"c6e913e\" data-element_type=\"column\">\n\t\t\t<div class=\"elementor-widget-wrap elementor-element-populated\">\n\t\t\t\t\t\t<div class=\"elementor-element elementor-element-030ea7c elementor-widget elementor-widget-heading\" data-id=\"030ea7c\" data-element_type=\"widget\" data-widget_type=\"heading.default\">\n\t\t\t\t<div class=\"elementor-widget-container\">\n\t\t\t<h1 class=\"elementor-heading-title elementor-size-default\">Skontaktuj si\u0119 z nami <\/h1>\t\t<\/div>\n\t\t\t\t<\/div>\n\t\t\t\t\t<\/div>\n\t\t<\/div>\n\t\t\t\t\t<\/div>\n\t\t<\/section>\n\t\t\t\t<section class=\"elementor-section elementor-top-section elementor-element elementor-element-67d65a9 elementor-section-boxed elementor-section-height-default elementor-section-height-default\" data-id=\"67d65a9\" data-element_type=\"section\">\n\t\t\t\t\t\t<div class=\"elementor-container elementor-column-gap-default\">\n\t\t\t\t\t<div class=\"elementor-column elementor-col-50 elementor-top-column elementor-element elementor-element-b182bc3\" data-id=\"b182bc3\" data-element_type=\"column\">\n\t\t\t<div class=\"elementor-widget-wrap elementor-element-populated\">\n\t\t\t\t\t\t<div class=\"elementor-element elementor-element-ad1ebaa elementor-widget elementor-widget-text-editor\" data-id=\"ad1ebaa\" data-element_type=\"widget\" data-widget_type=\"text-editor.default\">\n\t\t\t\t<div class=\"elementor-widget-container\">\n\t\t\t\t\t\t\t<p><strong>BWB technology<br \/><\/strong>ul. Pi\u0142sudskiego 130<br \/>26-200 Ko\u0144skie<br \/>woj. \u015bwi\u0119tokrzyskie<\/p><p>NIP: 799-128-15-05<br \/>Regon: 260047141<\/p><p>Nr rachunku bankowego PLN: 65 1240 5006 1111 0010 7465 3794<br \/>Nr rachunku bankowego EUR: 80 1240 5006 1978 0010 7465 4212<\/p><p><strong>Biuro<\/strong><\/p><p><a href=\"mailto:biuro@bwbtechnology.pl\">biuro@bwbtechnology.pl<\/a><br \/>Telefon: +48 41 20 10 727<br \/>Fax: +48 41 20 10 729<\/p>\t\t\t\t\t\t<\/div>\n\t\t\t\t<\/div>\n\t\t\t\t\t<\/div>\n\t\t<\/div>\n\t\t\t\t<div class=\"elementor-column elementor-col-50 elementor-top-column elementor-element elementor-element-93ac0ca\" data-id=\"93ac0ca\" data-element_type=\"column\">\n\t\t\t<div class=\"elementor-widget-wrap elementor-element-populated\">\n\t\t\t\t\t\t<div class=\"elementor-element elementor-element-976a0c7 elementor-widget elementor-widget-text-editor\" data-id=\"976a0c7\" data-element_type=\"widget\" data-widget_type=\"text-editor.default\">\n\t\t\t\t<div class=\"elementor-widget-container\">\n\t\t\t\t\t\t\t<p><strong>Dzia\u0142 realizacji zam\u00f3wie\u0144 i logistyki<\/strong><\/p><p>Pawe\u0142 Sobczy\u0144ski<br \/><a href=\"mailto:p.sobczynski@bwbtechnology.pl\">p.sobczynski@bwbtechnology.pl<\/a><br \/>Telefon: +48 505 867\u00a0145<\/p><p><strong>Dzia\u0142 handlowy<\/strong><\/p><p>Monika Sobczy\u0144ska<br \/><a href=\"mailto:m.sobczynska@bwbtechnology.pl\">m.sobczynska@bwbtechnology.pl<\/a><br \/>Telefon: +48\u00a0514\u00a0100\u00a0953<\/p><p>Klaudia Janiszewska<br \/><a href=\"mailto:k.janiszewska@bwbtechnology.pl\">k.janiszewska@bwbtechnology.pl<\/a><br \/>Telefon: +48 515 306 505<\/p><p><strong>Dzia\u0142 techniczny<\/strong><\/p><p>Grzegorz Muszy\u0144ski<br \/><a href=\"mailto:g.muszynski@bwbtechnolgy.pl\">g.muszynski@bwbtechnolgy.pl<\/a><br \/>Telefon: +48\u00a0504\u00a0107\u00a0703<\/p>\t\t\t\t\t\t<\/div>\n\t\t\t\t<\/div>\n\t\t\t\t\t<\/div>\n\t\t<\/div>\n\t\t\t\t\t<\/div>\n\t\t<\/section>\n\t\t\t\t<section class=\"elementor-section elementor-top-section elementor-element elementor-element-250c81f elementor-section-stretched elementor-section-boxed elementor-section-height-default elementor-section-height-default\" data-id=\"250c81f\" data-element_type=\"section\" data-settings=\"{&quot;background_background&quot;:&quot;classic&quot;,&quot;stretch_section&quot;:&quot;section-stretched&quot;}\">\n\t\t\t\t\t\t<div class=\"elementor-container elementor-column-gap-custom\">\n\t\t\t\t\t<div class=\"elementor-column elementor-col-100 elementor-top-column elementor-element elementor-element-0ae5d5b\" data-id=\"0ae5d5b\" data-element_type=\"column\">\n\t\t\t<div class=\"elementor-widget-wrap elementor-element-populated\">\n\t\t\t\t\t\t<section class=\"elementor-section elementor-inner-section elementor-element elementor-element-6cc0464 elementor-section-boxed elementor-section-height-default elementor-section-height-default\" data-id=\"6cc0464\" data-element_type=\"section\">\n\t\t\t\t\t\t<div class=\"elementor-container elementor-column-gap-default\">\n\t\t\t\t\t<div class=\"elementor-column elementor-col-50 elementor-inner-column elementor-element elementor-element-de1ac7d\" data-id=\"de1ac7d\" data-element_type=\"column\">\n\t\t\t<div class=\"elementor-widget-wrap elementor-element-populated\">\n\t\t\t\t\t\t<div class=\"elementor-element elementor-element-e8dc2b1 elementor-widget elementor-widget-heading\" data-id=\"e8dc2b1\" data-element_type=\"widget\" data-widget_type=\"heading.default\">\n\t\t\t\t<div class=\"elementor-widget-container\">\n\t\t\t<h2 class=\"elementor-heading-title elementor-size-default\">Napisz do nas<\/h2>\t\t<\/div>\n\t\t\t\t<\/div>\n\t\t\t\t<div class=\"elementor-element elementor-element-655f27a elementor-widget elementor-widget-shortcode\" data-id=\"655f27a\" data-element_type=\"widget\" data-widget_type=\"shortcode.default\">\n\t\t\t\t<div class=\"elementor-widget-container\">\n\t\t\t\t\t<div class=\"elementor-shortcode\">\n<div class=\"wpcf7 no-js\" id=\"wpcf7-f3490-o1\" lang=\"pl-PL\" dir=\"ltr\" data-wpcf7-id=\"3490\">\n<div class=\"screen-reader-response\"><p role=\"status\" aria-live=\"polite\" aria-atomic=\"true\"><\/p> <ul><\/ul><\/div>\n<form action=\"\/bwb\/wp-json\/wp\/v2\/pages\/302#wpcf7-f3490-o1\" method=\"post\" class=\"wpcf7-form init\" aria-label=\"Formularz kontaktowy\" enctype=\"multipart\/form-data\" novalidate=\"novalidate\" data-status=\"init\">\n<fieldset class=\"hidden-fields-container\"><input type=\"hidden\" name=\"_wpcf7\" value=\"3490\" \/><input type=\"hidden\" name=\"_wpcf7_version\" value=\"6.1.5\" \/><input type=\"hidden\" name=\"_wpcf7_locale\" value=\"pl_PL\" \/><input type=\"hidden\" name=\"_wpcf7_unit_tag\" value=\"wpcf7-f3490-o1\" \/><input type=\"hidden\" name=\"_wpcf7_container_post\" value=\"0\" \/><input type=\"hidden\" name=\"_wpcf7_posted_data_hash\" value=\"\" \/>\n<\/fieldset>\n<div class=\"row\">\n\t<div class=\"col-lg-6\">\n\t\t<p><label>Firma<span class=\"wpcf7-form-control-wrap\" data-name=\"firma\"><input size=\"40\" maxlength=\"400\" class=\"wpcf7-form-control wpcf7-text wpcf7-validates-as-required\" autocomplete=\"firma\" aria-required=\"true\" aria-invalid=\"false\" value=\"\" type=\"text\" name=\"firma\" \/><\/span><\/label><label>Telefon<span class=\"wpcf7-form-control-wrap\" data-name=\"telefon\"><input size=\"40\" maxlength=\"400\" class=\"wpcf7-form-control wpcf7-text wpcf7-validates-as-required\" autocomplete=\"telefon\" aria-required=\"true\" aria-invalid=\"false\" value=\"\" type=\"text\" name=\"telefon\" \/><\/span> <\/label><label>Wybierz dzia\u0142 <span class=\"wpcf7-form-control-wrap\" data-name=\"menu-283\"><select class=\"wpcf7-form-control wpcf7-select\" aria-invalid=\"false\" name=\"menu-283\"><option value=\"-- wybierz --\">-- wybierz --<\/option><option value=\"Biuro\">Biuro<\/option><option value=\"Dzia\u0142 realizacji zam\u00f3wie\u0144 i logistyki\">Dzia\u0142 realizacji zam\u00f3wie\u0144 i logistyki<\/option><option value=\"Dzia\u0142 handlowy\">Dzia\u0142 handlowy<\/option><option value=\"Dzia\u0142 techniczny\">Dzia\u0142 techniczny<\/option><\/select><\/span><\/label><label>Za\u0142\u0105cznik <span class=\"wpcf7-form-control-wrap\" data-name=\"file-21\"><input size=\"40\" class=\"wpcf7-form-control wpcf7-file\" accept=\".jpg,.png,.pdf,.jpeg,.docx,.xls,.doc,.zip,.rar\" aria-invalid=\"false\" type=\"file\" name=\"file-21\" \/><\/span><\/label>\n\t\t<\/p>\n\t<\/div>\n\t<div class=\"col-lg-6\">\n\t\t<p><label>Imi\u0119 i nazwisko <span class=\"wpcf7-form-control-wrap\" data-name=\"your-name\"><input size=\"40\" maxlength=\"400\" class=\"wpcf7-form-control wpcf7-text wpcf7-validates-as-required\" autocomplete=\"name\" aria-required=\"true\" aria-invalid=\"false\" value=\"\" type=\"text\" name=\"your-name\" \/><\/span> <\/label><label>E-mail <span class=\"wpcf7-form-control-wrap\" data-name=\"your-email\"><input size=\"40\" maxlength=\"400\" class=\"wpcf7-form-control wpcf7-email wpcf7-validates-as-required wpcf7-text wpcf7-validates-as-email\" autocomplete=\"email\" aria-required=\"true\" aria-invalid=\"false\" value=\"\" type=\"email\" name=\"your-email\" \/><\/span> <\/label><label> Twoja wiadomo\u015bci (opcjonalne) <span class=\"wpcf7-form-control-wrap\" data-name=\"your-message\"><textarea cols=\"40\" rows=\"10\" maxlength=\"2000\" class=\"wpcf7-form-control wpcf7-textarea\" aria-invalid=\"false\" name=\"your-message\"><\/textarea><\/span> <\/label>\n\t\t<\/p>\n\t<\/div>\n<\/div>\n<div class=\"akceptrodo\">\n\t<p><span class=\"wpcf7-form-control-wrap\" data-name=\"acceptance-714\"><span class=\"wpcf7-form-control wpcf7-acceptance optional\"><span class=\"wpcf7-list-item\"><label><input type=\"checkbox\" name=\"acceptance-714\" value=\"1\" class=\"rodo\" aria-invalid=\"false\" \/><span class=\"wpcf7-list-item-label\">Wyra\u017cam zgod\u0119 na przetwarzanie danych osobowych zgodnie z Rozporz\u0105dzenia Parlamentu Europejskiego i Rady (UE) 2016\/679 z dnia 27 kwietni 2016 r. (RODO) w sprawie ochrony os\u00f3b fizycznych w zwi\u0105zku z przetwarzaniem danych osobowych i w sprawie swobodnego przep\u0142ywu takich danych oraz uchylenia dyrektywy 95\/46\/WE Dziennik Urz\u0119dowy Unii Europejskiej L 119\/40 w zwi\u0105zku z wys\u0142aniem zapytania przez formularz kontaktowy. Podanie danych jest dobrowolne, ale niezb\u0119dne do przetworzenia zapytania. Zosta\u0142em poinformowany, \u017ce przys\u0142uguje mi prawo dost\u0119pu do swoich danych, mo\u017cliwo\u015bci ich poprawienia, \u017c\u0105dania zaprzestania ich przetwarzania. Administratorem danych osobowych jest firma BWB Technology, ul. Pi\u0142sudskiego 130, 26-200 Ko\u0144skie.<\/span><\/label><\/span><\/span><\/span>\n\t<\/p>\n<\/div>\n<p><input class=\"wpcf7-form-control wpcf7-submit has-spinner\" type=\"submit\" value=\"Wy\u015blij\" \/>\n<\/p><div class=\"wpcf7-response-output\" aria-hidden=\"true\"><\/div>\n<\/form>\n<\/div>\n<\/div>\n\t\t\t\t<\/div>\n\t\t\t\t<\/div>\n\t\t\t\t\t<\/div>\n\t\t<\/div>\n\t\t\t\t<div class=\"elementor-column elementor-col-50 elementor-inner-column elementor-element elementor-element-1467d0c\" data-id=\"1467d0c\" data-element_type=\"column\">\n\t\t\t<div class=\"elementor-widget-wrap elementor-element-populated\">\n\t\t\t\t\t\t<div class=\"elementor-element elementor-element-e3177ab elementor-widget elementor-widget-heading\" data-id=\"e3177ab\" data-element_type=\"widget\" data-widget_type=\"heading.default\">\n\t\t\t\t<div class=\"elementor-widget-container\">\n\t\t\t<h2 class=\"elementor-heading-title elementor-size-default\">Odwied\u017a nas<\/h2>\t\t<\/div>\n\t\t\t\t<\/div>\n\t\t\t\t<div class=\"elementor-element elementor-element-f69b264 elementor-widget elementor-widget-html\" data-id=\"f69b264\" data-element_type=\"widget\" data-widget_type=\"html.default\">\n\t\t\t\t<div class=\"elementor-widget-container\">\n\t\t\t\n<iframe style=\"border: 0;\" src=\"https:\/\/www.google.com\/maps\/embed?pb=!1m18!1m12!1m3!1d2500.2881758580297!2d20.391532616300452!3d51.19534144129149!2m3!1f0!2f0!3f0!3m2!1i1024!2i768!4f13.1!3m3!1m2!1s0x4719c91b04d38a11%3A0xcfed4bc1da92df86!2sBWB%20Technology!5e0!3m2!1spl!2spl!4v1677445430700!5m2!1spl!2spl\" width=\"100%\" height=\"450\" allowfullscreen=\"allowfullscreen\"><\/iframe>\t\t<\/div>\n\t\t\t\t<\/div>\n\t\t\t\t\t<\/div>\n\t\t<\/div>\n\t\t\t\t\t<\/div>\n\t\t<\/section>\n\t\t\t\t\t<\/div>\n\t\t<\/div>\n\t\t\t\t\t<\/div>\n\t\t<\/section>\n\t\t\t\t<\/div>\n\t\t","protected":false},"excerpt":{"rendered":"<p>Skontaktuj si\u0119 z nami BWB technologyul. Pi\u0142sudskiego 13026-200 Ko\u0144skiewoj. \u015bwi\u0119tokrzyskie NIP: 799-128-15-05Regon: 260047141 Nr rachunku bankowego PLN: 65 1240 5006 1111 0010 7465 3794Nr rachunku bankowego EUR: 80 1240 5006 1978 0010 7465 4212 Biuro biuro@bwbtechnology.plTelefon: +48 41 20 10 727Fax: +48 41 20 10 729 Dzia\u0142 realizacji zam\u00f3wie\u0144 i logistyki Pawe\u0142 Sobczy\u0144skip.sobczynski@bwbtechnology.plTelefon: +48 505 [&hellip;]<\/p>\n","protected":false},"author":1,"featured_media":0,"parent":0,"menu_order":0,"comment_status":"closed","ping_status":"closed","template":"elementor_header_footer","meta":{"_acf_changed":false,"footnotes":""},"class_list":["post-302","page","type-page","status-publish","hentry"],"acf":[],"yoast_head":"<!-- This site is optimized with the Yoast SEO plugin v27.3 - https:\/\/yoast.com\/product\/yoast-seo-wordpress\/ -->\n<title>Kontakt - BWB technology<\/title>\n<meta name=\"robots\" content=\"noindex, follow, max-snippet:-1, max-image-preview:large, max-video-preview:-1\" \/>\n<meta property=\"og:locale\" content=\"pl_PL\" \/>\n<meta property=\"og:type\" content=\"article\" \/>\n<meta property=\"og:title\" content=\"Kontakt - BWB technology\" \/>\n<meta property=\"og:description\" content=\"Skontaktuj si\u0119 z nami BWB technologyul. Pi\u0142sudskiego 13026-200 Ko\u0144skiewoj. \u015bwi\u0119tokrzyskie NIP: 799-128-15-05Regon: 260047141 Nr rachunku bankowego PLN: 65 1240 5006 1111 0010 7465 3794Nr rachunku bankowego EUR: 80 1240 5006 1978 0010 7465 4212 Biuro biuro@bwbtechnology.plTelefon: +48 41 20 10 727Fax: +48 41 20 10 729 Dzia\u0142 realizacji zam\u00f3wie\u0144 i logistyki Pawe\u0142 Sobczy\u0144skip.sobczynski@bwbtechnology.plTelefon: +48 505 [&hellip;]\" \/>\n<meta property=\"og:url\" content=\"https:\/\/ugwp.cfolks.pl\/bwb\/kontakt\/\" \/>\n<meta property=\"og:site_name\" content=\"BWB technology\" \/>\n<meta property=\"article:modified_time\" content=\"2024-09-18T18:34:37+00:00\" \/>\n<meta name=\"twitter:card\" content=\"summary_large_image\" \/>\n<meta name=\"twitter:label1\" content=\"Szacowany czas czytania\" \/>\n\t<meta name=\"twitter:data1\" content=\"1 minuta\" \/>\n<script type=\"application\/ld+json\" class=\"yoast-schema-graph\">{\"@context\":\"https:\\\/\\\/schema.org\",\"@graph\":[{\"@type\":\"WebPage\",\"@id\":\"https:\\\/\\\/ugwp.cfolks.pl\\\/bwb\\\/kontakt\\\/\",\"url\":\"https:\\\/\\\/ugwp.cfolks.pl\\\/bwb\\\/kontakt\\\/\",\"name\":\"Kontakt - BWB technology\",\"isPartOf\":{\"@id\":\"https:\\\/\\\/ugwp.cfolks.pl\\\/bwb\\\/#website\"},\"datePublished\":\"2021-03-11T17:00:34+00:00\",\"dateModified\":\"2024-09-18T18:34:37+00:00\",\"breadcrumb\":{\"@id\":\"https:\\\/\\\/ugwp.cfolks.pl\\\/bwb\\\/kontakt\\\/#breadcrumb\"},\"inLanguage\":\"pl-PL\",\"potentialAction\":[{\"@type\":\"ReadAction\",\"target\":[\"https:\\\/\\\/ugwp.cfolks.pl\\\/bwb\\\/kontakt\\\/\"]}]},{\"@type\":\"BreadcrumbList\",\"@id\":\"https:\\\/\\\/ugwp.cfolks.pl\\\/bwb\\\/kontakt\\\/#breadcrumb\",\"itemListElement\":[{\"@type\":\"ListItem\",\"position\":1,\"name\":\"Strona g\u0142\u00f3wna\",\"item\":\"https:\\\/\\\/ugwp.cfolks.pl\\\/bwb\\\/\"},{\"@type\":\"ListItem\",\"position\":2,\"name\":\"Kontakt\"}]},{\"@type\":\"WebSite\",\"@id\":\"https:\\\/\\\/ugwp.cfolks.pl\\\/bwb\\\/#website\",\"url\":\"https:\\\/\\\/ugwp.cfolks.pl\\\/bwb\\\/\",\"name\":\"BWB technology\",\"description\":\"Kolejna witryna oparta na WordPressie\",\"potentialAction\":[{\"@type\":\"SearchAction\",\"target\":{\"@type\":\"EntryPoint\",\"urlTemplate\":\"https:\\\/\\\/ugwp.cfolks.pl\\\/bwb\\\/?s={search_term_string}\"},\"query-input\":{\"@type\":\"PropertyValueSpecification\",\"valueRequired\":true,\"valueName\":\"search_term_string\"}}],\"inLanguage\":\"pl-PL\"}]}<\/script>\n<!-- \/ Yoast SEO plugin. -->","yoast_head_json":{"title":"Kontakt - BWB technology","robots":{"index":"noindex","follow":"follow","max-snippet":"max-snippet:-1","max-image-preview":"max-image-preview:large","max-video-preview":"max-video-preview:-1"},"og_locale":"pl_PL","og_type":"article","og_title":"Kontakt - BWB technology","og_description":"Skontaktuj si\u0119 z nami BWB technologyul. Pi\u0142sudskiego 13026-200 Ko\u0144skiewoj. \u015bwi\u0119tokrzyskie NIP: 799-128-15-05Regon: 260047141 Nr rachunku bankowego PLN: 65 1240 5006 1111 0010 7465 3794Nr rachunku bankowego EUR: 80 1240 5006 1978 0010 7465 4212 Biuro biuro@bwbtechnology.plTelefon: +48 41 20 10 727Fax: +48 41 20 10 729 Dzia\u0142 realizacji zam\u00f3wie\u0144 i logistyki Pawe\u0142 Sobczy\u0144skip.sobczynski@bwbtechnology.plTelefon: +48 505 [&hellip;]","og_url":"https:\/\/ugwp.cfolks.pl\/bwb\/kontakt\/","og_site_name":"BWB technology","article_modified_time":"2024-09-18T18:34:37+00:00","twitter_card":"summary_large_image","twitter_misc":{"Szacowany czas czytania":"1 minuta"},"schema":{"@context":"https:\/\/schema.org","@graph":[{"@type":"WebPage","@id":"https:\/\/ugwp.cfolks.pl\/bwb\/kontakt\/","url":"https:\/\/ugwp.cfolks.pl\/bwb\/kontakt\/","name":"Kontakt - BWB technology","isPartOf":{"@id":"https:\/\/ugwp.cfolks.pl\/bwb\/#website"},"datePublished":"2021-03-11T17:00:34+00:00","dateModified":"2024-09-18T18:34:37+00:00","breadcrumb":{"@id":"https:\/\/ugwp.cfolks.pl\/bwb\/kontakt\/#breadcrumb"},"inLanguage":"pl-PL","potentialAction":[{"@type":"ReadAction","target":["https:\/\/ugwp.cfolks.pl\/bwb\/kontakt\/"]}]},{"@type":"BreadcrumbList","@id":"https:\/\/ugwp.cfolks.pl\/bwb\/kontakt\/#breadcrumb","itemListElement":[{"@type":"ListItem","position":1,"name":"Strona g\u0142\u00f3wna","item":"https:\/\/ugwp.cfolks.pl\/bwb\/"},{"@type":"ListItem","position":2,"name":"Kontakt"}]},{"@type":"WebSite","@id":"https:\/\/ugwp.cfolks.pl\/bwb\/#website","url":"https:\/\/ugwp.cfolks.pl\/bwb\/","name":"BWB technology","description":"Kolejna witryna oparta na WordPressie","potentialAction":[{"@type":"SearchAction","target":{"@type":"EntryPoint","urlTemplate":"https:\/\/ugwp.cfolks.pl\/bwb\/?s={search_term_string}"},"query-input":{"@type":"PropertyValueSpecification","valueRequired":true,"valueName":"search_term_string"}}],"inLanguage":"pl-PL"}]}},"_links":{"self":[{"href":"https:\/\/ugwp.cfolks.pl\/bwb\/wp-json\/wp\/v2\/pages\/302","targetHints":{"allow":["GET"]}}],"collection":[{"href":"https:\/\/ugwp.cfolks.pl\/bwb\/wp-json\/wp\/v2\/pages"}],"about":[{"href":"https:\/\/ugwp.cfolks.pl\/bwb\/wp-json\/wp\/v2\/types\/page"}],"author":[{"embeddable":true,"href":"https:\/\/ugwp.cfolks.pl\/bwb\/wp-json\/wp\/v2\/users\/1"}],"replies":[{"embeddable":true,"href":"https:\/\/ugwp.cfolks.pl\/bwb\/wp-json\/wp\/v2\/comments?post=302"}],"version-history":[{"count":60,"href":"https:\/\/ugwp.cfolks.pl\/bwb\/wp-json\/wp\/v2\/pages\/302\/revisions"}],"predecessor-version":[{"id":6668,"href":"https:\/\/ugwp.cfolks.pl\/bwb\/wp-json\/wp\/v2\/pages\/302\/revisions\/6668"}],"wp:attachment":[{"href":"https:\/\/ugwp.cfolks.pl\/bwb\/wp-json\/wp\/v2\/media?parent=302"}],"curies":[{"name":"wp","href":"https:\/\/api.w.org\/{rel}","templated":true}]}}