{"id":2894,"date":"2023-01-02T07:58:23","date_gmt":"2023-01-02T06:58:23","guid":{"rendered":"https:\/\/ugwp.cfolks.pl\/bwb\/?page_id=2894"},"modified":"2024-10-21T17:45:56","modified_gmt":"2024-10-21T15:45:56","slug":"uszczelnienia-zewnetrzne","status":"publish","type":"page","link":"https:\/\/ugwp.cfolks.pl\/bwb\/wodoszczelne-przejscia-instalacyjne\/uszczelnienia-zewnetrzne\/","title":{"rendered":"Uszczelnienia zewn\u0119trzne"},"content":{"rendered":"<div class=\"row kategoria-produktow\">\n<div class=\"col-lg-3\"><a href=\"https:\/\/ugwp.cfolks.pl\/bwb\/produkt\/kolnierz-zaciskowy-z-izolacja-kraso-fkf\/\" ><img width=\"100%\" height=\"auto\" src=\"https:\/\/ugwp.cfolks.pl\/bwb\/wp-content\/uploads\/Kolnierz-zaciskowy-z-izolacja-KRASO\u00ae-FKF-przed-sciana-640x471.jpg\"  alt=\"Ko\u0142nierz zaciskowy z izolacj\u0105 KRASO\u00ae FKF - przed \u015bcian\u0105\" decoding=\"async\" loading=\"lazy\" srcset=\"https:\/\/ugwp.cfolks.pl\/bwb\/wp-content\/uploads\/Kolnierz-zaciskowy-z-izolacja-KRASO\u00ae-FKF-przed-sciana-640x471.jpg 640w, https:\/\/ugwp.cfolks.pl\/bwb\/wp-content\/uploads\/Kolnierz-zaciskowy-z-izolacja-KRASO\u00ae-FKF-przed-sciana-300x221.jpg 300w, https:\/\/ugwp.cfolks.pl\/bwb\/wp-content\/uploads\/Kolnierz-zaciskowy-z-izolacja-KRASO\u00ae-FKF-przed-sciana-1024x754.jpg 1024w, https:\/\/ugwp.cfolks.pl\/bwb\/wp-content\/uploads\/Kolnierz-zaciskowy-z-izolacja-KRASO\u00ae-FKF-przed-sciana-150x110.jpg 150w, https:\/\/ugwp.cfolks.pl\/bwb\/wp-content\/uploads\/Kolnierz-zaciskowy-z-izolacja-KRASO\u00ae-FKF-przed-sciana-768x566.jpg 768w, https:\/\/ugwp.cfolks.pl\/bwb\/wp-content\/uploads\/Kolnierz-zaciskowy-z-izolacja-KRASO\u00ae-FKF-przed-sciana.jpg 1100w\" sizes=\"auto, (max-width: 640px) 100vw, 640px\" \/><\/p>\n<h2>Ko\u0142nierz zaciskowy z izolacj\u0105 KRASO\u00ae FKF<\/h2>\n<p><\/a><\/div>\n<div class=\"col-lg-3\"><a href=\"https:\/\/ugwp.cfolks.pl\/bwb\/produkt\/kolnierz-zaciskowy-z-izolacja-kraso-fkf-dd-gr\/\" ><img width=\"100%\" height=\"auto\" src=\"https:\/\/ugwp.cfolks.pl\/bwb\/wp-content\/uploads\/Kolnierz-zaciskowy-z-izolacja-KRASO\u00ae-FKF-DD-GR-640x471.jpg\"  alt=\"Ko\u0142nierz zaciskowy z izolacj\u0105 KRASO\u00ae FKF DD \/ GR\" decoding=\"async\" loading=\"lazy\" srcset=\"https:\/\/ugwp.cfolks.pl\/bwb\/wp-content\/uploads\/Kolnierz-zaciskowy-z-izolacja-KRASO\u00ae-FKF-DD-GR-640x471.jpg 640w, https:\/\/ugwp.cfolks.pl\/bwb\/wp-content\/uploads\/Kolnierz-zaciskowy-z-izolacja-KRASO\u00ae-FKF-DD-GR-300x221.jpg 300w, https:\/\/ugwp.cfolks.pl\/bwb\/wp-content\/uploads\/Kolnierz-zaciskowy-z-izolacja-KRASO\u00ae-FKF-DD-GR-1024x754.jpg 1024w, https:\/\/ugwp.cfolks.pl\/bwb\/wp-content\/uploads\/Kolnierz-zaciskowy-z-izolacja-KRASO\u00ae-FKF-DD-GR-150x110.jpg 150w, https:\/\/ugwp.cfolks.pl\/bwb\/wp-content\/uploads\/Kolnierz-zaciskowy-z-izolacja-KRASO\u00ae-FKF-DD-GR-768x566.jpg 768w, https:\/\/ugwp.cfolks.pl\/bwb\/wp-content\/uploads\/Kolnierz-zaciskowy-z-izolacja-KRASO\u00ae-FKF-DD-GR.jpg 1100w\" sizes=\"auto, (max-width: 640px) 100vw, 640px\" \/><\/p>\n<h2>Ko\u0142nierz zaciskowy z izolacj\u0105 KRASO\u00ae FKF DD \/ GR<\/h2>\n<p><\/a><\/div>\n<div class=\"col-lg-3\"><a href=\"https:\/\/ugwp.cfolks.pl\/bwb\/produkt\/kolnierz-zaciskowy-z-izolacja-kraso-fkf-uniwersalny\/\" ><img width=\"100%\" height=\"auto\" src=\"https:\/\/ugwp.cfolks.pl\/bwb\/wp-content\/uploads\/Kolnierz-zaciskowy-z-izolacja-KRASO\u00ae-FKF-uniwersalny-640x471.jpg\"  alt=\"Ko\u0142nierz zaciskowy z izolacj\u0105 KRASO\u00ae FKF - uniwersalny\" decoding=\"async\" loading=\"lazy\" srcset=\"https:\/\/ugwp.cfolks.pl\/bwb\/wp-content\/uploads\/Kolnierz-zaciskowy-z-izolacja-KRASO\u00ae-FKF-uniwersalny-640x471.jpg 640w, https:\/\/ugwp.cfolks.pl\/bwb\/wp-content\/uploads\/Kolnierz-zaciskowy-z-izolacja-KRASO\u00ae-FKF-uniwersalny-300x221.jpg 300w, https:\/\/ugwp.cfolks.pl\/bwb\/wp-content\/uploads\/Kolnierz-zaciskowy-z-izolacja-KRASO\u00ae-FKF-uniwersalny-1024x754.jpg 1024w, https:\/\/ugwp.cfolks.pl\/bwb\/wp-content\/uploads\/Kolnierz-zaciskowy-z-izolacja-KRASO\u00ae-FKF-uniwersalny-150x110.jpg 150w, https:\/\/ugwp.cfolks.pl\/bwb\/wp-content\/uploads\/Kolnierz-zaciskowy-z-izolacja-KRASO\u00ae-FKF-uniwersalny-768x566.jpg 768w, https:\/\/ugwp.cfolks.pl\/bwb\/wp-content\/uploads\/Kolnierz-zaciskowy-z-izolacja-KRASO\u00ae-FKF-uniwersalny.jpg 1100w\" sizes=\"auto, (max-width: 640px) 100vw, 640px\" \/><\/p>\n<h2>Ko\u0142nierz zaciskowy z izolacj\u0105 KRASO\u00ae FKF uniwersalny<\/h2>\n<p><\/a><\/div>\n<div class=\"col-lg-3\"><a href=\"https:\/\/ugwp.cfolks.pl\/bwb\/produkt\/plyta-kolnierzowa-z-tworzywa-sztucznego-kraso-kfp\/\" ><img width=\"100%\" height=\"auto\" src=\"https:\/\/ugwp.cfolks.pl\/bwb\/wp-content\/uploads\/Plyta-kolnierzowa-z-tworzywa-sztucznego-KRASO%C2%AE-KFP-1.jpg\"  alt=\"P\u0142yta ko\u0142nierzowa z tworzywa sztucznego KRASO\u00ae KFP\" decoding=\"async\" loading=\"lazy\"\/><\/p>\n<h2>P\u0142yta ko\u0142nierzowa z tworzywa sztucznego KRASO\u00ae KFP<\/h2>\n<p><\/a><\/div>\n<div class=\"col-lg-3\"><a href=\"https:\/\/ugwp.cfolks.pl\/bwb\/produkt\/plyta-wielokolnierzowa-kraso-mfp\/\" ><img width=\"100%\" height=\"auto\" src=\"https:\/\/ugwp.cfolks.pl\/bwb\/wp-content\/uploads\/Plyta-wielokolnierzowa-KRASO\u00ae-MFP-640x471.jpg\"  alt=\"P\u0142yta wieloko\u0142nierzowa KRASO\u00ae MFP\" decoding=\"async\" loading=\"lazy\" srcset=\"https:\/\/ugwp.cfolks.pl\/bwb\/wp-content\/uploads\/Plyta-wielokolnierzowa-KRASO\u00ae-MFP-640x471.jpg 640w, https:\/\/ugwp.cfolks.pl\/bwb\/wp-content\/uploads\/Plyta-wielokolnierzowa-KRASO\u00ae-MFP-300x221.jpg 300w, https:\/\/ugwp.cfolks.pl\/bwb\/wp-content\/uploads\/Plyta-wielokolnierzowa-KRASO\u00ae-MFP-1024x754.jpg 1024w, https:\/\/ugwp.cfolks.pl\/bwb\/wp-content\/uploads\/Plyta-wielokolnierzowa-KRASO\u00ae-MFP-150x110.jpg 150w, https:\/\/ugwp.cfolks.pl\/bwb\/wp-content\/uploads\/Plyta-wielokolnierzowa-KRASO\u00ae-MFP-768x566.jpg 768w, https:\/\/ugwp.cfolks.pl\/bwb\/wp-content\/uploads\/Plyta-wielokolnierzowa-KRASO\u00ae-MFP.jpg 1100w\" sizes=\"auto, (max-width: 640px) 100vw, 640px\" \/><\/p>\n<h2>P\u0142yta wieloko\u0142nierzowa KRASO\u00ae MFP<\/h2>\n<p><\/a><\/div>\n<div class=\"col-lg-3\"><a href=\"https:\/\/ugwp.cfolks.pl\/bwb\/produkt\/plyta-kolnierzowa-z-tworzywa-sztucznego-kraso-kfp-dzielona\/\" > <img decoding=\"async\" width=\"100%\" height=\"auto\" src=\"https:\/\/ugwp.cfolks.pl\/bwb\/wp-content\/uploads\/Plyta-kolnierzowa-z-tworzywa-sztucznego-KRASO%C2%AE-KFP-dzielona-1.jpg\" alt=\"P\u0142yta ko\u0142nierzowa z tworzywa sztucznego KRASO\u00ae KFP dzielona\" \/><\/p>\n<h2>P\u0142yta ko\u0142nierzowa z tworzywa sztucznego KRASO\u00ae KFP dzielona<\/h2>\n<p><\/a><\/div>\n<div class=\"col-lg-3\"><a href=\"https:\/\/ugwp.cfolks.pl\/bwb\/produkt\/rura-oslonowa-kraso-fl-za-kolnierz-stalo-przesuwny-mocowany-na-kolki\/\" ><img width=\"100%\" height=\"auto\" src=\"https:\/\/ugwp.cfolks.pl\/bwb\/wp-content\/uploads\/Rura-oslonowa-KRASO\u00ae-FL-ZA-\u2013-kolnierz-stalo-przesuwny-mocowany-na-kolki-640x471.jpg\"  alt=\"Rura os\u0142onowa KRASO\u00ae FL \/ ZA \u2013 ko\u0142nierz sta\u0142o-przesuwny mocowany na ko\u0142ki\" decoding=\"async\" loading=\"lazy\" srcset=\"https:\/\/ugwp.cfolks.pl\/bwb\/wp-content\/uploads\/Rura-oslonowa-KRASO\u00ae-FL-ZA-\u2013-kolnierz-stalo-przesuwny-mocowany-na-kolki-640x471.jpg 640w, https:\/\/ugwp.cfolks.pl\/bwb\/wp-content\/uploads\/Rura-oslonowa-KRASO\u00ae-FL-ZA-\u2013-kolnierz-stalo-przesuwny-mocowany-na-kolki-300x221.jpg 300w, https:\/\/ugwp.cfolks.pl\/bwb\/wp-content\/uploads\/Rura-oslonowa-KRASO\u00ae-FL-ZA-\u2013-kolnierz-stalo-przesuwny-mocowany-na-kolki-1024x754.jpg 1024w, https:\/\/ugwp.cfolks.pl\/bwb\/wp-content\/uploads\/Rura-oslonowa-KRASO\u00ae-FL-ZA-\u2013-kolnierz-stalo-przesuwny-mocowany-na-kolki-150x110.jpg 150w, https:\/\/ugwp.cfolks.pl\/bwb\/wp-content\/uploads\/Rura-oslonowa-KRASO\u00ae-FL-ZA-\u2013-kolnierz-stalo-przesuwny-mocowany-na-kolki-768x566.jpg 768w, https:\/\/ugwp.cfolks.pl\/bwb\/wp-content\/uploads\/Rura-oslonowa-KRASO\u00ae-FL-ZA-\u2013-kolnierz-stalo-przesuwny-mocowany-na-kolki.jpg 1100w\" sizes=\"auto, (max-width: 640px) 100vw, 640px\" \/><\/p>\n<h2>Rura os\u0142onowa KRASO\u00ae FL \/ ZA \u2013 ko\u0142nierz sta\u0142o-przesuwny [&#8230;]<\/h2>\n<p><\/a><\/div>\n<div class=\"col-lg-3\"><a href=\"https:\/\/ugwp.cfolks.pl\/bwb\/produkt\/rura-oslonowa-kraso-fl-ze-kolnierz-stalo-przesuwny-do-zabetonowania\/\" ><img width=\"100%\" height=\"auto\" src=\"https:\/\/ugwp.cfolks.pl\/bwb\/wp-content\/uploads\/Rura-oslonowa-KRASO\u00ae-FL-ZE-\u2013-kolnierz-stalo-przesuwny-do-zabetonowania-640x471.jpg\"  alt=\"Rura os\u0142onowa KRASO\u00ae FL \/ ZE \u2013 ko\u0142nierz sta\u0142o-przesuwny do zabetonowania\" decoding=\"async\" loading=\"lazy\" srcset=\"https:\/\/ugwp.cfolks.pl\/bwb\/wp-content\/uploads\/Rura-oslonowa-KRASO\u00ae-FL-ZE-\u2013-kolnierz-stalo-przesuwny-do-zabetonowania-640x471.jpg 640w, https:\/\/ugwp.cfolks.pl\/bwb\/wp-content\/uploads\/Rura-oslonowa-KRASO\u00ae-FL-ZE-\u2013-kolnierz-stalo-przesuwny-do-zabetonowania-300x221.jpg 300w, https:\/\/ugwp.cfolks.pl\/bwb\/wp-content\/uploads\/Rura-oslonowa-KRASO\u00ae-FL-ZE-\u2013-kolnierz-stalo-przesuwny-do-zabetonowania-1024x754.jpg 1024w, https:\/\/ugwp.cfolks.pl\/bwb\/wp-content\/uploads\/Rura-oslonowa-KRASO\u00ae-FL-ZE-\u2013-kolnierz-stalo-przesuwny-do-zabetonowania-150x110.jpg 150w, https:\/\/ugwp.cfolks.pl\/bwb\/wp-content\/uploads\/Rura-oslonowa-KRASO\u00ae-FL-ZE-\u2013-kolnierz-stalo-przesuwny-do-zabetonowania-768x566.jpg 768w, https:\/\/ugwp.cfolks.pl\/bwb\/wp-content\/uploads\/Rura-oslonowa-KRASO\u00ae-FL-ZE-\u2013-kolnierz-stalo-przesuwny-do-zabetonowania.jpg 1100w\" sizes=\"auto, (max-width: 640px) 100vw, 640px\" \/><\/p>\n<h2>Rura os\u0142onowa KRASO\u00ae FL \/ ZE \u2013 ko\u0142nierz sta\u0142o-przesuwny [&#8230;]<\/h2>\n<p><\/a><\/div>\n<div class=\"col-lg-3\"><a href=\"https:\/\/ugwp.cfolks.pl\/bwb\/produkt\/wklad-uszczelniajacy-kraso-fl-kolnierz-stalo-przesuwny\/\" ><img width=\"100%\" height=\"auto\" src=\"https:\/\/ugwp.cfolks.pl\/bwb\/wp-content\/uploads\/Wklad-uszczelniajacy-KRASO\u00ae-FL-\u2013-kolnierz-stalo-przesuwny-640x471.jpg\"  alt=\"Wk\u0142ad uszczelniaj\u0105cy KRASO\u00ae FL \u2013 ko\u0142nierz sta\u0142o-przesuwny\" decoding=\"async\" loading=\"lazy\" srcset=\"https:\/\/ugwp.cfolks.pl\/bwb\/wp-content\/uploads\/Wklad-uszczelniajacy-KRASO\u00ae-FL-\u2013-kolnierz-stalo-przesuwny-640x471.jpg 640w, https:\/\/ugwp.cfolks.pl\/bwb\/wp-content\/uploads\/Wklad-uszczelniajacy-KRASO\u00ae-FL-\u2013-kolnierz-stalo-przesuwny-300x221.jpg 300w, https:\/\/ugwp.cfolks.pl\/bwb\/wp-content\/uploads\/Wklad-uszczelniajacy-KRASO\u00ae-FL-\u2013-kolnierz-stalo-przesuwny-1024x754.jpg 1024w, https:\/\/ugwp.cfolks.pl\/bwb\/wp-content\/uploads\/Wklad-uszczelniajacy-KRASO\u00ae-FL-\u2013-kolnierz-stalo-przesuwny-150x110.jpg 150w, https:\/\/ugwp.cfolks.pl\/bwb\/wp-content\/uploads\/Wklad-uszczelniajacy-KRASO\u00ae-FL-\u2013-kolnierz-stalo-przesuwny-768x566.jpg 768w, https:\/\/ugwp.cfolks.pl\/bwb\/wp-content\/uploads\/Wklad-uszczelniajacy-KRASO\u00ae-FL-\u2013-kolnierz-stalo-przesuwny.jpg 1100w\" sizes=\"auto, (max-width: 640px) 100vw, 640px\" \/><\/p>\n<h2>Wk\u0142ad uszczelniaj\u0105cy KRASO\u00ae FL \u2013 ko\u0142nierz sta\u0142o-przesuwny<\/h2>\n<p><\/a><\/div>\n<div class=\"col-lg-3\"><a href=\"https:\/\/ugwp.cfolks.pl\/bwb\/produkt\/plyta-kolnierzowa-kraso-stal-nierdzewna-v2a\/\" ><img width=\"100%\" height=\"auto\" src=\"https:\/\/ugwp.cfolks.pl\/bwb\/wp-content\/uploads\/Plyta-kolnierzowa-KRASO\u00ae-stal-nierdzewna-V2A-640x471.jpg\"  alt=\"P\u0142yta ko\u0142nierzowa KRASO\u00ae stal nierdzewna V2A\" decoding=\"async\" loading=\"lazy\" srcset=\"https:\/\/ugwp.cfolks.pl\/bwb\/wp-content\/uploads\/Plyta-kolnierzowa-KRASO\u00ae-stal-nierdzewna-V2A-640x471.jpg 640w, https:\/\/ugwp.cfolks.pl\/bwb\/wp-content\/uploads\/Plyta-kolnierzowa-KRASO\u00ae-stal-nierdzewna-V2A-300x221.jpg 300w, https:\/\/ugwp.cfolks.pl\/bwb\/wp-content\/uploads\/Plyta-kolnierzowa-KRASO\u00ae-stal-nierdzewna-V2A-1024x754.jpg 1024w, https:\/\/ugwp.cfolks.pl\/bwb\/wp-content\/uploads\/Plyta-kolnierzowa-KRASO\u00ae-stal-nierdzewna-V2A-150x110.jpg 150w, https:\/\/ugwp.cfolks.pl\/bwb\/wp-content\/uploads\/Plyta-kolnierzowa-KRASO\u00ae-stal-nierdzewna-V2A-768x566.jpg 768w, https:\/\/ugwp.cfolks.pl\/bwb\/wp-content\/uploads\/Plyta-kolnierzowa-KRASO\u00ae-stal-nierdzewna-V2A.jpg 1100w\" sizes=\"auto, (max-width: 640px) 100vw, 640px\" \/><\/p>\n<h2>P\u0142yta ko\u0142nierzowa KRASO\u00ae stal nierdzewna V2A<\/h2>\n<p><\/a><\/div>\n<div class=\"col-lg-3\"><a href=\"https:\/\/ugwp.cfolks.pl\/bwb\/produkt\/plyta-kolnierzowa-kraso-cynkowana-galwanicznie\/\" ><img width=\"100%\" height=\"auto\" src=\"https:\/\/ugwp.cfolks.pl\/bwb\/wp-content\/uploads\/Plyta-kolnierzowa-KRASO\u00ae-cynkowana-galwanicznie-640x471.jpg\"  alt=\"P\u0142yta ko\u0142nierzowa KRASO\u00ae cynkowana galwanicznie\" decoding=\"async\" loading=\"lazy\" srcset=\"https:\/\/ugwp.cfolks.pl\/bwb\/wp-content\/uploads\/Plyta-kolnierzowa-KRASO\u00ae-cynkowana-galwanicznie-640x471.jpg 640w, https:\/\/ugwp.cfolks.pl\/bwb\/wp-content\/uploads\/Plyta-kolnierzowa-KRASO\u00ae-cynkowana-galwanicznie-300x221.jpg 300w, https:\/\/ugwp.cfolks.pl\/bwb\/wp-content\/uploads\/Plyta-kolnierzowa-KRASO\u00ae-cynkowana-galwanicznie-1024x754.jpg 1024w, https:\/\/ugwp.cfolks.pl\/bwb\/wp-content\/uploads\/Plyta-kolnierzowa-KRASO\u00ae-cynkowana-galwanicznie-150x110.jpg 150w, https:\/\/ugwp.cfolks.pl\/bwb\/wp-content\/uploads\/Plyta-kolnierzowa-KRASO\u00ae-cynkowana-galwanicznie-768x566.jpg 768w, https:\/\/ugwp.cfolks.pl\/bwb\/wp-content\/uploads\/Plyta-kolnierzowa-KRASO\u00ae-cynkowana-galwanicznie.jpg 1100w\" sizes=\"auto, (max-width: 640px) 100vw, 640px\" \/><\/p>\n<h2>P\u0142yta ko\u0142nierzowa KRASO\u00ae cynkowana galwanicznie<\/h2>\n<p><\/a><\/div>\n<\/div>\n","protected":false},"excerpt":{"rendered":"<p>Ko\u0142nierz zaciskowy z izolacj\u0105 KRASO\u00ae FKF Ko\u0142nierz zaciskowy z izolacj\u0105 KRASO\u00ae FKF DD \/ GR Ko\u0142nierz zaciskowy z izolacj\u0105 KRASO\u00ae FKF uniwersalny P\u0142yta ko\u0142nierzowa z tworzywa sztucznego KRASO\u00ae KFP P\u0142yta wieloko\u0142nierzowa KRASO\u00ae MFP P\u0142yta ko\u0142nierzowa z tworzywa sztucznego KRASO\u00ae KFP dzielona Rura os\u0142onowa KRASO\u00ae FL \/ ZA \u2013 ko\u0142nierz sta\u0142o-przesuwny [&#8230;] Rura os\u0142onowa KRASO\u00ae FL [&hellip;]<\/p>\n","protected":false},"author":1,"featured_media":0,"parent":2111,"menu_order":0,"comment_status":"closed","ping_status":"closed","template":"page-kategoria-produktow.php","meta":{"_acf_changed":false,"footnotes":""},"class_list":["post-2894","page","type-page","status-publish","hentry"],"acf":[],"yoast_head":"<!-- This site is optimized with the Yoast SEO plugin v27.3 - https:\/\/yoast.com\/product\/yoast-seo-wordpress\/ -->\n<title>Uszczelnienia Zewn\u0119trzne KRASO\u00ae Innowacyjne Produkty<\/title>\n<meta name=\"description\" content=\"Wodoszczelne Uszczelnienia Zewn\u0119trzne Ko\u0142nierze Zaciskowe z Izolacj\u0105 Uniwersalne P\u0142yty Ko\u0142nierzowe Wieloko\u0142nierzowe Rury Os\u0142onowe Wk\u0142ady Uszczelniaj\u0105ce\" \/>\n<meta name=\"robots\" content=\"noindex, follow, max-snippet:-1, max-image-preview:large, max-video-preview:-1\" \/>\n<meta property=\"og:locale\" content=\"pl_PL\" \/>\n<meta property=\"og:type\" content=\"article\" \/>\n<meta property=\"og:title\" content=\"Uszczelnienia Zewn\u0119trzne KRASO\u00ae Innowacyjne Produkty\" \/>\n<meta property=\"og:description\" content=\"Wodoszczelne Uszczelnienia Zewn\u0119trzne Ko\u0142nierze Zaciskowe z Izolacj\u0105 Uniwersalne P\u0142yty Ko\u0142nierzowe Wieloko\u0142nierzowe Rury Os\u0142onowe Wk\u0142ady Uszczelniaj\u0105ce\" \/>\n<meta property=\"og:url\" content=\"https:\/\/ugwp.cfolks.pl\/bwb\/wodoszczelne-przejscia-instalacyjne\/uszczelnienia-zewnetrzne\/\" \/>\n<meta property=\"og:site_name\" content=\"BWB technology\" \/>\n<meta property=\"article:modified_time\" content=\"2024-10-21T15:45:56+00:00\" \/>\n<meta property=\"og:image\" content=\"https:\/\/ugwp.cfolks.pl\/bwb\/wp-content\/uploads\/Plyta-kolnierzowa-z-tworzywa-sztucznego-KRASO%C2%AE-KFP-1.jpg\" \/>\n<meta name=\"twitter:card\" content=\"summary_large_image\" \/>\n<meta name=\"twitter:label1\" content=\"Szacowany czas czytania\" \/>\n\t<meta name=\"twitter:data1\" content=\"3 minuty\" \/>\n<script type=\"application\/ld+json\" class=\"yoast-schema-graph\">{\"@context\":\"https:\\\/\\\/schema.org\",\"@graph\":[{\"@type\":\"WebPage\",\"@id\":\"https:\\\/\\\/ugwp.cfolks.pl\\\/bwb\\\/wodoszczelne-przejscia-instalacyjne\\\/uszczelnienia-zewnetrzne\\\/\",\"url\":\"https:\\\/\\\/ugwp.cfolks.pl\\\/bwb\\\/wodoszczelne-przejscia-instalacyjne\\\/uszczelnienia-zewnetrzne\\\/\",\"name\":\"Uszczelnienia Zewn\u0119trzne KRASO\u00ae Innowacyjne Produkty\",\"isPartOf\":{\"@id\":\"https:\\\/\\\/ugwp.cfolks.pl\\\/bwb\\\/#website\"},\"primaryImageOfPage\":{\"@id\":\"https:\\\/\\\/ugwp.cfolks.pl\\\/bwb\\\/wodoszczelne-przejscia-instalacyjne\\\/uszczelnienia-zewnetrzne\\\/#primaryimage\"},\"image\":{\"@id\":\"https:\\\/\\\/ugwp.cfolks.pl\\\/bwb\\\/wodoszczelne-przejscia-instalacyjne\\\/uszczelnienia-zewnetrzne\\\/#primaryimage\"},\"thumbnailUrl\":\"https:\\\/\\\/ugwp.cfolks.pl\\\/bwb\\\/wp-content\\\/uploads\\\/Plyta-kolnierzowa-z-tworzywa-sztucznego-KRASO%C2%AE-KFP-1.jpg\",\"datePublished\":\"2023-01-02T06:58:23+00:00\",\"dateModified\":\"2024-10-21T15:45:56+00:00\",\"description\":\"Wodoszczelne Uszczelnienia Zewn\u0119trzne Ko\u0142nierze Zaciskowe z Izolacj\u0105 Uniwersalne P\u0142yty Ko\u0142nierzowe Wieloko\u0142nierzowe Rury Os\u0142onowe Wk\u0142ady Uszczelniaj\u0105ce\",\"breadcrumb\":{\"@id\":\"https:\\\/\\\/ugwp.cfolks.pl\\\/bwb\\\/wodoszczelne-przejscia-instalacyjne\\\/uszczelnienia-zewnetrzne\\\/#breadcrumb\"},\"inLanguage\":\"pl-PL\",\"potentialAction\":[{\"@type\":\"ReadAction\",\"target\":[\"https:\\\/\\\/ugwp.cfolks.pl\\\/bwb\\\/wodoszczelne-przejscia-instalacyjne\\\/uszczelnienia-zewnetrzne\\\/\"]}]},{\"@type\":\"ImageObject\",\"inLanguage\":\"pl-PL\",\"@id\":\"https:\\\/\\\/ugwp.cfolks.pl\\\/bwb\\\/wodoszczelne-przejscia-instalacyjne\\\/uszczelnienia-zewnetrzne\\\/#primaryimage\",\"url\":\"https:\\\/\\\/ugwp.cfolks.pl\\\/bwb\\\/wp-content\\\/uploads\\\/Plyta-kolnierzowa-z-tworzywa-sztucznego-KRASO%C2%AE-KFP-1.jpg\",\"contentUrl\":\"https:\\\/\\\/ugwp.cfolks.pl\\\/bwb\\\/wp-content\\\/uploads\\\/Plyta-kolnierzowa-z-tworzywa-sztucznego-KRASO%C2%AE-KFP-1.jpg\"},{\"@type\":\"BreadcrumbList\",\"@id\":\"https:\\\/\\\/ugwp.cfolks.pl\\\/bwb\\\/wodoszczelne-przejscia-instalacyjne\\\/uszczelnienia-zewnetrzne\\\/#breadcrumb\",\"itemListElement\":[{\"@type\":\"ListItem\",\"position\":1,\"name\":\"Strona g\u0142\u00f3wna\",\"item\":\"https:\\\/\\\/ugwp.cfolks.pl\\\/bwb\\\/\"},{\"@type\":\"ListItem\",\"position\":2,\"name\":\"Wodoszczelne Przej\u015bcia Instalacyjne\",\"item\":\"https:\\\/\\\/ugwp.cfolks.pl\\\/bwb\\\/wodoszczelne-przejscia-instalacyjne\\\/\"},{\"@type\":\"ListItem\",\"position\":3,\"name\":\"Uszczelnienia zewn\u0119trzne\"}]},{\"@type\":\"WebSite\",\"@id\":\"https:\\\/\\\/ugwp.cfolks.pl\\\/bwb\\\/#website\",\"url\":\"https:\\\/\\\/ugwp.cfolks.pl\\\/bwb\\\/\",\"name\":\"BWB technology\",\"description\":\"Kolejna witryna oparta na WordPressie\",\"potentialAction\":[{\"@type\":\"SearchAction\",\"target\":{\"@type\":\"EntryPoint\",\"urlTemplate\":\"https:\\\/\\\/ugwp.cfolks.pl\\\/bwb\\\/?s={search_term_string}\"},\"query-input\":{\"@type\":\"PropertyValueSpecification\",\"valueRequired\":true,\"valueName\":\"search_term_string\"}}],\"inLanguage\":\"pl-PL\"}]}<\/script>\n<!-- \/ Yoast SEO plugin. -->","yoast_head_json":{"title":"Uszczelnienia Zewn\u0119trzne KRASO\u00ae Innowacyjne Produkty","description":"Wodoszczelne Uszczelnienia Zewn\u0119trzne Ko\u0142nierze Zaciskowe z Izolacj\u0105 Uniwersalne P\u0142yty Ko\u0142nierzowe Wieloko\u0142nierzowe Rury Os\u0142onowe Wk\u0142ady Uszczelniaj\u0105ce","robots":{"index":"noindex","follow":"follow","max-snippet":"max-snippet:-1","max-image-preview":"max-image-preview:large","max-video-preview":"max-video-preview:-1"},"og_locale":"pl_PL","og_type":"article","og_title":"Uszczelnienia Zewn\u0119trzne KRASO\u00ae Innowacyjne Produkty","og_description":"Wodoszczelne Uszczelnienia Zewn\u0119trzne Ko\u0142nierze Zaciskowe z Izolacj\u0105 Uniwersalne P\u0142yty Ko\u0142nierzowe Wieloko\u0142nierzowe Rury Os\u0142onowe Wk\u0142ady Uszczelniaj\u0105ce","og_url":"https:\/\/ugwp.cfolks.pl\/bwb\/wodoszczelne-przejscia-instalacyjne\/uszczelnienia-zewnetrzne\/","og_site_name":"BWB technology","article_modified_time":"2024-10-21T15:45:56+00:00","og_image":[{"url":"https:\/\/ugwp.cfolks.pl\/bwb\/wp-content\/uploads\/Plyta-kolnierzowa-z-tworzywa-sztucznego-KRASO%C2%AE-KFP-1.jpg","type":"","width":"","height":""}],"twitter_card":"summary_large_image","twitter_misc":{"Szacowany czas czytania":"3 minuty"},"schema":{"@context":"https:\/\/schema.org","@graph":[{"@type":"WebPage","@id":"https:\/\/ugwp.cfolks.pl\/bwb\/wodoszczelne-przejscia-instalacyjne\/uszczelnienia-zewnetrzne\/","url":"https:\/\/ugwp.cfolks.pl\/bwb\/wodoszczelne-przejscia-instalacyjne\/uszczelnienia-zewnetrzne\/","name":"Uszczelnienia Zewn\u0119trzne KRASO\u00ae Innowacyjne Produkty","isPartOf":{"@id":"https:\/\/ugwp.cfolks.pl\/bwb\/#website"},"primaryImageOfPage":{"@id":"https:\/\/ugwp.cfolks.pl\/bwb\/wodoszczelne-przejscia-instalacyjne\/uszczelnienia-zewnetrzne\/#primaryimage"},"image":{"@id":"https:\/\/ugwp.cfolks.pl\/bwb\/wodoszczelne-przejscia-instalacyjne\/uszczelnienia-zewnetrzne\/#primaryimage"},"thumbnailUrl":"https:\/\/ugwp.cfolks.pl\/bwb\/wp-content\/uploads\/Plyta-kolnierzowa-z-tworzywa-sztucznego-KRASO%C2%AE-KFP-1.jpg","datePublished":"2023-01-02T06:58:23+00:00","dateModified":"2024-10-21T15:45:56+00:00","description":"Wodoszczelne Uszczelnienia Zewn\u0119trzne Ko\u0142nierze Zaciskowe z Izolacj\u0105 Uniwersalne P\u0142yty Ko\u0142nierzowe Wieloko\u0142nierzowe Rury Os\u0142onowe Wk\u0142ady Uszczelniaj\u0105ce","breadcrumb":{"@id":"https:\/\/ugwp.cfolks.pl\/bwb\/wodoszczelne-przejscia-instalacyjne\/uszczelnienia-zewnetrzne\/#breadcrumb"},"inLanguage":"pl-PL","potentialAction":[{"@type":"ReadAction","target":["https:\/\/ugwp.cfolks.pl\/bwb\/wodoszczelne-przejscia-instalacyjne\/uszczelnienia-zewnetrzne\/"]}]},{"@type":"ImageObject","inLanguage":"pl-PL","@id":"https:\/\/ugwp.cfolks.pl\/bwb\/wodoszczelne-przejscia-instalacyjne\/uszczelnienia-zewnetrzne\/#primaryimage","url":"https:\/\/ugwp.cfolks.pl\/bwb\/wp-content\/uploads\/Plyta-kolnierzowa-z-tworzywa-sztucznego-KRASO%C2%AE-KFP-1.jpg","contentUrl":"https:\/\/ugwp.cfolks.pl\/bwb\/wp-content\/uploads\/Plyta-kolnierzowa-z-tworzywa-sztucznego-KRASO%C2%AE-KFP-1.jpg"},{"@type":"BreadcrumbList","@id":"https:\/\/ugwp.cfolks.pl\/bwb\/wodoszczelne-przejscia-instalacyjne\/uszczelnienia-zewnetrzne\/#breadcrumb","itemListElement":[{"@type":"ListItem","position":1,"name":"Strona g\u0142\u00f3wna","item":"https:\/\/ugwp.cfolks.pl\/bwb\/"},{"@type":"ListItem","position":2,"name":"Wodoszczelne Przej\u015bcia Instalacyjne","item":"https:\/\/ugwp.cfolks.pl\/bwb\/wodoszczelne-przejscia-instalacyjne\/"},{"@type":"ListItem","position":3,"name":"Uszczelnienia zewn\u0119trzne"}]},{"@type":"WebSite","@id":"https:\/\/ugwp.cfolks.pl\/bwb\/#website","url":"https:\/\/ugwp.cfolks.pl\/bwb\/","name":"BWB technology","description":"Kolejna witryna oparta na WordPressie","potentialAction":[{"@type":"SearchAction","target":{"@type":"EntryPoint","urlTemplate":"https:\/\/ugwp.cfolks.pl\/bwb\/?s={search_term_string}"},"query-input":{"@type":"PropertyValueSpecification","valueRequired":true,"valueName":"search_term_string"}}],"inLanguage":"pl-PL"}]}},"_links":{"self":[{"href":"https:\/\/ugwp.cfolks.pl\/bwb\/wp-json\/wp\/v2\/pages\/2894","targetHints":{"allow":["GET"]}}],"collection":[{"href":"https:\/\/ugwp.cfolks.pl\/bwb\/wp-json\/wp\/v2\/pages"}],"about":[{"href":"https:\/\/ugwp.cfolks.pl\/bwb\/wp-json\/wp\/v2\/types\/page"}],"author":[{"embeddable":true,"href":"https:\/\/ugwp.cfolks.pl\/bwb\/wp-json\/wp\/v2\/users\/1"}],"replies":[{"embeddable":true,"href":"https:\/\/ugwp.cfolks.pl\/bwb\/wp-json\/wp\/v2\/comments?post=2894"}],"version-history":[{"count":10,"href":"https:\/\/ugwp.cfolks.pl\/bwb\/wp-json\/wp\/v2\/pages\/2894\/revisions"}],"predecessor-version":[{"id":6921,"href":"https:\/\/ugwp.cfolks.pl\/bwb\/wp-json\/wp\/v2\/pages\/2894\/revisions\/6921"}],"up":[{"embeddable":true,"href":"https:\/\/ugwp.cfolks.pl\/bwb\/wp-json\/wp\/v2\/pages\/2111"}],"wp:attachment":[{"href":"https:\/\/ugwp.cfolks.pl\/bwb\/wp-json\/wp\/v2\/media?parent=2894"}],"curies":[{"name":"wp","href":"https:\/\/api.w.org\/{rel}","templated":true}]}}