{"id":2689,"date":"2022-11-28T21:35:05","date_gmt":"2022-11-28T20:35:05","guid":{"rendered":"https:\/\/ugwp.cfolks.pl\/bwb\/?page_id=2689"},"modified":"2024-11-06T16:56:56","modified_gmt":"2024-11-06T15:56:56","slug":"podkladki-plastikowe-punktowe","status":"publish","type":"page","link":"https:\/\/ugwp.cfolks.pl\/bwb\/podkladki-dystansowe\/podkladki-plastikowe-punktowe\/","title":{"rendered":"Podk\u0142adki plastikowe punktowe"},"content":{"rendered":"<div class=\"row kategoria-produktow\">\n<div class=\"col-lg-3\"><a href=\"https:\/\/ugwp.cfolks.pl\/bwb\/produkt\/podkladka-plastikowa-punktowa-uni-rozm-a\/\"><img decoding=\"async\" width=\"100%\" height=\"auto\" src=\"https:\/\/ugwp.cfolks.pl\/bwb\/wp-content\/uploads\/Podkladka-uniwersalna-do-zbrojenia-pionowego-UNI-4-14.jpg\" alt=\"Podk\u0142adka uniwersalna do zbrojenia pionowego UNI\/4-14\"\/><\/p>\n<h2>Podk\u0142adka uniwersalna do zbrojenia pionowego UNI\/4-14<\/h2>\n<p><\/a> <\/div>\n<div class=\"col-lg-3\"><a href=\"https:\/\/ugwp.cfolks.pl\/bwb\/produkt\/podkladka-uniwersalna-do-zbrojenia-pionowego-uni-6-20\/\"  > <img decoding=\"async\" width=\"100%\" height=\"auto\" src=\"https:\/\/ugwp.cfolks.pl\/bwb\/wp-content\/uploads\/Podkladka-uniwersalna-do-zbrojenia-pionowego-UNI-6-20.jpg\" alt=\"Podk\u0142adka uniwersalna do zbrojenia pionowego UNI\/6-20\" \/><\/p>\n<h2>Podk\u0142adka uniwersalna do zbrojenia pionowego UNI\/6-20<\/h2>\n<p><\/a> <\/div>\n<div class=\"col-lg-3\"><a href=\"https:\/\/ugwp.cfolks.pl\/bwb\/produkt\/podkladka-plastikowa-punktowa-kas-rozm-a\/\"><img decoding=\"async\" width=\"100%\" height=\"auto\" src=\"https:\/\/ugwp.cfolks.pl\/bwb\/wp-content\/uploads\/Podkladka-zaciskowa-%E2%80%93-KAS-4-8.jpg\" alt=\"Podk\u0142adka zaciskowa \u2013 KAS\/4-8\"\/><\/p>\n<h2>Podk\u0142adka zaciskowa \u2013 KAS\/4-8<\/h2>\n<p><\/a><\/div>\n<div class=\"col-lg-3\"><a href=\"https:\/\/ugwp.cfolks.pl\/bwb\/produkt\/podkladka-plastikowa-punktowa-kas-rozm-b\/\"><img decoding=\"async\" width=\"100%\" height=\"auto\" src=\"https:\/\/ugwp.cfolks.pl\/bwb\/wp-content\/uploads\/Podkladka-zaciskowa-%E2%80%93-KAS-10-18.jpg\" alt=\"Podk\u0142adka zaciskowa \u2013 KAS\/10-18\"\/><\/p>\n<h2>Podk\u0142adka zaciskowa \u2013 KAS\/10-18<\/h2>\n<p><\/a><\/div>\n<div class=\"col-lg-3\"><a href=\"https:\/\/ugwp.cfolks.pl\/bwb\/produkt\/podkladka-pierscieniowa-do-fundamentow-palowych-pgr\/\"  > <img decoding=\"async\" width=\"100%\" height=\"auto\" src=\"https:\/\/ugwp.cfolks.pl\/bwb\/wp-content\/uploads\/Podkladka-pierscieniowa-do-fundamentow-palowych-\u2013-PGR.jpg\" alt=\"Podk\u0142adka pier\u015bcieniowa do fundament\u00f3w palowych \u2013 PGR\"\/><\/p>\n<h2>Podk\u0142adka pier\u015bcieniowa do fundament\u00f3w palowych \u2013 PGR<\/h2>\n<p><\/a> <\/div>\n<div class=\"col-lg-3\"><a href=\"https:\/\/ugwp.cfolks.pl\/bwb\/produkt\/podkladka-plastikowa-punktowa-as\/\"><img decoding=\"async\" width=\"100%\" height=\"auto\" src=\"https:\/\/ugwp.cfolks.pl\/bwb\/wp-content\/uploads\/Podkladka-dystansowa-\u2013-AS.jpg\" alt=\"Podk\u0142adka dystansowa \u2013 AS\"\/><\/p>\n<h2>Podk\u0142adka dystansowa \u2013 AS<\/h2>\n<p><\/a> <\/div>\n<div class=\"col-lg-3\"><a href=\"https:\/\/ugwp.cfolks.pl\/bwb\/produkt\/podkladka-dystansowa-z-zaciskiem-podwojnym-ask\/\"  > <img decoding=\"async\" width=\"100%\" height=\"auto\" src=\"https:\/\/ugwp.cfolks.pl\/bwb\/wp-content\/uploads\/Podkladka-dystansowa-\u2013-ASK.jpg\" alt=\"Podk\u0142adka plastikowa punktowa \u2013 ASK\" \/><\/p>\n<h2>Podk\u0142adka dystansowa z zaciskiem podw\u00f3jnym \u2013 ASK<\/h2>\n<p><\/a> <\/div>\n<div class=\"col-lg-3\"><a href=\"https:\/\/ugwp.cfolks.pl\/bwb\/produkt\/podkladka-dystansowa-z-pojedynczym-zaciskiem-asks\/\"  > <img decoding=\"async\" width=\"100%\" height=\"auto\" src=\"https:\/\/ugwp.cfolks.pl\/bwb\/wp-content\/uploads\/Podkladka-dystansowa-z-pojedynczym-zaciskiem-\u2013-ASKS.jpg\" alt=\"Podk\u0142adka dystansowa z pojedynczym zaciskiem \u2013 ASKS\" \/><\/p>\n<h2>Podk\u0142adka dystansowa z pojedynczym zaciskiem \u2013 ASKS<\/h2>\n<p><\/a> <\/div>\n<div class=\"col-lg-3\"><a href=\"https:\/\/ugwp.cfolks.pl\/bwb\/produkt\/podkladka-plastikowa-punktowa-askg\/\"><img decoding=\"async\" width=\"100%\" height=\"auto\" src=\"https:\/\/ugwp.cfolks.pl\/bwb\/wp-content\/uploads\/Podkladka-dystansowa-z-duzym-zaciskiem-%E2%80%93-ASKG.jpg\"\/><\/p>\n<h2>Podk\u0142adka dystansowa z du\u017cym zaciskiem \u2013 ASKG<\/h2>\n<p><\/a><\/div>\n<div class=\"col-lg-3\"><a href=\"https:\/\/ugwp.cfolks.pl\/bwb\/produkt\/podkladka-dystansowa-z-zaciskiem-typu-maxi-askm\/\"  > <img decoding=\"async\" width=\"100%\" height=\"auto\" src=\"https:\/\/ugwp.cfolks.pl\/bwb\/wp-content\/uploads\/Podkladka-dystansowa-\u2013-ASKM.jpg\" alt=\"Podk\u0142adka dystansowa z zaciskiem typu \u201eMAXI\u201d \u2013 ASKM\"\/><\/p>\n<h2>Podk\u0142adka dystansowa z zaciskiem typu \u201eMAXI\u201d \u2013 ASKM<\/h2>\n<p><\/a> <\/div>\n<div class=\"col-lg-3\"><a href=\"https:\/\/ugwp.cfolks.pl\/bwb\/produkt\/podkladka-zaciskowa-z-plytka-askp\/\"  > <img decoding=\"async\" width=\"100%\" height=\"auto\" src=\"https:\/\/ugwp.cfolks.pl\/bwb\/wp-content\/uploads\/Podkladka-zaciskowa-z-plytka-\u2013-ASKP.jpg\" alt=\"Podk\u0142adka zaciskowa z p\u0142ytk\u0105 \u2013 ASKP\" \/><\/p>\n<h2>Podk\u0142adka zaciskowa z p\u0142ytk\u0105 \u2013 ASKP<\/h2>\n<p><\/a> <\/div>\n<div class=\"col-lg-3\"><a href=\"https:\/\/ugwp.cfolks.pl\/bwb\/produkt\/podkladka-plastikowa-punktowa-turm\/\"><img decoding=\"async\" width=\"100%\" height=\"auto\" src=\"https:\/\/ugwp.cfolks.pl\/bwb\/wp-content\/uploads\/Podkladka-wiezowa-z-plaskimi-nozkami-%E2%80%93-TURM-F.jpg\" alt=\"Podk\u0142adka wie\u017cowa z p\u0142askimi n\u00f3\u017ckami \u2013 TURM F\"\/><\/p>\n<h2>Podk\u0142adka wie\u017cowa z p\u0142askimi n\u00f3\u017ckami \u2013 TURM F<\/h2>\n<p><\/a><\/div>\n<div class=\"col-lg-3\"><a href=\"https:\/\/ugwp.cfolks.pl\/bwb\/produkt\/podkladka-plastikowa-punktowa-turm-s\/\"><img decoding=\"async\" width=\"100%\" height=\"auto\" src=\"https:\/\/ugwp.cfolks.pl\/bwb\/wp-content\/uploads\/Podkladka-wiezowa-ze-stozkowymi-nozkami-%E2%80%93-TURM-S.jpg\" alt=\"Podk\u0142adka wie\u017cowa ze sto\u017ckowymi n\u00f3\u017ckami \u2013 TURM S\"\/><\/p>\n<h2>Podk\u0142adka wie\u017cowa ze sto\u017ckowymi n\u00f3\u017ckami \u2013 TURM S<\/h2>\n<p><\/a> <\/div>\n<div class=\"col-lg-3\"><a href=\"https:\/\/ugwp.cfolks.pl\/bwb\/produkt\/podkladka-plastikowa-punktowa-turm-4f\/\"><img decoding=\"async\" width=\"100%\" height=\"auto\" src=\"https:\/\/ugwp.cfolks.pl\/bwb\/wp-content\/uploads\/Podkladka-wiezowa-ze-stozkowymi-nozkami-%E2%80%93-TURM-4.jpg\" alt=\"Podk\u0142adka wie\u017cowa ze sto\u017ckowymi n\u00f3\u017ckami \u2013 TURM 4\"\/><\/p>\n<h2>Podk\u0142adka wie\u017cowa ze sto\u017ckowymi n\u00f3\u017ckami \u2013 TURM 4<\/h2>\n<p><\/a> <\/div>\n<div class=\"col-lg-3\"><a href=\"https:\/\/ugwp.cfolks.pl\/bwb\/produkt\/podkladka-dwustronna-dup\/\"  > <img decoding=\"async\" width=\"100%\" height=\"auto\" src=\"https:\/\/ugwp.cfolks.pl\/bwb\/wp-content\/uploads\/Podkladka-dwustronna-\u2013-DUP.jpg\" alt=\"Podk\u0142adka dwustronna \u2013 DUP\"\/><\/p>\n<h2>Podk\u0142adka dwustronna \u2013 DUP<\/h2>\n<p><\/a> <\/div>\n<div class=\"col-lg-3\"><a href=\"https:\/\/ugwp.cfolks.pl\/bwb\/produkt\/podkladka-stozkowa-z-gladka-podstawa-tmp\/\"><img decoding=\"async\" width=\"100%\" height=\"auto\" src=\"https:\/\/ugwp.cfolks.pl\/bwb\/wp-content\/uploads\/Podkladka-stozkowa-z-gladka-podstawa-\u2013-TMP.jpg\" alt=\"Podk\u0142adka sto\u017ckowa z g\u0142adk\u0105 podstaw\u0105 \u2013 TMP\"\/><\/p>\n<h2>Podk\u0142adka sto\u017ckowa z g\u0142adk\u0105 podstaw\u0105 \u2013 TMP<\/h2>\n<p><\/a> <\/div>\n<div class=\"col-lg-3\"><a href=\"https:\/\/ugwp.cfolks.pl\/bwb\/produkt\/podkladka-plastikowa-punktowa-tks\/\"><img decoding=\"async\" width=\"100%\" height=\"auto\" src=\"https:\/\/ugwp.cfolks.pl\/bwb\/wp-content\/uploads\/Podkladka-plastikowa-tunelowa-\u2013-TKS.jpg\" alt=\"Podk\u0142adka plastikowa tunelowa \u2013 TKS\"\/><\/p>\n<h2>Podk\u0142adka plastikowa tunelowa \u2013 TKS<\/h2>\n<p><\/a><\/div>\n<div class=\"col-lg-3\"><a href=\"https:\/\/ugwp.cfolks.pl\/bwb\/produkt\/podkladka-plastikowa-punktowa-duo\/\"><img decoding=\"async\" width=\"100%\" height=\"auto\" src=\"https:\/\/ugwp.cfolks.pl\/bwb\/wp-content\/uploads\/Podkladka-dystansowa-scienna-%E2%80%93-DUO.jpg\" alt=\"Podk\u0142adka dystansowa \u015bcienna \u2013 DUO\"\/><\/p>\n<h2>Podk\u0142adka dystansowa \u015bcienna \u2013 DUO<\/h2>\n<p><\/a> <\/div>\n<\/div>\n","protected":false},"excerpt":{"rendered":"<p>Podk\u0142adka uniwersalna do zbrojenia pionowego UNI\/4-14 Podk\u0142adka uniwersalna do zbrojenia pionowego UNI\/6-20 Podk\u0142adka zaciskowa \u2013 KAS\/4-8 Podk\u0142adka zaciskowa \u2013 KAS\/10-18 Podk\u0142adka pier\u015bcieniowa do fundament\u00f3w palowych \u2013 PGR Podk\u0142adka dystansowa \u2013 AS Podk\u0142adka dystansowa z zaciskiem podw\u00f3jnym \u2013 ASK Podk\u0142adka dystansowa z pojedynczym zaciskiem \u2013 ASKS Podk\u0142adka dystansowa z du\u017cym zaciskiem \u2013 ASKG Podk\u0142adka dystansowa z [&hellip;]<\/p>\n","protected":false},"author":1,"featured_media":0,"parent":2675,"menu_order":0,"comment_status":"closed","ping_status":"closed","template":"page-kategoria-produktow.php","meta":{"_acf_changed":false,"footnotes":""},"class_list":["post-2689","page","type-page","status-publish","hentry"],"acf":[],"yoast_head":"<!-- This site is optimized with the Yoast SEO plugin v27.3 - https:\/\/yoast.com\/product\/yoast-seo-wordpress\/ -->\n<title>Stabilne Podk\u0142adki Dystansowe Plastikowe Punktowe Pod Zbrojenie<\/title>\n<meta name=\"description\" content=\"Podk\u0142adki Dystansowe Plastikowe Punktowe Uniwersalne Do Zbrojenia Pionowego Zaciskowe z P\u0142ytk\u0105 Pier\u015bcieniowe Wie\u017cowe Sto\u017ckowe Dwustronne Tunelowe \u015acienne\" \/>\n<meta name=\"robots\" content=\"noindex, follow, max-snippet:-1, max-image-preview:large, max-video-preview:-1\" \/>\n<meta property=\"og:locale\" content=\"pl_PL\" \/>\n<meta property=\"og:type\" content=\"article\" \/>\n<meta property=\"og:title\" content=\"Stabilne Podk\u0142adki Dystansowe Plastikowe Punktowe Pod Zbrojenie\" \/>\n<meta property=\"og:description\" content=\"Podk\u0142adki Dystansowe Plastikowe Punktowe Uniwersalne Do Zbrojenia Pionowego Zaciskowe z P\u0142ytk\u0105 Pier\u015bcieniowe Wie\u017cowe Sto\u017ckowe Dwustronne Tunelowe \u015acienne\" \/>\n<meta property=\"og:url\" content=\"https:\/\/ugwp.cfolks.pl\/bwb\/podkladki-dystansowe\/podkladki-plastikowe-punktowe\/\" \/>\n<meta property=\"og:site_name\" content=\"BWB technology\" \/>\n<meta property=\"article:modified_time\" content=\"2024-11-06T15:56:56+00:00\" \/>\n<meta property=\"og:image\" content=\"https:\/\/ugwp.cfolks.pl\/bwb\/wp-content\/uploads\/Podkladka-uniwersalna-do-zbrojenia-pionowego-UNI-4-14.jpg\" \/>\n<meta name=\"twitter:card\" content=\"summary_large_image\" \/>\n<meta name=\"twitter:label1\" content=\"Szacowany czas czytania\" \/>\n\t<meta name=\"twitter:data1\" content=\"5 minut\" \/>\n<script type=\"application\/ld+json\" class=\"yoast-schema-graph\">{\"@context\":\"https:\\\/\\\/schema.org\",\"@graph\":[{\"@type\":\"WebPage\",\"@id\":\"https:\\\/\\\/ugwp.cfolks.pl\\\/bwb\\\/podkladki-dystansowe\\\/podkladki-plastikowe-punktowe\\\/\",\"url\":\"https:\\\/\\\/ugwp.cfolks.pl\\\/bwb\\\/podkladki-dystansowe\\\/podkladki-plastikowe-punktowe\\\/\",\"name\":\"Stabilne Podk\u0142adki Dystansowe Plastikowe Punktowe Pod Zbrojenie\",\"isPartOf\":{\"@id\":\"https:\\\/\\\/ugwp.cfolks.pl\\\/bwb\\\/#website\"},\"primaryImageOfPage\":{\"@id\":\"https:\\\/\\\/ugwp.cfolks.pl\\\/bwb\\\/podkladki-dystansowe\\\/podkladki-plastikowe-punktowe\\\/#primaryimage\"},\"image\":{\"@id\":\"https:\\\/\\\/ugwp.cfolks.pl\\\/bwb\\\/podkladki-dystansowe\\\/podkladki-plastikowe-punktowe\\\/#primaryimage\"},\"thumbnailUrl\":\"https:\\\/\\\/ugwp.cfolks.pl\\\/bwb\\\/wp-content\\\/uploads\\\/Podkladka-uniwersalna-do-zbrojenia-pionowego-UNI-4-14.jpg\",\"datePublished\":\"2022-11-28T20:35:05+00:00\",\"dateModified\":\"2024-11-06T15:56:56+00:00\",\"description\":\"Podk\u0142adki Dystansowe Plastikowe Punktowe Uniwersalne Do Zbrojenia Pionowego Zaciskowe z P\u0142ytk\u0105 Pier\u015bcieniowe Wie\u017cowe Sto\u017ckowe Dwustronne Tunelowe \u015acienne\",\"breadcrumb\":{\"@id\":\"https:\\\/\\\/ugwp.cfolks.pl\\\/bwb\\\/podkladki-dystansowe\\\/podkladki-plastikowe-punktowe\\\/#breadcrumb\"},\"inLanguage\":\"pl-PL\",\"potentialAction\":[{\"@type\":\"ReadAction\",\"target\":[\"https:\\\/\\\/ugwp.cfolks.pl\\\/bwb\\\/podkladki-dystansowe\\\/podkladki-plastikowe-punktowe\\\/\"]}]},{\"@type\":\"ImageObject\",\"inLanguage\":\"pl-PL\",\"@id\":\"https:\\\/\\\/ugwp.cfolks.pl\\\/bwb\\\/podkladki-dystansowe\\\/podkladki-plastikowe-punktowe\\\/#primaryimage\",\"url\":\"https:\\\/\\\/ugwp.cfolks.pl\\\/bwb\\\/wp-content\\\/uploads\\\/Podkladka-uniwersalna-do-zbrojenia-pionowego-UNI-4-14.jpg\",\"contentUrl\":\"https:\\\/\\\/ugwp.cfolks.pl\\\/bwb\\\/wp-content\\\/uploads\\\/Podkladka-uniwersalna-do-zbrojenia-pionowego-UNI-4-14.jpg\",\"width\":1100,\"height\":810,\"caption\":\"Podk\u0142adka uniwersalna do zbrojenia pionowego UNI\\\/4-14\"},{\"@type\":\"BreadcrumbList\",\"@id\":\"https:\\\/\\\/ugwp.cfolks.pl\\\/bwb\\\/podkladki-dystansowe\\\/podkladki-plastikowe-punktowe\\\/#breadcrumb\",\"itemListElement\":[{\"@type\":\"ListItem\",\"position\":1,\"name\":\"Strona g\u0142\u00f3wna\",\"item\":\"https:\\\/\\\/ugwp.cfolks.pl\\\/bwb\\\/\"},{\"@type\":\"ListItem\",\"position\":2,\"name\":\"Podk\u0142adki dystansowe\",\"item\":\"https:\\\/\\\/ugwp.cfolks.pl\\\/bwb\\\/podkladki-dystansowe\\\/\"},{\"@type\":\"ListItem\",\"position\":3,\"name\":\"Podk\u0142adki plastikowe punktowe\"}]},{\"@type\":\"WebSite\",\"@id\":\"https:\\\/\\\/ugwp.cfolks.pl\\\/bwb\\\/#website\",\"url\":\"https:\\\/\\\/ugwp.cfolks.pl\\\/bwb\\\/\",\"name\":\"BWB technology\",\"description\":\"Kolejna witryna oparta na WordPressie\",\"potentialAction\":[{\"@type\":\"SearchAction\",\"target\":{\"@type\":\"EntryPoint\",\"urlTemplate\":\"https:\\\/\\\/ugwp.cfolks.pl\\\/bwb\\\/?s={search_term_string}\"},\"query-input\":{\"@type\":\"PropertyValueSpecification\",\"valueRequired\":true,\"valueName\":\"search_term_string\"}}],\"inLanguage\":\"pl-PL\"}]}<\/script>\n<!-- \/ Yoast SEO plugin. -->","yoast_head_json":{"title":"Stabilne Podk\u0142adki Dystansowe Plastikowe Punktowe Pod Zbrojenie","description":"Podk\u0142adki Dystansowe Plastikowe Punktowe Uniwersalne Do Zbrojenia Pionowego Zaciskowe z P\u0142ytk\u0105 Pier\u015bcieniowe Wie\u017cowe Sto\u017ckowe Dwustronne Tunelowe \u015acienne","robots":{"index":"noindex","follow":"follow","max-snippet":"max-snippet:-1","max-image-preview":"max-image-preview:large","max-video-preview":"max-video-preview:-1"},"og_locale":"pl_PL","og_type":"article","og_title":"Stabilne Podk\u0142adki Dystansowe Plastikowe Punktowe Pod Zbrojenie","og_description":"Podk\u0142adki Dystansowe Plastikowe Punktowe Uniwersalne Do Zbrojenia Pionowego Zaciskowe z P\u0142ytk\u0105 Pier\u015bcieniowe Wie\u017cowe Sto\u017ckowe Dwustronne Tunelowe \u015acienne","og_url":"https:\/\/ugwp.cfolks.pl\/bwb\/podkladki-dystansowe\/podkladki-plastikowe-punktowe\/","og_site_name":"BWB technology","article_modified_time":"2024-11-06T15:56:56+00:00","og_image":[{"url":"https:\/\/ugwp.cfolks.pl\/bwb\/wp-content\/uploads\/Podkladka-uniwersalna-do-zbrojenia-pionowego-UNI-4-14.jpg","type":"","width":"","height":""}],"twitter_card":"summary_large_image","twitter_misc":{"Szacowany czas czytania":"5 minut"},"schema":{"@context":"https:\/\/schema.org","@graph":[{"@type":"WebPage","@id":"https:\/\/ugwp.cfolks.pl\/bwb\/podkladki-dystansowe\/podkladki-plastikowe-punktowe\/","url":"https:\/\/ugwp.cfolks.pl\/bwb\/podkladki-dystansowe\/podkladki-plastikowe-punktowe\/","name":"Stabilne Podk\u0142adki Dystansowe Plastikowe Punktowe Pod Zbrojenie","isPartOf":{"@id":"https:\/\/ugwp.cfolks.pl\/bwb\/#website"},"primaryImageOfPage":{"@id":"https:\/\/ugwp.cfolks.pl\/bwb\/podkladki-dystansowe\/podkladki-plastikowe-punktowe\/#primaryimage"},"image":{"@id":"https:\/\/ugwp.cfolks.pl\/bwb\/podkladki-dystansowe\/podkladki-plastikowe-punktowe\/#primaryimage"},"thumbnailUrl":"https:\/\/ugwp.cfolks.pl\/bwb\/wp-content\/uploads\/Podkladka-uniwersalna-do-zbrojenia-pionowego-UNI-4-14.jpg","datePublished":"2022-11-28T20:35:05+00:00","dateModified":"2024-11-06T15:56:56+00:00","description":"Podk\u0142adki Dystansowe Plastikowe Punktowe Uniwersalne Do Zbrojenia Pionowego Zaciskowe z P\u0142ytk\u0105 Pier\u015bcieniowe Wie\u017cowe Sto\u017ckowe Dwustronne Tunelowe \u015acienne","breadcrumb":{"@id":"https:\/\/ugwp.cfolks.pl\/bwb\/podkladki-dystansowe\/podkladki-plastikowe-punktowe\/#breadcrumb"},"inLanguage":"pl-PL","potentialAction":[{"@type":"ReadAction","target":["https:\/\/ugwp.cfolks.pl\/bwb\/podkladki-dystansowe\/podkladki-plastikowe-punktowe\/"]}]},{"@type":"ImageObject","inLanguage":"pl-PL","@id":"https:\/\/ugwp.cfolks.pl\/bwb\/podkladki-dystansowe\/podkladki-plastikowe-punktowe\/#primaryimage","url":"https:\/\/ugwp.cfolks.pl\/bwb\/wp-content\/uploads\/Podkladka-uniwersalna-do-zbrojenia-pionowego-UNI-4-14.jpg","contentUrl":"https:\/\/ugwp.cfolks.pl\/bwb\/wp-content\/uploads\/Podkladka-uniwersalna-do-zbrojenia-pionowego-UNI-4-14.jpg","width":1100,"height":810,"caption":"Podk\u0142adka uniwersalna do zbrojenia pionowego UNI\/4-14"},{"@type":"BreadcrumbList","@id":"https:\/\/ugwp.cfolks.pl\/bwb\/podkladki-dystansowe\/podkladki-plastikowe-punktowe\/#breadcrumb","itemListElement":[{"@type":"ListItem","position":1,"name":"Strona g\u0142\u00f3wna","item":"https:\/\/ugwp.cfolks.pl\/bwb\/"},{"@type":"ListItem","position":2,"name":"Podk\u0142adki dystansowe","item":"https:\/\/ugwp.cfolks.pl\/bwb\/podkladki-dystansowe\/"},{"@type":"ListItem","position":3,"name":"Podk\u0142adki plastikowe punktowe"}]},{"@type":"WebSite","@id":"https:\/\/ugwp.cfolks.pl\/bwb\/#website","url":"https:\/\/ugwp.cfolks.pl\/bwb\/","name":"BWB technology","description":"Kolejna witryna oparta na WordPressie","potentialAction":[{"@type":"SearchAction","target":{"@type":"EntryPoint","urlTemplate":"https:\/\/ugwp.cfolks.pl\/bwb\/?s={search_term_string}"},"query-input":{"@type":"PropertyValueSpecification","valueRequired":true,"valueName":"search_term_string"}}],"inLanguage":"pl-PL"}]}},"_links":{"self":[{"href":"https:\/\/ugwp.cfolks.pl\/bwb\/wp-json\/wp\/v2\/pages\/2689","targetHints":{"allow":["GET"]}}],"collection":[{"href":"https:\/\/ugwp.cfolks.pl\/bwb\/wp-json\/wp\/v2\/pages"}],"about":[{"href":"https:\/\/ugwp.cfolks.pl\/bwb\/wp-json\/wp\/v2\/types\/page"}],"author":[{"embeddable":true,"href":"https:\/\/ugwp.cfolks.pl\/bwb\/wp-json\/wp\/v2\/users\/1"}],"replies":[{"embeddable":true,"href":"https:\/\/ugwp.cfolks.pl\/bwb\/wp-json\/wp\/v2\/comments?post=2689"}],"version-history":[{"count":22,"href":"https:\/\/ugwp.cfolks.pl\/bwb\/wp-json\/wp\/v2\/pages\/2689\/revisions"}],"predecessor-version":[{"id":6949,"href":"https:\/\/ugwp.cfolks.pl\/bwb\/wp-json\/wp\/v2\/pages\/2689\/revisions\/6949"}],"up":[{"embeddable":true,"href":"https:\/\/ugwp.cfolks.pl\/bwb\/wp-json\/wp\/v2\/pages\/2675"}],"wp:attachment":[{"href":"https:\/\/ugwp.cfolks.pl\/bwb\/wp-json\/wp\/v2\/media?parent=2689"}],"curies":[{"name":"wp","href":"https:\/\/api.w.org\/{rel}","templated":true}]}}