{"id":2685,"date":"2022-11-28T21:32:00","date_gmt":"2022-11-28T20:32:00","guid":{"rendered":"https:\/\/ugwp.cfolks.pl\/bwb\/?page_id=2685"},"modified":"2023-09-29T00:16:22","modified_gmt":"2023-09-28T22:16:22","slug":"plytki-montazowe","status":"publish","type":"page","link":"https:\/\/ugwp.cfolks.pl\/bwb\/podkladki-dystansowe\/plytki-montazowe\/","title":{"rendered":"P\u0142ytki monta\u017cowe"},"content":{"rendered":"<div class=\"row kategoria-produktow\">\n<div class=\"col-lg-3\"><a href=\"https:\/\/ugwp.cfolks.pl\/bwb\/produkt\/plytka-montazowa-mp\/\"  > <img width=\"100%\" height=\"auto\" src=\"https:\/\/ugwp.cfolks.pl\/bwb\/wp-content\/uploads\/Plytka-montazowa-\u2013-MP-640x471.jpg\"  alt=\"P\u0142ytka monta\u017cowa \u2013 MP\" decoding=\"async\" loading=\"lazy\" srcset=\"https:\/\/ugwp.cfolks.pl\/bwb\/wp-content\/uploads\/Plytka-montazowa-\u2013-MP-640x471.jpg 640w, https:\/\/ugwp.cfolks.pl\/bwb\/wp-content\/uploads\/Plytka-montazowa-\u2013-MP-300x221.jpg 300w, https:\/\/ugwp.cfolks.pl\/bwb\/wp-content\/uploads\/Plytka-montazowa-\u2013-MP-1024x754.jpg 1024w, https:\/\/ugwp.cfolks.pl\/bwb\/wp-content\/uploads\/Plytka-montazowa-\u2013-MP-150x110.jpg 150w, https:\/\/ugwp.cfolks.pl\/bwb\/wp-content\/uploads\/Plytka-montazowa-\u2013-MP-768x566.jpg 768w, https:\/\/ugwp.cfolks.pl\/bwb\/wp-content\/uploads\/Plytka-montazowa-\u2013-MP.jpg 1100w\" sizes=\"auto, (max-width: 640px) 100vw, 640px\" \/><\/p>\n<h2>P\u0142ytka monta\u017cowa \u2013 MP<\/h2>\n<p><\/a> <\/div>\n<div class=\"col-lg-3\"><a href=\"https:\/\/ugwp.cfolks.pl\/bwb\/produkt\/plytka-montazowa-z-wycieciem-mps\/\"  > <img width=\"100%\" height=\"auto\" src=\"https:\/\/ugwp.cfolks.pl\/bwb\/wp-content\/uploads\/Plytka-montazowa-z-wycieciem-\u2013-MPS-640x471.jpg\"  alt=\"P\u0142ytka monta\u017cowa z wyci\u0119ciem \u2013 MPS\" decoding=\"async\" loading=\"lazy\" srcset=\"https:\/\/ugwp.cfolks.pl\/bwb\/wp-content\/uploads\/Plytka-montazowa-z-wycieciem-\u2013-MPS-640x471.jpg 640w, https:\/\/ugwp.cfolks.pl\/bwb\/wp-content\/uploads\/Plytka-montazowa-z-wycieciem-\u2013-MPS-300x221.jpg 300w, https:\/\/ugwp.cfolks.pl\/bwb\/wp-content\/uploads\/Plytka-montazowa-z-wycieciem-\u2013-MPS-1024x754.jpg 1024w, https:\/\/ugwp.cfolks.pl\/bwb\/wp-content\/uploads\/Plytka-montazowa-z-wycieciem-\u2013-MPS-150x110.jpg 150w, https:\/\/ugwp.cfolks.pl\/bwb\/wp-content\/uploads\/Plytka-montazowa-z-wycieciem-\u2013-MPS-768x566.jpg 768w, https:\/\/ugwp.cfolks.pl\/bwb\/wp-content\/uploads\/Plytka-montazowa-z-wycieciem-\u2013-MPS.jpg 1100w\" sizes=\"auto, (max-width: 640px) 100vw, 640px\"  sizes=\"(max-width: 640px) 100vw, 640px\" \/><\/p>\n<h2>P\u0142ytka monta\u017cowa z wyci\u0119ciem \u2013 MPS<\/h2>\n<p><\/a> <\/div>\n<div class=\"col-lg-3\"><a href=\"https:\/\/ugwp.cfolks.pl\/bwb\/produkt\/plytka-montazowa-mpo\/\"  > <img width=\"100%\" height=\"auto\" src=\"https:\/\/ugwp.cfolks.pl\/bwb\/wp-content\/uploads\/Plytka-montazowa-\u2013-MPO-640x471.jpg\"  alt=\"P\u0142ytka monta\u017cowa \u2013 MPO\" decoding=\"async\" loading=\"lazy\" srcset=\"https:\/\/ugwp.cfolks.pl\/bwb\/wp-content\/uploads\/Plytka-montazowa-\u2013-MPO-640x471.jpg 640w, https:\/\/ugwp.cfolks.pl\/bwb\/wp-content\/uploads\/Plytka-montazowa-\u2013-MPO-300x221.jpg 300w, https:\/\/ugwp.cfolks.pl\/bwb\/wp-content\/uploads\/Plytka-montazowa-\u2013-MPO-1024x754.jpg 1024w, https:\/\/ugwp.cfolks.pl\/bwb\/wp-content\/uploads\/Plytka-montazowa-\u2013-MPO-150x110.jpg 150w, https:\/\/ugwp.cfolks.pl\/bwb\/wp-content\/uploads\/Plytka-montazowa-\u2013-MPO-768x566.jpg 768w, https:\/\/ugwp.cfolks.pl\/bwb\/wp-content\/uploads\/Plytka-montazowa-\u2013-MPO.jpg 1100w\" sizes=\"auto, (max-width: 640px) 100vw, 640px\"  sizes=\"(max-width: 640px) 100vw, 640px\" \/><\/p>\n<h2>P\u0142ytka monta\u017cowa \u2013 MPO<\/h2>\n<p><\/a> <\/div>\n<div class=\"col-lg-3\"><a href=\"https:\/\/ugwp.cfolks.pl\/bwb\/produkt\/plytka-montazowa-mpw\/\"  > <img width=\"100%\" height=\"auto\" src=\"https:\/\/ugwp.cfolks.pl\/bwb\/wp-content\/uploads\/Plytka-montazowa-\u2013-MPW-640x471.jpg\"  alt=\"P\u0142ytka monta\u017cowa \u2013 MPW\" decoding=\"async\" loading=\"lazy\" srcset=\"https:\/\/ugwp.cfolks.pl\/bwb\/wp-content\/uploads\/Plytka-montazowa-\u2013-MPW-640x471.jpg 640w, https:\/\/ugwp.cfolks.pl\/bwb\/wp-content\/uploads\/Plytka-montazowa-\u2013-MPW-300x221.jpg 300w, https:\/\/ugwp.cfolks.pl\/bwb\/wp-content\/uploads\/Plytka-montazowa-\u2013-MPW-1024x754.jpg 1024w, https:\/\/ugwp.cfolks.pl\/bwb\/wp-content\/uploads\/Plytka-montazowa-\u2013-MPW-150x110.jpg 150w, https:\/\/ugwp.cfolks.pl\/bwb\/wp-content\/uploads\/Plytka-montazowa-\u2013-MPW-768x566.jpg 768w, https:\/\/ugwp.cfolks.pl\/bwb\/wp-content\/uploads\/Plytka-montazowa-\u2013-MPW.jpg 1100w\" sizes=\"auto, (max-width: 640px) 100vw, 640px\" sizes=\"(max-width: 640px) 100vw, 640px\" \/><\/p>\n<h2>P\u0142ytka monta\u017cowa \u2013 MPW<\/h2>\n<p><\/a> <\/div>\n<div class=\"col-lg-3\"><a href=\"https:\/\/ugwp.cfolks.pl\/bwb\/produkt\/plytka-montazowa-z-wypustami-spn\/\"  > <img width=\"100%\" height=\"auto\" src=\"https:\/\/ugwp.cfolks.pl\/bwb\/wp-content\/uploads\/Plytka-montazowa-z-wypustami-\u2013-SPN-640x471.jpg\"  alt=\"P\u0142ytka monta\u017cowa z wypustami \u2013 SPN\" decoding=\"async\" loading=\"lazy\" srcset=\"https:\/\/ugwp.cfolks.pl\/bwb\/wp-content\/uploads\/Plytka-montazowa-z-wypustami-\u2013-SPN-640x471.jpg 640w, https:\/\/ugwp.cfolks.pl\/bwb\/wp-content\/uploads\/Plytka-montazowa-z-wypustami-\u2013-SPN-300x221.jpg 300w, https:\/\/ugwp.cfolks.pl\/bwb\/wp-content\/uploads\/Plytka-montazowa-z-wypustami-\u2013-SPN-1024x754.jpg 1024w, https:\/\/ugwp.cfolks.pl\/bwb\/wp-content\/uploads\/Plytka-montazowa-z-wypustami-\u2013-SPN-150x110.jpg 150w, https:\/\/ugwp.cfolks.pl\/bwb\/wp-content\/uploads\/Plytka-montazowa-z-wypustami-\u2013-SPN-768x566.jpg 768w, https:\/\/ugwp.cfolks.pl\/bwb\/wp-content\/uploads\/Plytka-montazowa-z-wypustami-\u2013-SPN.jpg 1100w\" sizes=\"auto, (max-width: 640px) 100vw, 640px\"  sizes=\"(max-width: 640px) 100vw, 640px\" \/><\/p>\n<h2>P\u0142ytka monta\u017cowa z wypustami \u2013 SPN<\/h2>\n<p><\/a> <\/div>\n<div class=\"col-lg-3\"><a href=\"https:\/\/ugwp.cfolks.pl\/bwb\/produkt\/plytka-montazowa-z-wypustami-sph\/\"  > <img width=\"100%\" height=\"auto\" src=\"https:\/\/ugwp.cfolks.pl\/bwb\/wp-content\/uploads\/Plytka-montazowa-z-wypustami-\u2013-SPH-640x471.jpg\"  alt=\"P\u0142ytka monta\u017cowa z wypustami \u2013 SPH\" decoding=\"async\" loading=\"lazy\" srcset=\"https:\/\/ugwp.cfolks.pl\/bwb\/wp-content\/uploads\/Plytka-montazowa-z-wypustami-\u2013-SPH-640x471.jpg 640w, https:\/\/ugwp.cfolks.pl\/bwb\/wp-content\/uploads\/Plytka-montazowa-z-wypustami-\u2013-SPH-300x221.jpg 300w, https:\/\/ugwp.cfolks.pl\/bwb\/wp-content\/uploads\/Plytka-montazowa-z-wypustami-\u2013-SPH-1024x754.jpg 1024w, https:\/\/ugwp.cfolks.pl\/bwb\/wp-content\/uploads\/Plytka-montazowa-z-wypustami-\u2013-SPH-150x110.jpg 150w, https:\/\/ugwp.cfolks.pl\/bwb\/wp-content\/uploads\/Plytka-montazowa-z-wypustami-\u2013-SPH-768x566.jpg 768w, https:\/\/ugwp.cfolks.pl\/bwb\/wp-content\/uploads\/Plytka-montazowa-z-wypustami-\u2013-SPH.jpg 1100w\" sizes=\"auto, (max-width: 640px) 100vw, 640px\"  sizes=\"(max-width: 640px) 100vw, 640px\" \/><\/p>\n<h2>P\u0142ytka monta\u017cowa z wypustami \u2013 SPH<\/h2>\n<p><\/a> <\/div>\n<div class=\"col-lg-3\"><a href=\"https:\/\/ugwp.cfolks.pl\/bwb\/produkt\/plytka-montazowa-z-wypustami-sp\/\"  > <img width=\"100%\" height=\"auto\" src=\"https:\/\/ugwp.cfolks.pl\/bwb\/wp-content\/uploads\/Plytka-montazowa-z-wypustami-\u2013-SP-640x471.jpg\"  alt=\"P\u0142ytka monta\u017cowa z wypustami \u2013 SP\" decoding=\"async\" loading=\"lazy\" srcset=\"https:\/\/ugwp.cfolks.pl\/bwb\/wp-content\/uploads\/Plytka-montazowa-z-wypustami-\u2013-SP-640x471.jpg 640w, https:\/\/ugwp.cfolks.pl\/bwb\/wp-content\/uploads\/Plytka-montazowa-z-wypustami-\u2013-SP-300x221.jpg 300w, https:\/\/ugwp.cfolks.pl\/bwb\/wp-content\/uploads\/Plytka-montazowa-z-wypustami-\u2013-SP-1024x754.jpg 1024w, https:\/\/ugwp.cfolks.pl\/bwb\/wp-content\/uploads\/Plytka-montazowa-z-wypustami-\u2013-SP-150x110.jpg 150w, https:\/\/ugwp.cfolks.pl\/bwb\/wp-content\/uploads\/Plytka-montazowa-z-wypustami-\u2013-SP-768x566.jpg 768w, https:\/\/ugwp.cfolks.pl\/bwb\/wp-content\/uploads\/Plytka-montazowa-z-wypustami-\u2013-SP.jpg 1100w\" sizes=\"auto, (max-width: 640px) 100vw, 640px\"  sizes=\"(max-width: 640px) 100vw, 640px\" \/><\/p>\n<h2>P\u0142ytka monta\u017cowa z wypustami \u2013 SP<\/h2>\n<p><\/a> <\/div>\n<div class=\"col-lg-3\"><a href=\"https:\/\/ugwp.cfolks.pl\/bwb\/produkt\/plytka-montazowa-z-wypustami-spt\/\"  > <img width=\"100%\" height=\"auto\" src=\"https:\/\/ugwp.cfolks.pl\/bwb\/wp-content\/uploads\/Plytka-montazowa-z-wypustami-\u2013-SPT-640x471.jpg\"  alt=\"P\u0142ytka monta\u017cowa z wypustami \u2013 SPT\" decoding=\"async\" loading=\"lazy\" srcset=\"https:\/\/ugwp.cfolks.pl\/bwb\/wp-content\/uploads\/Plytka-montazowa-z-wypustami-\u2013-SPT-640x471.jpg 640w, https:\/\/ugwp.cfolks.pl\/bwb\/wp-content\/uploads\/Plytka-montazowa-z-wypustami-\u2013-SPT-300x221.jpg 300w, https:\/\/ugwp.cfolks.pl\/bwb\/wp-content\/uploads\/Plytka-montazowa-z-wypustami-\u2013-SPT-1024x754.jpg 1024w, https:\/\/ugwp.cfolks.pl\/bwb\/wp-content\/uploads\/Plytka-montazowa-z-wypustami-\u2013-SPT-150x110.jpg 150w, https:\/\/ugwp.cfolks.pl\/bwb\/wp-content\/uploads\/Plytka-montazowa-z-wypustami-\u2013-SPT-768x566.jpg 768w, https:\/\/ugwp.cfolks.pl\/bwb\/wp-content\/uploads\/Plytka-montazowa-z-wypustami-\u2013-SPT.jpg 1100w\" sizes=\"auto, (max-width: 640px) 100vw, 640px\"  sizes=\"(max-width: 640px) 100vw, 640px\" \/><\/p>\n<h2>P\u0142ytka monta\u017cowa z wypustami \u2013 SPT<\/h2>\n<p><\/a> <\/div>\n<div class=\"col-lg-3\"><a href=\"https:\/\/ugwp.cfolks.pl\/bwb\/produkt\/plytka-montazowa-z-wypustami-sps\/\"  > <img width=\"100%\" height=\"auto\" src=\"https:\/\/ugwp.cfolks.pl\/bwb\/wp-content\/uploads\/Plytka-montazowa-z-wypustami-\u2013-SPS-640x471.jpg\"  alt=\"P\u0142ytka monta\u017cowa z wypustami \u2013 SPS\" decoding=\"async\" loading=\"lazy\" srcset=\"https:\/\/ugwp.cfolks.pl\/bwb\/wp-content\/uploads\/Plytka-montazowa-z-wypustami-\u2013-SPS-640x471.jpg 640w, https:\/\/ugwp.cfolks.pl\/bwb\/wp-content\/uploads\/Plytka-montazowa-z-wypustami-\u2013-SPS-300x221.jpg 300w, https:\/\/ugwp.cfolks.pl\/bwb\/wp-content\/uploads\/Plytka-montazowa-z-wypustami-\u2013-SPS-1024x754.jpg 1024w, https:\/\/ugwp.cfolks.pl\/bwb\/wp-content\/uploads\/Plytka-montazowa-z-wypustami-\u2013-SPS-150x110.jpg 150w, https:\/\/ugwp.cfolks.pl\/bwb\/wp-content\/uploads\/Plytka-montazowa-z-wypustami-\u2013-SPS-768x566.jpg 768w, https:\/\/ugwp.cfolks.pl\/bwb\/wp-content\/uploads\/Plytka-montazowa-z-wypustami-\u2013-SPS.jpg 1100w\" sizes=\"auto, (max-width: 640px) 100vw, 640px\" sizes=\"(max-width: 640px) 100vw, 640px\" \/><\/p>\n<h2>P\u0142ytka monta\u017cowa z wypustami \u2013 SPS<\/h2>\n<p><\/a> <\/div>\n<div class=\"col-lg-3\"><a href=\"https:\/\/ugwp.cfolks.pl\/bwb\/produkt\/plytka-montazowa-z-wypustami-spk\/\"  > <img width=\"100%\" height=\"auto\" src=\"https:\/\/ugwp.cfolks.pl\/bwb\/wp-content\/uploads\/Plytka-montazowa-z-wypustami-\u2013-SPK-640x471.jpg\"  alt=\"P\u0142ytka monta\u017cowa z wypustami \u2013 SPK\" decoding=\"async\" loading=\"lazy\" srcset=\"https:\/\/ugwp.cfolks.pl\/bwb\/wp-content\/uploads\/Plytka-montazowa-z-wypustami-\u2013-SPK-640x471.jpg 640w, https:\/\/ugwp.cfolks.pl\/bwb\/wp-content\/uploads\/Plytka-montazowa-z-wypustami-\u2013-SPK-300x221.jpg 300w, https:\/\/ugwp.cfolks.pl\/bwb\/wp-content\/uploads\/Plytka-montazowa-z-wypustami-\u2013-SPK-1024x754.jpg 1024w, https:\/\/ugwp.cfolks.pl\/bwb\/wp-content\/uploads\/Plytka-montazowa-z-wypustami-\u2013-SPK-150x110.jpg 150w, https:\/\/ugwp.cfolks.pl\/bwb\/wp-content\/uploads\/Plytka-montazowa-z-wypustami-\u2013-SPK-768x566.jpg 768w, https:\/\/ugwp.cfolks.pl\/bwb\/wp-content\/uploads\/Plytka-montazowa-z-wypustami-\u2013-SPK.jpg 1100w\" sizes=\"auto, (max-width: 640px) 100vw, 640px\"  sizes=\"(max-width: 640px) 100vw, 640px\" \/><\/p>\n<h2>P\u0142ytka monta\u017cowa z wypustami \u2013 SPK<\/h2>\n<p><\/a> <\/div>\n<div class=\"col-lg-3\"><a href=\"https:\/\/ugwp.cfolks.pl\/bwb\/produkt\/plytka-montazowa-z-wypustami-sphk\/\"  > <img width=\"100%\" height=\"auto\" src=\"https:\/\/ugwp.cfolks.pl\/bwb\/wp-content\/uploads\/Plytka-montazowa-z-wypustami-\u2013-SPHK-640x471.jpg\"  alt=\"P\u0142ytka monta\u017cowa z wypustami \u2013 SPHK\" decoding=\"async\" loading=\"lazy\" srcset=\"https:\/\/ugwp.cfolks.pl\/bwb\/wp-content\/uploads\/Plytka-montazowa-z-wypustami-\u2013-SPHK-640x471.jpg 640w, https:\/\/ugwp.cfolks.pl\/bwb\/wp-content\/uploads\/Plytka-montazowa-z-wypustami-\u2013-SPHK-300x221.jpg 300w, https:\/\/ugwp.cfolks.pl\/bwb\/wp-content\/uploads\/Plytka-montazowa-z-wypustami-\u2013-SPHK-1024x754.jpg 1024w, https:\/\/ugwp.cfolks.pl\/bwb\/wp-content\/uploads\/Plytka-montazowa-z-wypustami-\u2013-SPHK-150x110.jpg 150w, https:\/\/ugwp.cfolks.pl\/bwb\/wp-content\/uploads\/Plytka-montazowa-z-wypustami-\u2013-SPHK-768x566.jpg 768w, https:\/\/ugwp.cfolks.pl\/bwb\/wp-content\/uploads\/Plytka-montazowa-z-wypustami-\u2013-SPHK.jpg 1100w\" sizes=\"auto, (max-width: 640px) 100vw, 640px\" sizes=\"(max-width: 640px) 100vw, 640px\" \/><\/p>\n<h2>P\u0142ytka monta\u017cowa z wypustami \u2013 SPHK<\/h2>\n<p><\/a> <\/div>\n<div class=\"col-lg-3\"><a href=\"https:\/\/ugwp.cfolks.pl\/bwb\/produkt\/klin-plastikowy-kk\/\"  > <img width=\"100%\" height=\"auto\" src=\"https:\/\/ugwp.cfolks.pl\/bwb\/wp-content\/uploads\/Klin-plastikowy-KK-640x471.jpg\"  alt=\"Klin plastikowy KK\" decoding=\"async\" loading=\"lazy\" srcset=\"https:\/\/ugwp.cfolks.pl\/bwb\/wp-content\/uploads\/Klin-plastikowy-KK-640x471.jpg 640w, https:\/\/ugwp.cfolks.pl\/bwb\/wp-content\/uploads\/Klin-plastikowy-KK-300x221.jpg 300w, https:\/\/ugwp.cfolks.pl\/bwb\/wp-content\/uploads\/Klin-plastikowy-KK-1024x754.jpg 1024w, https:\/\/ugwp.cfolks.pl\/bwb\/wp-content\/uploads\/Klin-plastikowy-KK-150x110.jpg 150w, https:\/\/ugwp.cfolks.pl\/bwb\/wp-content\/uploads\/Klin-plastikowy-KK-768x566.jpg 768w, https:\/\/ugwp.cfolks.pl\/bwb\/wp-content\/uploads\/Klin-plastikowy-KK.jpg 1100w\" sizes=\"auto, (max-width: 640px) 100vw, 640px\"  sizes=\"(max-width: 640px) 100vw, 640px\" \/><\/p>\n<h2>Klin plastikowy KK<\/h2>\n<p><\/a> <\/div>\n<\/div>\n","protected":false},"excerpt":{"rendered":"<p>P\u0142ytka monta\u017cowa \u2013 MP P\u0142ytka monta\u017cowa z wyci\u0119ciem \u2013 MPS P\u0142ytka monta\u017cowa \u2013 MPO P\u0142ytka monta\u017cowa \u2013 MPW P\u0142ytka monta\u017cowa z wypustami \u2013 SPN P\u0142ytka monta\u017cowa z wypustami \u2013 SPH P\u0142ytka monta\u017cowa z wypustami \u2013 SP P\u0142ytka monta\u017cowa z wypustami \u2013 SPT P\u0142ytka monta\u017cowa z wypustami \u2013 SPS P\u0142ytka monta\u017cowa z wypustami \u2013 SPK P\u0142ytka [&hellip;]<\/p>\n","protected":false},"author":1,"featured_media":0,"parent":2675,"menu_order":0,"comment_status":"closed","ping_status":"closed","template":"page-kategoria-produktow.php","meta":{"_acf_changed":false,"footnotes":""},"class_list":["post-2685","page","type-page","status-publish","hentry"],"acf":[],"yoast_head":"<!-- This site is optimized with the Yoast SEO plugin v27.3 - https:\/\/yoast.com\/product\/yoast-seo-wordpress\/ -->\n<title>Stabilne P\u0142ytki Monta\u017cowe Do Poziomowania Innowacyjne Produkty<\/title>\n<meta name=\"description\" content=\"Stabilne P\u0142ytki Monta\u017cowe Do Monta\u017cu i Poziomowania MP SP z Wyci\u0119ciem Wypustkami Hakami Z\u0142\u0105czk\u0105 Wtykow\u0105 Do Du\u017cych Obci\u0105\u017ce\u0144 Kliny Plastikowe KK Szybki Monta\u017c\" \/>\n<meta name=\"robots\" content=\"noindex, follow, max-snippet:-1, max-image-preview:large, max-video-preview:-1\" \/>\n<meta property=\"og:locale\" content=\"pl_PL\" \/>\n<meta property=\"og:type\" content=\"article\" \/>\n<meta property=\"og:title\" content=\"Stabilne P\u0142ytki Monta\u017cowe Do Poziomowania Innowacyjne Produkty\" \/>\n<meta property=\"og:description\" content=\"Stabilne P\u0142ytki Monta\u017cowe Do Monta\u017cu i Poziomowania MP SP z Wyci\u0119ciem Wypustkami Hakami Z\u0142\u0105czk\u0105 Wtykow\u0105 Do Du\u017cych Obci\u0105\u017ce\u0144 Kliny Plastikowe KK Szybki Monta\u017c\" \/>\n<meta property=\"og:url\" content=\"https:\/\/ugwp.cfolks.pl\/bwb\/podkladki-dystansowe\/plytki-montazowe\/\" \/>\n<meta property=\"og:site_name\" content=\"BWB technology\" \/>\n<meta property=\"article:modified_time\" content=\"2023-09-28T22:16:22+00:00\" \/>\n<meta property=\"og:image\" content=\"https:\/\/ugwp.cfolks.pl\/bwb\/wp-content\/uploads\/Klin-plastikowy-KK-640x471.jpg\" \/>\n<meta name=\"twitter:card\" content=\"summary_large_image\" \/>\n<meta name=\"twitter:label1\" content=\"Szacowany czas czytania\" \/>\n\t<meta name=\"twitter:data1\" content=\"3 minuty\" \/>\n<script type=\"application\/ld+json\" class=\"yoast-schema-graph\">{\"@context\":\"https:\\\/\\\/schema.org\",\"@graph\":[{\"@type\":\"WebPage\",\"@id\":\"https:\\\/\\\/ugwp.cfolks.pl\\\/bwb\\\/podkladki-dystansowe\\\/plytki-montazowe\\\/\",\"url\":\"https:\\\/\\\/ugwp.cfolks.pl\\\/bwb\\\/podkladki-dystansowe\\\/plytki-montazowe\\\/\",\"name\":\"Stabilne P\u0142ytki Monta\u017cowe Do Poziomowania Innowacyjne Produkty\",\"isPartOf\":{\"@id\":\"https:\\\/\\\/ugwp.cfolks.pl\\\/bwb\\\/#website\"},\"primaryImageOfPage\":{\"@id\":\"https:\\\/\\\/ugwp.cfolks.pl\\\/bwb\\\/podkladki-dystansowe\\\/plytki-montazowe\\\/#primaryimage\"},\"image\":{\"@id\":\"https:\\\/\\\/ugwp.cfolks.pl\\\/bwb\\\/podkladki-dystansowe\\\/plytki-montazowe\\\/#primaryimage\"},\"thumbnailUrl\":\"https:\\\/\\\/ugwp.cfolks.pl\\\/bwb\\\/wp-content\\\/uploads\\\/Klin-plastikowy-KK-640x471.jpg\",\"datePublished\":\"2022-11-28T20:32:00+00:00\",\"dateModified\":\"2023-09-28T22:16:22+00:00\",\"description\":\"Stabilne P\u0142ytki Monta\u017cowe Do Monta\u017cu i Poziomowania MP SP z Wyci\u0119ciem Wypustkami Hakami Z\u0142\u0105czk\u0105 Wtykow\u0105 Do Du\u017cych Obci\u0105\u017ce\u0144 Kliny Plastikowe KK Szybki Monta\u017c\",\"breadcrumb\":{\"@id\":\"https:\\\/\\\/ugwp.cfolks.pl\\\/bwb\\\/podkladki-dystansowe\\\/plytki-montazowe\\\/#breadcrumb\"},\"inLanguage\":\"pl-PL\",\"potentialAction\":[{\"@type\":\"ReadAction\",\"target\":[\"https:\\\/\\\/ugwp.cfolks.pl\\\/bwb\\\/podkladki-dystansowe\\\/plytki-montazowe\\\/\"]}]},{\"@type\":\"ImageObject\",\"inLanguage\":\"pl-PL\",\"@id\":\"https:\\\/\\\/ugwp.cfolks.pl\\\/bwb\\\/podkladki-dystansowe\\\/plytki-montazowe\\\/#primaryimage\",\"url\":\"https:\\\/\\\/ugwp.cfolks.pl\\\/bwb\\\/wp-content\\\/uploads\\\/Klin-plastikowy-KK.jpg\",\"contentUrl\":\"https:\\\/\\\/ugwp.cfolks.pl\\\/bwb\\\/wp-content\\\/uploads\\\/Klin-plastikowy-KK.jpg\",\"width\":1100,\"height\":810,\"caption\":\"Klin plastikowy KK\"},{\"@type\":\"BreadcrumbList\",\"@id\":\"https:\\\/\\\/ugwp.cfolks.pl\\\/bwb\\\/podkladki-dystansowe\\\/plytki-montazowe\\\/#breadcrumb\",\"itemListElement\":[{\"@type\":\"ListItem\",\"position\":1,\"name\":\"Strona g\u0142\u00f3wna\",\"item\":\"https:\\\/\\\/ugwp.cfolks.pl\\\/bwb\\\/\"},{\"@type\":\"ListItem\",\"position\":2,\"name\":\"Podk\u0142adki dystansowe\",\"item\":\"https:\\\/\\\/ugwp.cfolks.pl\\\/bwb\\\/podkladki-dystansowe\\\/\"},{\"@type\":\"ListItem\",\"position\":3,\"name\":\"P\u0142ytki monta\u017cowe\"}]},{\"@type\":\"WebSite\",\"@id\":\"https:\\\/\\\/ugwp.cfolks.pl\\\/bwb\\\/#website\",\"url\":\"https:\\\/\\\/ugwp.cfolks.pl\\\/bwb\\\/\",\"name\":\"BWB technology\",\"description\":\"Kolejna witryna oparta na WordPressie\",\"potentialAction\":[{\"@type\":\"SearchAction\",\"target\":{\"@type\":\"EntryPoint\",\"urlTemplate\":\"https:\\\/\\\/ugwp.cfolks.pl\\\/bwb\\\/?s={search_term_string}\"},\"query-input\":{\"@type\":\"PropertyValueSpecification\",\"valueRequired\":true,\"valueName\":\"search_term_string\"}}],\"inLanguage\":\"pl-PL\"}]}<\/script>\n<!-- \/ Yoast SEO plugin. -->","yoast_head_json":{"title":"Stabilne P\u0142ytki Monta\u017cowe Do Poziomowania Innowacyjne Produkty","description":"Stabilne P\u0142ytki Monta\u017cowe Do Monta\u017cu i Poziomowania MP SP z Wyci\u0119ciem Wypustkami Hakami Z\u0142\u0105czk\u0105 Wtykow\u0105 Do Du\u017cych Obci\u0105\u017ce\u0144 Kliny Plastikowe KK Szybki Monta\u017c","robots":{"index":"noindex","follow":"follow","max-snippet":"max-snippet:-1","max-image-preview":"max-image-preview:large","max-video-preview":"max-video-preview:-1"},"og_locale":"pl_PL","og_type":"article","og_title":"Stabilne P\u0142ytki Monta\u017cowe Do Poziomowania Innowacyjne Produkty","og_description":"Stabilne P\u0142ytki Monta\u017cowe Do Monta\u017cu i Poziomowania MP SP z Wyci\u0119ciem Wypustkami Hakami Z\u0142\u0105czk\u0105 Wtykow\u0105 Do Du\u017cych Obci\u0105\u017ce\u0144 Kliny Plastikowe KK Szybki Monta\u017c","og_url":"https:\/\/ugwp.cfolks.pl\/bwb\/podkladki-dystansowe\/plytki-montazowe\/","og_site_name":"BWB technology","article_modified_time":"2023-09-28T22:16:22+00:00","og_image":[{"url":"https:\/\/ugwp.cfolks.pl\/bwb\/wp-content\/uploads\/Klin-plastikowy-KK-640x471.jpg","type":"","width":"","height":""}],"twitter_card":"summary_large_image","twitter_misc":{"Szacowany czas czytania":"3 minuty"},"schema":{"@context":"https:\/\/schema.org","@graph":[{"@type":"WebPage","@id":"https:\/\/ugwp.cfolks.pl\/bwb\/podkladki-dystansowe\/plytki-montazowe\/","url":"https:\/\/ugwp.cfolks.pl\/bwb\/podkladki-dystansowe\/plytki-montazowe\/","name":"Stabilne P\u0142ytki Monta\u017cowe Do Poziomowania Innowacyjne Produkty","isPartOf":{"@id":"https:\/\/ugwp.cfolks.pl\/bwb\/#website"},"primaryImageOfPage":{"@id":"https:\/\/ugwp.cfolks.pl\/bwb\/podkladki-dystansowe\/plytki-montazowe\/#primaryimage"},"image":{"@id":"https:\/\/ugwp.cfolks.pl\/bwb\/podkladki-dystansowe\/plytki-montazowe\/#primaryimage"},"thumbnailUrl":"https:\/\/ugwp.cfolks.pl\/bwb\/wp-content\/uploads\/Klin-plastikowy-KK-640x471.jpg","datePublished":"2022-11-28T20:32:00+00:00","dateModified":"2023-09-28T22:16:22+00:00","description":"Stabilne P\u0142ytki Monta\u017cowe Do Monta\u017cu i Poziomowania MP SP z Wyci\u0119ciem Wypustkami Hakami Z\u0142\u0105czk\u0105 Wtykow\u0105 Do Du\u017cych Obci\u0105\u017ce\u0144 Kliny Plastikowe KK Szybki Monta\u017c","breadcrumb":{"@id":"https:\/\/ugwp.cfolks.pl\/bwb\/podkladki-dystansowe\/plytki-montazowe\/#breadcrumb"},"inLanguage":"pl-PL","potentialAction":[{"@type":"ReadAction","target":["https:\/\/ugwp.cfolks.pl\/bwb\/podkladki-dystansowe\/plytki-montazowe\/"]}]},{"@type":"ImageObject","inLanguage":"pl-PL","@id":"https:\/\/ugwp.cfolks.pl\/bwb\/podkladki-dystansowe\/plytki-montazowe\/#primaryimage","url":"https:\/\/ugwp.cfolks.pl\/bwb\/wp-content\/uploads\/Klin-plastikowy-KK.jpg","contentUrl":"https:\/\/ugwp.cfolks.pl\/bwb\/wp-content\/uploads\/Klin-plastikowy-KK.jpg","width":1100,"height":810,"caption":"Klin plastikowy KK"},{"@type":"BreadcrumbList","@id":"https:\/\/ugwp.cfolks.pl\/bwb\/podkladki-dystansowe\/plytki-montazowe\/#breadcrumb","itemListElement":[{"@type":"ListItem","position":1,"name":"Strona g\u0142\u00f3wna","item":"https:\/\/ugwp.cfolks.pl\/bwb\/"},{"@type":"ListItem","position":2,"name":"Podk\u0142adki dystansowe","item":"https:\/\/ugwp.cfolks.pl\/bwb\/podkladki-dystansowe\/"},{"@type":"ListItem","position":3,"name":"P\u0142ytki monta\u017cowe"}]},{"@type":"WebSite","@id":"https:\/\/ugwp.cfolks.pl\/bwb\/#website","url":"https:\/\/ugwp.cfolks.pl\/bwb\/","name":"BWB technology","description":"Kolejna witryna oparta na WordPressie","potentialAction":[{"@type":"SearchAction","target":{"@type":"EntryPoint","urlTemplate":"https:\/\/ugwp.cfolks.pl\/bwb\/?s={search_term_string}"},"query-input":{"@type":"PropertyValueSpecification","valueRequired":true,"valueName":"search_term_string"}}],"inLanguage":"pl-PL"}]}},"_links":{"self":[{"href":"https:\/\/ugwp.cfolks.pl\/bwb\/wp-json\/wp\/v2\/pages\/2685","targetHints":{"allow":["GET"]}}],"collection":[{"href":"https:\/\/ugwp.cfolks.pl\/bwb\/wp-json\/wp\/v2\/pages"}],"about":[{"href":"https:\/\/ugwp.cfolks.pl\/bwb\/wp-json\/wp\/v2\/types\/page"}],"author":[{"embeddable":true,"href":"https:\/\/ugwp.cfolks.pl\/bwb\/wp-json\/wp\/v2\/users\/1"}],"replies":[{"embeddable":true,"href":"https:\/\/ugwp.cfolks.pl\/bwb\/wp-json\/wp\/v2\/comments?post=2685"}],"version-history":[{"count":0,"href":"https:\/\/ugwp.cfolks.pl\/bwb\/wp-json\/wp\/v2\/pages\/2685\/revisions"}],"up":[{"embeddable":true,"href":"https:\/\/ugwp.cfolks.pl\/bwb\/wp-json\/wp\/v2\/pages\/2675"}],"wp:attachment":[{"href":"https:\/\/ugwp.cfolks.pl\/bwb\/wp-json\/wp\/v2\/media?parent=2685"}],"curies":[{"name":"wp","href":"https:\/\/api.w.org\/{rel}","templated":true}]}}