{"id":2683,"date":"2022-11-28T21:30:52","date_gmt":"2022-11-28T20:30:52","guid":{"rendered":"https:\/\/ugwp.cfolks.pl\/bwb\/?page_id=2683"},"modified":"2024-10-30T15:02:14","modified_gmt":"2024-10-30T14:02:14","slug":"podkladki-betonowe-punktowe","status":"publish","type":"page","link":"https:\/\/ugwp.cfolks.pl\/bwb\/podkladki-dystansowe\/podkladki-betonowe-punktowe\/","title":{"rendered":"Podk\u0142adki betonowe punktowe"},"content":{"rendered":"<div class=\"row kategoria-produktow\">\n<div class=\"col-lg-3\"><a href=\"https:\/\/ugwp.cfolks.pl\/bwb\/produkt\/podkladka-z-wloknobetonu-bd2-qk\/\"><img decoding=\"async\" width=\"100%\" height=\"auto\" src=\"https:\/\/ugwp.cfolks.pl\/bwb\/wp-content\/uploads\/Podkladka-z-wloknobetonu-%E2%80%93-BD2-QK.jpg\" alt=\"Podk\u0142adka z w\u0142\u00f3knobetonu \u2013 BD2 QK\"\/><\/p>\n<h2>Podk\u0142adka z w\u0142\u00f3knobetonu \u2013 BD2 QK<\/h2>\n<p><\/a><\/div>\n<div class=\"col-lg-3\"><a href=\"https:\/\/ugwp.cfolks.pl\/bwb\/produkt\/podkladka-z-wloknobetonu-bd2-lk\/\"><img decoding=\"async\" width=\"100%\" height=\"auto\" src=\"https:\/\/ugwp.cfolks.pl\/bwb\/wp-content\/uploads\/Podkladka-z-wloknobetonu-%E2%80%93-BD2-LK.jpg\" alt=\"Podk\u0142adka z w\u0142\u00f3knobetonu \u2013 BD2 LK\"\/><\/p>\n<h2>Podk\u0142adka z w\u0142\u00f3knobetonu \u2013 BD2 LK<\/h2>\n<p><\/a><\/div>\n<div class=\"col-lg-3\"><a href=\"https:\/\/ugwp.cfolks.pl\/bwb\/produkt\/podkladka-z-wloknobetonu-bah\/\"><img decoding=\"async\" width=\"100%\" height=\"auto\" src=\"https:\/\/ugwp.cfolks.pl\/bwb\/wp-content\/uploads\/Podkladka-z-wloknobetonu-%E2%80%93-BAH.jpg\" alt=\"Podk\u0142adka z w\u0142\u00f3knobetonu \u2013 BAH\"\/><\/p>\n<h2>Podk\u0142adka z w\u0142\u00f3knobetonu \u2013 BAH<\/h2>\n<p><\/a><\/div>\n<div class=\"col-lg-3\"><a href=\"https:\/\/ugwp.cfolks.pl\/bwb\/produkt\/podkladka-z-wloknobetonu-tunelowa-z-drutem-bta-d\/\"><img decoding=\"async\" width=\"100%\" height=\"auto\" src=\"https:\/\/ugwp.cfolks.pl\/bwb\/wp-content\/uploads\/Podkladka-z-wloknobetonu-%E2%80%93-tunelowa-z-drutem-BTA-D.jpg\" alt=\"Podk\u0142adka z w\u0142\u00f3knobetonu \u2013 tunelowa z drutem BTA D\"\/><\/p>\n<h2>Podk\u0142adka z w\u0142\u00f3knobetonu \u2013 tunelowa z drutem BTA D<\/h2>\n<p><\/a><\/div>\n<div class=\"col-lg-3\"><a href=\"https:\/\/ugwp.cfolks.pl\/bwb\/produkt\/podkladka-z-wloknobetonu-rolka\/\"><img decoding=\"async\" width=\"100%\" height=\"auto\" src=\"https:\/\/ugwp.cfolks.pl\/bwb\/wp-content\/uploads\/Podkladka-z-wloknobetonu-%E2%80%93-ROLKA.jpg\" alt=\"Podk\u0142adka z w\u0142\u00f3knobetonu \u2013 ROLKA\"\/><\/p>\n<h2>Podk\u0142adka z w\u0142\u00f3knobetonu \u2013 ROLKA<\/h2>\n<p><\/a><\/div>\n<div class=\"col-lg-3\"><a href=\"https:\/\/ugwp.cfolks.pl\/bwb\/produkt\/podkladka-z-wloknobetonu-punktowa-typ-bkd\/\"><img decoding=\"async\" width=\"100%\" height=\"auto\" src=\"https:\/\/ugwp.cfolks.pl\/bwb\/wp-content\/uploads\/Podkladka-z-wloknobetonu-%E2%80%93-punktowa-Typ-BKD.jpg\" alt=\"Podk\u0142adka z w\u0142\u00f3knobetonu \u2013 punktowa Typ BKD\"\/><\/p>\n<h2>Podk\u0142adka z w\u0142\u00f3knobetonu \u2013 punktowa Typ BKD<\/h2>\n<p><\/a><\/div>\n<div class=\"col-lg-3\"><a href=\"https:\/\/ugwp.cfolks.pl\/bwb\/produkt\/podkladka-z-wloknobetonu-punktowa-typ-bad\/\"><img decoding=\"async\" width=\"100%\" height=\"auto\" src=\"https:\/\/ugwp.cfolks.pl\/bwb\/wp-content\/uploads\/Podkladka-z-wloknobetonu-%E2%80%93-punktowa-Typ-BAD.jpg\" alt=\"Podk\u0142adka z w\u0142\u00f3knobetonu \u2013 punktowa Typ BAD\"\/><\/p>\n<h2>Podk\u0142adka z w\u0142\u00f3knobetonu \u2013 punktowa Typ BAD<\/h2>\n<p><\/a><\/div>\n<div class=\"col-lg-3\"><a href=\"https:\/\/ugwp.cfolks.pl\/bwb\/produkt\/podkladka-z-wloknobetonu-punktowa-typ-bk\/\"><img decoding=\"async\" width=\"100%\" height=\"auto\" src=\"https:\/\/ugwp.cfolks.pl\/bwb\/wp-content\/uploads\/Podkladka-z-wloknobetonu-%E2%80%93-punktowa-typ-BK.jpg\" alt=\"Podk\u0142adka z w\u0142\u00f3knobetonu \u2013 punktowa typ BK\"\/><\/p>\n<h2>Podk\u0142adka z w\u0142\u00f3knobetonu \u2013 punktowa typ BK<\/h2>\n<p><\/a><\/div>\n<div class=\"col-lg-3\"><a href=\"https:\/\/ugwp.cfolks.pl\/bwb\/produkt\/podkladka-z-wloknobetonu-punktowa-typ-ba\/\"><img decoding=\"async\" width=\"100%\" height=\"auto\" src=\"https:\/\/ugwp.cfolks.pl\/bwb\/wp-content\/uploads\/Podkladka-z-wloknobetonu-%E2%80%93-punktowa-Typ-BA.jpg\" alt=\"Podk\u0142adka z w\u0142\u00f3knobetonu \u2013 punktowa Typ BA\"\/><\/p>\n<h2>Podk\u0142adka z w\u0142\u00f3knobetonu \u2013 punktowa Typ BA<\/h2>\n<p><\/a><\/div>\n<div class=\"col-lg-3\"><a href=\"https:\/\/ugwp.cfolks.pl\/bwb\/produkt\/podkladka-betonowa-punktowa-gbafk\/\"><img decoding=\"async\" width=\"100%\" height=\"auto\" src=\"https:\/\/ugwp.cfolks.pl\/bwb\/wp-content\/uploads\/Podkladka-betonowa-punktowa-%E2%80%93-GBAFK-%E2%80%93-wersja-pierwsza.jpg\" alt=\"Podk\u0142adka betonowa punktowa \u2013 GBAFK\"\/><\/p>\n<h2>Podk\u0142adka betonowa punktowa \u2013 GBAFK<\/h2>\n<p><\/a><\/div>\n<div class=\"col-lg-3\"><a href=\"https:\/\/ugwp.cfolks.pl\/bwb\/produkt\/podkladka-betonowa-punktowa-bk-p-k3\/\"> <img decoding=\"async\" width=\"100%\" height=\"auto\" src=\"https:\/\/ugwp.cfolks.pl\/bwb\/wp-content\/uploads\/Podkladka-betonowa-punktowa-%E2%80%93-BK-P-K3.jpg\" alt=\"Podk\u0142adka betonowa punktowa \u2013 BK P-K3\" \/><\/p>\n<h2>Podk\u0142adka betonowa punktowa \u2013 BK P-K3<\/h2>\n<p><\/a> <\/div>\n<div class=\"col-lg-3\"><a href=\"https:\/\/ugwp.cfolks.pl\/bwb\/produkt\/aa-kopia-kopia\/\"> <img decoding=\"async\" width=\"100%\" height=\"auto\" src=\"https:\/\/ugwp.cfolks.pl\/bwb\/wp-content\/uploads\/Podkladka-betonowa-punktowa-%E2%80%93-BK-P-DP.jpg\" alt=\"Podk\u0142adka betonowa punktowa \u2013 BK P-DP\"\/><\/p>\n<h2>Podk\u0142adka betonowa punktowa \u2013 BK P-DP<\/h2>\n<p><\/a> <\/div>\n<div class=\"col-lg-3\"><a href=\"https:\/\/ugwp.cfolks.pl\/bwb\/produkt\/podkladka-betonowa-punktowa-bk-p-d\/\"> <img decoding=\"async\" width=\"100%\" height=\"auto\" src=\"https:\/\/ugwp.cfolks.pl\/bwb\/wp-content\/uploads\/Podkladka-betonowa-punktowa-%E2%80%93-BK-P-D.jpg\" alt=\"Podk\u0142adka betonowa punktowa \u2013 BK P-D\" \/><\/p>\n<h2>Podk\u0142adka betonowa punktowa \u2013 BK P-D<\/h2>\n<p><\/a> <\/div>\n<div class=\"col-lg-3\"><a href=\"https:\/\/ugwp.cfolks.pl\/bwb\/produkt\/podkladka-betonowa-punktowa-bk-p\/\"> <img decoding=\"async\" width=\"100%\" height=\"auto\" src=\"https:\/\/ugwp.cfolks.pl\/bwb\/wp-content\/uploads\/Podkladka-betonowa-punktowa-%E2%80%93-BK-P.jpg\" alt=\"Podk\u0142adka betonowa punktowa \u2013 BK P\" \/><\/p>\n<h2>Podk\u0142adka betonowa punktowa \u2013 BK P<\/h2>\n<p><\/a> <\/div>\n<\/p><\/div>\n","protected":false},"excerpt":{"rendered":"<p>Podk\u0142adka z w\u0142\u00f3knobetonu \u2013 BD2 QK Podk\u0142adka z w\u0142\u00f3knobetonu \u2013 BD2 LK Podk\u0142adka z w\u0142\u00f3knobetonu \u2013 BAH Podk\u0142adka z w\u0142\u00f3knobetonu \u2013 tunelowa z drutem BTA D Podk\u0142adka z w\u0142\u00f3knobetonu \u2013 ROLKA Podk\u0142adka z w\u0142\u00f3knobetonu \u2013 punktowa Typ BKD Podk\u0142adka z w\u0142\u00f3knobetonu \u2013 punktowa Typ BAD Podk\u0142adka z w\u0142\u00f3knobetonu \u2013 punktowa typ BK Podk\u0142adka z w\u0142\u00f3knobetonu [&hellip;]<\/p>\n","protected":false},"author":1,"featured_media":0,"parent":2675,"menu_order":0,"comment_status":"closed","ping_status":"closed","template":"page-kategoria-produktow.php","meta":{"_acf_changed":false,"footnotes":""},"class_list":["post-2683","page","type-page","status-publish","hentry"],"acf":[],"yoast_head":"<!-- This site is optimized with the Yoast SEO plugin v27.3 - https:\/\/yoast.com\/product\/yoast-seo-wordpress\/ -->\n<title>Stabilne Podk\u0142adki Dystansowe Betonowe Punktowe Pod Zbrojenie<\/title>\n<meta name=\"description\" content=\"Stabilne Podk\u0142adki Betonowe Punktowe Tunelowe Z W\u0142\u00f3knobetonu Drutem Zaciskami Poprzecznymi Pod\u0142u\u017cnymi Rolk\u0105 Do Ci\u0119\u017ckiego Zbrojenia Poziomego i Pionowego\" \/>\n<meta name=\"robots\" content=\"noindex, follow, max-snippet:-1, max-image-preview:large, max-video-preview:-1\" \/>\n<meta property=\"og:locale\" content=\"pl_PL\" \/>\n<meta property=\"og:type\" content=\"article\" \/>\n<meta property=\"og:title\" content=\"Stabilne Podk\u0142adki Dystansowe Betonowe Punktowe Pod Zbrojenie\" \/>\n<meta property=\"og:description\" content=\"Stabilne Podk\u0142adki Betonowe Punktowe Tunelowe Z W\u0142\u00f3knobetonu Drutem Zaciskami Poprzecznymi Pod\u0142u\u017cnymi Rolk\u0105 Do Ci\u0119\u017ckiego Zbrojenia Poziomego i Pionowego\" \/>\n<meta property=\"og:url\" content=\"https:\/\/ugwp.cfolks.pl\/bwb\/podkladki-dystansowe\/podkladki-betonowe-punktowe\/\" \/>\n<meta property=\"og:site_name\" content=\"BWB technology\" \/>\n<meta property=\"article:modified_time\" content=\"2024-10-30T14:02:14+00:00\" \/>\n<meta property=\"og:image\" content=\"https:\/\/ugwp.cfolks.pl\/bwb\/wp-content\/uploads\/Podkladka-z-wloknobetonu-%E2%80%93-BD2-QK.jpg\" \/>\n<meta name=\"twitter:card\" content=\"summary_large_image\" \/>\n<meta name=\"twitter:label1\" content=\"Szacowany czas czytania\" \/>\n\t<meta name=\"twitter:data1\" content=\"4 minuty\" \/>\n<script type=\"application\/ld+json\" class=\"yoast-schema-graph\">{\"@context\":\"https:\\\/\\\/schema.org\",\"@graph\":[{\"@type\":\"WebPage\",\"@id\":\"https:\\\/\\\/ugwp.cfolks.pl\\\/bwb\\\/podkladki-dystansowe\\\/podkladki-betonowe-punktowe\\\/\",\"url\":\"https:\\\/\\\/ugwp.cfolks.pl\\\/bwb\\\/podkladki-dystansowe\\\/podkladki-betonowe-punktowe\\\/\",\"name\":\"Stabilne Podk\u0142adki Dystansowe Betonowe Punktowe Pod Zbrojenie\",\"isPartOf\":{\"@id\":\"https:\\\/\\\/ugwp.cfolks.pl\\\/bwb\\\/#website\"},\"primaryImageOfPage\":{\"@id\":\"https:\\\/\\\/ugwp.cfolks.pl\\\/bwb\\\/podkladki-dystansowe\\\/podkladki-betonowe-punktowe\\\/#primaryimage\"},\"image\":{\"@id\":\"https:\\\/\\\/ugwp.cfolks.pl\\\/bwb\\\/podkladki-dystansowe\\\/podkladki-betonowe-punktowe\\\/#primaryimage\"},\"thumbnailUrl\":\"https:\\\/\\\/ugwp.cfolks.pl\\\/bwb\\\/wp-content\\\/uploads\\\/Podkladka-z-wloknobetonu-%E2%80%93-BD2-QK.jpg\",\"datePublished\":\"2022-11-28T20:30:52+00:00\",\"dateModified\":\"2024-10-30T14:02:14+00:00\",\"description\":\"Stabilne Podk\u0142adki Betonowe Punktowe Tunelowe Z W\u0142\u00f3knobetonu Drutem Zaciskami Poprzecznymi Pod\u0142u\u017cnymi Rolk\u0105 Do Ci\u0119\u017ckiego Zbrojenia Poziomego i Pionowego\",\"breadcrumb\":{\"@id\":\"https:\\\/\\\/ugwp.cfolks.pl\\\/bwb\\\/podkladki-dystansowe\\\/podkladki-betonowe-punktowe\\\/#breadcrumb\"},\"inLanguage\":\"pl-PL\",\"potentialAction\":[{\"@type\":\"ReadAction\",\"target\":[\"https:\\\/\\\/ugwp.cfolks.pl\\\/bwb\\\/podkladki-dystansowe\\\/podkladki-betonowe-punktowe\\\/\"]}]},{\"@type\":\"ImageObject\",\"inLanguage\":\"pl-PL\",\"@id\":\"https:\\\/\\\/ugwp.cfolks.pl\\\/bwb\\\/podkladki-dystansowe\\\/podkladki-betonowe-punktowe\\\/#primaryimage\",\"url\":\"https:\\\/\\\/ugwp.cfolks.pl\\\/bwb\\\/wp-content\\\/uploads\\\/Podkladka-z-wloknobetonu-%E2%80%93-BD2-QK.jpg\",\"contentUrl\":\"https:\\\/\\\/ugwp.cfolks.pl\\\/bwb\\\/wp-content\\\/uploads\\\/Podkladka-z-wloknobetonu-%E2%80%93-BD2-QK.jpg\"},{\"@type\":\"BreadcrumbList\",\"@id\":\"https:\\\/\\\/ugwp.cfolks.pl\\\/bwb\\\/podkladki-dystansowe\\\/podkladki-betonowe-punktowe\\\/#breadcrumb\",\"itemListElement\":[{\"@type\":\"ListItem\",\"position\":1,\"name\":\"Strona g\u0142\u00f3wna\",\"item\":\"https:\\\/\\\/ugwp.cfolks.pl\\\/bwb\\\/\"},{\"@type\":\"ListItem\",\"position\":2,\"name\":\"Podk\u0142adki dystansowe\",\"item\":\"https:\\\/\\\/ugwp.cfolks.pl\\\/bwb\\\/podkladki-dystansowe\\\/\"},{\"@type\":\"ListItem\",\"position\":3,\"name\":\"Podk\u0142adki betonowe punktowe\"}]},{\"@type\":\"WebSite\",\"@id\":\"https:\\\/\\\/ugwp.cfolks.pl\\\/bwb\\\/#website\",\"url\":\"https:\\\/\\\/ugwp.cfolks.pl\\\/bwb\\\/\",\"name\":\"BWB technology\",\"description\":\"Kolejna witryna oparta na WordPressie\",\"potentialAction\":[{\"@type\":\"SearchAction\",\"target\":{\"@type\":\"EntryPoint\",\"urlTemplate\":\"https:\\\/\\\/ugwp.cfolks.pl\\\/bwb\\\/?s={search_term_string}\"},\"query-input\":{\"@type\":\"PropertyValueSpecification\",\"valueRequired\":true,\"valueName\":\"search_term_string\"}}],\"inLanguage\":\"pl-PL\"}]}<\/script>\n<!-- \/ Yoast SEO plugin. -->","yoast_head_json":{"title":"Stabilne Podk\u0142adki Dystansowe Betonowe Punktowe Pod Zbrojenie","description":"Stabilne Podk\u0142adki Betonowe Punktowe Tunelowe Z W\u0142\u00f3knobetonu Drutem Zaciskami Poprzecznymi Pod\u0142u\u017cnymi Rolk\u0105 Do Ci\u0119\u017ckiego Zbrojenia Poziomego i Pionowego","robots":{"index":"noindex","follow":"follow","max-snippet":"max-snippet:-1","max-image-preview":"max-image-preview:large","max-video-preview":"max-video-preview:-1"},"og_locale":"pl_PL","og_type":"article","og_title":"Stabilne Podk\u0142adki Dystansowe Betonowe Punktowe Pod Zbrojenie","og_description":"Stabilne Podk\u0142adki Betonowe Punktowe Tunelowe Z W\u0142\u00f3knobetonu Drutem Zaciskami Poprzecznymi Pod\u0142u\u017cnymi Rolk\u0105 Do Ci\u0119\u017ckiego Zbrojenia Poziomego i Pionowego","og_url":"https:\/\/ugwp.cfolks.pl\/bwb\/podkladki-dystansowe\/podkladki-betonowe-punktowe\/","og_site_name":"BWB technology","article_modified_time":"2024-10-30T14:02:14+00:00","og_image":[{"url":"https:\/\/ugwp.cfolks.pl\/bwb\/wp-content\/uploads\/Podkladka-z-wloknobetonu-%E2%80%93-BD2-QK.jpg","type":"","width":"","height":""}],"twitter_card":"summary_large_image","twitter_misc":{"Szacowany czas czytania":"4 minuty"},"schema":{"@context":"https:\/\/schema.org","@graph":[{"@type":"WebPage","@id":"https:\/\/ugwp.cfolks.pl\/bwb\/podkladki-dystansowe\/podkladki-betonowe-punktowe\/","url":"https:\/\/ugwp.cfolks.pl\/bwb\/podkladki-dystansowe\/podkladki-betonowe-punktowe\/","name":"Stabilne Podk\u0142adki Dystansowe Betonowe Punktowe Pod Zbrojenie","isPartOf":{"@id":"https:\/\/ugwp.cfolks.pl\/bwb\/#website"},"primaryImageOfPage":{"@id":"https:\/\/ugwp.cfolks.pl\/bwb\/podkladki-dystansowe\/podkladki-betonowe-punktowe\/#primaryimage"},"image":{"@id":"https:\/\/ugwp.cfolks.pl\/bwb\/podkladki-dystansowe\/podkladki-betonowe-punktowe\/#primaryimage"},"thumbnailUrl":"https:\/\/ugwp.cfolks.pl\/bwb\/wp-content\/uploads\/Podkladka-z-wloknobetonu-%E2%80%93-BD2-QK.jpg","datePublished":"2022-11-28T20:30:52+00:00","dateModified":"2024-10-30T14:02:14+00:00","description":"Stabilne Podk\u0142adki Betonowe Punktowe Tunelowe Z W\u0142\u00f3knobetonu Drutem Zaciskami Poprzecznymi Pod\u0142u\u017cnymi Rolk\u0105 Do Ci\u0119\u017ckiego Zbrojenia Poziomego i Pionowego","breadcrumb":{"@id":"https:\/\/ugwp.cfolks.pl\/bwb\/podkladki-dystansowe\/podkladki-betonowe-punktowe\/#breadcrumb"},"inLanguage":"pl-PL","potentialAction":[{"@type":"ReadAction","target":["https:\/\/ugwp.cfolks.pl\/bwb\/podkladki-dystansowe\/podkladki-betonowe-punktowe\/"]}]},{"@type":"ImageObject","inLanguage":"pl-PL","@id":"https:\/\/ugwp.cfolks.pl\/bwb\/podkladki-dystansowe\/podkladki-betonowe-punktowe\/#primaryimage","url":"https:\/\/ugwp.cfolks.pl\/bwb\/wp-content\/uploads\/Podkladka-z-wloknobetonu-%E2%80%93-BD2-QK.jpg","contentUrl":"https:\/\/ugwp.cfolks.pl\/bwb\/wp-content\/uploads\/Podkladka-z-wloknobetonu-%E2%80%93-BD2-QK.jpg"},{"@type":"BreadcrumbList","@id":"https:\/\/ugwp.cfolks.pl\/bwb\/podkladki-dystansowe\/podkladki-betonowe-punktowe\/#breadcrumb","itemListElement":[{"@type":"ListItem","position":1,"name":"Strona g\u0142\u00f3wna","item":"https:\/\/ugwp.cfolks.pl\/bwb\/"},{"@type":"ListItem","position":2,"name":"Podk\u0142adki dystansowe","item":"https:\/\/ugwp.cfolks.pl\/bwb\/podkladki-dystansowe\/"},{"@type":"ListItem","position":3,"name":"Podk\u0142adki betonowe punktowe"}]},{"@type":"WebSite","@id":"https:\/\/ugwp.cfolks.pl\/bwb\/#website","url":"https:\/\/ugwp.cfolks.pl\/bwb\/","name":"BWB technology","description":"Kolejna witryna oparta na WordPressie","potentialAction":[{"@type":"SearchAction","target":{"@type":"EntryPoint","urlTemplate":"https:\/\/ugwp.cfolks.pl\/bwb\/?s={search_term_string}"},"query-input":{"@type":"PropertyValueSpecification","valueRequired":true,"valueName":"search_term_string"}}],"inLanguage":"pl-PL"}]}},"_links":{"self":[{"href":"https:\/\/ugwp.cfolks.pl\/bwb\/wp-json\/wp\/v2\/pages\/2683","targetHints":{"allow":["GET"]}}],"collection":[{"href":"https:\/\/ugwp.cfolks.pl\/bwb\/wp-json\/wp\/v2\/pages"}],"about":[{"href":"https:\/\/ugwp.cfolks.pl\/bwb\/wp-json\/wp\/v2\/types\/page"}],"author":[{"embeddable":true,"href":"https:\/\/ugwp.cfolks.pl\/bwb\/wp-json\/wp\/v2\/users\/1"}],"replies":[{"embeddable":true,"href":"https:\/\/ugwp.cfolks.pl\/bwb\/wp-json\/wp\/v2\/comments?post=2683"}],"version-history":[{"count":18,"href":"https:\/\/ugwp.cfolks.pl\/bwb\/wp-json\/wp\/v2\/pages\/2683\/revisions"}],"predecessor-version":[{"id":6935,"href":"https:\/\/ugwp.cfolks.pl\/bwb\/wp-json\/wp\/v2\/pages\/2683\/revisions\/6935"}],"up":[{"embeddable":true,"href":"https:\/\/ugwp.cfolks.pl\/bwb\/wp-json\/wp\/v2\/pages\/2675"}],"wp:attachment":[{"href":"https:\/\/ugwp.cfolks.pl\/bwb\/wp-json\/wp\/v2\/media?parent=2683"}],"curies":[{"name":"wp","href":"https:\/\/api.w.org\/{rel}","templated":true}]}}