{"id":2679,"date":"2022-11-28T21:28:30","date_gmt":"2022-11-28T20:28:30","guid":{"rendered":"https:\/\/ugwp.cfolks.pl\/bwb\/?page_id=2679"},"modified":"2024-08-27T15:14:50","modified_gmt":"2024-08-27T13:14:50","slug":"podkladki-dystansowe-stalowe","status":"publish","type":"page","link":"https:\/\/ugwp.cfolks.pl\/bwb\/podkladki-dystansowe\/podkladki-dystansowe-stalowe\/","title":{"rendered":"Podk\u0142adki dystansowe stalowe"},"content":{"rendered":"<div class=\"row kategoria-produktow\">\n<div class=\"col-lg-3\"><a href=\"https:\/\/ugwp.cfolks.pl\/bwb\/produkt\/podkladka-stalowa-do-zbrojenia-gornego-w-ksztalcie-kosza-sba-sba-dbv\/\"> <img decoding=\"async\" width=\"100%\" height=\"auto\" src=\"https:\/\/ugwp.cfolks.pl\/bwb\/wp-content\/uploads\/Podkladka-stalowa-do-zbrojenia-gornego-w-ksztalcie-kosza-%E2%80%93-SBA-SBA-DBV-1.jpg\" alt=\"Podk\u0142adka stalowa do zbrojenia g\u00f3rnego w kszta\u0142cie kosza \u2013 SBA \/ SBA-DBV\"\/><\/p>\n<h2>Podk\u0142adka stalowa do zbrojenia g\u00f3rnego w kszta\u0142cie kosza \u2013 SBA [&#8230;]<\/p>\n<h2><\/a><\/div>\n<div class=\"col-lg-3\"><a href=\"https:\/\/ugwp.cfolks.pl\/bwb\/produkt\/podkladka-stalowa-do-zbrojenia-gornego-w-ksztalcie-kosza-sba-o-ue\/\"> <img decoding=\"async\" width=\"100%\" height=\"auto\" src=\"https:\/\/ugwp.cfolks.pl\/bwb\/wp-content\/uploads\/Podkladka-stalowa-do-zbrojenia-gornego-w-ksztalcie-kosza-%E2%80%93-SBA-oUE-1.jpg\" alt=\"Podk\u0142adka stalowa do zbrojenia g\u00f3rnego w kszta\u0142cie kosza \u2013 SBA o.UE.\"\/><\/p>\n<h2>Podk\u0142adka stalowa do zbrojenia g\u00f3rnego w kszta\u0142cie kosza \u2013 SBA [&#8230;]<\/h2>\n<p><\/a> <\/div>\n<div class=\"col-lg-3\"><a href=\"https:\/\/ugwp.cfolks.pl\/bwb\/produkt\/podkladka-stalowa-do-zbrojenia-gornego-s-dbv\/\"> <img decoding=\"async\" width=\"100%\" height=\"auto\" src=\"https:\/\/ugwp.cfolks.pl\/bwb\/wp-content\/uploads\/Podkladka-stalowa-do-zbrojenia-gornego-%E2%80%93-S-DBV.jpg\" alt=\"Podk\u0142adka stalowa do zbrojenia g\u00f3rnego \u2013 S-DBV\"\/><\/p>\n<h2>Podk\u0142adka stalowa do zbrojenia g\u00f3rnego \u2013 S-DBV<\/h2>\n<p><\/a> <\/div>\n<div class=\"col-lg-3\"><a href=\"https:\/\/ugwp.cfolks.pl\/bwb\/produkt\/podkladka-stalowa-do-zbrojenia-gornego-s\/\"> <img decoding=\"async\" width=\"100%\" height=\"auto\" src=\"https:\/\/ugwp.cfolks.pl\/bwb\/wp-content\/uploads\/Podkladka-stalowa-do-zbrojenia-gornego-%E2%80%93-S.jpg\" alt=\"Podk\u0142adka stalowa do zbrojenia g\u00f3rnego \u2013 S\"\/><\/p>\n<h2>Podk\u0142adka stalowa do zbrojenia g\u00f3rnego \u2013 S<\/h2>\n<p><\/a> <\/div>\n<div class=\"col-lg-3\"><a href=\"https:\/\/ugwp.cfolks.pl\/bwb\/produkt\/podkladka-stalowa-do-zbrojenia-gornego-s-o-ue-s-o-ue-dbv\/\"> <img decoding=\"async\" width=\"100%\" height=\"auto\" src=\"https:\/\/ugwp.cfolks.pl\/bwb\/wp-content\/uploads\/Podkladka-stalowa-do-zbrojenia-gornego-%E2%80%93-S-o.UE_.-S-o.UE_.-DBV.jpg\" alt=\"Podk\u0142adka stalowa do zbrojenia g\u00f3rnego \u2013 S o.UE. \/ S o.UE.-DBV\"\/><\/p>\n<h2>Podk\u0142adka stalowa do zbrojenia g\u00f3rnego \u2013 S o.UE. \/ S o.UE.-DBV<\/h2>\n<p><\/a> <\/div>\n<div class=\"col-lg-3\"><a href=\"https:\/\/ugwp.cfolks.pl\/bwb\/produkt\/podkladka-stalowa-do-zbrojenia-gornego-w-ksztalcie-czworonogu-vb\/\"> <img decoding=\"async\" width=\"100%\" height=\"auto\" src=\"https:\/\/ugwp.cfolks.pl\/bwb\/wp-content\/uploads\/Podkladka-stalowa-do-zbrojenia-gornego-w-ksztalcie-czworonogu-%E2%80%93-VB.jpg\" alt=\"Podk\u0142adka stalowa do zbrojenia g\u00f3rnego w kszta\u0142cie czworonogu \u2013 VB\"\/><\/p>\n<h2>Podk\u0142adka stalowa do zbrojenia g\u00f3rnego w kszta\u0142cie czworonogu \u2013 VB<\/h2>\n<p><\/a> <\/div>\n<div class=\"col-lg-3\"><a href=\"https:\/\/ugwp.cfolks.pl\/bwb\/produkt\/podkladka-stalowa-do-zbrojenia-gornego-w-ksztalcie-szescionogu-sb\/\"> <img decoding=\"async\" width=\"100%\" height=\"auto\" src=\"https:\/\/ugwp.cfolks.pl\/bwb\/wp-content\/uploads\/Podkladka-stalowa-do-zbrojenia-gornego-w-ksztalcie-szescionogu-%E2%80%93-SB.jpg\" alt=\"Podk\u0142adka stalowa do zbrojenia g\u00f3rnego w kszta\u0142cie sze\u015bcionogu \u2013 SB\"\/><\/p>\n<h2>Podk\u0142adka stalowa do zbrojenia g\u00f3rnego w kszta\u0142cie sze\u015bcionogu [&#8230;]<\/h2>\n<p><\/a> <\/div>\n<div class=\"col-lg-3\"><a href=\"https:\/\/ugwp.cfolks.pl\/bwb\/produkt\/podkladka-dystansowa-do-scian-podwojnych-dwa-s\/\"> <img decoding=\"async\" width=\"100%\" height=\"auto\" src=\"https:\/\/ugwp.cfolks.pl\/bwb\/wp-content\/uploads\/BLANK-640x471.jpg\"  srcset=\"https:\/\/ugwp.cfolks.pl\/bwb\/wp-content\/uploads\/BLANK-640x471.jpg 640w, https:\/\/ugwp.cfolks.pl\/bwb\/wp-content\/uploads\/BLANK-300x221.jpg 300w, https:\/\/ugwp.cfolks.pl\/bwb\/wp-content\/uploads\/BLANK-1024x754.jpg 1024w, https:\/\/ugwp.cfolks.pl\/bwb\/wp-content\/uploads\/BLANK-150x110.jpg 150w, https:\/\/ugwp.cfolks.pl\/bwb\/wp-content\/uploads\/BLANK-768x566.jpg 768w, https:\/\/ugwp.cfolks.pl\/bwb\/wp-content\/uploads\/BLANK.jpg 1100w\" sizes=\"(max-width: 640px) 100vw, 640px\" \/><\/p>\n<h2>Podk\u0142adka dystansowa do \u015bcian podw\u00f3jnych \u2013 DWA S<\/h2>\n<p><\/a> <\/div>\n<div class=\"col-lg-3\"><a href=\"https:\/\/ugwp.cfolks.pl\/bwb\/produkt\/podkladka-dystansowa-do-scian-zespolonych-z-podstawa-krzyzowa-dwa-k\/\"  > <img decoding=\"async\" width=\"100%\" height=\"auto\" src=\"https:\/\/ugwp.cfolks.pl\/bwb\/wp-content\/uploads\/BLANK-640x471.jpg\"  srcset=\"https:\/\/ugwp.cfolks.pl\/bwb\/wp-content\/uploads\/BLANK-640x471.jpg 640w, https:\/\/ugwp.cfolks.pl\/bwb\/wp-content\/uploads\/BLANK-300x221.jpg 300w, https:\/\/ugwp.cfolks.pl\/bwb\/wp-content\/uploads\/BLANK-1024x754.jpg 1024w, https:\/\/ugwp.cfolks.pl\/bwb\/wp-content\/uploads\/BLANK-150x110.jpg 150w, https:\/\/ugwp.cfolks.pl\/bwb\/wp-content\/uploads\/BLANK-768x566.jpg 768w, https:\/\/ugwp.cfolks.pl\/bwb\/wp-content\/uploads\/BLANK.jpg 1100w\" sizes=\"(max-width: 640px) 100vw, 640px\" \/><\/p>\n<h2>Podk\u0142adka dystansowa do \u015bcian zespolonych z podstaw\u0105 krzy\u017cow\u0105 [&#8230;]<\/h2>\n<p><\/a> <\/div>\n<div class=\"col-lg-3\"><a href=\"https:\/\/ugwp.cfolks.pl\/bwb\/produkt\/podkladka-dystansowa-do-scian-zespolonych-dwa-s-tc\/\"> <img decoding=\"async\" width=\"100%\" height=\"auto\" src=\"https:\/\/ugwp.cfolks.pl\/bwb\/wp-content\/uploads\/Podkladka-dystansowa-do-scian-zespolonych-%E2%80%93-DWA-S-TC.jpg\" alt=\"Podk\u0142adka dystansowa do \u015bcian zespolonych \u2013 DWA S TC\"\/><\/p>\n<h2>Podk\u0142adka dystansowa do \u015bcian zespolonych \u2013 DWA S TC<\/h2>\n<p><\/a> <\/div>\n<div class=\"col-lg-3\"><a href=\"https:\/\/ugwp.cfolks.pl\/bwb\/produkt\/pret-kotwiacy-z-wlokna-szklanego-tc\/\"> <img decoding=\"async\" width=\"100%\" height=\"auto\" src=\"https:\/\/ugwp.cfolks.pl\/bwb\/wp-content\/uploads\/Pret-kotwiacy-z-wlokna-szklanego-TC.jpg\" alt=\"Pr\u0119t kotwi\u0105cy z w\u0142\u00f3kna szklanego - TC\"\/><\/p>\n<h2>Pr\u0119t kotwi\u0105cy z w\u0142\u00f3kna szklanego &#8211; TC<\/h2>\n<p><\/a> <\/div>\n<div class=\"col-lg-3\"><a href=\"https:\/\/ugwp.cfolks.pl\/bwb\/produkt\/podkladka-dystansowa-do-prefabrykowanych-scian-i-stropow-sas\/\"> <img decoding=\"async\" width=\"100%\" height=\"auto\" src=\"https:\/\/ugwp.cfolks.pl\/bwb\/wp-content\/uploads\/Podkladka-dystansowa-do-prefabrykowanych-scian-i-stropow-%E2%80%93-SAS.jpg\" alt=\"Podk\u0142adka dystansowa do prefabrykowanych \u015bcian i strop\u00f3w \u2013 SAS\"\/><\/p>\n<h2>Podk\u0142adka dystansowa do prefabrykowanych \u015bcian i strop\u00f3w [&#8230;]<\/h2>\n<p><\/a> <\/div>\n<div class=\"col-lg-3\"><a href=\"https:\/\/ugwp.cfolks.pl\/bwb\/produkt\/podkladka-dystansowa-wsuwana-do-prefabrykowanych-scian-i-stropow-sas-a\/\"> <img decoding=\"async\" width=\"100%\" height=\"auto\" src=\"https:\/\/ugwp.cfolks.pl\/bwb\/wp-content\/uploads\/Podkladka-dystansowa-wsuwana-do-prefabrykowanych-scian-i-stropow-%E2%80%93-SAS-A.jpg\" alt=\"Podk\u0142adka dystansowa wsuwana do prefabrykowanych \u015bcian i strop\u00f3w SAS-A\"\/><\/p>\n<h2>Podk\u0142adka dystansowa wsuwana do prefabrykowanych \u015bcian i strop\u00f3w [&#8230;]<\/h2>\n<p><\/a> <\/div>\n<div class=\"col-lg-3\"><a href=\"https:\/\/ugwp.cfolks.pl\/bwb\/produkt\/podkladka-dystansowa-stalowa-rob-robotex\/\"> <img decoding=\"async\" width=\"100%\" height=\"auto\" src=\"https:\/\/ugwp.cfolks.pl\/bwb\/wp-content\/uploads\/Podkladka-dystansowa-stalowa-%E2%80%93-ROB-Robotex.jpg\" alt=\"Podk\u0142adka dystansowa stalowa \u2013 ROB (Robotex)\"\/><\/p>\n<h2>Podk\u0142adka dystansowa stalowa \u2013 ROB (Robotex)<\/h2>\n<p><\/a><\/div>\n<\/p><\/div>\n","protected":false},"excerpt":{"rendered":"<p>Podk\u0142adka stalowa do zbrojenia g\u00f3rnego w kszta\u0142cie kosza \u2013 SBA [&#8230;] Podk\u0142adka stalowa do zbrojenia g\u00f3rnego w kszta\u0142cie kosza \u2013 SBA [&#8230;] Podk\u0142adka stalowa do zbrojenia g\u00f3rnego \u2013 S-DBV Podk\u0142adka stalowa do zbrojenia g\u00f3rnego \u2013 S Podk\u0142adka stalowa do zbrojenia g\u00f3rnego \u2013 S o.UE. \/ S o.UE.-DBV Podk\u0142adka stalowa do zbrojenia g\u00f3rnego w kszta\u0142cie czworonogu [&hellip;]<\/p>\n","protected":false},"author":1,"featured_media":0,"parent":2675,"menu_order":0,"comment_status":"closed","ping_status":"closed","template":"page-kategoria-produktow.php","meta":{"_acf_changed":false,"footnotes":""},"class_list":["post-2679","page","type-page","status-publish","hentry"],"acf":[],"yoast_head":"<!-- This site is optimized with the Yoast SEO plugin v27.3 - https:\/\/yoast.com\/product\/yoast-seo-wordpress\/ -->\n<title>Podk\u0142adki Dystansowe Stalowe Pod Zbrojenie Innowacyjne Produkty<\/title>\n<meta name=\"description\" content=\"Podk\u0142adki Dystansowe Stalowe Stabilne Do \u015acian Podw\u00f3jnych Zbrojenia G\u00f3rnego Lekkie Wykonanie Pr\u0119t Kotwi\u0105cy Z Tworzywa Sztucznego Thermoconnect Szybki Monta\u017c\" \/>\n<meta name=\"robots\" content=\"noindex, follow, max-snippet:-1, max-image-preview:large, max-video-preview:-1\" \/>\n<meta property=\"og:locale\" content=\"pl_PL\" \/>\n<meta property=\"og:type\" content=\"article\" \/>\n<meta property=\"og:title\" content=\"Podk\u0142adki Dystansowe Stalowe Pod Zbrojenie Innowacyjne Produkty\" \/>\n<meta property=\"og:description\" content=\"Podk\u0142adki Dystansowe Stalowe Stabilne Do \u015acian Podw\u00f3jnych Zbrojenia G\u00f3rnego Lekkie Wykonanie Pr\u0119t Kotwi\u0105cy Z Tworzywa Sztucznego Thermoconnect Szybki Monta\u017c\" \/>\n<meta property=\"og:url\" content=\"https:\/\/ugwp.cfolks.pl\/bwb\/podkladki-dystansowe\/podkladki-dystansowe-stalowe\/\" \/>\n<meta property=\"og:site_name\" content=\"BWB technology\" \/>\n<meta property=\"article:modified_time\" content=\"2024-08-27T13:14:50+00:00\" \/>\n<meta property=\"og:image\" content=\"https:\/\/ugwp.cfolks.pl\/bwb\/wp-content\/uploads\/Podkladka-stalowa-do-zbrojenia-gornego-w-ksztalcie-kosza-%E2%80%93-SBA-SBA-DBV-1.jpg\" \/>\n<meta name=\"twitter:card\" content=\"summary_large_image\" \/>\n<meta name=\"twitter:label1\" content=\"Szacowany czas czytania\" \/>\n\t<meta name=\"twitter:data1\" content=\"4 minuty\" \/>\n<script type=\"application\/ld+json\" class=\"yoast-schema-graph\">{\"@context\":\"https:\\\/\\\/schema.org\",\"@graph\":[{\"@type\":\"WebPage\",\"@id\":\"https:\\\/\\\/ugwp.cfolks.pl\\\/bwb\\\/podkladki-dystansowe\\\/podkladki-dystansowe-stalowe\\\/\",\"url\":\"https:\\\/\\\/ugwp.cfolks.pl\\\/bwb\\\/podkladki-dystansowe\\\/podkladki-dystansowe-stalowe\\\/\",\"name\":\"Podk\u0142adki Dystansowe Stalowe Pod Zbrojenie Innowacyjne Produkty\",\"isPartOf\":{\"@id\":\"https:\\\/\\\/ugwp.cfolks.pl\\\/bwb\\\/#website\"},\"primaryImageOfPage\":{\"@id\":\"https:\\\/\\\/ugwp.cfolks.pl\\\/bwb\\\/podkladki-dystansowe\\\/podkladki-dystansowe-stalowe\\\/#primaryimage\"},\"image\":{\"@id\":\"https:\\\/\\\/ugwp.cfolks.pl\\\/bwb\\\/podkladki-dystansowe\\\/podkladki-dystansowe-stalowe\\\/#primaryimage\"},\"thumbnailUrl\":\"https:\\\/\\\/ugwp.cfolks.pl\\\/bwb\\\/wp-content\\\/uploads\\\/Podkladka-stalowa-do-zbrojenia-gornego-w-ksztalcie-kosza-%E2%80%93-SBA-SBA-DBV-1.jpg\",\"datePublished\":\"2022-11-28T20:28:30+00:00\",\"dateModified\":\"2024-08-27T13:14:50+00:00\",\"description\":\"Podk\u0142adki Dystansowe Stalowe Stabilne Do \u015acian Podw\u00f3jnych Zbrojenia G\u00f3rnego Lekkie Wykonanie Pr\u0119t Kotwi\u0105cy Z Tworzywa Sztucznego Thermoconnect Szybki Monta\u017c\",\"breadcrumb\":{\"@id\":\"https:\\\/\\\/ugwp.cfolks.pl\\\/bwb\\\/podkladki-dystansowe\\\/podkladki-dystansowe-stalowe\\\/#breadcrumb\"},\"inLanguage\":\"pl-PL\",\"potentialAction\":[{\"@type\":\"ReadAction\",\"target\":[\"https:\\\/\\\/ugwp.cfolks.pl\\\/bwb\\\/podkladki-dystansowe\\\/podkladki-dystansowe-stalowe\\\/\"]}]},{\"@type\":\"ImageObject\",\"inLanguage\":\"pl-PL\",\"@id\":\"https:\\\/\\\/ugwp.cfolks.pl\\\/bwb\\\/podkladki-dystansowe\\\/podkladki-dystansowe-stalowe\\\/#primaryimage\",\"url\":\"https:\\\/\\\/ugwp.cfolks.pl\\\/bwb\\\/wp-content\\\/uploads\\\/Podkladka-stalowa-do-zbrojenia-gornego-w-ksztalcie-kosza-%E2%80%93-SBA-SBA-DBV-1.jpg\",\"contentUrl\":\"https:\\\/\\\/ugwp.cfolks.pl\\\/bwb\\\/wp-content\\\/uploads\\\/Podkladka-stalowa-do-zbrojenia-gornego-w-ksztalcie-kosza-%E2%80%93-SBA-SBA-DBV-1.jpg\"},{\"@type\":\"BreadcrumbList\",\"@id\":\"https:\\\/\\\/ugwp.cfolks.pl\\\/bwb\\\/podkladki-dystansowe\\\/podkladki-dystansowe-stalowe\\\/#breadcrumb\",\"itemListElement\":[{\"@type\":\"ListItem\",\"position\":1,\"name\":\"Strona g\u0142\u00f3wna\",\"item\":\"https:\\\/\\\/ugwp.cfolks.pl\\\/bwb\\\/\"},{\"@type\":\"ListItem\",\"position\":2,\"name\":\"Podk\u0142adki dystansowe\",\"item\":\"https:\\\/\\\/ugwp.cfolks.pl\\\/bwb\\\/podkladki-dystansowe\\\/\"},{\"@type\":\"ListItem\",\"position\":3,\"name\":\"Podk\u0142adki dystansowe stalowe\"}]},{\"@type\":\"WebSite\",\"@id\":\"https:\\\/\\\/ugwp.cfolks.pl\\\/bwb\\\/#website\",\"url\":\"https:\\\/\\\/ugwp.cfolks.pl\\\/bwb\\\/\",\"name\":\"BWB technology\",\"description\":\"Kolejna witryna oparta na WordPressie\",\"potentialAction\":[{\"@type\":\"SearchAction\",\"target\":{\"@type\":\"EntryPoint\",\"urlTemplate\":\"https:\\\/\\\/ugwp.cfolks.pl\\\/bwb\\\/?s={search_term_string}\"},\"query-input\":{\"@type\":\"PropertyValueSpecification\",\"valueRequired\":true,\"valueName\":\"search_term_string\"}}],\"inLanguage\":\"pl-PL\"}]}<\/script>\n<!-- \/ Yoast SEO plugin. -->","yoast_head_json":{"title":"Podk\u0142adki Dystansowe Stalowe Pod Zbrojenie Innowacyjne Produkty","description":"Podk\u0142adki Dystansowe Stalowe Stabilne Do \u015acian Podw\u00f3jnych Zbrojenia G\u00f3rnego Lekkie Wykonanie Pr\u0119t Kotwi\u0105cy Z Tworzywa Sztucznego Thermoconnect Szybki Monta\u017c","robots":{"index":"noindex","follow":"follow","max-snippet":"max-snippet:-1","max-image-preview":"max-image-preview:large","max-video-preview":"max-video-preview:-1"},"og_locale":"pl_PL","og_type":"article","og_title":"Podk\u0142adki Dystansowe Stalowe Pod Zbrojenie Innowacyjne Produkty","og_description":"Podk\u0142adki Dystansowe Stalowe Stabilne Do \u015acian Podw\u00f3jnych Zbrojenia G\u00f3rnego Lekkie Wykonanie Pr\u0119t Kotwi\u0105cy Z Tworzywa Sztucznego Thermoconnect Szybki Monta\u017c","og_url":"https:\/\/ugwp.cfolks.pl\/bwb\/podkladki-dystansowe\/podkladki-dystansowe-stalowe\/","og_site_name":"BWB technology","article_modified_time":"2024-08-27T13:14:50+00:00","og_image":[{"url":"https:\/\/ugwp.cfolks.pl\/bwb\/wp-content\/uploads\/Podkladka-stalowa-do-zbrojenia-gornego-w-ksztalcie-kosza-%E2%80%93-SBA-SBA-DBV-1.jpg","type":"","width":"","height":""}],"twitter_card":"summary_large_image","twitter_misc":{"Szacowany czas czytania":"4 minuty"},"schema":{"@context":"https:\/\/schema.org","@graph":[{"@type":"WebPage","@id":"https:\/\/ugwp.cfolks.pl\/bwb\/podkladki-dystansowe\/podkladki-dystansowe-stalowe\/","url":"https:\/\/ugwp.cfolks.pl\/bwb\/podkladki-dystansowe\/podkladki-dystansowe-stalowe\/","name":"Podk\u0142adki Dystansowe Stalowe Pod Zbrojenie Innowacyjne Produkty","isPartOf":{"@id":"https:\/\/ugwp.cfolks.pl\/bwb\/#website"},"primaryImageOfPage":{"@id":"https:\/\/ugwp.cfolks.pl\/bwb\/podkladki-dystansowe\/podkladki-dystansowe-stalowe\/#primaryimage"},"image":{"@id":"https:\/\/ugwp.cfolks.pl\/bwb\/podkladki-dystansowe\/podkladki-dystansowe-stalowe\/#primaryimage"},"thumbnailUrl":"https:\/\/ugwp.cfolks.pl\/bwb\/wp-content\/uploads\/Podkladka-stalowa-do-zbrojenia-gornego-w-ksztalcie-kosza-%E2%80%93-SBA-SBA-DBV-1.jpg","datePublished":"2022-11-28T20:28:30+00:00","dateModified":"2024-08-27T13:14:50+00:00","description":"Podk\u0142adki Dystansowe Stalowe Stabilne Do \u015acian Podw\u00f3jnych Zbrojenia G\u00f3rnego Lekkie Wykonanie Pr\u0119t Kotwi\u0105cy Z Tworzywa Sztucznego Thermoconnect Szybki Monta\u017c","breadcrumb":{"@id":"https:\/\/ugwp.cfolks.pl\/bwb\/podkladki-dystansowe\/podkladki-dystansowe-stalowe\/#breadcrumb"},"inLanguage":"pl-PL","potentialAction":[{"@type":"ReadAction","target":["https:\/\/ugwp.cfolks.pl\/bwb\/podkladki-dystansowe\/podkladki-dystansowe-stalowe\/"]}]},{"@type":"ImageObject","inLanguage":"pl-PL","@id":"https:\/\/ugwp.cfolks.pl\/bwb\/podkladki-dystansowe\/podkladki-dystansowe-stalowe\/#primaryimage","url":"https:\/\/ugwp.cfolks.pl\/bwb\/wp-content\/uploads\/Podkladka-stalowa-do-zbrojenia-gornego-w-ksztalcie-kosza-%E2%80%93-SBA-SBA-DBV-1.jpg","contentUrl":"https:\/\/ugwp.cfolks.pl\/bwb\/wp-content\/uploads\/Podkladka-stalowa-do-zbrojenia-gornego-w-ksztalcie-kosza-%E2%80%93-SBA-SBA-DBV-1.jpg"},{"@type":"BreadcrumbList","@id":"https:\/\/ugwp.cfolks.pl\/bwb\/podkladki-dystansowe\/podkladki-dystansowe-stalowe\/#breadcrumb","itemListElement":[{"@type":"ListItem","position":1,"name":"Strona g\u0142\u00f3wna","item":"https:\/\/ugwp.cfolks.pl\/bwb\/"},{"@type":"ListItem","position":2,"name":"Podk\u0142adki dystansowe","item":"https:\/\/ugwp.cfolks.pl\/bwb\/podkladki-dystansowe\/"},{"@type":"ListItem","position":3,"name":"Podk\u0142adki dystansowe stalowe"}]},{"@type":"WebSite","@id":"https:\/\/ugwp.cfolks.pl\/bwb\/#website","url":"https:\/\/ugwp.cfolks.pl\/bwb\/","name":"BWB technology","description":"Kolejna witryna oparta na WordPressie","potentialAction":[{"@type":"SearchAction","target":{"@type":"EntryPoint","urlTemplate":"https:\/\/ugwp.cfolks.pl\/bwb\/?s={search_term_string}"},"query-input":{"@type":"PropertyValueSpecification","valueRequired":true,"valueName":"search_term_string"}}],"inLanguage":"pl-PL"}]}},"_links":{"self":[{"href":"https:\/\/ugwp.cfolks.pl\/bwb\/wp-json\/wp\/v2\/pages\/2679","targetHints":{"allow":["GET"]}}],"collection":[{"href":"https:\/\/ugwp.cfolks.pl\/bwb\/wp-json\/wp\/v2\/pages"}],"about":[{"href":"https:\/\/ugwp.cfolks.pl\/bwb\/wp-json\/wp\/v2\/types\/page"}],"author":[{"embeddable":true,"href":"https:\/\/ugwp.cfolks.pl\/bwb\/wp-json\/wp\/v2\/users\/1"}],"replies":[{"embeddable":true,"href":"https:\/\/ugwp.cfolks.pl\/bwb\/wp-json\/wp\/v2\/comments?post=2679"}],"version-history":[{"count":31,"href":"https:\/\/ugwp.cfolks.pl\/bwb\/wp-json\/wp\/v2\/pages\/2679\/revisions"}],"predecessor-version":[{"id":6270,"href":"https:\/\/ugwp.cfolks.pl\/bwb\/wp-json\/wp\/v2\/pages\/2679\/revisions\/6270"}],"up":[{"embeddable":true,"href":"https:\/\/ugwp.cfolks.pl\/bwb\/wp-json\/wp\/v2\/pages\/2675"}],"wp:attachment":[{"href":"https:\/\/ugwp.cfolks.pl\/bwb\/wp-json\/wp\/v2\/media?parent=2679"}],"curies":[{"name":"wp","href":"https:\/\/api.w.org\/{rel}","templated":true}]}}