{"id":2677,"date":"2022-11-28T21:25:36","date_gmt":"2022-11-28T20:25:36","guid":{"rendered":"https:\/\/ugwp.cfolks.pl\/bwb\/?page_id=2677"},"modified":"2024-08-19T17:22:13","modified_gmt":"2024-08-19T15:22:13","slug":"podkladki-plastikowe-liniowe","status":"publish","type":"page","link":"https:\/\/ugwp.cfolks.pl\/bwb\/podkladki-dystansowe\/podkladki-plastikowe-liniowe\/","title":{"rendered":"Podk\u0142adki plastikowe liniowe"},"content":{"rendered":"<div class=\"row kategoria-produktow\">\n<div class=\"col-lg-3\"><a href=\"https:\/\/ugwp.cfolks.pl\/bwb\/produkt\/podkladka-plastikowa-liniowa-iso-trick-1-ol\/\"><img decoding=\"async\" width=\"100%\" height=\"auto\" src=\"https:\/\/ugwp.cfolks.pl\/bwb\/wp-content\/uploads\/Podkladka-plastikowa-liniowa-%E2%80%93-ISO-TRICK-1-OL.jpg\" alt=\"Podk\u0142adka plastikowa liniowa \u2013 ISO-TRICK\/1 OL\"\/><\/p>\n<h2>Podk\u0142adka plastikowa liniowa \u2013 ISO-TRICK\/1 OL<\/h2>\n<p><\/a><\/div>\n<div class=\"col-lg-3\"><a href=\"https:\/\/ugwp.cfolks.pl\/bwb\/produkt\/podkladka-plastikowa-liniowa-iso-trick\/\"><img decoding=\"async\" width=\"100%\" height=\"auto\" src=\"https:\/\/ugwp.cfolks.pl\/bwb\/wp-content\/uploads\/Podkladka-plastikowa-liniowa-%E2%80%93-ISO-TRICK.jpg\" alt=\"Podk\u0142adka plastikowa liniowa \u2013 ISO-TRICK\"\/><\/p>\n<h2>Podk\u0142adka plastikowa liniowa \u2013 ISO-TRICK<\/h2>\n<p><\/a><\/div>\n<div class=\"col-lg-3\"><a href=\"https:\/\/ugwp.cfolks.pl\/bwb\/produkt\/podkladka-plastikowa-liniowa-trick\/\"><img decoding=\"async\" width=\"100%\" height=\"auto\" src=\"https:\/\/ugwp.cfolks.pl\/bwb\/wp-content\/uploads\/Podkladka-plastikowa-liniowa-%E2%80%93-TRICK.jpg\" alt=\"Podk\u0142adka plastikowa liniowa \u2013 TRICK\"\/><\/p>\n<h2>Podk\u0142adka plastikowa liniowa \u2013 TRICK<\/h2>\n<p><\/a><\/div>\n<div class=\"col-lg-3\"><a href=\"https:\/\/ugwp.cfolks.pl\/bwb\/produkt\/podkladka-plastikowa-liniowa-kp\/\"><img decoding=\"async\" width=\"100%\" height=\"auto\" src=\"https:\/\/ugwp.cfolks.pl\/bwb\/wp-content\/uploads\/Podkladka-plastikowa-liniowa-%E2%80%93-KP.jpg\" alt=\"Podk\u0142adka plastikowa liniowa \u2013 KP\"\/><\/p>\n<h2>Podk\u0142adka plastikowa liniowa \u2013 KP<\/h2>\n<p><\/a><\/div>\n<div class=\"col-lg-3\"><a href=\"https:\/\/ugwp.cfolks.pl\/bwb\/produkt\/podkladka-plastikowa-liniowa-kpg\/\"><img decoding=\"async\" width=\"100%\" height=\"auto\" src=\"https:\/\/ugwp.cfolks.pl\/bwb\/wp-content\/uploads\/Podkladka-plastikowa-liniowa-%E2%80%93-KPG.jpg\" alt=\"Podk\u0142adka plastikowa liniowa \u2013 KPG\"\/><\/p>\n<h2>Podk\u0142adka plastikowa liniowa \u2013 KPG<\/h2>\n<p><\/a><\/div>\n<div class=\"col-lg-3\"><a href=\"https:\/\/ugwp.cfolks.pl\/bwb\/produkt\/podkladka-plastikowa-liniowa-wave\/\"><img decoding=\"async\" width=\"100%\" height=\"auto\" src=\"https:\/\/ugwp.cfolks.pl\/bwb\/wp-content\/uploads\/Podkladka-plastikowa-liniowa-%E2%80%93-WAVE.jpg\" alt=\"Podk\u0142adka plastikowa liniowa \u2013 WAVE\"\/><\/p>\n<h2>Podk\u0142adka plastikowa liniowa \u2013 WAVE<\/h2>\n<p><\/a><\/div>\n<div class=\"col-lg-3\"><a href=\"https:\/\/ugwp.cfolks.pl\/bwb\/produkt\/podkladka-plastikowa-liniowa-twistex\/\"><img decoding=\"async\" width=\"100%\" height=\"auto\" src=\"https:\/\/ugwp.cfolks.pl\/bwb\/wp-content\/uploads\/Podkladka-plastikowa-liniowa-%E2%80%93-TWISTEX.jpg\" alt=\"Podk\u0142adka plastikowa liniowa \u2013 TWISTEX\"\/><\/p>\n<h2>Podk\u0142adka plastikowa liniowa \u2013 TWISTEX<\/h2>\n<p><\/a><\/div>\n<div class=\"col-lg-3\"><a href=\"https:\/\/ugwp.cfolks.pl\/bwb\/produkt\/podkladka-plastikowa-liniowa-super-trick-sn\/\"><img decoding=\"async\" width=\"100%\" height=\"auto\" src=\"https:\/\/ugwp.cfolks.pl\/bwb\/wp-content\/uploads\/Podkladka-plastikowa-liniowa-%E2%80%93-SUPER-TRICK-SN.jpg\" alt=\"Podk\u0142adka plastikowa liniowa \u2013 SUPER TRICK SN\"\/><\/p>\n<h2>Podk\u0142adka plastikowa liniowa \u2013 SUPER TRICK SN<\/h2>\n<p><\/a><\/div>\n<div class=\"col-lg-3\"><a href=\"https:\/\/ugwp.cfolks.pl\/bwb\/produkt\/podkladka-plastikowa-liniowa-super-trick-oa\/\"><img decoding=\"async\" width=\"100%\" height=\"auto\" src=\"https:\/\/ugwp.cfolks.pl\/bwb\/wp-content\/uploads\/Podkladka-plastikowa-liniowa-%E2%80%93-SUPER-TRICK-OA.jpg\" alt=\"Podk\u0142adka plastikowa liniowa \u2013 SUPER TRICK OA\"\/><\/p>\n<h2>Podk\u0142adka plastikowa liniowa \u2013 SUPER TRICK OA<\/h2>\n<p><\/a><\/div>\n<div class=\"col-lg-3\"><a href=\"https:\/\/ugwp.cfolks.pl\/bwb\/produkt\/podkladka-plastikowa-liniowa-super-trick-s\/\"><img decoding=\"async\" width=\"100%\" height=\"auto\" src=\"https:\/\/ugwp.cfolks.pl\/bwb\/wp-content\/uploads\/Podkladka-plastikowa-liniowa-%E2%80%93-SUPER-TRICK-S.jpg\" alt=Podk\u0142adka plastikowa liniowa \u2013 SUPER TRICK S\"\/><\/p>\n<h2>Podk\u0142adka plastikowa liniowa \u2013 SUPER TRICK S<\/h2>\n<p><\/a> <\/div>\n<div class=\"col-lg-3\"><a href=\"https:\/\/ugwp.cfolks.pl\/bwb\/produkt\/podkladka-plastikowa-liniowa-super-trick\/\"><img decoding=\"async\" width=\"100%\" height=\"auto\" src=\"https:\/\/ugwp.cfolks.pl\/bwb\/wp-content\/uploads\/Podkladka-plastikowa-liniowa-%E2%80%93-SUPER-TRICK.jpg\" alt=\"Podk\u0142adka plastikowa liniowa \u2013 SUPER TRICK\"\/><\/p>\n<h2>Podk\u0142adka plastikowa liniowa \u2013 SUPER TRICK<\/h2>\n<p><\/a><\/div>\n<\/p><\/div>\n","protected":false},"excerpt":{"rendered":"<p>Podk\u0142adka plastikowa liniowa \u2013 ISO-TRICK\/1 OL Podk\u0142adka plastikowa liniowa \u2013 ISO-TRICK Podk\u0142adka plastikowa liniowa \u2013 TRICK Podk\u0142adka plastikowa liniowa \u2013 KP Podk\u0142adka plastikowa liniowa \u2013 KPG Podk\u0142adka plastikowa liniowa \u2013 WAVE Podk\u0142adka plastikowa liniowa \u2013 TWISTEX Podk\u0142adka plastikowa liniowa \u2013 SUPER TRICK SN Podk\u0142adka plastikowa liniowa \u2013 SUPER TRICK OA<\/p>\n","protected":false},"author":1,"featured_media":0,"parent":2675,"menu_order":0,"comment_status":"closed","ping_status":"closed","template":"page-kategoria-produktow.php","meta":{"_acf_changed":false,"footnotes":""},"class_list":["post-2677","page","type-page","status-publish","hentry"],"acf":[],"yoast_head":"<!-- This site is optimized with the Yoast SEO plugin v27.3 - https:\/\/yoast.com\/product\/yoast-seo-wordpress\/ -->\n<title>Stabilne Podk\u0142adki Dystansowe Plastikowe Liniowe Pod Zbrojenie<\/title>\n<meta name=\"description\" content=\"Podk\u0142adki Dystansowe Plastikowe Liniowe Stabilne SUPER TRICK WAVE TWISTEX KPG KP z Licznymi Otworami Skr\u0119cone Do Du\u017cych Obci\u0105\u017ce\u0144 i Betonu Architektonicznego\" \/>\n<meta name=\"robots\" content=\"noindex, follow, max-snippet:-1, max-image-preview:large, max-video-preview:-1\" \/>\n<meta property=\"og:locale\" content=\"pl_PL\" \/>\n<meta property=\"og:type\" content=\"article\" \/>\n<meta property=\"og:title\" content=\"Stabilne Podk\u0142adki Dystansowe Plastikowe Liniowe Pod Zbrojenie\" \/>\n<meta property=\"og:description\" content=\"Podk\u0142adki Dystansowe Plastikowe Liniowe Stabilne SUPER TRICK WAVE TWISTEX KPG KP z Licznymi Otworami Skr\u0119cone Do Du\u017cych Obci\u0105\u017ce\u0144 i Betonu Architektonicznego\" \/>\n<meta property=\"og:url\" content=\"https:\/\/ugwp.cfolks.pl\/bwb\/podkladki-dystansowe\/podkladki-plastikowe-liniowe\/\" \/>\n<meta property=\"og:site_name\" content=\"BWB technology\" \/>\n<meta property=\"article:modified_time\" content=\"2024-08-19T15:22:13+00:00\" \/>\n<meta property=\"og:image\" content=\"https:\/\/ugwp.cfolks.pl\/bwb\/wp-content\/uploads\/Podkladka-plastikowa-liniowa-%E2%80%93-ISO-TRICK-1-OL.jpg\" \/>\n<meta name=\"twitter:card\" content=\"summary_large_image\" \/>\n<meta name=\"twitter:label1\" content=\"Szacowany czas czytania\" \/>\n\t<meta name=\"twitter:data1\" content=\"3 minuty\" \/>\n<script type=\"application\/ld+json\" class=\"yoast-schema-graph\">{\"@context\":\"https:\\\/\\\/schema.org\",\"@graph\":[{\"@type\":\"WebPage\",\"@id\":\"https:\\\/\\\/ugwp.cfolks.pl\\\/bwb\\\/podkladki-dystansowe\\\/podkladki-plastikowe-liniowe\\\/\",\"url\":\"https:\\\/\\\/ugwp.cfolks.pl\\\/bwb\\\/podkladki-dystansowe\\\/podkladki-plastikowe-liniowe\\\/\",\"name\":\"Stabilne Podk\u0142adki Dystansowe Plastikowe Liniowe Pod Zbrojenie\",\"isPartOf\":{\"@id\":\"https:\\\/\\\/ugwp.cfolks.pl\\\/bwb\\\/#website\"},\"primaryImageOfPage\":{\"@id\":\"https:\\\/\\\/ugwp.cfolks.pl\\\/bwb\\\/podkladki-dystansowe\\\/podkladki-plastikowe-liniowe\\\/#primaryimage\"},\"image\":{\"@id\":\"https:\\\/\\\/ugwp.cfolks.pl\\\/bwb\\\/podkladki-dystansowe\\\/podkladki-plastikowe-liniowe\\\/#primaryimage\"},\"thumbnailUrl\":\"https:\\\/\\\/ugwp.cfolks.pl\\\/bwb\\\/wp-content\\\/uploads\\\/Podkladka-plastikowa-liniowa-%E2%80%93-ISO-TRICK-1-OL.jpg\",\"datePublished\":\"2022-11-28T20:25:36+00:00\",\"dateModified\":\"2024-08-19T15:22:13+00:00\",\"description\":\"Podk\u0142adki Dystansowe Plastikowe Liniowe Stabilne SUPER TRICK WAVE TWISTEX KPG KP z Licznymi Otworami Skr\u0119cone Do Du\u017cych Obci\u0105\u017ce\u0144 i Betonu Architektonicznego\",\"breadcrumb\":{\"@id\":\"https:\\\/\\\/ugwp.cfolks.pl\\\/bwb\\\/podkladki-dystansowe\\\/podkladki-plastikowe-liniowe\\\/#breadcrumb\"},\"inLanguage\":\"pl-PL\",\"potentialAction\":[{\"@type\":\"ReadAction\",\"target\":[\"https:\\\/\\\/ugwp.cfolks.pl\\\/bwb\\\/podkladki-dystansowe\\\/podkladki-plastikowe-liniowe\\\/\"]}]},{\"@type\":\"ImageObject\",\"inLanguage\":\"pl-PL\",\"@id\":\"https:\\\/\\\/ugwp.cfolks.pl\\\/bwb\\\/podkladki-dystansowe\\\/podkladki-plastikowe-liniowe\\\/#primaryimage\",\"url\":\"https:\\\/\\\/ugwp.cfolks.pl\\\/bwb\\\/wp-content\\\/uploads\\\/Podkladka-plastikowa-liniowa-%E2%80%93-ISO-TRICK-1-OL.jpg\",\"contentUrl\":\"https:\\\/\\\/ugwp.cfolks.pl\\\/bwb\\\/wp-content\\\/uploads\\\/Podkladka-plastikowa-liniowa-%E2%80%93-ISO-TRICK-1-OL.jpg\"},{\"@type\":\"BreadcrumbList\",\"@id\":\"https:\\\/\\\/ugwp.cfolks.pl\\\/bwb\\\/podkladki-dystansowe\\\/podkladki-plastikowe-liniowe\\\/#breadcrumb\",\"itemListElement\":[{\"@type\":\"ListItem\",\"position\":1,\"name\":\"Strona g\u0142\u00f3wna\",\"item\":\"https:\\\/\\\/ugwp.cfolks.pl\\\/bwb\\\/\"},{\"@type\":\"ListItem\",\"position\":2,\"name\":\"Podk\u0142adki dystansowe\",\"item\":\"https:\\\/\\\/ugwp.cfolks.pl\\\/bwb\\\/podkladki-dystansowe\\\/\"},{\"@type\":\"ListItem\",\"position\":3,\"name\":\"Podk\u0142adki plastikowe liniowe\"}]},{\"@type\":\"WebSite\",\"@id\":\"https:\\\/\\\/ugwp.cfolks.pl\\\/bwb\\\/#website\",\"url\":\"https:\\\/\\\/ugwp.cfolks.pl\\\/bwb\\\/\",\"name\":\"BWB technology\",\"description\":\"Kolejna witryna oparta na WordPressie\",\"potentialAction\":[{\"@type\":\"SearchAction\",\"target\":{\"@type\":\"EntryPoint\",\"urlTemplate\":\"https:\\\/\\\/ugwp.cfolks.pl\\\/bwb\\\/?s={search_term_string}\"},\"query-input\":{\"@type\":\"PropertyValueSpecification\",\"valueRequired\":true,\"valueName\":\"search_term_string\"}}],\"inLanguage\":\"pl-PL\"}]}<\/script>\n<!-- \/ Yoast SEO plugin. -->","yoast_head_json":{"title":"Stabilne Podk\u0142adki Dystansowe Plastikowe Liniowe Pod Zbrojenie","description":"Podk\u0142adki Dystansowe Plastikowe Liniowe Stabilne SUPER TRICK WAVE TWISTEX KPG KP z Licznymi Otworami Skr\u0119cone Do Du\u017cych Obci\u0105\u017ce\u0144 i Betonu Architektonicznego","robots":{"index":"noindex","follow":"follow","max-snippet":"max-snippet:-1","max-image-preview":"max-image-preview:large","max-video-preview":"max-video-preview:-1"},"og_locale":"pl_PL","og_type":"article","og_title":"Stabilne Podk\u0142adki Dystansowe Plastikowe Liniowe Pod Zbrojenie","og_description":"Podk\u0142adki Dystansowe Plastikowe Liniowe Stabilne SUPER TRICK WAVE TWISTEX KPG KP z Licznymi Otworami Skr\u0119cone Do Du\u017cych Obci\u0105\u017ce\u0144 i Betonu Architektonicznego","og_url":"https:\/\/ugwp.cfolks.pl\/bwb\/podkladki-dystansowe\/podkladki-plastikowe-liniowe\/","og_site_name":"BWB technology","article_modified_time":"2024-08-19T15:22:13+00:00","og_image":[{"url":"https:\/\/ugwp.cfolks.pl\/bwb\/wp-content\/uploads\/Podkladka-plastikowa-liniowa-%E2%80%93-ISO-TRICK-1-OL.jpg","type":"","width":"","height":""}],"twitter_card":"summary_large_image","twitter_misc":{"Szacowany czas czytania":"3 minuty"},"schema":{"@context":"https:\/\/schema.org","@graph":[{"@type":"WebPage","@id":"https:\/\/ugwp.cfolks.pl\/bwb\/podkladki-dystansowe\/podkladki-plastikowe-liniowe\/","url":"https:\/\/ugwp.cfolks.pl\/bwb\/podkladki-dystansowe\/podkladki-plastikowe-liniowe\/","name":"Stabilne Podk\u0142adki Dystansowe Plastikowe Liniowe Pod Zbrojenie","isPartOf":{"@id":"https:\/\/ugwp.cfolks.pl\/bwb\/#website"},"primaryImageOfPage":{"@id":"https:\/\/ugwp.cfolks.pl\/bwb\/podkladki-dystansowe\/podkladki-plastikowe-liniowe\/#primaryimage"},"image":{"@id":"https:\/\/ugwp.cfolks.pl\/bwb\/podkladki-dystansowe\/podkladki-plastikowe-liniowe\/#primaryimage"},"thumbnailUrl":"https:\/\/ugwp.cfolks.pl\/bwb\/wp-content\/uploads\/Podkladka-plastikowa-liniowa-%E2%80%93-ISO-TRICK-1-OL.jpg","datePublished":"2022-11-28T20:25:36+00:00","dateModified":"2024-08-19T15:22:13+00:00","description":"Podk\u0142adki Dystansowe Plastikowe Liniowe Stabilne SUPER TRICK WAVE TWISTEX KPG KP z Licznymi Otworami Skr\u0119cone Do Du\u017cych Obci\u0105\u017ce\u0144 i Betonu Architektonicznego","breadcrumb":{"@id":"https:\/\/ugwp.cfolks.pl\/bwb\/podkladki-dystansowe\/podkladki-plastikowe-liniowe\/#breadcrumb"},"inLanguage":"pl-PL","potentialAction":[{"@type":"ReadAction","target":["https:\/\/ugwp.cfolks.pl\/bwb\/podkladki-dystansowe\/podkladki-plastikowe-liniowe\/"]}]},{"@type":"ImageObject","inLanguage":"pl-PL","@id":"https:\/\/ugwp.cfolks.pl\/bwb\/podkladki-dystansowe\/podkladki-plastikowe-liniowe\/#primaryimage","url":"https:\/\/ugwp.cfolks.pl\/bwb\/wp-content\/uploads\/Podkladka-plastikowa-liniowa-%E2%80%93-ISO-TRICK-1-OL.jpg","contentUrl":"https:\/\/ugwp.cfolks.pl\/bwb\/wp-content\/uploads\/Podkladka-plastikowa-liniowa-%E2%80%93-ISO-TRICK-1-OL.jpg"},{"@type":"BreadcrumbList","@id":"https:\/\/ugwp.cfolks.pl\/bwb\/podkladki-dystansowe\/podkladki-plastikowe-liniowe\/#breadcrumb","itemListElement":[{"@type":"ListItem","position":1,"name":"Strona g\u0142\u00f3wna","item":"https:\/\/ugwp.cfolks.pl\/bwb\/"},{"@type":"ListItem","position":2,"name":"Podk\u0142adki dystansowe","item":"https:\/\/ugwp.cfolks.pl\/bwb\/podkladki-dystansowe\/"},{"@type":"ListItem","position":3,"name":"Podk\u0142adki plastikowe liniowe"}]},{"@type":"WebSite","@id":"https:\/\/ugwp.cfolks.pl\/bwb\/#website","url":"https:\/\/ugwp.cfolks.pl\/bwb\/","name":"BWB technology","description":"Kolejna witryna oparta na WordPressie","potentialAction":[{"@type":"SearchAction","target":{"@type":"EntryPoint","urlTemplate":"https:\/\/ugwp.cfolks.pl\/bwb\/?s={search_term_string}"},"query-input":{"@type":"PropertyValueSpecification","valueRequired":true,"valueName":"search_term_string"}}],"inLanguage":"pl-PL"}]}},"_links":{"self":[{"href":"https:\/\/ugwp.cfolks.pl\/bwb\/wp-json\/wp\/v2\/pages\/2677","targetHints":{"allow":["GET"]}}],"collection":[{"href":"https:\/\/ugwp.cfolks.pl\/bwb\/wp-json\/wp\/v2\/pages"}],"about":[{"href":"https:\/\/ugwp.cfolks.pl\/bwb\/wp-json\/wp\/v2\/types\/page"}],"author":[{"embeddable":true,"href":"https:\/\/ugwp.cfolks.pl\/bwb\/wp-json\/wp\/v2\/users\/1"}],"replies":[{"embeddable":true,"href":"https:\/\/ugwp.cfolks.pl\/bwb\/wp-json\/wp\/v2\/comments?post=2677"}],"version-history":[{"count":14,"href":"https:\/\/ugwp.cfolks.pl\/bwb\/wp-json\/wp\/v2\/pages\/2677\/revisions"}],"predecessor-version":[{"id":5968,"href":"https:\/\/ugwp.cfolks.pl\/bwb\/wp-json\/wp\/v2\/pages\/2677\/revisions\/5968"}],"up":[{"embeddable":true,"href":"https:\/\/ugwp.cfolks.pl\/bwb\/wp-json\/wp\/v2\/pages\/2675"}],"wp:attachment":[{"href":"https:\/\/ugwp.cfolks.pl\/bwb\/wp-json\/wp\/v2\/media?parent=2677"}],"curies":[{"name":"wp","href":"https:\/\/api.w.org\/{rel}","templated":true}]}}