{"id":2675,"date":"2022-11-28T21:24:45","date_gmt":"2022-11-28T20:24:45","guid":{"rendered":"https:\/\/ugwp.cfolks.pl\/bwb\/?page_id=2675"},"modified":"2023-11-27T03:15:31","modified_gmt":"2023-11-27T02:15:31","slug":"podkladki-dystansowe","status":"publish","type":"page","link":"https:\/\/ugwp.cfolks.pl\/bwb\/podkladki-dystansowe\/","title":{"rendered":"Podk\u0142adki dystansowe"},"content":{"rendered":"<div class=\"col-12\"><a href=\"https:\/\/ugwp.cfolks.pl\/bwb\/podkladki-dystansowe\/podkladki-plastikowe-punktowe\/\"><\/p>\n<h2>Podk\u0142adki plastikowe punktowe<\/h2>\n<p><\/a><\/div>\n<div class=\"col-12 col-lg-6\"><a href=\"https:\/\/ugwp.cfolks.pl\/bwb\/podkladki-dystansowe\/podkladki-plastikowe-punktowe\/\"><img decoding=\"async\" src=\"https:\/\/ugwp.cfolks.pl\/bwb\/wp-content\/uploads\/9-1.jpg\" alt=\"Podk\u0142adki plastikowe punktowe\" width=\"100%\" height=\"auto\" \/><\/a><\/div>\n<div class=\"col-12 col-lg-6\">\n<p class=\"wstep\">Najbardziej popularnymi podk\u0142adkami dystansowymi s\u0105 podk\u0142adki z tworzywa sztucznego, kt\u00f3re dzi\u0119ki rozbudowanej powierzchni, lepiej kotwi\u0105 si\u0119 w betonie otuliny. Podk\u0142adki te charakteryzuj\u0105 si\u0119 du\u017c\u0105 odporno\u015bci\u0105 na obci\u0105\u017cenia, przy jednoczesnym ma\u0142ym odkszta\u0142ceniu.<\/p>\n<p>Budowa podk\u0142adek punktowych cz\u0119sto zawiera r\u00f3\u017cne rodzaju zaciski i zamocowania pr\u0119t\u00f3w zbrojeniowych dzi\u0119ki czemu podk\u0142adki te s\u0105 najbardziej stabilne i nie przemieszczaj\u0105 si\u0119 w trakcie betonowania.<\/p>\n<p>Podk\u0142adki z tworzywa sztucznego wykonane s\u0105 z surowc\u00f3w w wi\u0119kszo\u015bci odpornych na mog\u0105ce wyst\u0119powa\u0107 w trakcie ich stosowania chemikalia, a dodatkowo s\u0105 nienasi\u0105kliwe i mrozoodporne.<\/p>\n<p>Podk\u0142adki punktowe wyst\u0119puj\u0105 dla wszystkich grubo\u015bci otuliny od 10 do 100 mm i mog\u0105 by\u0107 mocowane do pr\u0119t\u00f3w o \u015brednicy od 4 do 25 mm.<\/p>\n<p>Ze wzgl\u0119du na przeznaczenie podk\u0142adki punktowe mog\u0105 by\u0107 stosowane zar\u00f3wno do element\u00f3w poziomych jak i pionowych, a w przypadku mi\u0119kkich pod\u0142o\u017cy nale\u017cy stosowa\u0107 podk\u0142adki o zwi\u0119kszonej powierzchni podstawy.<\/p>\n<p><a class=\"zobacz-wiecej\" href=\"https:\/\/ugwp.cfolks.pl\/bwb\/podkladki-dystansowe\/podkladki-plastikowe-punktowe\/\"><i class=\"fa-sharp fa-solid fa-angle-right\"><\/i> ZOBACZ WI\u0118CEJ<\/a><\/div>\n<div class=\"col-12\"><a href=\"https:\/\/ugwp.cfolks.pl\/bwb\/podkladki-dystansowe\/podkladki-plastikowe-liniowe\/\"><\/p>\n<h2>Podk\u0142adki plastikowe liniowe<\/h2>\n<p><\/a><\/div>\n<div class=\"col-12 col-lg-6\">\n<p class=\"wstep\">Drug\u0105 grup\u0105 podk\u0142adek dystansowych z tworzywa sztucznego s\u0105 podk\u0142adki liniowe. Podk\u0142adki liniowe s\u0105 stabilnym elementem dystansowym do dolnego zbrojenia z przeznaczeniem do du\u017cych obci\u0105\u017ce\u0144.<\/p>\n<p>Kotwy wyst\u0119puj\u0105 w wersji z pr\u0119tami prostymi lub pofalowanymi zar\u00f3wno jako kr\u00f3tkie jak i d\u0142ugie.<\/p>\n<p>Podk\u0142adki z tworzywa sztucznego wykonane s\u0105 z surowc\u00f3w w wi\u0119kszo\u015bci odpornych na mog\u0105ce wyst\u0119powa\u0107 w trakcie ich stosowania chemikalia, a dodatkowo s\u0105 nienasi\u0105kliwe i mrozoodporne.<\/p>\n<p>Podk\u0142adki liniowe wyst\u0119puj\u0105 najcz\u0119\u015bciej w postaci listew 2,0 m dla grubo\u015bci otuliny od 15 do 70 mm i przeznaczone s\u0105 g\u0142\u00f3wnie do dystansowania dolnego zbrojenia, zar\u00f3wno na stabilnym jak i mi\u0119kkim pod\u0142o\u017cu.<\/p>\n<p>Listwy posiadaj\u0105 r\u00f3\u017cnego rodzaju boczne wyci\u0119cia i otwory, kt\u00f3re gwarantuj\u0105 optymalny przep\u0142yw betonu przez listw\u0119, dzi\u0119ki czemu eliminowane jest powstawanie p\u0119kni\u0119\u0107 w betonie.<\/p>\n<p>Podk\u0142adki liniowe s\u0105 \u0142atwe w transporcie, magazynowaniu a tak\u017ce w samym monta\u017cu.<\/p>\n<p><a class=\"zobacz-wiecej\" href=\"https:\/\/ugwp.cfolks.pl\/bwb\/podkladki-dystansowe\/podkladki-plastikowe-liniowe\/\"><i class=\"fa-sharp fa-solid fa-angle-right\"><\/i> ZOBACZ WI\u0118CEJ<\/a><\/div>\n<div class=\"col-12 col-lg-6\"><a href=\"https:\/\/ugwp.cfolks.pl\/bwb\/podkladki-dystansowe\/podkladki-plastikowe-liniowe\/\"><img decoding=\"async\" src=\"https:\/\/ugwp.cfolks.pl\/bwb\/wp-content\/uploads\/9-2.jpg\" alt=\"Podk\u0142adki plastikowe liniowe\" width=\"100%\" height=\"auto\" \/><\/a><\/div>\n<div class=\"col-12\"><a href=\"https:\/\/ugwp.cfolks.pl\/bwb\/podkladki-dystansowe\/podkladki-dystansowe-do-prefabrykacji\/\"><\/p>\n<h2>Podk\u0142adki dystansowe do prefabrykacji<\/h2>\n<p><\/a><\/div>\n<div class=\"col-12 col-lg-6\"><a href=\"https:\/\/ugwp.cfolks.pl\/bwb\/podkladki-dystansowe\/podkladki-dystansowe-do-prefabrykacji\/\"><img decoding=\"async\" src=\"https:\/\/ugwp.cfolks.pl\/bwb\/wp-content\/uploads\/9-3.jpg\" alt=\"Podk\u0142adki dystansowe do prefabrykacji\" width=\"100%\" height=\"auto\" \/><\/a><\/div>\n<div class=\"col-12 col-lg-6\">\n<p class=\"wstep\">Ta grupa podk\u0142adek dystansowych z tworzywa sztucznego charakteryzuje si\u0119 punktow\u0105 powierzchni\u0105 podparcia, dzi\u0119ki czemu ich widoczno\u015b\u0107 na powierzchni jest ograniczona do minimum. Podk\u0142adki te szczeg\u00f3lnie polecane s\u0105 do stosowania w betonach architektonicznych.<\/p>\n<p>Stosowanie d\u0142ugich podk\u0142adek liniowych z tworzywa sztucznego w strefie rozci\u0105ga\u0144 mo\u017ce spowodowa\u0107 powstawanie rys na kraw\u0119dzi takiej podk\u0142adki. W celu wyeliminowania tego ryzyka nale\u017cy stosowa\u0107 kr\u00f3tkie podk\u0142adki liniowe<\/p>\n<p>W zale\u017cno\u015bci od typu, podk\u0142adki do prefabrykacji wyst\u0119puj\u0105 w postaci listew \u0142\u0105czonych z kr\u00f3tkich modu\u0142\u00f3w, element\u00f3w okr\u0105g\u0142ych, czy te\u017c podk\u0142adek z klipsami w kszta\u0142cie niewielkich p\u0142ytek.<\/p>\n<p>Podk\u0142adki z tworzywa sztucznego wykonane s\u0105 z surowc\u00f3w w wi\u0119kszo\u015bci odpornych na mog\u0105ce wyst\u0119powa\u0107 w trakcie ich stosowania chemikalia, a dodatkowo s\u0105 nienasi\u0105kliwe i mrozoodporne.<\/p>\n<p>Podk\u0142adki wyst\u0119puj\u0105 dla grubo\u015bci otuliny od 15 do 50 mm.<\/p>\n<p><a class=\"zobacz-wiecej\" href=\"https:\/\/ugwp.cfolks.pl\/bwb\/podkladki-dystansowe\/podkladki-dystansowe-do-prefabrykacji\/\"><i class=\"fa-sharp fa-solid fa-angle-right\"><\/i> ZOBACZ WI\u0118CEJ<\/a><\/div>\n<div class=\"col-12\"><a href=\"https:\/\/ugwp.cfolks.pl\/bwb\/podkladki-dystansowe\/plytki-montazowe\/\"><\/p>\n<h2>P\u0142ytki monta\u017cowe<\/h2>\n<p><\/a><\/div>\n<div class=\"col-12 col-lg-6\">\n<p class=\"wstep\">P\u0142ytki monta\u017cowe MP oferowane przez nasz\u0105 firm\u0119 s\u0142u\u017c\u0105 do monta\u017cu i poziomowania wszelkich element\u00f3w prefabrykowanych, kt\u00f3rych monta\u017c wymaga zastosowania element\u00f3w dystansowych o du\u017cej wytrzyma\u0142o\u015bci.<\/p>\n<p>Opr\u00f3cz standardowych podk\u0142adek MP, oferujemy jeszcze trzy inne rodzaje p\u0142ytek monta\u017cowych, r\u00f3\u017cni\u0105cych si\u0119 w zale\u017cno\u015bci od sposobu monta\u017cu, dost\u0119pnych wymiar\u00f3w czy te\u017c wytrzyma\u0142o\u015bci.<\/p>\n<p>P\u0142ytki monta\u017cowe MP mog\u0105 by\u0107 stosowane dla maksymalnych obci\u0105\u017ce\u0144 \u015bciskaj\u0105cych o dopuszczalnym obci\u0105\u017ceniu na jeden punkt podparcia 7 ton dla powierzchni 70&#215;70 mm.<\/p>\n<p>Podk\u0142adki wyst\u0119puj\u0105 w grubo\u015bciach od 2 do 20 mm.<\/p>\n<p>Dzi\u0119ki u\u017cyciu naszych podk\u0142adek dystansowych monta\u017c prefabrykat\u00f3w staje si\u0119 prostszy i zajmuje mniej czasu.<\/p>\n<p><a class=\"zobacz-wiecej\" href=\"https:\/\/ugwp.cfolks.pl\/bwb\/podkladki-dystansowe\/plytki-montazowe\/\"><i class=\"fa-sharp fa-solid fa-angle-right\"><\/i> ZOBACZ WI\u0118CEJ<\/a><\/div>\n<div class=\"col-12 col-lg-6\"><a href=\"https:\/\/ugwp.cfolks.pl\/bwb\/podkladki-dystansowe\/plytki-montazowe\/\"><img decoding=\"async\" src=\"https:\/\/ugwp.cfolks.pl\/bwb\/wp-content\/uploads\/9-4.jpg\" alt=\"P\u0142ytki monta\u017cowe\" width=\"100%\" height=\"auto\" \/><\/a><\/div>\n<div class=\"col-12\"><a href=\"https:\/\/ugwp.cfolks.pl\/bwb\/podkladki-dystansowe\/podkladki-betonowe-punktowe\/\"><\/p>\n<h2>Podk\u0142adki betonowe punktowe<\/h2>\n<p><\/a><\/div>\n<div class=\"col-12 col-lg-6\"><a href=\"https:\/\/ugwp.cfolks.pl\/bwb\/podkladki-dystansowe\/podkladki-betonowe-punktowe\/\"><img decoding=\"async\" src=\"https:\/\/ugwp.cfolks.pl\/bwb\/wp-content\/uploads\/9-5.jpg\" alt=\"Podk\u0142adki betonowe punktowe\" width=\"100%\" height=\"auto\" \/><\/a><\/div>\n<div class=\"col-12 col-lg-6\">\n<p class=\"wstep\">Obok podk\u0142adek z tworzywa sztucznego, podk\u0142adki betonowe stanowi\u0105 drug\u0105 grup\u0119 podk\u0142adek dystansowych najcz\u0119\u015bciej stosowanych w trakcie betonowania. Zalet\u0105 podk\u0142adek betonowych jest brak odkszta\u0142ce\u0144 przy du\u017cych obci\u0105\u017ceniach oraz brak odkszta\u0142ce\u0144 spowodowanych wysokimi temperaturami.<\/p>\n<p>Podk\u0142adki betonowe produkowane s\u0105 zgodnie z norm\u0105 PN-EN 206-1:2003, a ich g\u0142\u00f3wnymi cechami s\u0105 odporno\u015b\u0107 na starzenie, wodoszczelno\u015b\u0107 klasy W-8, nasi\u0105kliwo\u015b\u0107 poni\u017cej 4%, mrozoodporno\u015b\u0107 F150, wytrzyma\u0142o\u015b\u0107 do 45 N\/mm2,<\/p>\n<p>Podk\u0142adki wyst\u0119puj\u0105 zar\u00f3wno z drutem monta\u017cowym jak i bez.<\/p>\n<p>Podk\u0142adki wyst\u0119puj\u0105 dla grubo\u015bci otuliny od 20 do 70 mm.<\/p>\n<p><a class=\"zobacz-wiecej\" href=\"https:\/\/ugwp.cfolks.pl\/bwb\/podkladki-dystansowe\/podkladki-betonowe-punktowe\/\"><i class=\"fa-sharp fa-solid fa-angle-right\"><\/i> ZOBACZ WI\u0118CEJ<\/a><\/div>\n<div class=\"col-12\"><a href=\"https:\/\/ugwp.cfolks.pl\/bwb\/podkladki-dystansowe\/podkladki-betonowe-liniowe\/\"><\/p>\n<h2>Podk\u0142adki betonowe liniowe<\/h2>\n<p><\/a><\/div>\n<div class=\"col-12 col-lg-6\">\n<p class=\"wstep\">Obok podk\u0142adek z tworzywa sztucznego, podk\u0142adki betonowe stanowi\u0105 drug\u0105 grup\u0119 podk\u0142adek dystansowych najcz\u0119\u015bciej stosowanych w trakcie betonowania. Zalet\u0105 podk\u0142adek betonowych jest brak odkszta\u0142ce\u0144 przy du\u017cych obci\u0105\u017ceniach oraz brak odkszta\u0142ce\u0144 spowodowanych wysokimi temperaturami.<\/p>\n<p>Podk\u0142adki betonowe produkowane s\u0105 zgodnie z norm\u0105 PN-EN 206-1:2003, a ich g\u0142\u00f3wnymi cechami s\u0105 odporno\u015b\u0107 na starzenie, wodoszczelno\u015b\u0107 klasy W-8, nasi\u0105kliwo\u015b\u0107 poni\u017cej 4%, mrozoodporno\u015b\u0107 F150, wytrzyma\u0142o\u015b\u0107 do 45 N\/mm2,<\/p>\n<p>Podk\u0142adki wyst\u0119puj\u0105 w kszta\u0142cie listew prostych jak r\u00f3wnie\u017c zakrzywionych typ \u201eZ\u201d.<\/p>\n<p>Podk\u0142adki betonowe liniowe, wyst\u0119puj\u0105 w d\u0142ugo\u015bciach od 250 do 1200 mm, dla grubo\u015bci otuliny od 20 do 70 mm.<\/p>\n<p><a class=\"zobacz-wiecej\" href=\"https:\/\/ugwp.cfolks.pl\/bwb\/podkladki-dystansowe\/podkladki-betonowe-liniowe\/\"><i class=\"fa-sharp fa-solid fa-angle-right\"><\/i> ZOBACZ WI\u0118CEJ<\/a><\/div>\n<div class=\"col-12 col-lg-6\"><a href=\"https:\/\/ugwp.cfolks.pl\/bwb\/podkladki-dystansowe\/podkladki-betonowe-liniowe\/\"><img decoding=\"async\" src=\"https:\/\/ugwp.cfolks.pl\/bwb\/wp-content\/uploads\/9-6.jpg\" alt=\"Podk\u0142adki betonowe liniowe\" width=\"100%\" height=\"auto\" \/><\/a><\/div>\n<div class=\"col-12\"><a href=\"https:\/\/ugwp.cfolks.pl\/bwb\/podkladki-dystansowe\/podkladki-dystansowe-stalowe\/\"><\/p>\n<h2>Podk\u0142adki dystansowe stalowe<\/h2>\n<p><\/a><\/div>\n<div class=\"col-12 col-lg-6\"><a href=\"https:\/\/ugwp.cfolks.pl\/bwb\/podkladki-dystansowe\/podkladki-dystansowe-stalowe\/\"><img decoding=\"async\" src=\"https:\/\/ugwp.cfolks.pl\/bwb\/wp-content\/uploads\/9-8.jpg\" alt=\"Podk\u0142adki dystansowe stalowe\" width=\"100%\" height=\"auto\" \/><\/a><\/div>\n<div class=\"col-12 col-lg-6\">\n<p class=\"wstep\">W celu zapewnienia odpowiedniej odleg\u0142o\u015bci mi\u0119dzy warstwami zbrojenia p\u0142yty stosowane s\u0105 odpowiednio ukszta\u0142towane dystanse stalowe z drutu zbrojeniowego. Podk\u0142adki tego typu mog\u0105 podpiera\u0107 lokalnie pr\u0119ty poprzeczne na kt\u00f3rych opiera si\u0119 zbrojenie p\u0142yty lub mie\u0107 posta\u0107 liniow\u0105 i stanowi\u0107 bezpo\u015brednie podparcie zbrojenia.<\/p>\n<p>Podk\u0142adki stalowe ze wzgl\u0119du na materia\u0142, z jakiego s\u0105 wykonane musz\u0105 zosta\u0107 w pe\u0142ni otulone betonem na zasadach takich samych jak dotyczy to pr\u0119t\u00f3w zbrojeniowych.<\/p>\n<p>W przypadku gdy podk\u0142adki stalowe mog\u0105 mie\u0107 kontakt bezpo\u015brednio z powierzchni\u0105 deskowania, ich ko\u0144ce musz\u0105 by\u0107 zabezpieczone przez odpowiednie koszulki z tworzywa sztucznego.<\/p>\n<p>Zalet\u0105 dystans\u00f3w stalowych przestrzennych jest ich samostateczno\u015b\u0107 oraz szeroki asortyment wysoko\u015bci podparcia od 3 do 40 cm.<\/p>\n<p><a class=\"zobacz-wiecej\" href=\"https:\/\/ugwp.cfolks.pl\/bwb\/podkladki-dystansowe\/podkladki-dystansowe-stalowe\/\"><i class=\"fa-sharp fa-solid fa-angle-right\"><\/i> ZOBACZ WI\u0118CEJ<\/a><\/div>\n","protected":false},"excerpt":{"rendered":"<p>Podk\u0142adki plastikowe punktowe Najbardziej popularnymi podk\u0142adkami dystansowymi s\u0105 podk\u0142adki z tworzywa sztucznego, kt\u00f3re dzi\u0119ki rozbudowanej powierzchni, lepiej kotwi\u0105 si\u0119 w betonie otuliny. Podk\u0142adki te charakteryzuj\u0105 si\u0119 du\u017c\u0105 odporno\u015bci\u0105 na obci\u0105\u017cenia, przy jednoczesnym ma\u0142ym odkszta\u0142ceniu. Budowa podk\u0142adek punktowych cz\u0119sto zawiera r\u00f3\u017cne rodzaju zaciski i zamocowania pr\u0119t\u00f3w zbrojeniowych dzi\u0119ki czemu podk\u0142adki te s\u0105 najbardziej stabilne i nie [&hellip;]<\/p>\n","protected":false},"author":1,"featured_media":0,"parent":0,"menu_order":0,"comment_status":"closed","ping_status":"closed","template":"page-kategoria.php","meta":{"_acf_changed":false,"footnotes":""},"class_list":["post-2675","page","type-page","status-publish","hentry"],"acf":[],"yoast_head":"<!-- This site is optimized with the Yoast SEO plugin v27.3 - https:\/\/yoast.com\/product\/yoast-seo-wordpress\/ -->\n<title>Stabilne Podk\u0142adki Dystansowe Pod Zbrojenie Innowacyjne Produkty<\/title>\n<meta name=\"description\" content=\"Podk\u0142adki Dystansowe Uniwersalne Zaciskowe Wie\u017cowe Plastikowe Betonowe Stalowe Punktowe Liniowe Do Prefabrykacji P\u0142ytki Monta\u017cowe z Wypustami Pr\u0119ty Kotwi\u0105ce\" \/>\n<meta name=\"robots\" content=\"noindex, follow, max-snippet:-1, max-image-preview:large, max-video-preview:-1\" \/>\n<meta property=\"og:locale\" content=\"pl_PL\" \/>\n<meta property=\"og:type\" content=\"article\" \/>\n<meta property=\"og:title\" content=\"Stabilne Podk\u0142adki Dystansowe Pod Zbrojenie Innowacyjne Produkty\" \/>\n<meta property=\"og:description\" content=\"Podk\u0142adki Dystansowe Uniwersalne Zaciskowe Wie\u017cowe Plastikowe Betonowe Stalowe Punktowe Liniowe Do Prefabrykacji P\u0142ytki Monta\u017cowe z Wypustami Pr\u0119ty Kotwi\u0105ce\" \/>\n<meta property=\"og:url\" content=\"https:\/\/ugwp.cfolks.pl\/bwb\/podkladki-dystansowe\/\" \/>\n<meta property=\"og:site_name\" content=\"BWB technology\" \/>\n<meta property=\"article:modified_time\" content=\"2023-11-27T02:15:31+00:00\" \/>\n<meta property=\"og:image\" content=\"https:\/\/ugwp.cfolks.pl\/bwb\/wp-content\/uploads\/9-1.jpg\" \/>\n<meta name=\"twitter:card\" content=\"summary_large_image\" \/>\n<meta name=\"twitter:label1\" content=\"Szacowany czas czytania\" \/>\n\t<meta name=\"twitter:data1\" content=\"7 minut\" \/>\n<script type=\"application\/ld+json\" class=\"yoast-schema-graph\">{\"@context\":\"https:\\\/\\\/schema.org\",\"@graph\":[{\"@type\":\"WebPage\",\"@id\":\"https:\\\/\\\/ugwp.cfolks.pl\\\/bwb\\\/podkladki-dystansowe\\\/\",\"url\":\"https:\\\/\\\/ugwp.cfolks.pl\\\/bwb\\\/podkladki-dystansowe\\\/\",\"name\":\"Stabilne Podk\u0142adki Dystansowe Pod Zbrojenie Innowacyjne Produkty\",\"isPartOf\":{\"@id\":\"https:\\\/\\\/ugwp.cfolks.pl\\\/bwb\\\/#website\"},\"primaryImageOfPage\":{\"@id\":\"https:\\\/\\\/ugwp.cfolks.pl\\\/bwb\\\/podkladki-dystansowe\\\/#primaryimage\"},\"image\":{\"@id\":\"https:\\\/\\\/ugwp.cfolks.pl\\\/bwb\\\/podkladki-dystansowe\\\/#primaryimage\"},\"thumbnailUrl\":\"https:\\\/\\\/ugwp.cfolks.pl\\\/bwb\\\/wp-content\\\/uploads\\\/9-1.jpg\",\"datePublished\":\"2022-11-28T20:24:45+00:00\",\"dateModified\":\"2023-11-27T02:15:31+00:00\",\"description\":\"Podk\u0142adki Dystansowe Uniwersalne Zaciskowe Wie\u017cowe Plastikowe Betonowe Stalowe Punktowe Liniowe Do Prefabrykacji P\u0142ytki Monta\u017cowe z Wypustami Pr\u0119ty Kotwi\u0105ce\",\"breadcrumb\":{\"@id\":\"https:\\\/\\\/ugwp.cfolks.pl\\\/bwb\\\/podkladki-dystansowe\\\/#breadcrumb\"},\"inLanguage\":\"pl-PL\",\"potentialAction\":[{\"@type\":\"ReadAction\",\"target\":[\"https:\\\/\\\/ugwp.cfolks.pl\\\/bwb\\\/podkladki-dystansowe\\\/\"]}]},{\"@type\":\"ImageObject\",\"inLanguage\":\"pl-PL\",\"@id\":\"https:\\\/\\\/ugwp.cfolks.pl\\\/bwb\\\/podkladki-dystansowe\\\/#primaryimage\",\"url\":\"https:\\\/\\\/ugwp.cfolks.pl\\\/bwb\\\/wp-content\\\/uploads\\\/9-1.jpg\",\"contentUrl\":\"https:\\\/\\\/ugwp.cfolks.pl\\\/bwb\\\/wp-content\\\/uploads\\\/9-1.jpg\",\"width\":1100,\"height\":600},{\"@type\":\"BreadcrumbList\",\"@id\":\"https:\\\/\\\/ugwp.cfolks.pl\\\/bwb\\\/podkladki-dystansowe\\\/#breadcrumb\",\"itemListElement\":[{\"@type\":\"ListItem\",\"position\":1,\"name\":\"Strona g\u0142\u00f3wna\",\"item\":\"https:\\\/\\\/ugwp.cfolks.pl\\\/bwb\\\/\"},{\"@type\":\"ListItem\",\"position\":2,\"name\":\"Podk\u0142adki dystansowe\"}]},{\"@type\":\"WebSite\",\"@id\":\"https:\\\/\\\/ugwp.cfolks.pl\\\/bwb\\\/#website\",\"url\":\"https:\\\/\\\/ugwp.cfolks.pl\\\/bwb\\\/\",\"name\":\"BWB technology\",\"description\":\"Kolejna witryna oparta na WordPressie\",\"potentialAction\":[{\"@type\":\"SearchAction\",\"target\":{\"@type\":\"EntryPoint\",\"urlTemplate\":\"https:\\\/\\\/ugwp.cfolks.pl\\\/bwb\\\/?s={search_term_string}\"},\"query-input\":{\"@type\":\"PropertyValueSpecification\",\"valueRequired\":true,\"valueName\":\"search_term_string\"}}],\"inLanguage\":\"pl-PL\"}]}<\/script>\n<!-- \/ Yoast SEO plugin. -->","yoast_head_json":{"title":"Stabilne Podk\u0142adki Dystansowe Pod Zbrojenie Innowacyjne Produkty","description":"Podk\u0142adki Dystansowe Uniwersalne Zaciskowe Wie\u017cowe Plastikowe Betonowe Stalowe Punktowe Liniowe Do Prefabrykacji P\u0142ytki Monta\u017cowe z Wypustami Pr\u0119ty Kotwi\u0105ce","robots":{"index":"noindex","follow":"follow","max-snippet":"max-snippet:-1","max-image-preview":"max-image-preview:large","max-video-preview":"max-video-preview:-1"},"og_locale":"pl_PL","og_type":"article","og_title":"Stabilne Podk\u0142adki Dystansowe Pod Zbrojenie Innowacyjne Produkty","og_description":"Podk\u0142adki Dystansowe Uniwersalne Zaciskowe Wie\u017cowe Plastikowe Betonowe Stalowe Punktowe Liniowe Do Prefabrykacji P\u0142ytki Monta\u017cowe z Wypustami Pr\u0119ty Kotwi\u0105ce","og_url":"https:\/\/ugwp.cfolks.pl\/bwb\/podkladki-dystansowe\/","og_site_name":"BWB technology","article_modified_time":"2023-11-27T02:15:31+00:00","og_image":[{"url":"https:\/\/ugwp.cfolks.pl\/bwb\/wp-content\/uploads\/9-1.jpg","type":"","width":"","height":""}],"twitter_card":"summary_large_image","twitter_misc":{"Szacowany czas czytania":"7 minut"},"schema":{"@context":"https:\/\/schema.org","@graph":[{"@type":"WebPage","@id":"https:\/\/ugwp.cfolks.pl\/bwb\/podkladki-dystansowe\/","url":"https:\/\/ugwp.cfolks.pl\/bwb\/podkladki-dystansowe\/","name":"Stabilne Podk\u0142adki Dystansowe Pod Zbrojenie Innowacyjne Produkty","isPartOf":{"@id":"https:\/\/ugwp.cfolks.pl\/bwb\/#website"},"primaryImageOfPage":{"@id":"https:\/\/ugwp.cfolks.pl\/bwb\/podkladki-dystansowe\/#primaryimage"},"image":{"@id":"https:\/\/ugwp.cfolks.pl\/bwb\/podkladki-dystansowe\/#primaryimage"},"thumbnailUrl":"https:\/\/ugwp.cfolks.pl\/bwb\/wp-content\/uploads\/9-1.jpg","datePublished":"2022-11-28T20:24:45+00:00","dateModified":"2023-11-27T02:15:31+00:00","description":"Podk\u0142adki Dystansowe Uniwersalne Zaciskowe Wie\u017cowe Plastikowe Betonowe Stalowe Punktowe Liniowe Do Prefabrykacji P\u0142ytki Monta\u017cowe z Wypustami Pr\u0119ty Kotwi\u0105ce","breadcrumb":{"@id":"https:\/\/ugwp.cfolks.pl\/bwb\/podkladki-dystansowe\/#breadcrumb"},"inLanguage":"pl-PL","potentialAction":[{"@type":"ReadAction","target":["https:\/\/ugwp.cfolks.pl\/bwb\/podkladki-dystansowe\/"]}]},{"@type":"ImageObject","inLanguage":"pl-PL","@id":"https:\/\/ugwp.cfolks.pl\/bwb\/podkladki-dystansowe\/#primaryimage","url":"https:\/\/ugwp.cfolks.pl\/bwb\/wp-content\/uploads\/9-1.jpg","contentUrl":"https:\/\/ugwp.cfolks.pl\/bwb\/wp-content\/uploads\/9-1.jpg","width":1100,"height":600},{"@type":"BreadcrumbList","@id":"https:\/\/ugwp.cfolks.pl\/bwb\/podkladki-dystansowe\/#breadcrumb","itemListElement":[{"@type":"ListItem","position":1,"name":"Strona g\u0142\u00f3wna","item":"https:\/\/ugwp.cfolks.pl\/bwb\/"},{"@type":"ListItem","position":2,"name":"Podk\u0142adki dystansowe"}]},{"@type":"WebSite","@id":"https:\/\/ugwp.cfolks.pl\/bwb\/#website","url":"https:\/\/ugwp.cfolks.pl\/bwb\/","name":"BWB technology","description":"Kolejna witryna oparta na WordPressie","potentialAction":[{"@type":"SearchAction","target":{"@type":"EntryPoint","urlTemplate":"https:\/\/ugwp.cfolks.pl\/bwb\/?s={search_term_string}"},"query-input":{"@type":"PropertyValueSpecification","valueRequired":true,"valueName":"search_term_string"}}],"inLanguage":"pl-PL"}]}},"_links":{"self":[{"href":"https:\/\/ugwp.cfolks.pl\/bwb\/wp-json\/wp\/v2\/pages\/2675","targetHints":{"allow":["GET"]}}],"collection":[{"href":"https:\/\/ugwp.cfolks.pl\/bwb\/wp-json\/wp\/v2\/pages"}],"about":[{"href":"https:\/\/ugwp.cfolks.pl\/bwb\/wp-json\/wp\/v2\/types\/page"}],"author":[{"embeddable":true,"href":"https:\/\/ugwp.cfolks.pl\/bwb\/wp-json\/wp\/v2\/users\/1"}],"replies":[{"embeddable":true,"href":"https:\/\/ugwp.cfolks.pl\/bwb\/wp-json\/wp\/v2\/comments?post=2675"}],"version-history":[{"count":0,"href":"https:\/\/ugwp.cfolks.pl\/bwb\/wp-json\/wp\/v2\/pages\/2675\/revisions"}],"wp:attachment":[{"href":"https:\/\/ugwp.cfolks.pl\/bwb\/wp-json\/wp\/v2\/media?parent=2675"}],"curies":[{"name":"wp","href":"https:\/\/api.w.org\/{rel}","templated":true}]}}