{"id":2665,"date":"2022-11-28T19:06:58","date_gmt":"2022-11-28T18:06:58","guid":{"rendered":"https:\/\/ugwp.cfolks.pl\/bwb\/?page_id=2665"},"modified":"2024-09-06T18:31:00","modified_gmt":"2024-09-06T16:31:00","slug":"akcesoria-pomocnicze","status":"publish","type":"page","link":"https:\/\/ugwp.cfolks.pl\/bwb\/akcesoria-szalunkowe\/akcesoria-pomocnicze\/","title":{"rendered":"Akcesoria pomocnicze"},"content":{"rendered":"<div class=\"row kategoria-produktow\">\n<div class=\"col-lg-3\"><a href=\"https:\/\/ugwp.cfolks.pl\/bwb\/produkt\/listwa-ochronna-protex\/\" ><img decoding=\"async\" width=\"100%\" height=\"auto\" src=\"https:\/\/ugwp.cfolks.pl\/bwb\/wp-content\/uploads\/Listwa-ochronna-%E2%80%93-Protex.jpg\" alt=\"Listwa ochronna \u2013 Protex\"><\/p>\n<h2>Listwa ochronna \u2013 Protex<\/h2>\n<p><\/a><\/div>\n<div class=\"col-lg-3\"><a href=\"https:\/\/ugwp.cfolks.pl\/bwb\/produkt\/listwa-ochronna-protex-sl\/\" ><img decoding=\"async\" width=\"100%\" height=\"auto\" src=\"https:\/\/ugwp.cfolks.pl\/bwb\/wp-content\/uploads\/Listwa-ochronna-%E2%80%93-Protex-SL.jpg\" alt=\"Listwa ochronna \u2013 Protex SL\"><\/p>\n<h2>Listwa ochronna &#8211; Protex SL<\/h2>\n<p><\/a><\/div>\n<div class=\"col-lg-3\"><a href=\"https:\/\/ugwp.cfolks.pl\/bwb\/produkt\/oslonka-bhp-ska-s\/\" ><img decoding=\"async\" width=\"100%\" height=\"auto\" src=\"https:\/\/ugwp.cfolks.pl\/bwb\/wp-content\/uploads\/BLANK-640x471.jpg\"   srcset=\"https:\/\/ugwp.cfolks.pl\/bwb\/wp-content\/uploads\/BLANK-640x471.jpg 640w, https:\/\/ugwp.cfolks.pl\/bwb\/wp-content\/uploads\/BLANK-300x221.jpg 300w, https:\/\/ugwp.cfolks.pl\/bwb\/wp-content\/uploads\/BLANK-1024x754.jpg 1024w, https:\/\/ugwp.cfolks.pl\/bwb\/wp-content\/uploads\/BLANK-150x110.jpg 150w, https:\/\/ugwp.cfolks.pl\/bwb\/wp-content\/uploads\/BLANK-768x566.jpg 768w, https:\/\/ugwp.cfolks.pl\/bwb\/wp-content\/uploads\/BLANK.jpg 1100w\" sizes=\"(max-width: 640px) 100vw, 640px\" \/><\/p>\n<h2>Os\u0142onka BHP &#8211; SKA S<\/h2>\n<p><\/a><\/div>\n<div class=\"col-lg-3\"><a href=\"https:\/\/ugwp.cfolks.pl\/bwb\/produkt\/oslonka-bhp-ska-d\/\" ><img decoding=\"async\" width=\"100%\" height=\"auto\" src=\"https:\/\/ugwp.cfolks.pl\/bwb\/wp-content\/uploads\/Oslonka-BHP-%E2%80%93-SKA-D.jpg\" alt=\"Os\u0142onka BHP \u2013 SKA D\"><\/p>\n<h2>Os\u0142onka BHP &#8211; SKA D<\/h2>\n<p><\/a><\/div>\n<div class=\"col-lg-3\"><a href=\"https:\/\/ugwp.cfolks.pl\/bwb\/produkt\/oslonka-bhp-ska\/\" ><img decoding=\"async\" width=\"100%\" height=\"auto\" src=\"https:\/\/ugwp.cfolks.pl\/bwb\/wp-content\/uploads\/Oslonka-BHP-%E2%80%93-SKA.jpg\" alt=\"Os\u0142onka BHP \u2013 SKA\"><\/p>\n<h2>Os\u0142onka BHP \u2013 SKA<\/h2>\n<p><\/a><\/div>\n<div class=\"col-lg-3\"><a href=\"https:\/\/ugwp.cfolks.pl\/bwb\/produkt\/oslonka-bhp-skv\/\" ><img decoding=\"async\" width=\"100%\" height=\"auto\" src=\"https:\/\/ugwp.cfolks.pl\/bwb\/wp-content\/uploads\/Oslonka-BHP-%E2%80%93-SKV.jpg\" alt=\"Os\u0142onka BHP \u2013 SKV\"><\/p>\n<h2>Os\u0142onka BHP \u2013 SKV<\/h2>\n<p><\/a><\/div>\n<div class=\"col-lg-3\"><a href=\"https:\/\/ugwp.cfolks.pl\/bwb\/produkt\/oslona-krawedzi-tw\/\"><img decoding=\"async\" width=\"100%\" height=\"auto\" src=\"https:\/\/ugwp.cfolks.pl\/bwb\/wp-content\/uploads\/Oslona-krawedzi-%E2%80%93-TW.jpg\"\/><\/p>\n<h2>Os\u0142ona kraw\u0119dzi \u2013 TW<\/h2>\n<p><\/a><\/div>\n<div class=\"col-lg-3\"><a href=\"https:\/\/ugwp.cfolks.pl\/bwb\/produkt\/dybel-do-izolacji-termicznej-ipd\/\"><img decoding=\"async\" width=\"100%\" height=\"auto\" src=\"https:\/\/ugwp.cfolks.pl\/bwb\/wp-content\/uploads\/Dybel-do-izolacji-termicznej-%E2%80%93-IPD.jpg\"\/><\/p>\n<h2>Dybel do izolacji termicznej \u2013 IPD<\/h2>\n<p><\/a><\/div>\n<div class=\"col-lg-3\"><a href=\"https:\/\/ugwp.cfolks.pl\/bwb\/produkt\/dybel-do-izolacji-termicznej-dsd\/\"><img decoding=\"async\" width=\"100%\" height=\"auto\" src=\"https:\/\/ugwp.cfolks.pl\/bwb\/wp-content\/uploads\/Dybel-do-izolacji-termicznej-%E2%80%93-DSD.jpg\"\/><\/p>\n<h2>Dybel do izolacji termicznej \u2013 DSD<\/h2>\n<p><\/a><\/div>\n<div class=\"col-lg-3\"><a href=\"https:\/\/ugwp.cfolks.pl\/bwb\/produkt\/gwozdz-plastikowy-pn\/\"><img decoding=\"async\" width=\"100%\" height=\"auto\" src=\"https:\/\/ugwp.cfolks.pl\/bwb\/wp-content\/uploads\/Gwozdz-plastikowy-%E2%80%93-PN.jpg\"\/><\/p>\n<h2>Gw\u00f3\u017ad\u017a plastikowy \u2013 PN<\/h2>\n<p><\/a><\/div>\n<div class=\"col-lg-3\"><a href=\"https:\/\/ugwp.cfolks.pl\/bwb\/produkt\/lacznik-ze-stali-sprezynowej-fsb\/\"><img decoding=\"async\" width=\"100%\" height=\"auto\" src=\"https:\/\/ugwp.cfolks.pl\/bwb\/wp-content\/uploads\/Lacznik-ze-stali-sprezynowej-%E2%80%93-FSB.jpg\"\/><\/p>\n<h2>\u0141\u0105cznik ze stali spr\u0119\u017cynowej \u2013 FSB<\/h2>\n<p><\/a><\/div>\n<div class=\"col-lg-3\"><a href=\"https:\/\/ugwp.cfolks.pl\/bwb\/produkt\/lacznik-plastikowy-kb\/\" ><img decoding=\"async\" width=\"100%\" height=\"auto\" src=\"https:\/\/ugwp.cfolks.pl\/bwb\/wp-content\/uploads\/BLANK-640x471.jpg\"   srcset=\"https:\/\/ugwp.cfolks.pl\/bwb\/wp-content\/uploads\/BLANK-640x471.jpg 640w, https:\/\/ugwp.cfolks.pl\/bwb\/wp-content\/uploads\/BLANK-300x221.jpg 300w, https:\/\/ugwp.cfolks.pl\/bwb\/wp-content\/uploads\/BLANK-1024x754.jpg 1024w, https:\/\/ugwp.cfolks.pl\/bwb\/wp-content\/uploads\/BLANK-150x110.jpg 150w, https:\/\/ugwp.cfolks.pl\/bwb\/wp-content\/uploads\/BLANK-768x566.jpg 768w, https:\/\/ugwp.cfolks.pl\/bwb\/wp-content\/uploads\/BLANK.jpg 1100w\" sizes=\"(max-width: 640px) 100vw, 640px\" \/><\/p>\n<h2>\u0141\u0105cznik plastikowy \u2013 KB<\/h2>\n<p><\/a><\/div>\n<div class=\"col-lg-3\"><a href=\"https:\/\/ugwp.cfolks.pl\/bwb\/produkt\/klucz-do-wciskania-stozkow-gk\/\" ><img decoding=\"async\" width=\"100%\" height=\"auto\" src=\"https:\/\/ugwp.cfolks.pl\/bwb\/wp-content\/uploads\/BLANK-640x471.jpg\"   srcset=\"https:\/\/ugwp.cfolks.pl\/bwb\/wp-content\/uploads\/BLANK-640x471.jpg 640w, https:\/\/ugwp.cfolks.pl\/bwb\/wp-content\/uploads\/BLANK-300x221.jpg 300w, https:\/\/ugwp.cfolks.pl\/bwb\/wp-content\/uploads\/BLANK-1024x754.jpg 1024w, https:\/\/ugwp.cfolks.pl\/bwb\/wp-content\/uploads\/BLANK-150x110.jpg 150w, https:\/\/ugwp.cfolks.pl\/bwb\/wp-content\/uploads\/BLANK-768x566.jpg 768w, https:\/\/ugwp.cfolks.pl\/bwb\/wp-content\/uploads\/BLANK.jpg 1100w\" sizes=\"(max-width: 640px) 100vw, 640px\" \/><\/p>\n<h2>Klucz do wciskania sto\u017ck\u00f3w GK<\/h2>\n<p><\/a><\/div>\n<div class=\"col-lg-3\"><a href=\"https:\/\/ugwp.cfolks.pl\/bwb\/produkt\/klucz-do-wykrecania-stozkow-sk\/\" ><img decoding=\"async\" width=\"100%\" height=\"auto\" src=\"https:\/\/ugwp.cfolks.pl\/bwb\/wp-content\/uploads\/Klucz-do-wykrecania-stozkow-SK.jpg\" alt=\"Klucz do wykr\u0119cania sto\u017ck\u00f3w SK\"><\/p>\n<h2>Klucz do wykr\u0119cania sto\u017ck\u00f3w SK<\/h2>\n<p><\/a><\/div>\n<div class=\"col-lg-3\"><a href=\"https:\/\/ugwp.cfolks.pl\/bwb\/produkt\/przyrzad-do-wciskania-korkow-ds\/\" ><img decoding=\"async\" width=\"100%\" height=\"auto\" src=\"https:\/\/ugwp.cfolks.pl\/bwb\/wp-content\/uploads\/BLANK-640x471.jpg\"   srcset=\"https:\/\/ugwp.cfolks.pl\/bwb\/wp-content\/uploads\/BLANK-640x471.jpg 640w, https:\/\/ugwp.cfolks.pl\/bwb\/wp-content\/uploads\/BLANK-300x221.jpg 300w, https:\/\/ugwp.cfolks.pl\/bwb\/wp-content\/uploads\/BLANK-1024x754.jpg 1024w, https:\/\/ugwp.cfolks.pl\/bwb\/wp-content\/uploads\/BLANK-150x110.jpg 150w, https:\/\/ugwp.cfolks.pl\/bwb\/wp-content\/uploads\/BLANK-768x566.jpg 768w, https:\/\/ugwp.cfolks.pl\/bwb\/wp-content\/uploads\/BLANK.jpg 1100w\" sizes=\"(max-width: 640px) 100vw, 640px\" \/><\/p>\n<h2>Przyrz\u0105d do wciskania kork\u00f3w DS<\/h2>\n<p><\/a><\/div>\n<div class=\"col-lg-3\"><a href=\"https:\/\/ugwp.cfolks.pl\/bwb\/produkt\/klej-dwuskladnikowy-geolite-gel\/\" ><img decoding=\"async\" width=\"100%\" height=\"auto\" src=\"https:\/\/ugwp.cfolks.pl\/bwb\/wp-content\/uploads\/BLANK-640x471.jpg\"   srcset=\"https:\/\/ugwp.cfolks.pl\/bwb\/wp-content\/uploads\/BLANK-640x471.jpg 640w, https:\/\/ugwp.cfolks.pl\/bwb\/wp-content\/uploads\/BLANK-300x221.jpg 300w, https:\/\/ugwp.cfolks.pl\/bwb\/wp-content\/uploads\/BLANK-1024x754.jpg 1024w, https:\/\/ugwp.cfolks.pl\/bwb\/wp-content\/uploads\/BLANK-150x110.jpg 150w, https:\/\/ugwp.cfolks.pl\/bwb\/wp-content\/uploads\/BLANK-768x566.jpg 768w, https:\/\/ugwp.cfolks.pl\/bwb\/wp-content\/uploads\/BLANK.jpg 1100w\" sizes=\"(max-width: 640px) 100vw, 640px\" \/><\/p>\n<h2>Klej dwusk\u0142adnikowy GeoLite Gel<\/h2>\n<p><\/a><\/div>\n<div class=\"col-lg-3\"><a href=\"https:\/\/ugwp.cfolks.pl\/bwb\/produkt\/kolek-do-scian-podwojnych-dwd\/\" ><img decoding=\"async\" width=\"100%\" height=\"auto\" src=\"https:\/\/ugwp.cfolks.pl\/bwb\/wp-content\/uploads\/Kolek-do-scian-podwojnych-%E2%80%93-DWD.jpg\" alt=\"Ko\u0142ek do \u015bcian podw\u00f3jnych \u2013 DWD\" \/><\/p>\n<h2>Ko\u0142ek do \u015bcian podw\u00f3jnych \u2013 DWD<\/h2>\n<p><\/a><\/div>\n<div class=\"col-lg-3\"><a href=\"https:\/\/ugwp.cfolks.pl\/bwb\/produkt\/korek-do-deskowan-sst\/\" ><img decoding=\"async\" width=\"100%\" height=\"auto\" src=\"https:\/\/ugwp.cfolks.pl\/bwb\/wp-content\/uploads\/Korek-do-deskowan-%E2%80%93-SST-1.jpg\" alt=\"Korek do deskowa\u0144 \u2013 SST\"><\/p>\n<h2>Korek do deskowa\u0144 \u2013 SST<\/h2>\n<p><\/a><\/div>\n<div class=\"col-lg-3\"><a href=\"https:\/\/ugwp.cfolks.pl\/bwb\/produkt\/tuleja-oslonowa-do-sciagow-dw15\/\" ><img decoding=\"async\" width=\"100%\" height=\"auto\" src=\"https:\/\/ugwp.cfolks.pl\/bwb\/wp-content\/uploads\/Tuleja-oslonowa-do-sciagow-DW15.jpg\" alt=\"Tuleja os\u0142onowa do \u015bci\u0105g\u00f3w DW15\"><\/p>\n<h2>Tuleja os\u0142onowa do \u015bci\u0105g\u00f3w DW15<\/h2>\n<p><\/a><\/div>\n<div class=\"col-lg-3\"><a href=\"https:\/\/ugwp.cfolks.pl\/bwb\/produkt\/hpg\/\" ><img decoding=\"async\" width=\"100%\" height=\"auto\" src=\"https:\/\/ugwp.cfolks.pl\/bwb\/wp-content\/uploads\/HPG.jpg\" alt=\"HPG\"><\/p>\n<h2>HPG<\/h2>\n<p><\/a><\/div>\n<\/div>\n","protected":false},"excerpt":{"rendered":"<p>Listwa ochronna \u2013 Protex Listwa ochronna &#8211; Protex SL Os\u0142onka BHP &#8211; SKA S Os\u0142onka BHP &#8211; SKA D Os\u0142onka BHP \u2013 SKA Os\u0142onka BHP \u2013 SKV Os\u0142ona kraw\u0119dzi \u2013 TW Dybel do izolacji termicznej \u2013 IPD Dybel do izolacji termicznej \u2013 DSD Gw\u00f3\u017ad\u017a plastikowy \u2013 PN \u0141\u0105cznik ze stali spr\u0119\u017cynowej \u2013 FSB \u0141\u0105cznik plastikowy [&hellip;]<\/p>\n","protected":false},"author":1,"featured_media":0,"parent":2654,"menu_order":0,"comment_status":"closed","ping_status":"closed","template":"page-kategoria-produktow.php","meta":{"_acf_changed":false,"footnotes":""},"class_list":["post-2665","page","type-page","status-publish","hentry"],"acf":[],"yoast_head":"<!-- This site is optimized with the Yoast SEO plugin v27.3 - https:\/\/yoast.com\/product\/yoast-seo-wordpress\/ -->\n<title>Akcesoria Pomocnicze Do Szalunk\u00f3w Innowacyjne Produkty<\/title>\n<meta name=\"description\" content=\"Tuleje Os\u0142onowe Korki Ko\u0142ki Kleje Dwusk\u0142adnikowe Przyrz\u0105dy Do Wciskania Kork\u00f3w Klucze \u0141\u0105czniki Plastikowe i Ze Stali Gwo\u017adzie Dyble Os\u0142onki Listwy Ochronne\" \/>\n<meta name=\"robots\" content=\"noindex, follow, max-snippet:-1, max-image-preview:large, max-video-preview:-1\" \/>\n<meta property=\"og:locale\" content=\"pl_PL\" \/>\n<meta property=\"og:type\" content=\"article\" \/>\n<meta property=\"og:title\" content=\"Akcesoria Pomocnicze Do Szalunk\u00f3w Innowacyjne Produkty\" \/>\n<meta property=\"og:description\" content=\"Tuleje Os\u0142onowe Korki Ko\u0142ki Kleje Dwusk\u0142adnikowe Przyrz\u0105dy Do Wciskania Kork\u00f3w Klucze \u0141\u0105czniki Plastikowe i Ze Stali Gwo\u017adzie Dyble Os\u0142onki Listwy Ochronne\" \/>\n<meta property=\"og:url\" content=\"https:\/\/ugwp.cfolks.pl\/bwb\/akcesoria-szalunkowe\/akcesoria-pomocnicze\/\" \/>\n<meta property=\"og:site_name\" content=\"BWB technology\" \/>\n<meta property=\"article:modified_time\" content=\"2024-09-06T16:31:00+00:00\" \/>\n<meta property=\"og:image\" content=\"https:\/\/ugwp.cfolks.pl\/bwb\/wp-content\/uploads\/Listwa-ochronna-%E2%80%93-Protex.jpg\" \/>\n<meta name=\"twitter:card\" content=\"summary_large_image\" \/>\n<meta name=\"twitter:label1\" content=\"Szacowany czas czytania\" \/>\n\t<meta name=\"twitter:data1\" content=\"5 minut\" \/>\n<script type=\"application\/ld+json\" class=\"yoast-schema-graph\">{\"@context\":\"https:\\\/\\\/schema.org\",\"@graph\":[{\"@type\":\"WebPage\",\"@id\":\"https:\\\/\\\/ugwp.cfolks.pl\\\/bwb\\\/akcesoria-szalunkowe\\\/akcesoria-pomocnicze\\\/\",\"url\":\"https:\\\/\\\/ugwp.cfolks.pl\\\/bwb\\\/akcesoria-szalunkowe\\\/akcesoria-pomocnicze\\\/\",\"name\":\"Akcesoria Pomocnicze Do Szalunk\u00f3w Innowacyjne Produkty\",\"isPartOf\":{\"@id\":\"https:\\\/\\\/ugwp.cfolks.pl\\\/bwb\\\/#website\"},\"primaryImageOfPage\":{\"@id\":\"https:\\\/\\\/ugwp.cfolks.pl\\\/bwb\\\/akcesoria-szalunkowe\\\/akcesoria-pomocnicze\\\/#primaryimage\"},\"image\":{\"@id\":\"https:\\\/\\\/ugwp.cfolks.pl\\\/bwb\\\/akcesoria-szalunkowe\\\/akcesoria-pomocnicze\\\/#primaryimage\"},\"thumbnailUrl\":\"https:\\\/\\\/ugwp.cfolks.pl\\\/bwb\\\/wp-content\\\/uploads\\\/Listwa-ochronna-%E2%80%93-Protex.jpg\",\"datePublished\":\"2022-11-28T18:06:58+00:00\",\"dateModified\":\"2024-09-06T16:31:00+00:00\",\"description\":\"Tuleje Os\u0142onowe Korki Ko\u0142ki Kleje Dwusk\u0142adnikowe Przyrz\u0105dy Do Wciskania Kork\u00f3w Klucze \u0141\u0105czniki Plastikowe i Ze Stali Gwo\u017adzie Dyble Os\u0142onki Listwy Ochronne\",\"breadcrumb\":{\"@id\":\"https:\\\/\\\/ugwp.cfolks.pl\\\/bwb\\\/akcesoria-szalunkowe\\\/akcesoria-pomocnicze\\\/#breadcrumb\"},\"inLanguage\":\"pl-PL\",\"potentialAction\":[{\"@type\":\"ReadAction\",\"target\":[\"https:\\\/\\\/ugwp.cfolks.pl\\\/bwb\\\/akcesoria-szalunkowe\\\/akcesoria-pomocnicze\\\/\"]}]},{\"@type\":\"ImageObject\",\"inLanguage\":\"pl-PL\",\"@id\":\"https:\\\/\\\/ugwp.cfolks.pl\\\/bwb\\\/akcesoria-szalunkowe\\\/akcesoria-pomocnicze\\\/#primaryimage\",\"url\":\"https:\\\/\\\/ugwp.cfolks.pl\\\/bwb\\\/wp-content\\\/uploads\\\/Listwa-ochronna-%E2%80%93-Protex.jpg\",\"contentUrl\":\"https:\\\/\\\/ugwp.cfolks.pl\\\/bwb\\\/wp-content\\\/uploads\\\/Listwa-ochronna-%E2%80%93-Protex.jpg\"},{\"@type\":\"BreadcrumbList\",\"@id\":\"https:\\\/\\\/ugwp.cfolks.pl\\\/bwb\\\/akcesoria-szalunkowe\\\/akcesoria-pomocnicze\\\/#breadcrumb\",\"itemListElement\":[{\"@type\":\"ListItem\",\"position\":1,\"name\":\"Strona g\u0142\u00f3wna\",\"item\":\"https:\\\/\\\/ugwp.cfolks.pl\\\/bwb\\\/\"},{\"@type\":\"ListItem\",\"position\":2,\"name\":\"Akcesoria Szalunkowe\",\"item\":\"https:\\\/\\\/ugwp.cfolks.pl\\\/bwb\\\/akcesoria-szalunkowe\\\/\"},{\"@type\":\"ListItem\",\"position\":3,\"name\":\"Akcesoria pomocnicze\"}]},{\"@type\":\"WebSite\",\"@id\":\"https:\\\/\\\/ugwp.cfolks.pl\\\/bwb\\\/#website\",\"url\":\"https:\\\/\\\/ugwp.cfolks.pl\\\/bwb\\\/\",\"name\":\"BWB technology\",\"description\":\"Kolejna witryna oparta na WordPressie\",\"potentialAction\":[{\"@type\":\"SearchAction\",\"target\":{\"@type\":\"EntryPoint\",\"urlTemplate\":\"https:\\\/\\\/ugwp.cfolks.pl\\\/bwb\\\/?s={search_term_string}\"},\"query-input\":{\"@type\":\"PropertyValueSpecification\",\"valueRequired\":true,\"valueName\":\"search_term_string\"}}],\"inLanguage\":\"pl-PL\"}]}<\/script>\n<!-- \/ Yoast SEO plugin. -->","yoast_head_json":{"title":"Akcesoria Pomocnicze Do Szalunk\u00f3w Innowacyjne Produkty","description":"Tuleje Os\u0142onowe Korki Ko\u0142ki Kleje Dwusk\u0142adnikowe Przyrz\u0105dy Do Wciskania Kork\u00f3w Klucze \u0141\u0105czniki Plastikowe i Ze Stali Gwo\u017adzie Dyble Os\u0142onki Listwy Ochronne","robots":{"index":"noindex","follow":"follow","max-snippet":"max-snippet:-1","max-image-preview":"max-image-preview:large","max-video-preview":"max-video-preview:-1"},"og_locale":"pl_PL","og_type":"article","og_title":"Akcesoria Pomocnicze Do Szalunk\u00f3w Innowacyjne Produkty","og_description":"Tuleje Os\u0142onowe Korki Ko\u0142ki Kleje Dwusk\u0142adnikowe Przyrz\u0105dy Do Wciskania Kork\u00f3w Klucze \u0141\u0105czniki Plastikowe i Ze Stali Gwo\u017adzie Dyble Os\u0142onki Listwy Ochronne","og_url":"https:\/\/ugwp.cfolks.pl\/bwb\/akcesoria-szalunkowe\/akcesoria-pomocnicze\/","og_site_name":"BWB technology","article_modified_time":"2024-09-06T16:31:00+00:00","og_image":[{"url":"https:\/\/ugwp.cfolks.pl\/bwb\/wp-content\/uploads\/Listwa-ochronna-%E2%80%93-Protex.jpg","type":"","width":"","height":""}],"twitter_card":"summary_large_image","twitter_misc":{"Szacowany czas czytania":"5 minut"},"schema":{"@context":"https:\/\/schema.org","@graph":[{"@type":"WebPage","@id":"https:\/\/ugwp.cfolks.pl\/bwb\/akcesoria-szalunkowe\/akcesoria-pomocnicze\/","url":"https:\/\/ugwp.cfolks.pl\/bwb\/akcesoria-szalunkowe\/akcesoria-pomocnicze\/","name":"Akcesoria Pomocnicze Do Szalunk\u00f3w Innowacyjne Produkty","isPartOf":{"@id":"https:\/\/ugwp.cfolks.pl\/bwb\/#website"},"primaryImageOfPage":{"@id":"https:\/\/ugwp.cfolks.pl\/bwb\/akcesoria-szalunkowe\/akcesoria-pomocnicze\/#primaryimage"},"image":{"@id":"https:\/\/ugwp.cfolks.pl\/bwb\/akcesoria-szalunkowe\/akcesoria-pomocnicze\/#primaryimage"},"thumbnailUrl":"https:\/\/ugwp.cfolks.pl\/bwb\/wp-content\/uploads\/Listwa-ochronna-%E2%80%93-Protex.jpg","datePublished":"2022-11-28T18:06:58+00:00","dateModified":"2024-09-06T16:31:00+00:00","description":"Tuleje Os\u0142onowe Korki Ko\u0142ki Kleje Dwusk\u0142adnikowe Przyrz\u0105dy Do Wciskania Kork\u00f3w Klucze \u0141\u0105czniki Plastikowe i Ze Stali Gwo\u017adzie Dyble Os\u0142onki Listwy Ochronne","breadcrumb":{"@id":"https:\/\/ugwp.cfolks.pl\/bwb\/akcesoria-szalunkowe\/akcesoria-pomocnicze\/#breadcrumb"},"inLanguage":"pl-PL","potentialAction":[{"@type":"ReadAction","target":["https:\/\/ugwp.cfolks.pl\/bwb\/akcesoria-szalunkowe\/akcesoria-pomocnicze\/"]}]},{"@type":"ImageObject","inLanguage":"pl-PL","@id":"https:\/\/ugwp.cfolks.pl\/bwb\/akcesoria-szalunkowe\/akcesoria-pomocnicze\/#primaryimage","url":"https:\/\/ugwp.cfolks.pl\/bwb\/wp-content\/uploads\/Listwa-ochronna-%E2%80%93-Protex.jpg","contentUrl":"https:\/\/ugwp.cfolks.pl\/bwb\/wp-content\/uploads\/Listwa-ochronna-%E2%80%93-Protex.jpg"},{"@type":"BreadcrumbList","@id":"https:\/\/ugwp.cfolks.pl\/bwb\/akcesoria-szalunkowe\/akcesoria-pomocnicze\/#breadcrumb","itemListElement":[{"@type":"ListItem","position":1,"name":"Strona g\u0142\u00f3wna","item":"https:\/\/ugwp.cfolks.pl\/bwb\/"},{"@type":"ListItem","position":2,"name":"Akcesoria Szalunkowe","item":"https:\/\/ugwp.cfolks.pl\/bwb\/akcesoria-szalunkowe\/"},{"@type":"ListItem","position":3,"name":"Akcesoria pomocnicze"}]},{"@type":"WebSite","@id":"https:\/\/ugwp.cfolks.pl\/bwb\/#website","url":"https:\/\/ugwp.cfolks.pl\/bwb\/","name":"BWB technology","description":"Kolejna witryna oparta na WordPressie","potentialAction":[{"@type":"SearchAction","target":{"@type":"EntryPoint","urlTemplate":"https:\/\/ugwp.cfolks.pl\/bwb\/?s={search_term_string}"},"query-input":{"@type":"PropertyValueSpecification","valueRequired":true,"valueName":"search_term_string"}}],"inLanguage":"pl-PL"}]}},"_links":{"self":[{"href":"https:\/\/ugwp.cfolks.pl\/bwb\/wp-json\/wp\/v2\/pages\/2665","targetHints":{"allow":["GET"]}}],"collection":[{"href":"https:\/\/ugwp.cfolks.pl\/bwb\/wp-json\/wp\/v2\/pages"}],"about":[{"href":"https:\/\/ugwp.cfolks.pl\/bwb\/wp-json\/wp\/v2\/types\/page"}],"author":[{"embeddable":true,"href":"https:\/\/ugwp.cfolks.pl\/bwb\/wp-json\/wp\/v2\/users\/1"}],"replies":[{"embeddable":true,"href":"https:\/\/ugwp.cfolks.pl\/bwb\/wp-json\/wp\/v2\/comments?post=2665"}],"version-history":[{"count":19,"href":"https:\/\/ugwp.cfolks.pl\/bwb\/wp-json\/wp\/v2\/pages\/2665\/revisions"}],"predecessor-version":[{"id":6603,"href":"https:\/\/ugwp.cfolks.pl\/bwb\/wp-json\/wp\/v2\/pages\/2665\/revisions\/6603"}],"up":[{"embeddable":true,"href":"https:\/\/ugwp.cfolks.pl\/bwb\/wp-json\/wp\/v2\/pages\/2654"}],"wp:attachment":[{"href":"https:\/\/ugwp.cfolks.pl\/bwb\/wp-json\/wp\/v2\/media?parent=2665"}],"curies":[{"name":"wp","href":"https:\/\/api.w.org\/{rel}","templated":true}]}}