{"id":2661,"date":"2022-11-28T19:06:15","date_gmt":"2022-11-28T18:06:15","guid":{"rendered":"https:\/\/ugwp.cfolks.pl\/bwb\/?page_id=2661"},"modified":"2024-08-13T17:52:57","modified_gmt":"2024-08-13T15:52:57","slug":"listwy-fazujace","status":"publish","type":"page","link":"https:\/\/ugwp.cfolks.pl\/bwb\/akcesoria-szalunkowe\/listwy-fazujace\/","title":{"rendered":"Listwy Fazuj\u0105ce"},"content":{"rendered":"<div class=\"row kategoria-produktow\">\n<div class=\"col-lg-3\"><a href=\"https:\/\/ugwp.cfolks.pl\/bwb\/produkt\/listwa-drenujaca-ap\/\"> <img decoding=\"async\" width=\"100%\" height=\"auto\" src=\"https:\/\/ugwp.cfolks.pl\/bwb\/wp-content\/uploads\/Listwa-drenujaca-%E2%80%93-AP.jpg\" alt=\"Listwa drenuj\u0105ca \u2013 AP\"><\/p>\n<h2>Listwa drenuj\u0105ca \u2013 AP<\/h2>\n<p><\/a><\/div>\n<div class=\"col-lg-3\"><a href=\"https:\/\/ugwp.cfolks.pl\/bwb\/produkt\/listwa-zamykajaca-t\/\"> <img decoding=\"async\" width=\"100%\" height=\"auto\" src=\"https:\/\/ugwp.cfolks.pl\/bwb\/wp-content\/uploads\/Listwa-zamykajaca-%E2%80%93-T.jpg\" alt=\"Listwa zamykaj\u0105ca \u2013 T\"><\/p>\n<h2>Listwa zamykaj\u0105ca \u2013 T<\/h2>\n<p><\/a><\/div>\n<div class=\"col-lg-3\"><a href=\"https:\/\/ugwp.cfolks.pl\/bwb\/produkt\/listwa-fazujaca-trapezowa-tpp\/\"> <img decoding=\"async\" width=\"100%\" height=\"auto\" src=\"https:\/\/ugwp.cfolks.pl\/bwb\/wp-content\/uploads\/Listwa-fazujaca-trapezowa-%E2%80%93-TPP.jpg\" alt=\"Listwa fazuj\u0105ca trapezowa \u2013 TPP\"><\/p>\n<h2>Listwa fazuj\u0105ca trapezowa \u2013 TPP<\/h2>\n<p><\/a><\/div>\n<div class=\"col-lg-3\"><a href=\"https:\/\/ugwp.cfolks.pl\/bwb\/produkt\/listwa-kapinosowa-rl-16\/\"> <img decoding=\"async\" width=\"100%\" height=\"auto\" src=\"https:\/\/ugwp.cfolks.pl\/bwb\/wp-content\/uploads\/Listwa-kapinosowa-%E2%80%93-RL-16.jpg\" alt=\"Listwa kapinosowa \u2013 RL 16\"><\/p>\n<h2>Listwa kapinosowa \u2013 RL 16<\/h2>\n<p><\/a><\/div>\n<div class=\"col-lg-3\"><a href=\"https:\/\/ugwp.cfolks.pl\/bwb\/produkt\/listwa-kapinosowa-rl-12\/\"> <img decoding=\"async\" width=\"100%\" height=\"auto\" src=\"https:\/\/ugwp.cfolks.pl\/bwb\/wp-content\/uploads\/Listwa-kapinosowa-%E2%80%93-RL-12.jpg\" alt=\"Listwa kapinosowa \u2013 RL 12\"><\/p>\n<h2>Listwa kapinosowa \u2013 RL 12<\/h2>\n<p><\/a><\/div>\n<div class=\"col-lg-3\"><a href=\"https:\/\/ugwp.cfolks.pl\/bwb\/produkt\/listwa-kapinosowa-rl-1\/\"> <img decoding=\"async\" width=\"100%\" height=\"auto\" src=\"https:\/\/ugwp.cfolks.pl\/bwb\/wp-content\/uploads\/Listwa-kapinosowa-%E2%80%93-RL-1.jpg\" alt=\"Listwa kapinosowa \u2013 RL 1\"><\/p>\n<h2>Listwa kapinosowa \u2013 RL 1<\/h2>\n<p><\/a><\/div>\n<div class=\"col-lg-3\"><a href=\"https:\/\/ugwp.cfolks.pl\/bwb\/produkt\/listwa-fazujaca-dreika-rul\/\"> <img decoding=\"async\" width=\"100%\" height=\"auto\" src=\"https:\/\/ugwp.cfolks.pl\/bwb\/wp-content\/uploads\/Listwa-fazujaca-%E2%80%93-Dreika-RUL.jpg\" alt=\"Listwa fazuj\u0105ca \u2013 Dreika RUL\"><\/p>\n<h2>Listwa fazuj\u0105ca \u2013 Dreika RUL<\/h2>\n<p><\/a><\/div>\n<div class=\"col-lg-3\"><a href=\"https:\/\/ugwp.cfolks.pl\/bwb\/produkt\/listwa-fazujaca-dreika-dlr-s-czerwona\/\"> <img decoding=\"async\" width=\"100%\" height=\"auto\" src=\"https:\/\/ugwp.cfolks.pl\/bwb\/wp-content\/uploads\/Listwa-fazujaca-%E2%80%93-Dreika-DLR-S-czerwona.jpg\" alt=\"Listwa fazuj\u0105ca \u2013 Dreika DLR-S czerwona\"><\/p>\n<h2>Listwa fazuj\u0105ca \u2013 Dreika DLR-S czerwona<\/h2>\n<p><\/a><\/div>\n<div class=\"col-lg-3\"><a href=\"https:\/\/ugwp.cfolks.pl\/bwb\/produkt\/listwa-fazujaca-dreika-dlr-s-pelna\/\"> <img decoding=\"async\" width=\"100%\" height=\"auto\" src=\"https:\/\/ugwp.cfolks.pl\/bwb\/wp-content\/uploads\/Listwa-fazujaca-%E2%80%93-Dreika-DLR-S-PELNA.jpg\" alt=\"Listwa fazuj\u0105ca \u2013 Dreika DLR -S (PE\u0141NA)\"><\/p>\n<h2>Listwa fazuj\u0105ca \u2013 Dreika DLR -S (PE\u0141NA)<\/h2>\n<p><\/a><\/div>\n<div class=\"col-lg-3\"><a href=\"https:\/\/ugwp.cfolks.pl\/bwb\/produkt\/listwa-fazujaca-dreika-dlr\/\"> <img decoding=\"async\" width=\"100%\" height=\"auto\" src=\"https:\/\/ugwp.cfolks.pl\/bwb\/wp-content\/uploads\/Listwa-fazujaca-%E2%80%93-Dreika-DLR.jpg\" alt=\"Listwa fazuj\u0105ca \u2013 Dreika DLR\"><\/p>\n<h2>Listwa fazuj\u0105ca \u2013 Dreika DLR<\/h2>\n<p><\/a><\/div>\n<div class=\"col-lg-3\"><a href=\"https:\/\/ugwp.cfolks.pl\/bwb\/produkt\/listwa-fazujaca-dreika-dl-czerwona\/\"> <img decoding=\"async\" width=\"100%\" height=\"auto\" src=\"https:\/\/ugwp.cfolks.pl\/bwb\/wp-content\/uploads\/Listwa-fazujaca-%E2%80%93-Dreika-DL-czerwona.jpg\" alt=\"Listwa fazuj\u0105ca \u2013 Dreika DL czerwona\"><\/p>\n<h2>Listwa fazuj\u0105ca \u2013 Dreika DL czerwona<\/h2>\n<p><\/a><\/div>\n<div class=\"col-lg-3\"><a href=\"https:\/\/ugwp.cfolks.pl\/bwb\/produkt\/listwa-fazujaca-dreika-dl\/\"> <img decoding=\"async\" width=\"100%\" height=\"auto\" src=\"https:\/\/ugwp.cfolks.pl\/bwb\/wp-content\/uploads\/Listwa-fazujaca-%E2%80%93-Dreika-DL.jpg\" alt=\"Listwa fazuj\u0105ca \u2013 Dreika DL\"><\/p>\n<h2>Listwa fazuj\u0105ca \u2013 Dreika DL<\/h2>\n<p><\/a><\/div>\n<\/div>\n","protected":false},"excerpt":{"rendered":"<p>Listwa drenuj\u0105ca \u2013 AP Listwa zamykaj\u0105ca \u2013 T Listwa fazuj\u0105ca trapezowa \u2013 TPP Listwa kapinosowa \u2013 RL 16 Listwa kapinosowa \u2013 RL 12 Listwa kapinosowa \u2013 RL 1 Listwa fazuj\u0105ca \u2013 Dreika RUL Listwa fazuj\u0105ca \u2013 Dreika DLR-S czerwona Listwa fazuj\u0105ca \u2013 Dreika DLR -S (PE\u0141NA) Listwa fazuj\u0105ca \u2013 Dreika DLR Listwa fazuj\u0105ca \u2013 Dreika [&hellip;]<\/p>\n","protected":false},"author":1,"featured_media":0,"parent":2654,"menu_order":0,"comment_status":"closed","ping_status":"closed","template":"page-kategoria-produktow.php","meta":{"_acf_changed":false,"footnotes":""},"class_list":["post-2661","page","type-page","status-publish","hentry"],"acf":[],"yoast_head":"<!-- This site is optimized with the Yoast SEO plugin v27.3 - https:\/\/yoast.com\/product\/yoast-seo-wordpress\/ -->\n<title>Odporne Listwy Fazuj\u0105ce Do Betonu Innowacyjne Produkty<\/title>\n<meta name=\"description\" content=\"Listwy Fazuj\u0105ce z Odpornego Tworzywa Sztucznego Materia\u0142u PE Trapezowe Dreika Kapinosowe Zamykaj\u0105ce Drenuj\u0105ce z Pi\u00f3rem Do Przybijania i Kraw\u0119dzi Betonowych\" \/>\n<meta name=\"robots\" content=\"noindex, follow, max-snippet:-1, max-image-preview:large, max-video-preview:-1\" \/>\n<meta property=\"og:locale\" content=\"pl_PL\" \/>\n<meta property=\"og:type\" content=\"article\" \/>\n<meta property=\"og:title\" content=\"Odporne Listwy Fazuj\u0105ce Do Betonu Innowacyjne Produkty\" \/>\n<meta property=\"og:description\" content=\"Listwy Fazuj\u0105ce z Odpornego Tworzywa Sztucznego Materia\u0142u PE Trapezowe Dreika Kapinosowe Zamykaj\u0105ce Drenuj\u0105ce z Pi\u00f3rem Do Przybijania i Kraw\u0119dzi Betonowych\" \/>\n<meta property=\"og:url\" content=\"https:\/\/ugwp.cfolks.pl\/bwb\/akcesoria-szalunkowe\/listwy-fazujace\/\" \/>\n<meta property=\"og:site_name\" content=\"BWB technology\" \/>\n<meta property=\"article:modified_time\" content=\"2024-08-13T15:52:57+00:00\" \/>\n<meta property=\"og:image\" content=\"https:\/\/ugwp.cfolks.pl\/bwb\/wp-content\/uploads\/Listwa-drenujaca-%E2%80%93-AP.jpg\" \/>\n<meta name=\"twitter:card\" content=\"summary_large_image\" \/>\n<meta name=\"twitter:label1\" content=\"Szacowany czas czytania\" \/>\n\t<meta name=\"twitter:data1\" content=\"3 minuty\" \/>\n<script type=\"application\/ld+json\" class=\"yoast-schema-graph\">{\"@context\":\"https:\\\/\\\/schema.org\",\"@graph\":[{\"@type\":\"WebPage\",\"@id\":\"https:\\\/\\\/ugwp.cfolks.pl\\\/bwb\\\/akcesoria-szalunkowe\\\/listwy-fazujace\\\/\",\"url\":\"https:\\\/\\\/ugwp.cfolks.pl\\\/bwb\\\/akcesoria-szalunkowe\\\/listwy-fazujace\\\/\",\"name\":\"Odporne Listwy Fazuj\u0105ce Do Betonu Innowacyjne Produkty\",\"isPartOf\":{\"@id\":\"https:\\\/\\\/ugwp.cfolks.pl\\\/bwb\\\/#website\"},\"primaryImageOfPage\":{\"@id\":\"https:\\\/\\\/ugwp.cfolks.pl\\\/bwb\\\/akcesoria-szalunkowe\\\/listwy-fazujace\\\/#primaryimage\"},\"image\":{\"@id\":\"https:\\\/\\\/ugwp.cfolks.pl\\\/bwb\\\/akcesoria-szalunkowe\\\/listwy-fazujace\\\/#primaryimage\"},\"thumbnailUrl\":\"https:\\\/\\\/ugwp.cfolks.pl\\\/bwb\\\/wp-content\\\/uploads\\\/Listwa-drenujaca-%E2%80%93-AP.jpg\",\"datePublished\":\"2022-11-28T18:06:15+00:00\",\"dateModified\":\"2024-08-13T15:52:57+00:00\",\"description\":\"Listwy Fazuj\u0105ce z Odpornego Tworzywa Sztucznego Materia\u0142u PE Trapezowe Dreika Kapinosowe Zamykaj\u0105ce Drenuj\u0105ce z Pi\u00f3rem Do Przybijania i Kraw\u0119dzi Betonowych\",\"breadcrumb\":{\"@id\":\"https:\\\/\\\/ugwp.cfolks.pl\\\/bwb\\\/akcesoria-szalunkowe\\\/listwy-fazujace\\\/#breadcrumb\"},\"inLanguage\":\"pl-PL\",\"potentialAction\":[{\"@type\":\"ReadAction\",\"target\":[\"https:\\\/\\\/ugwp.cfolks.pl\\\/bwb\\\/akcesoria-szalunkowe\\\/listwy-fazujace\\\/\"]}]},{\"@type\":\"ImageObject\",\"inLanguage\":\"pl-PL\",\"@id\":\"https:\\\/\\\/ugwp.cfolks.pl\\\/bwb\\\/akcesoria-szalunkowe\\\/listwy-fazujace\\\/#primaryimage\",\"url\":\"https:\\\/\\\/ugwp.cfolks.pl\\\/bwb\\\/wp-content\\\/uploads\\\/Listwa-drenujaca-%E2%80%93-AP.jpg\",\"contentUrl\":\"https:\\\/\\\/ugwp.cfolks.pl\\\/bwb\\\/wp-content\\\/uploads\\\/Listwa-drenujaca-%E2%80%93-AP.jpg\"},{\"@type\":\"BreadcrumbList\",\"@id\":\"https:\\\/\\\/ugwp.cfolks.pl\\\/bwb\\\/akcesoria-szalunkowe\\\/listwy-fazujace\\\/#breadcrumb\",\"itemListElement\":[{\"@type\":\"ListItem\",\"position\":1,\"name\":\"Strona g\u0142\u00f3wna\",\"item\":\"https:\\\/\\\/ugwp.cfolks.pl\\\/bwb\\\/\"},{\"@type\":\"ListItem\",\"position\":2,\"name\":\"Akcesoria Szalunkowe\",\"item\":\"https:\\\/\\\/ugwp.cfolks.pl\\\/bwb\\\/akcesoria-szalunkowe\\\/\"},{\"@type\":\"ListItem\",\"position\":3,\"name\":\"Listwy Fazuj\u0105ce\"}]},{\"@type\":\"WebSite\",\"@id\":\"https:\\\/\\\/ugwp.cfolks.pl\\\/bwb\\\/#website\",\"url\":\"https:\\\/\\\/ugwp.cfolks.pl\\\/bwb\\\/\",\"name\":\"BWB technology\",\"description\":\"Kolejna witryna oparta na WordPressie\",\"potentialAction\":[{\"@type\":\"SearchAction\",\"target\":{\"@type\":\"EntryPoint\",\"urlTemplate\":\"https:\\\/\\\/ugwp.cfolks.pl\\\/bwb\\\/?s={search_term_string}\"},\"query-input\":{\"@type\":\"PropertyValueSpecification\",\"valueRequired\":true,\"valueName\":\"search_term_string\"}}],\"inLanguage\":\"pl-PL\"}]}<\/script>\n<!-- \/ Yoast SEO plugin. -->","yoast_head_json":{"title":"Odporne Listwy Fazuj\u0105ce Do Betonu Innowacyjne Produkty","description":"Listwy Fazuj\u0105ce z Odpornego Tworzywa Sztucznego Materia\u0142u PE Trapezowe Dreika Kapinosowe Zamykaj\u0105ce Drenuj\u0105ce z Pi\u00f3rem Do Przybijania i Kraw\u0119dzi Betonowych","robots":{"index":"noindex","follow":"follow","max-snippet":"max-snippet:-1","max-image-preview":"max-image-preview:large","max-video-preview":"max-video-preview:-1"},"og_locale":"pl_PL","og_type":"article","og_title":"Odporne Listwy Fazuj\u0105ce Do Betonu Innowacyjne Produkty","og_description":"Listwy Fazuj\u0105ce z Odpornego Tworzywa Sztucznego Materia\u0142u PE Trapezowe Dreika Kapinosowe Zamykaj\u0105ce Drenuj\u0105ce z Pi\u00f3rem Do Przybijania i Kraw\u0119dzi Betonowych","og_url":"https:\/\/ugwp.cfolks.pl\/bwb\/akcesoria-szalunkowe\/listwy-fazujace\/","og_site_name":"BWB technology","article_modified_time":"2024-08-13T15:52:57+00:00","og_image":[{"url":"https:\/\/ugwp.cfolks.pl\/bwb\/wp-content\/uploads\/Listwa-drenujaca-%E2%80%93-AP.jpg","type":"","width":"","height":""}],"twitter_card":"summary_large_image","twitter_misc":{"Szacowany czas czytania":"3 minuty"},"schema":{"@context":"https:\/\/schema.org","@graph":[{"@type":"WebPage","@id":"https:\/\/ugwp.cfolks.pl\/bwb\/akcesoria-szalunkowe\/listwy-fazujace\/","url":"https:\/\/ugwp.cfolks.pl\/bwb\/akcesoria-szalunkowe\/listwy-fazujace\/","name":"Odporne Listwy Fazuj\u0105ce Do Betonu Innowacyjne Produkty","isPartOf":{"@id":"https:\/\/ugwp.cfolks.pl\/bwb\/#website"},"primaryImageOfPage":{"@id":"https:\/\/ugwp.cfolks.pl\/bwb\/akcesoria-szalunkowe\/listwy-fazujace\/#primaryimage"},"image":{"@id":"https:\/\/ugwp.cfolks.pl\/bwb\/akcesoria-szalunkowe\/listwy-fazujace\/#primaryimage"},"thumbnailUrl":"https:\/\/ugwp.cfolks.pl\/bwb\/wp-content\/uploads\/Listwa-drenujaca-%E2%80%93-AP.jpg","datePublished":"2022-11-28T18:06:15+00:00","dateModified":"2024-08-13T15:52:57+00:00","description":"Listwy Fazuj\u0105ce z Odpornego Tworzywa Sztucznego Materia\u0142u PE Trapezowe Dreika Kapinosowe Zamykaj\u0105ce Drenuj\u0105ce z Pi\u00f3rem Do Przybijania i Kraw\u0119dzi Betonowych","breadcrumb":{"@id":"https:\/\/ugwp.cfolks.pl\/bwb\/akcesoria-szalunkowe\/listwy-fazujace\/#breadcrumb"},"inLanguage":"pl-PL","potentialAction":[{"@type":"ReadAction","target":["https:\/\/ugwp.cfolks.pl\/bwb\/akcesoria-szalunkowe\/listwy-fazujace\/"]}]},{"@type":"ImageObject","inLanguage":"pl-PL","@id":"https:\/\/ugwp.cfolks.pl\/bwb\/akcesoria-szalunkowe\/listwy-fazujace\/#primaryimage","url":"https:\/\/ugwp.cfolks.pl\/bwb\/wp-content\/uploads\/Listwa-drenujaca-%E2%80%93-AP.jpg","contentUrl":"https:\/\/ugwp.cfolks.pl\/bwb\/wp-content\/uploads\/Listwa-drenujaca-%E2%80%93-AP.jpg"},{"@type":"BreadcrumbList","@id":"https:\/\/ugwp.cfolks.pl\/bwb\/akcesoria-szalunkowe\/listwy-fazujace\/#breadcrumb","itemListElement":[{"@type":"ListItem","position":1,"name":"Strona g\u0142\u00f3wna","item":"https:\/\/ugwp.cfolks.pl\/bwb\/"},{"@type":"ListItem","position":2,"name":"Akcesoria Szalunkowe","item":"https:\/\/ugwp.cfolks.pl\/bwb\/akcesoria-szalunkowe\/"},{"@type":"ListItem","position":3,"name":"Listwy Fazuj\u0105ce"}]},{"@type":"WebSite","@id":"https:\/\/ugwp.cfolks.pl\/bwb\/#website","url":"https:\/\/ugwp.cfolks.pl\/bwb\/","name":"BWB technology","description":"Kolejna witryna oparta na WordPressie","potentialAction":[{"@type":"SearchAction","target":{"@type":"EntryPoint","urlTemplate":"https:\/\/ugwp.cfolks.pl\/bwb\/?s={search_term_string}"},"query-input":{"@type":"PropertyValueSpecification","valueRequired":true,"valueName":"search_term_string"}}],"inLanguage":"pl-PL"}]}},"_links":{"self":[{"href":"https:\/\/ugwp.cfolks.pl\/bwb\/wp-json\/wp\/v2\/pages\/2661","targetHints":{"allow":["GET"]}}],"collection":[{"href":"https:\/\/ugwp.cfolks.pl\/bwb\/wp-json\/wp\/v2\/pages"}],"about":[{"href":"https:\/\/ugwp.cfolks.pl\/bwb\/wp-json\/wp\/v2\/types\/page"}],"author":[{"embeddable":true,"href":"https:\/\/ugwp.cfolks.pl\/bwb\/wp-json\/wp\/v2\/users\/1"}],"replies":[{"embeddable":true,"href":"https:\/\/ugwp.cfolks.pl\/bwb\/wp-json\/wp\/v2\/comments?post=2661"}],"version-history":[{"count":15,"href":"https:\/\/ugwp.cfolks.pl\/bwb\/wp-json\/wp\/v2\/pages\/2661\/revisions"}],"predecessor-version":[{"id":5884,"href":"https:\/\/ugwp.cfolks.pl\/bwb\/wp-json\/wp\/v2\/pages\/2661\/revisions\/5884"}],"up":[{"embeddable":true,"href":"https:\/\/ugwp.cfolks.pl\/bwb\/wp-json\/wp\/v2\/pages\/2654"}],"wp:attachment":[{"href":"https:\/\/ugwp.cfolks.pl\/bwb\/wp-json\/wp\/v2\/media?parent=2661"}],"curies":[{"name":"wp","href":"https:\/\/api.w.org\/{rel}","templated":true}]}}