{"id":2659,"date":"2022-11-28T19:05:50","date_gmt":"2022-11-28T18:05:50","guid":{"rendered":"https:\/\/ugwp.cfolks.pl\/bwb\/?page_id=2659"},"modified":"2024-09-06T18:10:42","modified_gmt":"2024-09-06T16:10:42","slug":"stozki-i-korki","status":"publish","type":"page","link":"https:\/\/ugwp.cfolks.pl\/bwb\/akcesoria-szalunkowe\/stozki-i-korki\/","title":{"rendered":"Sto\u017cki i Korki"},"content":{"rendered":"<div class=\"row kategoria-produktow\">\n<div class=\"col-lg-3\"><a href=\"https:\/\/ugwp.cfolks.pl\/bwb\/produkt\/zlaczka-do-rurek-dystansowych-ku\/\"><img decoding=\"async\" width=\"100%\" height=\"auto\" src=\"https:\/\/ugwp.cfolks.pl\/bwb\/wp-content\/uploads\/Zlaczka-do-rurek-dystansowych-%E2%80%93-KU-1.jpg\" alt=\"Z\u0142\u0105czka do rurek dystansowych \u2013 KU\"\/><\/p>\n<h2>Z\u0142\u0105czka do rurek dystansowych \u2013 KU<\/h2>\n<p><\/a><\/div>\n<div class=\"col-lg-3\"><a href=\"https:\/\/ugwp.cfolks.pl\/bwb\/produkt\/uszczelka-ka\/\"><img decoding=\"async\" width=\"100%\" height=\"auto\" src=\"https:\/\/ugwp.cfolks.pl\/bwb\/wp-content\/uploads\/Uszczelka-%E2%80%93-KA-1.jpg\" alt=\"Uszczelka \u2013 KA\"\/><\/p>\n<h2>Uszczelka \u2013 KA<\/h2>\n<p><\/a><\/div>\n<div class=\"col-lg-3\"><a href=\"https:\/\/ugwp.cfolks.pl\/bwb\/produkt\/korek-plastikowy-ksb\/\"> <img decoding=\"async\" width=\"100%\" height=\"auto\" src=\"https:\/\/ugwp.cfolks.pl\/bwb\/wp-content\/uploads\/Korek-plastikowy-%E2%80%93-KSB-1.jpg\" alt=\"Korek plastikowy \u2013 KSB\"\/><\/p>\n<h2>Korek plastikowy \u2013 KSB<\/h2>\n<p><\/a> <\/div>\n<div class=\"col-lg-3\"><a href=\"https:\/\/ugwp.cfolks.pl\/bwb\/produkt\/korek-betonowy-po-stozku-sk\/\"> <img decoding=\"async\" width=\"100%\" height=\"auto\" src=\"https:\/\/ugwp.cfolks.pl\/bwb\/wp-content\/uploads\/Korek-betonowy-po-stozku-%E2%80%93-SK-1.jpg\" alt=\"Korek betonowy po sto\u017cku SK\"\/><\/p>\n<h2>Korek betonowy po sto\u017cku SK<\/h2>\n<p><\/a><\/div>\n<div class=\"col-lg-3\"><a href=\"https:\/\/ugwp.cfolks.pl\/bwb\/produkt\/korek-betonowy-22-20\/\"  > <img decoding=\"async\" width=\"100%\" height=\"auto\" src=\"https:\/\/ugwp.cfolks.pl\/bwb\/wp-content\/uploads\/BLANK-640x471.jpg\"   srcset=\"https:\/\/ugwp.cfolks.pl\/bwb\/wp-content\/uploads\/BLANK-640x471.jpg 640w, https:\/\/ugwp.cfolks.pl\/bwb\/wp-content\/uploads\/BLANK-300x221.jpg 300w, https:\/\/ugwp.cfolks.pl\/bwb\/wp-content\/uploads\/BLANK-1024x754.jpg 1024w, https:\/\/ugwp.cfolks.pl\/bwb\/wp-content\/uploads\/BLANK-150x110.jpg 150w, https:\/\/ugwp.cfolks.pl\/bwb\/wp-content\/uploads\/BLANK-768x566.jpg 768w, https:\/\/ugwp.cfolks.pl\/bwb\/wp-content\/uploads\/BLANK.jpg 1100w\" sizes=\"(max-width: 640px) 100vw, 640px\" \/><\/p>\n<h2>Korek betonowy 22\/20<\/h2>\n<p><\/a> <\/div>\n<div class=\"col-lg-3\"><a href=\"https:\/\/ugwp.cfolks.pl\/bwb\/produkt\/korek-zebrowany-rst-d\/\"><img decoding=\"async\" width=\"100%\" height=\"auto\" src=\"https:\/\/ugwp.cfolks.pl\/bwb\/wp-content\/uploads\/Korek-zebrowany-%E2%80%93-RST_D-1.jpg\" alt=\"Korek \u017cebrowany &#8211; RST D\"\/><\/p>\n<h2>Korek \u017cebrowany &#8211; RST D<\/h2>\n<p><\/a><\/div>\n<div class=\"col-lg-3\"><a href=\"https:\/\/ugwp.cfolks.pl\/bwb\/produkt\/korek-zebrowany-rst\/\"><img decoding=\"async\" width=\"100%\" height=\"auto\" src=\"https:\/\/ugwp.cfolks.pl\/bwb\/wp-content\/uploads\/Korek-zebrowany-%E2%80%93-RST-1.jpg\" alt=\"Korek \u017cebrowany \u2013 RST\"\/><\/p>\n<h2>Korek \u017cebrowany \u2013 RST<\/h2>\n<p><\/a> <\/div>\n<div class=\"col-lg-3\"><a href=\"https:\/\/ugwp.cfolks.pl\/bwb\/produkt\/korek-stx\/\"><img decoding=\"async\" width=\"100%\" height=\"auto\" src=\"https:\/\/ugwp.cfolks.pl\/bwb\/wp-content\/uploads\/Korek-%E2%80%93-STX-1.jpg\" alt=\"Korek \u2013 STX\"\/><\/p>\n<h2>Korek \u2013 STX<\/h2>\n<p><\/a><\/div>\n<div class=\"col-lg-3\"><a href=\"https:\/\/ugwp.cfolks.pl\/bwb\/produkt\/korek-stf\/\"><img decoding=\"async\" width=\"100%\" height=\"auto\" src=\"https:\/\/ugwp.cfolks.pl\/bwb\/wp-content\/uploads\/Korek-%E2%80%93-STF-1.jpg\" alt=\"Korek \u2013 STF\"\/><\/p>\n<h2>Korek \u2013 STF<\/h2>\n<p><\/a><\/div>\n<div class=\"col-lg-3\"><a href=\"https:\/\/ugwp.cfolks.pl\/bwb\/produkt\/korek-est\/\"><img decoding=\"async\" width=\"100%\" height=\"auto\" src=\"https:\/\/ugwp.cfolks.pl\/bwb\/wp-content\/uploads\/Korek-%E2%80%93-EST-1.jpg\" alt=\"Korek \u2013 EST\"><\/p>\n<h2>Korek \u2013 EST<\/h2>\n<p><\/a><\/div>\n<div class=\"col-lg-3\"><a href=\"https:\/\/ugwp.cfolks.pl\/bwb\/produkt\/korek-st\/\"><img decoding=\"async\" width=\"100%\" height=\"auto\" src=\"https:\/\/ugwp.cfolks.pl\/bwb\/wp-content\/uploads\/Korek-%E2%80%93-ST.jpg\" alt=\"Korek \u2013 ST\"\/><\/p>\n<h2>Korek \u2013 ST<\/h2>\n<p><\/a><\/div>\n<div class=\"col-lg-3\"><a href=\"https:\/\/ugwp.cfolks.pl\/bwb\/produkt\/korek-gumowy-ds\/\"><img decoding=\"async\" width=\"100%\" height=\"auto\" src=\"https:\/\/ugwp.cfolks.pl\/bwb\/wp-content\/uploads\/Korek-gumowy-%E2%80%93-DS.jpg\" alt=\"Korek gumowy \u2013 DS\"\/><\/p>\n<h2>Korek gumowy \u2013 DS<\/h2>\n<p><\/a><\/div>\n<div class=\"col-lg-3\"><a href=\"https:\/\/ugwp.cfolks.pl\/bwb\/produkt\/stozek-zebrowany-rk-d\/\"><img decoding=\"async\" width=\"100%\" height=\"auto\" src=\"https:\/\/ugwp.cfolks.pl\/bwb\/wp-content\/uploads\/Stozek-zebrowany-%E2%80%93-RK-D-2.jpg\" alt=\"Sto\u017cek \u017cebrowany \u2013 RK D\"\/><\/p>\n<h2>Sto\u017cek \u017cebrowany \u2013 RK D<\/h2>\n<p><\/a> <\/div>\n<div class=\"col-lg-3\"><a href=\"https:\/\/ugwp.cfolks.pl\/bwb\/produkt\/stozek-zebrowany-rk\/\"><img width=\"100%\" height=\"auto\" src=\"https:\/\/ugwp.cfolks.pl\/bwb\/wp-content\/uploads\/Stozek-zebrowany-%E2%80%93-RK-1.jpg\" alt=\"Sto\u017cek \u017cebrowany \u2013 RK\" decoding=\"async\" loading=\"lazy\"\/><\/p>\n<h2>Sto\u017cek \u017cebrowany \u2013 RK<\/h2>\n<p><\/a><\/div>\n<div class=\"col-lg-3\"><a href=\"https:\/\/ugwp.cfolks.pl\/bwb\/produkt\/stozek-nosny-skx\/\"><img decoding=\"async\" width=\"100%\" height=\"auto\" src=\"https:\/\/ugwp.cfolks.pl\/bwb\/wp-content\/uploads\/Stozek-nosny-%E2%80%93-SKX.jpg\" alt=\"Sto\u017cek no\u015bny \u2013 SKX\"\/><\/p>\n<h2>Sto\u017cek no\u015bny \u2013 SKX<\/h2>\n<p><\/a><\/div>\n<div class=\"col-lg-3\"><a href=\"https:\/\/ugwp.cfolks.pl\/bwb\/produkt\/stozek-z-przegroda-wodna-rkw\/\"><img decoding=\"async\" width=\"100%\" height=\"auto\" src=\"https:\/\/ugwp.cfolks.pl\/bwb\/wp-content\/uploads\/Stozek-z-przegroda-wodna-%E2%80%93-RKW-1.jpg\" alt=\"Sto\u017cek z przegrod\u0105 wodn\u0105 \u2013 RKW\"\/><\/p>\n<h2>Sto\u017cek z przegrod\u0105 wodn\u0105 \u2013 RKW<\/h2>\n<p><\/a><\/div>\n<div class=\"col-lg-3\"><a href=\"https:\/\/ugwp.cfolks.pl\/bwb\/produkt\/stozek-z-gwintem-gk\/\"><img decoding=\"async\" width=\"100%\" height=\"auto\" src=\"https:\/\/ugwp.cfolks.pl\/bwb\/wp-content\/uploads\/Stozek-z-gwintem-%E2%80%93-GK-1.jpg\" alt=\"Sto\u017cek z gwintem \u2013 GK\"\/><\/p>\n<h2>Sto\u017cek z gwintem \u2013 GK<\/h2>\n<p><\/a><\/div>\n<div class=\"col-lg-3\"><a href=\"https:\/\/ugwp.cfolks.pl\/bwb\/produkt\/stozek-z-uszczelka-sk-dr\/\"  > <img decoding=\"async\" width=\"100%\" height=\"auto\" src=\"https:\/\/ugwp.cfolks.pl\/bwb\/wp-content\/uploads\/BLANK-640x471.jpg\"   srcset=\"https:\/\/ugwp.cfolks.pl\/bwb\/wp-content\/uploads\/BLANK-640x471.jpg 640w, https:\/\/ugwp.cfolks.pl\/bwb\/wp-content\/uploads\/BLANK-300x221.jpg 300w, https:\/\/ugwp.cfolks.pl\/bwb\/wp-content\/uploads\/BLANK-1024x754.jpg 1024w, https:\/\/ugwp.cfolks.pl\/bwb\/wp-content\/uploads\/BLANK-150x110.jpg 150w, https:\/\/ugwp.cfolks.pl\/bwb\/wp-content\/uploads\/BLANK-768x566.jpg 768w, https:\/\/ugwp.cfolks.pl\/bwb\/wp-content\/uploads\/BLANK.jpg 1100w\" sizes=\"(max-width: 640px) 100vw, 640px\" \/><\/p>\n<h2>Sto\u017cek z uszczelk\u0105 \u2013 SK DR<\/h2>\n<p><\/a> <\/div>\n<div class=\"col-lg-3\"><a href=\"https:\/\/ugwp.cfolks.pl\/bwb\/produkt\/stozek-sk\/\"  > <img decoding=\"async\" width=\"100%\" height=\"auto\" src=\"https:\/\/ugwp.cfolks.pl\/bwb\/wp-content\/uploads\/BLANK-640x471.jpg\"   srcset=\"https:\/\/ugwp.cfolks.pl\/bwb\/wp-content\/uploads\/BLANK-640x471.jpg 640w, https:\/\/ugwp.cfolks.pl\/bwb\/wp-content\/uploads\/BLANK-300x221.jpg 300w, https:\/\/ugwp.cfolks.pl\/bwb\/wp-content\/uploads\/BLANK-1024x754.jpg 1024w, https:\/\/ugwp.cfolks.pl\/bwb\/wp-content\/uploads\/BLANK-150x110.jpg 150w, https:\/\/ugwp.cfolks.pl\/bwb\/wp-content\/uploads\/BLANK-768x566.jpg 768w, https:\/\/ugwp.cfolks.pl\/bwb\/wp-content\/uploads\/BLANK.jpg 1100w\" sizes=\"(max-width: 640px) 100vw, 640px\" \/><\/p>\n<h2>Sto\u017cek \u2013 SK<\/h2>\n<p><\/a><\/div>\n<\/p><\/div>\n","protected":false},"excerpt":{"rendered":"<p>Z\u0142\u0105czka do rurek dystansowych \u2013 KU Uszczelka \u2013 KA Korek plastikowy \u2013 KSB Korek betonowy po sto\u017cku SK Korek betonowy 22\/20 Korek \u017cebrowany &#8211; RST D Korek \u017cebrowany \u2013 RST Korek \u2013 STX Korek \u2013 STF Korek \u2013 EST Korek \u2013 ST Korek gumowy \u2013 DS Sto\u017cek \u017cebrowany \u2013 RK D Sto\u017cek \u017cebrowany \u2013 RK [&hellip;]<\/p>\n","protected":false},"author":1,"featured_media":0,"parent":2654,"menu_order":0,"comment_status":"closed","ping_status":"closed","template":"page-kategoria-produktow.php","meta":{"_acf_changed":false,"footnotes":""},"class_list":["post-2659","page","type-page","status-publish","hentry"],"acf":[],"yoast_head":"<!-- This site is optimized with the Yoast SEO plugin v27.3 - https:\/\/yoast.com\/product\/yoast-seo-wordpress\/ -->\n<title>Sto\u017cki i Korki Do Zamykania i Wype\u0142niania Innowacyjne Produkty<\/title>\n<meta name=\"description\" content=\"Szalunkowe Sto\u017cki z Uszczelk\u0105 Gwintem Przegrod\u0105 Wodn\u0105 No\u015bne Korki Gumowe \u017bebrowane Betonowe Po Sto\u017cku Plastikowe Uszczelki Z\u0142\u0105czki Do Rurek Dystansowych\" \/>\n<meta name=\"robots\" content=\"noindex, follow, max-snippet:-1, max-image-preview:large, max-video-preview:-1\" \/>\n<meta property=\"og:locale\" content=\"pl_PL\" \/>\n<meta property=\"og:type\" content=\"article\" \/>\n<meta property=\"og:title\" content=\"Sto\u017cki i Korki Do Zamykania i Wype\u0142niania Innowacyjne Produkty\" \/>\n<meta property=\"og:description\" content=\"Szalunkowe Sto\u017cki z Uszczelk\u0105 Gwintem Przegrod\u0105 Wodn\u0105 No\u015bne Korki Gumowe \u017bebrowane Betonowe Po Sto\u017cku Plastikowe Uszczelki Z\u0142\u0105czki Do Rurek Dystansowych\" \/>\n<meta property=\"og:url\" content=\"https:\/\/ugwp.cfolks.pl\/bwb\/akcesoria-szalunkowe\/stozki-i-korki\/\" \/>\n<meta property=\"og:site_name\" content=\"BWB technology\" \/>\n<meta property=\"article:modified_time\" content=\"2024-09-06T16:10:42+00:00\" \/>\n<meta property=\"og:image\" content=\"https:\/\/ugwp.cfolks.pl\/bwb\/wp-content\/uploads\/Zlaczka-do-rurek-dystansowych-%E2%80%93-KU-1.jpg\" \/>\n<meta name=\"twitter:card\" content=\"summary_large_image\" \/>\n<meta name=\"twitter:label1\" content=\"Szacowany czas czytania\" \/>\n\t<meta name=\"twitter:data1\" content=\"5 minut\" \/>\n<script type=\"application\/ld+json\" class=\"yoast-schema-graph\">{\"@context\":\"https:\\\/\\\/schema.org\",\"@graph\":[{\"@type\":\"WebPage\",\"@id\":\"https:\\\/\\\/ugwp.cfolks.pl\\\/bwb\\\/akcesoria-szalunkowe\\\/stozki-i-korki\\\/\",\"url\":\"https:\\\/\\\/ugwp.cfolks.pl\\\/bwb\\\/akcesoria-szalunkowe\\\/stozki-i-korki\\\/\",\"name\":\"Sto\u017cki i Korki Do Zamykania i Wype\u0142niania Innowacyjne Produkty\",\"isPartOf\":{\"@id\":\"https:\\\/\\\/ugwp.cfolks.pl\\\/bwb\\\/#website\"},\"primaryImageOfPage\":{\"@id\":\"https:\\\/\\\/ugwp.cfolks.pl\\\/bwb\\\/akcesoria-szalunkowe\\\/stozki-i-korki\\\/#primaryimage\"},\"image\":{\"@id\":\"https:\\\/\\\/ugwp.cfolks.pl\\\/bwb\\\/akcesoria-szalunkowe\\\/stozki-i-korki\\\/#primaryimage\"},\"thumbnailUrl\":\"https:\\\/\\\/ugwp.cfolks.pl\\\/bwb\\\/wp-content\\\/uploads\\\/Zlaczka-do-rurek-dystansowych-%E2%80%93-KU-1.jpg\",\"datePublished\":\"2022-11-28T18:05:50+00:00\",\"dateModified\":\"2024-09-06T16:10:42+00:00\",\"description\":\"Szalunkowe Sto\u017cki z Uszczelk\u0105 Gwintem Przegrod\u0105 Wodn\u0105 No\u015bne Korki Gumowe \u017bebrowane Betonowe Po Sto\u017cku Plastikowe Uszczelki Z\u0142\u0105czki Do Rurek Dystansowych\",\"breadcrumb\":{\"@id\":\"https:\\\/\\\/ugwp.cfolks.pl\\\/bwb\\\/akcesoria-szalunkowe\\\/stozki-i-korki\\\/#breadcrumb\"},\"inLanguage\":\"pl-PL\",\"potentialAction\":[{\"@type\":\"ReadAction\",\"target\":[\"https:\\\/\\\/ugwp.cfolks.pl\\\/bwb\\\/akcesoria-szalunkowe\\\/stozki-i-korki\\\/\"]}]},{\"@type\":\"ImageObject\",\"inLanguage\":\"pl-PL\",\"@id\":\"https:\\\/\\\/ugwp.cfolks.pl\\\/bwb\\\/akcesoria-szalunkowe\\\/stozki-i-korki\\\/#primaryimage\",\"url\":\"https:\\\/\\\/ugwp.cfolks.pl\\\/bwb\\\/wp-content\\\/uploads\\\/Zlaczka-do-rurek-dystansowych-%E2%80%93-KU-1.jpg\",\"contentUrl\":\"https:\\\/\\\/ugwp.cfolks.pl\\\/bwb\\\/wp-content\\\/uploads\\\/Zlaczka-do-rurek-dystansowych-%E2%80%93-KU-1.jpg\"},{\"@type\":\"BreadcrumbList\",\"@id\":\"https:\\\/\\\/ugwp.cfolks.pl\\\/bwb\\\/akcesoria-szalunkowe\\\/stozki-i-korki\\\/#breadcrumb\",\"itemListElement\":[{\"@type\":\"ListItem\",\"position\":1,\"name\":\"Strona g\u0142\u00f3wna\",\"item\":\"https:\\\/\\\/ugwp.cfolks.pl\\\/bwb\\\/\"},{\"@type\":\"ListItem\",\"position\":2,\"name\":\"Akcesoria Szalunkowe\",\"item\":\"https:\\\/\\\/ugwp.cfolks.pl\\\/bwb\\\/akcesoria-szalunkowe\\\/\"},{\"@type\":\"ListItem\",\"position\":3,\"name\":\"Sto\u017cki i Korki\"}]},{\"@type\":\"WebSite\",\"@id\":\"https:\\\/\\\/ugwp.cfolks.pl\\\/bwb\\\/#website\",\"url\":\"https:\\\/\\\/ugwp.cfolks.pl\\\/bwb\\\/\",\"name\":\"BWB technology\",\"description\":\"Kolejna witryna oparta na WordPressie\",\"potentialAction\":[{\"@type\":\"SearchAction\",\"target\":{\"@type\":\"EntryPoint\",\"urlTemplate\":\"https:\\\/\\\/ugwp.cfolks.pl\\\/bwb\\\/?s={search_term_string}\"},\"query-input\":{\"@type\":\"PropertyValueSpecification\",\"valueRequired\":true,\"valueName\":\"search_term_string\"}}],\"inLanguage\":\"pl-PL\"}]}<\/script>\n<!-- \/ Yoast SEO plugin. -->","yoast_head_json":{"title":"Sto\u017cki i Korki Do Zamykania i Wype\u0142niania Innowacyjne Produkty","description":"Szalunkowe Sto\u017cki z Uszczelk\u0105 Gwintem Przegrod\u0105 Wodn\u0105 No\u015bne Korki Gumowe \u017bebrowane Betonowe Po Sto\u017cku Plastikowe Uszczelki Z\u0142\u0105czki Do Rurek Dystansowych","robots":{"index":"noindex","follow":"follow","max-snippet":"max-snippet:-1","max-image-preview":"max-image-preview:large","max-video-preview":"max-video-preview:-1"},"og_locale":"pl_PL","og_type":"article","og_title":"Sto\u017cki i Korki Do Zamykania i Wype\u0142niania Innowacyjne Produkty","og_description":"Szalunkowe Sto\u017cki z Uszczelk\u0105 Gwintem Przegrod\u0105 Wodn\u0105 No\u015bne Korki Gumowe \u017bebrowane Betonowe Po Sto\u017cku Plastikowe Uszczelki Z\u0142\u0105czki Do Rurek Dystansowych","og_url":"https:\/\/ugwp.cfolks.pl\/bwb\/akcesoria-szalunkowe\/stozki-i-korki\/","og_site_name":"BWB technology","article_modified_time":"2024-09-06T16:10:42+00:00","og_image":[{"url":"https:\/\/ugwp.cfolks.pl\/bwb\/wp-content\/uploads\/Zlaczka-do-rurek-dystansowych-%E2%80%93-KU-1.jpg","type":"","width":"","height":""}],"twitter_card":"summary_large_image","twitter_misc":{"Szacowany czas czytania":"5 minut"},"schema":{"@context":"https:\/\/schema.org","@graph":[{"@type":"WebPage","@id":"https:\/\/ugwp.cfolks.pl\/bwb\/akcesoria-szalunkowe\/stozki-i-korki\/","url":"https:\/\/ugwp.cfolks.pl\/bwb\/akcesoria-szalunkowe\/stozki-i-korki\/","name":"Sto\u017cki i Korki Do Zamykania i Wype\u0142niania Innowacyjne Produkty","isPartOf":{"@id":"https:\/\/ugwp.cfolks.pl\/bwb\/#website"},"primaryImageOfPage":{"@id":"https:\/\/ugwp.cfolks.pl\/bwb\/akcesoria-szalunkowe\/stozki-i-korki\/#primaryimage"},"image":{"@id":"https:\/\/ugwp.cfolks.pl\/bwb\/akcesoria-szalunkowe\/stozki-i-korki\/#primaryimage"},"thumbnailUrl":"https:\/\/ugwp.cfolks.pl\/bwb\/wp-content\/uploads\/Zlaczka-do-rurek-dystansowych-%E2%80%93-KU-1.jpg","datePublished":"2022-11-28T18:05:50+00:00","dateModified":"2024-09-06T16:10:42+00:00","description":"Szalunkowe Sto\u017cki z Uszczelk\u0105 Gwintem Przegrod\u0105 Wodn\u0105 No\u015bne Korki Gumowe \u017bebrowane Betonowe Po Sto\u017cku Plastikowe Uszczelki Z\u0142\u0105czki Do Rurek Dystansowych","breadcrumb":{"@id":"https:\/\/ugwp.cfolks.pl\/bwb\/akcesoria-szalunkowe\/stozki-i-korki\/#breadcrumb"},"inLanguage":"pl-PL","potentialAction":[{"@type":"ReadAction","target":["https:\/\/ugwp.cfolks.pl\/bwb\/akcesoria-szalunkowe\/stozki-i-korki\/"]}]},{"@type":"ImageObject","inLanguage":"pl-PL","@id":"https:\/\/ugwp.cfolks.pl\/bwb\/akcesoria-szalunkowe\/stozki-i-korki\/#primaryimage","url":"https:\/\/ugwp.cfolks.pl\/bwb\/wp-content\/uploads\/Zlaczka-do-rurek-dystansowych-%E2%80%93-KU-1.jpg","contentUrl":"https:\/\/ugwp.cfolks.pl\/bwb\/wp-content\/uploads\/Zlaczka-do-rurek-dystansowych-%E2%80%93-KU-1.jpg"},{"@type":"BreadcrumbList","@id":"https:\/\/ugwp.cfolks.pl\/bwb\/akcesoria-szalunkowe\/stozki-i-korki\/#breadcrumb","itemListElement":[{"@type":"ListItem","position":1,"name":"Strona g\u0142\u00f3wna","item":"https:\/\/ugwp.cfolks.pl\/bwb\/"},{"@type":"ListItem","position":2,"name":"Akcesoria Szalunkowe","item":"https:\/\/ugwp.cfolks.pl\/bwb\/akcesoria-szalunkowe\/"},{"@type":"ListItem","position":3,"name":"Sto\u017cki i Korki"}]},{"@type":"WebSite","@id":"https:\/\/ugwp.cfolks.pl\/bwb\/#website","url":"https:\/\/ugwp.cfolks.pl\/bwb\/","name":"BWB technology","description":"Kolejna witryna oparta na WordPressie","potentialAction":[{"@type":"SearchAction","target":{"@type":"EntryPoint","urlTemplate":"https:\/\/ugwp.cfolks.pl\/bwb\/?s={search_term_string}"},"query-input":{"@type":"PropertyValueSpecification","valueRequired":true,"valueName":"search_term_string"}}],"inLanguage":"pl-PL"}]}},"_links":{"self":[{"href":"https:\/\/ugwp.cfolks.pl\/bwb\/wp-json\/wp\/v2\/pages\/2659","targetHints":{"allow":["GET"]}}],"collection":[{"href":"https:\/\/ugwp.cfolks.pl\/bwb\/wp-json\/wp\/v2\/pages"}],"about":[{"href":"https:\/\/ugwp.cfolks.pl\/bwb\/wp-json\/wp\/v2\/types\/page"}],"author":[{"embeddable":true,"href":"https:\/\/ugwp.cfolks.pl\/bwb\/wp-json\/wp\/v2\/users\/1"}],"replies":[{"embeddable":true,"href":"https:\/\/ugwp.cfolks.pl\/bwb\/wp-json\/wp\/v2\/comments?post=2659"}],"version-history":[{"count":20,"href":"https:\/\/ugwp.cfolks.pl\/bwb\/wp-json\/wp\/v2\/pages\/2659\/revisions"}],"predecessor-version":[{"id":6596,"href":"https:\/\/ugwp.cfolks.pl\/bwb\/wp-json\/wp\/v2\/pages\/2659\/revisions\/6596"}],"up":[{"embeddable":true,"href":"https:\/\/ugwp.cfolks.pl\/bwb\/wp-json\/wp\/v2\/pages\/2654"}],"wp:attachment":[{"href":"https:\/\/ugwp.cfolks.pl\/bwb\/wp-json\/wp\/v2\/media?parent=2659"}],"curies":[{"name":"wp","href":"https:\/\/api.w.org\/{rel}","templated":true}]}}