{"id":2654,"date":"2022-11-28T19:04:38","date_gmt":"2022-11-28T18:04:38","guid":{"rendered":"https:\/\/ugwp.cfolks.pl\/bwb\/?page_id=2654"},"modified":"2023-11-27T03:01:25","modified_gmt":"2023-11-27T02:01:25","slug":"akcesoria-szalunkowe","status":"publish","type":"page","link":"https:\/\/ugwp.cfolks.pl\/bwb\/akcesoria-szalunkowe\/","title":{"rendered":"Akcesoria Szalunkowe"},"content":{"rendered":"<div class=\"col-12\"><a href=\"https:\/\/ugwp.cfolks.pl\/bwb\/akcesoria-szalunkowe\/rurki-dystansowe\/\"><\/p>\n<h2>Rurki dystansowe<\/h2>\n<p><\/a><\/div>\n<div class=\"col-12 col-lg-6\"><a href=\"https:\/\/ugwp.cfolks.pl\/bwb\/akcesoria-szalunkowe\/rurki-dystansowe\/\"><img decoding=\"async\" src=\"https:\/\/ugwp.cfolks.pl\/bwb\/wp-content\/uploads\/10-1.jpg\" alt=\"Rurki Dystansowe\" width=\"100%\" height=\"auto\" \/><\/a><\/div>\n<div class=\"col-12 col-lg-6\">\n<p class=\"wstep\">Rurki dystansowe s\u0105 elementami traconymi i maj\u0105 za zadanie os\u0142oni\u0119cie odzyskiwanych \u015bci\u0105g\u00f3w w trakcie betonowania pionowych element\u00f3w konstrukcyjnych. Drugim wa\u017cnym celem zastosowania rurek jest zapewnienie uzyskania \u017c\u0105danej grubo\u015bci \u015bciany betonowej.<\/p>\n<p>Rurki dystansowe wykonane s\u0105 z tworzywa sztucznego o g\u0142adkiej lub chropowatej powierzchni, a tak\u017ce z betonu zbrojonego w\u0142\u00f3knem. Wyst\u0119puj\u0105 we wszystkich wymiarach \u015bci\u0105g\u00f3w szalunkowych.<\/p>\n<p>Rurki stosuje si\u0119 w zestawie z innymi akcesoriami szalunkowymi, dzi\u0119ki czemu mo\u017cna je dopasowa\u0107 do ka\u017cdej grubo\u015bci \u015bciany, a tak\u017ce uzyska\u0107 rozwi\u0105zania spe\u0142niaj\u0105ce wymagania wzgl\u0119dem wodoszczelno\u015bci, ognioodporno\u015bci, d\u017awi\u0119koszczelno\u015bci czy nawet gazoszczelno\u015bci.<\/p>\n<p>Wyst\u0119puj\u0105 r\u00f3wnie\u017c gotowe elementy dystansowe wraz z zintegrowanymi ko\u0144c\u00f3wkami wodoszczelnymi pozwalaj\u0105cymi uzyska\u0107 szczelno\u015b\u0107 przej\u015b\u0107 po \u015bci\u0105gach do 5 bar\u00f3w ci\u015bnienia s\u0142upa wody.<\/p>\n<p><a class=\"zobacz-wiecej\" href=\"https:\/\/ugwp.cfolks.pl\/bwb\/akcesoria-szalunkowe\/rurki-dystansowe\/\"><i class=\"fa-sharp fa-solid fa-angle-right\"><\/i> ZOBACZ WI\u0118CEJ<\/a>\n<\/div>\n<div class=\"col-12\"><a href=\"https:\/\/ugwp.cfolks.pl\/bwb\/akcesoria-szalunkowe\/stozki-i-korki\/\"><\/p>\n<h2>Sto\u017cki i korki<\/h2>\n<p><\/a><\/div>\n<div class=\"col-12 col-lg-6\">\n<p class=\"wstep\">Sto\u017cki i korki stanowi\u0105 drug\u0105 grup\u0119 akcesori\u00f3w szalunkowych, kt\u00f3re \u015bci\u015ble wsp\u00f3\u0142pracuj\u0105 z rurkami dystansowymi. Zadaniem tych produkt\u00f3w jest zamykanie i wype\u0142nianie wszelkiego rodzaju otwor\u00f3w po \u015bci\u0105gach, kt\u00f3re w trakcie betonowania by\u0142y os\u0142oni\u0119te przez rurki dystansowe.<\/p>\n<p>Dzi\u0119ki zastosowaniu odpowiednich element\u00f3w mo\u017cna uzyska\u0107 zamkni\u0119cie otwor\u00f3w w \u015bcianie spe\u0142niaj\u0105ce wymagania pod wzgl\u0119dem wodoszczelno\u015bci, ognioodporno\u015bci, d\u017awi\u0119koszczelno\u015bci czy nawet gazoszczelno\u015bci.<\/p>\n<p>Wszystkie elementy s\u0105 proste w monta\u017cu i nie wymagaj\u0105 stosowania specjalistycznych narz\u0119dzi czy sprz\u0119tu.<\/p>\n<p>Wi\u0119kszo\u015b\u0107 element\u00f3w jest elementami traconymi i pozostaj\u0105 na sta\u0142e w betonie.<\/p>\n<p>Elementy te produkowane s\u0105 z tworzywa sztucznego lub z betonu zbrojonego mikro w\u0142\u00f3knem. <\/p>\n<p><a class=\"zobacz-wiecej\" href=\"https:\/\/ugwp.cfolks.pl\/bwb\/akcesoria-szalunkowe\/stozki-i-korki\/\"><i class=\"fa-sharp fa-solid fa-angle-right\"><\/i> ZOBACZ WI\u0118CEJ<\/a><\/div>\n<div class=\"col-12 col-lg-6\"><a href=\"https:\/\/ugwp.cfolks.pl\/bwb\/akcesoria-szalunkowe\/stozki-i-korki\/\"><img decoding=\"async\" src=\"https:\/\/ugwp.cfolks.pl\/bwb\/wp-content\/uploads\/10-2.jpg\" alt=\"Sto\u017cki i korki\" width=\"100%\" height=\"auto\" \/><\/a><\/div>\n<div class=\"col-12\"><a href=\"https:\/\/ugwp.cfolks.pl\/bwb\/akcesoria-szalunkowe\/listwy-fazujace\/\"><\/p>\n<h2>Listwy fazuj\u0105ce<\/h2>\n<p><\/a><\/div>\n<div class=\"col-12 col-lg-6\"><a href=\"https:\/\/ugwp.cfolks.pl\/bwb\/akcesoria-szalunkowe\/listwy-fazujace\/\"><img decoding=\"async\" src=\"https:\/\/ugwp.cfolks.pl\/bwb\/wp-content\/uploads\/10-3.jpg\" alt=\"Listwy fazuj\u0105ce\" width=\"100%\" height=\"auto\" \/><\/a><\/div>\n<div class=\"col-12 col-lg-6\">\n<p class=\"wstep\">Listwy fazuj\u0105ce kraw\u0119dzie element\u00f3w betonowych wykonane s\u0105 z odpornego na udarno\u015b\u0107 tworzywa sztucznego. Dzi\u0119ki sfazowanym kraw\u0119dziom elementy betonowe staj\u0105 si\u0119 bardziej zabezpieczone przed uszkodzeniami w trakcie rob\u00f3t jak r\u00f3wnie\u017c w trakcie u\u017cytkowania obiektu.<\/p>\n<p>Najcz\u0119\u015bciej listwy fazuj\u0105ce znajduj\u0105 zastosowanie w trakcie wykonywania s\u0142up\u00f3w pionowych o przekroju czworok\u0105tnym jak r\u00f3wnie\u017c w podci\u0105gach \u017celbetowych.<\/p>\n<p>Wykorzystywane s\u0105 r\u00f3wnie\u017c do dekoracji w elementach prefabrykowanych z betonu architektonicznego.<\/p>\n<p>Listwy posiadaj\u0105 otwory na gwo\u017adzie do mocowania do szalunku.<\/p>\n<p><a class=\"zobacz-wiecej\" href=\"https:\/\/ugwp.cfolks.pl\/bwb\/akcesoria-szalunkowe\/listwy-fazujace\/\"><i class=\"fa-sharp fa-solid fa-angle-right\"><\/i> ZOBACZ WI\u0118CEJ<\/a>\n<\/div>\n<div class=\"col-12\"><a href=\"https:\/\/ugwp.cfolks.pl\/bwb\/akcesoria-szalunkowe\/centry-i-listwy-pozycjonujace\/\"><\/p>\n<h2>Centry i listwy pozycjonuj\u0105ce<\/h2>\n<p><\/a><\/div>\n<div class=\"col-12 col-lg-6\">\n<p class=\"wstep\">Elementy te s\u0105 niezb\u0119dne do szybkiego ustalenia pozycji p\u0142yt szalunkowych na p\u0142ycie betonowej znajduj\u0105cej si\u0119 poni\u017cej. Dzi\u0119ki elementom punktowym unikamy podsi\u0105kania wody przez \u015bcian\u0119.<\/p>\n<p>Centry punktowe posiadaj\u0105 otwory na gwo\u017adzie do przybijania, dzi\u0119ki czemu po zamontowaniu s\u0105 stabilne i nie zmieniaj\u0105 po\u0142o\u017cenia szalunk\u00f3w.<\/p>\n<p>Listwy pozycjonuj\u0105ce pozwalaj\u0105 na ustawienie na odpowiedni\u0105 szeroko\u015b\u0107 p\u0142yt szalunkowych i zdystansowanie ich przy powierzchni p\u0142yty betonowej. Listwy mocowane s\u0105 gwo\u017adziami do pod\u0142o\u017ca poprzez otwory rozmieszczone co 10 cm.<\/p>\n<p><a class=\"zobacz-wiecej\" href=\"https:\/\/ugwp.cfolks.pl\/bwb\/akcesoria-szalunkowe\/centry-i-listwy-pozycjonujace\/\"><i class=\"fa-sharp fa-solid fa-angle-right\"><\/i> ZOBACZ WI\u0118CEJ<\/a>\n<\/div>\n<div class=\"col-12 col-lg-6\"><a href=\"https:\/\/ugwp.cfolks.pl\/bwb\/akcesoria-szalunkowe\/centry-i-listwy-pozycjonujace\/\"><img decoding=\"async\" src=\"https:\/\/ugwp.cfolks.pl\/bwb\/wp-content\/uploads\/10-4.jpg\" alt=\"Centry i listwy pozycjonuj\u0105ce\" width=\"100%\" height=\"auto\" \/><\/a><\/div>\n<div class=\"col-12\"><a href=\"https:\/\/ugwp.cfolks.pl\/bwb\/akcesoria-szalunkowe\/akcesoria-pomocnicze\/\"><\/p>\n<h2>Akcesoria pomocnicze<\/h2>\n<p><\/a><\/div>\n<div class=\"col-12 col-lg-6\"><a href=\"https:\/\/ugwp.cfolks.pl\/bwb\/akcesoria-szalunkowe\/akcesoria-pomocnicze\/\"><img decoding=\"async\" src=\"https:\/\/ugwp.cfolks.pl\/bwb\/wp-content\/uploads\/10-5.jpg\" alt=\"Akcesoria pomocnicze\" width=\"100%\" height=\"auto\" \/><\/a><\/div>\n<div class=\"col-12 col-lg-6\">\n<p class=\"wstep\">Opr\u00f3cz podstawowych akcesori\u00f3w szalunkowych, kt\u00f3re wykorzystywane s\u0105 prawie na ka\u017cdej budowie, w ofercie znajduje si\u0119 wiele innych produkt\u00f3w, kt\u00f3re mog\u0105 niejednokrotnie pom\u00f3c rozwi\u0105za\u0107 nietypowe sytuacje zwi\u0105zane z monta\u017cem szalunk\u00f3w systemowych lub potrzebom zamocowania innych element\u00f3w na powierzchni p\u0142yty szalunkowej.<\/p>\n<p>Stosuj\u0105c nasze akcesoria szalunkowe oferujemy Pa\u0144stwu szereg drobnych narz\u0119dzi pomocniczych, kt\u00f3re u\u0142atwiaj\u0105 monta\u017c i przyspieszaj\u0105 prace, obni\u017caj\u0105c koszty robocizny.<\/p>\n<p>Gdy zachodzi potrzeba zakotwienia jednostronnego element\u00f3w transportowych lub innego wyposa\u017cenia, czy tez \u015bci\u0105g\u00f3w szalunkowych, mo\u017cna do tego celu wykorzysta\u0107 jeden z wielu element\u00f3w monta\u017cowych, jakie znajduj\u0105 si\u0119 w naszej ofercie.<\/p>\n<p><a class=\"zobacz-wiecej\" href=\"https:\/\/ugwp.cfolks.pl\/bwb\/akcesoria-szalunkowe\/akcesoria-pomocnicze\/\"><i class=\"fa-sharp fa-solid fa-angle-right\"><\/i> ZOBACZ WI\u0118CEJ<\/a>\n<\/div>\n","protected":false},"excerpt":{"rendered":"<p>Rurki dystansowe Rurki dystansowe s\u0105 elementami traconymi i maj\u0105 za zadanie os\u0142oni\u0119cie odzyskiwanych \u015bci\u0105g\u00f3w w trakcie betonowania pionowych element\u00f3w konstrukcyjnych. Drugim wa\u017cnym celem zastosowania rurek jest zapewnienie uzyskania \u017c\u0105danej grubo\u015bci \u015bciany betonowej. Rurki dystansowe wykonane s\u0105 z tworzywa sztucznego o g\u0142adkiej lub chropowatej powierzchni, a tak\u017ce z betonu zbrojonego w\u0142\u00f3knem. Wyst\u0119puj\u0105 we wszystkich wymiarach \u015bci\u0105g\u00f3w [&hellip;]<\/p>\n","protected":false},"author":1,"featured_media":0,"parent":0,"menu_order":0,"comment_status":"closed","ping_status":"closed","template":"page-kategoria.php","meta":{"_acf_changed":false,"footnotes":""},"class_list":["post-2654","page","type-page","status-publish","hentry"],"acf":[],"yoast_head":"<!-- This site is optimized with the Yoast SEO plugin v27.3 - https:\/\/yoast.com\/product\/yoast-seo-wordpress\/ -->\n<title>Akcesoria Szalunkowe do Betonu - BWB technology<\/title>\n<meta name=\"description\" content=\"Rurki Dystansowe Sto\u017cki Korki Listwy Fazuj\u0105ce Ochronne Pozycjonuj\u0105ce Centry Akcesoria Pomocnicze Os\u0142onki \u0141\u0105czniki Klucze Kleje Tuleje Ko\u0142ki Gwo\u017adzie\" \/>\n<meta name=\"robots\" content=\"noindex, follow, max-snippet:-1, max-image-preview:large, max-video-preview:-1\" \/>\n<meta property=\"og:locale\" content=\"pl_PL\" \/>\n<meta property=\"og:type\" content=\"article\" \/>\n<meta property=\"og:title\" content=\"Akcesoria Szalunkowe do Betonu - BWB technology\" \/>\n<meta property=\"og:description\" content=\"Rurki Dystansowe Sto\u017cki Korki Listwy Fazuj\u0105ce Ochronne Pozycjonuj\u0105ce Centry Akcesoria Pomocnicze Os\u0142onki \u0141\u0105czniki Klucze Kleje Tuleje Ko\u0142ki Gwo\u017adzie\" \/>\n<meta property=\"og:url\" content=\"https:\/\/ugwp.cfolks.pl\/bwb\/akcesoria-szalunkowe\/\" \/>\n<meta property=\"og:site_name\" content=\"BWB technology\" \/>\n<meta property=\"article:modified_time\" content=\"2023-11-27T02:01:25+00:00\" \/>\n<meta property=\"og:image\" content=\"https:\/\/ugwp.cfolks.pl\/bwb\/wp-content\/uploads\/10-1.jpg\" \/>\n<meta name=\"twitter:card\" content=\"summary_large_image\" \/>\n<meta name=\"twitter:label1\" content=\"Szacowany czas czytania\" \/>\n\t<meta name=\"twitter:data1\" content=\"4 minuty\" \/>\n<script type=\"application\/ld+json\" class=\"yoast-schema-graph\">{\"@context\":\"https:\\\/\\\/schema.org\",\"@graph\":[{\"@type\":\"WebPage\",\"@id\":\"https:\\\/\\\/ugwp.cfolks.pl\\\/bwb\\\/akcesoria-szalunkowe\\\/\",\"url\":\"https:\\\/\\\/ugwp.cfolks.pl\\\/bwb\\\/akcesoria-szalunkowe\\\/\",\"name\":\"Akcesoria Szalunkowe do Betonu - BWB technology\",\"isPartOf\":{\"@id\":\"https:\\\/\\\/ugwp.cfolks.pl\\\/bwb\\\/#website\"},\"primaryImageOfPage\":{\"@id\":\"https:\\\/\\\/ugwp.cfolks.pl\\\/bwb\\\/akcesoria-szalunkowe\\\/#primaryimage\"},\"image\":{\"@id\":\"https:\\\/\\\/ugwp.cfolks.pl\\\/bwb\\\/akcesoria-szalunkowe\\\/#primaryimage\"},\"thumbnailUrl\":\"https:\\\/\\\/ugwp.cfolks.pl\\\/bwb\\\/wp-content\\\/uploads\\\/10-1.jpg\",\"datePublished\":\"2022-11-28T18:04:38+00:00\",\"dateModified\":\"2023-11-27T02:01:25+00:00\",\"description\":\"Rurki Dystansowe Sto\u017cki Korki Listwy Fazuj\u0105ce Ochronne Pozycjonuj\u0105ce Centry Akcesoria Pomocnicze Os\u0142onki \u0141\u0105czniki Klucze Kleje Tuleje Ko\u0142ki Gwo\u017adzie\",\"breadcrumb\":{\"@id\":\"https:\\\/\\\/ugwp.cfolks.pl\\\/bwb\\\/akcesoria-szalunkowe\\\/#breadcrumb\"},\"inLanguage\":\"pl-PL\",\"potentialAction\":[{\"@type\":\"ReadAction\",\"target\":[\"https:\\\/\\\/ugwp.cfolks.pl\\\/bwb\\\/akcesoria-szalunkowe\\\/\"]}]},{\"@type\":\"ImageObject\",\"inLanguage\":\"pl-PL\",\"@id\":\"https:\\\/\\\/ugwp.cfolks.pl\\\/bwb\\\/akcesoria-szalunkowe\\\/#primaryimage\",\"url\":\"https:\\\/\\\/ugwp.cfolks.pl\\\/bwb\\\/wp-content\\\/uploads\\\/10-1.jpg\",\"contentUrl\":\"https:\\\/\\\/ugwp.cfolks.pl\\\/bwb\\\/wp-content\\\/uploads\\\/10-1.jpg\",\"width\":1100,\"height\":600},{\"@type\":\"BreadcrumbList\",\"@id\":\"https:\\\/\\\/ugwp.cfolks.pl\\\/bwb\\\/akcesoria-szalunkowe\\\/#breadcrumb\",\"itemListElement\":[{\"@type\":\"ListItem\",\"position\":1,\"name\":\"Strona g\u0142\u00f3wna\",\"item\":\"https:\\\/\\\/ugwp.cfolks.pl\\\/bwb\\\/\"},{\"@type\":\"ListItem\",\"position\":2,\"name\":\"Akcesoria Szalunkowe\"}]},{\"@type\":\"WebSite\",\"@id\":\"https:\\\/\\\/ugwp.cfolks.pl\\\/bwb\\\/#website\",\"url\":\"https:\\\/\\\/ugwp.cfolks.pl\\\/bwb\\\/\",\"name\":\"BWB technology\",\"description\":\"Kolejna witryna oparta na WordPressie\",\"potentialAction\":[{\"@type\":\"SearchAction\",\"target\":{\"@type\":\"EntryPoint\",\"urlTemplate\":\"https:\\\/\\\/ugwp.cfolks.pl\\\/bwb\\\/?s={search_term_string}\"},\"query-input\":{\"@type\":\"PropertyValueSpecification\",\"valueRequired\":true,\"valueName\":\"search_term_string\"}}],\"inLanguage\":\"pl-PL\"}]}<\/script>\n<!-- \/ Yoast SEO plugin. -->","yoast_head_json":{"title":"Akcesoria Szalunkowe do Betonu - BWB technology","description":"Rurki Dystansowe Sto\u017cki Korki Listwy Fazuj\u0105ce Ochronne Pozycjonuj\u0105ce Centry Akcesoria Pomocnicze Os\u0142onki \u0141\u0105czniki Klucze Kleje Tuleje Ko\u0142ki Gwo\u017adzie","robots":{"index":"noindex","follow":"follow","max-snippet":"max-snippet:-1","max-image-preview":"max-image-preview:large","max-video-preview":"max-video-preview:-1"},"og_locale":"pl_PL","og_type":"article","og_title":"Akcesoria Szalunkowe do Betonu - BWB technology","og_description":"Rurki Dystansowe Sto\u017cki Korki Listwy Fazuj\u0105ce Ochronne Pozycjonuj\u0105ce Centry Akcesoria Pomocnicze Os\u0142onki \u0141\u0105czniki Klucze Kleje Tuleje Ko\u0142ki Gwo\u017adzie","og_url":"https:\/\/ugwp.cfolks.pl\/bwb\/akcesoria-szalunkowe\/","og_site_name":"BWB technology","article_modified_time":"2023-11-27T02:01:25+00:00","og_image":[{"url":"https:\/\/ugwp.cfolks.pl\/bwb\/wp-content\/uploads\/10-1.jpg","type":"","width":"","height":""}],"twitter_card":"summary_large_image","twitter_misc":{"Szacowany czas czytania":"4 minuty"},"schema":{"@context":"https:\/\/schema.org","@graph":[{"@type":"WebPage","@id":"https:\/\/ugwp.cfolks.pl\/bwb\/akcesoria-szalunkowe\/","url":"https:\/\/ugwp.cfolks.pl\/bwb\/akcesoria-szalunkowe\/","name":"Akcesoria Szalunkowe do Betonu - BWB technology","isPartOf":{"@id":"https:\/\/ugwp.cfolks.pl\/bwb\/#website"},"primaryImageOfPage":{"@id":"https:\/\/ugwp.cfolks.pl\/bwb\/akcesoria-szalunkowe\/#primaryimage"},"image":{"@id":"https:\/\/ugwp.cfolks.pl\/bwb\/akcesoria-szalunkowe\/#primaryimage"},"thumbnailUrl":"https:\/\/ugwp.cfolks.pl\/bwb\/wp-content\/uploads\/10-1.jpg","datePublished":"2022-11-28T18:04:38+00:00","dateModified":"2023-11-27T02:01:25+00:00","description":"Rurki Dystansowe Sto\u017cki Korki Listwy Fazuj\u0105ce Ochronne Pozycjonuj\u0105ce Centry Akcesoria Pomocnicze Os\u0142onki \u0141\u0105czniki Klucze Kleje Tuleje Ko\u0142ki Gwo\u017adzie","breadcrumb":{"@id":"https:\/\/ugwp.cfolks.pl\/bwb\/akcesoria-szalunkowe\/#breadcrumb"},"inLanguage":"pl-PL","potentialAction":[{"@type":"ReadAction","target":["https:\/\/ugwp.cfolks.pl\/bwb\/akcesoria-szalunkowe\/"]}]},{"@type":"ImageObject","inLanguage":"pl-PL","@id":"https:\/\/ugwp.cfolks.pl\/bwb\/akcesoria-szalunkowe\/#primaryimage","url":"https:\/\/ugwp.cfolks.pl\/bwb\/wp-content\/uploads\/10-1.jpg","contentUrl":"https:\/\/ugwp.cfolks.pl\/bwb\/wp-content\/uploads\/10-1.jpg","width":1100,"height":600},{"@type":"BreadcrumbList","@id":"https:\/\/ugwp.cfolks.pl\/bwb\/akcesoria-szalunkowe\/#breadcrumb","itemListElement":[{"@type":"ListItem","position":1,"name":"Strona g\u0142\u00f3wna","item":"https:\/\/ugwp.cfolks.pl\/bwb\/"},{"@type":"ListItem","position":2,"name":"Akcesoria Szalunkowe"}]},{"@type":"WebSite","@id":"https:\/\/ugwp.cfolks.pl\/bwb\/#website","url":"https:\/\/ugwp.cfolks.pl\/bwb\/","name":"BWB technology","description":"Kolejna witryna oparta na WordPressie","potentialAction":[{"@type":"SearchAction","target":{"@type":"EntryPoint","urlTemplate":"https:\/\/ugwp.cfolks.pl\/bwb\/?s={search_term_string}"},"query-input":{"@type":"PropertyValueSpecification","valueRequired":true,"valueName":"search_term_string"}}],"inLanguage":"pl-PL"}]}},"_links":{"self":[{"href":"https:\/\/ugwp.cfolks.pl\/bwb\/wp-json\/wp\/v2\/pages\/2654","targetHints":{"allow":["GET"]}}],"collection":[{"href":"https:\/\/ugwp.cfolks.pl\/bwb\/wp-json\/wp\/v2\/pages"}],"about":[{"href":"https:\/\/ugwp.cfolks.pl\/bwb\/wp-json\/wp\/v2\/types\/page"}],"author":[{"embeddable":true,"href":"https:\/\/ugwp.cfolks.pl\/bwb\/wp-json\/wp\/v2\/users\/1"}],"replies":[{"embeddable":true,"href":"https:\/\/ugwp.cfolks.pl\/bwb\/wp-json\/wp\/v2\/comments?post=2654"}],"version-history":[{"count":0,"href":"https:\/\/ugwp.cfolks.pl\/bwb\/wp-json\/wp\/v2\/pages\/2654\/revisions"}],"wp:attachment":[{"href":"https:\/\/ugwp.cfolks.pl\/bwb\/wp-json\/wp\/v2\/media?parent=2654"}],"curies":[{"name":"wp","href":"https:\/\/api.w.org\/{rel}","templated":true}]}}